{"id":11693,"date":"2015-05-20T11:27:53","date_gmt":"2015-05-20T07:27:53","guid":{"rendered":"https:\/\/unec.edu.az\/dos-ehmedov-miraga-meherrem-oglu-2\/"},"modified":"2023-10-24T12:36:00","modified_gmt":"2023-10-24T08:36:00","slug":"dean-of-the-faculty-of-commerce-ahmadov-miragha-maharram","status":"publish","type":"page","link":"http:\/\/unec.edu.az\/en\/dean-of-the-faculty-of-commerce-ahmadov-miragha-maharram\/","title":{"rendered":"Dean of the Faculty of Commerce \u2013 Ahmadov Miragha Maharram, candidate of economic sciences and associate professor"},"content":{"rendered":"<h4><\/h4>\n<h4><span style=\"color: #800000;\"><a href=\"https:\/\/unec.edu.az\/application\/uploads\/2015\/02\/miraga666.jpg\"><img fetchpriority=\"high\" decoding=\"async\" class=\"alignleft wp-image-4632 \" src=\"https:\/\/unec.edu.az\/application\/uploads\/2015\/02\/miraga666.jpg\" alt=\"miraga666\" width=\"236\" height=\"231\" \/><\/a>Acting Dean of the Faculty of Business and Management \u2013 Can. of Econ., Assoc.Prof. Ahmadov Miragha Maharram<\/span><\/h4>\n<h4>\u00a0<span style=\"color: #333333;\"><em>e-mail: miraga.ahmadov@unec.edu.az<\/em><\/span><\/h4>\n<p style=\"text-align: justify;\">He was born in Aghdam region in 1969.<\/p>\n<p style=\"text-align: justify;\">In 1976-1986, he studied at the secondary school in Agdam region. In 1987-1989, he completed military service in the former USSR.<\/p>\n<p style=\"text-align: justify;\">In 1991-1996, he graduated from Baku State Institute of Commodity Research and Commerce with honorable diploma.<\/p>\n<p style=\"text-align: justify;\">In 1993-1996 and became a Chairman of the Institute\u2019s Students Trade Union.<\/p>\n<p style=\"text-align: justify;\">In 1996-2000, he worked as an assistant at that Institute\u2019s \u201cCommerce and Advertisement\u201d chair. Since 2000, he worked as a senior teacher at Azerbaijan State Economic University\u2019s \u201cCommerce and Advertisement\u201d chair. Since, 2004, he worked at the \u201cMarketing\u201d chair.<\/p>\n<p style=\"text-align: justify;\">In 2007, he successfully defended a dissertation at Azerbaijan State Economic University and received a degree of the Candidate of Economy.<\/p>\n<p style=\"text-align: justify;\">Since 2010, he has worked as an Associate Professor at Azerbaijan State Economic University\u2019s \u201cMarketing\u201d chair. Since 2012, he is a nominee doctor at the Institute of Economy of ANAS.<\/p>\n<p style=\"text-align: justify;\">In 2004-2014, he worked as a Deputy Dean of the \u201cTechnology and Design\u201d faculty. Since 2014, he became a Dean of Azerbaijan State Economic University\u2019s \u00abCommerce\u201d faculty.<\/p>\n<p style=\"text-align: justify;\">Currently he is an acting Dean of the Faculty of Business and Management.<\/p>\n<p style=\"text-align: justify;\">He participated in the International Leadership Program (Administration in Higher Education) by the US State Department in 2015 and awarded a certificate.<\/p>\n<p style=\"text-align: justify;\">By the Order of the President of the Republic of Azerbaijan dated September 24, 2020, he was awarded\u00a0 &#8220;Taraggi&#8221; medal on the occasion of the 90th anniversary of\u00a0 Azerbaijan State University of Economics and for his services to the development of education in Azerbaijan.<\/p>\n<p style=\"text-align: justify;\">He is the author of more than 50 scientific works, as well as monograph, teaching facility, methodological instruction and curriculum. His 9 articles have been published in international magazines.<br \/>\nHe is married and has got two children.<\/p>\n<p style=\"text-align: justify;\"><a class=\"fancybox-thumb\" href=\"http:\/\/unec.edu.az\/application\/uploads\/2015\/05\/miragaage-2023-10-23-at-18.19.59.jpeg\" rel=\"fancybox-thumb\"><img decoding=\"async\" class=\"fancybox-margin alignnone wp-image-191931 \" src=\"http:\/\/unec.edu.az\/application\/uploads\/2015\/05\/miragaage-2023-10-23-at-18.19.59-150x150.jpeg\" alt=\"miragaage 2023-10-23 at 18.19.59\" width=\"126\" height=\"126\" \/><\/a><a class=\"fancybox-thumb\" href=\"http:\/\/unec.edu.az\/application\/uploads\/2015\/05\/mm20150317_153405-854x10241.jpg\" rel=\"fancybox-thumb\"><img decoding=\"async\" class=\"fancybox-margin alignnone wp-image-191933 \" src=\"http:\/\/unec.edu.az\/application\/uploads\/2015\/05\/mm20150317_153405-854x10241-150x150.jpg\" alt=\"mm20150317_153405-854x1024\" width=\"127\" height=\"127\" \/><\/a><a class=\"fancybox-thumb\" href=\"https:\/\/unec.edu.az\/application\/uploads\/2015\/05\/FullSizeRender.jpg\" rel=\"fancybox-thumb\"><img loading=\"lazy\" decoding=\"async\" class=\"fancybox-margin alignnone wp-image-59429 \" src=\"https:\/\/unec.edu.az\/application\/uploads\/2015\/05\/FullSizeRender-150x150.jpg\" alt=\"FullSizeRender\" width=\"127\" height=\"127\" \/><\/a><a class=\"fancybox-thumb\" href=\"https:\/\/unec.edu.az\/application\/uploads\/2015\/05\/mmIMG-20150318-WA0002-1024x768.jpg\" rel=\"fancybox-thumb\"><img loading=\"lazy\" decoding=\"async\" class=\"fancybox-margin alignnone wp-image-15868 \" src=\"https:\/\/unec.edu.az\/application\/uploads\/2015\/05\/mmIMG-20150318-WA0002-1024x768-150x150.jpg\" alt=\"mmIMG-20150318-WA0002-1024x768\" width=\"129\" height=\"129\" \/><\/a><a class=\"fancybox-thumb\" href=\"https:\/\/unec.edu.az\/application\/uploads\/2015\/05\/mmIMG-20150318-WA0010-1024x768.jpg\" rel=\"fancybox-thumb\"><img loading=\"lazy\" decoding=\"async\" class=\"fancybox-margin alignnone wp-image-15869 \" src=\"https:\/\/unec.edu.az\/application\/uploads\/2015\/05\/mmIMG-20150318-WA0010-1024x768-150x150.jpg\" alt=\"mmIMG-20150318-WA0010-1024x768\" width=\"126\" height=\"126\" \/><\/a><a class=\"fancybox-thumb\" href=\"https:\/\/unec.edu.az\/application\/uploads\/2015\/05\/mmIMG-20150318-WA0011-1024x768.jpg\" rel=\"fancybox-thumb\"><img loading=\"lazy\" decoding=\"async\" class=\"fancybox-margin alignnone wp-image-15870 \" src=\"https:\/\/unec.edu.az\/application\/uploads\/2015\/05\/mmIMG-20150318-WA0011-1024x768-150x150.jpg\" alt=\"mmIMG-20150318-WA0011-1024x768\" width=\"127\" height=\"127\" \/><\/a><a class=\"fancybox-thumb\" href=\"https:\/\/unec.edu.az\/application\/uploads\/2015\/05\/mmIMG-20150318-WA0015-1024x768.jpg\" rel=\"fancybox-thumb\"><img loading=\"lazy\" decoding=\"async\" class=\"fancybox-margin alignnone wp-image-15871 \" src=\"https:\/\/unec.edu.az\/application\/uploads\/2015\/05\/mmIMG-20150318-WA0015-1024x768-150x150.jpg\" alt=\"mmIMG-20150318-WA0015-1024x768\" width=\"126\" height=\"126\" \/><\/a><a class=\"fancybox-thumb\" href=\"https:\/\/unec.edu.az\/application\/uploads\/2015\/05\/miraga_IMG-20150318-WA0020-768x1024.jpg\" rel=\"fancybox-thumb\"><img loading=\"lazy\" decoding=\"async\" class=\"fancybox-margin alignnone wp-image-25991 \" src=\"https:\/\/unec.edu.az\/application\/uploads\/2015\/05\/miraga_IMG-20150318-WA0020-768x1024-150x150.jpg\" alt=\"miraga_IMG-20150318-WA0020-768x1024\" width=\"126\" height=\"126\" \/><\/a><\/p>\n<h4><span style=\"color: #000080;\"><em><a style=\"color: #000080;\" href=\"https:\/\/unec.edu.az\/application\/uploads\/2015\/05\/Miraga-Ahmedov-elm-eserleri-1-8.pdf\">\u00a0List of scientific works\u00a0<\/a><\/em><\/span><\/h4>\n<p><span style=\"color: #333333;\"><em><span style=\"color: #333333;\"><a style=\"color: #333333;\" href=\"https:\/\/unec.edu.az\/en\/rusiyali-sagirdler-unec-de-tehsil-almaqda-maraqlidirlar\/\">The Russian students are interested in studying at UNEC<\/a><a style=\"color: #333333;\" href=\"https:\/\/unec.edu.az\/en\/xarici-bazara-cixisin-logistik-teminati-strateji-yol-xeritesinin-hedefleri\/\">\u00a0(12.04.2018)<br \/>\n\u201cLogistical support for access to foreign market: the targets of the strategic road map\u201d<\/a>\u00a0(08.11.2017)<\/span><a style=\"color: #333333;\" href=\"https:\/\/unec.edu.az\/en\/unec-alimleri-beynelxalq-elmi-konfransda\/\"><br \/>\nUNEC Scientists at the International Scientific Conference<\/a>\u00a0(29.06.2017)<br \/>\n<\/em><em><a style=\"color: #333333;\" href=\"https:\/\/unec.edu.az\/en\/kicik-ve-orta-sahibkarligin-inkisafi-vetendaslarin-sosial-rifahini-yaxsilasdiracaq\/\">Development of Small and Medium- sized Enterprise will improve Citizens\u2019 Welfare<\/a>\u00a0(25.01.2017)<br \/>\n<\/em><em><a style=\"color: #333333;\" href=\"https:\/\/unec.edu.az\/en\/unec-alimi-konfransda-iqtisad-universitetinin-idarecilik-sisteminden-danisib\/\">UNEC\u2019s Scholar speaks about the Management System of the University of Economics in the Conference<\/a>\u00a0(25.11.2016)<br \/>\n<\/em><em><a style=\"color: #333333;\" href=\"https:\/\/unec.edu.az\/en\/biznes-ve-menecment-fakultesinin-dekan-evezi-kollektive-teqdim-edilib\/\">Acting Dean of the School of Business and Management is presented to Employees<\/a>\u00a0(22.07.2016)<br \/>\n<\/em><em><a style=\"color: #333333;\" href=\"https:\/\/unec.edu.az\/en\/unec-emekdaslari-ramazan-bayramini-cebhe-bolgesinde-qeyd-edibler\/\">UNEC employees celebrated Ramazan Holiday on the front line<\/a><strong>\u00a0<\/strong>\u00a0(11.07.2016)<\/em><\/span><\/p>\n<p>&nbsp;<\/p>\n<p>Disciplines conducted:<br \/>\nUndergraduate level: \u201cMarketing\u201d<\/p>\n<p><a class=\"fancybox-thumb\" href=\"https:\/\/unec.edu.az\/application\/uploads\/2015\/05\/miraga_6670.jpg\" rel=\"fancybox-thumb\"><img loading=\"lazy\" decoding=\"async\" class=\"fancybox-margin  alignnone wp-image-137397 size-thumbnail\" title=\"UNEC-d\u0259 yeni sillabus \u0259sas\u0131nda t\u0259liml\u0259r ke\u00e7mi\u015f m\u00fc\u0259llim hey\u0259tin\u0259 sertifikatlar\u0131n verilm\u0259si  (22.01.2019)\" src=\"https:\/\/unec.edu.az\/application\/uploads\/2015\/05\/miraga_6670-150x150.jpg\" alt=\"miraga_6670\" width=\"150\" height=\"150\" \/><\/a><a class=\"fancybox-thumb\" href=\"https:\/\/unec.edu.az\/application\/uploads\/2015\/05\/miraga0851c5ff704cbee9.jpg\" rel=\"fancybox-thumb\"><img loading=\"lazy\" decoding=\"async\" class=\"fancybox-margin  alignnone wp-image-137396 size-thumbnail\" title=\"UNEC m\u00fc\u0259lliml\u0259ri sahibkarl\u0131\u011f\u0131n t\u0259drisi il\u0259 ba\u011fl\u0131 beyn\u0259lxalq t\u0259lim\u0259 qat\u0131l\u0131blar (14\/02\/2019)\" src=\"https:\/\/unec.edu.az\/application\/uploads\/2015\/05\/miraga0851c5ff704cbee9-150x150.jpg\" alt=\"miraga0851c5ff704cbee9\" width=\"150\" height=\"150\" \/><\/a><a class=\"fancybox-thumb\" href=\"https:\/\/unec.edu.az\/application\/uploads\/2016\/10\/DSC00158.jpg\" rel=\"fancybox-thumb\"><img loading=\"lazy\" decoding=\"async\" class=\"fancybox-margin alignnone wp-image-68431 size-thumbnail\" src=\"https:\/\/unec.edu.az\/application\/uploads\/2016\/10\/DSC00158-150x150.jpg\" alt=\"???????????????????????????????\" width=\"150\" height=\"150\" \/><\/a><a class=\"fancybox-thumb\" href=\"https:\/\/unec.edu.az\/application\/uploads\/2016\/10\/DSC00115.jpg\" rel=\"fancybox-thumb\"><img loading=\"lazy\" decoding=\"async\" class=\"fancybox-margin  alignnone wp-image-68426 size-thumbnail\" src=\"https:\/\/unec.edu.az\/application\/uploads\/2016\/10\/DSC00115-150x150.jpg\" alt=\"???????????????????????????????\" width=\"150\" height=\"150\" \/><\/a><a class=\"fancybox-thumb\" href=\"https:\/\/unec.edu.az\/application\/uploads\/2015\/05\/sert_miragaok.jpg\" rel=\"fancybox-thumb\"><img loading=\"lazy\" decoding=\"async\" class=\"fancybox-margin alignnone wp-image-76202 size-thumbnail\" src=\"https:\/\/unec.edu.az\/application\/uploads\/2015\/05\/sert_miragaok-150x150.jpg\" alt=\"sert_miraga\u043e\u043a\" width=\"150\" height=\"150\" \/><\/a><a class=\"fancybox-thumb\" href=\"https:\/\/unec.edu.az\/application\/uploads\/2015\/05\/Miraqa_Ahmedov_111219.jpg\" rel=\"fancybox-thumb\"><img loading=\"lazy\" decoding=\"async\" class=\"fancybox-margin alignnone wp-image-147935 size-thumbnail\" title=\"UNEC TH\u0130K-in \u201c\u0130lin dekan\u0131\u201d layih\u0259sinin qalibi b\u0259lli oldu (12.2019)\" src=\"https:\/\/unec.edu.az\/application\/uploads\/2015\/05\/Miraqa_Ahmedov_111219-150x150.jpg\" alt=\"Miraqa_Ahmedov_111219\" width=\"150\" height=\"150\" \/><\/a><\/p>\n","protected":false},"excerpt":{"rendered":"<p>Acting Dean of the Faculty of Business and Management \u2013 Can. of Econ., Assoc.Prof. Ahmadov Miragha Maharram \u00a0e-mail: miraga.ahmadov@unec.edu.az He was born in Aghdam region in 1969. In 1976-1986, he studied at the secondary school in Agdam region. In 1987-1989, he completed military service in the former USSR. In 1991-1996, he graduated from Baku State [&hellip;]<\/p>\n","protected":false},"author":10,"featured_media":0,"parent":0,"menu_order":0,"comment_status":"open","ping_status":"open","template":"","meta":{"footnotes":""},"class_list":["post-11693","page","type-page","status-publish","hentry"],"_links":{"self":[{"href":"http:\/\/unec.edu.az\/en\/wp-json\/wp\/v2\/pages\/11693","targetHints":{"allow":["GET"]}}],"collection":[{"href":"http:\/\/unec.edu.az\/en\/wp-json\/wp\/v2\/pages"}],"about":[{"href":"http:\/\/unec.edu.az\/en\/wp-json\/wp\/v2\/types\/page"}],"author":[{"embeddable":true,"href":"http:\/\/unec.edu.az\/en\/wp-json\/wp\/v2\/users\/10"}],"replies":[{"embeddable":true,"href":"http:\/\/unec.edu.az\/en\/wp-json\/wp\/v2\/comments?post=11693"}],"version-history":[{"count":32,"href":"http:\/\/unec.edu.az\/en\/wp-json\/wp\/v2\/pages\/11693\/revisions"}],"predecessor-version":[{"id":191939,"href":"http:\/\/unec.edu.az\/en\/wp-json\/wp\/v2\/pages\/11693\/revisions\/191939"}],"wp:attachment":[{"href":"http:\/\/unec.edu.az\/en\/wp-json\/wp\/v2\/media?parent=11693"}],"curies":[{"name":"wp","href":"https:\/\/api.w.org\/{rel}","templated":true}]}}