{"id":12457,"date":"2015-06-02T10:49:58","date_gmt":"2015-06-02T06:49:58","guid":{"rendered":"https:\/\/unec.edu.az\/i-e-d-kelbiyev-yasar-atakisi-oglu-2\/"},"modified":"2022-09-23T14:58:34","modified_gmt":"2022-09-23T10:58:34","slug":"i-e-d-kelbiyev-yasar-atakisi-oglu","status":"publish","type":"page","link":"http:\/\/unec.edu.az\/en\/i-e-d-kelbiyev-yasar-atakisi-oglu\/","title":{"rendered":"Doctor of Economic sciences Kalbiyev Yashar Atakishi"},"content":{"rendered":"<h4><a href=\"https:\/\/unec.edu.az\/application\/uploads\/2015\/06\/Kalbiyev-Yashar-1.jpg\"><img decoding=\"async\" class=\"alignleft wp-image-128466\" title=\"left\" src=\"https:\/\/unec.edu.az\/application\/uploads\/2015\/06\/Kalbiyev-Yashar-1-300x201.jpg\" alt=\"Kalbiyev Yashar (1)\" width=\"266\" height=\"178\" srcset=\"http:\/\/unec.edu.az\/application\/uploads\/2015\/06\/Kalbiyev-Yashar-1-300x200.jpg 300w, http:\/\/unec.edu.az\/application\/uploads\/2015\/06\/Kalbiyev-Yashar-1.jpg 800w\" sizes=\"(max-width: 266px) 100vw, 266px\" \/><\/a><\/h4>\n<p><span style=\"color: #800000;\">Head of the &#8220;Economics and Technological Sciences&#8221; department<br \/>\nDr of Econ.Prof. Kalbiyev Yashar Atakishi<\/span><\/p>\n<h4><span style=\"color: #000080;\"><em>e-mail: yashar.kelbiyev@unec.edu.az<\/em><\/span><\/h4>\n<p style=\"text-align: justify;\">He was born in 1964.<\/p>\n<p style=\"text-align: justify;\">He was educated on the speciality of\u00a0 economist-engineer at\u00a0 Azerbaijan Oil and Chemistry Institute named after M. Azizbayov (currently Azerbaijan State Oil Academy) in 1989 (military service in the Soviet Army in 1983-1985).<\/p>\n<p style=\"text-align: justify;\">In 1991-1993 he studied at the graduate course of Azerbaijan State Oil Academy.<\/p>\n<p style=\"text-align: justify;\">In 1999 he received Candidate of Economics, but in 2010 he got Doctors in Economics and assistant professor academic degrees.<\/p>\n<p style=\"text-align: justify;\"><strong>Labor activity:<\/strong><\/p>\n<p style=\"text-align: justify;\">1989-1991 &#8211; Institute of Oil and Chemistry named after M. Azizbayov, intern-researcher and engineer;<\/p>\n<p style=\"text-align: justify;\">03.1994-10.1995 &#8211; Institute of Oil and Chemistry named after M. Azizbayov, &#8220;Economy and management of\u00a0 cars&#8221; department, assistant;<\/p>\n<p style=\"text-align: justify;\">1995-1999 &#8211; Senior economist and chief accountant at \u201cTafakkur&#8221; University;<\/p>\n<p style=\"text-align: justify;\">1999 &#8211; Head of the Department\u00a0 at the Ministry of Taxes, Head of the Training Center;<\/p>\n<p style=\"text-align: justify;\">Since 2002 he has been working as a teacher at Azerbaijan State University of Economics.<\/p>\n<p style=\"text-align: justify;\">Head of \u201c Tax and Taxation\u201d Department, professor of the department \u201c Finance and Financial Institutions \u201c in 2008-2015.<\/p>\n<p style=\"text-align: justify;\">On October 6, 2017, he was awarded with the &#8220;Honorary Decree&#8221; of UNEC for long-term effective scientific and pedagogical activity.<\/p>\n<p style=\"text-align: justify;\">At present he is the head of the department of Economics and Management at UNEC.<\/p>\n<p style=\"text-align: justify;\">Research Areas: Investigation of Tax Policy and Tax Administration Problems.<\/p>\n<p style=\"text-align: justify;\">Currently, he is the head of the &#8220;Economics and Technological Sciences&#8221; (previously &#8220;Economics and Management&#8221;) department of UNEC.<\/p>\n<p style=\"text-align: justify;\">He is the author of 3 textbooks, 2 course books, 3 monographs and a methodical instruction on various fields of economics. More than 90 scientific articles have been published in the republic and abroad.<\/p>\n<p style=\"text-align: justify;\"><a class=\"fancybox-thumb\" href=\"https:\/\/unec.edu.az\/application\/uploads\/2015\/12\/DSC_1198.jpg\" rel=\"fancybox-thumb\"><img decoding=\"async\" class=\"fancybox-margin alignnone wp-image-30168\" src=\"https:\/\/unec.edu.az\/application\/uploads\/2015\/12\/DSC_1198.jpg\" alt=\"DSC_1198\" width=\"162\" height=\"108\" srcset=\"http:\/\/unec.edu.az\/application\/uploads\/2015\/12\/DSC_1198.jpg 800w, http:\/\/unec.edu.az\/application\/uploads\/2015\/12\/DSC_1198-300x200.jpg 300w\" sizes=\"(max-width: 162px) 100vw, 162px\" \/><\/a><a class=\"fancybox-thumb\" href=\"https:\/\/unec.edu.az\/application\/uploads\/2016\/09\/DSC_6287-001.jpg\" rel=\"fancybox-thumb\"><img decoding=\"async\" class=\"fancybox-margin alignnone wp-image-64227\" src=\"https:\/\/unec.edu.az\/application\/uploads\/2016\/09\/DSC_6287-001-300x200.jpg\" alt=\"DSC_6287-001\" width=\"164\" height=\"109\" srcset=\"http:\/\/unec.edu.az\/application\/uploads\/2016\/09\/DSC_6287-001-300x200.jpg 300w, http:\/\/unec.edu.az\/application\/uploads\/2016\/09\/DSC_6287-001.jpg 800w\" sizes=\"(max-width: 164px) 100vw, 164px\" \/><\/a><a class=\"fancybox-thumb\" href=\"https:\/\/unec.edu.az\/application\/uploads\/2015\/06\/DSC_0389.jpg\" rel=\"fancybox-thumb\"><img loading=\"lazy\" decoding=\"async\" class=\"fancybox-margin alignnone wp-image-69349\" src=\"https:\/\/unec.edu.az\/application\/uploads\/2015\/06\/DSC_0389-300x201.jpg\" alt=\"DSC_0389\" width=\"161\" height=\"108\" srcset=\"http:\/\/unec.edu.az\/application\/uploads\/2015\/06\/DSC_0389-300x200.jpg 300w, http:\/\/unec.edu.az\/application\/uploads\/2015\/06\/DSC_0389.jpg 800w\" sizes=\"(max-width: 161px) 100vw, 161px\" \/><\/a><a class=\"fancybox-thumb\" href=\"https:\/\/unec.edu.az\/application\/uploads\/2015\/06\/DSC_0005.jpg\" rel=\"fancybox-thumb\"><img loading=\"lazy\" decoding=\"async\" class=\"fancybox-margin alignnone wp-image-72461\" title=\"UNEC aliml\u0259ri fiskal siyas\u0259t \u00fczr\u0259 ekspert qrupu il\u0259 g\u00f6r\u00fc\u015f\u00fcb (11.11.2016)\" src=\"https:\/\/unec.edu.az\/application\/uploads\/2015\/06\/DSC_0005-300x200.jpg\" alt=\"DSC_0005\" width=\"162\" height=\"108\" srcset=\"http:\/\/unec.edu.az\/application\/uploads\/2015\/06\/DSC_0005-300x200.jpg 300w, http:\/\/unec.edu.az\/application\/uploads\/2015\/06\/DSC_0005.jpg 800w\" sizes=\"(max-width: 162px) 100vw, 162px\" \/><\/a><a class=\"fancybox-thumb\" href=\"https:\/\/unec.edu.az\/application\/uploads\/2017\/09\/DSC02710.jpg\" rel=\"fancybox-thumb\"><img loading=\"lazy\" decoding=\"async\" class=\"fancybox-margin alignnone wp-image-104303 \" title=\"Magistrl\u0259rl\u0259 g\u00f6r\u00fc\u015f: \u201cUNEC-l\u0259 yana\u015f\u0131 Avropa universitetl\u0259rinin diplomlar\u0131n\u0131 \u0259ld\u0259 ed\u0259 bil\u0259rsiniz\u201d (20.09.2017)\" src=\"https:\/\/unec.edu.az\/application\/uploads\/2017\/09\/DSC02710-150x150.jpg\" alt=\"???????????????????????????????\" width=\"109\" height=\"109\" \/><\/a><a class=\"fancybox-thumb\" href=\"https:\/\/unec.edu.az\/application\/uploads\/2015\/06\/yashar_scan1.jpg\" rel=\"fancybox-thumb\"><img loading=\"lazy\" decoding=\"async\" class=\"fancybox-margin alignnone wp-image-109160\" title=\"&quot;Vergi orqanlar\u0131nda xidm\u0259td\u0259 f\u0259rql\u0259nm\u0259y\u0259 g\u00f6r\u0259&quot; 3-c\u00fc d\u0259r\u0259c\u0259li medal\u0131  (10.02.2010)\" src=\"https:\/\/unec.edu.az\/application\/uploads\/2015\/06\/yashar_scan1-300x219.jpg\" alt=\"yashar_scan\" width=\"149\" height=\"109\" srcset=\"http:\/\/unec.edu.az\/application\/uploads\/2015\/06\/yashar_scan1-300x219.jpg 300w, http:\/\/unec.edu.az\/application\/uploads\/2015\/06\/yashar_scan1-1024x747.jpg 1024w\" sizes=\"(max-width: 149px) 100vw, 149px\" \/><\/a><\/p>\n<p style=\"text-align: justify;\"><span style=\"color: #000000;\"><em><a style=\"color: #000000;\" href=\"https:\/\/unec.edu.az\/en\/unec-alimleri-fiskal-siyaset-uzre-ekspert-qrupu-ile-gorusub\/\">UNEC Scholars met with an Expert Group on Fiscal Policy<\/a>\u00a0(11.11.2016)<br \/>\n<\/em><\/span><em><a style=\"color: #000000;\" href=\"https:\/\/unec.edu.az\/en\/unec-de-elektron-universitet-modeli-nin-tetbiqi-ile-bagli-numunevi-derslere-start-verilib\/\">\u201cExemplary Classes\u201d related with the application of \u201cElectronic University Model\u201d start at UNEC<\/a>\u00a0<\/em><em>\u00a0(28.06.2016)<\/em><\/p>\n","protected":false},"excerpt":{"rendered":"<p>Head of the &#8220;Economics and Technological Sciences&#8221; department Dr of Econ.Prof. Kalbiyev Yashar Atakishi e-mail: yashar.kelbiyev@unec.edu.az He was born in 1964. He was educated on the speciality of\u00a0 economist-engineer at\u00a0 Azerbaijan Oil and Chemistry Institute named after M. Azizbayov (currently Azerbaijan State Oil Academy) in 1989 (military service in the Soviet Army in 1983-1985). In [&hellip;]<\/p>\n","protected":false},"author":10,"featured_media":0,"parent":0,"menu_order":0,"comment_status":"open","ping_status":"open","template":"","meta":{"footnotes":""},"class_list":["post-12457","page","type-page","status-publish","hentry"],"_links":{"self":[{"href":"http:\/\/unec.edu.az\/en\/wp-json\/wp\/v2\/pages\/12457","targetHints":{"allow":["GET"]}}],"collection":[{"href":"http:\/\/unec.edu.az\/en\/wp-json\/wp\/v2\/pages"}],"about":[{"href":"http:\/\/unec.edu.az\/en\/wp-json\/wp\/v2\/types\/page"}],"author":[{"embeddable":true,"href":"http:\/\/unec.edu.az\/en\/wp-json\/wp\/v2\/users\/10"}],"replies":[{"embeddable":true,"href":"http:\/\/unec.edu.az\/en\/wp-json\/wp\/v2\/comments?post=12457"}],"version-history":[{"count":16,"href":"http:\/\/unec.edu.az\/en\/wp-json\/wp\/v2\/pages\/12457\/revisions"}],"predecessor-version":[{"id":180242,"href":"http:\/\/unec.edu.az\/en\/wp-json\/wp\/v2\/pages\/12457\/revisions\/180242"}],"wp:attachment":[{"href":"http:\/\/unec.edu.az\/en\/wp-json\/wp\/v2\/media?parent=12457"}],"curies":[{"name":"wp","href":"https:\/\/api.w.org\/{rel}","templated":true}]}}