{"id":12477,"date":"2015-06-02T10:57:38","date_gmt":"2015-06-02T06:57:38","guid":{"rendered":"https:\/\/unec.edu.az\/prof-abbasova-afet-musa-qizi-2\/"},"modified":"2023-09-18T17:12:50","modified_gmt":"2023-09-18T13:12:50","slug":"prof-abbasova-afat-musa","status":"publish","type":"page","link":"http:\/\/unec.edu.az\/en\/prof-abbasova-afat-musa\/","title":{"rendered":"Prof. Abbasova Afat Musa"},"content":{"rendered":"<h4><a href=\"https:\/\/unec.edu.az\/application\/uploads\/2015\/06\/Abbasova-Afet.jpg\"><img fetchpriority=\"high\" decoding=\"async\" class=\"alignleft wp-image-148809\" title=\"left\" src=\"https:\/\/unec.edu.az\/application\/uploads\/2015\/06\/Abbasova-Afet-300x200.jpg\" alt=\"Abbasova Afet\" width=\"288\" height=\"191\" srcset=\"http:\/\/unec.edu.az\/application\/uploads\/2015\/06\/Abbasova-Afet-300x200.jpg 300w, http:\/\/unec.edu.az\/application\/uploads\/2015\/06\/Abbasova-Afet.jpg 800w\" sizes=\"(max-width: 288px) 100vw, 288px\" \/><\/a><\/h4>\n<h4><\/h4>\n<h4><span style=\"color: #800000;\">Prof. Abbasova Afat Musa<\/span><\/h4>\n<h4><span style=\"color: #333333;\"><em>e-mail:\u00a0<a style=\"color: #333333;\" href=\"https:\/\/e.mail.ru\/compose?To=afetabbasova@unec.edu.az\">afetabbasova@unec.edu.az<\/a><\/em><\/span><\/h4>\n<p style=\"text-align: justify;\">She was born in Ganja city of the Republic of Azerbaijan on August 13, 1963.<\/p>\n<p style=\"text-align: justify;\">She graduated from the Azerbaijan Pedagogical Institute of Foreign Languages with honors (present Azerbaijan University of Languages) in 1985. She was the postgraduate of the Azerbaijan University of Languages in 1990-1993. She was appointed a senior lector of the Department of \u201cCountry Studies\u201d as she defended her thesis earlier in 1992. In 2004, she defended her doctoral dissertation and received the title of a Doctor of Philological Sciences. \u00a0She received the title of Doctor of Philological Sciences in 2010 by the HAC.<\/p>\n<p style=\"text-align: justify;\">She worked an Assistant Professor at the department of Country Studies at the Azerbaijan University of Languages in 1993-2005.<\/p>\n<p>She has led the department of \u201cForeign Languages -2\u201d of the Azerbaijan State University of Economics since 2001. Currently, she is a Head of the Department of Foreign Languages.<\/p>\n<p style=\"text-align: justify;\">She was awarded a badge of the Leading Employee of Education.<\/p>\n<p style=\"text-align: justify;\">She has been the member of the Azerbaijani English Teachers\u2019 Association from 1999, Azerbaijani Women\u2019s Club from 2002, American Name Society from 2003, and ESREA organization from 2009. She was the member of International TOEFL Association in 2003-2005, the International Congress of Onomastic Sciences in 2005-2007 and CIS member since 2016.<\/p>\n<p style=\"text-align: justify;\">A.Abbasova attended the international conferences held in the US, Italy, United Kingdom, Spain, Turkey, Thailand, Israel, the Republic of Northern Cyprus, Serbia and other countries made speeches in them.<\/p>\n<p style=\"text-align: justify;\">By the Order of the President of the Republic of Azerbaijan dated September 24, 2020, he was awarded\u00a0 &#8220;Taraggi&#8221; medal on the occasion of the 90th anniversary of\u00a0\u00a0Azerbaijan State University of Economics and for his services to the development of education in Azerbaijan.<\/p>\n<p style=\"text-align: justify;\">She is the author of more than 60 scientific articles, 4 books and textbooks.<\/p>\n<p style=\"text-align: justify;\"><a class=\"fancybox-thumb\" href=\"https:\/\/unec.edu.az\/application\/uploads\/2015\/06\/afetaf61cbee85b886543.jpg\" rel=\"fancybox-thumb\"><img decoding=\"async\" class=\"fancybox-margin alignnone wp-image-163977 size-thumbnail\" src=\"https:\/\/unec.edu.az\/application\/uploads\/2015\/06\/afetaf61cbee85b886543-150x150.jpg\" alt=\"afetaf61cbee85b886543\" width=\"150\" height=\"150\" \/><\/a><a class=\"fancybox-thumb\" href=\"https:\/\/unec.edu.az\/application\/uploads\/2015\/06\/Turkiye.jpg\" rel=\"fancybox-thumb\"><img decoding=\"async\" class=\"fancybox-margin  alignnone wp-image-85330 size-thumbnail\" title=\"UNEC m\u00fc\u0259lliml\u0259rinin T\u00fcrkiy\u0259 universitetl\u0259rin\u0259 s\u0259f\u0259ri s\u0259m\u0259r\u0259li oldu (16.02.2017)\" src=\"https:\/\/unec.edu.az\/application\/uploads\/2015\/06\/Turkiye-150x150.jpg\" alt=\"Turkiye\" width=\"150\" height=\"150\" \/><\/a><a class=\"fancybox-thumb\" href=\"https:\/\/unec.edu.az\/application\/uploads\/2015\/06\/qida09158.jpg\" rel=\"fancybox-thumb\"><img loading=\"lazy\" decoding=\"async\" class=\"fancybox-margin  alignnone wp-image-85329 size-thumbnail\" title=\"UNEC m\u00fc\u0259lliml\u0259rinin T\u00fcrkiy\u0259 universitetl\u0259rin\u0259 s\u0259f\u0259ri s\u0259m\u0259r\u0259li oldu (16.02.2017)\" src=\"https:\/\/unec.edu.az\/application\/uploads\/2015\/06\/qida09158-150x150.jpg\" alt=\"qida09158\" width=\"150\" height=\"150\" \/><\/a><a class=\"fancybox-thumb\" href=\"https:\/\/unec.edu.az\/application\/uploads\/2017\/03\/WhatsApp-Image-2017-03-15-at-12.49.47.jpg\" rel=\"fancybox-thumb\"><img loading=\"lazy\" decoding=\"async\" class=\"fancybox-margin alignnone wp-image-87623 size-thumbnail\" title=\"\u201c\u018flilliyi olanlar \u00fc\u00e7\u00fcn \u015ea\u011fan m\u00fcalic\u0259 pansionat\u0131\u201dnda Novruz \u015f\u0259nliyi (15.03.2017)\" src=\"https:\/\/unec.edu.az\/application\/uploads\/2017\/03\/WhatsApp-Image-2017-03-15-at-12.49.47-150x150.jpg\" alt=\"WhatsApp Image 2017-03-15 at 12.49.47\" width=\"150\" height=\"150\" \/><\/a><a class=\"fancybox-thumb\" href=\"https:\/\/unec.edu.az\/application\/uploads\/2019\/04\/DSC_3403.jpg\" rel=\"fancybox-thumb\"><img loading=\"lazy\" decoding=\"async\" class=\"fancybox-margin alignnone wp-image-139179 size-thumbnail\" title=\"UNEC \u201cOnly in English\u201d adl\u0131 z\u0259ngin proqraml\u0131 t\u0259dbir ke\u00e7irilib (23.04.2019)\" src=\"https:\/\/unec.edu.az\/application\/uploads\/2019\/04\/DSC_3403-150x150.jpg\" alt=\"DSC_3403\" width=\"150\" height=\"150\" \/><\/a><a class=\"fancybox-thumb\" href=\"https:\/\/unec.edu.az\/application\/uploads\/2015\/06\/afet6a60f997755bc04d.jpeg\" rel=\"fancybox-thumb\"><img loading=\"lazy\" decoding=\"async\" class=\"fancybox-margin alignnone wp-image-139546 size-thumbnail\" title=\"Radio UNEC-in qona\u011f\u0131 &quot;Xarici dill\u0259r&quot; kafedras\u0131n\u0131n m\u00fcdir \u0259v\u0259zi, professor Af\u0259t Abbasova oldu (06.05.2019)\" src=\"https:\/\/unec.edu.az\/application\/uploads\/2015\/06\/afet6a60f997755bc04d-150x150.jpeg\" alt=\"afet6a60f997755bc04d\" width=\"150\" height=\"150\" \/><\/a><\/p>\n<p><span style=\"color: #333333;\"><em><a style=\"color: #333333;\" href=\"https:\/\/unec.edu.az\/en\/unec-telebelerinden-elilliyi-olanlar-ucun-sagan-mualice-pansionati-nda-novruz-senliyi\/\">\u201cNovruz\u201d Festivities at the \u201cShaghan Boarding House for Disabled People\u201d<\/a>\u00a0(15.03.2017)<br \/>\n<\/em><\/span><em><a style=\"color: #333333;\" href=\"https:\/\/unec.edu.az\/en\/unec-xarici-universitetlerin-tecrubesini-oyrenmeye-davam-edir\/\">UNEC exchanges Experience with Foreign Universities<\/a>\u00a0(13.02.2017)<br \/>\n<\/em><em><a style=\"color: #333333;\" href=\"https:\/\/unec.edu.az\/en\/unec-muellimleri-modern-azerbaycan-muelliminin-simasidir\/\">UNEC Teachers are Image of Modern Azerbaijani Teacher<\/a>\u00a0(24.01.2017)<br \/>\n<\/em><em><a style=\"color: #333333;\" href=\"https:\/\/unec.edu.az\/en\/unec-academic-thinking-human-development\/\">NEC Academic Thinking: \u201cHuman Development\u201d<\/a>\u00a0(23.11.2016)<\/em><\/p>\n<p><a class=\"fancybox-thumb\" href=\"https:\/\/unec.edu.az\/application\/uploads\/2015\/06\/qadinlar897932695ba16d9f.jpg\" rel=\"fancybox-thumb\"><img loading=\"lazy\" decoding=\"async\" class=\"fancybox-margin alignnone wp-image-140596 size-image236x180\" title=\"\u201cS\u0259ninl\u0259 f\u0259xr edirik, Az\u0259rbaycan \u0259sg\u0259ri!\u201d aksiyas\u0131 i\u015ftirak\u00e7\u0131lar\u0131ndan bir qrupu \u201c\u0130sg\u0259nd\u0259r qalas\u0131\u201dnda olub - V\u0130DEO (08.06.2019)\" src=\"https:\/\/unec.edu.az\/application\/uploads\/2015\/06\/qadinlar897932695ba16d9f-236x180.jpg\" alt=\"qadinlar897932695ba16d9f\" width=\"236\" height=\"180\" \/><\/a><a class=\"fancybox-thumb\" href=\"https:\/\/unec.edu.az\/application\/uploads\/2015\/06\/qadinlar96d2b0ba.jpg\" rel=\"fancybox-thumb\"><img loading=\"lazy\" decoding=\"async\" class=\"fancybox-margin alignnone wp-image-140595 size-image236x180\" title=\"\u201cS\u0259ninl\u0259 f\u0259xr edirik, Az\u0259rbaycan \u0259sg\u0259ri!\u201d aksiyas\u0131 i\u015ftirak\u00e7\u0131lar\u0131ndan bir qrupu \u201c\u0130sg\u0259nd\u0259r qalas\u0131\u201dnda olub - V\u0130DEO (08.06.2019)\" src=\"https:\/\/unec.edu.az\/application\/uploads\/2015\/06\/qadinlar96d2b0ba-236x180.jpg\" alt=\"qadinlar96d2b0ba\" width=\"236\" height=\"180\" \/><\/a><a class=\"fancybox-thumb\" href=\"https:\/\/unec.edu.az\/application\/uploads\/2015\/06\/afetc009f65724cb526e083.jpg\" rel=\"fancybox-thumb\"><img loading=\"lazy\" decoding=\"async\" class=\"fancybox-margin alignnone wp-image-141290 size-image236x180\" title=\"\u201cS\u0259ninl\u0259 f\u0259xr edirik, Az\u0259rbaycan \u0259sg\u0259ri!\u201d aksiyas\u0131na yekun vurulub (26.06.2019)\" src=\"https:\/\/unec.edu.az\/application\/uploads\/2015\/06\/afetc009f65724cb526e083-236x180.jpg\" alt=\"afetc009f65724cb526e083\" width=\"236\" height=\"180\" \/><\/a><a class=\"fancybox-thumb\" href=\"https:\/\/unec.edu.az\/application\/uploads\/2015\/06\/afetb51f60f0117f6155.jpg\" rel=\"fancybox-thumb\"><img loading=\"lazy\" decoding=\"async\" class=\"fancybox-margin alignnone wp-image-141289 size-image236x180\" title=\"\u201cS\u0259ninl\u0259 f\u0259xr edirik, Az\u0259rbaycan \u0259sg\u0259ri!\u201d aksiyas\u0131na yekun vurulub (26.06.2019)\" src=\"https:\/\/unec.edu.az\/application\/uploads\/2015\/06\/afetb51f60f0117f6155-236x180.jpg\" alt=\"afetb51f60f0117f6155\" width=\"236\" height=\"180\" \/><\/a><\/p>\n","protected":false},"excerpt":{"rendered":"<p>Prof. Abbasova Afat Musa e-mail:\u00a0afetabbasova@unec.edu.az She was born in Ganja city of the Republic of Azerbaijan on August 13, 1963. She graduated from the Azerbaijan Pedagogical Institute of Foreign Languages with honors (present Azerbaijan University of Languages) in 1985. She was the postgraduate of the Azerbaijan University of Languages in 1990-1993. She was appointed a [&hellip;]<\/p>\n","protected":false},"author":10,"featured_media":0,"parent":0,"menu_order":0,"comment_status":"open","ping_status":"open","template":"","meta":{"footnotes":""},"class_list":["post-12477","page","type-page","status-publish","hentry"],"_links":{"self":[{"href":"http:\/\/unec.edu.az\/en\/wp-json\/wp\/v2\/pages\/12477","targetHints":{"allow":["GET"]}}],"collection":[{"href":"http:\/\/unec.edu.az\/en\/wp-json\/wp\/v2\/pages"}],"about":[{"href":"http:\/\/unec.edu.az\/en\/wp-json\/wp\/v2\/types\/page"}],"author":[{"embeddable":true,"href":"http:\/\/unec.edu.az\/en\/wp-json\/wp\/v2\/users\/10"}],"replies":[{"embeddable":true,"href":"http:\/\/unec.edu.az\/en\/wp-json\/wp\/v2\/comments?post=12477"}],"version-history":[{"count":16,"href":"http:\/\/unec.edu.az\/en\/wp-json\/wp\/v2\/pages\/12477\/revisions"}],"predecessor-version":[{"id":190037,"href":"http:\/\/unec.edu.az\/en\/wp-json\/wp\/v2\/pages\/12477\/revisions\/190037"}],"wp:attachment":[{"href":"http:\/\/unec.edu.az\/en\/wp-json\/wp\/v2\/media?parent=12477"}],"curies":[{"name":"wp","href":"https:\/\/api.w.org\/{rel}","templated":true}]}}