{"id":12648,"date":"2015-06-02T14:59:06","date_gmt":"2015-06-02T10:59:06","guid":{"rendered":"https:\/\/unec.edu.az\/prof-sebzeliyev-sifariz-mirzexan-oglu-2\/"},"modified":"2022-09-08T10:06:42","modified_gmt":"2022-09-08T06:06:42","slug":"prof-sabzaliyev-sifariz-mirzakhan","status":"publish","type":"page","link":"http:\/\/unec.edu.az\/en\/prof-sabzaliyev-sifariz-mirzakhan\/","title":{"rendered":"Prof. Sabzaliyev Sifariz Mirzakhan"},"content":{"rendered":"<h4><img fetchpriority=\"high\" decoding=\"async\" class=\"alignleft wp-image-154081\" title=\"left\" src=\"https:\/\/unec.edu.az\/application\/uploads\/2015\/06\/S__bz__liyev-Sifariz-3-300x200.jpg\" alt=\"S__bz__liyev Sifariz (3)\" width=\"279\" height=\"186\" srcset=\"http:\/\/unec.edu.az\/application\/uploads\/2015\/06\/S__bz__liyev-Sifariz-3-300x200.jpg 300w, http:\/\/unec.edu.az\/application\/uploads\/2015\/06\/S__bz__liyev-Sifariz-3-1024x684.jpg 1024w, http:\/\/unec.edu.az\/application\/uploads\/2015\/06\/S__bz__liyev-Sifariz-3.jpg 1200w\" sizes=\"(max-width: 279px) 100vw, 279px\" \/>Dr. of Econ., Prof.\u00a0Sabzaliyev Sifariz Mirzakhan<\/h4>\n<h4><span style=\"color: #000000;\"><em>e-mail: s.sabzaliyev@unec.edu.az<\/em><\/span><\/h4>\n<p style=\"text-align: justify;\">He was born on November 8, 1945 in Garagoyunlu province of Aghsu region.<\/p>\n<p style=\"text-align: justify;\">\u00a0He entered the faculty of Economics at Azerbaijan State University named after S.M.Kirov in 1963.\u00a0After the military service he continued education in the Faculty of Accounting of the Azerbaijan Institute of National Economy named after D.Bunyadzade (current UNEC). He graduated from with honors in Accounting in 1970. He was sent to the Scientific- research Institute of Economy and Administration of Agriculture of Azerbaijan and served here as a research fellow, senior researcher and a Scientific Secretary in different years. He entered the post- graduation of the institute and studied here within 1973-1977; in 1980 he defended a Candidate\u2019s thesis at Moscow State University named after Lomonosov in 1980 and received the title of Candidate of Economic Sciences.<\/p>\n<p style=\"text-align: justify;\">S.M.Sabzaliyev had worked in the Department of \u201cAccounting\u201d of Azerbaijan State University of Economics as a senior lecturer and Assistant Professor since 1981. He was appointed a Deputy Dean of the Faculty Accounting in 1985; he has been a Head of the Department of \u201cAccounting and Audit\u201d since 1987.<\/p>\n<p id=\"tw-target-text\" class=\"tw-data-text tw-text-large tw-ta\" dir=\"ltr\" data-placeholder=\"\u041f\u0435\u0440\u0435\u0432\u043e\u0434\"><span class=\"Y2IQFc\" lang=\"en\">From 1987 to September 2022, he worked as the head of the &#8220;Accounting and Audit&#8221; department.<\/span><\/p>\n<p style=\"text-align: justify;\">He received the scientific title of a Doctor of Economic Sciences in 2005. He became an Associated Professor in 1990 and a Professor in 2006.<\/p>\n<p style=\"text-align: justify;\">Professor S.M.Sabzaliyev is the member of Scientific Board of the University, Educational-methodical Board of the Ministry of Finance, Presidium of the Republican Chamber of Auditors, member of the US Institute of Auditors, member of editorial staffs of the journals \u201cFinance and accounting\u201d, \u201cEconomics and audit\u201d, \u201cAudit\u201d, \u201cEconomic sciences: theory and practice\u201d. Currently he is a Deputy Chairman of Defense Council FD.02.052 on Doctorate.<\/p>\n<p style=\"text-align: justify;\">8 Candidates of Sciences and 1 Doctor of Sciences were supervised by him.<\/p>\n<p style=\"text-align: justify;\">He was awarded the Honorary Decree of the Ministry of Education of the Republic of Azerbaijan for his contribution to the effective organization of education in 1991.<\/p>\n<p style=\"text-align: justify;\">In 2015 he was awarded the badge &#8220;Advanced Education Worker of the Republic of Azerbaijan&#8221;.<\/p>\n<p style=\"text-align: justify;\">Under the Decree of the President of the Republic of Azerbaijan dated September 26, 2011, he was awarded the honorary title &#8220;Honored Teacher&#8221; for his contribution to the development of education in Azerbaijan.<\/p>\n<p style=\"text-align: justify;\">Professor Sabzaliyev is the author of more than 200 scientific articles, thesis, program and different educational-methodical character materials. Most of these works, especially \u201cAccounting (finance)\u201d, \u201cAccounting (financial) report\u201d, \u201cPrinciples of audit\u201d, \u201cCollection of issues on accounting\u201d, \u201cManagement accounting\u201d, \u201cAccounting in industry\u201d, \u201cAccounting\u201d, \u201cAccounting in service sphere\u201d, \u201cAccounting in foreign countries \u201d textbooks and training aids, \u201cFinancial report: formation and improvement problems\u201d, \u201cExplanatory dictionary of international and national accounting terms\u201d (monograph) were evaluated by the economists of the republic and are used in all higher educations and colleges of economic profile.<\/p>\n<p style=\"text-align: justify;\">By the Order of the President of the Republic of Azerbaijan dated September 24, 2020, he was awarded the 3rd degree &#8220;Labor&#8221; order on the occasion of the 90th anniversary of\u00a0\u00a0Azerbaijan State University of Economics and for his services to the development of education in Azerbaijan.<\/p>\n<p style=\"text-align: justify;\">Professor S.M.Sabzaliyev mase speeches and reports in the scientific conferences and symposiums held in the cities of Moscow, Saint-Petersburg, Odessa, Tashkent, Tbilisi, Kiev, Kutaisi and Nakhchivan.<\/p>\n<p style=\"text-align: justify;\"><a class=\"fancybox-thumb\" href=\"https:\/\/unec.edu.az\/application\/uploads\/2015\/06\/sifariz_4831.jpg\" rel=\"fancybox-thumb\"><img decoding=\"async\" class=\"fancybox-margin  alignnone wp-image-41045 size-thumbnail\" src=\"https:\/\/unec.edu.az\/application\/uploads\/2015\/06\/sifariz_4831-150x150.jpg\" alt=\"sifariz_4831\" width=\"150\" height=\"150\" \/><\/a><a class=\"fancybox-thumb\" href=\"https:\/\/unec.edu.az\/application\/uploads\/2017\/03\/DSC_0457.jpg\" rel=\"fancybox-thumb\"><img decoding=\"async\" class=\"fancybox-margin alignnone wp-image-87093 size-thumbnail\" title=\"UNEC-d\u0259 elmi t\u0259dqiqat i\u015fl\u0259rinin perspektivl\u0259ri m\u00fczakir\u0259 edilib (10.03.2017)\" src=\"https:\/\/unec.edu.az\/application\/uploads\/2017\/03\/DSC_0457-150x150.jpg\" alt=\"DSC_0457\" width=\"150\" height=\"150\" \/><\/a><a class=\"fancybox-thumb\" href=\"https:\/\/unec.edu.az\/application\/uploads\/2015\/12\/UNEC-1-31.jpg\" rel=\"fancybox-thumb\"><img loading=\"lazy\" decoding=\"async\" class=\"fancybox-margin  alignnone wp-image-33310 size-thumbnail\" src=\"https:\/\/unec.edu.az\/application\/uploads\/2015\/12\/UNEC-1-31-150x150.jpg\" alt=\"UNEC 1 (3)\" width=\"150\" height=\"150\" \/><\/a><a class=\"fancybox-thumb\" href=\"https:\/\/unec.edu.az\/application\/uploads\/2016\/11\/PB220885.jpg\" rel=\"fancybox-thumb\"><img loading=\"lazy\" decoding=\"async\" class=\"fancybox-margin  alignnone wp-image-74313 size-thumbnail\" title=\"UNEC aliml\u0259ri beyn\u0259lxalq forumda \u00e7\u0131x\u0131\u015f edibl\u0259r (29.11.2016)\" src=\"https:\/\/unec.edu.az\/application\/uploads\/2016\/11\/PB220885-150x150.jpg\" alt=\"OLYMPUS DIGITAL CAMERA\" width=\"150\" height=\"150\" \/><\/a><a class=\"fancybox-thumb\" href=\"https:\/\/unec.edu.az\/application\/uploads\/2015\/06\/sifariz_6684.jpg\" rel=\"fancybox-thumb\"><img loading=\"lazy\" decoding=\"async\" class=\"fancybox-margin  alignnone wp-image-136820 size-thumbnail\" title=\"UNEC-d\u0259 yeni sillabus \u0259sas\u0131nda t\u0259liml\u0259r ke\u00e7mi\u015f m\u00fc\u0259llim hey\u0259tin\u0259 sertifikatlar\u0131n verilm\u0259si  (22.01.2019)\" src=\"https:\/\/unec.edu.az\/application\/uploads\/2015\/06\/sifariz_6684-150x150.jpg\" alt=\"sifariz_6684\" width=\"150\" height=\"150\" \/><\/a><a class=\"fancybox-thumb\" href=\"https:\/\/unec.edu.az\/application\/uploads\/2016\/11\/1-PB220855.jpg\" rel=\"fancybox-thumb\"><img loading=\"lazy\" decoding=\"async\" class=\"fancybox-margin  alignnone wp-image-74125 size-thumbnail\" title=\"UNEC aliml\u0259ri beyn\u0259lxalq forumda \u00e7\u0131x\u0131\u015f edibl\u0259r (29.11.2016)\" src=\"https:\/\/unec.edu.az\/application\/uploads\/2016\/11\/1-PB220855-150x150.jpg\" alt=\"OLYMPUS DIGITAL CAMERA\" width=\"150\" height=\"150\" \/><\/a><\/p>\n<p><span style=\"color: #333333;\"><em><a style=\"color: #333333;\" href=\"https:\/\/unec.edu.az\/en\/unec-alimleri-beynelxalq-elmi-konfransda\/\">UNEC Scientists at the International Scientific Conference<\/a>\u00a0(26.06.2017)<br \/>\n<\/em><em><span style=\"font-size: 12pt;\"><a style=\"color: #333333;\" href=\"https:\/\/unec.edu.az\/en\/unec-professorlari-beynelxalq-elmi-tedbirde\/\">UNEC Professors in the International Scientific event<\/a>\u00a0(31.05.2017)<br \/>\n<\/span><\/em><em><span style=\"font-size: 12pt;\"><a style=\"color: #333333;\" href=\"https:\/\/unec.edu.az\/en\/unec-alimleri-beynelxalq-forumda-cixis-edibler\/\">UNEC Scholars made speeches in the International Forum<\/a>\u00a0(29.11.2016)<\/span><\/em><\/span><\/p>\n<p><a class=\"fancybox-thumb\" href=\"https:\/\/unec.edu.az\/application\/uploads\/2017\/11\/DSC_8492.jpg\" rel=\"fancybox-thumb\"><img loading=\"lazy\" decoding=\"async\" class=\"fancybox-margin alignnone wp-image-110309 \" title=\"UNEC-d\u0259 \u201cElm ayl\u0131\u011f\u0131\u201d  \u2013 elmi t\u0259dqiqata maraq art\u0131b (10.11.2017)\" src=\"https:\/\/unec.edu.az\/application\/uploads\/2017\/11\/DSC_8492-236x180.jpg\" alt=\"DSC_8492\" width=\"191\" height=\"146\" \/><\/a><a class=\"fancybox-thumb\" href=\"https:\/\/unec.edu.az\/application\/uploads\/2015\/06\/sifariz_4923-1024x684.jpg\" rel=\"fancybox-thumb\"><img loading=\"lazy\" decoding=\"async\" class=\"fancybox-margin alignnone wp-image-104667 \" src=\"https:\/\/unec.edu.az\/application\/uploads\/2015\/06\/sifariz_4923-1024x684-236x180.jpg\" alt=\"sifariz_4923-1024x684\" width=\"191\" height=\"146\" \/><\/a><a class=\"fancybox-thumb\" href=\"https:\/\/unec.edu.az\/application\/uploads\/2017\/05\/IMG_7901-1.jpg\" rel=\"fancybox-thumb\"><img loading=\"lazy\" decoding=\"async\" class=\"fancybox-margin alignnone wp-image-97539 \" title=\"UNEC professorlar\u0131 beyn\u0259lxalq elmi t\u0259dbird\u0259 (31.05.2017)\" src=\"https:\/\/unec.edu.az\/application\/uploads\/2017\/05\/IMG_7901-1-236x180.jpg\" alt=\"IMG_7901 (1)\" width=\"191\" height=\"146\" \/><\/a><a class=\"fancybox-thumb\" href=\"https:\/\/unec.edu.az\/application\/uploads\/2015\/06\/101.jpg\" rel=\"fancybox-thumb\"><img loading=\"lazy\" decoding=\"async\" class=\"fancybox-margin alignnone wp-image-115420 \" title=\"UNEC professorlar\u0131 elmin aktual probleml\u0259rind\u0259n dan\u0131\u015f\u0131blar (25.12.2017)\" src=\"https:\/\/unec.edu.az\/application\/uploads\/2015\/06\/101-236x180.jpg\" alt=\"10\" width=\"194\" height=\"148\" \/><\/a><a class=\"fancybox-thumb\" href=\"https:\/\/unec.edu.az\/application\/uploads\/2017\/10\/91.jpg\" rel=\"fancybox-thumb\"><img loading=\"lazy\" decoding=\"async\" class=\"fancybox-margin alignnone wp-image-108777 \" title=\"Elm v\u0259 t\u0259hsil sintezinin arxitekturas\u0131: UNEC t\u0259cr\u00fcb\u0259si\u201d (27.10.2017)\" src=\"https:\/\/unec.edu.az\/application\/uploads\/2017\/10\/91-236x180.jpg\" alt=\"9\" width=\"190\" height=\"145\" \/><\/a><\/p>\n","protected":false},"excerpt":{"rendered":"<p>Dr. of Econ., Prof.\u00a0Sabzaliyev Sifariz Mirzakhan e-mail: s.sabzaliyev@unec.edu.az He was born on November 8, 1945 in Garagoyunlu province of Aghsu region. \u00a0He entered the faculty of Economics at Azerbaijan State University named after S.M.Kirov in 1963.\u00a0After the military service he continued education in the Faculty of Accounting of the Azerbaijan Institute of National Economy named [&hellip;]<\/p>\n","protected":false},"author":10,"featured_media":0,"parent":0,"menu_order":0,"comment_status":"open","ping_status":"open","template":"","meta":{"footnotes":""},"class_list":["post-12648","page","type-page","status-publish","hentry"],"_links":{"self":[{"href":"http:\/\/unec.edu.az\/en\/wp-json\/wp\/v2\/pages\/12648","targetHints":{"allow":["GET"]}}],"collection":[{"href":"http:\/\/unec.edu.az\/en\/wp-json\/wp\/v2\/pages"}],"about":[{"href":"http:\/\/unec.edu.az\/en\/wp-json\/wp\/v2\/types\/page"}],"author":[{"embeddable":true,"href":"http:\/\/unec.edu.az\/en\/wp-json\/wp\/v2\/users\/10"}],"replies":[{"embeddable":true,"href":"http:\/\/unec.edu.az\/en\/wp-json\/wp\/v2\/comments?post=12648"}],"version-history":[{"count":18,"href":"http:\/\/unec.edu.az\/en\/wp-json\/wp\/v2\/pages\/12648\/revisions"}],"predecessor-version":[{"id":179742,"href":"http:\/\/unec.edu.az\/en\/wp-json\/wp\/v2\/pages\/12648\/revisions\/179742"}],"wp:attachment":[{"href":"http:\/\/unec.edu.az\/en\/wp-json\/wp\/v2\/media?parent=12648"}],"curies":[{"name":"wp","href":"https:\/\/api.w.org\/{rel}","templated":true}]}}