{"id":12654,"date":"2015-06-02T15:00:38","date_gmt":"2015-06-02T11:00:38","guid":{"rendered":"https:\/\/unec.edu.az\/prof-sakit-memedi-oglu-yaqubov-2\/"},"modified":"2023-10-30T15:24:04","modified_gmt":"2023-10-30T11:24:04","slug":"prof-sakit-memedi-oglu-yaqubov","status":"publish","type":"page","link":"http:\/\/unec.edu.az\/en\/prof-sakit-memedi-oglu-yaqubov\/","title":{"rendered":"Prof. Sakit Yagubov Mamadi"},"content":{"rendered":"<h4 style=\"text-align: justify;\"><a href=\"https:\/\/unec.edu.az\/application\/uploads\/2016\/10\/sakit333.jpg\"><img fetchpriority=\"high\" decoding=\"async\" class=\"alignleft wp-image-68125 size-medium\" title=\"left\" src=\"https:\/\/unec.edu.az\/application\/uploads\/2016\/10\/sakit333-300x201.jpg\" alt=\"sakit333\" width=\"300\" height=\"201\" srcset=\"http:\/\/unec.edu.az\/application\/uploads\/2016\/10\/sakit333-300x200.jpg 300w, http:\/\/unec.edu.az\/application\/uploads\/2016\/10\/sakit333.jpg 800w\" sizes=\"(max-width: 300px) 100vw, 300px\" \/><\/a><\/h4>\n<h4 style=\"text-align: justify;\"><span style=\"color: #800000;\">Vice Rector for Science and Innovation Dr. of Econ., Prof. Sakit Yagubov Mamadi<\/span><\/h4>\n<h4><span style=\"color: #000080;\"><em>e-mail:\u00a0s.yagubov@unec.edu.az<\/em><\/span><\/h4>\n<p style=\"text-align: justify;\">S.M. Yaqubov was born on July 1, 1953. He graduated from secondary \u00a0\u00a0school in 1969 and\u00a0 \u00a0the same year entered the full-time department of Azerbaijan Institute of National Economy named after Dadash Bunyadzadeh. In 1973, he graduated from the same institute with a degree in Statistics. He served in the military in 1973-1974.<\/p>\n<p style=\"text-align: justify;\">In 1975-1977 he worked as an economist, chief economist and director of the &#8220;Agricultural Statistics&#8221; department of \u00a0Central Statistical Office of\u00a0 Azerbaijan SSR (now \u00a0State Statistics Committee of the Azerbaijan Republic).<\/p>\n<p style=\"text-align: justify;\">In 1977-1980 he studied full-time in graduate school and in 1980 he defended his dissertation \u00a0\u00a0titled\u00a0 &#8220;Economic and statistical study of labor productivity in livestock&#8221; on\u00a0 Statistics at\u00a0 Moscow Institute of Economics.<\/p>\n<p style=\"text-align: justify;\">In 1980-1990 he worked as an instructor and senior instructor \u00a0\u00a0at the &#8220;Statistics&#8221; department of AINE named after Dadash Bunyadzadeh and \u00a0Baku branch of \u00a0Leningrad Institute of Finance and Economics.<\/p>\n<p style=\"text-align: justify;\">In 1990 he was admitted to the full-time doctoral program of\u00a0 \u00a0Moscow Institute of Economics and Statistics on the basis of a competition announced in the former USSR. He studied there in 1990-1993. In 1993, he defended his doctoral dissertation on &#8220;Methodology for statistical assessment and analysis of livestock development in Azerbaijan&#8221; in &#8220;Statistics&#8221;.<\/p>\n<p style=\"text-align: justify;\">Professor S.M. Yaqubov worked as a professor at the &#8220;Statistics&#8221; department of Azerbaijan State Institute of Economics in 1993-2000, and from 2000 to 2017 as the head of the &#8220;Statistics&#8221; department of\u00a0 \u00a0Azerbaijan State University of Economics. From September 2017 to February 2018 he worked as the head of the department &#8220;Statistics and Econometrics&#8221;. In 2014-2018, he also served as director of\u00a0 \u00a0UNEC Center for Science and Innovation.<\/p>\n<p style=\"text-align: justify;\">Professor S.M.Yaqubov has worked as a vice \u2013 dean on Scientific and Innovations affairs from the February 2018 to the October of 2021. In 2021 October he was appointed a vice-rector on Scientific affairs with the decree of the minister of Science and Education of the Azerbaijan Republic.He is also a part-time professor of \u201cMathematics and Statistics\u201d department. He worked in this position until October 2023. He is a professor of the &#8220;Mathematics and Statistics&#8221; department of UNEC.<\/p>\n<p style=\"text-align: justify;\">Professor S. M Yaqubov was \u00a0\u00a0co-author and scientific editor of the textbooks &#8220;Statistics&#8221; (Baku 2015, 37 pp.) and &#8220;Socio-economic statistics&#8221; (Baku 2011, 25 pp.). His training aids as \u00a0\u201cSocial Statistics\u201d (Baku 1995, 6 p.m.), \u201cPopulation Statistics\u201d (Baku 2002, 12.5 p.m.), \u201cFinance and Banking Statistics\u201d (Baku 2006, 10.5 p.m.), \u201cSocial -economic statistics\u201d (Baku 2006, 15 pp.)\u00a0 have been\u00a0 published. He is a co-author and scientific editor of numerous curricula and guidelines.<\/p>\n<p style=\"text-align: justify;\">S.M.Yaqubov is the author of more than 115 scientific- methodical \u00a0\u00a0works totally 125 pp. in volume dedicated to actual problems of statistics, including 2 monographs &#8211; &#8220;Economic problems of livestock development&#8221;, Azerneshr, Baku 1986, 8 pp., &#8220;Development trends, strategies and problems of the Azerbaijani economy in 1990-2000&#8221;, Baku 2001.He is also the author of some books (10.8 pp.). His more than 15 scientific articles have been published in foreign countries.<\/p>\n<p style=\"text-align: justify;\">Under the guidance of Professor S. M Yaqubov, 1 doctor of sciences and 19 PhDs defended their dissertations. He has been the first official opponent of 2 doctoral dissertations and 18 PhD \u00a0\u00a0dissertations. He has participated and made a speech \u00a0\u00a0at international and national conferences.<\/p>\n<p style=\"text-align: justify;\">In 2002-2004 he has been a member of the Expert Council of the Supreme Attestation Commission under the President of the Republic of Azerbaijan, and since 1994 he has been a member of various specialized Dissertation Defense Councils. In 2015-2016, he was the Chairman of the Dissertation Defense Council at UNEC.<\/p>\n<p style=\"text-align: justify;\">Professor S.M. Yaqubov is still a member of the &#8220;Statistical Council&#8221; under the State Statistics Committee of the Republic of Azerbaijan, established by the order of the President of the Republic of Azerbaijan in 2005 and since 2015 is the editor-in-chief of the scientific-practical journal &#8220;Statistical News&#8221;.<\/p>\n<p style=\"text-align: justify;\">Professor S.M. Yaqubov is currently the only doctor of sciences in the Republic of Azerbaijan majoring in Statistics.<\/p>\n<p style=\"text-align: justify;\">According to the Order of the President of the Republic of Azerbaijan dated September 24, 2020, he was awarded the honorary title of &#8220;Honored Teacher&#8221; on the occasion of the 90th anniversary of Azerbaijan State University of Economics and for his services to the development of education in Azerbaijan.<\/p>\n<p style=\"text-align: justify;\"><a class=\"fancybox-thumb\" href=\"https:\/\/unec.edu.az\/application\/uploads\/2015\/06\/sakit377ef90c52d8e76.jpg\" rel=\"fancybox-thumb\"><img decoding=\"async\" class=\"fancybox-margin alignnone wp-image-164473 size-thumbnail\" src=\"https:\/\/unec.edu.az\/application\/uploads\/2015\/06\/sakit377ef90c52d8e76-150x150.jpg\" alt=\"sakit377ef90c52d8e76\" width=\"150\" height=\"150\" \/><\/a><a class=\"fancybox-thumb\" href=\"https:\/\/unec.edu.az\/application\/uploads\/2018\/11\/37.jpg\" rel=\"fancybox-thumb\"><img decoding=\"async\" class=\"fancybox-margin  alignnone wp-image-130162 size-thumbnail\" title=\"UNEC-d\u0259 \u201c24\/7 kitabxana\u201d f\u0259aliyy\u0259t\u0259 ba\u015flay\u0131b (01.11.2018)\" src=\"https:\/\/unec.edu.az\/application\/uploads\/2018\/11\/37-150x150.jpg\" alt=\"37\" width=\"150\" height=\"150\" \/><\/a><a class=\"fancybox-thumb\" href=\"https:\/\/unec.edu.az\/application\/uploads\/2016\/02\/DSC_4830.jpg\" rel=\"fancybox-thumb\"><img loading=\"lazy\" decoding=\"async\" class=\"fancybox-margin  alignnone wp-image-40940 size-thumbnail\" src=\"https:\/\/unec.edu.az\/application\/uploads\/2016\/02\/DSC_4830-150x150.jpg\" alt=\"DSC_4830\" width=\"150\" height=\"150\" \/><\/a><a class=\"fancybox-thumb\" href=\"https:\/\/unec.edu.az\/application\/uploads\/2017\/10\/DSC_7463.jpg\" rel=\"fancybox-thumb\"><img loading=\"lazy\" decoding=\"async\" class=\"fancybox-margin  alignnone wp-image-107953 size-thumbnail\" title=\"\u201cElm ayl\u0131\u011f\u0131nda\u201d n\u00f6vb\u0259ti m\u0259ruz\u0259: \u201cVergi siyas\u0259ti v\u0259 iqtisadi inki\u015faf\u201d (24.10.2017)\" src=\"https:\/\/unec.edu.az\/application\/uploads\/2017\/10\/DSC_7463-150x150.jpg\" alt=\"DSC_7463\" width=\"150\" height=\"150\" \/><\/a><a href=\"https:\/\/unec.edu.az\/application\/uploads\/2018\/02\/DSC_8695.jpg\"><img loading=\"lazy\" decoding=\"async\" class=\"alignnone wp-image-119029 size-thumbnail\" title=\"UNEC-d\u0259 elmi-praktik konfrans: \u201cSiemensl\u0259r G\u0259d\u0259b\u0259yd\u0259 150 il\u201d (21.02.2018)\" src=\"https:\/\/unec.edu.az\/application\/uploads\/2018\/02\/DSC_8695-150x150.jpg\" alt=\"DSC_8695\" width=\"150\" height=\"150\" \/><\/a><a class=\"fancybox-thumb\" href=\"https:\/\/unec.edu.az\/application\/uploads\/2019\/02\/DSC_7153.jpg\" rel=\"fancybox-thumb\"><img loading=\"lazy\" decoding=\"async\" class=\"fancybox-margin alignnone wp-image-137190 size-thumbnail\" title=\"\u201cDavaml\u0131 inki\u015faf\u0131n sosial-iqtisadi probleml\u0259ri\u201d m\u00f6vzusunda 37-ci beyn\u0259lxalq elmi konfrans ke\u00e7irilib (14.02.2019)\" src=\"https:\/\/unec.edu.az\/application\/uploads\/2019\/02\/DSC_7153-150x150.jpg\" alt=\"DSC_7153\" width=\"150\" height=\"150\" \/><\/a><br \/>\n<span style=\"color: #ffffff;\">*<\/span><br \/>\n<em><span style=\"color: #333333;\"><a style=\"color: #333333;\" href=\"https:\/\/unec.edu.az\/en\/pakistanli-tedqiqatci-unec-de\/\">Pakistani reseacher at UNEC<\/a>\u00a0(08.12.2017)<\/span><\/em><br \/>\n<span style=\"color: #333333;\"><em><a style=\"color: #333333;\" href=\"https:\/\/unec.edu.az\/en\/radio-unec-de-elm-ayligi-nin-neticeleri-muzakire-olunub\/\">Results of the \u201cScience Month\u201d discussed on Radio UNEC<\/a>\u00a0(30.11.2016)<a style=\"color: #333333;\" href=\"https:\/\/unec.edu.az\/en\/elm-ayligi-unec-i-elmi-tedqiqat-yonumlu-universitete-cevirmeye-xidmet-edir\/\"><br \/>\nThe \u201cScience Month\u201d serves to convert UNEC into a Scientific- research Oriented University<\/a>\u00a0(20.10.2016)<\/em><\/span><\/p>\n<p style=\"text-align: justify;\"><a class=\"fancybox-thumb\" href=\"https:\/\/unec.edu.az\/application\/uploads\/2015\/06\/sakit447f6b11f284300cb18d.jpg\" rel=\"fancybox-thumb\"><img loading=\"lazy\" decoding=\"async\" class=\"fancybox-margin alignnone wp-image-167099 size-image236x180\" title=\"UNEC \u201cQaraba\u011fa kitabla ged\u0259k\u201d kampaniyas\u0131na qo\u015fuldu (26.10.2021)\" src=\"https:\/\/unec.edu.az\/application\/uploads\/2015\/06\/sakit447f6b11f284300cb18d-236x180.jpg\" alt=\"sakit447f6b11f284300cb18d\" width=\"236\" height=\"180\" \/><\/a><a class=\"fancybox-thumb\" href=\"https:\/\/unec.edu.az\/application\/uploads\/2015\/06\/kitab5680e7ae.jpg\" rel=\"fancybox-thumb\"><img loading=\"lazy\" decoding=\"async\" class=\"fancybox-margin alignnone wp-image-167100 size-image236x180\" title=\"UNEC \u201cQaraba\u011fa kitabla ged\u0259k\u201d kampaniyas\u0131na qo\u015fuldu (26.10.2021)\" src=\"https:\/\/unec.edu.az\/application\/uploads\/2015\/06\/kitab5680e7ae-236x180.jpg\" alt=\"kitab5680e7ae\" width=\"236\" height=\"180\" \/><\/a><\/p>\n","protected":false},"excerpt":{"rendered":"<p>Vice Rector for Science and Innovation Dr. of Econ., Prof. Sakit Yagubov Mamadi e-mail:\u00a0s.yagubov@unec.edu.az S.M. Yaqubov was born on July 1, 1953. He graduated from secondary \u00a0\u00a0school in 1969 and\u00a0 \u00a0the same year entered the full-time department of Azerbaijan Institute of National Economy named after Dadash Bunyadzadeh. In 1973, he graduated from the same institute [&hellip;]<\/p>\n","protected":false},"author":10,"featured_media":0,"parent":0,"menu_order":0,"comment_status":"open","ping_status":"open","template":"","meta":{"footnotes":""},"class_list":["post-12654","page","type-page","status-publish","hentry"],"_links":{"self":[{"href":"http:\/\/unec.edu.az\/en\/wp-json\/wp\/v2\/pages\/12654","targetHints":{"allow":["GET"]}}],"collection":[{"href":"http:\/\/unec.edu.az\/en\/wp-json\/wp\/v2\/pages"}],"about":[{"href":"http:\/\/unec.edu.az\/en\/wp-json\/wp\/v2\/types\/page"}],"author":[{"embeddable":true,"href":"http:\/\/unec.edu.az\/en\/wp-json\/wp\/v2\/users\/10"}],"replies":[{"embeddable":true,"href":"http:\/\/unec.edu.az\/en\/wp-json\/wp\/v2\/comments?post=12654"}],"version-history":[{"count":21,"href":"http:\/\/unec.edu.az\/en\/wp-json\/wp\/v2\/pages\/12654\/revisions"}],"predecessor-version":[{"id":192308,"href":"http:\/\/unec.edu.az\/en\/wp-json\/wp\/v2\/pages\/12654\/revisions\/192308"}],"wp:attachment":[{"href":"http:\/\/unec.edu.az\/en\/wp-json\/wp\/v2\/media?parent=12654"}],"curies":[{"name":"wp","href":"https:\/\/api.w.org\/{rel}","templated":true}]}}