{"id":12668,"date":"2015-06-02T15:07:45","date_gmt":"2015-06-02T11:07:45","guid":{"rendered":"https:\/\/unec.edu.az\/prof-mehis-alis-oglu-ehmedov-2\/"},"modified":"2022-09-08T10:42:21","modified_gmt":"2022-09-08T06:42:21","slug":"professor-mahish-ahmadov-alish","status":"publish","type":"page","link":"http:\/\/unec.edu.az\/en\/professor-mahish-ahmadov-alish\/","title":{"rendered":"Professor Mahish Ahmadov Alish"},"content":{"rendered":"<h4><span style=\"color: #800000;\"><a href=\"https:\/\/unec.edu.az\/application\/uploads\/2018\/04\/hm-dov-M-hi-3.jpg\"><img decoding=\"async\" class=\"alignleft wp-image-122213\" title=\"left\" src=\"https:\/\/unec.edu.az\/application\/uploads\/2018\/04\/hm-dov-M-hi-3-300x200.jpg\" alt=\"\u018fhm\u0259dov M\u0259hi\u015f (3)\" width=\"270\" height=\"180\" srcset=\"http:\/\/unec.edu.az\/application\/uploads\/2018\/04\/hm-dov-M-hi-3-300x200.jpg 300w, http:\/\/unec.edu.az\/application\/uploads\/2018\/04\/hm-dov-M-hi-3.jpg 800w\" sizes=\"(max-width: 270px) 100vw, 270px\" \/><\/a>Dr. of Econ., Prof. Mahish Ahmadov Alish<\/span><\/h4>\n<h4 style=\"text-align: left;\"><span style=\"color: #000000;\"><em>e-mail: m.ahmedov@unec.edu.az<\/em><\/span><\/h4>\n<p style=\"text-align: justify;\">Was born in 1945.<br \/>\nHe studied at secondary school over 1951-1961 years.<\/p>\n<p style=\"text-align: justify;\">He entered the \u201cPlanning of people\u2019s economy\u201d at the \u201cEconomy\u201d faculty of the ASU in 1963 and graduated from the mentioned speciality in 1969.<\/p>\n<p style=\"text-align: justify;\">He worked as the junior scientist at the Institute of Economy of AzIEA from 1970 to 1977,\u00a0senior scientist over 1977-1980 years, senior teacher assistant professor at ASEU over 1980-1991 years and director of the department at ASEU over 1991-1996 years.<br \/>\nHe defended the candidacy dissertation in 1974. He has been the assistant professor since 1984.<\/p>\n<p style=\"text-align: justify;\">He has been the doctor of economic sciences since 2005 and professor from 2011. He is the Honoured Scientific.<\/p>\n<p style=\"text-align: justify;\">He was appointed the Director of the \u201cRegulation of economy\u201d department in 2006.<\/p>\n<p id=\"tw-target-text\" class=\"tw-data-text tw-text-large tw-ta\" dir=\"ltr\" data-placeholder=\"\u041f\u0435\u0440\u0435\u0432\u043e\u0434\"><span class=\"Y2IQFc\" lang=\"en\">From 2006 to September 2022, he was the head of the &#8220;Economic Regulation&#8221; department of the University of Economics.<\/span><\/p>\n<p style=\"text-align: justify;\">He was the member of the Expert Council on \u201cSciences of Economy and Law\u201d at the Higher Attestation Commission under the President of the Republic of Azerbaijan from 2006 to 2008.<\/p>\n<p style=\"text-align: justify;\">Since 2008, he has been the member of the Specialized Defence Council at the ASUE.\u00a0He is also the member of the Council of Problems on \u201cEconomy Section\u201d of the \u201cOrganization and coordination of scientific researches\u201d in Azerbaijan, Scientific Council of the University, editing team of the \u201cEconomic sciences: Theory and Practice\u201d journal, as well as head of the Training-Methodical Council of the University.<\/p>\n<p style=\"text-align: justify;\">According to the Presidential Decree of the Republic of Azerbaijan signed on September 26 2011, he was awarded the title of &#8220;Honored Teacher&#8221; for his contributions made in the development of Azerbaijan education.<\/p>\n<p style=\"text-align: justify;\">He was the scientific editor of 150 scientific-methodical publications, 3 textbooks, 4 training aids, numerous manuals, 5 analytical reports submitted to state agencies, 3 textbooks with 100 more than printed pages translated from Russian into Azerbaijani language.<\/p>\n<p style=\"text-align: justify;\">By the Order of the President of the Republic of Azerbaijan dated September 24, 2020, he was awarded the Order of \u00abGlory\u00bb\u00a0 on the occasion of the 90th anniversary of\u00a0\u00a0Azerbaijan State\u00a0 University of Economics and for his services to the development of education in Azerbaijan.<\/p>\n<p style=\"text-align: justify;\"><a class=\"fancybox-thumb\" href=\"https:\/\/unec.edu.az\/application\/uploads\/2016\/02\/DSC_4827.jpg\" rel=\"fancybox-thumb\"><img decoding=\"async\" class=\"fancybox-margin  alignnone wp-image-40937 size-thumbnail\" src=\"https:\/\/unec.edu.az\/application\/uploads\/2016\/02\/DSC_4827-150x150.jpg\" alt=\"DSC_4827\" width=\"150\" height=\"150\" \/><\/a><a class=\"fancybox-thumb\" href=\"https:\/\/unec.edu.az\/application\/uploads\/2016\/09\/20160921_123635.jpg\" rel=\"fancybox-thumb\"><img decoding=\"async\" class=\"fancybox-margin  alignnone wp-image-65362 size-thumbnail\" src=\"https:\/\/unec.edu.az\/application\/uploads\/2016\/09\/20160921_123635-150x150.jpg\" alt=\"20160921_123635\" width=\"150\" height=\"150\" \/><\/a><a class=\"fancybox-thumb\" href=\"https:\/\/unec.edu.az\/application\/uploads\/2016\/03\/DSC_6536.jpg\" rel=\"fancybox-thumb\"><img loading=\"lazy\" decoding=\"async\" class=\"fancybox-margin  alignnone wp-image-45361 size-thumbnail\" src=\"https:\/\/unec.edu.az\/application\/uploads\/2016\/03\/DSC_6536-150x150.jpg\" alt=\"DSC_6536\" width=\"150\" height=\"150\" \/><\/a><a class=\"fancybox-thumb\" href=\"https:\/\/unec.edu.az\/application\/uploads\/2017\/03\/DSC_0287.jpg\" rel=\"fancybox-thumb\"><img loading=\"lazy\" decoding=\"async\" class=\"fancybox-margin alignnone wp-image-86445 size-thumbnail\" title=\"\u201cNovruz m\u00fchazir\u0259l\u0259ri\u201d UNEC-d\u0259 davam edib (06.03.2017)\" src=\"https:\/\/unec.edu.az\/application\/uploads\/2017\/03\/DSC_0287-150x150.jpg\" alt=\"DSC_0287\" width=\"150\" height=\"150\" \/><\/a><a class=\"fancybox-thumb\" href=\"https:\/\/unec.edu.az\/application\/uploads\/2018\/05\/DSC_4270.jpg\" rel=\"fancybox-thumb\"><img loading=\"lazy\" decoding=\"async\" class=\"fancybox-margin alignnone wp-image-124584 size-thumbnail\" title=\"\u201cT\u0259dris standartlar\u0131n\u0131n haz\u0131rlanmas\u0131nda universitetl\u0259r\u0259 m\u00fcst\u0259qillik verilm\u0259lidir\u201d (03.05.2018)\" src=\"https:\/\/unec.edu.az\/application\/uploads\/2018\/05\/DSC_4270-150x150.jpg\" alt=\"DSC_4270\" width=\"150\" height=\"150\" \/><\/a><a class=\"fancybox-thumb\" href=\"https:\/\/unec.edu.az\/application\/uploads\/2015\/06\/IMG-20171107-WA00021.jpg\" rel=\"fancybox-thumb\"><img loading=\"lazy\" decoding=\"async\" class=\"fancybox-margin alignnone wp-image-155692 size-thumbnail\" title=\"UNEC professorlar\u0131 beyn\u0259lxalq konfransda i\u015ftirak edibl\u0259r (07.11.2017)\" src=\"https:\/\/unec.edu.az\/application\/uploads\/2015\/06\/IMG-20171107-WA00021-150x150.jpg\" alt=\"IMG-20171107-WA0002\" width=\"150\" height=\"150\" \/><\/a><\/p>\n<p style=\"text-align: justify;\"><em><a style=\"color: #000080;\" href=\"https:\/\/unec.edu.az\/application\/uploads\/2015\/06\/M-hi-m-l.-elmi-s-rl-r.pdf\">LIST OF SCIENTIFIC WORKS<\/a><\/em><\/p>\n<p class=\"content-title\"><span style=\"color: #333333;\"><em><a style=\"color: #333333;\" href=\"https:\/\/unec.edu.az\/en\/pakistanli-tedqiqatci-unec-de\/\">Pakistani reseacher at UNEC<\/a><a style=\"color: #333333;\" href=\"https:\/\/unec.edu.az\/en\/novruz-muhazireleri-unec-de-davam-edib\/\">\u00a0(08.12.2017)<br \/>\n\u201cNovruz Lectures\u201d are in progress at UNEC<\/a>\u00a0(06.03.2017)<a style=\"color: #333333;\" href=\"https:\/\/unec.edu.az\/en\/unec-professorlari-beynelxalq-elmi-seminara-qatiliblar\/\"><br \/>\nUNEC Professors joined the International Scientific Seminar<\/a>\u00a0(27.09.2016)<\/em><\/span><\/p>\n","protected":false},"excerpt":{"rendered":"<p>Dr. of Econ., Prof. Mahish Ahmadov Alish e-mail: m.ahmedov@unec.edu.az Was born in 1945. He studied at secondary school over 1951-1961 years. He entered the \u201cPlanning of people\u2019s economy\u201d at the \u201cEconomy\u201d faculty of the ASU in 1963 and graduated from the mentioned speciality in 1969. He worked as the junior scientist at the Institute of [&hellip;]<\/p>\n","protected":false},"author":10,"featured_media":0,"parent":0,"menu_order":0,"comment_status":"open","ping_status":"open","template":"","meta":{"footnotes":""},"class_list":["post-12668","page","type-page","status-publish","hentry"],"_links":{"self":[{"href":"http:\/\/unec.edu.az\/en\/wp-json\/wp\/v2\/pages\/12668","targetHints":{"allow":["GET"]}}],"collection":[{"href":"http:\/\/unec.edu.az\/en\/wp-json\/wp\/v2\/pages"}],"about":[{"href":"http:\/\/unec.edu.az\/en\/wp-json\/wp\/v2\/types\/page"}],"author":[{"embeddable":true,"href":"http:\/\/unec.edu.az\/en\/wp-json\/wp\/v2\/users\/10"}],"replies":[{"embeddable":true,"href":"http:\/\/unec.edu.az\/en\/wp-json\/wp\/v2\/comments?post=12668"}],"version-history":[{"count":21,"href":"http:\/\/unec.edu.az\/en\/wp-json\/wp\/v2\/pages\/12668\/revisions"}],"predecessor-version":[{"id":179744,"href":"http:\/\/unec.edu.az\/en\/wp-json\/wp\/v2\/pages\/12668\/revisions\/179744"}],"wp:attachment":[{"href":"http:\/\/unec.edu.az\/en\/wp-json\/wp\/v2\/media?parent=12668"}],"curies":[{"name":"wp","href":"https:\/\/api.w.org\/{rel}","templated":true}]}}