{"id":12696,"date":"2015-06-02T15:13:50","date_gmt":"2015-06-02T11:13:50","guid":{"rendered":"https:\/\/unec.edu.az\/prof-sekereliyev-arif-sekereli-oglu-2\/"},"modified":"2022-09-08T09:58:33","modified_gmt":"2022-09-08T05:58:33","slug":"prof-arif-shakarali-shakaraliyev","status":"publish","type":"page","link":"http:\/\/unec.edu.az\/en\/prof-arif-shakarali-shakaraliyev\/","title":{"rendered":"Prof. Arif Shakarali Shakaraliyev"},"content":{"rendered":"<p><a href=\"https:\/\/unec.edu.az\/application\/uploads\/2015\/06\/shekeraliyev_arif.jpg\"><img fetchpriority=\"high\" decoding=\"async\" class=\"alignleft wp-image-125998 size-medium\" title=\"left\" src=\"https:\/\/unec.edu.az\/application\/uploads\/2015\/06\/shekeraliyev_arif-300x200.jpg\" alt=\"shekeraliyev_arif\" width=\"300\" height=\"200\" srcset=\"http:\/\/unec.edu.az\/application\/uploads\/2015\/06\/shekeraliyev_arif-300x200.jpg 300w, http:\/\/unec.edu.az\/application\/uploads\/2015\/06\/shekeraliyev_arif.jpg 800w\" sizes=\"(max-width: 300px) 100vw, 300px\" \/><\/a><\/p>\n<p><span style=\"color: #800000;\">Dr of Econ., Prof.\u00a0Shakaraliyev Arif Shakarali<\/span><\/p>\n<h4><span style=\"color: #333333;\"><em>e-mail: a.shakaraliyev@unec.edu.az<\/em><\/span><strong>\u00a0<\/strong><\/h4>\n<p style=\"text-align: justify;\">He was born in Gafan village of Armenia on October 21, 1949.<\/p>\n<p style=\"text-align: justify;\">Get secondary education in 1955-1966 years.<\/p>\n<p style=\"text-align: justify;\">He was graduated Azerbaijan Institute of National Economics named after D.Bunyadzadeh (current ASEU) with Honored Diploma in 1970\u00a0He graduated post-graduate in Baku State University in 1971-1973 and defended candidate dissertation in 1976. Mr.Shakaraliyev defended his doctoral dissertation in 1991 at the Leningrad University of Finance and Economics and he has been a professor since 1992.<\/p>\n<p style=\"text-align: justify;\">He worked as senior research assistant in Azerbaijan State Academy of Physical Culture and Sports in 1970-1971, then as lector in 1971-1974, senior lector and deputy dean in 1974-1978, and then worked as associate professor, head of the chair in 1978-1982.\u00a0Mr.Shakaraliyev had been working as dean in ASEU in 1987-1990, and vice-rector in charge of scientific works in ASEU in 2000-2006.<\/p>\n<p id=\"tw-target-text\" class=\"tw-data-text tw-text-large tw-ta\" dir=\"ltr\" data-placeholder=\"\u041f\u0435\u0440\u0435\u0432\u043e\u0434\"><span class=\"Y2IQFc\" lang=\"en\">From 2001 to September 2022, he was the head of the &#8220;International Trade and Customs Affairs&#8221; and &#8220;Organization of Trade and Customs Affairs&#8221; departments of the University of Economics.<\/span><\/p>\n<p style=\"text-align: justify;\">He is the author of more than 260 scientific works, 65 books, textbooks and subject programs, more than 500 newspaper and scientific-publicist articles.<\/p>\n<p style=\"text-align: justify;\">For scientific activity, A.Shakaraliyev earned \u201cHonored Scientist\u201d in 2002. He is the member of International Management Academy.<\/p>\n<p style=\"text-align: justify;\">By the Order of the President of the Republic of Azerbaijan dated September 24, 2020, he was awarded the Order of \u00abGlory\u00bb on the occasion of the 90th anniversary of\u00a0 Azerbaijan State\u00a0 University of Economics and for his services to the development of education in Azerbaijan.<\/p>\n<p style=\"text-align: justify;\">Mr.Shakaraliyev was awarded with \u201cGold Pen\u201d media reward.<\/p>\n<h4><span style=\"color: #000080;\"><strong><em><a style=\"color: #000080;\" href=\"https:\/\/unec.edu.az\/application\/uploads\/2015\/06\/Arif_Shekeraliyev_elmi_eserler_1-8.pdf\">List of scientific works<\/a><\/em><\/strong><\/span><\/h4>\n<p><a class=\"fancybox-thumb\" href=\"https:\/\/unec.edu.az\/application\/uploads\/2021\/06\/TAG_4228.jpg\" rel=\"fancybox-thumb\"><img decoding=\"async\" class=\"fancybox-margin alignnone wp-image-163943 size-thumbnail\" src=\"https:\/\/unec.edu.az\/application\/uploads\/2021\/06\/TAG_4228-150x150.jpg\" alt=\"TAG_4228\" width=\"150\" height=\"150\" \/><\/a><a class=\"fancybox-thumb\" href=\"https:\/\/unec.edu.az\/application\/uploads\/2016\/02\/DSC_4821.jpg\" rel=\"fancybox-thumb\"><img decoding=\"async\" class=\"fancybox-margin  alignnone wp-image-40931 size-thumbnail\" src=\"https:\/\/unec.edu.az\/application\/uploads\/2016\/02\/DSC_4821-150x150.jpg\" alt=\"DSC_4821\" width=\"150\" height=\"150\" \/><\/a><a class=\"fancybox-thumb\" href=\"https:\/\/unec.edu.az\/application\/uploads\/2016\/10\/DSC00042.jpg\" rel=\"fancybox-thumb\"><img loading=\"lazy\" decoding=\"async\" class=\"fancybox-margin  alignnone wp-image-67320 size-thumbnail\" src=\"https:\/\/unec.edu.az\/application\/uploads\/2016\/10\/DSC00042-150x150.jpg\" alt=\"???????????????????????????????\" width=\"150\" height=\"150\" \/><\/a><a class=\"fancybox-thumb\" href=\"https:\/\/unec.edu.az\/application\/uploads\/2017\/10\/radio_7108.jpg\" rel=\"fancybox-thumb\"><img loading=\"lazy\" decoding=\"async\" class=\"fancybox-margin alignnone wp-image-106790 size-thumbnail\" title=\"\u0130xrac potensial\u0131n\u0131n art\u0131r\u0131lmas\u0131 d\u00f6vl\u0259t siyas\u0259tin\u0259 UNEC-d\u0259n d\u0259st\u0259k (18.10.2017)\" src=\"https:\/\/unec.edu.az\/application\/uploads\/2017\/10\/radio_7108-150x150.jpg\" alt=\"radio_7108\" width=\"150\" height=\"150\" \/><\/a><a class=\"fancybox-thumb\" href=\"https:\/\/unec.edu.az\/application\/uploads\/2016\/03\/DSC_6587.jpg\" rel=\"fancybox-thumb\"><img loading=\"lazy\" decoding=\"async\" class=\"fancybox-margin  alignnone wp-image-45684 size-thumbnail\" src=\"https:\/\/unec.edu.az\/application\/uploads\/2016\/03\/DSC_6587-150x150.jpg\" alt=\"DSC_6587\" width=\"150\" height=\"150\" \/><\/a><a class=\"fancybox-thumb\" href=\"https:\/\/unec.edu.az\/application\/uploads\/2015\/06\/arif33ok.jpg\" rel=\"fancybox-thumb\"><img loading=\"lazy\" decoding=\"async\" class=\"fancybox-margin  alignnone wp-image-99439 size-thumbnail\" title=\"\u015e\u0259rh: ixrac strukturunun \u015fax\u0259l\u0259ndirilm\u0259sinin \u0259sas istiqam\u0259tl\u0259ri v\u0259 perspektivl\u0259ri (AZ\u018fRTAC - 20.06.2017)\" src=\"https:\/\/unec.edu.az\/application\/uploads\/2015\/06\/arif33ok-150x150.jpg\" alt=\"arif33\u043e\u043a\" width=\"150\" height=\"150\" \/><\/a><\/p>\n<p style=\"text-align: left;\"><span style=\"color: #333333;\"><em><span style=\"color: #333333;\"><a style=\"color: #333333;\" href=\"https:\/\/unec.edu.az\/en\/ictimai-muzakirelerde-unec-ekspertleri-fealliq-numayis-etdirir\/\">UNEC Experts are active in the Public Debate<\/a>\u00a0(24.04.2017 &#8211; VIDEO)<\/span><\/em><\/span><\/p>\n<p><iframe src=\"https:\/\/www.youtube.com\/embed\/pIeo58F1Gnw\" width=\"425\" height=\"239\" frameborder=\"0\" allowfullscreen=\"allowfullscreen\"><\/iframe><\/p>\n","protected":false},"excerpt":{"rendered":"<p>Dr of Econ., Prof.\u00a0Shakaraliyev Arif Shakarali e-mail: a.shakaraliyev@unec.edu.az\u00a0 He was born in Gafan village of Armenia on October 21, 1949. Get secondary education in 1955-1966 years. He was graduated Azerbaijan Institute of National Economics named after D.Bunyadzadeh (current ASEU) with Honored Diploma in 1970\u00a0He graduated post-graduate in Baku State University in 1971-1973 and defended candidate [&hellip;]<\/p>\n","protected":false},"author":10,"featured_media":0,"parent":0,"menu_order":0,"comment_status":"open","ping_status":"open","template":"","meta":{"footnotes":""},"class_list":["post-12696","page","type-page","status-publish","hentry"],"_links":{"self":[{"href":"http:\/\/unec.edu.az\/en\/wp-json\/wp\/v2\/pages\/12696","targetHints":{"allow":["GET"]}}],"collection":[{"href":"http:\/\/unec.edu.az\/en\/wp-json\/wp\/v2\/pages"}],"about":[{"href":"http:\/\/unec.edu.az\/en\/wp-json\/wp\/v2\/types\/page"}],"author":[{"embeddable":true,"href":"http:\/\/unec.edu.az\/en\/wp-json\/wp\/v2\/users\/10"}],"replies":[{"embeddable":true,"href":"http:\/\/unec.edu.az\/en\/wp-json\/wp\/v2\/comments?post=12696"}],"version-history":[{"count":23,"href":"http:\/\/unec.edu.az\/en\/wp-json\/wp\/v2\/pages\/12696\/revisions"}],"predecessor-version":[{"id":179739,"href":"http:\/\/unec.edu.az\/en\/wp-json\/wp\/v2\/pages\/12696\/revisions\/179739"}],"wp:attachment":[{"href":"http:\/\/unec.edu.az\/en\/wp-json\/wp\/v2\/media?parent=12696"}],"curies":[{"name":"wp","href":"https:\/\/api.w.org\/{rel}","templated":true}]}}