{"id":13187,"date":"2015-05-27T14:04:32","date_gmt":"2015-05-27T10:04:32","guid":{"rendered":"https:\/\/unec.edu.az\/dosent-bayramov-hafiz-meherrem-oglu-2\/"},"modified":"2020-06-26T21:54:38","modified_gmt":"2020-06-26T17:54:38","slug":"assistant-professor-bayramov-hafiz-maharram","status":"publish","type":"page","link":"http:\/\/unec.edu.az\/en\/assistant-professor-bayramov-hafiz-maharram\/","title":{"rendered":"assistant professor Bayramov Hafiz Maharram"},"content":{"rendered":"<h4 style=\"text-align: justify;\"><span style=\"color: #800000;\"><a href=\"https:\/\/unec.edu.az\/application\/uploads\/2015\/05\/hafiz_5554-kopiya.jpg\"><img decoding=\"async\" class=\"alignleft wp-image-48723 \" title=\"left\" src=\"https:\/\/unec.edu.az\/application\/uploads\/2015\/05\/hafiz_5554-kopiya.jpg\" alt=\"hafiz_5554 - \u043a\u043e\u043f\u0438\u044f\" width=\"167\" height=\"198\" \/><\/a><\/span><strong><span style=\"color: #800000;\">Bayramov Hafiz Maharram<\/span><\/strong><\/h4>\n<h4 style=\"text-align: justify;\"><em><span style=\"color: #800000;\"><span style=\"color: #000000;\">e-mail: hafiz.bayramov@unec.edu.az; hafiba@gmail.com\u00a0 \u00a0<\/span><\/span><\/em><strong><span style=\"color: #800000;\">\u00a0 \u00a0<\/span><\/strong><\/h4>\n<p style=\"text-align: justify;\">Was born on July 21, 1947 in Shamkir town of the Republic of Azerbaijan.<\/p>\n<p style=\"text-align: justify;\">He was admitted to the \u201cAutomatics and telemechanics\u201d faculty of the Moscow Institute of Oil-Chemistry and gas industry named after \u0130.M.Gubkin in 1966 and graduated from that faculty with the honoured diploma in 1971. He entered the Mechanics-mathematics faculty of the Azerbaijan State University in 1973 and graduated from the University in 1978.<\/p>\n<p style=\"text-align: justify;\">He defended the candidacy dissertation at the Specialized Scientific Council of the Azerbaijan Oil and Chemistry Institute in 1981 and gained the scientific title of \u201cthe candidate of technical sciences.<\/p>\n<p style=\"text-align: justify;\">He worked as the engineer, junior scientist, and senior scientist at the \u201cNeftkiymaavtomat\u201d Scientific-Research and Design Institute. Afterwards, he was the director of the Calculation Centre of the USSR Construction Bank (Azcontras).<\/p>\n<p style=\"text-align: justify;\">He occupied the positions of the senior teacher, assistant professor at the Azerbaijan State Economic University from 1989.<\/p>\n<p style=\"text-align: justify;\">In 2013 &#8211; 2018 he was the head of the Department of Informatics at the Economic University.<\/p>\n<p style=\"text-align: justify;\">He is the author of more than 23 scientific works, textbooks and training aids.<\/p>\n<p style=\"text-align: justify;\"><a class=\"fancybox-thumb\" href=\"https:\/\/unec.edu.az\/application\/uploads\/2017\/11\/IMG_7281.jpg\" rel=\"fancybox-thumb\"><img decoding=\"async\" class=\"fancybox-margin alignnone wp-image-111447 size-thumbnail\" title=\"UNEC-in \u201cTexnoloji T\u0259hsil Qrupu\u201dndan t\u0259l\u0259b\u0259l\u0259r \u00fc\u00e7\u00fcn disput (21.11.2017)\" src=\"https:\/\/unec.edu.az\/application\/uploads\/2017\/11\/IMG_7281-150x150.jpg\" alt=\"IMG_7281\" width=\"150\" height=\"150\" \/><\/a><a class=\"fancybox-thumb\" href=\"https:\/\/unec.edu.az\/application\/uploads\/2017\/11\/20171102_152018.jpg\" rel=\"fancybox-thumb\"><img decoding=\"async\" class=\"fancybox-margin alignnone wp-image-109467 size-thumbnail\" title=\"UNEC-d\u0259 elmi seminar: \u201cBlok\u00e7eyn v\u0259 kriptovalyuta texnologiyalar\u0131n\u0131n Az\u0259rbaycanda t\u0259tbiq imkanlar\u0131\u201d (03.11.2017)\" src=\"https:\/\/unec.edu.az\/application\/uploads\/2017\/11\/20171102_152018-150x150.jpg\" alt=\"20171102_152018\" width=\"150\" height=\"150\" \/><\/a><a class=\"fancybox-thumb\" href=\"https:\/\/unec.edu.az\/application\/uploads\/2015\/05\/sardar_123102.jpg\" rel=\"fancybox-thumb\"><img loading=\"lazy\" decoding=\"async\" class=\"fancybox-margin alignnone wp-image-69397 size-thumbnail\" src=\"https:\/\/unec.edu.az\/application\/uploads\/2015\/05\/sardar_123102-150x150.jpg\" alt=\"sardar_123102\" width=\"150\" height=\"150\" \/><\/a><a class=\"fancybox-thumb\" href=\"https:\/\/unec.edu.az\/application\/uploads\/2015\/02\/qida-20171026-WA0005.jpg\" rel=\"fancybox-thumb\"><img loading=\"lazy\" decoding=\"async\" class=\"fancybox-margin alignnone wp-image-108666 size-thumbnail\" title=\"Sumqay\u0131t Texnologiyalar Park\u0131 (27.10.2017)\" src=\"https:\/\/unec.edu.az\/application\/uploads\/2015\/02\/qida-20171026-WA0005-150x150.jpg\" alt=\"qida-20171026-WA0005\" width=\"150\" height=\"150\" \/><\/a><a class=\"fancybox-thumb\" href=\"https:\/\/unec.edu.az\/application\/uploads\/2017\/11\/20171106_120635.jpg\" rel=\"fancybox-thumb\"><img loading=\"lazy\" decoding=\"async\" class=\"fancybox-margin alignnone wp-image-109846 size-thumbnail\" title=\"UNEC-in pedaqoji hey\u0259ti \u00fc\u00e7\u00fcn t\u0259lim: \u201c\u0130nformasiya t\u0259hl\u00fck\u0259sizliyi\u201d (07.11.2017)\" src=\"https:\/\/unec.edu.az\/application\/uploads\/2017\/11\/20171106_120635-150x150.jpg\" alt=\"20171106_120635\" width=\"150\" height=\"150\" \/><\/a><a class=\"fancybox-thumb\" href=\"https:\/\/unec.edu.az\/application\/uploads\/2017\/12\/20171225_112505.jpg\" rel=\"fancybox-thumb\"><img loading=\"lazy\" decoding=\"async\" class=\"fancybox-margin alignnone wp-image-114720 size-thumbnail\" title=\"UNEC-d\u0259 elmi seminar: \u201cM\u00fc\u0259ssis\u0259l\u0259rd\u0259 informasiya texnologiyalar\u0131n\u0131n auditi\u201d (27.12.2017)\" src=\"https:\/\/unec.edu.az\/application\/uploads\/2017\/12\/20171225_112505-150x150.jpg\" alt=\"20171225_112505\" width=\"150\" height=\"150\" \/><\/a><\/p>\n<p style=\"text-align: justify;\"><em><span style=\"color: #333333;\"><a style=\"color: #333333;\" href=\"https:\/\/unec.edu.az\/en\/unec-in-texnoloji-tehsil-qrupu-ndan-telebeler-ucun-disput\/\">The dispute for UNEC students from \u201cTechnological Education Group\u201d<\/a>\u00a0(21.11.2017)<\/span><\/em><\/p>\n<p style=\"text-align: justify;\"><a class=\"fancybox-thumb\" href=\"https:\/\/unec.edu.az\/application\/uploads\/2015\/05\/hafizdf475a98d-14.jpg\" rel=\"fancybox-thumb\"><img loading=\"lazy\" decoding=\"async\" class=\"fancybox-margin alignnone wp-image-153909 size-medium\" src=\"https:\/\/unec.edu.az\/application\/uploads\/2015\/05\/hafizdf475a98d-14-300x169.jpg\" alt=\"hafizdf475a98d-14\" width=\"300\" height=\"169\" srcset=\"http:\/\/unec.edu.az\/application\/uploads\/2015\/05\/hafizdf475a98d-14-300x169.jpg 300w, http:\/\/unec.edu.az\/application\/uploads\/2015\/05\/hafizdf475a98d-14-1024x576.jpg 1024w\" sizes=\"(max-width: 300px) 100vw, 300px\" \/><\/a><\/p>\n","protected":false},"excerpt":{"rendered":"<p>Bayramov Hafiz Maharram e-mail: hafiz.bayramov@unec.edu.az; hafiba@gmail.com\u00a0 \u00a0\u00a0 \u00a0 Was born on July 21, 1947 in Shamkir town of the Republic of Azerbaijan. He was admitted to the \u201cAutomatics and telemechanics\u201d faculty of the Moscow Institute of Oil-Chemistry and gas industry named after \u0130.M.Gubkin in 1966 and graduated from that faculty with the honoured diploma in [&hellip;]<\/p>\n","protected":false},"author":10,"featured_media":0,"parent":0,"menu_order":0,"comment_status":"open","ping_status":"open","template":"","meta":{"footnotes":""},"class_list":["post-13187","page","type-page","status-publish","hentry"],"_links":{"self":[{"href":"http:\/\/unec.edu.az\/en\/wp-json\/wp\/v2\/pages\/13187","targetHints":{"allow":["GET"]}}],"collection":[{"href":"http:\/\/unec.edu.az\/en\/wp-json\/wp\/v2\/pages"}],"about":[{"href":"http:\/\/unec.edu.az\/en\/wp-json\/wp\/v2\/types\/page"}],"author":[{"embeddable":true,"href":"http:\/\/unec.edu.az\/en\/wp-json\/wp\/v2\/users\/10"}],"replies":[{"embeddable":true,"href":"http:\/\/unec.edu.az\/en\/wp-json\/wp\/v2\/comments?post=13187"}],"version-history":[{"count":11,"href":"http:\/\/unec.edu.az\/en\/wp-json\/wp\/v2\/pages\/13187\/revisions"}],"predecessor-version":[{"id":153965,"href":"http:\/\/unec.edu.az\/en\/wp-json\/wp\/v2\/pages\/13187\/revisions\/153965"}],"wp:attachment":[{"href":"http:\/\/unec.edu.az\/en\/wp-json\/wp\/v2\/media?parent=13187"}],"curies":[{"name":"wp","href":"https:\/\/api.w.org\/{rel}","templated":true}]}}