{"id":13231,"date":"2015-06-03T16:41:17","date_gmt":"2015-06-03T12:41:17","guid":{"rendered":"https:\/\/unec.edu.az\/prof-eliyev-umudvar-qenber-oglu-2\/"},"modified":"2022-09-08T11:04:31","modified_gmt":"2022-09-08T07:04:31","slug":"prof-aliyev-umudvar-ganbar","status":"publish","type":"page","link":"http:\/\/unec.edu.az\/en\/prof-aliyev-umudvar-ganbar\/","title":{"rendered":"prof. Aliyev Umudvar Ganbar oglu"},"content":{"rendered":"<div style=\"text-align: justify;\">\n<h4><a href=\"https:\/\/unec.edu.az\/application\/uploads\/2015\/06\/aliyev_umudvar.jpg\"><img fetchpriority=\"high\" decoding=\"async\" class=\"alignleft wp-image-126000 size-medium\" title=\"left\" src=\"https:\/\/unec.edu.az\/application\/uploads\/2015\/06\/aliyev_umudvar-300x200.jpg\" alt=\"aliyev_umudvar\" width=\"300\" height=\"200\" srcset=\"http:\/\/unec.edu.az\/application\/uploads\/2015\/06\/aliyev_umudvar-300x200.jpg 300w, http:\/\/unec.edu.az\/application\/uploads\/2015\/06\/aliyev_umudvar.jpg 800w\" sizes=\"(max-width: 300px) 100vw, 300px\" \/><\/a><\/h4>\n<p><span style=\"color: #800000;\">Dr of Econ., Prof. Aliyev Umudvar Ganbar<\/span><\/p>\n<h4><span style=\"color: #333333;\"><em>e-mail: umudvar.aliyev@unec.edu.az<\/em><\/span><\/h4>\n<p>Was born in Jafarli village of Imishli region of the Republic of Azerbaijan on August 10, 1953.<\/p>\n<p>Studied at the Jafarli village secondary school during 1960-1970.<\/p>\n<p>Entered to the Azerbaijan Institute of National Economics, current Azerbaijan State Economics University in 1972, and graduated from this institute in 1977 with honored diploma. Graduated from post-graduate degree of the same Institute in 1985 and defending dissertation get the title of candidate on economic sciences.<br \/>\nDefended doctoral dissertation in 2007.\u00a0\u00a0Currently is the Doctor of economics, and professor of the chair \u201cEconomic theory-1\u201d.<\/p>\n<p id=\"tw-target-text\" class=\"tw-data-text tw-text-large tw-ta\" dir=\"ltr\" data-placeholder=\"\u041f\u0435\u0440\u0435\u0432\u043e\u0434\"><span class=\"Y2IQFc\" lang=\"en\">Until September 2022, he was the head of the &#8220;Theoretical and Practical Economics&#8221; department of UNEC.<\/span><\/p>\n<p>Awarded with the \u201cTereggi\u201d medal for contribution to the development of education by the Decree of the President of the Republic of Azerbaijan in 2011.\u00a0Is the member of doctorate defense council of the University.<\/p>\n<p>Is the author of several monographs and more than 70 scientific articles.<\/p>\n<p>According to the Order of the President of the Republic of Azerbaijan dated September 24, 2020, he was awarded the honorary title of &#8220;Honored Teacher&#8221; on the occasion of the 90th anniversary of Azerbaijan State University of Economics and for his services to the development of education in Azerbaijan.<\/p>\n<p>Married, has three children and two grandchildren.<\/p>\n<p><span style=\"color: #000080;\"><em><a style=\"color: #000080;\" href=\"https:\/\/unec.edu.az\/application\/uploads\/2015\/06\/Umudvar_Aliyev_elmi_eserler.pdf\">LIST OF SCIENTIFIC WORKS<\/a><\/em><\/span><\/p>\n<p><a class=\"fancybox-thumb\" href=\"https:\/\/unec.edu.az\/application\/uploads\/2016\/02\/DSC_4822.jpg\" rel=\"fancybox-thumb\"><img decoding=\"async\" class=\"fancybox-margin alignnone wp-image-40932 \" src=\"https:\/\/unec.edu.az\/application\/uploads\/2016\/02\/DSC_4822-236x180.jpg\" alt=\"DSC_4822\" width=\"175\" height=\"133\" \/><\/a><a class=\"fancybox-thumb\" href=\"https:\/\/unec.edu.az\/application\/uploads\/2015\/06\/DSC_8728-kopiya.jpg\" rel=\"fancybox-thumb\"><img decoding=\"async\" class=\"fancybox-margin alignnone wp-image-68090 \" src=\"https:\/\/unec.edu.az\/application\/uploads\/2015\/06\/DSC_8728-kopiya-236x180.jpg\" alt=\"DSC_8728 - \u043a\u043e\u043f\u0438\u044f\" width=\"175\" height=\"134\" \/><\/a><a class=\"fancybox-thumb\" href=\"https:\/\/unec.edu.az\/application\/uploads\/2015\/06\/1-umudvar_1352.jpg\" rel=\"fancybox-thumb\"><img loading=\"lazy\" decoding=\"async\" class=\"fancybox-margin alignnone wp-image-73719 \" title=\"UNEC-d\u0259 konfrans: \u201cM\u00fcst\u0259qil Az\u0259rbaycan\u0131n inki\u015faf\u0131 r\u0259q\u0259ml\u0259rd\u0259\u201d (24.11.2016)\" src=\"https:\/\/unec.edu.az\/application\/uploads\/2015\/06\/1-umudvar_1352-300x200.jpg\" alt=\"1-umudvar_1352\" width=\"201\" height=\"134\" srcset=\"http:\/\/unec.edu.az\/application\/uploads\/2015\/06\/1-umudvar_1352-300x200.jpg 300w, http:\/\/unec.edu.az\/application\/uploads\/2015\/06\/1-umudvar_1352.jpg 800w\" sizes=\"(max-width: 201px) 100vw, 201px\" \/><\/a><a class=\"fancybox-thumb\" href=\"https:\/\/unec.edu.az\/application\/uploads\/2016\/02\/DSC_4838.jpg\" rel=\"fancybox-thumb\"><img loading=\"lazy\" decoding=\"async\" class=\"fancybox-margin alignnone wp-image-40945 \" src=\"https:\/\/unec.edu.az\/application\/uploads\/2016\/02\/DSC_4838-236x180.jpg\" alt=\"DSC_4838\" width=\"175\" height=\"133\" \/><\/a><a class=\"fancybox-thumb\" href=\"https:\/\/unec.edu.az\/application\/uploads\/2016\/12\/1-DSC_2601.jpg\" rel=\"fancybox-thumb\"><img loading=\"lazy\" decoding=\"async\" class=\"fancybox-margin alignnone wp-image-75283 \" title=\"UNEC-in professor-m\u00fc\u0259llim hey\u0259ti Sumqay\u0131t Kimya S\u0259naye Park\u0131nda olublar (07.12.2016)\" src=\"https:\/\/unec.edu.az\/application\/uploads\/2016\/12\/1-DSC_2601-300x200.jpg\" alt=\"1-DSC_2601\" width=\"200\" height=\"133\" srcset=\"http:\/\/unec.edu.az\/application\/uploads\/2016\/12\/1-DSC_2601-300x200.jpg 300w, http:\/\/unec.edu.az\/application\/uploads\/2016\/12\/1-DSC_2601.jpg 800w\" sizes=\"(max-width: 200px) 100vw, 200px\" \/><\/a><\/p>\n<\/div>\n<p><span style=\"color: #333333;\"><em><span style=\"color: #333333;\"><a style=\"color: #333333;\" href=\"https:\/\/unec.edu.az\/en\/pakistanli-tedqiqatci-unec-de\/\">Pakistani reseacher at UNEC<\/a>\u00a0(08.12.2017)<\/span><a style=\"color: #333333;\" href=\"https:\/\/unec.edu.az\/en\/unec-professorlari-strateji-yol-xeritesi-milli-iqtisadi-inkisafin-esas-konturlarini-deqiq-mueyyen-edir\/\"><br \/>\nUNEC Professors: \u201cStrategic Roadmap sets out the Precise Contours of the National Economic Development\u201d<\/a>\u00a0(10.02.2017)<br \/>\n<\/em><em><a style=\"color: #333333;\" href=\"https:\/\/unec.edu.az\/en\/unec-de-seminar-maliyye-xidmetlerinin-inkisafi-real-sektorun-dayaniqliligini-temin-edecek\/\">A Seminar held at UNEC: Development of Financial Services will provide the Sustainability of the Real Sector<\/a><\/em><em>\u00a0(19.01.2017)<\/em><\/span><\/p>\n<p style=\"text-align: left;\"><a class=\"fancybox-thumb\" href=\"https:\/\/unec.edu.az\/application\/uploads\/2015\/06\/IMG_2753.jpg\" rel=\"fancybox-thumb\"><img loading=\"lazy\" decoding=\"async\" class=\"fancybox-margin alignnone wp-image-155688 size-image236x180\" title=\"UNEC professorlar\u0131 beyn\u0259lxalq konfransda stradibl\u0259r (07.11.2017)\" src=\"https:\/\/unec.edu.az\/application\/uploads\/2015\/06\/IMG_2753-236x180.jpg\" alt=\"IMG_2753\" width=\"236\" height=\"180\" \/><\/a><a class=\"fancybox-thumb\" href=\"https:\/\/unec.edu.az\/application\/uploads\/2015\/06\/IMG-20171107-WA0001.jpg\" rel=\"fancybox-thumb\"><img loading=\"lazy\" decoding=\"async\" class=\"fancybox-margin alignnone wp-image-155689 size-image236x180\" title=\"UNEC professorlar\u0131 beyn\u0259lxalq konfransda stradibl\u0259r (07.11.2017)\" src=\"https:\/\/unec.edu.az\/application\/uploads\/2015\/06\/IMG-20171107-WA0001-236x180.jpg\" alt=\"IMG-20171107-WA0001\" width=\"236\" height=\"180\" \/><\/a><a class=\"fancybox-thumb\" href=\"https:\/\/unec.edu.az\/application\/uploads\/2015\/06\/IMG-20171107-WA0002.jpg\" rel=\"fancybox-thumb\"><img loading=\"lazy\" decoding=\"async\" class=\"fancybox-margin alignnone wp-image-155690 size-image236x180\" title=\"UNEC professorlar\u0131 beyn\u0259lxalq konfransda stradibl\u0259r (07.11.2017)\" src=\"https:\/\/unec.edu.az\/application\/uploads\/2015\/06\/IMG-20171107-WA0002-236x180.jpg\" alt=\"IMG-20171107-WA0002\" width=\"236\" height=\"180\" \/><\/a><a class=\"fancybox-thumb\" href=\"https:\/\/unec.edu.az\/application\/uploads\/2017\/05\/umudvarrok.jpg\" rel=\"fancybox-thumb\"><img loading=\"lazy\" decoding=\"async\" class=\"fancybox-margin alignnone wp-image-94957 size-image236x180\" title=\"UNEC eksperti: \u0130qtisadiyyat\u0131n yeni m\u0259nb\u0259l\u0259r hesab\u0131na stimulla\u015fd\u0131r\u0131lmas\u0131 xarici iqtisadi f\u0259aliyy\u0259tin canlanmas\u0131nda da \u00f6z \u0259ksini tapacaq (12.05.2017)\" src=\"https:\/\/unec.edu.az\/application\/uploads\/2017\/05\/umudvarrok-236x180.jpg\" alt=\"umudvarr\u043e\u043a\" width=\"236\" height=\"180\" \/><\/a><\/p>\n","protected":false},"excerpt":{"rendered":"<p>Dr of Econ., Prof. Aliyev Umudvar Ganbar e-mail: umudvar.aliyev@unec.edu.az Was born in Jafarli village of Imishli region of the Republic of Azerbaijan on August 10, 1953. Studied at the Jafarli village secondary school during 1960-1970. Entered to the Azerbaijan Institute of National Economics, current Azerbaijan State Economics University in 1972, and graduated from this institute [&hellip;]<\/p>\n","protected":false},"author":10,"featured_media":0,"parent":0,"menu_order":0,"comment_status":"open","ping_status":"open","template":"","meta":{"footnotes":""},"class_list":["post-13231","page","type-page","status-publish","hentry"],"_links":{"self":[{"href":"http:\/\/unec.edu.az\/en\/wp-json\/wp\/v2\/pages\/13231","targetHints":{"allow":["GET"]}}],"collection":[{"href":"http:\/\/unec.edu.az\/en\/wp-json\/wp\/v2\/pages"}],"about":[{"href":"http:\/\/unec.edu.az\/en\/wp-json\/wp\/v2\/types\/page"}],"author":[{"embeddable":true,"href":"http:\/\/unec.edu.az\/en\/wp-json\/wp\/v2\/users\/10"}],"replies":[{"embeddable":true,"href":"http:\/\/unec.edu.az\/en\/wp-json\/wp\/v2\/comments?post=13231"}],"version-history":[{"count":20,"href":"http:\/\/unec.edu.az\/en\/wp-json\/wp\/v2\/pages\/13231\/revisions"}],"predecessor-version":[{"id":179755,"href":"http:\/\/unec.edu.az\/en\/wp-json\/wp\/v2\/pages\/13231\/revisions\/179755"}],"wp:attachment":[{"href":"http:\/\/unec.edu.az\/en\/wp-json\/wp\/v2\/media?parent=13231"}],"curies":[{"name":"wp","href":"https:\/\/api.w.org\/{rel}","templated":true}]}}