{"id":13235,"date":"2015-06-04T14:48:06","date_gmt":"2015-06-04T10:48:06","guid":{"rendered":"https:\/\/unec.edu.az\/memmedova-lale-hamlet-qizi-2\/"},"modified":"2022-04-15T12:33:34","modified_gmt":"2022-04-15T08:33:34","slug":"mammadova-lale-hamlet","status":"publish","type":"page","link":"http:\/\/unec.edu.az\/en\/mammadova-lale-hamlet\/","title":{"rendered":"Director of UNEC School of Design PhD in Study of A. Assoc.Prof. Mammadova Lale Hamlet"},"content":{"rendered":"<h4 style=\"text-align: justify;\"><span style=\"color: #800000;\"><span style=\"font-size: 12pt;\"><strong><a style=\"color: #800000;\" href=\"https:\/\/unec.edu.az\/application\/uploads\/2015\/02\/lala_dizayn.jpg\"><img fetchpriority=\"high\" decoding=\"async\" class=\"left alignleft wp-image-9996\" src=\"https:\/\/unec.edu.az\/application\/uploads\/2015\/02\/lala_dizayn-226x300.jpg\" alt=\"lala_dizayn\" width=\"208\" height=\"276\" srcset=\"http:\/\/unec.edu.az\/application\/uploads\/2015\/02\/lala_dizayn-226x300.jpg 226w, http:\/\/unec.edu.az\/application\/uploads\/2015\/02\/lala_dizayn.jpg 250w\" sizes=\"(max-width: 208px) 100vw, 208px\" \/><\/a><\/strong><\/span><\/span><\/h4>\n<h4 id=\"tw-target-text\" class=\"tw-data-text tw-text-large XcVN5d tw-ta\" dir=\"ltr\" data-placeholder=\"\u041f\u0435\u0440\u0435\u0432\u043e\u0434\"><span style=\"color: #800000;\"><span lang=\"en\">Director of UNEC School of Design <\/span>PhD in Study of A. Assoc.Prof.\u00a0\u00a0Mammadova Lale Hamlet<\/span><\/h4>\n<h4><span style=\"font-size: 12pt; color: #000080;\"><em>e-mail: lala.mammadova@unec.edu.az<\/em><\/span><\/h4>\n<p style=\"text-align: justify;\">Mammadova Lale Hamlet was born on October 10 1972 in Leningrad, Russian Federation. In 1989 she was enrolled to the School of Art Graphics of Azerbaijan State Pedagogical Institute on the major Teaching staff of painting and labor and graduated from Azerbaijan State Pedagogical University named after Tusi on the same specialty in 1994.<\/p>\n<p style=\"text-align: justify;\">Within 1994-1996 she was a teaching staff of the secondary school 175 on Fine arts, in the years of 1999- 2000 senior teaching staff of Baku Institute of Commodity Research and Commerce at the School of \u201cDesign\u201d and within 2000- 2014 senior teaching staff of Azerbaijan State University of Economics at the Department of \u201cDesign\u201d.<\/p>\n<p style=\"text-align: justify;\">From November 24, 2014 to 2020, he worked as a deputy head of the department.<\/p>\n<p style=\"text-align: justify;\">Since November 2020, he has been the director of the UNEC School of Design.<\/p>\n<p style=\"text-align: justify;\">She defended her thesis on \u201cArtworks in Azerbaijan Miniature Artists\u2019 Creation in the Middle Ages\u201d and became PhD in Arts in 2013.<\/p>\n<p style=\"text-align: justify;\">Her scientific- pedagogical traineeship is 16 years; she is the author of more than 50 scientific works. Mammadova is the member of Artists\u2019 Union of the Republic of Azerbaijan.<\/p>\n<p style=\"text-align: justify;\"><a class=\"fancybox-thumb\" href=\"https:\/\/unec.edu.az\/application\/uploads\/2016\/12\/kollektiv_5643.jpg\" rel=\"fancybox-thumb\"><img decoding=\"async\" class=\"fancybox-margin  alignnone wp-image-79014 size-thumbnail\" title=\"UNEC m\u00fc\u0259lliml\u0259ri m\u00fckafatland\u0131rld\u0131 (30.12.2016)\" src=\"https:\/\/unec.edu.az\/application\/uploads\/2016\/12\/kollektiv_5643-150x150.jpg\" alt=\"kollektiv_5643\" width=\"150\" height=\"150\" \/><\/a><a class=\"fancybox-thumb\" href=\"https:\/\/unec.edu.az\/application\/uploads\/2015\/06\/Turkiye.jpg\" rel=\"fancybox-thumb\"><img decoding=\"async\" class=\"fancybox-margin alignnone wp-image-85330 size-thumbnail\" title=\"UNEC m\u00fc\u0259lliml\u0259rinin T\u00fcrkiy\u0259 universitetl\u0259rin\u0259 s\u0259f\u0259ri s\u0259m\u0259r\u0259li oldu (16.02.2017)\" src=\"https:\/\/unec.edu.az\/application\/uploads\/2015\/06\/Turkiye-150x150.jpg\" alt=\"Turkiye\" width=\"150\" height=\"150\" \/><\/a><a class=\"fancybox-thumb\" href=\"https:\/\/unec.edu.az\/application\/uploads\/2015\/06\/qida09158.jpg\" rel=\"fancybox-thumb\"><img loading=\"lazy\" decoding=\"async\" class=\"fancybox-margin alignnone wp-image-85329 size-thumbnail\" title=\"UNEC m\u00fc\u0259lliml\u0259rinin T\u00fcrkiy\u0259 universitetl\u0259rin\u0259 s\u0259f\u0259ri s\u0259m\u0259r\u0259li oldu (16.02.2017)\" src=\"https:\/\/unec.edu.az\/application\/uploads\/2015\/06\/qida09158-150x150.jpg\" alt=\"qida09158\" width=\"150\" height=\"150\" \/><\/a><a class=\"fancybox-thumb\" href=\"https:\/\/unec.edu.az\/application\/uploads\/2016\/03\/DSC_7219.jpg\" rel=\"fancybox-thumb\"><img loading=\"lazy\" decoding=\"async\" class=\"fancybox-margin alignnone wp-image-46439 size-thumbnail\" src=\"https:\/\/unec.edu.az\/application\/uploads\/2016\/03\/DSC_7219-150x150.jpg\" alt=\"DSC_7219\" width=\"150\" height=\"150\" \/><\/a><a class=\"fancybox-thumb\" href=\"https:\/\/unec.edu.az\/application\/uploads\/2015\/06\/27-05-2016-Resim-sergisi-tile.jpg\" rel=\"fancybox-thumb\"><img loading=\"lazy\" decoding=\"async\" class=\"fancybox-margin alignnone wp-image-70097 size-thumbnail\" src=\"https:\/\/unec.edu.az\/application\/uploads\/2015\/06\/27-05-2016-Resim-sergisi-tile-150x150.jpg\" alt=\"27 05 2016 Resim sergisi-tile\" width=\"150\" height=\"150\" \/><\/a><a class=\"fancybox-thumb\" href=\"https:\/\/unec.edu.az\/application\/uploads\/2015\/02\/qida-20171026-WA0005.jpg\" rel=\"fancybox-thumb\"><img loading=\"lazy\" decoding=\"async\" class=\"fancybox-margin alignnone wp-image-108666 size-thumbnail\" src=\"https:\/\/unec.edu.az\/application\/uploads\/2015\/02\/qida-20171026-WA0005-150x150.jpg\" alt=\"qida-20171026-WA0005\" width=\"150\" height=\"150\" \/><\/a><span style=\"color: #ffffff;\">*<\/span><\/p>\n<p style=\"text-align: justify;\"><span style=\"color: #000080;\"><em><a style=\"color: #000080;\" href=\"https:\/\/unec.edu.az\/application\/uploads\/2015\/06\/dos.-M-mm-dova.pdf\">LIST OF SCIENTIFIC WORKS<\/a><\/em><\/span><\/p>\n<p style=\"text-align: justify;\">\u00a0<em><a style=\"color: #333333;\" href=\"https:\/\/unec.edu.az\/en\/unec-xarici-universitetlerin-tecrubesini-oyrenmeye-davam-edir\/\">UNEC exchanges Experience with Foreign Universities<\/a>\u00a0(13.02.2017)<\/em><\/p>\n<p style=\"text-align: justify;\"><a class=\"fancybox-thumb\" href=\"https:\/\/unec.edu.az\/application\/uploads\/2015\/06\/lalab3dc37dd1c.jpg\"><img loading=\"lazy\" decoding=\"async\" class=\"fancybox-margin alignnone wp-image-167723 size-image236x180\" title=\"\u201cAz\u0259rbaycan Respublikas\u0131n\u0131n qabaqc\u0131l t\u0259hsil i\u015f\u00e7isi\u201d d\u00f6\u015f ni\u015fan\u0131 il\u0259 t\u0259ltif olunma\" src=\"https:\/\/unec.edu.az\/application\/uploads\/2015\/06\/lalab3dc37dd1c-236x180.jpg\" alt=\"lalab3dc37dd1c\" width=\"236\" height=\"180\" \/><\/a><a class=\"fancybox-thumb\" href=\"https:\/\/unec.edu.az\/application\/uploads\/2015\/05\/xalida_laleaa5abba68c781.jpg\"><img loading=\"lazy\" decoding=\"async\" class=\"fancybox-margin alignnone wp-image-140930 size-image236x180\" title=\"\u201cS\u0259ninl\u0259 f\u0259xr edirik, Az\u0259rbaycan \u0259sg\u0259ri!\u201d aksiyas\u0131 i\u015ftirak\u00e7\u0131lar\u0131ndan bir qrupu \u201c\u0130sg\u0259nd\u0259r qalas\u0131\u201dnda olub - V\u0130DEO (08.06.2019)\" src=\"https:\/\/unec.edu.az\/application\/uploads\/2015\/05\/xalida_laleaa5abba68c781-236x180.jpg\" alt=\"xalida_laleaa5abba68c781\" width=\"236\" height=\"180\" \/><\/a><a class=\"fancybox-thumb\" href=\"https:\/\/unec.edu.az\/application\/uploads\/2015\/05\/xalida_lale160e1a0f59515a6.jpg\"><img loading=\"lazy\" decoding=\"async\" class=\"fancybox-margin alignnone wp-image-140929 size-image236x180\" title=\"\u201cS\u0259ninl\u0259 f\u0259xr edirik, Az\u0259rbaycan \u0259sg\u0259ri!\u201d aksiyas\u0131 i\u015ftirak\u00e7\u0131lar\u0131ndan bir qrupu \u201c\u0130sg\u0259nd\u0259r qalas\u0131\u201dnda olub - V\u0130DEO (08.06.2019)\" src=\"https:\/\/unec.edu.az\/application\/uploads\/2015\/05\/xalida_lale160e1a0f59515a6-236x180.jpg\" alt=\"xalida_lale160e1a0f59515a6\" width=\"236\" height=\"180\" \/><\/a><a class=\"fancybox-thumb\" href=\"https:\/\/unec.edu.az\/application\/uploads\/2015\/06\/qadinlar96d2b0ba1.jpg\"><img loading=\"lazy\" decoding=\"async\" class=\"fancybox-margin alignnone wp-image-140925 size-image236x180\" title=\"\u201cS\u0259ninl\u0259 f\u0259xr edirik, Az\u0259rbaycan \u0259sg\u0259ri!\u201d aksiyas\u0131 i\u015ftirak\u00e7\u0131lar\u0131ndan bir qrupu \u201c\u0130sg\u0259nd\u0259r qalas\u0131\u201dnda olub - V\u0130DEO (08.06.2019)\" src=\"https:\/\/unec.edu.az\/application\/uploads\/2015\/06\/qadinlar96d2b0ba1-236x180.jpg\" alt=\"qadinlar96d2b0ba\" width=\"236\" height=\"180\" \/><\/a><\/p>\n","protected":false},"excerpt":{"rendered":"<p>Director of UNEC School of Design PhD in Study of A. Assoc.Prof.\u00a0\u00a0Mammadova Lale Hamlet e-mail: lala.mammadova@unec.edu.az Mammadova Lale Hamlet was born on October 10 1972 in Leningrad, Russian Federation. In 1989 she was enrolled to the School of Art Graphics of Azerbaijan State Pedagogical Institute on the major Teaching staff of painting and labor and [&hellip;]<\/p>\n","protected":false},"author":10,"featured_media":0,"parent":0,"menu_order":0,"comment_status":"open","ping_status":"open","template":"","meta":{"footnotes":""},"class_list":["post-13235","page","type-page","status-publish","hentry"],"_links":{"self":[{"href":"http:\/\/unec.edu.az\/en\/wp-json\/wp\/v2\/pages\/13235","targetHints":{"allow":["GET"]}}],"collection":[{"href":"http:\/\/unec.edu.az\/en\/wp-json\/wp\/v2\/pages"}],"about":[{"href":"http:\/\/unec.edu.az\/en\/wp-json\/wp\/v2\/types\/page"}],"author":[{"embeddable":true,"href":"http:\/\/unec.edu.az\/en\/wp-json\/wp\/v2\/users\/10"}],"replies":[{"embeddable":true,"href":"http:\/\/unec.edu.az\/en\/wp-json\/wp\/v2\/comments?post=13235"}],"version-history":[{"count":13,"href":"http:\/\/unec.edu.az\/en\/wp-json\/wp\/v2\/pages\/13235\/revisions"}],"predecessor-version":[{"id":174087,"href":"http:\/\/unec.edu.az\/en\/wp-json\/wp\/v2\/pages\/13235\/revisions\/174087"}],"wp:attachment":[{"href":"http:\/\/unec.edu.az\/en\/wp-json\/wp\/v2\/media?parent=13235"}],"curies":[{"name":"wp","href":"https:\/\/api.w.org\/{rel}","templated":true}]}}