{"id":13236,"date":"2015-06-04T14:53:54","date_gmt":"2015-06-04T10:53:54","guid":{"rendered":"https:\/\/unec.edu.az\/rzayev-anar-yasar-oglu-2\/"},"modified":"2022-01-05T15:52:58","modified_gmt":"2022-01-05T11:52:58","slug":"anar-yashar-rzayev","status":"publish","type":"page","link":"http:\/\/unec.edu.az\/en\/anar-yashar-rzayev\/","title":{"rendered":"Anar Yashar oghlu Rzayev"},"content":{"rendered":"<h4 style=\"text-align: justify;\"><a href=\"https:\/\/unec.edu.az\/application\/uploads\/2015\/04\/Anar_Rzayev.jpg\"><img fetchpriority=\"high\" decoding=\"async\" class=\"alignleft wp-image-125098 size-medium\" title=\"left\" src=\"https:\/\/unec.edu.az\/application\/uploads\/2015\/04\/Anar_Rzayev-300x200.jpg\" alt=\"Anar_Rzayev\" width=\"300\" height=\"200\" srcset=\"http:\/\/unec.edu.az\/application\/uploads\/2015\/04\/Anar_Rzayev-300x200.jpg 300w, http:\/\/unec.edu.az\/application\/uploads\/2015\/04\/Anar_Rzayev-1024x684.jpg 1024w, http:\/\/unec.edu.az\/application\/uploads\/2015\/04\/Anar_Rzayev.jpg 1600w\" sizes=\"(max-width: 300px) 100vw, 300px\" \/><\/a><\/h4>\n<h4><span style=\"color: #800000;\">Assoc. Professor, Anar Yashar oghlu Rzayev<\/span><\/h4>\n<h4><span style=\"color: #000000;\"><em>e-mail: anar.rzayev@unec.edu.az<\/em><\/span><\/h4>\n<p style=\"text-align: justify;\">He was born in Baku city on December 26, 1973. Finishing the secondary school \u00a0251 of Nizami district of Baku city, he entered\u00a0\u00a0 the \u2018Law and social sciences\u2019 faculty of Khazar University. In 1994 \u2013 1995 academic years, winning \u2018ACTP\u2019 student exchange program first in Baku, then in Moscow he studied at Utika College of Syracuse University of New York, USA.<\/p>\n<p style=\"text-align: justify;\">Getting a Bachelor degree in 1996 at Khazar University with honors, in 2004 he got his Master\u2019s degree at Azerbaijan State University of \u00a0\u00a0Economics \u00a0\u00a0majoring in \u2018International Economic relations\u2019 with honors.<\/p>\n<p style=\"text-align: justify;\">Being \u00a0\u00a0a candidate for a degree in the department of \u00a0\u2018International Economic Relations\u2019 of Azerbaijan State University of Economics in 2013 he defended his dissertation and got PhD in economics. He is co-author of one monograph and two tutorials. He has translated three tutorials.<\/p>\n<p style=\"text-align: justify;\"><a class=\"fancybox-thumb\" href=\"https:\/\/unec.edu.az\/application\/uploads\/2021\/06\/TAG_4336.jpg\" rel=\"fancybox-thumb\"><img decoding=\"async\" class=\"fancybox-margin alignnone wp-image-163966 size-thumbnail\" src=\"https:\/\/unec.edu.az\/application\/uploads\/2021\/06\/TAG_4336-150x150.jpg\" alt=\"TAG_4336\" width=\"150\" height=\"150\" \/><\/a><a class=\"fancybox-thumb\" href=\"https:\/\/unec.edu.az\/application\/uploads\/2015\/11\/DSC_0330.jpg\" rel=\"fancybox-thumb\"><img decoding=\"async\" class=\"fancybox-margin alignnone wp-image-29231 size-thumbnail\" src=\"https:\/\/unec.edu.az\/application\/uploads\/2015\/11\/DSC_0330-150x150.jpg\" alt=\"DSC_0330\" width=\"150\" height=\"150\" \/><\/a>\u00a0<a class=\"fancybox-thumb\" href=\"https:\/\/unec.edu.az\/application\/uploads\/2016\/12\/1-20161216_101959.jpg\" rel=\"fancybox-thumb\"><img loading=\"lazy\" decoding=\"async\" class=\"fancybox-margin alignnone wp-image-76496 size-thumbnail\" title=\"\u201cPraktik m\u0259sl\u0259h\u0259tl\u0259r \u00fc\u00e7\u00fcn regional sessiya\u201d m\u00f6vzusunda seminar UNEC-d\u0259 davam edib (16.12.2016)\" src=\"https:\/\/unec.edu.az\/application\/uploads\/2016\/12\/1-20161216_101959-150x150.jpg\" alt=\"1-20161216_101959\" width=\"150\" height=\"150\" \/><\/a><a class=\"fancybox-thumb\" href=\"https:\/\/unec.edu.az\/application\/uploads\/2015\/06\/anar111487e62baa9.jpg\" rel=\"fancybox-thumb\"><img loading=\"lazy\" decoding=\"async\" class=\"fancybox-margin alignnone wp-image-137164 size-thumbnail\" title=\"UNEC il\u0259 At\u0131l\u0131m Universiteti aras\u0131nda memorandum imzalan\u0131b (13.02.2019)\" src=\"https:\/\/unec.edu.az\/application\/uploads\/2015\/06\/anar111487e62baa9-150x150.jpg\" alt=\"anar111487e62baa9\" width=\"150\" height=\"150\" \/><\/a>\u00a0<a class=\"fancybox-thumb\" href=\"https:\/\/unec.edu.az\/application\/uploads\/2016\/12\/kollektiv_5643.jpg\" rel=\"fancybox-thumb\"><img loading=\"lazy\" decoding=\"async\" class=\"fancybox-margin alignnone wp-image-79014 size-thumbnail\" title=\"UNEC m\u00fc\u0259lliml\u0259ri m\u00fckafatland\u0131rld\u0131 (30.12.2016)\" src=\"https:\/\/unec.edu.az\/application\/uploads\/2016\/12\/kollektiv_5643-150x150.jpg\" alt=\"kollektiv_5643\" width=\"150\" height=\"150\" \/><\/a>\u00a0<a class=\"fancybox-thumb\" href=\"https:\/\/unec.edu.az\/application\/uploads\/2017\/09\/DSC_4584.jpg\" rel=\"fancybox-thumb\"><img loading=\"lazy\" decoding=\"async\" class=\"fancybox-margin alignnone wp-image-103977 size-thumbnail\" title=\"UNEC-d\u0259 \u201cBilik G\u00fcn\u00fc\u201d (15.09.2017)\" src=\"https:\/\/unec.edu.az\/application\/uploads\/2017\/09\/DSC_4584-150x150.jpg\" alt=\"DSC_4584\" width=\"150\" height=\"150\" \/><\/a><a class=\"fancybox-thumb\" href=\"https:\/\/unec.edu.az\/application\/uploads\/2015\/02\/IMG_1350.jpg\" rel=\"fancybox-thumb\"><img loading=\"lazy\" decoding=\"async\" class=\"fancybox-margin alignnone wp-image-5376 size-thumbnail\" src=\"https:\/\/unec.edu.az\/application\/uploads\/2015\/02\/IMG_1350-150x150.jpg\" alt=\"IMG_1350\" width=\"150\" height=\"150\" \/><\/a><\/p>\n<p>&nbsp;<\/p>\n<p style=\"text-align: justify;\">He worked as operations manager at the branch of Scotland \u2018OBC Transport\u2019 company in 1996, as a Senior Manager of USA \u2013 Russian joint company \u2018DIALOG Freight INTL\u2019 within 1997 \u2013 August of 1998. From August, 1996 till August, 2013 he acted as Executive Director of Holland \u2018Van der Wal Int. Transport Baku\u2019 company. In 2008, he was awarded with the name of \u2018Top Road Transport Manager\u2019 by International Road Union (IRU). In 2001- 2013, he worked as the chairman of the board of Moskvich Technical Service OSC.<\/p>\n<p style=\"text-align: justify;\">He has started to give hourly classes at \u2018Special Talents Group\u2019 of Azerbaijan State University of Economics since 2004.<\/p>\n<p style=\"text-align: justify;\">From 2010-2011, including the academic year of 2013-2014 he worked as a part time teacher on substitution principle at the chair of International Economic Relations.<\/p>\n<p style=\"text-align: justify;\">From February 2014 to 2017, he was the head of the department of\u201d International Economics \u201c(English) at UNEC.<\/p>\n<p style=\"text-align: justify;\">In October 2014, he was appointed director of\u00a0\u00a0 International School of Economics (formerly called \u00a0\u00a0Learning Center in English) of University of Economics. He is an associate professor at the department of International Economics (English) at UNEC. From May to December 2018, he served as\u00a0\u00a0 Vice-Rector for International Relations and Programs of UNEC.<\/p>\n<p style=\"text-align: justify;\">From December 21, 2018, to August 2021, he has been Vice-Rector for Teaching and Learning Technologies at UNEC.<\/p>\n<p style=\"text-align: justify;\">In August 2021, he was appointed Deputy Chief of the State \u00a0Road \u00a0Transport Service under the Ministry of Transport, Communications and High Technologies.<\/p>\n<p style=\"text-align: justify;\">In December 2021, he was appointed head of the State Road\u00a0 \u00a0Transport Service under the Ministry of Digital Development and Transport.<\/p>\n<p style=\"text-align: justify;\">In 2015-2017, he was awarded the \u201cHonorary Decrees of the Ministry of Education of the Republic of Azerbaijan\u201d for high achievements in the field of education of the younger generation.<\/p>\n<p style=\"text-align: justify;\">By the Order of the President of the Republic of Azerbaijan dated September 24, 2020, he was \u00a0awarded\u00a0 \u201cTaraggi\u201d medal on the occasion of the 90th anniversary of\u00a0 Azerbaijan State University of Economics and for his services to the development of education in Azerbaijan.<\/p>\n<p style=\"text-align: justify;\">\n<p style=\"text-align: justify;\">He knows Azerbaijani, English, Russian and Persian.<\/p>\n<p style=\"text-align: justify;\"><a class=\"fancybox-thumb\" href=\"https:\/\/unec.edu.az\/application\/uploads\/2018\/11\/37.jpg\" rel=\"fancybox-thumb\"><img loading=\"lazy\" decoding=\"async\" class=\"fancybox-margin alignnone wp-image-130162 size-thumbnail\" title=\"UNEC-d\u0259 \u201c24\/7 kitabxana\u201d f\u0259aliyy\u0259t\u0259 ba\u015flay\u0131b (01.11.2018)\" src=\"https:\/\/unec.edu.az\/application\/uploads\/2018\/11\/37-150x150.jpg\" alt=\"37\" width=\"150\" height=\"150\" \/><\/a><a class=\"fancybox-thumb\" href=\"https:\/\/unec.edu.az\/application\/uploads\/2015\/06\/anar_9661.jpg\" rel=\"fancybox-thumb\"><img loading=\"lazy\" decoding=\"async\" class=\"fancybox-margin alignnone wp-image-118744 size-thumbnail\" title=\"Elmi \u015eurada F\u0259xri F\u0259rman\u0131n t\u0259qdim edilm\u0259si (24.11.2017)\" src=\"https:\/\/unec.edu.az\/application\/uploads\/2015\/06\/anar_9661-150x150.jpg\" alt=\"anar_9661\" width=\"150\" height=\"150\" \/><\/a><a class=\"fancybox-thumb\" href=\"https:\/\/unec.edu.az\/application\/uploads\/2017\/02\/1-DSC_8786.jpg\" rel=\"fancybox-thumb\"><img loading=\"lazy\" decoding=\"async\" class=\"fancybox-margin  alignnone wp-image-84280 size-thumbnail\" title=\"Lester Universitetinin prezidenti Paul Boyle: Universitetimiz UNEC-l\u0259 \u0259m\u0259kda\u015fl\u0131qda maraql\u0131d\u0131r (13.02.2017)\" src=\"https:\/\/unec.edu.az\/application\/uploads\/2017\/02\/1-DSC_8786-150x150.jpg\" alt=\"1-DSC_8786\" width=\"150\" height=\"150\" \/><\/a><a class=\"fancybox-thumb\" href=\"https:\/\/unec.edu.az\/application\/uploads\/2015\/02\/IMG_1352.jpg\" rel=\"fancybox-thumb\"><img loading=\"lazy\" decoding=\"async\" class=\"fancybox-margin  alignnone wp-image-5377 size-thumbnail\" src=\"https:\/\/unec.edu.az\/application\/uploads\/2015\/02\/IMG_1352-150x150.jpg\" alt=\"IMG_1352\" width=\"150\" height=\"150\" \/><\/a><a class=\"fancybox-thumb\" href=\"https:\/\/unec.edu.az\/application\/uploads\/2016\/04\/DSC_8242.jpg\" rel=\"fancybox-thumb\"><img loading=\"lazy\" decoding=\"async\" class=\"fancybox-margin  alignnone wp-image-48884 size-thumbnail\" src=\"https:\/\/unec.edu.az\/application\/uploads\/2016\/04\/DSC_8242-150x150.jpg\" alt=\"DSC_8242\" width=\"150\" height=\"150\" \/><\/a><a class=\"fancybox-thumb\" href=\"https:\/\/unec.edu.az\/application\/uploads\/2015\/06\/Scan_anar_20161129.jpg\" rel=\"fancybox-thumb\"><img loading=\"lazy\" decoding=\"async\" class=\"fancybox-margin    alignnone wp-image-74961 size-thumbnail\" src=\"https:\/\/unec.edu.az\/application\/uploads\/2015\/06\/Scan_anar_20161129-150x150.jpg\" alt=\"\" width=\"150\" height=\"150\" \/><\/a><\/p>\n<p><span style=\"color: #333333;\"><em><span style=\"color: #333333;\"><a style=\"color: #333333;\" href=\"https:\/\/unec.edu.az\/en\/unec-eksperti-azerbaycanin-qirmizi-qizili-haqqinda\/\">The UNEC expert about the \u201cred gold\u201d of Azerbaijan<\/a>\u00a0(05.03.2018)<a style=\"color: #333333;\" href=\"https:\/\/unec.edu.az\/en\/avropa-nesri-ikt-tetbiqi-unec-numunesinde\/\"><br \/>\nThe European editioni: \u201cThe application ICT \u2013 UNEC sample\u201d<\/a>\u00a0(27.11.2017)<\/span><a style=\"color: #333333;\" href=\"https:\/\/unec.edu.az\/en\/unec-de-nobel-mukafati-laureatinin-kitabi-tercume-edilib\/\"><br \/>\nA Nobel Prize Laureate\u2019s book translated at UNEC<\/a>\u00a0(29.05.2017)<br \/>\n<\/em><em><a style=\"color: #333333;\" href=\"https:\/\/unec.edu.az\/en\/parisde-unec-beynelxalq-iqtisadiyyat-mektebi-ile-icd-biznes-mektebi-arasinda-ikili-diploma-dair-raziliq-elde-edilib\/\">Agreement on Dual Diploma has been achieved between the UNEC International School of Economics and ICD Business School in Paris<\/a>\u00a0(24.04.2017)<br \/>\n<\/em><em><a style=\"color: #333333;\" href=\"https:\/\/unec.edu.az\/en\/fed-in-qerari-dollar-ucun-ne-ved-edir-musahibe\/\">What does FR\u2019s decision promise for dollar \u2013 INTERVIEW<\/a>\u00a0(16.12.2016)<br \/>\n<\/em><em><a style=\"color: #333333;\" href=\"https:\/\/unec.edu.az\/en\/dunya-bazarinda-neftin-qiymeti-unec-ekspertinin-proqnozu-musahibe\/\">World Oil Prices: UNEC Expert\u2019s forecast \u2013 INTERVIEW<\/a>\u00a0(14.12.2016)<br \/>\n<\/em><em><a style=\"color: #333333;\" href=\"https:\/\/unec.edu.az\/en\/unec-muellimi-macaristan-universitetinde-muhazire-kecib\/\">UNEC Instructor lectures at the Hungarian University<\/a>\u00a0(17.05.2016)<br \/>\n<\/em><em><a style=\"color: #333333;\" href=\"https:\/\/unec.edu.az\/en\/azerbaycan-seraitine-uygunlasdirilmis-dunya-iqtisadiyyati-dersliyi\/\">Tutorial \u201cWorld Economy\u201d adapted to Azerbaijan Condition<\/a>\u00a0 (06.11.15)<br \/>\n<\/em><em><a style=\"color: #333333;\" href=\"https:\/\/unec.edu.az\/en\/unec-beynelxalq-iqtisadiyyat-mektebinin-direktoru-iqtisad-uzre-felsefe-doktoru-anar-rzayevle-musahibe\/\">Anar Rzayev: the International School of Economics is UNEC\u2019s Gateway to Western Universities-Interview<\/a>\u00a0 (21.10.2015)<\/em><\/span><\/p>\n<p>&nbsp;<\/p>\n<p><span style=\"color: #000080;\"><em><a style=\"color: #000080;\" href=\"https:\/\/www.youtube.com\/watch?v=KmlUhQy-FJ4\">Road maps on the main sectors of economy. Anar Rzayev KHAZAR TV (VIDEO)<\/a><\/em><\/span><br \/>\n<span style=\"color: #000080;\"><em><a style=\"color: #000080;\" href=\"https:\/\/www.youtube.com\/watch?v=m1oG2k59Ris\">Road maps on the main sectors of the national economy and economy. Anar Rzayev LIDER TV (VIDEO)<\/a><\/em><\/span><\/p>\n<p>&nbsp;<\/p>\n<p><iframe src=\"https:\/\/www.youtube.com\/embed\/EuQdu6omJYQ\" width=\"342\" height=\"192\" frameborder=\"0\" allowfullscreen=\"allowfullscreen\"><\/iframe><\/p>\n<p><span style=\"color: #000080;\"><em><a style=\"color: #000080;\" href=\"https:\/\/unec.edu.az\/en\/acca-ile-emekdasliq-unec-e-ne-ved-edir-radio-unec-de-muzakire\/\">Debate on Radio UNEC: What does the Cooperation with ACCA promise to UNEC?<\/a>\u00a0(14.10.2016)<\/em><\/span><\/p>\n<p><span style=\"color: #000000;\"><em><iframe src=\"https:\/\/www.youtube.com\/embed\/rAJjKI8dFmM\" width=\"339\" height=\"254\" frameborder=\"0\" allowfullscreen=\"allowfullscreen\"><\/iframe><\/em><\/span><\/p>\n<p><span style=\"color: #000080;\"><em><a style=\"color: #000080;\" href=\"https:\/\/unec.edu.az\/en\/unec-in-differensial-emek-haqqi-sistemi-ans-de-muzakire-edilib\/\">UNEC\u2019s Differential Salary System is discussed in ANS<\/a>\u00a0<\/em><em>\u00a0(05.05.2016)<\/em><\/span><\/p>\n<div id=\"gtx-trans\" style=\"position: absolute; left: 302px; top: 5.26562px;\"><\/div>\n","protected":false},"excerpt":{"rendered":"<p>Assoc. Professor, Anar Yashar oghlu Rzayev e-mail: anar.rzayev@unec.edu.az He was born in Baku city on December 26, 1973. Finishing the secondary school \u00a0251 of Nizami district of Baku city, he entered\u00a0\u00a0 the \u2018Law and social sciences\u2019 faculty of Khazar University. In 1994 \u2013 1995 academic years, winning \u2018ACTP\u2019 student exchange program first in Baku, then [&hellip;]<\/p>\n","protected":false},"author":10,"featured_media":0,"parent":0,"menu_order":0,"comment_status":"open","ping_status":"open","template":"","meta":{"footnotes":""},"class_list":["post-13236","page","type-page","status-publish","hentry"],"_links":{"self":[{"href":"http:\/\/unec.edu.az\/en\/wp-json\/wp\/v2\/pages\/13236","targetHints":{"allow":["GET"]}}],"collection":[{"href":"http:\/\/unec.edu.az\/en\/wp-json\/wp\/v2\/pages"}],"about":[{"href":"http:\/\/unec.edu.az\/en\/wp-json\/wp\/v2\/types\/page"}],"author":[{"embeddable":true,"href":"http:\/\/unec.edu.az\/en\/wp-json\/wp\/v2\/users\/10"}],"replies":[{"embeddable":true,"href":"http:\/\/unec.edu.az\/en\/wp-json\/wp\/v2\/comments?post=13236"}],"version-history":[{"count":44,"href":"http:\/\/unec.edu.az\/en\/wp-json\/wp\/v2\/pages\/13236\/revisions"}],"predecessor-version":[{"id":169918,"href":"http:\/\/unec.edu.az\/en\/wp-json\/wp\/v2\/pages\/13236\/revisions\/169918"}],"wp:attachment":[{"href":"http:\/\/unec.edu.az\/en\/wp-json\/wp\/v2\/media?parent=13236"}],"curies":[{"name":"wp","href":"https:\/\/api.w.org\/{rel}","templated":true}]}}