{"id":13303,"date":"2015-06-12T10:18:09","date_gmt":"2015-06-12T06:18:09","guid":{"rendered":"https:\/\/unec.edu.az\/muradov-resad-huseyn-oglu-2\/"},"modified":"2024-12-19T10:06:36","modified_gmt":"2024-12-19T06:06:36","slug":"muradov-rashad-huseyn","status":"publish","type":"page","link":"http:\/\/unec.edu.az\/en\/muradov-rashad-huseyn\/","title":{"rendered":"Muradov Rashad Huseyn oghlu"},"content":{"rendered":"<h4><strong><span style=\"color: #800000;\"><a href=\"https:\/\/unec.edu.az\/application\/uploads\/2015\/06\/rashad7_140934.jpg\"><img fetchpriority=\"high\" decoding=\"async\" class=\"alignleft wp-image-181398\" title=\"left\" src=\"https:\/\/unec.edu.az\/application\/uploads\/2015\/06\/rashad7_140934-300x300.jpg\" alt=\"rashad7_140934\" width=\"242\" height=\"242\" srcset=\"http:\/\/unec.edu.az\/application\/uploads\/2015\/06\/rashad7_140934-300x300.jpg 300w, http:\/\/unec.edu.az\/application\/uploads\/2015\/06\/rashad7_140934-150x150.jpg 150w, http:\/\/unec.edu.az\/application\/uploads\/2015\/06\/rashad7_140934.jpg 715w\" sizes=\"(max-width: 242px) 100vw, 242px\" \/><\/a><\/span><\/strong><\/h4>\n<h4><span style=\"color: #800000;\">Head of General department \u2013 Muradov Rashad Huseyn<\/span><\/h4>\n<h4><span style=\"color: #000000;\"><em>e-mail: <span style=\"color: #000080;\">r.muradov@unec.edu.az<\/span><\/em><\/span><\/h4>\n<p style=\"text-align: justify;\">Muradov Rashad Huseynoghlu was born on April 29, 1977 in Baku.<\/p>\n<p style=\"text-align: justify;\">He started the secondary school No. 100 of Baku city in 1984 and graduated the same school in 1994.<\/p>\n<p style=\"text-align: justify;\">He graduated the specialty on \u201cLegal regulation of economy\u201d in \u201cNakhchivan\u201d University in 1994-1999.<\/p>\n<p style=\"text-align: justify;\">He has been working as a labour inspector at The State Labour Inspectorate Service of the Ministry of Labour and Social Protection since 2000.<\/p>\n<p style=\"text-align: justify;\">In 2002-2004, he graduated the specialty of \u201cState and municipal management\u201d at the Academy of Public Administration under the President of the Republic of Azerbaijan.\u00a0He worked as senior labour inspector at The State Labour Inspectorate Service of the Ministry of Labour and Social Protection in 2004-2007 (specialist degree: 3<sup>rd<\/sup> grade civil servant).\u00a0In 2007-2014, he served as the head of the industry practice at the faculty of \u201cprofessional development of senior staff\u201d and teacher at the \u201cPublic Administration and management\u201d department of the Academy of Public Administration under the President of the Republic of Azerbaijan.<br \/>\nHe is currently a 0,5 staff of the Department of &#8220;Management&#8221; of Azerbaijan State University of Economics.<\/p>\n<p style=\"text-align: justify;\">He has worked as assistant rector at the Azerbaijan State Economics University since 2014 until February, 2015.<br \/>\nHe has been appointed as the head of the General Department of the Azerbaijan State Economics University since February, 2015.<\/p>\n<p style=\"text-align: justify;\">Since October 2023, he has been the head of the Internal Audit Department of UNEC.<\/p>\n<p style=\"text-align: justify;\">On April 29, 2016, he defended his thesis on \u201cTheoretical and methodological basis of the improvement of the budget process\u201d and was awarded the PhD degree in economics with the decision of AAC dated on 13<sup>th<\/sup> of September 2017.<\/p>\n<p style=\"text-align: justify;\">He is member of the New Azerbaijan Party since 2002.<\/p>\n<p style=\"text-align: justify;\">He is married, has got 2 children.<\/p>\n<p style=\"text-align: justify;\"><a class=\"fancybox-thumb\" href=\"https:\/\/unec.edu.az\/application\/uploads\/2015\/06\/DSC_9596.jpg\"><img decoding=\"async\" class=\"fancybox-margin alignnone wp-image-112079 size-thumbnail\" title=\"Elmi \u015eurada f\u0259ls\u0259f\u0259 doktoru elmi d\u0259r\u0259c\u0259si diplomunun t\u0259qdim edilm\u0259si (24.11.2017))\" src=\"https:\/\/unec.edu.az\/application\/uploads\/2015\/06\/DSC_9596-150x150.jpg\" alt=\"DSC_9596\" width=\"150\" height=\"150\" \/><\/a><a class=\"fancybox-thumb\" href=\"https:\/\/unec.edu.az\/application\/uploads\/2016\/09\/DSC_6338.jpg\"><img decoding=\"async\" class=\"fancybox-margin alignnone wp-image-64230 size-thumbnail\" src=\"https:\/\/unec.edu.az\/application\/uploads\/2016\/09\/DSC_6338-150x150.jpg\" alt=\"DSC_6338\" width=\"150\" height=\"150\" \/><\/a><a class=\"fancybox-thumb\" href=\"https:\/\/unec.edu.az\/application\/uploads\/2017\/05\/DSC_6583.jpg\"><img loading=\"lazy\" decoding=\"async\" class=\"fancybox-margin alignnone wp-image-94655 size-thumbnail\" title=\"\u201cH\u0259r ka\u011f\u0131z\u0131 bir yarpa\u011fa d\u0259yi\u015f\u0259k\u201d layih\u0259sin\u0259 UNEC-d\u0259n d\u0259st\u0259k (10.05.2017)\" src=\"https:\/\/unec.edu.az\/application\/uploads\/2017\/05\/DSC_6583-150x150.jpg\" alt=\"DSC_6583\" width=\"150\" height=\"150\" \/><\/a><a class=\"fancybox-thumb\" href=\"https:\/\/unec.edu.az\/application\/uploads\/2015\/06\/rasade773fa757881.jpg\"><img loading=\"lazy\" decoding=\"async\" class=\"fancybox-margin alignnone wp-image-167814 size-thumbnail\" title=\"UNEC-in 90 illiyi m\u00fcnasib\u0259til\u0259 F\u0259xri F\u0259rmanla t\u0259ltif (2021)\" src=\"https:\/\/unec.edu.az\/application\/uploads\/2015\/06\/rasade773fa757881-150x150.jpg\" alt=\"rasade773fa757881\" width=\"150\" height=\"150\" \/><\/a><a class=\"fancybox-thumb\" href=\"https:\/\/unec.edu.az\/application\/uploads\/2017\/11\/DSC_8724.jpg\"><img loading=\"lazy\" decoding=\"async\" class=\"fancybox-margin alignnone wp-image-110915 size-thumbnail\" title=\"UNEC kollektivi Heyd\u0259r \u018fliyev M\u0259rk\u0259zind\u0259 (15.11.2017)\" src=\"https:\/\/unec.edu.az\/application\/uploads\/2017\/11\/DSC_8724-150x150.jpg\" alt=\"DSC_8724\" width=\"150\" height=\"150\" \/><\/a><a class=\"fancybox-thumb\" href=\"https:\/\/unec.edu.az\/application\/uploads\/2018\/09\/DSC_0287.jpg\"><img loading=\"lazy\" decoding=\"async\" class=\"fancybox-margin alignnone wp-image-128220 size-thumbnail\" title=\"UNEC \u0259m\u0259kda\u015flar\u0131 K\u0130S \u00fczr\u0259 beyn\u0259lxalq auditor sertifikat\u0131 qazan\u0131b (18.09.2018)\" src=\"https:\/\/unec.edu.az\/application\/uploads\/2018\/09\/DSC_0287-150x150.jpg\" alt=\"DSC_0287\" width=\"150\" height=\"150\" \/><\/a><\/p>\n<p><span style=\"color: #333333;\"><em><a style=\"color: #333333;\" href=\"https:\/\/unec.edu.az\/en\/unec-in-docnet-istifadecileri-ucun-treninqler\/\">An electronic documentation system is improved at UNEC<\/a>\u00a0(18.05.2017)<\/em><\/span><br \/>\n<span style=\"color: #333333;\"><em><a style=\"color: #333333;\" href=\"https:\/\/unec.edu.az\/en\/her-kagizi-bir-yarpaga-deyisek-layihesine-unec-den-destek\/\">UNEC supports the Project \u201cChange every paper with a leaf\u201d<\/a>\u00a0(10.05.2017)<\/em><\/span><\/p>\n<p><a class=\"fancybox-thumb\" href=\"https:\/\/unec.edu.az\/application\/uploads\/2015\/06\/rashadd31140275783168720_n.jpg\"><img loading=\"lazy\" decoding=\"async\" class=\"fancybox-margin alignnone wp-image-182047 size-thumbnail\" title=\"UNEC-d\u0259 Yeni Az\u0259rbaycan Partiyas\u0131n\u0131n yarad\u0131lmas\u0131n\u0131n 30 illiyi qeyd olunub (17.11.2022)\" src=\"http:\/\/unec.edu.az\/application\/uploads\/2015\/06\/rashadd31140275783168720_n-150x150.jpg\" alt=\"rashadd31140275783168720_n\" width=\"150\" height=\"150\" \/><\/a><a class=\"fancybox-thumb\" href=\"https:\/\/unec.edu.az\/application\/uploads\/2015\/06\/rasad420136_4932107536955293413_n.jpg\"><img loading=\"lazy\" decoding=\"async\" class=\"fancybox-margin alignnone wp-image-183042 size-thumbnail\" src=\"http:\/\/unec.edu.az\/application\/uploads\/2015\/06\/rasad420136_4932107536955293413_n-150x150.jpg\" alt=\"rasad420136_4932107536955293413_n\" width=\"150\" height=\"150\" \/><\/a><a class=\"fancybox-thumb\" href=\"https:\/\/unec.edu.az\/application\/uploads\/2015\/06\/rasad_6288376724948811284_n.jpg\"><img loading=\"lazy\" decoding=\"async\" class=\"fancybox-margin alignnone wp-image-183043 size-thumbnail\" src=\"http:\/\/unec.edu.az\/application\/uploads\/2015\/06\/rasad_6288376724948811284_n-150x150.jpg\" alt=\"rasad_6288376724948811284_n\" width=\"150\" height=\"150\" \/><\/a><a class=\"fancybox-thumb\" href=\"https:\/\/unec.edu.az\/application\/uploads\/2015\/06\/rasad420136_4932107536955293413_n.jpg\">\u2013<\/a><a class=\"fancybox-thumb\" href=\"http:\/\/unec.edu.az\/application\/uploads\/2024\/12\/rasadf151fab2e4b.jpg\"><img loading=\"lazy\" decoding=\"async\" class=\"fancybox-margin alignnone wp-image-455206 size-thumbnail\" title=\"UNEC il\u0259 Almaniya universiteti aras\u0131nda t\u0259dqiqatla ba\u011fl\u0131 memorandum imzalan\u0131b (17.12.2024)\" src=\"http:\/\/unec.edu.az\/application\/uploads\/2024\/12\/rasadf151fab2e4b-150x150.jpg\" alt=\"\" width=\"150\" height=\"150\" \/><\/a><a class=\"fancybox-thumb\" href=\"https:\/\/unec.edu.az\/application\/uploads\/2015\/06\/rasad420136_4932107536955293413_n.jpg\">\u00a0<\/a><a class=\"fancybox-thumb\" href=\"http:\/\/unec.edu.az\/application\/uploads\/2024\/12\/rasada8e3a38.jpg\"><img loading=\"lazy\" decoding=\"async\" class=\"fancybox-margin alignnone wp-image-455209 size-thumbnail\" title=\"UNEC il\u0259 Almaniya universiteti aras\u0131nda t\u0259dqiqatla ba\u011fl\u0131 memorandum imzalan\u0131b (17.12.2024)\" src=\"http:\/\/unec.edu.az\/application\/uploads\/2024\/12\/rasada8e3a38-150x150.jpg\" alt=\"\" width=\"150\" height=\"150\" \/><\/a><a class=\"fancybox-thumb\" href=\"https:\/\/unec.edu.az\/application\/uploads\/2015\/06\/rasad420136_4932107536955293413_n.jpg\">\u00a0<\/a><a class=\"fancybox-thumb\" href=\"http:\/\/unec.edu.az\/application\/uploads\/2024\/12\/rasadf824f56625b8366754ae.jpg\"><img loading=\"lazy\" decoding=\"async\" class=\"fancybox-margin alignnone wp-image-455212 size-thumbnail\" title=\"UNEC il\u0259 Almaniya universiteti aras\u0131nda t\u0259dqiqatla ba\u011fl\u0131 memorandum imzalan\u0131b (17.12.2024)\" src=\"http:\/\/unec.edu.az\/application\/uploads\/2024\/12\/rasadf824f56625b8366754ae-150x150.jpg\" alt=\"\" width=\"150\" height=\"150\" \/><\/a><\/p>\n","protected":false},"excerpt":{"rendered":"<p>Head of General department \u2013 Muradov Rashad Huseyn e-mail: r.muradov@unec.edu.az Muradov Rashad Huseynoghlu was born on April 29, 1977 in Baku. He started the secondary school No. 100 of Baku city in 1984 and graduated the same school in 1994. He graduated the specialty on \u201cLegal regulation of economy\u201d in \u201cNakhchivan\u201d University in 1994-1999. He [&hellip;]<\/p>\n","protected":false},"author":10,"featured_media":0,"parent":0,"menu_order":0,"comment_status":"open","ping_status":"open","template":"","meta":{"footnotes":""},"class_list":["post-13303","page","type-page","status-publish","hentry"],"_links":{"self":[{"href":"http:\/\/unec.edu.az\/en\/wp-json\/wp\/v2\/pages\/13303","targetHints":{"allow":["GET"]}}],"collection":[{"href":"http:\/\/unec.edu.az\/en\/wp-json\/wp\/v2\/pages"}],"about":[{"href":"http:\/\/unec.edu.az\/en\/wp-json\/wp\/v2\/types\/page"}],"author":[{"embeddable":true,"href":"http:\/\/unec.edu.az\/en\/wp-json\/wp\/v2\/users\/10"}],"replies":[{"embeddable":true,"href":"http:\/\/unec.edu.az\/en\/wp-json\/wp\/v2\/comments?post=13303"}],"version-history":[{"count":15,"href":"http:\/\/unec.edu.az\/en\/wp-json\/wp\/v2\/pages\/13303\/revisions"}],"predecessor-version":[{"id":455311,"href":"http:\/\/unec.edu.az\/en\/wp-json\/wp\/v2\/pages\/13303\/revisions\/455311"}],"wp:attachment":[{"href":"http:\/\/unec.edu.az\/en\/wp-json\/wp\/v2\/media?parent=13303"}],"curies":[{"name":"wp","href":"https:\/\/api.w.org\/{rel}","templated":true}]}}