{"id":136326,"date":"2017-03-10T11:43:05","date_gmt":"2017-03-10T07:43:05","guid":{"rendered":"https:\/\/unec.edu.az\/b-m-hesenova-aygun-huseynaga-2\/"},"modified":"2022-06-20T11:57:43","modified_gmt":"2022-06-20T07:57:43","slug":"b-m-hesenova-aygun-huseynaga","status":"publish","type":"page","link":"http:\/\/unec.edu.az\/en\/b-m-hesenova-aygun-huseynaga\/","title":{"rendered":"b\/m. H\u0259s\u0259nova Ayg\u00fcn H\u00fcseyna\u011fa"},"content":{"rendered":"<p>b\/m. H\u0259s\u0259nova Ayg\u00fcn H\u00fcseyna\u011fa<\/p>\n","protected":false},"excerpt":{"rendered":"<p>b\/m. H\u0259s\u0259nova Ayg\u00fcn H\u00fcseyna\u011fa<\/p>\n","protected":false},"author":6,"featured_media":0,"parent":0,"menu_order":0,"comment_status":"open","ping_status":"open","template":"page-templates\/2columncontent.php","meta":{"footnotes":""},"class_list":["post-136326","page","type-page","status-publish","hentry"],"_links":{"self":[{"href":"http:\/\/unec.edu.az\/en\/wp-json\/wp\/v2\/pages\/136326","targetHints":{"allow":["GET"]}}],"collection":[{"href":"http:\/\/unec.edu.az\/en\/wp-json\/wp\/v2\/pages"}],"about":[{"href":"http:\/\/unec.edu.az\/en\/wp-json\/wp\/v2\/types\/page"}],"author":[{"embeddable":true,"href":"http:\/\/unec.edu.az\/en\/wp-json\/wp\/v2\/users\/6"}],"replies":[{"embeddable":true,"href":"http:\/\/unec.edu.az\/en\/wp-json\/wp\/v2\/comments?post=136326"}],"version-history":[{"count":2,"href":"http:\/\/unec.edu.az\/en\/wp-json\/wp\/v2\/pages\/136326\/revisions"}],"predecessor-version":[{"id":178575,"href":"http:\/\/unec.edu.az\/en\/wp-json\/wp\/v2\/pages\/136326\/revisions\/178575"}],"wp:attachment":[{"href":"http:\/\/unec.edu.az\/en\/wp-json\/wp\/v2\/media?parent=136326"}],"curies":[{"name":"wp","href":"https:\/\/api.w.org\/{rel}","templated":true}]}}