{"id":139287,"date":"2016-10-05T11:23:49","date_gmt":"2016-10-05T07:23:49","guid":{"rendered":"https:\/\/unec.edu.az\/ibrahimova-konul-tariyel-2\/"},"modified":"2022-04-22T11:26:57","modified_gmt":"2022-04-22T07:26:57","slug":"ibrahimova-konul-tariyel","status":"publish","type":"page","link":"http:\/\/unec.edu.az\/en\/ibrahimova-konul-tariyel\/","title":{"rendered":"\u0130brahimova K\u00f6n\u00fcl Tariyel"},"content":{"rendered":"<p>\u0130brahimova K\u00f6n\u00fcl Tariyel<\/p>\n","protected":false},"excerpt":{"rendered":"<p>\u0130brahimova K\u00f6n\u00fcl Tariyel<\/p>\n","protected":false},"author":6,"featured_media":0,"parent":0,"menu_order":0,"comment_status":"open","ping_status":"open","template":"page-templates\/2columncontent.php","meta":{"footnotes":""},"class_list":["post-139287","page","type-page","status-publish","hentry"],"_links":{"self":[{"href":"http:\/\/unec.edu.az\/en\/wp-json\/wp\/v2\/pages\/139287","targetHints":{"allow":["GET"]}}],"collection":[{"href":"http:\/\/unec.edu.az\/en\/wp-json\/wp\/v2\/pages"}],"about":[{"href":"http:\/\/unec.edu.az\/en\/wp-json\/wp\/v2\/types\/page"}],"author":[{"embeddable":true,"href":"http:\/\/unec.edu.az\/en\/wp-json\/wp\/v2\/users\/6"}],"replies":[{"embeddable":true,"href":"http:\/\/unec.edu.az\/en\/wp-json\/wp\/v2\/comments?post=139287"}],"version-history":[{"count":2,"href":"http:\/\/unec.edu.az\/en\/wp-json\/wp\/v2\/pages\/139287\/revisions"}],"predecessor-version":[{"id":175227,"href":"http:\/\/unec.edu.az\/en\/wp-json\/wp\/v2\/pages\/139287\/revisions\/175227"}],"wp:attachment":[{"href":"http:\/\/unec.edu.az\/en\/wp-json\/wp\/v2\/media?parent=139287"}],"curies":[{"name":"wp","href":"https:\/\/api.w.org\/{rel}","templated":true}]}}