{"id":14353,"date":"2015-06-04T15:46:20","date_gmt":"2015-06-04T11:46:20","guid":{"rendered":"https:\/\/unec.edu.az\/dos-kerimova-terane-isa-qizi-2\/"},"modified":"2022-04-11T08:14:08","modified_gmt":"2022-04-11T04:14:08","slug":"dos-kerimova-terane-isa-qizi","status":"publish","type":"page","link":"http:\/\/unec.edu.az\/en\/dos-kerimova-terane-isa-qizi\/","title":{"rendered":"Candidate of Economics Sciences, Associate Professor Karimova Tarana Isa"},"content":{"rendered":"<h4><a href=\"https:\/\/unec.edu.az\/application\/uploads\/2015\/06\/tarana_yap1251072_n.jpg\"><img decoding=\"async\" class=\"alignleft wp-image-126174\" title=\"left\" src=\"https:\/\/unec.edu.az\/application\/uploads\/2015\/06\/tarana_yap1251072_n-300x200.jpg\" alt=\"tarana_yap1251072_n\" width=\"273\" height=\"182\" srcset=\"http:\/\/unec.edu.az\/application\/uploads\/2015\/06\/tarana_yap1251072_n-300x200.jpg 300w, http:\/\/unec.edu.az\/application\/uploads\/2015\/06\/tarana_yap1251072_n.jpg 960w\" sizes=\"(max-width: 273px) 100vw, 273px\" \/><\/a><\/h4>\n<h4><span style=\"color: #800000;\">Candid.of Econom. Scien., Assoc. Prof. Karimova Tarana Isa<\/span><\/h4>\n<p>She has graduated from the faculty of Economics of the Azerbaijan University of Architecture and Construction.<\/p>\n<p>She entered the post-graduate department (full-time) \u00a0of the Institute of Economics of the National Academy of Sciences of the Republic of Azerbaijan.<\/p>\n<p>In 1994 she successfully defended her thesis and was awarded the degree of Candidate of Economic Sciences.<\/p>\n<p>In the same year she was appointed as a senior lecturer and then an assistant professor at the department of \u00a0\u201cPrice\u201d\u00a0 at \u00a0Azerbaijan State \u00a0University of Economics.<\/p>\n<p>She is the author of 9 textbooks, 5 training aids, 2 monographs, methodical instructions, more than 20 educational programs, more than 100 scientific articles.<\/p>\n<p>She has worked as an Associate Professor of\u00a0 the department of\u00a0 \u201cPrice\u00a0 and Pricing\u201d , since 2018 has worked as an \u00a0Associate Professor of the department of \u201cEconomics and Management of the Social Sphere\u201d.<\/p>\n<p>She is currently the deputy director of the Center for Distant, correspondence and additional education of UNEC.<\/p>\n<p>She is the chairwoman of the Sabail District Women\u2019s Council. Since 2000 she has been \u00a0the chairman of the Women\u2019s Council of Azerbaijan State Economic University.<\/p>\n<p>In 2007 she was awarded the Gold Medal of the Russian International Peace Fund for Charity and Peace.<\/p>\n<p>She is married and has 3 children.<\/p>\n<p>&nbsp;<\/p>\n<p><span style=\"color: #000000;\"><em><a style=\"color: #000000;\" href=\"https:\/\/unec.edu.az\/en\/unec-in-qadin-emekdaslari-cocuq-mercanlida\/\">UNEC Staff in Jojug Marjanli<\/a>\u00a0(23.06.2017)<br \/>\n<\/em><em><a style=\"color: #000000;\" href=\"https:\/\/unec.edu.az\/en\/unec-telebelerinden-elilliyi-olanlar-ucun-sagan-mualice-pansionati-nda-novruz-senliyi\/\">\u201cNovruz\u201d Festivities at the \u201cShaghan Boarding House for Disabled People\u201d<\/a>\u00a0(15.03.2017)<br \/>\n<\/em><em><a style=\"color: #000000;\" href=\"https:\/\/unec.edu.az\/en\/unec-de-yap-in-24-illiyine-hesr-olunan-tedbir-kecirilib\/\">Event dedicated to the24th Anniversary of the Establishment of NAP held at UNEC<\/a>\u00a0(21.11.2016)<br \/>\n<\/em><em><a style=\"color: #000000;\" href=\"https:\/\/unec.edu.az\/en\/unec-qadinlar-surasi-baki-sos-usaq-kendi-ni-ziyaret-edib\/\">UNEC Women\u2019s Council visited Baku \u201cSOS Children\u2019s Village\u201d<\/a>\u00a0\u00a0(14.09.2016)<\/em><\/span><\/p>\n<p><a class=\"fancybox-thumb\" href=\"https:\/\/unec.edu.az\/application\/uploads\/2015\/06\/tarana_kerim9569a90c70.jpg\"><img decoding=\"async\" class=\"fancybox-margin alignnone wp-image-167861 size-thumbnail\" title=\"UNEC-in 90 illiyi m\u00fcnasib\u0259til\u0259 F\u0259xri F\u0259rmanla t\u0259ltif olunma (2021)\" src=\"https:\/\/unec.edu.az\/application\/uploads\/2015\/06\/tarana_kerim9569a90c70-150x150.jpg\" alt=\"tarana_kerim9569a90c70\" width=\"150\" height=\"150\" \/><\/a><a class=\"fancybox-thumb\" href=\"https:\/\/unec.edu.az\/application\/uploads\/2017\/03\/WhatsApp-Image-2017-03-15-at-12.49.47.jpg\"><img decoding=\"async\" class=\"fancybox-margin alignnone wp-image-87623 size-thumbnail\" src=\"https:\/\/unec.edu.az\/application\/uploads\/2017\/03\/WhatsApp-Image-2017-03-15-at-12.49.47-150x150.jpg\" alt=\"WhatsApp Image 2017-03-15 at 12.49.47\" width=\"150\" height=\"150\" \/><\/a><a class=\"fancybox-thumb\" href=\"https:\/\/unec.edu.az\/application\/uploads\/2015\/06\/taranaaa.jpg\"><img loading=\"lazy\" decoding=\"async\" class=\"fancybox-margin alignnone wp-image-94189 size-thumbnail\" title=\"\u00dcmummilli lider Heyd\u0259r \u018fliyevin irsi UNEC-d\u0259 t\u0259bli\u011f olunur (05.05.2017)\" src=\"https:\/\/unec.edu.az\/application\/uploads\/2015\/06\/taranaaa-150x150.jpg\" alt=\"taranaaa\" width=\"150\" height=\"150\" \/><\/a><a class=\"fancybox-thumb\" href=\"https:\/\/unec.edu.az\/application\/uploads\/2016\/09\/IMG-20160913-WA0004.jpg\"><img loading=\"lazy\" decoding=\"async\" class=\"fancybox-margin  alignnone wp-image-64168 size-thumbnail\" src=\"https:\/\/unec.edu.az\/application\/uploads\/2016\/09\/IMG-20160913-WA0004-150x150.jpg\" alt=\"IMG-20160913-WA0004\" width=\"150\" height=\"150\" \/><\/a><a class=\"fancybox-thumb\" href=\"https:\/\/unec.edu.az\/application\/uploads\/2015\/06\/tarana32.jpg\"><img loading=\"lazy\" decoding=\"async\" class=\"fancybox-margin  alignnone wp-image-70155 size-thumbnail\" src=\"https:\/\/unec.edu.az\/application\/uploads\/2015\/06\/tarana32-150x150.jpg\" alt=\"tarana32\" width=\"150\" height=\"150\" \/><\/a><a class=\"fancybox-thumb\" href=\"https:\/\/unec.edu.az\/application\/uploads\/2016\/11\/1-DSC_1156.jpg\"><img loading=\"lazy\" decoding=\"async\" class=\"fancybox-margin alignnone wp-image-73020 size-thumbnail\" title=\"UNEC-d\u0259 YAP-\u0131n 24 illiyin\u0259 h\u0259sr olunan t\u0259dbir ke\u00e7irilib (21.11.2016)\" src=\"https:\/\/unec.edu.az\/application\/uploads\/2016\/11\/1-DSC_1156-150x150.jpg\" alt=\"1-DSC_1156\" width=\"150\" height=\"150\" \/><\/a><a class=\"fancybox-thumb\" href=\"https:\/\/unec.edu.az\/application\/uploads\/2015\/06\/tarana3442.jpg\"><img loading=\"lazy\" decoding=\"async\" class=\"fancybox-margin alignnone wp-image-87345 size-thumbnail\" title=\"AD\u0130U \u0259m\u0259kda\u015flar\u0131 \u201c\u00dcmid yeri\u201d u\u015faq s\u0131\u011f\u0131naca\u011f\u0131nda olublar (19.02.2015)\" src=\"https:\/\/unec.edu.az\/application\/uploads\/2015\/06\/tarana3442-150x150.jpg\" alt=\"tarana3442\" width=\"150\" height=\"150\" \/><\/a><a class=\"fancybox-thumb\" href=\"https:\/\/unec.edu.az\/application\/uploads\/2017\/06\/WhatsApp-Image-2017-06-19-at-14.22.11.jpg\"><img loading=\"lazy\" decoding=\"async\" class=\"fancybox-margin alignnone wp-image-99414 size-thumbnail\" title=\"UNEC kollektivi Cocuq M\u0259rcanl\u0131da (23.06.2017)\" src=\"https:\/\/unec.edu.az\/application\/uploads\/2017\/06\/WhatsApp-Image-2017-06-19-at-14.22.11-150x150.jpg\" alt=\"WhatsApp Image 2017-06-19 at 14.22.11\" width=\"150\" height=\"150\" \/><\/a><a class=\"fancybox-thumb\" href=\"https:\/\/unec.edu.az\/application\/uploads\/2017\/06\/WhatsApp-Image-2017-06-19-at-14.21.39.jpg\"><img loading=\"lazy\" decoding=\"async\" class=\"fancybox-margin alignnone wp-image-99413 size-thumbnail\" title=\"UNEC kollektivi Cocuq M\u0259rcanl\u0131da (23.06.2017)\" src=\"https:\/\/unec.edu.az\/application\/uploads\/2017\/06\/WhatsApp-Image-2017-06-19-at-14.21.39-150x150.jpg\" alt=\"WhatsApp Image 2017-06-19 at 14.21.39\" width=\"150\" height=\"150\" \/><\/a><a class=\"fancybox-thumb\" href=\"https:\/\/unec.edu.az\/application\/uploads\/2017\/11\/DSC_8719.jpg\"><img loading=\"lazy\" decoding=\"async\" class=\"fancybox-margin alignnone wp-image-110914 size-thumbnail\" title=\"UNEC kollektivi Heyd\u0259r \u018fliyev M\u0259rk\u0259zind\u0259 (15.11.2017)\" src=\"https:\/\/unec.edu.az\/application\/uploads\/2017\/11\/DSC_8719-150x150.jpg\" alt=\"DSC_8719\" width=\"150\" height=\"150\" \/><\/a><a class=\"fancybox-thumb\" href=\"https:\/\/unec.edu.az\/application\/uploads\/2015\/06\/tarana_cavahir8962f3d291b8f4ffe.jpg\"><img loading=\"lazy\" decoding=\"async\" class=\"fancybox-margin alignnone wp-image-140598 size-thumbnail\" title=\"\u201cS\u0259ninl\u0259 f\u0259xr edirik, Az\u0259rbaycan \u0259sg\u0259ri!\u201d aksiyas\u0131 i\u015ftirak\u00e7\u0131lar\u0131ndan bir qrupu \u201c\u0130sg\u0259nd\u0259r qalas\u0131\u201dnda olub - V\u0130DEO (08.06.2019)\" src=\"https:\/\/unec.edu.az\/application\/uploads\/2015\/06\/tarana_cavahir8962f3d291b8f4ffe-150x150.jpg\" alt=\"tarana_cavahir8962f3d291b8f4ffe\" width=\"150\" height=\"150\" \/><\/a><a class=\"fancybox-thumb\" href=\"https:\/\/unec.edu.az\/application\/uploads\/2015\/06\/tarana_lale96c6ac36fef.jpg\"><img loading=\"lazy\" decoding=\"async\" class=\"fancybox-margin alignnone wp-image-140599 size-thumbnail\" title=\"\u201cS\u0259ninl\u0259 f\u0259xr edirik, Az\u0259rbaycan \u0259sg\u0259ri!\u201d aksiyas\u0131 i\u015ftirak\u00e7\u0131lar\u0131ndan bir qrupu \u201c\u0130sg\u0259nd\u0259r qalas\u0131\u201dnda olub - V\u0130DEO (08.06.2019)\" src=\"https:\/\/unec.edu.az\/application\/uploads\/2015\/06\/tarana_lale96c6ac36fef-150x150.jpg\" alt=\"tarana_lale96c6ac36fef\" width=\"150\" height=\"150\" \/><\/a><\/p>\n","protected":false},"excerpt":{"rendered":"<p>Candid.of Econom. Scien., Assoc. Prof. Karimova Tarana Isa She has graduated from the faculty of Economics of the Azerbaijan University of Architecture and Construction. She entered the post-graduate department (full-time) \u00a0of the Institute of Economics of the National Academy of Sciences of the Republic of Azerbaijan. In 1994 she successfully defended her thesis and was [&hellip;]<\/p>\n","protected":false},"author":10,"featured_media":0,"parent":0,"menu_order":0,"comment_status":"open","ping_status":"open","template":"","meta":{"footnotes":""},"class_list":["post-14353","page","type-page","status-publish","hentry"],"_links":{"self":[{"href":"http:\/\/unec.edu.az\/en\/wp-json\/wp\/v2\/pages\/14353","targetHints":{"allow":["GET"]}}],"collection":[{"href":"http:\/\/unec.edu.az\/en\/wp-json\/wp\/v2\/pages"}],"about":[{"href":"http:\/\/unec.edu.az\/en\/wp-json\/wp\/v2\/types\/page"}],"author":[{"embeddable":true,"href":"http:\/\/unec.edu.az\/en\/wp-json\/wp\/v2\/users\/10"}],"replies":[{"embeddable":true,"href":"http:\/\/unec.edu.az\/en\/wp-json\/wp\/v2\/comments?post=14353"}],"version-history":[{"count":15,"href":"http:\/\/unec.edu.az\/en\/wp-json\/wp\/v2\/pages\/14353\/revisions"}],"predecessor-version":[{"id":173216,"href":"http:\/\/unec.edu.az\/en\/wp-json\/wp\/v2\/pages\/14353\/revisions\/173216"}],"wp:attachment":[{"href":"http:\/\/unec.edu.az\/en\/wp-json\/wp\/v2\/media?parent=14353"}],"curies":[{"name":"wp","href":"https:\/\/api.w.org\/{rel}","templated":true}]}}