{"id":14362,"date":"2015-05-20T08:58:06","date_gmt":"2015-05-20T04:58:06","guid":{"rendered":"https:\/\/unec.edu.az\/zeynalov-mikayil-geray-oglu-2\/"},"modified":"2022-09-12T16:08:50","modified_gmt":"2022-09-12T12:08:50","slug":"zeynalov-mikayil-geray-oglu","status":"publish","type":"page","link":"http:\/\/unec.edu.az\/en\/zeynalov-mikayil-geray-oglu\/","title":{"rendered":"Zeynalov Mikayil Garay"},"content":{"rendered":"<h4 style=\"text-align: justify;\"><a href=\"https:\/\/unec.edu.az\/application\/uploads\/2015\/01\/Mikayil-m_-kopiya.jpg\"><img fetchpriority=\"high\" decoding=\"async\" class=\"alignleft wp-image-1917 size-full\" title=\"left\" src=\"https:\/\/unec.edu.az\/application\/uploads\/2015\/01\/Mikayil-m_-kopiya.jpg\" alt=\"Mikayil m_ - \u043a\u043e\u043f\u0438\u044f\" width=\"262\" height=\"260\" srcset=\"http:\/\/unec.edu.az\/application\/uploads\/2015\/01\/Mikayil-m_-kopiya.jpg 262w, http:\/\/unec.edu.az\/application\/uploads\/2015\/01\/Mikayil-m_-kopiya-150x150.jpg 150w\" sizes=\"(max-width: 262px) 100vw, 262px\" \/><\/a><\/h4>\n<h4 style=\"text-align: justify;\"><span style=\"color: #800000;\">PhD in Law, Assist. Prof. Zeynalov Mikayil Geray\u00a0<\/span><\/h4>\n<h4 style=\"text-align: justify;\"><span style=\"color: #000000;\"><em>e-mail:\u00a0\u00a0 mikail.zeynalov@unec.edu.az<\/em><\/span><\/h4>\n<p style=\"text-align: justify;\">M.G.Zeynalov was born 06.02.1970 in Govushug village of Lachin region. He completed the secondary school of Hajikhanli of the same region. Within 1988- 1990 he served in the Soviet Army.<\/p>\n<p style=\"text-align: justify;\">He finished \u00a0\u00a0Financial Economic College of Baku in 1992. In 2000 he graduated from the School of Law of Moscow State Social University.<\/p>\n<p style=\"text-align: justify;\">In 2003 he graduated from the State Academy of Administration under the President of the Republic of Azerbaijan with honors. In 2008 he graduated from the post-graduation of the State Academy of Administration under the President of the Republic of Azerbaijan.<\/p>\n<p style=\"text-align: justify;\">In 2011 Zeynalov defended his thesis on \u201cLegal Regulation of Relations between the State and Municipal Authorities\u201d and became a PhD in Law.<\/p>\n<p style=\"text-align: justify;\">His labor activity began as an accountant, senior economist and senior auditor of the Republic Savings Bank of Garadag district Office in August of 1992.<\/p>\n<p id=\"tw-target-text\" class=\"tw-data-text tw-text-large tw-ta\" dir=\"ltr\" data-placeholder=\"\u041f\u0435\u0440\u0435\u0432\u043e\u0434\"><span class=\"Y2IQFc\" lang=\"en\">Until 01.11.2021, he worked as the vice-rector for economic affairs of UNEC. <\/span><\/p>\n<p class=\"tw-data-text tw-text-large tw-ta\" dir=\"ltr\" data-placeholder=\"\u041f\u0435\u0440\u0435\u0432\u043e\u0434\"><span class=\"Y2IQFc\" lang=\"en\">He was the director of UNEC&#8217;s Business Center in 2021-2022. <\/span><\/p>\n<p class=\"tw-data-text tw-text-large tw-ta\" dir=\"ltr\" data-placeholder=\"\u041f\u0435\u0440\u0435\u0432\u043e\u0434\"><span class=\"Y2IQFc\" lang=\"en\">He is vice-rector for financial and economic affairs of Baku Engineering University. <\/span><\/p>\n<p class=\"tw-data-text tw-text-large tw-ta\" dir=\"ltr\" data-placeholder=\"\u041f\u0435\u0440\u0435\u0432\u043e\u0434\"><span class=\"Y2IQFc\" lang=\"en\">He is a\u00a0<\/span><span style=\"color: #800000;\"><span style=\"color: #000000;\">Assist. Prof.<\/span>\u00a0<\/span>of UNEC &#8220;Regulation of Economy&#8221; department (0.5).<\/p>\n<p style=\"text-align: justify;\">Within 1993- 1994 he was an active participant of the battles for Azerbaijan\u2019s territorial integrity, as well as the defense of Beylegan and the cleanup of some villages of Fizuli regions such as Boyuk Bahmanli, Yagilvand, Arayatlin, Babin, Horadiz, Ahmadalilar and Jojug Marjanli of Jabrayil region.<\/p>\n<p style=\"text-align: justify;\">On April 21 1994 he was strong injured in battles went near the village Horadiz.<\/p>\n<p style=\"text-align: justify;\">From August 1997 to February 2009 he served as the advisor, Head of the Department and Section Head on the Department of Finance of the Ministry of Finance of the Republic of Azerbaijan Garadag district of Baku city.<\/p>\n<p style=\"text-align: justify;\"><a class=\"fancybox-thumb\" href=\"https:\/\/unec.edu.az\/application\/uploads\/2015\/05\/prorektorrrrrr5e3ed1be76d3fe1bff.jpg\" rel=\"fancybox-thumb\"><img decoding=\"async\" class=\"fancybox-margin alignnone wp-image-164672 size-thumbnail\" src=\"https:\/\/unec.edu.az\/application\/uploads\/2015\/05\/prorektorrrrrr5e3ed1be76d3fe1bff-150x150.jpg\" alt=\"prorektorrrrrr5e3ed1be76d3fe1bff\" width=\"150\" height=\"150\" \/><\/a><a class=\"fancybox-thumb\" href=\"https:\/\/unec.edu.az\/application\/uploads\/2016\/12\/1-DSC_5083.jpg\" rel=\"fancybox-thumb\"><img decoding=\"async\" class=\"fancybox-margin alignnone wp-image-78269 size-thumbnail\" title=\"UNEC-in badminton\u00e7ular\u0131 q\u00fcvv\u0259l\u0259rini s\u0131nay\u0131blar (26.12.2016)\" src=\"https:\/\/unec.edu.az\/application\/uploads\/2016\/12\/1-DSC_5083-150x150.jpg\" alt=\"1-DSC_5083\" width=\"150\" height=\"150\" \/><\/a><a class=\"fancybox-thumb\" href=\"https:\/\/unec.edu.az\/application\/uploads\/2016\/02\/DSC_5249.jpg\" rel=\"fancybox-thumb\"><img loading=\"lazy\" decoding=\"async\" class=\"fancybox-margin  alignnone wp-image-42663 size-thumbnail\" src=\"https:\/\/unec.edu.az\/application\/uploads\/2016\/02\/DSC_5249-150x150.jpg\" alt=\"DSC_5249\" width=\"150\" height=\"150\" \/><\/a><a class=\"fancybox-thumb\" href=\"https:\/\/unec.edu.az\/application\/uploads\/2016\/11\/mikayilmok.jpg\" rel=\"fancybox-thumb\"><img loading=\"lazy\" decoding=\"async\" class=\"fancybox-margin  alignnone wp-image-70002 size-thumbnail\" src=\"https:\/\/unec.edu.az\/application\/uploads\/2016\/11\/mikayilmok-150x150.jpg\" alt=\"mikayil\u043c\u043e\u043a\" width=\"150\" height=\"150\" \/><\/a><a class=\"fancybox-thumb\" href=\"https:\/\/unec.edu.az\/application\/uploads\/2015\/05\/mikayil_68261.jpg\" rel=\"fancybox-thumb\"><img loading=\"lazy\" decoding=\"async\" class=\"fancybox-margin  alignnone wp-image-70426 size-thumbnail\" src=\"https:\/\/unec.edu.az\/application\/uploads\/2015\/05\/mikayil_68261-150x150.jpg\" alt=\"mikayil_6826\" width=\"150\" height=\"150\" \/><\/a><a class=\"fancybox-thumb\" href=\"https:\/\/unec.edu.az\/application\/uploads\/2016\/11\/DSC_0080.jpg\" rel=\"fancybox-thumb\"><img loading=\"lazy\" decoding=\"async\" class=\"fancybox-margin alignnone wp-image-71229 size-thumbnail\" title=\"UNEC t\u0259l\u0259b\u0259l\u0259ri \u00f6n c\u0259bh\u0259d\u0259 \u0259sg\u0259rl\u0259rl\u0259 birg\u0259 (08.11.2016)\" src=\"https:\/\/unec.edu.az\/application\/uploads\/2016\/11\/DSC_0080-150x150.jpg\" alt=\"DSC_0080\" width=\"150\" height=\"150\" \/><\/a><\/p>\n<p style=\"text-align: justify;\">In 1999 he became the member of the Gobustan Municipality during the first municipal elections of the Republic of Azerbaijan and served there until 2003.<\/p>\n<p style=\"text-align: justify;\">In February 2009 he became a senior Advisor of the Fiscal, Monetary and Price Policy sector of the Department Economic Policy, Analysis and Forecasting of the Ministry of Economic Development of the Republic of Azerbaijan. In April 2011 he became the acting Head of the sector for Household Policy, in October 2011 the Head of the same sector and from March 2013 to April 2014 he was a Deputy Head of the same Department.<\/p>\n<p style=\"text-align: justify;\">Zeynalov is the member of NAP since February 1993 and member of the NAP Garadag district\u2019s Council.<\/p>\n<p style=\"text-align: justify;\">By the Order of the President of the Republic of Azerbaijan dated September 24, 2020, he was awarded\u00a0 \u201cTaraggi\u201d medal on the occasion of the 90th anniversary of Azerbaijan State University of Economics and for his services to the development of education in Azerbaijan.<\/p>\n<p>He is married, has three children.<\/p>\n<p style=\"text-align: justify;\"><a class=\"fancybox-thumb\" href=\"https:\/\/unec.edu.az\/application\/uploads\/2015\/05\/mika3707005bd1bc9b.jpg\" rel=\"fancybox-thumb\"><img loading=\"lazy\" decoding=\"async\" class=\"fancybox-margin alignnone wp-image-167102 size-thumbnail\" title=\"UNEC-in YAP f\u0259allar\u0131 qazi t\u0259l\u0259b\u0259 v\u0259 m\u0259zunlarla g\u00f6r\u00fc\u015f\u00fcb (26.10.2021)\" src=\"https:\/\/unec.edu.az\/application\/uploads\/2015\/05\/mika3707005bd1bc9b-150x150.jpg\" alt=\"mika3707005bd1bc9b\" width=\"150\" height=\"150\" \/><\/a><a class=\"fancybox-thumb\" href=\"https:\/\/unec.edu.az\/application\/uploads\/2015\/05\/mikayil_3f70.jpg\" rel=\"fancybox-thumb\"><img loading=\"lazy\" decoding=\"async\" class=\"fancybox-margin alignnone wp-image-126230 size-thumbnail\" title=\"musahiba_Turistl\u0259r \u00fc\u00e7\u00fcn vahid b\u0259l\u0259d\u00e7i platformas\u0131 \u201cTourX Cycle\u201d - M\u00dcSAH\u0130B\u018f (06.06.2018)\" src=\"https:\/\/unec.edu.az\/application\/uploads\/2015\/05\/mikayil_3f70-150x150.jpg\" alt=\"mikayil_3f70\" width=\"150\" height=\"150\" \/><\/a><a class=\"fancybox-thumb\" href=\"https:\/\/unec.edu.az\/application\/uploads\/2016\/12\/1-DSC_5278.jpg\" rel=\"fancybox-thumb\"><img loading=\"lazy\" decoding=\"async\" class=\"fancybox-margin  alignnone wp-image-78688 size-thumbnail\" title=\"UNEC-d\u0259 \u201cAprel d\u00f6y\u00fc\u015fl\u0259ri bizim \u015fanl\u0131 q\u0259l\u0259b\u0259mizdir\u201d devizi alt\u0131nda v\u0259t\u0259np\u0259rv\u0259rlik t\u0259dbiri ke\u00e7irilib (28.12.2016)\" src=\"https:\/\/unec.edu.az\/application\/uploads\/2016\/12\/1-DSC_5278-150x150.jpg\" alt=\"1-DSC_5278\" width=\"150\" height=\"150\" \/><\/a><a class=\"fancybox-thumb\" href=\"https:\/\/unec.edu.az\/application\/uploads\/2017\/11\/DSC_8719.jpg\" rel=\"fancybox-thumb\"><img loading=\"lazy\" decoding=\"async\" class=\"fancybox-margin  alignnone wp-image-110914 size-thumbnail\" title=\"UNEC kollektivi Heyd\u0259r \u018fliyev M\u0259rk\u0259zind\u0259 (15.11.2017)\" src=\"https:\/\/unec.edu.az\/application\/uploads\/2017\/11\/DSC_8719-150x150.jpg\" alt=\"DSC_8719\" width=\"150\" height=\"150\" \/><\/a><a class=\"fancybox-thumb\" href=\"https:\/\/unec.edu.az\/application\/uploads\/2017\/11\/DSC_8724.jpg\" rel=\"fancybox-thumb\"><img loading=\"lazy\" decoding=\"async\" class=\"fancybox-margin  alignnone wp-image-110915 size-thumbnail\" title=\"UNEC kollektivi Heyd\u0259r \u018fliyev M\u0259rk\u0259zind\u0259 (15.11.2017)\" src=\"https:\/\/unec.edu.az\/application\/uploads\/2017\/11\/DSC_8724-150x150.jpg\" alt=\"DSC_8724\" width=\"150\" height=\"150\" \/><\/a><a class=\"fancybox-thumb\" href=\"https:\/\/unec.edu.az\/application\/uploads\/2015\/05\/unec-4.jpg\" rel=\"fancybox-thumb\"><img loading=\"lazy\" decoding=\"async\" class=\"fancybox-margin  alignnone wp-image-155278 size-thumbnail\" title=\"UNEC kollektivi \u00f6n c\u0259bh\u0259d\u0259 (25.12.2017)\" src=\"https:\/\/unec.edu.az\/application\/uploads\/2015\/05\/unec-4-150x150.jpg\" alt=\"unec (4)\" width=\"150\" height=\"150\" \/><\/a><\/p>\n<p style=\"text-align: justify;\"><span style=\"color: #000000;\"><em><span style=\"color: #333333;\"><a style=\"color: #333333;\" href=\"https:\/\/unec.edu.az\/en\/unec-kollektivi-on-cebhede\/\">The UNEC staff at the forefront<\/a>\u00a0(25.12.2017)<\/span><a style=\"color: #000000;\" href=\"https:\/\/unec.edu.az\/en\/unec-yap-gencleri-xocali-qurbanlarini-yad-etdi\/\"><br \/>\nUNEC NAP Youth commemorate Khojali victims<\/a>\u00a0(25.02.2017)<br \/>\n<\/em><em><a style=\"color: #000000;\" href=\"https:\/\/unec.edu.az\/en\/unec-in-yaradiliq-merkezi-herbi-hissede-teltif-edilib\/\">The Creativity Center of UNEC was awarded in the Military Unit<\/a>\u00a0(08.11.2016)<br \/>\n<\/em><em><a style=\"color: #000000;\" href=\"https:\/\/unec.edu.az\/en\/radio-unec-in-yeni-layihesi-prorektor-telebelerin-suallarini-cavablandirir\/\">New Project of Radio UNEC: \u201cVice-rector responds Students\u2019 Questions\u201d<\/a>\u00a0(01.11.2016)<\/em><\/span><\/p>\n","protected":false},"excerpt":{"rendered":"<p>PhD in Law, Assist. Prof. Zeynalov Mikayil Geray\u00a0 e-mail:\u00a0\u00a0 mikail.zeynalov@unec.edu.az M.G.Zeynalov was born 06.02.1970 in Govushug village of Lachin region. He completed the secondary school of Hajikhanli of the same region. Within 1988- 1990 he served in the Soviet Army. He finished \u00a0\u00a0Financial Economic College of Baku in 1992. In 2000 he graduated from the [&hellip;]<\/p>\n","protected":false},"author":10,"featured_media":0,"parent":0,"menu_order":0,"comment_status":"open","ping_status":"open","template":"","meta":{"footnotes":""},"class_list":["post-14362","page","type-page","status-publish","hentry"],"_links":{"self":[{"href":"http:\/\/unec.edu.az\/en\/wp-json\/wp\/v2\/pages\/14362","targetHints":{"allow":["GET"]}}],"collection":[{"href":"http:\/\/unec.edu.az\/en\/wp-json\/wp\/v2\/pages"}],"about":[{"href":"http:\/\/unec.edu.az\/en\/wp-json\/wp\/v2\/types\/page"}],"author":[{"embeddable":true,"href":"http:\/\/unec.edu.az\/en\/wp-json\/wp\/v2\/users\/10"}],"replies":[{"embeddable":true,"href":"http:\/\/unec.edu.az\/en\/wp-json\/wp\/v2\/comments?post=14362"}],"version-history":[{"count":25,"href":"http:\/\/unec.edu.az\/en\/wp-json\/wp\/v2\/pages\/14362\/revisions"}],"predecessor-version":[{"id":179886,"href":"http:\/\/unec.edu.az\/en\/wp-json\/wp\/v2\/pages\/14362\/revisions\/179886"}],"wp:attachment":[{"href":"http:\/\/unec.edu.az\/en\/wp-json\/wp\/v2\/media?parent=14362"}],"curies":[{"name":"wp","href":"https:\/\/api.w.org\/{rel}","templated":true}]}}