{"id":173520,"date":"2018-10-25T14:46:21","date_gmt":"2018-10-25T10:46:21","guid":{"rendered":"https:\/\/unec.edu.az\/roya-natiq-qizi-sultanova-2\/"},"modified":"2022-04-13T11:59:02","modified_gmt":"2022-04-13T07:59:02","slug":"roya-natiq-qizi-sultanova","status":"publish","type":"page","link":"http:\/\/unec.edu.az\/en\/roya-natiq-qizi-sultanova\/","title":{"rendered":"R\u00f6ya Natiq q\u0131z\u0131 Sultanova"},"content":{"rendered":"<p>R\u00f6ya Natiq q\u0131z\u0131 Sultanova<\/p>\n","protected":false},"excerpt":{"rendered":"<p>R\u00f6ya Natiq q\u0131z\u0131 Sultanova<\/p>\n","protected":false},"author":8,"featured_media":0,"parent":0,"menu_order":0,"comment_status":"open","ping_status":"open","template":"page-templates\/2columncontent.php","meta":{"footnotes":""},"class_list":["post-173520","page","type-page","status-publish","hentry"],"_links":{"self":[{"href":"http:\/\/unec.edu.az\/en\/wp-json\/wp\/v2\/pages\/173520","targetHints":{"allow":["GET"]}}],"collection":[{"href":"http:\/\/unec.edu.az\/en\/wp-json\/wp\/v2\/pages"}],"about":[{"href":"http:\/\/unec.edu.az\/en\/wp-json\/wp\/v2\/types\/page"}],"author":[{"embeddable":true,"href":"http:\/\/unec.edu.az\/en\/wp-json\/wp\/v2\/users\/8"}],"replies":[{"embeddable":true,"href":"http:\/\/unec.edu.az\/en\/wp-json\/wp\/v2\/comments?post=173520"}],"version-history":[{"count":2,"href":"http:\/\/unec.edu.az\/en\/wp-json\/wp\/v2\/pages\/173520\/revisions"}],"predecessor-version":[{"id":173522,"href":"http:\/\/unec.edu.az\/en\/wp-json\/wp\/v2\/pages\/173520\/revisions\/173522"}],"wp:attachment":[{"href":"http:\/\/unec.edu.az\/en\/wp-json\/wp\/v2\/media?parent=173520"}],"curies":[{"name":"wp","href":"https:\/\/api.w.org\/{rel}","templated":true}]}}