{"id":192484,"date":"2023-11-02T17:28:33","date_gmt":"2023-11-02T13:28:33","guid":{"rendered":"https:\/\/unec.edu.az\/?page_id=192484"},"modified":"2023-11-02T17:28:33","modified_gmt":"2023-11-02T13:28:33","slug":"akademik-kitabxanalarin-yeni-fealiyyet-istiqametleri-movzusunda-beynelxalq-elmi-konfransin-materiallari","status":"publish","type":"page","link":"http:\/\/unec.edu.az\/en\/akademik-kitabxanalarin-yeni-fealiyyet-istiqametleri-movzusunda-beynelxalq-elmi-konfransin-materiallari\/","title":{"rendered":"AKADEM\u0130K K\u0130TABXANALARIN YEN\u0130  F\u018fAL\u0130YY\u018fT \u0130ST\u0130QAM\u018fTL\u018fR\u0130  m\u00f6vzusunda  Beyn\u0259lxalq Elmi Konfrans\u0131n MATER\u0130ALLARI"},"content":{"rendered":"<h4><span style=\"color: #000080;\"><a style=\"color: #000080;\" href=\"https:\/\/unec.edu.az\/application\/uploads\/2023\/11\/Konfrans-materiallar-_021123_compressed.pdf\">AKADEM\u0130K K\u0130TABXANALARIN YEN\u0130 F\u018fAL\u0130YY\u018fT \u0130ST\u0130QAM\u018fTL\u018fR\u0130 m\u00f6vzusunda Beyn\u0259lxalq Elmi Konfrans\u0131n MATER\u0130ALLARI<\/a><\/span><\/h4>\n","protected":false},"excerpt":{"rendered":"<p>AKADEM\u0130K K\u0130TABXANALARIN YEN\u0130 F\u018fAL\u0130YY\u018fT \u0130ST\u0130QAM\u018fTL\u018fR\u0130 m\u00f6vzusunda Beyn\u0259lxalq Elmi Konfrans\u0131n MATER\u0130ALLARI<\/p>\n","protected":false},"author":10,"featured_media":0,"parent":0,"menu_order":0,"comment_status":"open","ping_status":"open","template":"","meta":{"footnotes":""},"class_list":["post-192484","page","type-page","status-publish","hentry"],"_links":{"self":[{"href":"http:\/\/unec.edu.az\/en\/wp-json\/wp\/v2\/pages\/192484","targetHints":{"allow":["GET"]}}],"collection":[{"href":"http:\/\/unec.edu.az\/en\/wp-json\/wp\/v2\/pages"}],"about":[{"href":"http:\/\/unec.edu.az\/en\/wp-json\/wp\/v2\/types\/page"}],"author":[{"embeddable":true,"href":"http:\/\/unec.edu.az\/en\/wp-json\/wp\/v2\/users\/10"}],"replies":[{"embeddable":true,"href":"http:\/\/unec.edu.az\/en\/wp-json\/wp\/v2\/comments?post=192484"}],"version-history":[{"count":1,"href":"http:\/\/unec.edu.az\/en\/wp-json\/wp\/v2\/pages\/192484\/revisions"}],"predecessor-version":[{"id":192488,"href":"http:\/\/unec.edu.az\/en\/wp-json\/wp\/v2\/pages\/192484\/revisions\/192488"}],"wp:attachment":[{"href":"http:\/\/unec.edu.az\/en\/wp-json\/wp\/v2\/media?parent=192484"}],"curies":[{"name":"wp","href":"https:\/\/api.w.org\/{rel}","templated":true}]}}