{"id":467159,"date":"2025-05-27T12:27:20","date_gmt":"2025-05-27T08:27:20","guid":{"rendered":"https:\/\/unec.edu.az\/unec-biznes-mektebinin-mba-proqrami-uzre-2024-2025-ci-tedris-ili-ucun-tedris-planlari\/"},"modified":"2025-05-27T15:40:43","modified_gmt":"2025-05-27T11:40:43","slug":"unec-biznes-mektebinin-mba-proqrami-uzre-2024-2025-ci-tedris-ili-ucun-tedris-planlari","status":"publish","type":"page","link":"http:\/\/unec.edu.az\/en\/unec-biznes-mektebinin-mba-proqrami-uzre-2024-2025-ci-tedris-ili-ucun-tedris-planlari\/","title":{"rendered":"\u00a0UNEC Biznes M\u0259kt\u0259binin MBA Proqram\u0131 \u00fczr\u0259 (2024-2025-ci t\u0259dris ili \u00fc\u00e7\u00fcn) T\u0259dris Planlar\u0131"},"content":{"rendered":"\n<h3 style=\"text-align: left;\"><span style=\"color: #000080;\">UNEC Business School MBA Program Curriculum (for 2024-2025 Academic year)\u00a0<\/span><\/h3>\n<p><span style=\"color: #333333;\"><a style=\"color: #333333;\" href=\"http:\/\/unec.edu.az\/application\/uploads\/2025\/05\/1-Maliyy\u0259_Finance_2024-2025_Academic-year.pdf\">1 Maliyy\u0259_Finance_2024-2025_Academic year<\/a> <\/span><\/p>\n<p><span style=\"color: #333333;\"><a style=\"color: #333333;\" href=\"http:\/\/unec.edu.az\/application\/uploads\/2025\/05\/2-Biznesin-t\u0259skili-v\u0259-idar\u0259-edilm\u0259si-umumi-t\u0259yinatli_General-MBA_2024-2025_Academic-year.pdf\">2 Biznesin t\u0259\u015fkili v\u0259 idar\u0259 edilm\u0259si \u00fcmumi t\u0259yinatl\u0131_General MBA_2024-2025_Academic year<\/a> <\/span><\/p>\n<p><span style=\"color: #333333;\"><a style=\"color: #333333;\" href=\"http:\/\/unec.edu.az\/application\/uploads\/2025\/05\/3-Beyn\u0259lxalq-biznes_International-Business_2024-2025_Academic-year.pdf\">3 Beyn\u0259lxalq biznes_International Business_2024-2025_Academic year<\/a> <\/span><\/p>\n<p><span style=\"color: #333333;\"><a style=\"color: #333333;\" href=\"http:\/\/unec.edu.az\/application\/uploads\/2025\/05\/4-Menecment_Management_2024-2025_Academic-year.pdf\">4 Menecment_Management_2024-2025_Academic year<\/a> <\/span><\/p>\n<p><span style=\"color: #333333;\"><a style=\"color: #333333;\" href=\"http:\/\/unec.edu.az\/application\/uploads\/2025\/05\/5-Marketinq_Marketing_2024-2025-Academic-year.pdf\">5 Marketinq_(Marketing_2024-2025 Academic year<\/a><\/span><\/p>\n<p><span style=\"color: #333333;\"><a style=\"color: #333333;\" href=\"http:\/\/unec.edu.az\/application\/uploads\/2025\/05\/6-Muhasibat-ucotu_Accounting_2024-2025-Academic-year.pdf\">6 M\u00fchasibat u\u00e7otu_Accounting_2024-2025 Academic year<\/a> <\/span><\/p>\n<p><span style=\"color: #333333;\"><a style=\"color: #333333;\" href=\"http:\/\/unec.edu.az\/application\/uploads\/2025\/05\/7-Qiym\u0259tli-kagizlar_Securities_2024-2025_Academic-year.pdf\">7 Qiym\u0259tli ka\u011f\u0131zlar_Securities_2024-2025_Academic year<\/a><\/span><\/p>\n<p><span style=\"color: #333333;\"> <a style=\"color: #333333;\" href=\"http:\/\/unec.edu.az\/application\/uploads\/2025\/05\/8-Insan-resurslarinin-idar\u0259-olunmasi_Human-Resource_2024-2025_Academic-year.pdf\">8 \u0130nsan resurslar\u0131n\u0131n idar\u0259 olunmas\u0131_Human Resource_2024-2025_Academic year<\/a> <\/span><\/p>\n<p><span style=\"color: #333333;\"><a style=\"color: #333333;\" href=\"http:\/\/unec.edu.az\/application\/uploads\/2025\/05\/9-Bank-v\u0259-Sigortanin-idar\u0259-edilm\u0259si_Banking-and-Insurance_2024-2025_Academic-year.pdf\">9 Bank v\u0259 S\u0131\u011fortan\u0131n idar\u0259 edilm\u0259si_Banking and Insurance_2024-2025_Academic year<\/a> <\/span><\/p>\n<p><span style=\"color: #333333;\"><a style=\"color: #333333;\" href=\"http:\/\/unec.edu.az\/application\/uploads\/2025\/05\/10-S\u0259hiyy\u0259nin-idar\u0259-edilm\u0259si_Healthcare-Management_2024-2025_Academic-year.pdf\">10 S\u0259hiyy\u0259nin idar\u0259 edilm\u0259si_Healthcare Management_2024-2025_Academic year<\/a><\/span><\/p>\n<p><span style=\"color: #333333;\"><a style=\"color: #333333;\" href=\"http:\/\/unec.edu.az\/application\/uploads\/2025\/05\/11-Turizim-v\u0259-otelciliyin-idar\u0259-edilm\u0259si_Tourism-and-Hospitality_2024-2025_Academic-year.pdf\">11 Turizim v\u0259 otel\u00e7iliyin idar\u0259 edilm\u0259si_Tourism and Hospitality_2024-2025_Academic year<\/a> <\/span><\/p>\n<p><span style=\"color: #333333;\"><a style=\"color: #333333;\" href=\"http:\/\/unec.edu.az\/application\/uploads\/2025\/05\/12-Muh\u0259ndislik-v\u0259-idar\u0259etm\u0259nin-riskl\u0259ri_Risks-Engineering-and-Management_2024-2025-_Academic-year.pdf\">12 M\u00fch\u0259ndislik v\u0259 idar\u0259etm\u0259nin riskl\u0259ri_Risks Engineering and Management_2024-2025 _Academic year<\/a> <\/span><\/p>\n<p><span style=\"color: #333333;\"><a style=\"color: #333333;\" href=\"http:\/\/unec.edu.az\/application\/uploads\/2025\/05\/13-Idmanin-idar\u0259-edilm\u0259si_Sports-Management_2024-2025_Academic-year.pdf\">13 \u0130dman\u0131n idar\u0259 edilm\u0259si_Sports Management_2024-2025_Academic year<\/a> <\/span><\/p>\n<p><span style=\"color: #333333;\"><a style=\"color: #333333;\" href=\"http:\/\/unec.edu.az\/application\/uploads\/2025\/05\/14-Layih\u0259l\u0259rin-idar\u0259-edilm\u0259si_Project-Management_2024-2025_Academic-year.pdf\">14 Layih\u0259l\u0259rin idar\u0259 edilm\u0259si_Project Management_2024-2025_Academic year<\/a> <\/span><\/p>\n<p><span style=\"color: #333333;\"><a style=\"color: #333333;\" href=\"http:\/\/unec.edu.az\/application\/uploads\/2025\/05\/15-Biznes-v\u0259-data-analitikasi_Business-and-Data-Analytics_2024-2025_Academic-year.pdf\">15 Biznes v\u0259 data analitikas\u0131_Business and Data Analytics_2024-2025_Academic year<\/a><\/span><\/p>\n<p><span style=\"color: #333333;\"><a style=\"color: #333333;\" href=\"http:\/\/unec.edu.az\/application\/uploads\/2025\/05\/16-Rsikl\u0259rin-idar\u0259-olunmasi_Risk-Management_2024-2025_Academic-year.pdf\">16 Rsikl\u0259rin idar\u0259 olunmas\u0131_Risk Management_2024-2025_Academic year<\/a> <\/span><\/p>\n<p><span style=\"color: #333333;\"><a style=\"color: #333333;\" href=\"http:\/\/unec.edu.az\/application\/uploads\/2025\/05\/17-Sosial-media-marketinqi_Social-Media-Marketing_2024-2025_Academic-year.pdf\">17 Sosial media marketinqi_Social Media Marketing_2024-2025_Academic year<\/a> <\/span><\/p>\n<p><span style=\"color: #333333;\"><a style=\"color: #333333;\" href=\"http:\/\/unec.edu.az\/application\/uploads\/2025\/05\/18-Bey-logistika-v\u0259-t\u0259chizat-z\u0259ncirinin-i-ei-_Internat-Logistics-and-Supply-Chain-Man-2024-2025_Academic-year-Yeni.pdf\">18 Bey logistika v\u0259 t\u0259chizat z\u0259ncirinin i- ei _Internat- Logistics and Supply Chain Man 2024-2025_Academic year Yeni<\/a> <\/span><\/p>\n<p><span style=\"color: #333333;\"><a style=\"color: #333333;\" href=\"http:\/\/unec.edu.az\/application\/uploads\/2025\/05\/19-Kiber-t\u0259hluk\u0259sizlik_Cyber-Security_2024-2025_Academic-year.pdf\">19 Kiber t\u0259hl\u00fck\u0259sizlik_Cyber Security_2024-2025_Academic year<\/a> <\/span><\/p>\n<p><span style=\"color: #333333;\"><a style=\"color: #333333;\" href=\"http:\/\/unec.edu.az\/application\/uploads\/2025\/05\/20-Vergi-idar\u0259-etm\u0259si-v\u0259-vergi-planlasdirilmasi_Tax-Management-and-Tax-Planning_2024-2025_Academic-year.pdf\">20 Vergi idar\u0259 etm\u0259si v\u0259 vergi planla\u015fd\u0131r\u0131lmas\u0131_Tax Management and Tax Planning_2024-2025_Academic year<\/a> <\/span><\/p>\n<p><span style=\"color: #333333;\"><a style=\"color: #333333;\" href=\"http:\/\/unec.edu.az\/application\/uploads\/2025\/05\/21-R\u0259qamsal-Marketing_Digital-Marketing_2024-2025-_Academic-year.pdf\">21 R\u0259qamsal Marketing_Digital Marketing_2024-2025 _Academic year<\/a><\/span><\/p>\n<p><span style=\"color: #333333;\"> <a style=\"color: #333333;\" href=\"http:\/\/unec.edu.az\/application\/uploads\/2025\/05\/22-R\u0259q\u0259msal-ekspertiza_Digital-Forensic_2024-2025_Academic-year.pdf\">22 R\u0259q\u0259msal ekspertiza_Digital Forensic_2024-2025_Academic year<\/a><\/span><\/p>\n<p><span style=\"color: #333333;\"><a style=\"color: #333333;\" href=\"http:\/\/unec.edu.az\/application\/uploads\/2025\/05\/23-Enerji-menecment_Energy-Management_2024-2025_Academic-year.pdf\">23 Enerji menecment_Energy Management_2024-2025_Academic year<\/a><\/span><\/p>\n<p><span style=\"color: #333333;\"> <a style=\"color: #333333;\" href=\"http:\/\/unec.edu.az\/application\/uploads\/2025\/05\/24-Blokceyn-menecment_Blockchain-Management_2024-2025_Academic-year.pdf\">24 Blok\u00e7eyn menecment_Blockchain Management_2024-2025_Academic year<\/a> <\/span><\/p>\n<p><span style=\"color: #333333;\"><a style=\"color: #333333;\" href=\"http:\/\/unec.edu.az\/application\/uploads\/2025\/05\/25-R\u0259q\u0259msal-Biznesin-idar\u0259-edilm\u0259si_Digital-Business-Management_2024-2025_Academic-year.pdf\">25 R\u0259q\u0259msal Biznesin idar\u0259 edilm\u0259si_Digital Business Management_2024-2025_Academic year<\/a> <\/span><\/p>\n<p><span style=\"color: #333333;\"><a style=\"color: #333333;\" href=\"http:\/\/unec.edu.az\/application\/uploads\/2025\/05\/26-Proqram-t\u0259minati-muh\u0259ndisliyi_Software-Engineering_2024-2025_Academic-year.pdf\">26 Proqram t\u0259minat\u0131 m\u00fch\u0259ndisliyi_Software Engineering_2024-2025_Academic year<\/a> <\/span><\/p>\n<p><span style=\"color: #333333;\"><a style=\"color: #333333;\" href=\"http:\/\/unec.edu.az\/application\/uploads\/2025\/05\/27-Suni-Intellekt-_Artificial-Intelligence_2024-2025_Academic-year.pdf\">27 S\u00fcni \u0130ntellekt _Artificial Intelligence_2024-2025_Academic year<\/a> <\/span><\/p>\n<p><span style=\"color: #333333;\"><a style=\"color: #333333;\" href=\"http:\/\/unec.edu.az\/application\/uploads\/2025\/05\/28-Qida-m\u0259hsullarinin-keyfiyy\u0259tinin-idar\u0259-edilm\u0259si_Food-Quality-Management_2024-2025_Academic-year.pdf\">28 Qida m\u0259hsullar\u0131n\u0131n keyfiyy\u0259tinin idar\u0259 edilm\u0259si_Food Quality Management_2024-2025_Academic year<\/a> <\/span><\/p>\n<p><span style=\"color: #333333;\"><a style=\"color: #333333;\" href=\"http:\/\/unec.edu.az\/application\/uploads\/2025\/05\/29-Ali-T\u0259hsilin-idar\u0259-edilm\u0259si_Higher-Education-Management_2024-2025_Academic-year.pdf\">29 Ali T\u0259hsilin idar\u0259 edilm\u0259si_Higher Education Management_2024-2025_Academic year<\/a> <\/span><\/p>\n<p><span style=\"color: #333333;\"><a style=\"color: #333333;\" href=\"http:\/\/unec.edu.az\/application\/uploads\/2025\/05\/30-Maliyy\u0259-analitikasi-Financial-analytics_2024-2025_Academic-year.pdf\">30 Maliyy\u0259 analitikas\u0131-Financial analytics_2024-2025_Academic year<\/a><\/span><\/p>\n","protected":false},"excerpt":{"rendered":"<p>UNEC Business School MBA Program Curriculum (for 2024-2025 Academic year)\u00a0 1 Maliyy\u0259_Finance_2024-2025_Academic year 2 Biznesin t\u0259\u015fkili v\u0259 idar\u0259 edilm\u0259si \u00fcmumi t\u0259yinatl\u0131_General MBA_2024-2025_Academic year 3 Beyn\u0259lxalq biznes_International Business_2024-2025_Academic year 4 Menecment_Management_2024-2025_Academic year 5 Marketinq_(Marketing_2024-2025 Academic year 6 M\u00fchasibat u\u00e7otu_Accounting_2024-2025 Academic year 7 Qiym\u0259tli ka\u011f\u0131zlar_Securities_2024-2025_Academic year 8 \u0130nsan resurslar\u0131n\u0131n idar\u0259 olunmas\u0131_Human Resource_2024-2025_Academic year 9 Bank v\u0259 S\u0131\u011fortan\u0131n [&hellip;]<\/p>\n","protected":false},"author":13,"featured_media":0,"parent":0,"menu_order":0,"comment_status":"closed","ping_status":"closed","template":"","meta":{"footnotes":""},"class_list":["post-467159","page","type-page","status-publish","hentry"],"_links":{"self":[{"href":"http:\/\/unec.edu.az\/en\/wp-json\/wp\/v2\/pages\/467159","targetHints":{"allow":["GET"]}}],"collection":[{"href":"http:\/\/unec.edu.az\/en\/wp-json\/wp\/v2\/pages"}],"about":[{"href":"http:\/\/unec.edu.az\/en\/wp-json\/wp\/v2\/types\/page"}],"author":[{"embeddable":true,"href":"http:\/\/unec.edu.az\/en\/wp-json\/wp\/v2\/users\/13"}],"replies":[{"embeddable":true,"href":"http:\/\/unec.edu.az\/en\/wp-json\/wp\/v2\/comments?post=467159"}],"version-history":[{"count":1,"href":"http:\/\/unec.edu.az\/en\/wp-json\/wp\/v2\/pages\/467159\/revisions"}],"predecessor-version":[{"id":467161,"href":"http:\/\/unec.edu.az\/en\/wp-json\/wp\/v2\/pages\/467159\/revisions\/467161"}],"wp:attachment":[{"href":"http:\/\/unec.edu.az\/en\/wp-json\/wp\/v2\/media?parent=467159"}],"curies":[{"name":"wp","href":"https:\/\/api.w.org\/{rel}","templated":true}]}}