{"id":53526,"date":"2015-07-09T14:13:37","date_gmt":"2015-07-09T10:13:37","guid":{"rendered":"https:\/\/unec.edu.az\/sebuhi-mileddin-oglu-tanriverdiyev-2\/"},"modified":"2022-04-19T14:58:36","modified_gmt":"2022-04-19T10:58:36","slug":"tanriverdiyev-sabuhi-mileddin","status":"publish","type":"page","link":"http:\/\/unec.edu.az\/en\/tanriverdiyev-sabuhi-mileddin\/","title":{"rendered":"S\/t. Tanriverdiyev Sabuhi Mileddin"},"content":{"rendered":"<h4><a href=\"https:\/\/unec.edu.az\/application\/uploads\/2015\/07\/sabuhi22.jpg\"><img fetchpriority=\"high\" decoding=\"async\" class=\"alignleft wp-image-53230 size-medium\" title=\"left\" src=\"https:\/\/unec.edu.az\/application\/uploads\/2015\/07\/sabuhi22-300x200.jpg\" alt=\"sabuhi22\" width=\"300\" height=\"200\" srcset=\"http:\/\/unec.edu.az\/application\/uploads\/2015\/07\/sabuhi22-300x200.jpg 300w, http:\/\/unec.edu.az\/application\/uploads\/2015\/07\/sabuhi22.jpg 800w\" sizes=\"(max-width: 300px) 100vw, 300px\" \/><\/a><\/h4>\n<h4 id=\"tw-target-text\" class=\"tw-data-text tw-text-large tw-ta\" dir=\"ltr\" data-placeholder=\"\u041f\u0435\u0440\u0435\u0432\u043e\u0434\"><span class=\"Y2IQFc\" lang=\"en\" style=\"color: #800000;\">Director of the correspondence and additional education center\u00a0<\/span><span style=\"color: #800000;\">\u00a0S\/t Tanriverdiyev Sabuhi Mileddin oghlu<\/span><\/h4>\n<h4><span style=\"color: #000080;\"><em>e-mail:<\/em><em>sabuhi.tanriverdiyev@unec.edu.az;<br \/>\n<\/em><em>sabuhitanriverdiyev@gmail.com<\/em><\/span><\/h4>\n<p style=\"text-align: justify;\">He was born on June 04 1979 in Masis region of Armenian SSR.<\/p>\n<p style=\"text-align: justify;\">In the years of 2001- 2004 became the full- time post graduate student of the Department \u201cState Regulation of the Economy\u201d of Azerbaijan State University of Economics.<\/p>\n<p style=\"text-align: justify;\">He is the author of more than 15 scientific articles on Legal Regulation of International Economic Relations and in general on Regulation of Economy, 3 curricula on major disciplines and the training facility \u201cEconomic Law\u201d.<\/p>\n<p style=\"text-align: justify;\">Within 2003-2006 served as a teaching staff of the Department \u201cState Regulation of the Economy\u201d of Azerbaijan State University of Economics.<\/p>\n<p style=\"text-align: justify;\">Has been serving as a senior teaching staff of the Department \u201cEconomic Law\u201d since 2006.<\/p>\n<p style=\"text-align: justify;\">In 2010-2014 was a research fellow of the Department \u201cSocio- economic Development Problems of Regions\u201d of the Scientific- Research Institute of Economic Studies performing under Azerbaijan State University of Economics.<\/p>\n<p style=\"text-align: justify;\">He served as a Deputy Dean of the Faculty Economics and Industry through October of 2014 to April of 2016.<\/p>\n<p style=\"text-align: justify;\">He is a Director of Distance, Part-time and Supplementary Education Center since April 2016.<\/p>\n<p><em><a style=\"color: #000080;\" href=\"https:\/\/unec.edu.az\/application\/uploads\/2015\/07\/Sebuhi-Tanr-verdiyev.pdf\">\u00a0LIST OF SCIENTIFIC WORKS<\/a><\/em><\/p>\n<p style=\"text-align: justify;\">\u00a0<a class=\"fancybox-thumb\" href=\"https:\/\/unec.edu.az\/application\/uploads\/2015\/07\/qiyabi2bd7af433.jpg\"><img decoding=\"async\" class=\"fancybox-margin alignnone wp-image-167808 size-thumbnail\" src=\"https:\/\/unec.edu.az\/application\/uploads\/2015\/07\/qiyabi2bd7af433-150x150.jpg\" alt=\"qiyabi2bd7af433\" width=\"150\" height=\"150\" \/><\/a><a class=\"fancybox-thumb\" href=\"https:\/\/unec.edu.az\/application\/uploads\/2018\/02\/distant1_280218.jpg\"><img decoding=\"async\" class=\"fancybox-margin alignnone wp-image-119598 size-thumbnail\" title=\"UNEC \u0259lav\u0259 t\u0259hsil sah\u0259sind\u0259 \u0130ZU t\u0259cr\u00fcb\u0259sind\u0259n yararlanacaq (28.02.2018)\" src=\"https:\/\/unec.edu.az\/application\/uploads\/2018\/02\/distant1_280218-150x150.jpg\" alt=\"distant1_280218\" width=\"150\" height=\"150\" \/><\/a>\u00a0\u00a0<a class=\"fancybox-thumb\" href=\"https:\/\/unec.edu.az\/application\/uploads\/2016\/11\/1-DSC_1094.jpg\"><img loading=\"lazy\" decoding=\"async\" class=\"fancybox-margin alignnone wp-image-73066 size-thumbnail\" title=\"DGKA-n\u0131n t\u0259l\u0259b\u0259l\u0259ri UNEC-d\u0259 olub (22.11.2016)\" src=\"https:\/\/unec.edu.az\/application\/uploads\/2016\/11\/1-DSC_1094-150x150.jpg\" alt=\"1-DSC_1094\" width=\"150\" height=\"150\" \/><\/a>\u00a0<a class=\"fancybox-thumb\" href=\"https:\/\/unec.edu.az\/application\/uploads\/2016\/11\/1-DSC_1099.jpg\"><img loading=\"lazy\" decoding=\"async\" class=\"fancybox-margin alignnone wp-image-73067 size-thumbnail\" title=\"DGKA-n\u0131n t\u0259l\u0259b\u0259l\u0259ri UNEC-d\u0259 olub (22.11.2016)\" src=\"https:\/\/unec.edu.az\/application\/uploads\/2016\/11\/1-DSC_1099-150x150.jpg\" alt=\"1-DSC_1099\" width=\"150\" height=\"150\" \/><\/a>\u00a0<a class=\"fancybox-thumb\" href=\"https:\/\/unec.edu.az\/application\/uploads\/2016\/11\/1-DSC_1142.jpg\"><img loading=\"lazy\" decoding=\"async\" class=\"fancybox-margin alignnone wp-image-73072 size-thumbnail\" title=\"DGKA-n\u0131n t\u0259l\u0259b\u0259l\u0259ri UNEC-d\u0259 olub (22.11.2016)\" src=\"https:\/\/unec.edu.az\/application\/uploads\/2016\/11\/1-DSC_1142-150x150.jpg\" alt=\"1-DSC_1142\" width=\"150\" height=\"150\" \/><\/a>\u00a0<a class=\"fancybox-thumb\" href=\"https:\/\/unec.edu.az\/application\/uploads\/2018\/04\/WhatsApp-Image-2018-04-17-at-12.34.44.jpg\"><img loading=\"lazy\" decoding=\"async\" class=\"fancybox-margin alignnone wp-image-123644 size-thumbnail\" title=\"UNEC-in g\u0259nc m\u00fc\u0259lliml\u0259ri Anadolu Universitetind\u0259 (19.04.2018)\" src=\"https:\/\/unec.edu.az\/application\/uploads\/2018\/04\/WhatsApp-Image-2018-04-17-at-12.34.44-150x150.jpg\" alt=\"WhatsApp Image 2018-04-17 at 12.34.44\" width=\"150\" height=\"150\" \/><\/a><\/p>\n<p><em> <a style=\"color: #000000;\" href=\"https:\/\/unec.edu.az\/en\/unec-telebelerinin-missiyasi-paytaxtin-beynelxalq-imicinin-formalasdirilmasi\/\">UNEC students\u2019 mission \u2013 Formation of the international image of the capital UNEC\u00a0<\/a>(13.03.2018)<br \/>\nUNEC will benefit from the IZU experience in the field of additional education\u00a0(28.02.2018)<br \/>\n<\/em><em>The young teachers of UNEC talked about the Khojaly genocide in Turkey (22.02.2018)<br \/>\n<\/em><em><span style=\"color: #333333;\"><a style=\"color: #333333;\" href=\"https:\/\/unec.edu.az\/en\/istanbul-sabahattin-zaim-universitetinin-professoru-unec-ekspert-jurnalinda-meqalelerle-cixis-etmekle-maraqliyiq\/\">The Turkish professor: \u201cWe are interested in presenting articles in the \u201cUNEC expert\u201d magazine\u201d<\/a>\u00a0(07.02.2018)<br \/>\n<\/span><\/em><em><a style=\"color: #333333;\" href=\"https:\/\/unec.edu.az\/en\/unec-genc-muellimler-surasinin-uzvlerini-taniyin\/\">Recognize the members of the UNEC Young Teachers Council<\/a>\u00a0(07.11.2018)<br \/>\n<\/em><em><a style=\"color: #333333;\" href=\"https:\/\/unec.edu.az\/en\/unec-genc-muellimler-surasi-yaradilib\/\">The UNEC Young Teachers Council was established<\/a>\u00a0(06.11.2017)<br \/>\n<\/em><em><span style=\"color: #333333;\"><a style=\"color: #333333;\" href=\"https:\/\/unec.edu.az\/en\/unec-de-tehsil-imkanlari\/\">Education Opportunities at UNEC<\/a>\u00a0(11.07.2017)<br \/>\n<\/span><\/em><em><a style=\"color: #333333;\" href=\"https:\/\/unec.edu.az\/en\/merkez-direktoru-qebul-qaydalarindan-danisdi\/\">The Center Director spoke about the Admission rules<\/a>\u00a0(23.06.2017)<br \/>\n<\/em><em><a style=\"color: #333333;\" href=\"https:\/\/unec.edu.az\/en\/unec-telebeleri-dovlet-gomruk-komitesi-akademiyasinda-dersde\/\">UNEC Students attend Classes at the State Academy of Customs Committee<\/a>\u00a0(16.12.2016)<br \/>\n<\/em><em><a style=\"color: #333333;\" href=\"https:\/\/unec.edu.az\/en\/dgka-nin-bir-qrup-telebesi-unec-de-olub\/\">SCCA Students visited UNEC<\/a>\u00a0(22.11.2016)<br \/>\n<\/em><em>The new Director has been appointed\u00a0\u00a0(21.04.2016)<\/em><\/p>\n<p><a class=\"fancybox-thumb\" href=\"https:\/\/unec.edu.az\/application\/uploads\/2015\/07\/sabuhi_1196-1024x684.jpg\"><img loading=\"lazy\" decoding=\"async\" class=\"fancybox-margin alignnone wp-image-89269 size-thumbnail\" title=\"UNEC-d\u0259 YAP \u00fczvl\u0259rinin s\u0131ralar\u0131 geni\u015fl\u0259nir (29\/03\/2017)\" src=\"https:\/\/unec.edu.az\/application\/uploads\/2015\/07\/sabuhi_1196-1024x684-150x150.jpg\" alt=\"sabuhi_1196-1024x684\" width=\"150\" height=\"150\" \/><\/a><a class=\"fancybox-thumb\" href=\"https:\/\/unec.edu.az\/application\/uploads\/2015\/12\/DSC_0445.jpg\"><img loading=\"lazy\" decoding=\"async\" class=\"fancybox-margin  alignnone wp-image-33553 size-thumbnail\" src=\"https:\/\/unec.edu.az\/application\/uploads\/2015\/12\/DSC_0445-150x150.jpg\" alt=\"DSC_0445\" width=\"150\" height=\"150\" \/><\/a><a class=\"fancybox-thumb\" href=\"https:\/\/unec.edu.az\/application\/uploads\/2015\/12\/sertifikat11.jpg\"><img loading=\"lazy\" decoding=\"async\" class=\"fancybox-margin  alignnone wp-image-31821 size-thumbnail\" src=\"https:\/\/unec.edu.az\/application\/uploads\/2015\/12\/sertifikat11-150x150.jpg\" alt=\"sertifikat11\" width=\"150\" height=\"150\" \/><\/a><a class=\"fancybox-thumb\" href=\"https:\/\/unec.edu.az\/application\/uploads\/2015\/11\/DSC_0066.jpg\"><img loading=\"lazy\" decoding=\"async\" class=\"fancybox-margin alignnone wp-image-28895 size-thumbnail\" src=\"https:\/\/unec.edu.az\/application\/uploads\/2015\/11\/DSC_0066-150x150.jpg\" alt=\"DSC_0066\" width=\"150\" height=\"150\" \/><\/a><a class=\"fancybox-thumb\" href=\"https:\/\/unec.edu.az\/application\/uploads\/2018\/02\/unec-51.jpg\"><img loading=\"lazy\" decoding=\"async\" class=\"fancybox-margin alignnone wp-image-119116 size-thumbnail\" title=\"UNEC-in g\u0259nc m\u00fc\u0259lliml\u0259ri T\u00fcrkiy\u0259d\u0259 Xocal\u0131 soyq\u0131r\u0131m\u0131ndan b\u0259hs edibl\u0259r (22.02.2018)\" src=\"https:\/\/unec.edu.az\/application\/uploads\/2018\/02\/unec-51-150x150.jpg\" alt=\"unec (5)\" width=\"150\" height=\"150\" \/><\/a><a class=\"fancybox-thumb\" href=\"https:\/\/unec.edu.az\/application\/uploads\/2018\/03\/DSC_0183.jpg\"><img loading=\"lazy\" decoding=\"async\" class=\"fancybox-margin alignnone wp-image-121210 size-thumbnail\" title=\"UNEC-d\u0259 Novruz \u015f\u0259nliyi \u2013 m\u00fc\u0259lliml\u0259rl\u0259 t\u0259l\u0259b\u0259l\u0259r yar\u0131\u015fd\u0131 (16.03.2018)\" src=\"https:\/\/unec.edu.az\/application\/uploads\/2018\/03\/DSC_0183-150x150.jpg\" alt=\"DSC_0183\" width=\"150\" height=\"150\" \/><\/a><\/p>\n<p><span style=\"color: #000080;\"><em><a style=\"color: #000080;\" href=\"https:\/\/unec.edu.az\/en\/lider-muellim-lider-universitet-radio-unec-de-muzakire-edilib\/\">\u201cLeader teacher- Leader University\u201d is discussed on Radio UNEC<\/a>\u00a0<\/em><\/span>(23.09.2016)<\/p>\n<p><iframe src=\"https:\/\/www.youtube.com\/embed\/SDYRCslX5Ig\" width=\"475\" height=\"267\" frameborder=\"0\" allowfullscreen=\"allowfullscreen\"><\/iframe><\/p>\n","protected":false},"excerpt":{"rendered":"<p>Director of the correspondence and additional education center\u00a0\u00a0S\/t Tanriverdiyev Sabuhi Mileddin oghlu e-mail:sabuhi.tanriverdiyev@unec.edu.az; sabuhitanriverdiyev@gmail.com He was born on June 04 1979 in Masis region of Armenian SSR. In the years of 2001- 2004 became the full- time post graduate student of the Department \u201cState Regulation of the Economy\u201d of Azerbaijan State University of Economics. He [&hellip;]<\/p>\n","protected":false},"author":10,"featured_media":0,"parent":0,"menu_order":0,"comment_status":"open","ping_status":"open","template":"","meta":{"footnotes":""},"class_list":["post-53526","page","type-page","status-publish","hentry"],"_links":{"self":[{"href":"http:\/\/unec.edu.az\/en\/wp-json\/wp\/v2\/pages\/53526","targetHints":{"allow":["GET"]}}],"collection":[{"href":"http:\/\/unec.edu.az\/en\/wp-json\/wp\/v2\/pages"}],"about":[{"href":"http:\/\/unec.edu.az\/en\/wp-json\/wp\/v2\/types\/page"}],"author":[{"embeddable":true,"href":"http:\/\/unec.edu.az\/en\/wp-json\/wp\/v2\/users\/10"}],"replies":[{"embeddable":true,"href":"http:\/\/unec.edu.az\/en\/wp-json\/wp\/v2\/comments?post=53526"}],"version-history":[{"count":25,"href":"http:\/\/unec.edu.az\/en\/wp-json\/wp\/v2\/pages\/53526\/revisions"}],"predecessor-version":[{"id":174528,"href":"http:\/\/unec.edu.az\/en\/wp-json\/wp\/v2\/pages\/53526\/revisions\/174528"}],"wp:attachment":[{"href":"http:\/\/unec.edu.az\/en\/wp-json\/wp\/v2\/media?parent=53526"}],"curies":[{"name":"wp","href":"https:\/\/api.w.org\/{rel}","templated":true}]}}