{"id":7457,"date":"2015-03-31T22:31:07","date_gmt":"2015-03-31T18:31:07","guid":{"rendered":"http:\/\/asue.edu.az\/idman-2\/"},"modified":"2025-01-28T12:15:12","modified_gmt":"2025-01-28T08:15:12","slug":"sport","status":"publish","type":"page","link":"http:\/\/unec.edu.az\/en\/sport\/","title":{"rendered":"Sport"},"content":{"rendered":"<p><a href=\"http:\/\/unec.edu.az\/application\/uploads\/2024\/12\/sport.jpg\"><img fetchpriority=\"high\" decoding=\"async\" class=\"wp-image-454959 aligncenter\" src=\"http:\/\/unec.edu.az\/application\/uploads\/2024\/12\/sport-300x114.jpg\" alt=\"\" width=\"850\" height=\"323\" srcset=\"http:\/\/unec.edu.az\/application\/uploads\/2024\/12\/sport-300x114.jpg 300w, http:\/\/unec.edu.az\/application\/uploads\/2024\/12\/sport-1024x388.jpg 1024w, http:\/\/unec.edu.az\/application\/uploads\/2024\/12\/sport-768x291.jpg 768w, http:\/\/unec.edu.az\/application\/uploads\/2024\/12\/sport.jpg 1268w\" sizes=\"(max-width: 850px) 100vw, 850px\" \/><\/a><\/p>\n<p style=\"text-align: justify;\">High attention and care rendered by the state to sport has significantly affected to the sport life of the University of Economics. Thus, complex events are being held at UNEC aiming to make the students\u2019 and collaborators\u2019 spare time more efficient and appropriate material and technical basis and infrastructure has been created.\u00a0Volleyball and basketball halls of the II academic building of the University, which are suitable to hold international and local competitions, meets the most modern requirements, hand games\u2019 sport hall of the IV academic building equipped with the up-to-date facilities, training hall equipped with the modern equipment, chess club nicely designed. In addition, swimming-pool and sports halls with the capacity of 1500 spectators in Quba region which is provided with up-to-date equipment.<\/p>\n<p><a class=\"fancybox-thumb\" href=\"https:\/\/unec.edu.az\/application\/uploads\/2015\/03\/voleybol414e4d4afb96e3af3e.jpg\"><img decoding=\"async\" class=\"fancybox-margin alignnone wp-image-138851 size-thumbnail\" title=\"UNEC komandas\u0131 Az\u0259rbaycan Super Liqas\u0131na v\u0259siq\u0259 qazan\u0131b (15.04.2019)\" src=\"https:\/\/unec.edu.az\/application\/uploads\/2015\/03\/voleybol414e4d4afb96e3af3e-150x150.jpg\" alt=\"voleybol414e4d4afb96e3af3e\" width=\"150\" height=\"150\" \/><\/a><a class=\"fanybox-thumb\" href=\"https:\/\/unec.edu.az\/application\/uploads\/2015\/03\/badminton7e7e1ec8bbcb8eaa463.jpg\"><img decoding=\"async\" class=\"fanybox-margin alignnone wp-image-138853 size-thumbnail\" title=\"UNEC-in t\u0259l\u0259b\u0259si badminton \u00fczr\u0259 Bak\u0131 birinciliyind\u0259 yar\u0131\u015f\u0131b (21.06.2018)\" src=\"https:\/\/unec.edu.az\/application\/uploads\/2015\/03\/badminton7e7e1ec8bbcb8eaa463-150x150.jpg\" alt=\"badminton7e7e1ec8bbcb8eaa463\" width=\"150\" height=\"150\" \/><\/a><a class=\"fancybox-thumb\" href=\"https:\/\/unec.edu.az\/application\/uploads\/2017\/11\/WhatsApp-Image-2017-11-21-at-10.25.04.jpg\"><img loading=\"lazy\" decoding=\"async\" class=\"fancybox-margin alignnone wp-image-111784 size-thumbnail\" title=\"UNEC komandas\u0131 badminton yar\u0131\u015flar\u0131n\u0131n qalibi olub (24.11.2017)\" src=\"https:\/\/unec.edu.az\/application\/uploads\/2017\/11\/WhatsApp-Image-2017-11-21-at-10.25.04-150x150.jpg\" alt=\"WhatsApp Image 2017-11-21 at 10.25.04\" width=\"150\" height=\"150\" \/><\/a><a class=\"fancybox-thumb\" href=\"https:\/\/unec.edu.az\/application\/uploads\/2015\/03\/idman_0003.jpg\"><img loading=\"lazy\" decoding=\"async\" class=\"fancybox-margin alignnone wp-image-92616 size-thumbnail\" src=\"https:\/\/unec.edu.az\/application\/uploads\/2015\/03\/idman_0003-150x150.jpg\" alt=\"idman_0003\" width=\"150\" height=\"150\" \/><\/a><a class=\"fancybox-thumb\" href=\"https:\/\/unec.edu.az\/application\/uploads\/2016\/04\/13101407_1156839177700268_1332499721_n.jpg\"><img loading=\"lazy\" decoding=\"async\" class=\"fancybox-margin alignnone wp-image-50113 size-thumbnail\" src=\"https:\/\/unec.edu.az\/application\/uploads\/2016\/04\/13101407_1156839177700268_1332499721_n-150x150.jpg\" alt=\"13101407_1156839177700268_1332499721_n\" width=\"150\" height=\"150\" \/><\/a><a class=\"fancybox-thumb\" href=\"https:\/\/unec.edu.az\/application\/uploads\/2015\/12\/12265608_325764634214025_7313675818872071854_o.jpg\"><img loading=\"lazy\" decoding=\"async\" class=\"fancybox-margin alignnone wp-image-30980 size-thumbnail\" src=\"https:\/\/unec.edu.az\/application\/uploads\/2015\/12\/12265608_325764634214025_7313675818872071854_o-150x150.jpg\" alt=\"12265608_325764634214025_7313675818872071854_o\" width=\"150\" height=\"150\" \/><\/a><\/p>\n<p><span style=\"color: #000000;\"><em><a style=\"color: #000000;\" href=\"https:\/\/unec.edu.az\/en\/unec-voleybolculari-qalib-olub-2\/\">UNEC voleyball players have won<\/a>\u00a0(23.01.2018)<a style=\"color: #000000;\" href=\"https:\/\/unec.edu.az\/en\/dunya-cempionatinin-ucuncusu-unec-telebesi\/\"><br \/>\nThe bronze medalist of the World Champianship is the UNEC student<\/a>\u00a0(11.12.2017)<a style=\"color: #000000;\" href=\"https:\/\/unec.edu.az\/en\/iv-islam-hemreyliyi-oyunlarinin-qalibi-unec-telebesi-yarislarla-imtahanlarla-beraber-hazirlasirdim\/\"><br \/>\nWinner of 4th Islamic Solidarity Games, UNEC Student: I was preparing for competition, along with exams<\/a>\u00a0(17.05.2017)<br \/>\n<a style=\"color: #000000;\" href=\"https:\/\/unec.edu.az\/en\/unec-voleybolcularina-diplomlar-teqdim-olunub\/\">UNEC\u2019s Volleyball Players are presented diplomas<\/a>\u00a0(15.05.2017)<br \/>\n<a style=\"color: #000000;\" href=\"https:\/\/unec.edu.az\/en\/rus-iqtisadiyyat-mektebinin-telebeleri-beyin-yarisinin-qalibi-olublar\/\">Students of the Russian School of Economics became the Winners of the Brain Race<\/a>\u00a0(12.04.2017)<\/em><\/span><br \/>\n<span style=\"color: #000000;\"><em><a style=\"color: #000000;\" href=\"https:\/\/unec.edu.az\/en\/fakultelerarasi-voleybol-yarisinin-qalibi-melum-olub\/\">Winner of Interdisciplinary Volleyball Competition was revealed<\/a>\u00a0(12.04.2017)<\/em><\/span><br \/>\n<span style=\"color: #000000;\"><em><a style=\"color: #000000;\" href=\"https:\/\/unec.edu.az\/en\/maliyye-ve-muhasibat-fakultesinin-telebeleri-dama-yarisinin-qalibi-olub\/\">Students of the School of Finance and Accounting became the Winners of Checkers Race<\/a>\u00a0(10.04.2017)<br \/>\n<a style=\"color: #000000;\" href=\"https:\/\/unec.edu.az\/en\/unec-voleybolculari-finalda\/\">UNEC\u2019s Volleyball Players reach the Final<\/a>\u00a0(06.04.2017)<br \/>\n<a style=\"color: #000000;\" href=\"https:\/\/unec.edu.az\/en\/unec-komandasi-fexri-fermanla-teltif-olunub\/\">UNEC Team was awarded an Honorary Certificate<\/a>\u00a0(05.04.2017)<br \/>\n<a style=\"color: #000000;\" href=\"https:\/\/unec.edu.az\/en\/unec-komandasi-yene-qalib-oldu\/\">UNEC Team become the Winner again<\/a>\u00a0(31.03.2017)<br \/>\n<a style=\"color: #000000;\" href=\"https:\/\/unec.edu.az\/en\/unec-voleybolculari-qalib-olub\/\">UNEC\u2019s Volleyball Players has won<\/a>\u00a0(28.03.2017)<br \/>\n<a style=\"color: #000000;\" href=\"https:\/\/unec.edu.az\/en\/unec-in-voleybol-komandasi-finalda\/\">UNEC\u2019s Volleyball Team is in the Final<\/a>\u00a0(17.03.2017)<br \/>\n<a style=\"color: #000000;\" href=\"https:\/\/unec.edu.az\/en\/i-kurs-telebeleri-sahmat-turnirinin-qalibi-olub\/\">I Course Students won the Chess Tournament<\/a>\u00a0(10.03.2017)<br \/>\n<a style=\"color: #000000;\" href=\"https:\/\/unec.edu.az\/en\/unec-in-badmintonculari-quvvelerini-sinayiblar\/\">Badminton Players of UNEC tried their forces<\/a>\u00a0(26.12.2016)<br \/>\n<a style=\"color: #000000;\" href=\"https:\/\/unec.edu.az\/en\/saglam-muellim-saglam-telebe-layihesi-cercivesinde-ilk-yaris-3-2\/\">First Race within the \u201cHealthy Teacher-Healthy Student\u201d Project: 3-2<\/a>\u00a0(21.12.2016)<\/em><\/span><br \/>\n<span style=\"color: #000000;\"><em><a style=\"color: #000000;\" href=\"https:\/\/unec.edu.az\/en\/tudifak-la-unec-stuff-in-mubarizesi-davam-edir\/\">\u201cTUDIFAK\u201d- \u201cUNEC Staff\u201d struggle continues<\/a>\u00a0(14.11.2016)<\/em><\/span><br \/>\n<span style=\"color: #000000;\"><em><a style=\"color: #000000;\" href=\"https:\/\/unec.edu.az\/en\/unec-in-muellim-ve-inzibati-heyeti-futbol-meydancasinda\/\">UNEC\u2019s Teaching and Administrative Staff in the Football Field<\/a>\u00a0(31.10.2016)<\/em><\/span><br \/>\n<span style=\"color: #000000;\"><em><a style=\"color: #000000;\" href=\"https:\/\/unec.edu.az\/en\/azerbaycan-cempionu-olan-unec-telebesinin-novbeti-uguru\/\">The Next Success by UNEC Student<\/a>\u00a0(12.10.2016)<\/em><\/span><br \/>\n<span style=\"color: #000000;\"><em><a style=\"color: #000000;\" href=\"https:\/\/unec.edu.az\/en\/unec-telebelerine-diplomlar-teqdim-edilib\/\">UNEC Students were awarded diplomas<\/a>\u00a0(01.07.2016)<\/em><\/span><br \/>\n<span style=\"color: #000000;\"><em><a style=\"color: #000000;\" href=\"https:\/\/unec.edu.az\/en\/unec-muellimleri-teltifolunma-merasiminde-istirak-edib\/\">The awarding ceremony attended by UNEC teaching staff<\/a>\u00a0(01.07.2016)<\/em><\/span><\/p>\n<p><a class=\"fancybox-thumb\" href=\"https:\/\/unec.edu.az\/application\/uploads\/2017\/12\/WhatsApp-Image-2017-12-11-at-14.27.11.jpg\"><img loading=\"lazy\" decoding=\"async\" class=\"fancybox-margin alignnone wp-image-112981 size-thumbnail\" title=\"UNEC-d\u0259 fak\u00fclt\u0259l\u0259raras\u0131 idman yar\u0131\u015flar\u0131na start verilib (11.12.2017)\" src=\"https:\/\/unec.edu.az\/application\/uploads\/2017\/12\/WhatsApp-Image-2017-12-11-at-14.27.11-150x150.jpg\" alt=\"WhatsApp Image 2017-12-11 at 14.27.11\" width=\"150\" height=\"150\" \/><\/a><a class=\"fancybox-thumb\" href=\"https:\/\/unec.edu.az\/application\/uploads\/2016\/12\/1-DSC_5083.jpg\"><img loading=\"lazy\" decoding=\"async\" class=\"fancybox-margin alignnone wp-image-78269 size-thumbnail\" title=\"UNEC-in badminton\u00e7ular\u0131 q\u00fcvv\u0259l\u0259rini s\u0131nay\u0131blar (26.12.2016)\" src=\"https:\/\/unec.edu.az\/application\/uploads\/2016\/12\/1-DSC_5083-150x150.jpg\" alt=\"1-DSC_5083\" width=\"150\" height=\"150\" \/><\/a><a class=\"fancybox-thumb\" href=\"https:\/\/unec.edu.az\/application\/uploads\/2017\/05\/DSC_7227.jpg\"><img loading=\"lazy\" decoding=\"async\" class=\"fancybox-margin alignnone wp-image-95665 size-thumbnail\" title=\"IV \u0130slam H\u0259mr\u0259yliyi Oyunlar\u0131n\u0131n qalibi, UNEC t\u0259l\u0259b\u0259si: Yar\u0131\u015flarla imtahanlarla b\u0259rab\u0259r haz\u0131rla\u015f\u0131rd\u0131m (17.05.2017)\" src=\"https:\/\/unec.edu.az\/application\/uploads\/2017\/05\/DSC_7227-150x150.jpg\" alt=\"DSC_7227\" width=\"150\" height=\"150\" \/><\/a><a class=\"fancybox-thumb\" href=\"https:\/\/unec.edu.az\/application\/uploads\/2015\/04\/photo-4.jpg\"><img loading=\"lazy\" decoding=\"async\" class=\"fancybox-margin alignnone wp-image-6745 size-thumbnail\" src=\"https:\/\/unec.edu.az\/application\/uploads\/2015\/04\/photo-4-150x150.jpg\" alt=\"photo 4\" width=\"150\" height=\"150\" \/><\/a><a class=\"fancybox-thumb\" href=\"https:\/\/unec.edu.az\/application\/uploads\/2015\/12\/Screenshot-7.png\"><img loading=\"lazy\" decoding=\"async\" class=\"fancybox-margin alignnone wp-image-29943 size-thumbnail\" src=\"https:\/\/unec.edu.az\/application\/uploads\/2015\/12\/Screenshot-7-150x150.png\" alt=\"Screenshot (7)\" width=\"150\" height=\"150\" \/><\/a><a class=\"fancybox-thumb\" href=\"https:\/\/unec.edu.az\/application\/uploads\/2016\/05\/2016-05-19_144712.jpg\"><img loading=\"lazy\" decoding=\"async\" class=\"fancybox-margin alignnone wp-image-53597 size-thumbnail\" src=\"https:\/\/unec.edu.az\/application\/uploads\/2016\/05\/2016-05-19_144712-150x150.jpg\" alt=\"2016-05-19_144712\" width=\"150\" height=\"150\" \/><\/a><\/p>\n","protected":false},"excerpt":{"rendered":"<p>High attention and care rendered by the state to sport has significantly affected to the sport life of the University of Economics. Thus, complex events are being held at UNEC aiming to make the students\u2019 and collaborators\u2019 spare time more efficient and appropriate material and technical basis and infrastructure has been created.\u00a0Volleyball and basketball halls [&hellip;]<\/p>\n","protected":false},"author":10,"featured_media":0,"parent":0,"menu_order":0,"comment_status":"open","ping_status":"open","template":"page-templates\/3columncontent.php","meta":{"footnotes":""},"class_list":["post-7457","page","type-page","status-publish","hentry"],"_links":{"self":[{"href":"http:\/\/unec.edu.az\/en\/wp-json\/wp\/v2\/pages\/7457","targetHints":{"allow":["GET"]}}],"collection":[{"href":"http:\/\/unec.edu.az\/en\/wp-json\/wp\/v2\/pages"}],"about":[{"href":"http:\/\/unec.edu.az\/en\/wp-json\/wp\/v2\/types\/page"}],"author":[{"embeddable":true,"href":"http:\/\/unec.edu.az\/en\/wp-json\/wp\/v2\/users\/10"}],"replies":[{"embeddable":true,"href":"http:\/\/unec.edu.az\/en\/wp-json\/wp\/v2\/comments?post=7457"}],"version-history":[{"count":73,"href":"http:\/\/unec.edu.az\/en\/wp-json\/wp\/v2\/pages\/7457\/revisions"}],"predecessor-version":[{"id":454965,"href":"http:\/\/unec.edu.az\/en\/wp-json\/wp\/v2\/pages\/7457\/revisions\/454965"}],"wp:attachment":[{"href":"http:\/\/unec.edu.az\/en\/wp-json\/wp\/v2\/media?parent=7457"}],"curies":[{"name":"wp","href":"https:\/\/api.w.org\/{rel}","templated":true}]}}