{"id":75196,"date":"2016-01-08T16:30:42","date_gmt":"2016-01-08T12:30:42","guid":{"rendered":"https:\/\/unec.edu.az\/rzayeva-inare-rza-2\/"},"modified":"2024-01-15T12:51:52","modified_gmt":"2024-01-15T08:51:52","slug":"rzayeva-inare-rza","status":"publish","type":"page","link":"http:\/\/unec.edu.az\/en\/rzayeva-inare-rza\/","title":{"rendered":"Rzayeva Inara Rza"},"content":{"rendered":"<h4><a href=\"https:\/\/unec.edu.az\/application\/uploads\/2016\/01\/inara-rzayeva.jpg\"><img decoding=\"async\" class=\"alignleft wp-image-121930\" title=\"left\" src=\"https:\/\/unec.edu.az\/application\/uploads\/2016\/01\/inara-rzayeva-246x300.jpg\" alt=\"inara-rzayeva\" width=\"180\" height=\"220\" srcset=\"http:\/\/unec.edu.az\/application\/uploads\/2016\/01\/inara-rzayeva-246x300.jpg 246w, http:\/\/unec.edu.az\/application\/uploads\/2016\/01\/inara-rzayeva.jpg 372w\" sizes=\"(max-width: 180px) 100vw, 180px\" \/><\/a><span style=\"color: #800000;\">PhD in Economy Rzayeva Inara Rza<\/span><\/h4>\n<p><span style=\"color: #000000;\"><em>Telephone: +(994) 12 492-60-91<br \/>\n*\u00a0 \u00a0 \u00a0 \u00a0 \u00a0 \u00a0 \u00a0 \u00a0 \u00a0 \u00a0+(994) 12 492-59-03 (11-54)<br \/>\ne-mail: inara_rzayeva@unec.edu.az<\/em><\/span><\/p>\n<p>She was born in Baku, the Republic of Azerbaijan<\/p>\n<p><strong>Qualification:<\/strong><\/p>\n<p style=\"text-align: justify;\">Azerbaijan State University of Economics, School of \u201cEconomy of Industry\u201d (1986-1991)<br \/>\nAzerbaijan State University of Economics, Department of \u201cInternational Economics Relations\u201d, nominee doctor (2000-2005)<br \/>\nDefense of thesis and receiving PhD in Economy (2013)<\/p>\n<p><strong>Experience<\/strong><\/p>\n<p style=\"text-align: justify;\">Sumgait, \u201cInstitute of Chemistry\u201d, technical and economic department, technician, economist (1988-1995)<br \/>\nAzerbaijan State University of Economics, Department of International Economic Relations, senior laboratory assistant, teacher (1995- 2013)<br \/>\nAzerbaijan State University of Economics, Department of International Economic Relations, senior teacher (2013-2014)<br \/>\nAzerbaijan State University of Economics, temporary teaching staff of the Special Talents Groups (2012-2014)<br \/>\nAzerbaijan State University of Economics, Deputy Director of the \u201cInternational School of Economics\u201d (2014- present)<\/p>\n<p id=\"tw-target-text\" class=\"tw-data-text tw-text-large tw-ta\" dir=\"ltr\" data-placeholder=\"\u041f\u0435\u0440\u0435\u0432\u043e\u0434\" data-ved=\"2ahUKEwjC6cnZ_t6DAxXBQfEDHalsAfwQ3ewLegQIBRAQ\"><span class=\"Y2IQFc\" lang=\"en\">Currently, he is the director of UNEC&#8217;s School of International Economics.<\/span><\/p>\n<p>She is the author of 25 theses and articles.<\/p>\n<p><a class=\"fancybox-thumb\" href=\"https:\/\/unec.edu.az\/application\/uploads\/2016\/01\/inara20150513_162656.jpg\" rel=\"fancybox-thumb\"><img decoding=\"async\" class=\"fancybox-margin alignnone wp-image-34974 \" src=\"https:\/\/unec.edu.az\/application\/uploads\/2016\/01\/inara20150513_162656-236x180.jpg\" alt=\"inara20150513_162656\" width=\"195\" height=\"149\" \/><\/a><a class=\"fancybox-thumb\" href=\"https:\/\/unec.edu.az\/application\/uploads\/2016\/01\/inara6b16e633-01b7-4988-b753-97a7cabdf637.jpg\" rel=\"fancybox-thumb\"><img decoding=\"async\" class=\"fancybox-margin alignnone wp-image-49129 \" src=\"https:\/\/unec.edu.az\/application\/uploads\/2016\/01\/inara6b16e633-01b7-4988-b753-97a7cabdf637-236x180.jpg\" alt=\"inara6b16e633-01b7-4988-b753-97a7cabdf637\" width=\"195\" height=\"149\" \/><\/a> <a class=\"fancybox-thumb\" href=\"https:\/\/unec.edu.az\/application\/uploads\/2016\/01\/inara60e540ef-13a6-4525-8362-104efbd60182-1.jpg\" rel=\"fancybox-thumb\"><img loading=\"lazy\" decoding=\"async\" class=\"fancybox-margin alignnone wp-image-49130 \" src=\"https:\/\/unec.edu.az\/application\/uploads\/2016\/01\/inara60e540ef-13a6-4525-8362-104efbd60182-1-236x180.jpg\" alt=\"inara60e540ef-13a6-4525-8362-104efbd60182 (1)\" width=\"195\" height=\"149\" \/><\/a><a class=\"fancybox-thumb\" href=\"https:\/\/unec.edu.az\/application\/uploads\/2016\/10\/DSC_8474.jpg\" rel=\"fancybox-thumb\"><img loading=\"lazy\" decoding=\"async\" class=\"fancybox-margin alignnone wp-image-67402 \" src=\"https:\/\/unec.edu.az\/application\/uploads\/2016\/10\/DSC_8474-236x180.jpg\" alt=\"DSC_8474\" width=\"194\" height=\"148\" \/><\/a><a class=\"fancybox-thumb\" href=\"https:\/\/unec.edu.az\/application\/uploads\/2016\/10\/DSC_8454.jpg\" rel=\"fancybox-thumb\"><img loading=\"lazy\" decoding=\"async\" class=\"fancybox-margin alignnone wp-image-67394 \" src=\"https:\/\/unec.edu.az\/application\/uploads\/2016\/10\/DSC_8454-236x180.jpg\" alt=\"DSC_8454\" width=\"195\" height=\"149\" \/><\/a><\/p>\n<p><span style=\"color: #000000;\"><em><a style=\"color: #000000;\" href=\"https:\/\/unec.edu.az\/en\/unec-muellimleri-polsanin-poznan-iqtisadiyyat-ve-biznes-universitetinde-muhazire-oxuyublar\/\">UNEC Staff lecture at the Poznan University of Economics and Business of Poland<\/a>\u00a0(16.03.2017)<a style=\"color: #000000;\" href=\"https:\/\/unec.edu.az\/en\/adiu-nun-dosenti-istanbul-universitetinde-muhazire-kecib\/\"><br \/>\nThe Assistant Professor of ASUE conducted a Lecture at the University of Istanbul<\/a>\u00a0<\/em><em>(25.05.2015)<\/em><\/span><\/p>\n<p><a class=\"fancybox-thumb\" href=\"https:\/\/unec.edu.az\/application\/uploads\/2016\/01\/inara_7257.jpg\" rel=\"fancybox-thumb\"><img loading=\"lazy\" decoding=\"async\" class=\"fancybox-margin alignnone wp-image-137329 size-image236x180\" title=\"Beyn\u0259lxalq Elmi Konfrans\u0131n b\u00f6lm\u0259 m\u00fczakir\u0259l\u0259ri d\u00fcnya \u00f6lk\u0259l\u0259rind\u0259n olan aliml\u0259rin b\u00f6y\u00fck mara\u011f\u0131na s\u0259b\u0259b oldu (15.02.2019)\" src=\"https:\/\/unec.edu.az\/application\/uploads\/2016\/01\/inara_7257-236x180.jpg\" alt=\"inara_7257\" width=\"236\" height=\"180\" \/><\/a><a class=\"fancybox-thumb\" href=\"https:\/\/unec.edu.az\/application\/uploads\/2016\/01\/inara0320883368_n.jpg\" rel=\"fancybox-thumb\"><img loading=\"lazy\" decoding=\"async\" class=\"fancybox-margin alignnone wp-image-107623 size-image236x180\" title=\"UNEC yeni layih\u0259l\u0259rini t\u0259qdim edir (06.10.2017)\" src=\"https:\/\/unec.edu.az\/application\/uploads\/2016\/01\/inara0320883368_n-236x180.jpg\" alt=\"inara0320883368_n\" width=\"236\" height=\"180\" \/><\/a><a class=\"fancybox-thumb\" href=\"https:\/\/unec.edu.az\/application\/uploads\/2016\/01\/sevar0308-WA0020.jpg\" rel=\"fancybox-thumb\"><img loading=\"lazy\" decoding=\"async\" class=\"fancybox-margin alignnone wp-image-89196 size-image236x180\" title=\"UNEC m\u00fc\u0259lliml\u0259ri Pol\u015fan\u0131n Poznan \u0130qtisadiyyat v\u0259 Biznes Universitetind\u0259 m\u00fchazir\u0259 oxuyublar (16.03.2017)\" src=\"https:\/\/unec.edu.az\/application\/uploads\/2016\/01\/sevar0308-WA0020-236x180.jpg\" alt=\"sevar0308-WA0020\" width=\"236\" height=\"180\" \/><\/a><a class=\"fancybox-thumb\" href=\"https:\/\/unec.edu.az\/application\/uploads\/2016\/01\/inara_1140.jpg\" rel=\"fancybox-thumb\"><img loading=\"lazy\" decoding=\"async\" class=\"fancybox-margin alignnone wp-image-89189 size-image236x180\" title=\"UNEC-d\u0259 Novruz \u015f\u0259nliyi (17.03.2017)\" src=\"https:\/\/unec.edu.az\/application\/uploads\/2016\/01\/inara_1140-236x180.jpg\" alt=\"inara_1140\" width=\"236\" height=\"180\" \/><\/a><\/p>\n","protected":false},"excerpt":{"rendered":"<p>PhD in Economy Rzayeva Inara Rza Telephone: +(994) 12 492-60-91 *\u00a0 \u00a0 \u00a0 \u00a0 \u00a0 \u00a0 \u00a0 \u00a0 \u00a0 \u00a0+(994) 12 492-59-03 (11-54) e-mail: inara_rzayeva@unec.edu.az She was born in Baku, the Republic of Azerbaijan Qualification: Azerbaijan State University of Economics, School of \u201cEconomy of Industry\u201d (1986-1991) Azerbaijan State University of Economics, Department of \u201cInternational Economics [&hellip;]<\/p>\n","protected":false},"author":6,"featured_media":0,"parent":0,"menu_order":0,"comment_status":"open","ping_status":"open","template":"","meta":{"footnotes":""},"class_list":["post-75196","page","type-page","status-publish","hentry"],"_links":{"self":[{"href":"http:\/\/unec.edu.az\/en\/wp-json\/wp\/v2\/pages\/75196","targetHints":{"allow":["GET"]}}],"collection":[{"href":"http:\/\/unec.edu.az\/en\/wp-json\/wp\/v2\/pages"}],"about":[{"href":"http:\/\/unec.edu.az\/en\/wp-json\/wp\/v2\/types\/page"}],"author":[{"embeddable":true,"href":"http:\/\/unec.edu.az\/en\/wp-json\/wp\/v2\/users\/6"}],"replies":[{"embeddable":true,"href":"http:\/\/unec.edu.az\/en\/wp-json\/wp\/v2\/comments?post=75196"}],"version-history":[{"count":10,"href":"http:\/\/unec.edu.az\/en\/wp-json\/wp\/v2\/pages\/75196\/revisions"}],"predecessor-version":[{"id":195635,"href":"http:\/\/unec.edu.az\/en\/wp-json\/wp\/v2\/pages\/75196\/revisions\/195635"}],"wp:attachment":[{"href":"http:\/\/unec.edu.az\/en\/wp-json\/wp\/v2\/media?parent=75196"}],"curies":[{"name":"wp","href":"https:\/\/api.w.org\/{rel}","templated":true}]}}