{"id":8596,"date":"2015-02-15T00:10:56","date_gmt":"2015-02-14T20:10:56","guid":{"rendered":"http:\/\/asue.edu.az\/research\/kafedralar\/dizayn\/"},"modified":"2025-01-16T09:57:48","modified_gmt":"2025-01-16T05:57:48","slug":"design","status":"publish","type":"page","link":"http:\/\/unec.edu.az\/en\/research\/chairs\/design\/","title":{"rendered":"DESIGN"},"content":{"rendered":"<table style=\"height: 138px; width: 99.7619%;\" width=\"807\">\n<tbody>\n<tr>\n<td>\n<h4><span style=\"color: #800000;\"><a style=\"color: #800000;\" href=\"https:\/\/unec.edu.az\/en\/fel-f-d-dosent-qasimova-elfane-nesimi\/\"><span style=\"font-size: 12pt;\">Head of the Department \u201cDesign\u201d\u00a0<\/span>PhD. in Phil., Assoc. Prof. Gasimova Elfana Nasimi<\/a><\/span><\/h4>\n<h4><span style=\"color: #333333;\"><span style=\"font-size: 12pt;\"><em>Address: Baku, H.Aliyev str. 135 (III academic building)<br \/>\n<\/em><em>Telephone: <\/em><\/span><em style=\"font-size: revert; font-weight: inherit; font-family: inherit;\">+(994)12 492-59-03 (13-22)<\/em><\/span><\/h4>\n<\/td>\n<\/tr>\n<\/tbody>\n<\/table>\n<p><a class=\"fancybox-thumb\" href=\"http:\/\/unec.edu.az\/application\/uploads\/2024\/11\/dizayn8bae07d26e.jpg\"><img decoding=\"async\" class=\"fancybox-margin alignnone wp-image-450278 size-thumbnail\" title=\"UNEC-d\u0259 Z\u0259f\u0259r G\u00fcn\u00fcn\u0259 h\u0259sr olunan r\u0259sm m\u00fcsabiq\u0259si ke\u00e7irilib (07.10.2024)\" src=\"http:\/\/unec.edu.az\/application\/uploads\/2024\/11\/dizayn8bae07d26e-150x150.jpg\" alt=\"\" width=\"150\" height=\"150\" \/><\/a><a class=\"fancybox-thumb\" href=\"https:\/\/unec.edu.az\/application\/uploads\/2015\/02\/lala01831.jpg\" rel=\"fancybox-thumb\">\u00a0<\/a><a class=\"fancybox-thumb\" href=\"https:\/\/unec.edu.az\/application\/uploads\/2015\/02\/lala_96071.jpg\"><img decoding=\"async\" class=\"fancybox-margin alignnone wp-image-70158 size-thumbnail\" src=\"https:\/\/unec.edu.az\/application\/uploads\/2015\/02\/lala_96071-150x150.jpg\" alt=\"lala_96071\" width=\"150\" height=\"150\" \/><\/a><a class=\"fancybox-thumb\" href=\"https:\/\/unec.edu.az\/application\/uploads\/2015\/02\/lala01831.jpg\" rel=\"fancybox-thumb\">\u00a0<\/a><a class=\"fancybox-thumb\" href=\"https:\/\/unec.edu.az\/application\/uploads\/2015\/02\/lala024x688.jpg\"><img decoding=\"async\" class=\"fancybox-margin alignnone wp-image-70159 size-thumbnail\" src=\"https:\/\/unec.edu.az\/application\/uploads\/2015\/02\/lala024x688-150x150.jpg\" alt=\"lala024x688\" width=\"150\" height=\"150\" \/><\/a><a class=\"fancybox-thumb\" href=\"https:\/\/unec.edu.az\/application\/uploads\/2015\/02\/lala885.jpg\"><img loading=\"lazy\" decoding=\"async\" class=\"fancybox-margin alignnone wp-image-90141 size-thumbnail\" title=\"UNEC-in dizayner t\u0259l\u0259b\u0259l\u0259rinin \u0259l i\u015fl\u0259ri maraqla qar\u015f\u0131lan\u0131b (07.04.2017)\" src=\"https:\/\/unec.edu.az\/application\/uploads\/2015\/02\/lala885-150x150.jpg\" alt=\"???????????????????????????????\" width=\"150\" height=\"150\" \/><\/a><a class=\"fancybox-thumb\" href=\"https:\/\/unec.edu.az\/application\/uploads\/2015\/02\/lala01855.jpg\"><img loading=\"lazy\" decoding=\"async\" class=\"fancybox-margin alignnone wp-image-90142 size-thumbnail\" title=\"UNEC-in dizayner t\u0259l\u0259b\u0259l\u0259rinin \u0259l i\u015fl\u0259ri maraqla qar\u015f\u0131lan\u0131b (07.04.2017)\" src=\"https:\/\/unec.edu.az\/application\/uploads\/2015\/02\/lala01855-150x150.jpg\" alt=\"???????????????????????????????\" width=\"150\" height=\"150\" \/><\/a><a class=\"fancybox-thumb\" href=\"https:\/\/unec.edu.az\/application\/uploads\/2015\/02\/dizayn_0693-.jpg\"><img loading=\"lazy\" decoding=\"async\" class=\"fancybox-margin alignnone wp-image-144597 size-thumbnail\" title=\"UNEC m\u00fc\u0259lliminin f\u0259rdi r\u0259sm s\u0259rgisi a\u00e7\u0131l\u0131b: \u201cAz\u0259rbaycan nax\u0131\u015flar\u0131\u201d\" src=\"https:\/\/unec.edu.az\/application\/uploads\/2015\/02\/dizayn_0693--150x150.jpg\" alt=\"dizayn_0693--------\" width=\"150\" height=\"150\" \/><\/a><\/p>\n","protected":false},"excerpt":{"rendered":"<p>Head of the Department \u201cDesign\u201d\u00a0PhD. in Phil., Assoc. Prof. Gasimova Elfana Nasimi Address: Baku, H.Aliyev str. 135 (III academic building) Telephone: +(994)12 492-59-03 (13-22) \u00a0\u00a0<\/p>\n","protected":false},"author":10,"featured_media":0,"parent":3858,"menu_order":60,"comment_status":"open","ping_status":"open","template":"page-templates\/3columncontent.php","meta":{"footnotes":""},"class_list":["post-8596","page","type-page","status-publish","hentry"],"_links":{"self":[{"href":"http:\/\/unec.edu.az\/en\/wp-json\/wp\/v2\/pages\/8596","targetHints":{"allow":["GET"]}}],"collection":[{"href":"http:\/\/unec.edu.az\/en\/wp-json\/wp\/v2\/pages"}],"about":[{"href":"http:\/\/unec.edu.az\/en\/wp-json\/wp\/v2\/types\/page"}],"author":[{"embeddable":true,"href":"http:\/\/unec.edu.az\/en\/wp-json\/wp\/v2\/users\/10"}],"replies":[{"embeddable":true,"href":"http:\/\/unec.edu.az\/en\/wp-json\/wp\/v2\/comments?post=8596"}],"version-history":[{"count":64,"href":"http:\/\/unec.edu.az\/en\/wp-json\/wp\/v2\/pages\/8596\/revisions"}],"predecessor-version":[{"id":457440,"href":"http:\/\/unec.edu.az\/en\/wp-json\/wp\/v2\/pages\/8596\/revisions\/457440"}],"up":[{"embeddable":true,"href":"http:\/\/unec.edu.az\/en\/wp-json\/wp\/v2\/pages\/3858"}],"wp:attachment":[{"href":"http:\/\/unec.edu.az\/en\/wp-json\/wp\/v2\/media?parent=8596"}],"curies":[{"name":"wp","href":"https:\/\/api.w.org\/{rel}","templated":true}]}}