{"id":8617,"date":"2015-02-16T00:00:14","date_gmt":"2015-02-15T20:00:14","guid":{"rendered":"http:\/\/asue.edu.az\/research\/kafedralar\/azerbaycan-dili\/"},"modified":"2025-02-11T11:10:10","modified_gmt":"2025-02-11T07:10:10","slug":"azerbaijani-language","status":"publish","type":"page","link":"http:\/\/unec.edu.az\/en\/research\/chairs\/azerbaijani-language\/","title":{"rendered":"AZERBAIJANI LANGUAGE"},"content":{"rendered":"<table style=\"height: 208px;\" width=\"637\">\n<tbody>\n<tr>\n<td>\n<h4><span style=\"color: #800000;\"><a style=\"color: #800000;\" href=\"https:\/\/unec.edu.az\/en\/doctor-of-philology-abdulhasanli-tofig-abdulaziz\/\">Head of department: Dr. Phil.\u00a0Sciences, prof. Tofig Abdulaziz<\/a><\/span><\/h4>\n<p><em><span style=\"color: #000000;\"><span style=\"font-size: 12pt;\">Adress: <\/span><span class=\"Y2IQFc\" lang=\"en\">Baku, A. Sahhat Street, 45 (IV building)<br \/>\n<\/span><\/span><\/em><em><span style=\"color: #000000;\"><span style=\"font-size: 12pt;\">Telephone:\u00a0+(994) 12\u00a0441-62-74<\/span><\/span><\/em><br \/>\n<em><span style=\"color: #000000; font-size: 12pt;\"> e-mail: tofiq.abdulhasan@unec.edu.az<\/span><\/em><\/td>\n<\/tr>\n<\/tbody>\n<\/table>\n<p><a class=\"fancybox-thumb\" href=\"https:\/\/unec.edu.az\/application\/uploads\/2015\/02\/tofiqba92de2509cc.jpeg\"><img decoding=\"async\" class=\"fancybox-margin alignnone wp-image-183072 size-thumbnail\" src=\"https:\/\/unec.edu.az\/application\/uploads\/2015\/02\/tofiqba92de2509cc-150x150.jpeg\" alt=\"tofiqba92de2509cc\" width=\"150\" height=\"150\" \/><\/a><a class=\"fancybox-thumb\" href=\"https:\/\/unec.edu.az\/application\/uploads\/2015\/02\/11201331_1426251401013837_753741143_o.jpg\"><img decoding=\"async\" class=\"fancybox-margin  alignnone wp-image-45541 size-thumbnail\" src=\"https:\/\/unec.edu.az\/application\/uploads\/2015\/02\/11201331_1426251401013837_753741143_o-150x150.jpg\" alt=\"11201331_1426251401013837_753741143_o\" width=\"150\" height=\"150\" \/><\/a><a class=\"fancybox-thumb\" href=\"https:\/\/unec.edu.az\/application\/uploads\/2015\/02\/azDSC01532.jpg\"><img decoding=\"async\" class=\"fancybox-margin  alignnone wp-image-45542 size-thumbnail\" src=\"https:\/\/unec.edu.az\/application\/uploads\/2015\/02\/azDSC01532-150x150.jpg\" alt=\"???????????????????????????????\" width=\"150\" height=\"150\" \/><\/a><a class=\"fancybox-thumb\" href=\"https:\/\/unec.edu.az\/application\/uploads\/2015\/02\/azDSC015192.jpg\"><img loading=\"lazy\" decoding=\"async\" class=\"fancybox-margin  alignnone wp-image-45543 size-thumbnail\" src=\"https:\/\/unec.edu.az\/application\/uploads\/2015\/02\/azDSC015192-150x150.jpg\" alt=\"???????????????????????????????\" width=\"150\" height=\"150\" \/><\/a><a class=\"fancybox-thumb\" href=\"https:\/\/unec.edu.az\/application\/uploads\/2015\/02\/tofiq125d77df4f2.jpeg\"><img loading=\"lazy\" decoding=\"async\" class=\"fancybox-margin alignnone wp-image-139938 size-thumbnail\" title=\"UNEC-d\u0259 N\u0259simi yarad\u0131c\u0131l\u0131\u011f\u0131na h\u0259sr olunan t\u0259dbir ke\u00e7irilib (17.05.2019)\" src=\"https:\/\/unec.edu.az\/application\/uploads\/2015\/02\/tofiq125d77df4f2-150x150.jpeg\" alt=\"tofiq125d77df4f2\" width=\"150\" height=\"150\" \/><\/a><a class=\"fancybox-thumb\" href=\"https:\/\/unec.edu.az\/application\/uploads\/2015\/02\/az-dili-umumib05e3ee7933ae9c0.jpg\"><img loading=\"lazy\" decoding=\"async\" class=\"fancybox-margin alignnone wp-image-154295 size-thumbnail\" title=\"UNEC-d\u0259 Beyn\u0259lxalq Ana Dili G\u00fcn\u00fc qeyd olunub (21.02.2020)\" src=\"https:\/\/unec.edu.az\/application\/uploads\/2015\/02\/az-dili-umumib05e3ee7933ae9c0-150x150.jpg\" alt=\"???????????????????????????????\" width=\"150\" height=\"150\" \/><\/a><\/p>\n<p><span style=\"color: #000080;\"><em><a style=\"color: #000080;\" href=\"https:\/\/unec.edu.az\/en\/unec-regionlarda\/\">UNEC in the Regions<\/a>\u00a0(16.05.2017)<br \/>\n<\/em><em><a style=\"color: #000080;\" href=\"https:\/\/unec.edu.az\/en\/beynelxalq-iqtisadiyyat-mektebinde-aciq-ders-dovlet-bayragi-gunu\/\">An Open Class held in the International School of Economics: The State Flag Day<\/a>\u00a0(08.11.2016)<\/em><\/span><\/p>\n<p><a class=\"fancybox-thumb\" href=\"https:\/\/unec.edu.az\/application\/uploads\/2019\/04\/DSC_3472.jpg\"><img loading=\"lazy\" decoding=\"async\" class=\"fancybox-margin alignnone wp-image-139201 size-thumbnail\" title=\"UNEC-d\u0259 N\u0259siminin f\u0259ls\u0259fi ideyalar\u0131na h\u0259sr edilmi\u015f konfrans ke\u00e7irildi (24.04.2019)\" src=\"https:\/\/unec.edu.az\/application\/uploads\/2019\/04\/DSC_3472-150x150.jpg\" alt=\"UNEC-d\u0259 N\u0259siminin f\u0259ls\u0259fi ideyalar\u0131na h\u0259sr edilmi\u015f konfrans ke\u00e7irildi\" width=\"150\" height=\"150\" \/><\/a><a class=\"fancybox-thumb\" href=\"https:\/\/unec.edu.az\/application\/uploads\/2019\/04\/DSC_3506.jpg\"><img loading=\"lazy\" decoding=\"async\" class=\"fancybox-margin alignnone wp-image-139211 size-thumbnail\" title=\"UNEC-d\u0259 N\u0259siminin f\u0259ls\u0259fi ideyalar\u0131na h\u0259sr edilmi\u015f konfrans ke\u00e7irildi (24.04.2019)\" src=\"https:\/\/unec.edu.az\/application\/uploads\/2019\/04\/DSC_3506-150x150.jpg\" alt=\"UNEC-d\u0259 N\u0259siminin f\u0259ls\u0259fi ideyalar\u0131na h\u0259sr edilmi\u015f konfrans ke\u00e7irildi\" width=\"150\" height=\"150\" \/><\/a><a class=\"fancybox-thumb\" href=\"https:\/\/unec.edu.az\/application\/uploads\/2019\/04\/DSC_3507.jpg\"><img loading=\"lazy\" decoding=\"async\" class=\"fancybox-margin alignnone wp-image-139212 size-thumbnail\" title=\"UNEC-d\u0259 N\u0259siminin f\u0259ls\u0259fi ideyalar\u0131na h\u0259sr edilmi\u015f konfrans ke\u00e7irildi (24.04.2019)\" src=\"https:\/\/unec.edu.az\/application\/uploads\/2019\/04\/DSC_3507-150x150.jpg\" alt=\"UNEC-d\u0259 N\u0259siminin f\u0259ls\u0259fi ideyalar\u0131na h\u0259sr edilmi\u015f konfrans ke\u00e7irildi\" width=\"150\" height=\"150\" \/><\/a><a class=\"fancybox-thumb\" href=\"https:\/\/unec.edu.az\/application\/uploads\/2019\/04\/DSC_3510.jpg\"><img loading=\"lazy\" decoding=\"async\" class=\"fancybox-margin alignnone wp-image-139213 size-thumbnail\" title=\"UNEC-d\u0259 N\u0259siminin f\u0259ls\u0259fi ideyalar\u0131na h\u0259sr edilmi\u015f konfrans ke\u00e7irildi (24.04.2019)\" src=\"https:\/\/unec.edu.az\/application\/uploads\/2019\/04\/DSC_3510-150x150.jpg\" alt=\"UNEC-d\u0259 N\u0259siminin f\u0259ls\u0259fi ideyalar\u0131na h\u0259sr edilmi\u015f konfrans ke\u00e7irildi\" width=\"150\" height=\"150\" \/><\/a><a class=\"fancybox-thumb\" href=\"https:\/\/unec.edu.az\/application\/uploads\/2019\/04\/DSC_3517.jpg\"><img loading=\"lazy\" decoding=\"async\" class=\"fancybox-margin alignnone wp-image-139215 size-thumbnail\" title=\"UNEC-d\u0259 N\u0259siminin f\u0259ls\u0259fi ideyalar\u0131na h\u0259sr edilmi\u015f konfrans ke\u00e7irildi (24.04.2019)\" src=\"https:\/\/unec.edu.az\/application\/uploads\/2019\/04\/DSC_3517-150x150.jpg\" alt=\"UNEC-d\u0259 N\u0259siminin f\u0259ls\u0259fi ideyalar\u0131na h\u0259sr edilmi\u015f konfrans ke\u00e7irildi\" width=\"150\" height=\"150\" \/><\/a><a class=\"fancybox-thumb\" href=\"https:\/\/unec.edu.az\/application\/uploads\/2019\/04\/DSC_3534.jpg\"><img loading=\"lazy\" decoding=\"async\" class=\"fancybox-margin alignnone wp-image-139219 size-thumbnail\" title=\"UNEC-d\u0259 N\u0259siminin f\u0259ls\u0259fi ideyalar\u0131na h\u0259sr edilmi\u015f konfrans ke\u00e7irildi (24.04.2019)\" src=\"https:\/\/unec.edu.az\/application\/uploads\/2019\/04\/DSC_3534-150x150.jpg\" alt=\"UNEC-d\u0259 N\u0259siminin f\u0259ls\u0259fi ideyalar\u0131na h\u0259sr edilmi\u015f konfrans ke\u00e7irildi\" width=\"150\" height=\"150\" \/><\/a><\/p>\n","protected":false},"excerpt":{"rendered":"<p>Head of department: Dr. Phil.\u00a0Sciences, prof. Tofig Abdulaziz Adress: Baku, A. Sahhat Street, 45 (IV building) Telephone:\u00a0+(994) 12\u00a0441-62-74 e-mail: tofiq.abdulhasan@unec.edu.az UNEC in the Regions\u00a0(16.05.2017) An Open Class held in the International School of Economics: The State Flag Day\u00a0(08.11.2016)<\/p>\n","protected":false},"author":10,"featured_media":0,"parent":3858,"menu_order":80,"comment_status":"open","ping_status":"open","template":"page-templates\/3columncontent.php","meta":{"footnotes":""},"class_list":["post-8617","page","type-page","status-publish","hentry"],"_links":{"self":[{"href":"http:\/\/unec.edu.az\/en\/wp-json\/wp\/v2\/pages\/8617","targetHints":{"allow":["GET"]}}],"collection":[{"href":"http:\/\/unec.edu.az\/en\/wp-json\/wp\/v2\/pages"}],"about":[{"href":"http:\/\/unec.edu.az\/en\/wp-json\/wp\/v2\/types\/page"}],"author":[{"embeddable":true,"href":"http:\/\/unec.edu.az\/en\/wp-json\/wp\/v2\/users\/10"}],"replies":[{"embeddable":true,"href":"http:\/\/unec.edu.az\/en\/wp-json\/wp\/v2\/comments?post=8617"}],"version-history":[{"count":49,"href":"http:\/\/unec.edu.az\/en\/wp-json\/wp\/v2\/pages\/8617\/revisions"}],"predecessor-version":[{"id":448894,"href":"http:\/\/unec.edu.az\/en\/wp-json\/wp\/v2\/pages\/8617\/revisions\/448894"}],"up":[{"embeddable":true,"href":"http:\/\/unec.edu.az\/en\/wp-json\/wp\/v2\/pages\/3858"}],"wp:attachment":[{"href":"http:\/\/unec.edu.az\/en\/wp-json\/wp\/v2\/media?parent=8617"}],"curies":[{"name":"wp","href":"https:\/\/api.w.org\/{rel}","templated":true}]}}