{"id":8868,"date":"2015-02-12T15:36:28","date_gmt":"2015-02-12T11:36:28","guid":{"rendered":"http:\/\/asue.edu.az\/education\/bachelor\/2049-2\/"},"modified":"2025-04-24T15:03:41","modified_gmt":"2025-04-24T11:03:41","slug":"school-of-economics","status":"publish","type":"page","link":"http:\/\/unec.edu.az\/en\/education\/faculties\/school-of-economics\/","title":{"rendered":"FACULTY OF ECONOMICS AND MANAGEMENT"},"content":{"rendered":"<h4 id=\"tw-target-text\" class=\"tw-data-text tw-text-large tw-ta\" dir=\"ltr\" data-placeholder=\"\u041f\u0435\u0440\u0435\u0432\u043e\u0434\"><\/h4>\n<p><a href=\"http:\/\/unec.edu.az\/application\/uploads\/2024\/12\/economics-and-managemeing.jpg\"><img fetchpriority=\"high\" decoding=\"async\" class=\"wp-image-454934 aligncenter\" src=\"http:\/\/unec.edu.az\/application\/uploads\/2024\/12\/economics-and-managemeing-300x110.jpg\" alt=\"\" width=\"848\" height=\"311\" srcset=\"http:\/\/unec.edu.az\/application\/uploads\/2024\/12\/economics-and-managemeing-300x110.jpg 300w, http:\/\/unec.edu.az\/application\/uploads\/2024\/12\/economics-and-managemeing-1024x375.jpg 1024w, http:\/\/unec.edu.az\/application\/uploads\/2024\/12\/economics-and-managemeing-768x281.jpg 768w, http:\/\/unec.edu.az\/application\/uploads\/2024\/12\/economics-and-managemeing.jpg 1286w\" sizes=\"(max-width: 848px) 100vw, 848px\" \/><\/a><\/p>\n<table style=\"height: 10px; width: 88.7191%;\" width=\"580\">\n<tbody>\n<tr style=\"height: 10px;\">\n<td style=\"width: 27.0016%; text-align: left; height: 10px;\">\n<h4><span style=\"color: #800000;\"><a style=\"color: #800000;\" href=\"https:\/\/unec.edu.az\/\/en\/i-e-n-eyvazov-elcin-tehmez-oglu\/\">Dean:\u00a0PhD in Econ.<br \/>\nEyvazov Elchin Tahmaz<\/a><br \/>\n<\/span><\/h4>\n<h4><span style=\"color: #333333;\"><em>Contact phone:\u00a0+(994) 12\u00a0564-67-85<br \/>\n<\/em><\/span><span style=\"color: #333333;\"><em><span class=\"Y2IQFc\" lang=\"en\">Address: 135 Hasan Aliyev Street<br \/>\n<\/span>elchin_eyvazov@unec.edu.az<\/em><\/span><\/h4>\n<\/td>\n<td style=\"width: 7.93548%; height: 10px;\">\n<h4><span style=\"color: #800000;\"><a style=\"color: #800000;\" href=\"https:\/\/unec.edu.az\/en\/aliyev-mushrevan-ali\/\"><span style=\"font-size: 12pt;\"><span style=\"color: #800000;\">Deputy Dean: Assoc.Prof.<\/span><br \/>\n<span style=\"color: #800000;\">Aliyev Mushirevan Ali<\/span><\/span><\/a><\/span><\/h4>\n<h4 style=\"text-align: left;\"><span style=\"color: #000000;\"><em>\u00a0<span style=\"color: #333333;\">Contact phone:<\/span><\/em><\/span><br \/>\n<span style=\"color: #333333;\"><em> +(994) 12\u00a0564-67-85<br \/>\nmushravan.aliyev@unec.edu.az<\/em><\/span><\/h4>\n<\/td>\n<td style=\"width: 42.0829%; text-align: left; height: 10px;\">\n<h4><span style=\"color: #800000;\"><span style=\"font-size: 12pt;\">Deputy Dean: <\/span><span class=\"Y2IQFc\" lang=\"en\">Cand.of econ.scien.,Assoc. Prof.Karimzade Mehriban Vagif <\/span><\/span><\/h4>\n<h4 id=\"tw-target-text\" class=\"tw-data-text tw-text-large tw-ta\" dir=\"ltr\" data-placeholder=\"\u041f\u0435\u0440\u0435\u0432\u043e\u0434\" data-ved=\"2ahUKEwim7ZPzwPCMAxUvSfEDHRexEZ4Q3ewLegQICBAV\" aria-label=\"\u041f\u0435\u0440\u0435\u0432\u0435\u0434\u0435\u043d\u043d\u044b\u0439 \u0442\u0435\u043a\u0441\u0442: Deputy Dean:\ni.e.n., assoc. Prof. Karimzade Mehriban Vagif gizi\nContact phone:\n+(994) 12 564-67-85\n________@unec.edu.az\"><span class=\"Y2IQFc\" lang=\"en\" style=\"color: #000000;\">Contact phone:<br \/>\n+(994) 12 564-67-85 ____@unec.edu.az<\/span><\/h4>\n<\/td>\n<td style=\"width: 9.4537%; text-align: left; height: 10px;\">\n<h4><span style=\"color: #800000;\"><a style=\"color: #800000;\" href=\"https:\/\/unec.edu.az\/en\/murselov-rahim-sirqazi\/\"><span style=\"font-size: 12pt;\">Deputy dean:<br \/>\nS\/t. Mursalov Rahim Shirgazi<\/span><\/a><\/span><\/h4>\n<h4><span style=\"color: #333333;\"><em>Contact phone:<br \/>\n+(994) 12\u00a0564-38-53<br \/>\nrahim_mursalov@unec.edu.az<\/em><\/span><\/h4>\n<\/td>\n<\/tr>\n<\/tbody>\n<\/table>\n<h4><\/h4>\n<h4><span style=\"color: #800000;\"><a style=\"color: #800000;\" href=\"https:\/\/unec.edu.az\/en\/semedov-perviz-hebib\/\">A Secretary to the Faculty- Samadov Parviz Habib<\/a><\/span><\/h4>\n<p><em><span style=\"color: #000000;\">Contact phone:\u00a0564-37-99<\/span><\/em><\/p>\n<p><a class=\"fancybox-thumb\" href=\"http:\/\/unec.edu.az\/application\/uploads\/2024\/09\/iqtttd5910957473c2c.jpeg\"><img decoding=\"async\" class=\"fancybox-margin alignnone wp-image-443709 size-thumbnail\" title=\"\u0130qtisadiyyat v\u0259 idar\u0259etm\u0259 fak\u00fclt\u0259si \u00fczr\u0259 \u0259n y\u00fcks\u0259k n\u0259tic\u0259 628.8 bal olub (23.09.2024)\" src=\"http:\/\/unec.edu.az\/application\/uploads\/2024\/09\/iqtttd5910957473c2c-150x150.jpeg\" alt=\"\" width=\"150\" height=\"150\" \/><\/a><a class=\"fancybox-thumb\" href=\"http:\/\/unec.edu.az\/application\/uploads\/2024\/09\/iqtttf0e50181f612935.jpeg\"><img decoding=\"async\" class=\"fancybox-margin alignnone wp-image-443699 size-thumbnail\" title=\"\u0130qtisadiyyat v\u0259 idar\u0259etm\u0259 fak\u00fclt\u0259si \u00fczr\u0259 \u0259n y\u00fcks\u0259k n\u0259tic\u0259 628.8 bal olub (23.09.2024)\" src=\"http:\/\/unec.edu.az\/application\/uploads\/2024\/09\/iqtttf0e50181f612935-150x150.jpeg\" alt=\"\" width=\"150\" height=\"150\" \/><\/a><a class=\"fancybox-thumb\" href=\"http:\/\/unec.edu.az\/application\/uploads\/2024\/09\/iqttta8cbea98addae11.jpeg\"><img loading=\"lazy\" decoding=\"async\" class=\"fancybox-margin alignnone wp-image-443703 size-thumbnail\" title=\"\u0130qtisadiyyat v\u0259 idar\u0259etm\u0259 fak\u00fclt\u0259si \u00fczr\u0259 \u0259n y\u00fcks\u0259k n\u0259tic\u0259 628.8 bal olub (23.09.2024)\" src=\"http:\/\/unec.edu.az\/application\/uploads\/2024\/09\/iqttta8cbea98addae11-150x150.jpeg\" alt=\"\" width=\"150\" height=\"150\" \/><\/a><a class=\"fancybox-thumb\" href=\"http:\/\/unec.edu.az\/application\/uploads\/2024\/09\/ittt8fb9232cc1818b11.jpeg\"><img loading=\"lazy\" decoding=\"async\" class=\"fancybox-margin alignnone wp-image-443706 size-thumbnail\" src=\"http:\/\/unec.edu.az\/application\/uploads\/2024\/09\/ittt8fb9232cc1818b11-150x150.jpeg\" alt=\"\" width=\"150\" height=\"150\" \/><\/a><a class=\"fancybox-thumb\" href=\"https:\/\/unec.edu.az\/application\/uploads\/2015\/02\/35.jpg\"><img loading=\"lazy\" decoding=\"async\" class=\"fancybox-margin alignnone wp-image-104060 size-thumbnail\" src=\"https:\/\/unec.edu.az\/application\/uploads\/2015\/02\/35-150x150.jpg\" alt=\"3\" width=\"150\" height=\"150\" \/><\/a><a class=\"fancybox-thumb\" href=\"https:\/\/unec.edu.az\/application\/uploads\/2017\/04\/18053250_740966089415966_139095589_o.jpg\"><img loading=\"lazy\" decoding=\"async\" class=\"fancybox-margin alignnone wp-image-91533 size-thumbnail\" title=\"Az\u0259rbaycan \u0130slam d\u00fcnyas\u0131n\u0131n bar\u0131\u015fd\u0131r\u0131c\u0131 q\u00fcvv\u0259sidir (21.04.2017)\" src=\"https:\/\/unec.edu.az\/application\/uploads\/2017\/04\/18053250_740966089415966_139095589_o-150x150.jpg\" alt=\"18053250_740966089415966_139095589_o\" width=\"150\" height=\"150\" \/><\/a><\/p>\n<h4 id=\"tw-target-text\" class=\"tw-data-text tw-text-large tw-ta\" dir=\"ltr\" data-placeholder=\"\u041f\u0435\u0440\u0435\u0432\u043e\u0434\" data-ved=\"2ahUKEwi6-Nzek4OJAxVz3QIHHdLDAq0Q3ewLegQIBxAU\" aria-label=\"\u041f\u0435\u0440\u0435\u0432\u0435\u0434\u0435\u043d\u043d\u044b\u0439 \u0442\u0435\u043a\u0441\u0442: News of the Faculty of Economics and Management (2015 \u2013 2018)\"><span style=\"color: #000080;\"><em><a style=\"color: #000080;\" href=\"https:\/\/unec.edu.az\/en\/news-of-the-faculty-of-economics-2015-2018\/\"><span class=\"Y2IQFc\" lang=\"en\">News of the Faculty of Economics and Management (2015 \u2013 2018)<\/span><\/a><\/em><\/span><\/h4>\n<p><em><a class=\"fancybox-thumb\" href=\"https:\/\/unec.edu.az\/application\/uploads\/2017\/06\/DSC_2132.jpg\"><img loading=\"lazy\" decoding=\"async\" class=\"fancybox-margin alignnone wp-image-100095 size-thumbnail\" title=\"\u201cUNEC m\u0259zunlar\u0131 Az\u0259rbaycan iqtisadiyyat\u0131na misilsiz t\u00f6hf\u0259l\u0259r ver\u0259c\u0259k\u201d (30.06.2017)\" src=\"https:\/\/unec.edu.az\/application\/uploads\/2017\/06\/DSC_2132-150x150.jpg\" alt=\"DSC_2132\" width=\"150\" height=\"150\" \/><\/a><a class=\"fancybox-thumb\" href=\"https:\/\/unec.edu.az\/application\/uploads\/2016\/11\/15133927_1191876147527103_1389541564_o.jpg\"><img loading=\"lazy\" decoding=\"async\" class=\"fancybox-margin alignnone wp-image-72865 size-thumbnail\" title=\"\u201cCaspian Ecology\u201d 7-ci Az\u0259rbaycan Beyn\u0259lxalq \u018ftraf M\u00fchit s\u0259rgisind\u0259\" src=\"https:\/\/unec.edu.az\/application\/uploads\/2016\/11\/15133927_1191876147527103_1389541564_o-150x150.jpg\" alt=\"15133927_1191876147527103_1389541564_o\" width=\"150\" height=\"150\" \/><\/a><a class=\"fancybox-thumb\" href=\"https:\/\/unec.edu.az\/application\/uploads\/2015\/01\/bbDSC_0005-1024x687.jpg\"><img loading=\"lazy\" decoding=\"async\" class=\"fancybox-margin alignnone wp-image-28497 size-thumbnail\" src=\"https:\/\/unec.edu.az\/application\/uploads\/2015\/01\/bbDSC_0005-1024x687-150x150.jpg\" alt=\"bbDSC_0005-1024x687\" width=\"150\" height=\"150\" \/><\/a><a class=\"fancybox-thumb\" href=\"https:\/\/unec.edu.az\/application\/uploads\/2015\/02\/36.jpg\"><img loading=\"lazy\" decoding=\"async\" class=\"fancybox-margin alignnone wp-image-104955 size-thumbnail\" title=\"Bak\u0131 \u0130dman Saray\u0131nda ke\u00e7iril\u0259n V Bak\u0131 Beyn\u0259lxalq Kitab-S\u0259rgi Yarmarkas\u0131nda (28.09.2017)\" src=\"https:\/\/unec.edu.az\/application\/uploads\/2015\/02\/36-150x150.jpg\" alt=\"3\" width=\"150\" height=\"150\" \/><\/a><a class=\"fancybox-thumb\" href=\"https:\/\/unec.edu.az\/application\/uploads\/2015\/02\/211.jpg\"><img loading=\"lazy\" decoding=\"async\" class=\"fancybox-margin alignnone wp-image-104956 size-thumbnail\" title=\"Bak\u0131 \u0130dman Saray\u0131nda ke\u00e7iril\u0259n V Bak\u0131 Beyn\u0259lxalq Kitab-S\u0259rgi Yarmarkas\u0131nda (28.09.2017)\" src=\"https:\/\/unec.edu.az\/application\/uploads\/2015\/02\/211-150x150.jpg\" alt=\"2\" width=\"150\" height=\"150\" \/><\/a><a class=\"fancybox-thumb\" href=\"https:\/\/unec.edu.az\/application\/uploads\/2015\/02\/110.jpg\"><img loading=\"lazy\" decoding=\"async\" class=\"fancybox-margin alignnone wp-image-104957 size-thumbnail\" title=\"Bak\u0131 \u0130dman Saray\u0131nda ke\u00e7iril\u0259n V Bak\u0131 Beyn\u0259lxalq Kitab-S\u0259rgi Yarmarkas\u0131nda (28.09.2017)\" src=\"https:\/\/unec.edu.az\/application\/uploads\/2015\/02\/110-150x150.jpg\" alt=\"1\" width=\"150\" height=\"150\" \/><\/a><\/em><\/p>\n","protected":false},"excerpt":{"rendered":"<p>Dean:\u00a0PhD in Econ. Eyvazov Elchin Tahmaz Contact phone:\u00a0+(994) 12\u00a0564-67-85 Address: 135 Hasan Aliyev Street elchin_eyvazov@unec.edu.az Deputy Dean: Assoc.Prof. Aliyev Mushirevan Ali \u00a0Contact phone: +(994) 12\u00a0564-67-85 mushravan.aliyev@unec.edu.az Deputy Dean: Cand.of econ.scien.,Assoc. Prof.Karimzade Mehriban Vagif Contact phone: +(994) 12 564-67-85 ____@unec.edu.az Deputy dean: S\/t. Mursalov Rahim Shirgazi Contact phone: +(994) 12\u00a0564-38-53 rahim_mursalov@unec.edu.az A Secretary to the Faculty- [&hellip;]<\/p>\n","protected":false},"author":10,"featured_media":0,"parent":108,"menu_order":7,"comment_status":"open","ping_status":"open","template":"page-templates\/3columncontent.php","meta":{"footnotes":""},"class_list":["post-8868","page","type-page","status-publish","hentry"],"_links":{"self":[{"href":"http:\/\/unec.edu.az\/en\/wp-json\/wp\/v2\/pages\/8868","targetHints":{"allow":["GET"]}}],"collection":[{"href":"http:\/\/unec.edu.az\/en\/wp-json\/wp\/v2\/pages"}],"about":[{"href":"http:\/\/unec.edu.az\/en\/wp-json\/wp\/v2\/types\/page"}],"author":[{"embeddable":true,"href":"http:\/\/unec.edu.az\/en\/wp-json\/wp\/v2\/users\/10"}],"replies":[{"embeddable":true,"href":"http:\/\/unec.edu.az\/en\/wp-json\/wp\/v2\/comments?post=8868"}],"version-history":[{"count":156,"href":"http:\/\/unec.edu.az\/en\/wp-json\/wp\/v2\/pages\/8868\/revisions"}],"predecessor-version":[{"id":464921,"href":"http:\/\/unec.edu.az\/en\/wp-json\/wp\/v2\/pages\/8868\/revisions\/464921"}],"up":[{"embeddable":true,"href":"http:\/\/unec.edu.az\/en\/wp-json\/wp\/v2\/pages\/108"}],"wp:attachment":[{"href":"http:\/\/unec.edu.az\/en\/wp-json\/wp\/v2\/media?parent=8868"}],"curies":[{"name":"wp","href":"https:\/\/api.w.org\/{rel}","templated":true}]}}