{"id":9022,"date":"2015-02-12T15:53:42","date_gmt":"2015-02-12T11:53:42","guid":{"rendered":"http:\/\/asue.edu.az\/education\/bachelor\/texnologiya-ve-dizayn-fakultesi\/"},"modified":"2024-11-06T15:10:52","modified_gmt":"2024-11-06T11:10:52","slug":"technology-and-design-faculty","status":"publish","type":"page","link":"http:\/\/unec.edu.az\/en\/technology-and-design-faculty\/","title":{"rendered":"HISTORY OF THE FACULTY OF DIGITAL ECONOMY"},"content":{"rendered":"<p><em>In order to implement the decisions of UNEC\u2019s Scientific Council from the online meetings dated May 31, 2020 (No. SC-172) and September 14, 2020 (No. SC-173), the Faculty of Technology and Design was dissolved on October 19, 2020, and restructured to establish the Faculty of Digital Economics. On the same date, the Department of Digital Technologies and Applied Informatics was created within the faculty.<\/em><\/p>\n<h4 style=\"text-align: justify;\"><a class=\"fancybox-thumb\" href=\"https:\/\/unec.edu.az\/application\/uploads\/2015\/02\/kulinariya2b45177f92011.jpg\"><img decoding=\"async\" class=\"fancybox-margin alignnone wp-image-129524 \" title=\"Beyn\u0259lxalq Kulinariya G\u00fcn\u00fc m\u00fcnasib\u0259til\u0259 xeyriyy\u0259 aksiyas\u0131 (22.10.2018)\" src=\"https:\/\/unec.edu.az\/application\/uploads\/2015\/02\/kulinariya2b45177f92011-236x180.jpg\" alt=\"kulinariya2b45177f92011\" width=\"146\" height=\"111\" \/><\/a><a class=\"fancybox-thumb\" href=\"https:\/\/unec.edu.az\/application\/uploads\/2016\/06\/162.jpg\"><img decoding=\"async\" class=\"fancybox-margin alignnone wp-image-59840\" src=\"https:\/\/unec.edu.az\/application\/uploads\/2016\/06\/162-300x200.jpg\" sizes=\"(max-width: 165px) 100vw, 165px\" srcset=\"https:\/\/unec.edu.az\/application\/uploads\/2016\/06\/162-300x200.jpg 300w, https:\/\/unec.edu.az\/application\/uploads\/2016\/06\/162.jpg 800w\" alt=\"16\" width=\"165\" height=\"110\" \/><\/a><a class=\"fancybox-thumb\" href=\"https:\/\/unec.edu.az\/application\/uploads\/2015\/02\/27-05-2016-Resim-sergisi-tile-kopiya.jpg\"><img decoding=\"async\" class=\"fancybox-margin alignnone wp-image-70100\" src=\"https:\/\/unec.edu.az\/application\/uploads\/2015\/02\/27-05-2016-Resim-sergisi-tile-kopiya-300x117.jpg\" sizes=\"(max-width: 282px) 100vw, 282px\" srcset=\"https:\/\/unec.edu.az\/application\/uploads\/2015\/02\/27-05-2016-Resim-sergisi-tile-kopiya-300x117.jpg 300w, https:\/\/unec.edu.az\/application\/uploads\/2015\/02\/27-05-2016-Resim-sergisi-tile-kopiya.jpg 574w\" alt=\"27 05 2016 Resim sergisi-tile - \u043a\u043e\u043f\u0438\u044f\" width=\"282\" height=\"110\" \/><\/a><a class=\"fancybox-thumb\" href=\"https:\/\/unec.edu.az\/application\/uploads\/2017\/06\/DSC_2274.jpg\"><img loading=\"lazy\" decoding=\"async\" class=\"fancybox-margin alignnone wp-image-100100\" title=\"\u201cUNEC m\u0259zunlar\u0131 Az\u0259rbaycan iqtisadiyyat\u0131na misilsiz t\u00f6hf\u0259l\u0259r ver\u0259c\u0259k\u201d (30.06.2017)\" src=\"https:\/\/unec.edu.az\/application\/uploads\/2017\/06\/DSC_2274-300x200.jpg\" sizes=\"(max-width: 165px) 100vw, 165px\" srcset=\"https:\/\/unec.edu.az\/application\/uploads\/2017\/06\/DSC_2274-300x200.jpg 300w, https:\/\/unec.edu.az\/application\/uploads\/2017\/06\/DSC_2274.jpg 1024w\" alt=\"DSC_2274\" width=\"165\" height=\"110\" \/><\/a><a class=\"fancybox-thumb\" href=\"https:\/\/unec.edu.az\/application\/uploads\/2016\/05\/DSC5607.jpg\"><img loading=\"lazy\" decoding=\"async\" class=\"fancybox-margin alignnone wp-image-51948 \" src=\"https:\/\/unec.edu.az\/application\/uploads\/2016\/05\/DSC5607-300x199.jpg\" sizes=\"(max-width: 166px) 100vw, 166px\" srcset=\"https:\/\/unec.edu.az\/application\/uploads\/2016\/05\/DSC5607-300x200.jpg 300w, https:\/\/unec.edu.az\/application\/uploads\/2016\/05\/DSC5607.jpg 800w\" alt=\"_DSC5607\" width=\"166\" height=\"110\" \/><\/a><\/h4>\n<p id=\"tw-target-text\" class=\"tw-data-text tw-text-large tw-ta\" dir=\"ltr\" data-placeholder=\"\u041f\u0435\u0440\u0435\u0432\u043e\u0434\" data-ved=\"2ahUKEwiwweHp5oWJAxWk1wIHHRBVLHEQ3ewLegQIBxAU\" aria-label=\"\u041f\u0435\u0440\u0435\u0432\u0435\u0434\u0435\u043d\u043d\u044b\u0439 \u0442\u0435\u043a\u0441\u0442: News of the Faculty of Technology and Design (2015 - 2017)\"><span style=\"color: #000080;\"><em><a style=\"color: #000080;\" href=\"https:\/\/unec.edu.az\/en\/texnologiya-ve-dizayn-fakultesinin-xeberleri-2015-2017\/\"><span class=\"Y2IQFc\" lang=\"en\">News of the Faculty of Technology and Design (2015 &#8211; 2017)<\/span><\/a><\/em><\/span><\/p>\n<p><em><span style=\"color: #000000;\"><a class=\"fancybox-thumb\" href=\"https:\/\/unec.edu.az\/application\/uploads\/2018\/10\/DSC_1814.jpg\"><img loading=\"lazy\" decoding=\"async\" class=\"fancybox-margin alignnone wp-image-129286 size-thumbnail\" title=\"UNEC stendi qonaqlar\u0131n x\u00fcsusi mara\u011f\u0131na s\u0259b\u0259b olub (12.10.2018)\" src=\"https:\/\/unec.edu.az\/application\/uploads\/2018\/10\/DSC_1814-150x150.jpg\" alt=\"DSC_1814\" width=\"150\" height=\"150\" \/><\/a><a class=\"fancybox-thumb\" href=\"https:\/\/unec.edu.az\/application\/uploads\/2018\/10\/DSC_1811.jpg\"><img loading=\"lazy\" decoding=\"async\" class=\"fancybox-margin alignnone wp-image-129285 size-thumbnail\" title=\"UNEC stendi qonaqlar\u0131n x\u00fcsusi mara\u011f\u0131na s\u0259b\u0259b olub (12.10.2018)\" src=\"https:\/\/unec.edu.az\/application\/uploads\/2018\/10\/DSC_1811-150x150.jpg\" alt=\"DSC_1811\" width=\"150\" height=\"150\" \/><\/a><a class=\"fancybox-thumb\" href=\"https:\/\/unec.edu.az\/application\/uploads\/2015\/02\/tttDSC_0001-1024x687.jpg\"><img loading=\"lazy\" decoding=\"async\" class=\"fancybox-margin alignnone wp-image-28880 size-thumbnail\" src=\"https:\/\/unec.edu.az\/application\/uploads\/2015\/02\/tttDSC_0001-1024x687-150x150.jpg\" alt=\"tttDSC_0001-1024x687\" width=\"150\" height=\"150\" \/><\/a><a class=\"fancybox-thumb\" href=\"https:\/\/unec.edu.az\/application\/uploads\/2015\/02\/tttDSC_00231-1024x687.jpg\"><img loading=\"lazy\" decoding=\"async\" class=\"fancybox-margin alignnone wp-image-28882 size-thumbnail\" src=\"https:\/\/unec.edu.az\/application\/uploads\/2015\/02\/tttDSC_00231-1024x687-150x150.jpg\" alt=\"tttDSC_00231-1024x687\" width=\"150\" height=\"150\" \/><\/a><a class=\"fancybox-thumb\" href=\"https:\/\/unec.edu.az\/application\/uploads\/2015\/02\/tttDSC_00293-1024x687.jpg\"><img loading=\"lazy\" decoding=\"async\" class=\"fancybox-margin alignnone wp-image-28883 size-thumbnail\" src=\"https:\/\/unec.edu.az\/application\/uploads\/2015\/02\/tttDSC_00293-1024x687-150x150.jpg\" alt=\"tttDSC_00293-1024x687\" width=\"150\" height=\"150\" \/><\/a><a class=\"fancybox-thumb\" href=\"https:\/\/unec.edu.az\/application\/uploads\/2015\/02\/texnologiya_0023.jpg\"><img loading=\"lazy\" decoding=\"async\" class=\"fancybox-margin alignnone wp-image-41266 size-thumbnail\" src=\"https:\/\/unec.edu.az\/application\/uploads\/2015\/02\/texnologiya_0023-150x150.jpg\" alt=\"texnologiya_0023\" width=\"150\" height=\"150\" \/><\/a><\/span><\/em><\/p>\n","protected":false},"excerpt":{"rendered":"<p>In order to implement the decisions of UNEC\u2019s Scientific Council from the online meetings dated May 31, 2020 (No. SC-172) and September 14, 2020 (No. SC-173), the Faculty of Technology and Design was dissolved on October 19, 2020, and restructured to establish the Faculty of Digital Economics. On the same date, the Department of Digital [&hellip;]<\/p>\n","protected":false},"author":10,"featured_media":0,"parent":0,"menu_order":11,"comment_status":"open","ping_status":"open","template":"page-templates\/3columncontent.php","meta":{"footnotes":""},"class_list":["post-9022","page","type-page","status-publish","hentry"],"_links":{"self":[{"href":"http:\/\/unec.edu.az\/en\/wp-json\/wp\/v2\/pages\/9022","targetHints":{"allow":["GET"]}}],"collection":[{"href":"http:\/\/unec.edu.az\/en\/wp-json\/wp\/v2\/pages"}],"about":[{"href":"http:\/\/unec.edu.az\/en\/wp-json\/wp\/v2\/types\/page"}],"author":[{"embeddable":true,"href":"http:\/\/unec.edu.az\/en\/wp-json\/wp\/v2\/users\/10"}],"replies":[{"embeddable":true,"href":"http:\/\/unec.edu.az\/en\/wp-json\/wp\/v2\/comments?post=9022"}],"version-history":[{"count":77,"href":"http:\/\/unec.edu.az\/en\/wp-json\/wp\/v2\/pages\/9022\/revisions"}],"predecessor-version":[{"id":449330,"href":"http:\/\/unec.edu.az\/en\/wp-json\/wp\/v2\/pages\/9022\/revisions\/449330"}],"wp:attachment":[{"href":"http:\/\/unec.edu.az\/en\/wp-json\/wp\/v2\/media?parent=9022"}],"curies":[{"name":"wp","href":"https:\/\/api.w.org\/{rel}","templated":true}]}}