{"id":9030,"date":"2015-02-12T15:54:18","date_gmt":"2015-02-12T11:54:18","guid":{"rendered":"http:\/\/asue.edu.az\/education\/bachelor\/emteesunasliq-fakultesi\/"},"modified":"2021-01-11T20:11:45","modified_gmt":"2021-01-11T16:11:45","slug":"faculty-of-commodity-research","status":"publish","type":"page","link":"http:\/\/unec.edu.az\/en\/faculty-of-commodity-research\/","title":{"rendered":"FACULTY OF \u201cEXPERTISE AND STANDARDIZATION\u201d"},"content":{"rendered":"<p><strong><span style=\"color: #000000;\"><em>On 19.10.2020, the \u201cExpertise and Standardization\u201d faculty was abolished and the \u201cEngineering\u201d faculty was established on its basis.<\/em><\/span><\/strong><\/p>\n<h4><a class=\"fancybox-thumb\" href=\"https:\/\/unec.edu.az\/application\/uploads\/2016\/06\/291.jpg\" rel=\"fancybox-thumb\"><img decoding=\"async\" class=\"fancybox-margin alignnone wp-image-59851\" src=\"https:\/\/unec.edu.az\/application\/uploads\/2016\/06\/291-300x200.jpg\" alt=\"29\" width=\"155\" height=\"103\" srcset=\"http:\/\/unec.edu.az\/application\/uploads\/2016\/06\/291-300x200.jpg 300w, http:\/\/unec.edu.az\/application\/uploads\/2016\/06\/291.jpg 800w\" sizes=\"(max-width: 155px) 100vw, 155px\" \/><\/a>\u00a0<a class=\"fancybox-thumb\" href=\"https:\/\/unec.edu.az\/application\/uploads\/2015\/02\/eeeDSC_00183.jpg\" rel=\"fancybox-thumb\"><img decoding=\"async\" class=\"fancybox-margin alignnone wp-image-28867 \" src=\"https:\/\/unec.edu.az\/application\/uploads\/2015\/02\/eeeDSC_00183-236x180.jpg\" alt=\"eeeDSC_00183\" width=\"136\" height=\"104\" \/><\/a>\u00a0<a class=\"fancybox-thumb\" href=\"https:\/\/unec.edu.az\/application\/uploads\/2016\/10\/DSC_8886.jpg\" rel=\"fancybox-thumb\"><img decoding=\"async\" class=\"fancybox-margin alignnone wp-image-68589\" src=\"https:\/\/unec.edu.az\/application\/uploads\/2016\/10\/DSC_8886-300x200.jpg\" alt=\"DSC_8886\" width=\"155\" height=\"103\" srcset=\"http:\/\/unec.edu.az\/application\/uploads\/2016\/10\/DSC_8886-300x200.jpg 300w, http:\/\/unec.edu.az\/application\/uploads\/2016\/10\/DSC_8886.jpg 800w\" sizes=\"(max-width: 155px) 100vw, 155px\" \/><\/a><a class=\"fancybox-thumb\" href=\"https:\/\/unec.edu.az\/application\/uploads\/2015\/02\/eeeeDSC_00115.jpg\" rel=\"fancybox-thumb\"><img loading=\"lazy\" decoding=\"async\" class=\"fancybox-margin alignnone wp-image-28870 \" src=\"https:\/\/unec.edu.az\/application\/uploads\/2015\/02\/eeeeDSC_00115-236x180.jpg\" alt=\"eeeeDSC_00115\" width=\"135\" height=\"103\" \/><\/a><a class=\"fancybox-thumb\" href=\"https:\/\/unec.edu.az\/application\/uploads\/2015\/12\/IMG_13441.jpg\" rel=\"fancybox-thumb\"><img loading=\"lazy\" decoding=\"async\" class=\"fancybox-margin alignnone wp-image-30717 \" src=\"https:\/\/unec.edu.az\/application\/uploads\/2015\/12\/IMG_13441-236x180.jpg\" alt=\"IMG_1344\" width=\"136\" height=\"104\" \/><\/a><a class=\"fancybox-thumb\" href=\"https:\/\/unec.edu.az\/application\/uploads\/2016\/02\/muzey_1141.jpg\" rel=\"fancybox-thumb\"><img loading=\"lazy\" decoding=\"async\" class=\"fancybox-margin alignnone wp-image-40507 \" src=\"https:\/\/unec.edu.az\/application\/uploads\/2016\/02\/muzey_1141-236x180.jpg\" alt=\"muzey_1141\" width=\"132\" height=\"102\" \/><\/a><\/h4>\n<p><span style=\"color: #000000;\"><em><a style=\"color: #000000;\" href=\"https:\/\/unec.edu.az\/en\/unec-kollektivi-novruz-bayramini-daun-sindromlu-usaqlarla-kecirib\/\">The UNEC staff celebrated the Novruz holiday with the children with Down syndrome<\/a>\u00a0(16.03.2018)<a style=\"color: #000000;\" href=\"https:\/\/unec.edu.az\/en\/islamda-tolerantliq\/\"><br \/>\n\u201cThe tolerance in \u0130slam\u201d<\/a>\u00a0(23.11.2017)<a style=\"color: #000000;\" href=\"https:\/\/unec.edu.az\/en\/unec-de-bilik-yarisi-kecirilib\/\"><br \/>\nThe knowledge competition was held at UNEC<\/a>\u00a0(10.11.2017)<a style=\"color: #000000;\" href=\"https:\/\/unec.edu.az\/en\/ulu-ondere-hesr-olunan-konfranslar-telebelerin-elmi-potensialini-inkisaf-etdirir\/\"><br \/>\nThe Conferences devoted to the Great Leader develop Students\u2019 Scientific Potential<\/a>\u00a0(05.05.2017)<a style=\"color: #000000;\" href=\"https:\/\/unec.edu.az\/en\/unec-telebeleri-muasir-istehsal-texnologiyalari-ile-tanis-olublar\/\"><br \/>\nUNEC Students got acquainted with the Modern Production Technologies<\/a>\u00a0(23.11.2016)<a style=\"color: #000000;\" href=\"https:\/\/unec.edu.az\/en\/unec-de-dovlet-bayragi-gunune-hesr-olunan-silsile-tedbir-kecirilib\/\"><br \/>\nThe \u201cNational Flag Day\u201d celebrated at UNEC<\/a>\u00a0(08.11.2016)<a style=\"color: #000000;\" href=\"https:\/\/unec.edu.az\/en\/unec-de-saglamliq-ayi-cercivesinde-tedbir-kecirilib\/\"><br \/>\nEvent held UNEC within the \u201cHealth Month\u201d<\/a>\u00a0(02.11.2016)<a style=\"color: #000000;\" href=\"https:\/\/unec.edu.az\/en\/unec-de-beynelxalq-standartlasdirma-gunu-ne-hesr-olunan-elmi-praktiki-seminar\/\"><br \/>\nA Scientific-practical Workshop dedicated to the International Standardization Day at UNEC<\/a>\u00a0(18.10.2016)<a style=\"color: #000000;\" href=\"https:\/\/unec.edu.az\/en\/emteesunasliq-fakultesinde-konfrans-istehlak-mallarinin-tehlukesizliyi\/\"><br \/>\nA Conference held at the School of Commodity Research: \u201cConsumer Product Safety\u201d<\/a>\u00a0(10.05.2016<\/em><em>)<br \/>\n<\/em><em><a style=\"color: #000000;\" href=\"https:\/\/unec.edu.az\/en\/emteesunasliq-fakultesinin-telebeleri-xalq-tehsili-muzeyinde-olublar\/\">Undergraduate Students of the School of Commodity Research visited the Museum of the National Education<\/a>\u00a0\u00a0(10.02.2016)<br \/>\n<\/em><em><a style=\"color: #000000;\" href=\"https:\/\/unec.edu.az\/en\/unec-telebeleri-neft-kimya-prosesleri-institutunun-laboratoriyalarindan-istifade-ede-bilecekler\/\">UNEC Student will be able to use the laboratories of the Institute of Oil- Chemical Processes<\/a><a style=\"color: #000000;\" href=\"https:\/\/unec.edu.az\/emteesunasliq-fakultesinin-telebeleri-xalq-tehsili-muzeyinde-olublar\/\">\u00a0\u00a0<\/a><\/em><em>(17.12.2015)<br \/>\n<\/em><em><a style=\"color: #000000;\" href=\"https:\/\/unec.edu.az\/en\/unec-de-telebelere-geleceyin-is-yerini-indiden-secme-imkani-yaradilir\/\">UNEC Students were provided with the opportunity of choosing their workplace in advance<\/a>\u00a0<\/em><em>\u00a0(10.12.2015)<br \/>\n<\/em><em><a style=\"color: #000000;\" href=\"https:\/\/unec.edu.az\/en\/emteesunasliq-fakultesinde-elmi-praktik-seminar-kecirilib\/\">Discussions on the Standards of Consumer Products held at UNEC<\/a>\u00a0<\/em><em>(26.11.2015)<br \/>\n<\/em><em><a style=\"color: #000000;\" href=\"https:\/\/unec.edu.az\/en\/unec-de-elmi-seminar-azerbaycanda-milli-standartlasdirma-sisteminin-movcud-veziyyeti\/\">The Scientific Seminar held at UNEC: Current Situation of the National Standardization system in Azerbaijan<\/a>\u00a0\u00a0(20.11.2015)<\/em><\/span><\/p>\n<p><a class=\"fancybox-thumb\" href=\"https:\/\/unec.edu.az\/application\/uploads\/2017\/06\/DSC_2074.jpg\" rel=\"fancybox-thumb\"><img loading=\"lazy\" decoding=\"async\" class=\"fancybox-margin alignnone wp-image-100093\" title=\"\u201cUNEC m\u0259zunlar\u0131 Az\u0259rbaycan iqtisadiyyat\u0131na misilsiz t\u00f6hf\u0259l\u0259r ver\u0259c\u0259k\u201d (30.06.2017)\" src=\"https:\/\/unec.edu.az\/application\/uploads\/2017\/06\/DSC_2074-300x200.jpg\" alt=\"DSC_2074\" width=\"236\" height=\"157\" srcset=\"http:\/\/unec.edu.az\/application\/uploads\/2017\/06\/DSC_2074-300x200.jpg 300w, http:\/\/unec.edu.az\/application\/uploads\/2017\/06\/DSC_2074.jpg 1024w\" sizes=\"(max-width: 236px) 100vw, 236px\" \/><\/a><a class=\"fancybox-thumb\" href=\"https:\/\/unec.edu.az\/application\/uploads\/2015\/02\/osman_ali_0034.jpg\" rel=\"fancybox-thumb\"><img loading=\"lazy\" decoding=\"async\" class=\"fancybox-margin alignnone wp-image-71482\" title=\"\u201cD\u00f6vl\u0259t Bayra\u011f\u0131 G\u00fcn\u00fc\u201d UNEC-d\u0259 qeyd edilib (08.11.2016)\" src=\"https:\/\/unec.edu.az\/application\/uploads\/2015\/02\/osman_ali_0034-300x201.jpg\" alt=\"osman_ali_0034\" width=\"233\" height=\"156\" srcset=\"http:\/\/unec.edu.az\/application\/uploads\/2015\/02\/osman_ali_0034-300x200.jpg 300w, http:\/\/unec.edu.az\/application\/uploads\/2015\/02\/osman_ali_0034.jpg 800w\" sizes=\"(max-width: 233px) 100vw, 233px\" \/><\/a>\u00a0<a class=\"fancybox-thumb\" href=\"https:\/\/unec.edu.az\/application\/uploads\/2015\/02\/osman_0017.jpg\" rel=\"fancybox-thumb\"><img loading=\"lazy\" decoding=\"async\" class=\"fancybox-margin alignnone wp-image-71483\" title=\"\u201cD\u00f6vl\u0259t Bayra\u011f\u0131 G\u00fcn\u00fc\u201d UNEC-d\u0259 qeyd edilib (08.11.2016)\" src=\"https:\/\/unec.edu.az\/application\/uploads\/2015\/02\/osman_0017-300x201.jpg\" alt=\"osman_0017\" width=\"234\" height=\"157\" srcset=\"http:\/\/unec.edu.az\/application\/uploads\/2015\/02\/osman_0017-300x200.jpg 300w, http:\/\/unec.edu.az\/application\/uploads\/2015\/02\/osman_0017.jpg 800w\" sizes=\"(max-width: 234px) 100vw, 234px\" \/><\/a><\/p>\n<p><span style=\"color: #000000;\">\u00a0<\/span><\/p>\n","protected":false},"excerpt":{"rendered":"<p>On 19.10.2020, the \u201cExpertise and Standardization\u201d faculty was abolished and the \u201cEngineering\u201d faculty was established on its basis. \u00a0\u00a0 The UNEC staff celebrated the Novruz holiday with the children with Down syndrome\u00a0(16.03.2018) \u201cThe tolerance in \u0130slam\u201d\u00a0(23.11.2017) The knowledge competition was held at UNEC\u00a0(10.11.2017) The Conferences devoted to the Great Leader develop Students\u2019 Scientific Potential\u00a0(05.05.2017) UNEC [&hellip;]<\/p>\n","protected":false},"author":10,"featured_media":0,"parent":0,"menu_order":10,"comment_status":"open","ping_status":"open","template":"page-templates\/3columncontent.php","meta":{"footnotes":""},"class_list":["post-9030","page","type-page","status-publish","hentry"],"_links":{"self":[{"href":"http:\/\/unec.edu.az\/en\/wp-json\/wp\/v2\/pages\/9030","targetHints":{"allow":["GET"]}}],"collection":[{"href":"http:\/\/unec.edu.az\/en\/wp-json\/wp\/v2\/pages"}],"about":[{"href":"http:\/\/unec.edu.az\/en\/wp-json\/wp\/v2\/types\/page"}],"author":[{"embeddable":true,"href":"http:\/\/unec.edu.az\/en\/wp-json\/wp\/v2\/users\/10"}],"replies":[{"embeddable":true,"href":"http:\/\/unec.edu.az\/en\/wp-json\/wp\/v2\/comments?post=9030"}],"version-history":[{"count":57,"href":"http:\/\/unec.edu.az\/en\/wp-json\/wp\/v2\/pages\/9030\/revisions"}],"predecessor-version":[{"id":159090,"href":"http:\/\/unec.edu.az\/en\/wp-json\/wp\/v2\/pages\/9030\/revisions\/159090"}],"wp:attachment":[{"href":"http:\/\/unec.edu.az\/en\/wp-json\/wp\/v2\/media?parent=9030"}],"curies":[{"name":"wp","href":"https:\/\/api.w.org\/{rel}","templated":true}]}}