{"id":12013,"date":"2015-05-07T09:48:52","date_gmt":"2015-05-07T05:48:52","guid":{"rendered":"https:\/\/unec.edu.az\/prof-abbasov-eli-memmed-oglu-2\/"},"modified":"2025-04-21T16:04:39","modified_gmt":"2025-04-21T12:04:39","slug":"prof-abbasov-eli-memmed-oglu","status":"publish","type":"page","link":"http:\/\/unec.edu.az\/ru\/prof-abbasov-eli-memmed-oglu\/","title":{"rendered":"\u0430\u043a\u0430\u0434. \u0410\u0431\u0431\u0430\u0441\u043e\u0432 \u0410\u043b\u0438 \u041c\u0430\u043c\u0435\u0434 \u043e\u0433\u043b\u044b"},"content":{"rendered":"<h4><a href=\"https:\/\/unec.edu.az\/application\/uploads\/2015\/05\/abbasov_37621.jpg\"><img fetchpriority=\"high\" decoding=\"async\" class=\"alignleft wp-image-172591 \" title=\"left\" src=\"https:\/\/unec.edu.az\/application\/uploads\/2015\/05\/abbasov_37621-283x300.jpg\" alt=\"abbasov_3762\" width=\"220\" height=\"233\" srcset=\"http:\/\/unec.edu.az\/application\/uploads\/2015\/05\/abbasov_37621-283x300.jpg 283w, http:\/\/unec.edu.az\/application\/uploads\/2015\/05\/abbasov_37621.jpg 349w\" sizes=\"(max-width: 220px) 100vw, 220px\" \/><\/a><\/h4>\n<h4 style=\"text-align: justify;\"><span style=\"color: #800000;\"><em>\u00a0\u0430\u043a\u0430\u0434. \u0410\u0431\u0431\u0430\u0441\u043e\u0432 \u0410\u043b\u0438 \u041c\u0430\u043c\u0435\u0434 \u043e\u0433\u043b\u044b<\/em><\/span><\/h4>\n<p>\u0420\u043e\u0434\u0438\u043b\u0441\u044f 1 \u044f\u043d\u0432\u0430\u0440\u044f 1953-\u0433\u043e \u0433\u043e\u0434\u0430 \u0432 \u0433\u043e\u0440\u043e\u0434\u0435\u00a0\u041d\u0430\u0445\u0438\u0447\u0435\u0432\u0430\u043d\u044c \u0410\u0437\u0435\u0440\u0431\u0430\u0439\u0434\u0436\u0430\u043d\u0441\u043a\u043e\u0439 \u0420\u0435\u0441\u043f\u0443\u0431\u043b\u0438\u043a\u0438.<\/p>\n<p>\u0412 1976\u00a0\u0433. \u043e\u043a\u043e\u043d\u0447\u0438\u043b\u00a0\u041c\u043e\u0441\u043a\u043e\u0432\u0441\u043a\u0438\u0439 \u044d\u043d\u0435\u0440\u0433\u0435\u0442\u0438\u0447\u0435\u0441\u043a\u0438\u0439 \u0438\u043d\u0441\u0442\u0438\u0442\u0443\u0442 \u00a0\u043f\u043e \u0441\u043f\u0435\u0446\u0438\u0430\u043b\u044c\u043d\u043e\u0441\u0442\u0438 \u00ab\u0410\u0432\u0442\u043e\u043c\u0430\u0442\u0438\u043a\u0430 \u0438 \u0442\u0435\u043b\u0435\u043c\u0435\u0445\u0430\u043d\u0438\u043a\u0430. \u041f\u043e\u0441\u043b\u0435 \u0433\u043e\u0434\u0430 \u0440\u0430\u0431\u043e\u0442\u044b \u0432 \u0410\u0437\u0435\u0440\u0431\u0430\u0439\u0434\u0436\u0430\u043d\u0441\u043a\u043e\u0439 \u0430\u043a\u0430\u0434\u0435\u043c\u0438\u0438 \u043d\u0430\u0443\u043a \u043f\u0440\u043e\u0434\u043e\u043b\u0436\u0438\u043b \u043e\u0431\u0440\u0430\u0437\u043e\u0432\u0430\u043d\u0438\u0435 \u0432 \u0446\u0435\u043b\u0435\u0432\u043e\u0439 \u0430\u0441\u043f\u0438\u0440\u0430\u043d\u0442\u0443\u0440\u0435 \u0410\u043a\u0430\u0434\u0435\u043c\u0438\u0438 \u043d\u0430\u0443\u043a \u0423\u043a\u0440\u0430\u0438\u043d\u044b.<\/p>\n<p>\u0412 1981 \u0433\u043e\u0434\u0443 \u0437\u0430\u0449\u0438\u0442\u0438\u0432 \u0434\u0438\u0441\u0441\u0435\u0440\u0442\u0430\u0446\u0438\u044e \u043f\u043e \u043c\u0438\u043a\u0440\u043e\u044d\u043b\u0435\u043a\u0442\u0440\u043e\u043d\u0438\u043a\u0435, \u043f\u043e\u043b\u0443\u0447\u0438\u043b \u0443\u0447\u0435\u043d\u0443\u044e \u0441\u0442\u0435\u043f\u0435\u043d\u044c \u043a\u0430\u043d\u0434\u0438\u0434\u0430\u0442\u0430 \u0442\u0435\u0445\u043d\u0438\u0447\u0435\u0441\u043a\u0438\u0445 \u043d\u0430\u0443\u043a. \u0412 1994 \u0433\u043e\u0434\u0443 \u0437\u0430\u0449\u0438\u0442\u0438\u043b \u0434\u043e\u043a\u0442\u043e\u0440\u0441\u043a\u0443\u044e \u0434\u0438\u0441\u0441\u0435\u0440\u0442\u0430\u0446\u0438\u044e \u043f\u043e \u0441\u043f\u0435\u0446\u0438\u0430\u043b\u044c\u043d\u043e\u0441\u0442\u0438 05.13.14\u00a0\u2014 \u00ab\u041e\u0431\u0440\u0430\u0431\u043e\u0442\u043a\u0430 \u0438\u043d\u0444\u043e\u0440\u043c\u0430\u0446\u0438\u0438 \u0438 \u0441\u0438\u0441\u0442\u0435\u043c\u044b \u0443\u043f\u0440\u0430\u0432\u043b\u0435\u043d\u0438\u044f\u00bb, \u0435\u043c\u0443 \u0431\u044b\u043b\u0430 \u043f\u0440\u0438\u0441\u0432\u043e\u0435\u043d\u0430 \u043d\u0430\u0443\u0447\u043d\u0430\u044f \u0441\u0442\u0435\u043f\u0435\u043d\u044c \u0434\u043e\u043a\u0442\u043e\u0440\u0430 \u0442\u0435\u0445\u043d\u0438\u0447\u0435\u0441\u043a\u0438\u0445 \u043d\u0430\u0443\u043a. \u0421 1996 \u0433\u043e\u0434\u0430 \u044f\u0432\u043b\u044f\u0435\u0442\u0441\u044f \u043f\u0440\u043e\u0444\u0435\u0441\u0441\u043e\u0440\u043e\u043c, \u0441 2001 \u0433\u043e\u0434\u0430\u00a0\u0434\u0435\u0439\u0441\u0442\u0432\u0438\u0442\u0435\u043b\u044c\u043d\u044b\u043c \u0447\u043b\u0435\u043d\u043e\u043c\u00a0\u041d\u0410\u041d\u0410.<\/p>\n<p>\u0412 1982-1992 \u0433\u043e\u0434\u0430\u0445 \u0440\u0430\u0431\u043e\u0442\u0430\u043b \u043d\u0430 \u0440\u0430\u0437\u043d\u044b\u0445 \u0434\u043e\u043b\u0436\u043d\u043e\u0441\u0442\u044f\u0445 \u0432 \u041d\u0410\u041d\u0410. \u0412\u00a01992-2000 \u0433\u0433. \u0440\u0430\u0431\u043e\u0442\u0430\u043b \u043d\u0430 \u0434\u043e\u043b\u0436\u043d\u043e\u0441\u0442\u0438 \u0434\u0438\u0440\u0435\u043a\u0442\u043e\u0440\u0430 \u041d\u0430\u0443\u0447\u043d\u043e\u0433\u043e \u0426\u0435\u043d\u0442\u0440\u0430 \u0438\u043d\u0444\u043e\u0440\u043c\u0430\u0446\u0438\u0438 \u0438 \u043a\u043e\u043c\u043c\u0443\u043d\u0438\u043a\u0430\u0446\u0438\u0438 (\u0441\u0435\u0439\u0447\u0430\u0441 \u0418\u043d\u0441\u0442\u0438\u0442\u0443\u0442 \u0438\u043d\u0444\u043e\u0440\u043c\u0430\u0446\u0438\u043e\u043d\u043d\u044b\u0445 \u0442\u0435\u0445\u043d\u043e\u043b\u043e\u0433\u0438\u0439) \u041d\u0410\u041d\u0410.<\/p>\n<p>\u0412 2000-2004 \u0433\u043e\u0434\u0430\u0445 \u0431\u044b\u043b \u0440\u0435\u043a\u0442\u043e\u0440\u043e\u043c \u0410\u0437\u0435\u0440\u0431\u0430\u0439\u0434\u0436\u0430\u043d\u0441\u043a\u043e\u0433\u043e \u0433\u043e\u0441\u0443\u0434\u0430\u0440\u0441\u0442\u0432\u0435\u043d\u043d\u043e\u0433\u043e \u044d\u043a\u043e\u043d\u043e\u043c\u0438\u0447\u0435\u0441\u043a\u043e\u0433\u043e \u0443\u043d\u0438\u0432\u0435\u0440\u0441\u0438\u0442\u0435\u0442\u0430. \u041f\u0440\u0435\u0437\u0438\u0434\u0435\u043d\u0442 \u0410\u0437\u0435\u0440\u0431\u0430\u0439\u0434\u0436\u0430\u043d\u0441\u043a\u043e\u0439 \u0410\u0441\u0441\u043e\u0446\u0438\u0430\u0446\u0438\u0438 \u043a\u043e\u043c\u043f\u044c\u044e\u0442\u0435\u0440\u043d\u044b\u0445 \u0441\u0435\u0442\u0435\u0439 \u043f\u043e \u043d\u0430\u0443\u043a\u0435 \u0438 \u043e\u0431\u0440\u0430\u0437\u043e\u0432\u0430\u043d\u0438\u044e (AZRENA).<\/p>\n<p>\u0410\u0432\u0442\u043e\u0440 \u0431\u043e\u043b\u0435\u0435 180 \u043d\u0430\u0443\u0447\u043d\u044b\u0445 \u0442\u0440\u0443\u0434\u043e\u0432, \u0430\u0432\u0442\u043e\u0440 \u0438 \u0441\u043e\u0430\u0432\u0442\u043e\u0440 18 \u043c\u043e\u043d\u043e\u0433\u0440\u0430\u0444\u0438\u0439 \u0438 \u043a\u043d\u0438\u0433, \u043f\u043e\u0434\u0433\u043e\u0442\u043e\u0432\u0438\u043b 14 \u0434\u043e\u043a\u0442\u043e\u0440\u043e\u0432 \u0444\u0438\u043b\u043e\u0441\u043e\u0444\u0438\u0438 \u043f\u043e \u0442\u0435\u0445\u043d\u0438\u0447\u0435\u0441\u043a\u0438\u043c \u043d\u0430\u0443\u043a\u0430\u043c \u0438 8 \u0434\u043e\u043a\u0442\u043e\u0440\u043e\u0432 \u0442\u0435\u0445\u043d\u0438\u0447\u0435\u0441\u043a\u0438\u0445 \u043d\u0430\u0443\u043a.<\/p>\n<p>\u0412 2001-2004 \u0433\u0433. \u0431\u044b\u043b \u0434\u0435\u043f\u0443\u0442\u0430\u0442\u043e\u043c \u041c\u0438\u043b\u043b\u0438 \u041c\u0435\u0434\u0436\u043b\u0438\u0441\u0430 \u0410\u0420 \u0438 \u0447\u043b\u0435\u043d\u043e\u043c \u041f\u0430\u0440\u043b\u0430\u043c\u0435\u043d\u0442\u0441\u043a\u043e\u0439 \u0430\u0441\u0441\u0430\u043c\u0431\u043b\u0435\u0438 \u00a0\u0415\u0432\u0440\u043e\u043f\u0435\u0439\u0441\u043a\u043e\u0433\u043e \u0441\u043e\u044e\u0437\u0430 (A\u015ePA). \u0421\u00a02001 \u0433\u043e\u0434\u0430 \u0434\u0435\u0439\u0441\u0442\u0432\u0438\u0442\u0435\u043b\u044c\u043d\u044b\u0439 \u0447\u043b\u0435\u043d \u041d\u0410\u041d\u0410, \u0447\u043b\u0435\u043d \u0418\u043d\u0441\u0442\u0438\u0442\u0443\u0442\u0430 \u044d\u043b\u0435\u043a\u0442\u0440\u043e\u043d\u0438\u043a\u0438 \u0438 \u0438\u043d\u0436\u0435\u043d\u0435\u0440\u043e\u0432-\u044d\u043b\u0435\u043a\u0442\u0440\u043e\u043d\u0449\u0438\u043a\u043e\u0432 \u041a\u043e\u043c\u0438\u0441\u0441\u0438\u0438 \u043f\u0440\u0438 \u0413\u0435\u043d\u0435\u0440\u0430\u043b\u044c\u043d\u043e\u043c \u0441\u0435\u043a\u0440\u0435\u0442\u0430\u0440\u0435 \u041e\u041e\u041d \u043f\u043e \u0426\u0438\u0444\u0440\u043e\u0432\u043e\u043c\u0443 \u0440\u0430\u0437\u0432\u0438\u0442\u0438\u044e.<\/p>\n<p>\u0412 2004-2014 \u0433\u043e\u0434\u0430\u0445 \u0440\u0430\u0431\u043e\u0442\u0430\u043b \u043d\u0430 \u0434\u043e\u043b\u0436\u043d\u043e\u0441\u0442\u0438 \u043c\u0438\u043d\u0438\u0441\u0442\u0440\u0430 \u0421\u0432\u044f\u0437\u0438 \u0438 \u0438\u043d\u0444\u043e\u0440\u043c\u0430\u0446\u0438\u043e\u043d\u043d\u044b\u0445 \u0442\u0435\u0445\u043d\u043e\u043b\u043e\u0433\u0438\u0439 \u0410\u0437\u0435\u0440\u0431\u0430\u0439\u0434\u0436\u0430\u043d\u0441\u043a\u043e\u0439 \u0420\u0435\u0441\u043f\u0443\u0431\u043b\u0438\u043a\u0438.<\/p>\n<p>27 \u0434\u0435\u043a\u0430\u0431\u0440\u044f 2012-\u0433\u043e \u0433\u043e\u0434\u0430 \u0437\u0430 \u044d\u0444\u0444\u0435\u043a\u0442\u0438\u0432\u043d\u0443\u044e \u0434\u0435\u044f\u0442\u0435\u043b\u044c\u043d\u043e\u0441\u0442\u044c \u0432 \u043e\u0431\u043b\u0430\u0441\u0442\u0438 \u0438\u043d\u0444\u043e\u0440\u043c\u0430\u0446\u0438\u043e\u043d\u043d\u043e- \u043a\u043e\u043c\u043c\u0443\u043d\u0438\u043a\u0430\u0446\u0438\u043e\u043d\u043d\u044b\u0445 \u0442\u0435\u0445\u043d\u043e\u043b\u043e\u0433\u0438\u0439 \u041f\u0440\u0435\u0437\u0438\u0434\u0435\u043d\u0442\u043e\u043c \u0410\u0420 \u0418\u043b\u044c\u0445\u0430\u043c\u043e\u043c \u0410\u043b\u0438\u0435\u0432\u044b\u043c \u0431\u044b\u043b \u043d\u0430\u0433\u0440\u0430\u0436\u0434\u0435\u043d \u043e\u0440\u0434\u0435\u043d\u043e\u043c \u00ab\u0421\u043b\u0430\u0432\u044b\u00bb ( \u201c\u015e\u00f6hr\u0259t\u201d).<\/p>\n<p>\u0412 \u043c\u0430\u0435 2017 \u0433\u043e\u0434\u0430 \u043d\u0430\u0437\u043d\u0430\u0447\u0435\u043d \u0441\u043e\u0432\u0435\u0442\u043d\u0438\u043a\u043e\u043c\u00a0\u041d\u0410\u041d\u0410. \u042f\u0432\u043b\u044f\u0435\u0442\u0441\u044f \u0433\u0435\u043d\u0435\u0440\u0430\u043b\u044c\u043d\u044b\u043c \u0434\u0438\u0440\u0435\u043a\u0442\u043e\u0440\u043e\u043c \u0418\u043d\u0441\u0442\u0438\u0442\u0443\u0442\u0430 \u0441\u0438\u0441\u0442\u0435\u043c \u0443\u043f\u0440\u0430\u0432\u043b\u0435\u043d\u0438\u044f \u041d\u0410\u041d\u0410.<\/p>\n<p>\u0417\u0430\u0432\u0435\u0434\u0443\u044e\u0449\u0438\u0439 \u043a\u0430\u0444\u0435\u0434\u0440\u043e\u0439 \u00ab\u0426\u0438\u0444\u0440\u043e\u0432\u044b\u0435 \u0442\u0435\u0445\u043d\u043e\u043b\u043e\u0433\u0438\u0438 \u0438 \u043f\u0440\u0438\u043a\u043b\u0430\u0434\u043d\u0430\u044f \u0438\u043d\u0444\u043e\u0440\u043c\u0430\u0442\u0438\u043a\u0430\u00bb\u00a0<span lang=\"EN-US\">UNEC<\/span>.<\/p>\n<p style=\"text-align: justify;\"><a class=\"fancybox-thumb\" href=\"https:\/\/unec.edu.az\/application\/uploads\/2022\/03\/DSC_2678.jpg\"><img decoding=\"async\" class=\"fancybox-margin alignnone wp-image-172554 size-thumbnail\" title=\"UNEC-d\u0259 Elm Festival\u0131na yekun vuruldu (28\/03\/2022)\" src=\"https:\/\/unec.edu.az\/application\/uploads\/2022\/03\/DSC_2678-150x150.jpg\" alt=\"DSC_2678\" width=\"150\" height=\"150\" \/><\/a><a class=\"fancybox-thumb\" href=\"https:\/\/unec.edu.az\/application\/uploads\/2022\/03\/DSC_2671.jpg\"><img decoding=\"async\" class=\"fancybox-margin alignnone wp-image-172553 size-thumbnail\" title=\"UNEC-d\u0259 Elm Festival\u0131na yekun vuruldu (28\/03\/2022)\" src=\"https:\/\/unec.edu.az\/application\/uploads\/2022\/03\/DSC_2671-150x150.jpg\" alt=\"DSC_2671\" width=\"150\" height=\"150\" \/><\/a><a class=\"fancybox-thumb\" href=\"https:\/\/unec.edu.az\/application\/uploads\/2018\/11\/DSC_3685.jpg\"><img loading=\"lazy\" decoding=\"async\" class=\"fancybox-margin alignnone wp-image-131300 size-thumbnail\" title=\"UNEC-d\u0259 \u201cAz\u0259rbaycan\u0131n iqtisadi inki\u015faf strategiyas\u0131&quot; m\u00f6vzusunda Respublika elmi konfrans\u0131 (14.11.2018)\" src=\"https:\/\/unec.edu.az\/application\/uploads\/2018\/11\/DSC_3685-150x150.jpg\" alt=\"DSC_3685\" width=\"150\" height=\"150\" \/><\/a><a class=\"fancybox-thumb\" href=\"https:\/\/unec.edu.az\/application\/uploads\/2015\/05\/ali93b8d9df4ad024.jpg\"><img loading=\"lazy\" decoding=\"async\" class=\"fancybox-margin alignnone wp-image-131474 size-thumbnail\" title=\"UNEC-d\u0259 \u201cAz\u0259rbaycan\u0131n iqtisadi inki\u015faf strategiyas\u0131&quot; m\u00f6vzusunda Respublika elmi konfrans\u0131 (14.11.2018)\" src=\"https:\/\/unec.edu.az\/application\/uploads\/2015\/05\/ali93b8d9df4ad024-150x150.jpg\" alt=\"ali93b8d9df4ad024\" width=\"150\" height=\"150\" \/><\/a><a class=\"fancybox-thumb\" href=\"https:\/\/unec.edu.az\/application\/uploads\/2015\/05\/seminar14f73f2803473.jpg\"><img loading=\"lazy\" decoding=\"async\" class=\"fancybox-margin alignnone wp-image-129611 size-thumbnail\" title=\"\u201cElmi-t\u0259dqiqat\u201d ili \u00e7\u0259r\u00e7iv\u0259sind\u0259  Texnologiya v\u0259 dizayn fak\u00fclt\u0259sind\u0259 \u201cR\u0259q\u0259msal iqtisadiyyat v\u0259 \u0130KT\u201d kafedras\u0131 r\u0259hb\u0259rliyinin t\u0259\u015fkilat\u00e7\u0131l\u0131\u011f\u0131 il\u0259 elmi-praktiki seminar ke\u00e7irilmi\u015fdir  (23.10.2018)\" src=\"https:\/\/unec.edu.az\/application\/uploads\/2015\/05\/seminar14f73f2803473-150x150.jpg\" alt=\"seminar14f73f2803473\" width=\"150\" height=\"150\" \/><\/a><a class=\"fancybox-thumb\" href=\"https:\/\/unec.edu.az\/application\/uploads\/2015\/05\/ali_abbasov11.jpg\"><img loading=\"lazy\" decoding=\"async\" class=\"fancybox-margin alignnone wp-image-142608 size-thumbnail\" src=\"https:\/\/unec.edu.az\/application\/uploads\/2015\/05\/ali_abbasov11-150x150.jpg\" alt=\"ali_abbasov11\" width=\"150\" height=\"150\" \/><\/a><a class=\"fancybox-thumb\" href=\"https:\/\/unec.edu.az\/application\/uploads\/2015\/05\/ali_abbasov22.jpg\"><img loading=\"lazy\" decoding=\"async\" class=\"fancybox-margin alignnone wp-image-142609 size-thumbnail\" src=\"https:\/\/unec.edu.az\/application\/uploads\/2015\/05\/ali_abbasov22-150x150.jpg\" alt=\"ali_abbasov22\" width=\"150\" height=\"150\" \/><\/a><\/p>\n","protected":false},"excerpt":{"rendered":"<p>\u00a0\u0430\u043a\u0430\u0434. \u0410\u0431\u0431\u0430\u0441\u043e\u0432 \u0410\u043b\u0438 \u041c\u0430\u043c\u0435\u0434 \u043e\u0433\u043b\u044b \u0420\u043e\u0434\u0438\u043b\u0441\u044f 1 \u044f\u043d\u0432\u0430\u0440\u044f 1953-\u0433\u043e \u0433\u043e\u0434\u0430 \u0432 \u0433\u043e\u0440\u043e\u0434\u0435\u00a0\u041d\u0430\u0445\u0438\u0447\u0435\u0432\u0430\u043d\u044c \u0410\u0437\u0435\u0440\u0431\u0430\u0439\u0434\u0436\u0430\u043d\u0441\u043a\u043e\u0439 \u0420\u0435\u0441\u043f\u0443\u0431\u043b\u0438\u043a\u0438. \u0412 1976\u00a0\u0433. \u043e\u043a\u043e\u043d\u0447\u0438\u043b\u00a0\u041c\u043e\u0441\u043a\u043e\u0432\u0441\u043a\u0438\u0439 \u044d\u043d\u0435\u0440\u0433\u0435\u0442\u0438\u0447\u0435\u0441\u043a\u0438\u0439 \u0438\u043d\u0441\u0442\u0438\u0442\u0443\u0442 \u00a0\u043f\u043e \u0441\u043f\u0435\u0446\u0438\u0430\u043b\u044c\u043d\u043e\u0441\u0442\u0438 \u00ab\u0410\u0432\u0442\u043e\u043c\u0430\u0442\u0438\u043a\u0430 \u0438 \u0442\u0435\u043b\u0435\u043c\u0435\u0445\u0430\u043d\u0438\u043a\u0430. \u041f\u043e\u0441\u043b\u0435 \u0433\u043e\u0434\u0430 \u0440\u0430\u0431\u043e\u0442\u044b \u0432 \u0410\u0437\u0435\u0440\u0431\u0430\u0439\u0434\u0436\u0430\u043d\u0441\u043a\u043e\u0439 \u0430\u043a\u0430\u0434\u0435\u043c\u0438\u0438 \u043d\u0430\u0443\u043a \u043f\u0440\u043e\u0434\u043e\u043b\u0436\u0438\u043b \u043e\u0431\u0440\u0430\u0437\u043e\u0432\u0430\u043d\u0438\u0435 \u0432 \u0446\u0435\u043b\u0435\u0432\u043e\u0439 \u0430\u0441\u043f\u0438\u0440\u0430\u043d\u0442\u0443\u0440\u0435 \u0410\u043a\u0430\u0434\u0435\u043c\u0438\u0438 \u043d\u0430\u0443\u043a \u0423\u043a\u0440\u0430\u0438\u043d\u044b. \u0412 1981 \u0433\u043e\u0434\u0443 \u0437\u0430\u0449\u0438\u0442\u0438\u0432 \u0434\u0438\u0441\u0441\u0435\u0440\u0442\u0430\u0446\u0438\u044e \u043f\u043e \u043c\u0438\u043a\u0440\u043e\u044d\u043b\u0435\u043a\u0442\u0440\u043e\u043d\u0438\u043a\u0435, \u043f\u043e\u043b\u0443\u0447\u0438\u043b \u0443\u0447\u0435\u043d\u0443\u044e \u0441\u0442\u0435\u043f\u0435\u043d\u044c \u043a\u0430\u043d\u0434\u0438\u0434\u0430\u0442\u0430 \u0442\u0435\u0445\u043d\u0438\u0447\u0435\u0441\u043a\u0438\u0445 \u043d\u0430\u0443\u043a. \u0412 1994 \u0433\u043e\u0434\u0443 [&hellip;]<\/p>\n","protected":false},"author":10,"featured_media":0,"parent":0,"menu_order":0,"comment_status":"open","ping_status":"open","template":"","meta":{"footnotes":""},"class_list":["post-12013","page","type-page","status-publish","hentry"],"_links":{"self":[{"href":"http:\/\/unec.edu.az\/ru\/wp-json\/wp\/v2\/pages\/12013","targetHints":{"allow":["GET"]}}],"collection":[{"href":"http:\/\/unec.edu.az\/ru\/wp-json\/wp\/v2\/pages"}],"about":[{"href":"http:\/\/unec.edu.az\/ru\/wp-json\/wp\/v2\/types\/page"}],"author":[{"embeddable":true,"href":"http:\/\/unec.edu.az\/ru\/wp-json\/wp\/v2\/users\/10"}],"replies":[{"embeddable":true,"href":"http:\/\/unec.edu.az\/ru\/wp-json\/wp\/v2\/comments?post=12013"}],"version-history":[{"count":11,"href":"http:\/\/unec.edu.az\/ru\/wp-json\/wp\/v2\/pages\/12013\/revisions"}],"predecessor-version":[{"id":464797,"href":"http:\/\/unec.edu.az\/ru\/wp-json\/wp\/v2\/pages\/12013\/revisions\/464797"}],"wp:attachment":[{"href":"http:\/\/unec.edu.az\/ru\/wp-json\/wp\/v2\/media?parent=12013"}],"curies":[{"name":"wp","href":"https:\/\/api.w.org\/{rel}","templated":true}]}}