{"id":12109,"date":"2015-05-18T21:02:38","date_gmt":"2015-05-18T17:02:38","guid":{"rendered":"https:\/\/unec.edu.az\/dos-musayev-geray-cumsud-oglu-2\/"},"modified":"2022-11-21T12:19:45","modified_gmt":"2022-11-21T08:19:45","slug":"dos-musayev-geray-cumsud-oglu","status":"publish","type":"page","link":"http:\/\/unec.edu.az\/ru\/dos-musayev-geray-cumsud-oglu\/","title":{"rendered":"\u0434\u043e\u0446. \u041c\u0443\u0441\u0430\u0435\u0432 \u0413\u0435\u0440\u0430\u0439 \u0414\u0436\u0443\u043c\u0448\u0438\u0434 \u043e\u0433\u043b\u044b"},"content":{"rendered":"<h4><a href=\"https:\/\/unec.edu.az\/application\/uploads\/2015\/05\/geray_8441.jpg\"><img fetchpriority=\"high\" decoding=\"async\" class=\"alignleft wp-image-166406 size-medium\" title=\"left\" src=\"https:\/\/unec.edu.az\/application\/uploads\/2015\/05\/geray_8441-300x200.jpg\" alt=\"geray_8441\" width=\"300\" height=\"200\" srcset=\"http:\/\/unec.edu.az\/application\/uploads\/2015\/05\/geray_8441-300x200.jpg 300w, http:\/\/unec.edu.az\/application\/uploads\/2015\/05\/geray_8441.jpg 1024w\" sizes=\"(max-width: 300px) 100vw, 300px\" \/><\/a><span style=\"color: #800000;\">\u041f\u0440\u043e\u0440\u0435\u043a\u0442\u043e\u0440 \u043f\u043e \u0443\u0447\u0435\u0431\u043d\u043e\u0439 \u0440\u0430\u0431\u043e\u0442\u0435\u00a0<span lang=\"EN-US\">UNEC<br \/>\n<\/span>\u0434.\u0444.\u044d., \u0434\u043e\u0446. \u041c\u0443\u0441\u0430\u0435\u0432 \u0413\u0435\u0440\u0430\u0439 \u0414\u0436\u0443\u043c\u0448\u0443\u0434 \u043e\u0433\u043b\u044b<\/span><\/h4>\n<p><span style=\"color: #000000;\"><em>geray.musayev@unec.edu.az<\/em><\/span><\/p>\n<p><strong>\u041e\u043f\u044b\u0442 \u0440\u0430\u0431\u043e\u0442\u044b:<\/strong><\/p>\n<p style=\"text-align: justify;\">&#8212; \u0410\u0437\u0435\u0440\u0431\u0430\u0439\u0434\u0436\u0430\u043d\u0441\u043a\u0438\u0439 \u0413\u043e\u0441\u0443\u0434\u0430\u0440\u0441\u0442\u0432\u0435\u043d\u043d\u044b\u0439 \u042d\u043a\u043e\u043d\u043e\u043c\u0438\u0447\u0435\u0441\u043a\u0438\u0439 \u0423\u043d\u0438\u0432\u0435\u0440\u0441\u0438\u0442\u0435\u0442, \u0426\u0435\u043d\u0442\u0440 \u0434\u0438\u0441\u0442\u0430\u043d\u0446\u0438\u043e\u043d\u043d\u043e\u0433\u043e, \u0437\u0430\u043e\u0447\u043d\u043e\u0433\u043e \u0438\u00a0 \u0434\u043e\u043f\u043e\u043b\u043d\u0438\u0442\u0435\u043b\u044c\u043d\u043e\u0433\u043e \u043e\u0431\u0440\u0430\u0437\u043e\u0432\u0430\u043d\u0438\u044f, \u0434\u0438\u0440\u0435\u043a\u0442\u043e\u0440 (2014 -)<br \/>\n&#8212; \u0410\u0413\u042d\u0423, \u0422\u0443\u0440\u0435\u0446\u043a\u0438\u0439 \u0444\u0430\u043a\u0443\u043b\u044c\u0442\u0435\u0442 \u044d\u043a\u043e\u043d\u043e\u043c\u0438\u043a\u0438 \u0438 \u0443\u043f\u0440\u0430\u0432\u043b\u0435\u043d\u0438\u044f, \u043a\u0430\u0444\u0435\u0434\u0440\u0430 \u00ab\u042d\u043a\u043e\u043d\u043e\u043c\u0438\u043a\u0438 \u0438 \u0443\u043f\u0440\u0430\u0432\u043b\u0435\u043d\u0438\u0435\u00bb,\u00a0 \u043f\u0440\u0435\u043f\u043e\u0434\u0430\u0432\u0430\u0442\u0435\u043b\u044c (0,5 \u0448\u0442.),\u00a0 (2014 -)<br \/>\n&#8212; \u0410\u0413\u042d\u0423, \u0422\u0443\u0440\u0435\u0446\u043a\u0438\u0439 \u0444\u0430\u043a\u0443\u043b\u044c\u0442\u0435\u0442 \u044d\u043a\u043e\u043d\u043e\u043c\u0438\u043a\u0438 \u0438 \u0443\u043f\u0440\u0430\u0432\u043b\u0435\u043d\u0438\u044f, \u043a\u0430\u0444\u0435\u0434\u0440\u0430 \u00ab\u042d\u043a\u043e\u043d\u043e\u043c\u0438\u043a\u0438 \u0438 \u0443\u043f\u0440\u0430\u0432\u043b\u0435\u043d\u0438\u0435\u00bb, \u0437\u0430\u0432\u0435\u0434\u0443\u044e\u0449\u0438\u0439 (2013-2014)<br \/>\n&#8212; \u0410\u0413\u042d\u0423, \u0422\u0443\u0440\u0435\u0446\u043a\u0438\u0439 \u0444\u0430\u043a\u0443\u043b\u044c\u0442\u0435\u0442 \u044d\u043a\u043e\u043d\u043e\u043c\u0438\u043a\u0438 \u0438 \u0443\u043f\u0440\u0430\u0432\u043b\u0435\u043d\u0438\u044f, \u043f\u0440\u0435\u043f\u043e\u0434\u0430\u0432\u0430\u0442\u0435\u043b\u044c (2007 \u2013 2013).<br \/>\n&#8212; \u0414\u0438\u0440\u0435\u043a\u0442\u043e\u0440 \u0414\u0438\u0441\u0442\u0430\u043d\u0446\u0438\u043e\u043d\u043d\u043e\u0433\u043e, \u0437\u0430\u043e\u0447\u043d\u043e\u0433\u043e \u0438 \u0434\u043e\u043f\u043e\u043b\u043d\u0438\u0442\u0435\u043b\u044c\u043d\u043e\u0433\u043e \u043e\u0431\u0440\u0430\u0437\u043e\u0432\u0430\u043d\u0438\u044f\u00a0(2014 \u2013 2016)<br \/>\n&#8212; \u0414\u0435\u043a\u0430\u043d \u0444\u0430\u043a\u0443\u043b\u044c\u0442\u0435\u0442\u0430 \u0424\u0438\u043d\u0430\u043d\u0441\u043e\u0432 \u0438 \u0431\u0443\u0445\u0433\u0430\u043b\u0442\u0435\u0440\u0438\u0438 (\u0410\u043f\u0440\u0435\u043b\u044c, 2016 \u2013 \u0410\u0432\u0433\u0443\u0441\u0442, 2021)<br \/>\n&#8212; \u041f\u0440\u043e\u0440\u0435\u043a\u0442\u043e\u0440 \u043f\u043e \u0443\u0447\u0435\u0431\u043d\u044b\u043c \u0438 \u043e\u0431\u0443\u0447\u0430\u044e\u0449\u0438\u043c \u0442\u0435\u0445\u043d\u043e\u043b\u043e\u0433\u0438\u044f\u043c\u00a0(\u0410\u0432\u0433\u0443\u0441\u0442, 2021 \u2013)<\/p>\n<p><strong>\u041e\u0431\u0440\u0430\u0437\u043e\u0432\u0430\u043d\u0438\u0435:<\/strong><\/p>\n<p style=\"text-align: justify;\">&#8212; \u0422\u0443\u0440\u0435\u0446\u043a\u0430\u044f \u0420\u0435\u0441\u043f\u0443\u0431\u043b\u0438\u043a\u0430, \u0423\u043d\u0438\u0432\u0435\u0440\u0441\u0438\u0442\u0435\u0442 \u00ab<em><strong>\u0414\u043e\u0433\u0433\u0443\u0437 \u042d\u0439\u043b\u044e\u043b\u044c<\/strong><\/em>\u00bb, \u0418\u043d\u0441\u0442\u0438\u0442\u0443\u0442 \u0441\u043e\u0446\u0438\u0430\u043b\u044c\u043d\u044b\u0445 \u043d\u0430\u0443\u043a, \u043a\u0430\u0444\u0435\u0434\u0440\u0430 \u0444\u0438\u043d\u0430\u043d\u0441\u043e\u0432, \u043f\u043e\u043b\u0443\u0447\u0435\u043d\u0438\u0435 \u043e\u0431\u0440\u0430\u0437\u043e\u0432\u0430\u043d\u0438\u044f \u0432 \u0434\u043e\u043a\u0442\u043e\u0440\u0430\u043d\u0442\u0443\u0440\u0435, PhD (2001-2007)<br \/>\n&#8212; \u0422\u0443\u0440\u0435\u0446\u043a\u0430\u044f \u0420\u0435\u0441\u043f\u0443\u0431\u043b\u0438\u043a\u0430, \u0423\u043d\u0438\u0432\u0435\u0440\u0441\u0438\u0442\u0435\u0442 \u00ab<em><strong>\u0414\u043e\u0433\u0433\u0443\u0437 \u042d\u0439\u043b\u044e\u043b\u044c<\/strong><\/em>\u00bb,\u00a0 \u0418\u043d\u0441\u0442\u0438\u0442\u0443\u0442 \u0441\u043e\u0446\u0438\u0430\u043b\u044c\u043d\u044b\u0445 \u043d\u0430\u0443\u043a, \u043a\u0430\u0444\u0435\u0434\u0440\u0430 \u0444\u0438\u043d\u0430\u043d\u0441\u043e\u0432, \u043c\u0430\u0433\u0438\u0441\u0442\u0435\u0440\u0441\u043a\u043e\u0435 \u043e\u0431\u0440\u0430\u0437\u043e\u0432\u0430\u043d\u0438\u0435 (1998-2001)<br \/>\n&#8212; \u0422\u0443\u0440\u0435\u0446\u043a\u0430\u044f \u0420\u0435\u0441\u043f\u0443\u0431\u043b\u0438\u043a\u0430, \u0423\u043d\u0438\u0432\u0435\u0440\u0441\u0438\u0442\u0435\u0442 \u00ab<em><strong>\u0414\u043e\u0433\u0433\u0443\u0437 \u042d\u0439\u043b\u044e\u043b\u044c<\/strong><\/em>\u00bb,\u00a0 \u0418\u043d\u0441\u0442\u0438\u0442\u0443\u0442 \u044d\u043a\u043e\u043d\u043e\u043c\u0438\u043a\u0438\u00a0 \u0438 \u0443\u043f\u0440\u0430\u0432\u043b\u0435\u043d\u0438\u044f, \u0424\u0430\u043a\u0443\u043b\u044c\u0442\u0435\u0442 \u044d\u043a\u043e\u043d\u043e\u043c\u0438\u0447\u0435\u0441\u043a\u0438\u0445 \u0438 \u0430\u0434\u043c\u0438\u043d\u0438\u0441\u0442\u0440\u0430\u0442\u0438\u0432\u043d\u044b\u0445 \u043d\u0430\u0443\u043a, \u043a\u0430\u0444\u0435\u0434\u0440\u0430 \u0444\u0438\u043d\u0430\u043d\u0441\u043e\u0432, \u0431\u0430\u043a\u0430\u043b\u0430\u0432\u0440\u0441\u043a\u043e\u0435 \u043e\u0431\u0440\u0430\u0437\u043e\u0432\u0430\u043d\u0438\u0435 (1993-1997)<\/p>\n<p style=\"text-align: justify;\">\u00a0<strong>\u0414\u0438\u0441\u0441\u0435\u0440\u0442\u0430\u0446\u0438\u044f<\/strong><\/p>\n<p style=\"text-align: justify;\">&#8212; \u0420\u043e\u043b\u044c \u041c\u0435\u0436\u0434\u0443\u043d\u0430\u0440\u043e\u0434\u043d\u043e\u0433\u043e \u0432\u0430\u043b\u044e\u0442\u043d\u043e\u0433\u043e \u0444\u043e\u043d\u0434\u0430 \u0438 \u0412\u0441\u0435\u043c\u0438\u0440\u043d\u043e\u0433\u043e \u0431\u0430\u043d\u043a\u0430 \u0432 \u200b\u200b\u0440\u0435\u0430\u043b\u0438\u0437\u0430\u0446\u0438\u0438 \u0444\u0438\u043d\u0430\u043d\u0441\u043e\u0432\u043e\u0439 \u0434\u0438\u0441\u0446\u0438\u043f\u043b\u0438\u043d\u044b \u0432 \u0441\u0442\u0440\u0430\u043d\u0430\u0445 \u0441 \u043f\u0435\u0440\u0435\u0445\u043e\u0434\u043d\u043e\u0439 \u044d\u043a\u043e\u043d\u043e\u043c\u0438\u043a\u043e\u0439: \u043d\u0430 \u043f\u0440\u0438\u043c\u0435\u0440\u0435 \u0410\u0437\u0435\u0440\u0431\u0430\u0439\u0434\u0436\u0430\u043d\u0430\u00a0(\u0434\u043e\u043a\u0442\u043e\u0440\u0430\u043d\u0442\u0441\u043a\u0438\u0435 \u0442\u0435\u0437\u0438\u0441\u044b \u2013 2007)<br \/>\n&#8212; \u0418\u0441\u0441\u043b\u0435\u0434\u043e\u0432\u0430\u043d\u0438\u0435 \u043d\u0430\u043b\u043e\u0433\u043e\u0432\u043e\u0439 \u0441\u0438\u0441\u0442\u0435\u043c\u044b \u0410\u0437\u0435\u0440\u0431\u0430\u0439\u0434\u0436\u0430\u043d\u0430, \u0441 \u0442\u043e\u0447\u043a\u0438 \u0437\u0440\u0435\u043d\u0438\u044f \u0437\u0430\u043a\u043e\u043d\u043e\u0434\u0430\u0442\u0435\u043b\u044c\u0441\u0442\u0432\u0430 \u0438 \u0430\u0434\u043c\u0438\u043d\u0438\u0441\u0442\u0440\u0430\u0442\u0438\u0432\u043d\u043e\u0439 \u0441\u0442\u0440\u0443\u043a\u0442\u0443\u0440\u044b\u00a0(\u043c\u0430\u0433\u0438\u0441\u0442\u0435\u0440\u0441\u043a\u0438\u0435 \u0442\u0435\u0437\u0438\u0441\u044b \u2013 2001)<\/p>\n<p style=\"text-align: justify;\">\u041e\u0431\u0443\u0447\u0430\u0435\u043c\u044b\u0435 \u0434\u0438\u0441\u0446\u0438\u043f\u043b\u0438\u043d\u044b: \u043c\u0438\u043a\u0440\u043e\u044d\u043a\u043e\u043d\u043e\u043c\u0438\u043a\u0430, \u043c\u0430\u043a\u0440\u043e\u044d\u043a\u043e\u043d\u043e\u043c\u0438\u043a\u0430, \u0444\u0438\u043d\u0430\u043d\u0441\u044b, \u043c\u0435\u0436\u0434\u0443\u043d\u0430\u0440\u043e\u0434\u043d\u044b\u0435 \u044d\u043a\u043e\u043d\u043e\u043c\u0438\u0447\u0435\u0441\u043a\u0438\u0435 \u0438 \u0444\u0438\u043d\u0430\u043d\u0441\u043e\u0432\u044b\u0435 \u0443\u0447\u0440\u0435\u0436\u0434\u0435\u043d\u0438\u044f, \u043d\u0430\u043b\u043e\u0433\u043e\u0432\u0430\u044f \u0441\u0438\u0441\u0442\u0435\u043c\u0430, \u043d\u0430\u043b\u043e\u0433\u043e\u0432\u0430\u044f \u043f\u043e\u043b\u0438\u0442\u0438\u043a\u0430<\/p>\n<p style=\"text-align: justify;\">\u0417\u043d\u0430\u043d\u0438\u0435 \u0438\u043d\u043e\u0441\u0442\u0440\u0430\u043d\u043d\u044b\u0445 \u044f\u0437\u044b\u043a\u043e\u0432: \u0442\u0443\u0440\u0435\u0446\u043a\u0438\u0439 (\u043e\u0447\u0435\u043d\u044c \u0445\u043e\u0440\u043e\u0448\u043e), \u0430\u043d\u0433\u043b\u0438\u0439\u0441\u043a\u0438\u0439 (\u0441\u0440\u0435\u0434\u043d\u0438\u0439 \u0443\u0440\u043e\u0432\u0435\u043d\u044c), \u0440\u0443\u0441\u0441\u043a\u0438\u0439 (\u0441\u0440\u0435\u0434\u043d\u0438\u0439 \u0443\u0440\u043e\u0432\u0435\u043d\u044c)<br \/>\n\u0414\u0430\u0442\u0430 \u0438 \u043c\u0435\u0441\u0442\u043e \u0440\u043e\u0436\u0434\u0435\u043d\u0438\u044f: 10.09.1975 \u0433.,\u00a0 \u0433.\u0422\u043e\u0432\u0443\u0437<br \/>\n\u0421\u0435\u043c\u0435\u0439\u043d\u043e\u0435 \u043f\u043e\u043b\u043e\u0436\u0435\u043d\u0438\u0435: \u0436\u0435\u043d\u0430\u0442<\/p>\n<p style=\"text-align: justify;\"><a class=\"fancybox-thumb\" href=\"https:\/\/unec.edu.az\/application\/uploads\/2015\/11\/DSC_0336.jpg\"><img decoding=\"async\" class=\"fancybox-margin  alignnone wp-image-29234 size-thumbnail\" src=\"https:\/\/unec.edu.az\/application\/uploads\/2015\/11\/DSC_0336-150x150.jpg\" alt=\"DSC_0336\" width=\"150\" height=\"150\" \/><\/a><a class=\"fancybox-thumb\" href=\"https:\/\/unec.edu.az\/application\/uploads\/2015\/05\/geray_1194-1024x683.jpg\"><img decoding=\"async\" class=\"fancybox-margin alignnone wp-image-89271 size-thumbnail\" title=\"UNEC-d\u0259 YAP \u00fczvl\u0259rinin s\u0131ralar\u0131 geni\u015fl\u0259nir (27.03.2017)\" src=\"https:\/\/unec.edu.az\/application\/uploads\/2015\/05\/geray_1194-1024x683-150x150.jpg\" alt=\"geray_1194-1024x683\" width=\"150\" height=\"150\" \/><\/a><a class=\"fancybox-thumb\" href=\"https:\/\/unec.edu.az\/application\/uploads\/2022\/05\/DSC_6038.jpg\"><img loading=\"lazy\" decoding=\"async\" class=\"fancybox-margin alignnone wp-image-176594 size-thumbnail\" title=\"D\u00fcnya \u015f\u00f6hr\u0259tli aliml\u0259r UNEC-in m\u00fc\u0259llim v\u0259 t\u0259l\u0259b\u0259l\u0259ri il\u0259 g\u00f6r\u00fc\u015f\u00fcbl\u0259r (06.05.2022)\" src=\"https:\/\/unec.edu.az\/application\/uploads\/2022\/05\/DSC_6038-150x150.jpg\" alt=\"DSC_6038\" width=\"150\" height=\"150\" \/><\/a><a class=\"fancybox-thumb\" href=\"https:\/\/unec.edu.az\/application\/uploads\/2022\/05\/DSC_5994.jpg\"><img loading=\"lazy\" decoding=\"async\" class=\"fancybox-margin alignnone wp-image-176588 size-thumbnail\" title=\"D\u00fcnya \u015f\u00f6hr\u0259tli aliml\u0259r UNEC-in m\u00fc\u0259llim v\u0259 t\u0259l\u0259b\u0259l\u0259ri il\u0259 g\u00f6r\u00fc\u015f\u00fcbl\u0259r (06.05.2022)\" src=\"https:\/\/unec.edu.az\/application\/uploads\/2022\/05\/DSC_5994-150x150.jpg\" alt=\"DSC_5994\" width=\"150\" height=\"150\" \/><\/a><a class=\"fancybox-thumb\" href=\"https:\/\/unec.edu.az\/application\/uploads\/2015\/05\/tv883fc4b078053b1.jpg\"><img loading=\"lazy\" decoding=\"async\" class=\"fancybox-margin alignnone wp-image-131562 size-thumbnail\" title=\"UNEC T\u00fcrkiy\u0259nin TV8 kanal\u0131nda (19.11.2018)\" src=\"https:\/\/unec.edu.az\/application\/uploads\/2015\/05\/tv883fc4b078053b1-150x150.jpg\" alt=\"tv883fc4b078053b1\" width=\"150\" height=\"150\" \/><\/a><a class=\"fancybox-thumb\" href=\"https:\/\/unec.edu.az\/application\/uploads\/2015\/05\/IMG_3012.jpg\"><img loading=\"lazy\" decoding=\"async\" class=\"fancybox-margin alignnone wp-image-155686 size-thumbnail\" title=\"UNEC professorlar\u0131 beyn\u0259lxalq konfransda stradibl\u0259r (07.11.2017)\" src=\"https:\/\/unec.edu.az\/application\/uploads\/2015\/05\/IMG_3012-150x150.jpg\" alt=\"IMG_3012\" width=\"150\" height=\"150\" \/><\/a><\/p>\n<p><em><a style=\"color: #333333;\" href=\"https:\/\/unec.edu.az\/ru\/unec-telebesinden-huseyn-cavidin-ev-muzeyine-hediyye-serq-gunesi\/\">\u041f\u043e\u0434\u0430\u0440\u043e\u043a \u0434\u043e\u043c\u0443-\u043c\u0443\u0437\u0435\u044e \u0413\u0443\u0441\u0435\u0439\u043d\u0430 \u0414\u0436\u0430\u0432\u0438\u0434\u0430 \u043e\u0442 \u0441\u0442\u0443\u0434\u0435\u043d\u0442\u043a\u0438 UNEC \u2013 \u00ab\u0421\u043e\u043b\u043d\u0446\u0435 \u0412\u043e\u0441\u0442\u043e\u043a\u0430\u00bb<\/a>\u00a0(13.03.2018)<br \/>\n\u0412 UNEC \u043d\u0430\u0447\u0430\u043b\u0438\u0441\u044c \u043a\u043e\u043d\u0441\u0443\u043b\u044c\u0442\u0430\u0446\u0438\u0438 \u043f\u043e \u0440\u0430\u0437\u0440\u0430\u0431\u043e\u0442\u043a\u0435 \u0443\u0447\u0435\u0431\u043d\u044b\u0445 \u043f\u043e\u0441\u043e\u0431\u0438\u0439 \u043f\u043e \u043d\u0430\u043b\u043e\u0433\u0430\u043c\u00a0(13.11.2017)<br \/>\n<\/em><em><a style=\"color: #000000;\" href=\"https:\/\/unec.edu.az\/ru\/unec-de-xocali-heftesi-davam-edir\/\">UNEC \u0441\u043e\u0441\u0442\u043e\u044f\u043b\u0441\u044f \u043a\u043e\u043d\u043a\u0443\u0440\u0441, \u043f\u043e\u0441\u0432\u044f\u0449\u0435\u043d\u043d\u044b\u0439 \u0425\u043e\u0434\u0436\u0430\u043b\u044b <\/a>(22.02.2017)<\/em><\/p>\n<p><em><span style=\"color: #000000;\"><a style=\"color: #000000;\" href=\"https:\/\/unec.edu.az\/ru\/unec-de-seminar-maliyye-xidmetlerinin-inkisafi-real-sektorun-dayaniqliligini-temin-edecek\/\">\u0421\u0435\u043c\u0438\u043d\u0430\u0440 \u0432 UNEC: \u0420\u0430\u0437\u0432\u0438\u0442\u0438\u0435 \u0444\u0438\u043d\u0430\u043d\u0441\u043e\u0432\u044b\u0445 \u0443\u0441\u043b\u0443\u0433 \u043e\u0431\u0435\u0441\u043f\u0435\u0447\u0438\u0442 \u0443\u0441\u0442\u043e\u0439\u0447\u0438\u0432\u043e\u0441\u0442\u044c \u0440\u0435\u0430\u043b\u044c\u043d\u043e\u0433\u043e \u0441\u0435\u043a\u0442\u043e\u0440\u0430<\/a>\u00a0(18.01.2017)<br \/>\n<\/span><\/em><em><a style=\"color: #000000;\" href=\"https:\/\/unec.edu.az\/ru\/arpa-nin-numayendeleri-unec-telebeleri-ile-gorusub\/\">\u0421\u043e\u0441\u0442\u043e\u044f\u043b\u0430\u0441\u044c \u0432\u0441\u0442\u0440\u0435\u0447\u0430 \u043f\u0440\u0435\u0434\u0441\u0442\u0430\u0432\u0438\u0442\u0435\u043b\u0435\u0439 ARPA \u0441\u043e \u0441\u0442\u0443\u0434\u0435\u043d\u0442\u0430\u043c\u0438 UNEC <\/a>(04.11.2016)<br \/>\n<\/em><em><a style=\"color: #000000;\" href=\"https:\/\/unec.edu.az\/ru\/rektor-yeni-dekani-teqdim-edib\/\">\u0420\u0435\u043a\u0442\u043e\u0440 \u043f\u0440\u0435\u0434\u0441\u0442\u0430\u0432\u0438\u043b \u043d\u043e\u0432\u043e\u0433\u043e \u0434\u0435\u043a\u0430\u043d\u0430<\/a>\u00a0(21.04.2016)<br \/>\n<\/em><em><span style=\"color: #000000;\"><a style=\"color: #000000;\" href=\"https:\/\/unec.edu.az\/ru\/unec-eksperti-manata-dollar-hucumu-basa-catdi\/\">\u042d\u043a\u0441\u043f\u0435\u0440\u0442 UNEC: \u0437\u0430\u0432\u0435\u0440\u0448\u0438\u043b\u0430\u0441\u044c \u201c\u0430\u0442\u0430\u043a\u0430 \u0434\u043e\u043b\u043b\u0430\u0440\u0430\u201d \u043d\u0430 \u043c\u0430\u043d\u0430\u0442<\/a>\u00a0<\/span>\u00a0<span style=\"font-size: 12pt;\">(05.02.2016)<\/span><\/em><\/p>\n<p><a class=\"fancybox-thumb\" href=\"https:\/\/unec.edu.az\/application\/uploads\/2015\/05\/dekan3a465c63da.jpg\"><img loading=\"lazy\" decoding=\"async\" class=\"fancybox-margin alignnone wp-image-167690 size-thumbnail\" title=\"\u201cAz\u0259rbaycan Respublikas\u0131n\u0131n qabaqc\u0131l t\u0259hsil i\u015f\u00e7isi\u201d d\u00f6\u015f ni\u015fan\u0131 il\u0259 t\u0259ltif  olunma\" src=\"https:\/\/unec.edu.az\/application\/uploads\/2015\/05\/dekan3a465c63da-150x150.jpg\" alt=\"dekan3a465c63da\" width=\"150\" height=\"150\" \/><\/a><a class=\"fancybox-thumb\" href=\"https:\/\/unec.edu.az\/application\/uploads\/2015\/05\/accessf3885bb3d7f486041aa9e25b.jpg\"><img loading=\"lazy\" decoding=\"async\" class=\"fancybox-margin alignnone wp-image-129478 size-thumbnail\" title=\"&quot;AccessBank&quot;\u0131n d\u0259st\u0259yi il\u0259 Maliyy\u0259 v\u0259 M\u00fchasibat fak\u00fclt\u0259sind\u0259 &quot;UNEC Business Conversation Club&quot; (19.10.2018)\" src=\"https:\/\/unec.edu.az\/application\/uploads\/2015\/05\/accessf3885bb3d7f486041aa9e25b-150x150.jpg\" alt=\"accessf3885bb3d7f486041aa9e25b\" width=\"150\" height=\"150\" \/><\/a><a class=\"fancybox-thumb\" href=\"https:\/\/unec.edu.az\/application\/uploads\/2017\/07\/ulu07-3.jpg\"><img loading=\"lazy\" decoding=\"async\" class=\"fancybox-margin alignnone wp-image-101851 size-thumbnail\" title=\"UNEC-in n\u00fcmay\u0259nd\u0259 hey\u0259ti T\u00fcrkiy\u0259nin Uluda\u011f Universitetind\u0259 (11.07.2017)\" src=\"https:\/\/unec.edu.az\/application\/uploads\/2017\/07\/ulu07-3-150x150.jpg\" alt=\"ulu07-3\" width=\"150\" height=\"150\" \/><\/a><a class=\"fancybox-thumb\" href=\"https:\/\/unec.edu.az\/application\/uploads\/2015\/05\/Garay_3110.jpg\"><img loading=\"lazy\" decoding=\"async\" class=\"fancybox-margin alignnone wp-image-155685 size-thumbnail\" title=\"UNEC professorlar\u0131 beyn\u0259lxalq konfransda stradibl\u0259r (07.11.2017)\" src=\"https:\/\/unec.edu.az\/application\/uploads\/2015\/05\/Garay_3110-150x150.jpg\" alt=\"Garay_3110\" width=\"150\" height=\"150\" \/><\/a><a class=\"fancybox-thumb\" href=\"https:\/\/unec.edu.az\/application\/uploads\/2017\/06\/IMG_0494.jpg\"><img loading=\"lazy\" decoding=\"async\" class=\"fancybox-margin alignnone wp-image-98598 size-thumbnail\" title=\"UNEC \u201cII Beyn\u0259lxalq Mersin Elm Festival\u0131nda\u201d t\u0259msil edilib (13.06.2017)\" src=\"https:\/\/unec.edu.az\/application\/uploads\/2017\/06\/IMG_0494-150x150.jpg\" alt=\"IMG_0494\" width=\"150\" height=\"150\" \/><\/a><a class=\"fancybox-thumb\" href=\"https:\/\/unec.edu.az\/application\/uploads\/2017\/06\/Mersin2.jpg\"><img loading=\"lazy\" decoding=\"async\" class=\"fancybox-margin alignnone wp-image-98601 size-thumbnail\" title=\"UNEC \u201cII Beyn\u0259lxalq Mersin Elm Festival\u0131nda\u201d t\u0259msil edilib (13.06.2017)\" src=\"https:\/\/unec.edu.az\/application\/uploads\/2017\/06\/Mersin2-150x150.jpg\" alt=\"Mersin2\" width=\"150\" height=\"150\" \/><\/a><\/p>\n<p><span style=\"color: #000080;\"><em><a style=\"color: #000080;\" href=\"https:\/\/unec.edu.az\/leletepe-fatehleri-ile-gorus-video\/\">V\u0130DEO<\/a>\u00a0(06.04.2017)<\/em><\/span><\/p>\n<div>\n<p><iframe src=\"https:\/\/www.youtube.com\/embed\/OGPuTkSUWDk\" width=\"476\" height=\"268\" frameborder=\"0\" allowfullscreen=\"allowfullscreen\"><\/iframe><\/p>\n<\/div>\n","protected":false},"excerpt":{"rendered":"<p>\u041f\u0440\u043e\u0440\u0435\u043a\u0442\u043e\u0440 \u043f\u043e \u0443\u0447\u0435\u0431\u043d\u043e\u0439 \u0440\u0430\u0431\u043e\u0442\u0435\u00a0UNEC \u0434.\u0444.\u044d., \u0434\u043e\u0446. \u041c\u0443\u0441\u0430\u0435\u0432 \u0413\u0435\u0440\u0430\u0439 \u0414\u0436\u0443\u043c\u0448\u0443\u0434 \u043e\u0433\u043b\u044b geray.musayev@unec.edu.az \u041e\u043f\u044b\u0442 \u0440\u0430\u0431\u043e\u0442\u044b: &#8212; \u0410\u0437\u0435\u0440\u0431\u0430\u0439\u0434\u0436\u0430\u043d\u0441\u043a\u0438\u0439 \u0413\u043e\u0441\u0443\u0434\u0430\u0440\u0441\u0442\u0432\u0435\u043d\u043d\u044b\u0439 \u042d\u043a\u043e\u043d\u043e\u043c\u0438\u0447\u0435\u0441\u043a\u0438\u0439 \u0423\u043d\u0438\u0432\u0435\u0440\u0441\u0438\u0442\u0435\u0442, \u0426\u0435\u043d\u0442\u0440 \u0434\u0438\u0441\u0442\u0430\u043d\u0446\u0438\u043e\u043d\u043d\u043e\u0433\u043e, \u0437\u0430\u043e\u0447\u043d\u043e\u0433\u043e \u0438\u00a0 \u0434\u043e\u043f\u043e\u043b\u043d\u0438\u0442\u0435\u043b\u044c\u043d\u043e\u0433\u043e \u043e\u0431\u0440\u0430\u0437\u043e\u0432\u0430\u043d\u0438\u044f, \u0434\u0438\u0440\u0435\u043a\u0442\u043e\u0440 (2014 -) &#8212; \u0410\u0413\u042d\u0423, \u0422\u0443\u0440\u0435\u0446\u043a\u0438\u0439 \u0444\u0430\u043a\u0443\u043b\u044c\u0442\u0435\u0442 \u044d\u043a\u043e\u043d\u043e\u043c\u0438\u043a\u0438 \u0438 \u0443\u043f\u0440\u0430\u0432\u043b\u0435\u043d\u0438\u044f, \u043a\u0430\u0444\u0435\u0434\u0440\u0430 \u00ab\u042d\u043a\u043e\u043d\u043e\u043c\u0438\u043a\u0438 \u0438 \u0443\u043f\u0440\u0430\u0432\u043b\u0435\u043d\u0438\u0435\u00bb,\u00a0 \u043f\u0440\u0435\u043f\u043e\u0434\u0430\u0432\u0430\u0442\u0435\u043b\u044c (0,5 \u0448\u0442.),\u00a0 (2014 -) &#8212; \u0410\u0413\u042d\u0423, \u0422\u0443\u0440\u0435\u0446\u043a\u0438\u0439 \u0444\u0430\u043a\u0443\u043b\u044c\u0442\u0435\u0442 \u044d\u043a\u043e\u043d\u043e\u043c\u0438\u043a\u0438 \u0438 \u0443\u043f\u0440\u0430\u0432\u043b\u0435\u043d\u0438\u044f, \u043a\u0430\u0444\u0435\u0434\u0440\u0430 \u00ab\u042d\u043a\u043e\u043d\u043e\u043c\u0438\u043a\u0438 \u0438 \u0443\u043f\u0440\u0430\u0432\u043b\u0435\u043d\u0438\u0435\u00bb, \u0437\u0430\u0432\u0435\u0434\u0443\u044e\u0449\u0438\u0439 [&hellip;]<\/p>\n","protected":false},"author":10,"featured_media":0,"parent":0,"menu_order":0,"comment_status":"open","ping_status":"open","template":"","meta":{"footnotes":""},"class_list":["post-12109","page","type-page","status-publish","hentry"],"_links":{"self":[{"href":"http:\/\/unec.edu.az\/ru\/wp-json\/wp\/v2\/pages\/12109","targetHints":{"allow":["GET"]}}],"collection":[{"href":"http:\/\/unec.edu.az\/ru\/wp-json\/wp\/v2\/pages"}],"about":[{"href":"http:\/\/unec.edu.az\/ru\/wp-json\/wp\/v2\/types\/page"}],"author":[{"embeddable":true,"href":"http:\/\/unec.edu.az\/ru\/wp-json\/wp\/v2\/users\/10"}],"replies":[{"embeddable":true,"href":"http:\/\/unec.edu.az\/ru\/wp-json\/wp\/v2\/comments?post=12109"}],"version-history":[{"count":25,"href":"http:\/\/unec.edu.az\/ru\/wp-json\/wp\/v2\/pages\/12109\/revisions"}],"predecessor-version":[{"id":182255,"href":"http:\/\/unec.edu.az\/ru\/wp-json\/wp\/v2\/pages\/12109\/revisions\/182255"}],"wp:attachment":[{"href":"http:\/\/unec.edu.az\/ru\/wp-json\/wp\/v2\/media?parent=12109"}],"curies":[{"name":"wp","href":"https:\/\/api.w.org\/{rel}","templated":true}]}}