{"id":12118,"date":"2015-05-18T21:04:17","date_gmt":"2015-05-18T17:04:17","guid":{"rendered":"https:\/\/unec.edu.az\/i-f-d-qasimov-raqif-xanbala-oglu-2\/"},"modified":"2024-03-01T17:01:33","modified_gmt":"2024-03-01T13:01:33","slug":"i-f-d-qasimov-raqif-xanbala-oglu","status":"publish","type":"page","link":"http:\/\/unec.edu.az\/ru\/i-f-d-qasimov-raqif-xanbala-oglu\/","title":{"rendered":"\u0434.\u0444.\u044d. \u0413\u0430\u0441\u044b\u043c\u043e\u0432 \u0420\u0430\u0433\u0438\u0444 \u0425\u0430\u043d\u0431\u0430\u043b\u0430 \u043e\u0433\u043b\u044b"},"content":{"rendered":"<h4><a href=\"https:\/\/unec.edu.az\/application\/uploads\/2015\/05\/raqif_foto29.jpg\"><img fetchpriority=\"high\" decoding=\"async\" class=\"alignleft wp-image-21554\" title=\"left\" src=\"https:\/\/unec.edu.az\/application\/uploads\/2015\/05\/raqif_foto29.jpg\" alt=\"raqif_foto29\" width=\"331\" height=\"221\" srcset=\"http:\/\/unec.edu.az\/application\/uploads\/2015\/05\/raqif_foto29.jpg 800w, http:\/\/unec.edu.az\/application\/uploads\/2015\/05\/raqif_foto29-300x200.jpg 300w\" sizes=\"(max-width: 331px) 100vw, 331px\" \/><\/a><\/h4>\n<h4><span style=\"color: #800000;\">\u0414\u0438\u0440\u0435\u043a\u0442\u043e\u0440 \u0417\u0430\u0433\u0430\u0442\u0430\u043b\u044c\u0441\u043a\u043e\u0433\u043e \u0444\u0438\u043b\u0438\u0430\u043b\u0430 UNEC, \u041f\u0440\u043e\u0440\u0435\u043a\u0442\u043e\u0440 \u043f\u043e \u0446\u0438\u0444\u0440\u043e\u0432\u0438\u0437\u0430\u0446\u0438\u0438\u00a0<span lang=\"EN-US\">UNEC<\/span>\u00a0\u0434\u043e\u0446. \u0413\u0430\u0441\u044b\u043c\u043e\u0432 \u0420\u0430\u0433\u0438\u0444 \u0425\u0430\u043d\u0431\u0430\u043b\u0430 \u043e\u0433\u043b\u044b<\/span><\/h4>\n<h4><span style=\"color: #000080;\"><em><a style=\"color: #000080;\" href=\"mailto:raqif.qasimov@unec.edu.az\">raqif.qasimov@unec.edu.az<\/a><\/em><\/span><\/h4>\n<p style=\"text-align: justify;\">\u0420\u043e\u0434\u0438\u043b\u0441\u044f 11-\u0433\u043e \u0430\u0432\u0433\u0443\u0441\u0442\u0430 1983-\u0433\u043e \u0433\u043e\u0434\u0430 \u0432 \u0433.\u0411\u0430\u043a\u0443. \u0412 2000 \u0433\u043e\u0434\u0443 \u043e\u043a\u043e\u043d\u0447\u0438\u043b \u0448\u043a\u043e\u043b\u0443-\u043b\u0438\u0446\u0435\u0439\u00a0 \u2116 246\u00a0 \u0411\u0438\u043d\u0430\u0433\u0430\u0434\u0438\u043d\u0441\u043a\u043e\u0433\u043e\u00a0 \u0440\u0430\u0439\u043e\u043d\u0430,\u00a0 \u0438 \u0432 \u0442\u043e\u043c \u0436\u0435 \u0433\u043e\u0434\u0443 \u043f\u043e\u0441\u0442\u0443\u043f\u0438\u043b \u0432 \u0418\u043d\u0441\u0442\u0438\u0442\u0443\u0442 \u0443\u043f\u0440\u0430\u0432\u043b\u0435\u043d\u0438\u044f \u043d\u0430\u0440\u043e\u0434\u043d\u043e\u0433\u043e \u0445\u043e\u0437\u044f\u0439\u0441\u0442\u0432\u0430 \u043f\u0440\u0438 \u041a\u0430\u0431\u0438\u043d\u0435\u0442\u0435 \u043c\u0438\u043d\u0438\u0441\u0442\u0440\u043e\u0432 \u0410\u0420. \u0412 \u0441\u0432\u044f\u0437\u0438 \u0441 \u043f\u0440\u0438\u0441\u043e\u0435\u0434\u0438\u043d\u0435\u043d\u0438\u0435\u043c \u0432 2002 \u0433\u043e\u0434\u0443 \u043d\u0430\u0437\u0432\u0430\u043d\u043d\u043e\u0433\u043e \u0438\u043d\u0441\u0442\u0438\u0442\u0443\u0442\u0430 \u043a \u0410\u0413\u042d\u0423, \u0432 2004 \u0433\u043e\u0434\u0443 \u0441\u0442\u0430\u043b \u0432\u044b\u043f\u0443\u0441\u043a\u043d\u0438\u043a\u043e\u043c \u0422\u0443\u0440\u0435\u0446\u043a\u043e\u0433\u043e \u0444\u0430\u043a\u0443\u043b\u044c\u0442\u0435\u0442\u0430 \u044d\u043a\u043e\u043d\u043e\u043c\u0438\u043a\u0438 \u0438 \u0443\u043f\u0440\u0430\u0432\u043b\u0435\u043d\u0438\u044f.\u00a0 \u0417\u0430\u0442\u0435\u043c \u043f\u0440\u043e\u0434\u043e\u043b\u0436\u0438\u0432 \u043e\u0431\u0440\u0430\u0437\u043e\u0432\u0430\u043d\u0438\u0435 \u0432 \u0423\u043d\u0438\u0432\u0435\u0440\u0441\u0438\u0442\u0435\u0442\u0435\u00a0 \u041d\u0438\u0433\u0434\u0435, \u0432 \u0422\u0443\u0440\u0435\u0446\u043a\u043e\u0439 \u0420\u0435\u0441\u043f\u0443\u0431\u043b\u0438\u043a\u0438, \u043f\u043e \u0441\u043f\u0435\u0446\u0438\u0430\u043b\u044c\u043d\u043e\u0441\u0442\u0438 \u00ab\u0423\u043f\u0440\u0430\u0432\u043b\u0435\u043d\u0438\u0435 \u0438 \u043e\u0440\u0433\u0430\u043d\u0438\u0437\u0430\u0446\u0438\u044f\u00bb, \u0432 2006 \u0433\u043e\u0434\u0443 \u043f\u043e\u0441\u043b\u0435 \u043e\u043a\u043e\u043d\u0447\u0430\u043d\u0438\u044f \u043c\u0430\u0433\u0438\u0441\u0442\u0440\u0430\u0442\u0443\u0440\u044b, \u0437\u0430\u0432\u043e\u0435\u0432\u0430\u043b \u043f\u0440\u0430\u0432\u043e \u043d\u0430 \u043f\u043e\u043b\u0443\u0447\u0435\u043d\u0438\u0435 \u043e\u0431\u0440\u0430\u0437\u043e\u0432\u0430\u043d\u0438\u0435 \u0432 \u0434\u043e\u043a\u0442\u043e\u0440\u0430\u043d\u0442\u0443\u0440\u0435. \u0417\u0430\u0449\u0438\u0442\u0438\u0432 \u0432 2011 \u0433\u043e\u0434\u0443 \u0434\u043e\u043a\u0442\u043e\u0440\u0441\u043a\u0443\u044e \u0434\u0438\u0441\u0441\u0435\u0440\u0442\u0430\u0446\u0438\u044e \u043d\u0430 \u0442\u0435\u043c\u0443 \u00ab\u0423\u043f\u0440\u0430\u0432\u043b\u0435\u043d\u0438\u0435 \u043d\u0430 \u043f\u0440\u0435\u0434\u043f\u0440\u0438\u044f\u0442\u0438\u044f\u0445 \u0410\u0437\u0435\u0440\u0431\u0430\u0439\u0434\u0436\u0430\u043d\u0430 \u0447\u0435\u043b\u043e\u0432\u0435\u0447\u0435\u0441\u043a\u0438\u043c\u0438 \u0440\u0435\u0441\u0443\u0440\u0441\u0430\u043c\u0438\u00bb, \u043f\u043e\u043b\u0443\u0447\u0438\u043b \u0443\u0447\u0435\u043d\u0443\u044e \u0441\u0442\u0435\u043f\u0435\u043d\u044c \u0434\u043e\u043a\u0442\u043e\u0440\u0430 \u0444\u0438\u043b\u043e\u0441\u043e\u0444\u0438\u0438 \u043f\u043e \u044d\u043a\u043e\u043d\u043e\u043c\u0438\u043a\u0435.<\/p>\n<p style=\"text-align: justify;\">\u0412 2008 \u0433\u043e\u0434\u0443 \u0440\u0430\u0431\u043e\u0442\u0430\u043b \u043d\u0430 \u0434\u043e\u043b\u0436\u043d\u043e\u0441\u0442\u0438 \u0441\u043f\u0435\u0446\u0438\u0430\u043b\u0438\u0441\u0442\u0430, \u0447\u043b\u0435\u043d\u0430 \u043f\u0440\u0430\u0432\u043b\u0435\u043d\u0438\u044f\u00a0 \u0414\u0435\u043f\u0430\u0440\u0442\u0430\u043c\u0435\u043d\u0442\u0430 \u0440\u0430\u0431\u043e\u0442\u044b \u0441\u043e \u0441\u0442\u0443\u0434\u0435\u043d\u0442\u0430\u043c\u0438 \u043d\u0430 \u0422\u0443\u0440\u0435\u0446\u043a\u043e\u043c \u0444\u0430\u043a\u0443\u043b\u044c\u0442\u0435\u0442\u0435 \u044d\u043a\u043e\u043d\u043e\u043c\u0438\u043a\u0438 \u0438 \u0443\u043f\u0440\u0430\u0432\u043b\u0435\u043d\u0438\u044f \u0410\u0413\u042d\u0423, \u043e\u0434\u043d\u043e\u0432\u0440\u0435\u043c\u0435\u043d\u043d\u043e, \u043f\u0440\u0435\u043f\u043e\u0434\u0430\u0432\u0430\u043b \u043f\u0440\u0435\u0434\u043c\u0435\u0442\u044b: \u00ab\u0423\u043f\u0440\u0430\u0432\u043b\u0435\u043d\u0438\u0435 \u0447\u0435\u043b\u043e\u0432\u0435\u0447\u0435\u0441\u043a\u0438\u043c\u0438 \u0440\u0435\u0441\u0443\u0440\u0441\u0430\u043c\u0438\u00bb, \u00ab\u0421\u0442\u0440\u0430\u0442\u0435\u0433\u0438\u0447\u0435\u0441\u043a\u043e\u0435 \u0443\u043f\u0440\u0430\u0432\u043b\u0435\u043d\u0438\u0435\u00bb, \u00ab\u0423\u043f\u0440\u0430\u0432\u043b\u0435\u043d\u0438\u0435 \u043a\u0430\u0447\u0435\u0441\u0442\u0432\u043e\u043c\u00bb, \u00ab\u0423\u043f\u0440\u0430\u0432\u043b\u0435\u043d\u0438\u0435 \u0431\u0438\u0437\u043d\u0435\u0441\u0430\u00bb, \u00ab\u0422\u0435\u043e\u0440\u0438\u0438 \u043f\u043e \u0441\u043e\u0432\u0440\u0435\u043c\u0435\u043d\u043d\u043e\u043c\u0443 \u0443\u043f\u0440\u0430\u0432\u043b\u0435\u043d\u0438\u044e\u00bb.\u00a0 \u0412\u044b\u0441\u0442\u0443\u043f\u0430\u043b \u0441 \u0434\u043e\u043a\u043b\u0430\u0434\u0430\u043c\u0438\u00a0 \u0432 \u0440\u044f\u0434\u0435 \u043c\u0435\u0441\u0442\u043d\u044b\u0445 \u0438 \u0437\u0430\u0440\u0443\u0431\u0435\u0436\u043d\u044b\u0445 \u043a\u043e\u043d\u0444\u0435\u0440\u0435\u043d\u0446\u0438\u044f\u0445, \u0438 \u043e\u043f\u0443\u0431\u043b\u0438\u043a\u043e\u0432\u0430\u043b \u0431\u043e\u043b\u0435\u0435 15 \u043d\u0430\u0443\u0447\u043d\u044b\u0445 \u0441\u0442\u0430\u0442\u0435\u0439. \u0421 1010 \u0433\u043e\u0434\u0430 \u043d\u0430 \u0422\u0443\u0440\u0435\u0446\u043a\u043e\u043c \u0444\u0430\u043a\u0443\u043b\u044c\u0442\u0435\u0442\u0435 \u044d\u043a\u043e\u043d\u043e\u043c\u0438\u043a\u0438 \u0438 \u0443\u043f\u0440\u0430\u0432\u043b\u0435\u043d\u0438\u044f \u0438\u0441\u043f\u043e\u043b\u043d\u044f\u043b \u0434\u043e\u043b\u0436\u043d\u043e\u0441\u0442\u044c \u0437\u0430\u0432\u0435\u0434\u0443\u044e\u0449\u0435\u0433\u043e \u0414\u0435\u043f\u0430\u0440\u0442\u0430\u043c\u0435\u043d\u0442\u043e\u043c \u0440\u0430\u0431\u043e\u0442\u044b \u0441\u043e \u0441\u0442\u0443\u0434\u0435\u043d\u0442\u0430\u043c\u0438. \u0421 2012 \u0433\u043e\u0434\u0430 \u044f\u0432\u043b\u044f\u0435\u0442\u0441\u044f \u043a\u043e\u043e\u0440\u0434\u0438\u043d\u0430\u0442\u043e\u0440\u043e\u043c \u043f\u0440\u043e\u0433\u0440\u0430\u043c\u043c\u044b \u00ab\u041c\u0435\u0432\u043b\u0430\u043d\u0430\u00bb \u0432 \u0410\u0413\u042d\u0423, \u0430 \u0441 \u0430\u043f\u0440\u0435\u043b\u044f \u043f\u043e \u043e\u043a\u0442\u044f\u0431\u0440\u044c 2014 \u0433\u043e\u0434\u0430 \u2013 \u0437\u0430\u043c\u0435\u0441\u0442\u0438\u0442\u0435\u043b\u0435\u043c \u0434\u0438\u0440\u0435\u043a\u0442\u043e\u0440\u0430 \u00ab\u0426\u0435\u043d\u0442\u0440\u0430 \u043c\u0430\u0433\u0438\u0441\u0442\u0440\u0430\u0442\u0443\u0440\u044b\u00bb.<\/p>\n<p>\u0421 1 \u043e\u043a\u0442\u044f\u0431\u0440\u044f 2014 \u0433\u043e\u0434\u0430 \u0434\u043e \u0430\u0432\u0433\u0443\u0441\u0442\u0430 2021 \u0433\u043e\u0434\u0430 \u0440\u0430\u0431\u043e\u0442\u0430\u043b \u043d\u0430 \u0434\u043e\u043b\u0436\u043d\u043e\u0441\u0442\u0438 \u0434\u0438\u0440\u0435\u043a\u0442\u043e\u0440\u0430 \u0426\u0435\u043d\u0442\u0440\u0430 \u043f\u043e \u043e\u0446\u0435\u043d\u043a\u0435 \u0438 \u0443\u043f\u0440\u0430\u0432\u043b\u0435\u043d\u0438\u044e \u043a\u0430\u0447\u0435\u0441\u0442\u0432\u043e\u043c \u043e\u0431\u0443\u0447\u0435\u043d\u0438\u044f.<\/p>\n<p>\u0412 \u0430\u0432\u0433\u0443\u0441\u0442\u0435\u00a02021 \u0433\u043e\u0434\u0430 \u043d\u0430\u0437\u043d\u0430\u0447\u0435\u043d \u043d\u0430 \u0434\u043e\u043b\u0436\u043d\u043e\u0441\u0442\u044c \u043f\u0440\u043e\u0440\u0435\u043a\u0442\u043e\u0440\u0430 \u043f\u043e \u0446\u0438\u0444\u0440\u043e\u0432\u0438\u0437\u0430\u0446\u0438\u0438\u00a0<span lang=\"EN-US\">UNEC<\/span>.<\/p>\n<p id=\"tw-target-text\" class=\"tw-data-text tw-text-large tw-ta\" dir=\"ltr\" data-placeholder=\"\u041f\u0435\u0440\u0435\u0432\u043e\u0434\" data-ved=\"2ahUKEwiZ1cLSjtOEAxX8AxAIHdEKBzcQ3ewLegQIBRAU\"><span class=\"Y2IQFc\" lang=\"ru\">\u0421 2023 \u0433\u043e\u0434\u0430 \u044f\u0432\u043b\u044f\u0435\u0442\u0441\u044f \u0434\u0438\u0440\u0435\u043a\u0442\u043e\u0440\u043e\u043c \u0417\u0430\u0433\u0430\u0442\u0430\u043b\u044c\u0441\u043a\u043e\u0433\u043e \u0444\u0438\u043b\u0438\u0430\u043b\u0430 UNEC.<\/span><\/p>\n<p style=\"text-align: justify;\"><a class=\"fancybox-thumb\" href=\"https:\/\/unec.edu.az\/application\/uploads\/2017\/02\/DSC_0146.jpg\"><img decoding=\"async\" class=\"fancybox-margin alignnone wp-image-85971 size-thumbnail\" title=\"\u0130mtahan prosesini c\u0259miyy\u0259t\u0259 etibar ed\u0259n universitet \u2013 UNEC (28.02.2017)\" src=\"https:\/\/unec.edu.az\/application\/uploads\/2017\/02\/DSC_0146-150x150.jpg\" alt=\"DSC_0146\" width=\"150\" height=\"150\" \/><\/a><a class=\"fancybox-thumb\" href=\"https:\/\/unec.edu.az\/application\/uploads\/2016\/03\/DSC_6788.jpg\"><img decoding=\"async\" class=\"fancybox-margin  alignnone wp-image-45633 size-thumbnail\" src=\"https:\/\/unec.edu.az\/application\/uploads\/2016\/03\/DSC_6788-150x150.jpg\" alt=\"DSC_6788\" width=\"150\" height=\"150\" \/><\/a><a class=\"fancybox-thumb\" href=\"https:\/\/unec.edu.az\/application\/uploads\/2015\/12\/raqif22.jpg\"><img loading=\"lazy\" decoding=\"async\" class=\"fancybox-margin  alignnone wp-image-32028 size-thumbnail\" src=\"https:\/\/unec.edu.az\/application\/uploads\/2015\/12\/raqif22-150x150.jpg\" alt=\"raqif22\" width=\"150\" height=\"150\" \/><\/a><a class=\"fancybox-thumb\" href=\"https:\/\/unec.edu.az\/application\/uploads\/2015\/12\/raqifqasimov2-1024x1024.jpg\"><img loading=\"lazy\" decoding=\"async\" class=\"fancybox-margin  alignnone wp-image-32029 size-thumbnail\" src=\"https:\/\/unec.edu.az\/application\/uploads\/2015\/12\/raqifqasimov2-1024x1024-150x150.jpg\" alt=\"raqifqasimov2-1024x1024\" width=\"150\" height=\"150\" srcset=\"http:\/\/unec.edu.az\/application\/uploads\/2015\/12\/raqifqasimov2-1024x1024-150x150.jpg 150w, http:\/\/unec.edu.az\/application\/uploads\/2015\/12\/raqifqasimov2-1024x1024-300x300.jpg 300w, http:\/\/unec.edu.az\/application\/uploads\/2015\/12\/raqifqasimov2-1024x1024.jpg 600w\" sizes=\"(max-width: 150px) 100vw, 150px\" \/><\/a><a class=\"fancybox-thumb\" href=\"https:\/\/unec.edu.az\/application\/uploads\/2016\/01\/DSC_3069.jpg\"><img loading=\"lazy\" decoding=\"async\" class=\"fancybox-margin  alignnone wp-image-36795 size-thumbnail\" src=\"https:\/\/unec.edu.az\/application\/uploads\/2016\/01\/DSC_3069-150x150.jpg\" alt=\"DSC_3069\" width=\"150\" height=\"150\" \/><\/a><\/p>\n<p><a style=\"color: #000000;\" href=\"https:\/\/unec.edu.az\/ru\/suallarinizi-unec-imtahan-cavablandiracaq\/\">\u041d\u0430 \u0432\u0430\u0448\u0438 \u0432\u043e\u043f\u0440\u043e\u0441\u044b \u043e\u0442\u0432\u0435\u0442\u0438\u0442 \u201cUNEC \u0130MTAHAN\u201d <\/a>(01.05.2017)<\/p>\n<p><a style=\"color: #000000;\" href=\"https:\/\/unec.edu.az\/ru\/imtahanlarla-bagli-butun-suallar-radiounec-de-cavablandirilacaq\/\">\u0412\u0441\u0435 \u0432\u043e\u043f\u0440\u043e\u0441\u044b \u0441\u0442\u0443\u0434\u0435\u043d\u0442\u043e\u0432 \u0431\u0443\u0434\u0443\u0442 \u043e\u0441\u0432\u0435\u0449\u0435\u043d\u044b \u0432 \u044d\u0444\u0438\u0440\u0435 Radio UNEC <\/a>(26.05.2017)<br \/>\n<a style=\"color: #000000;\" href=\"https:\/\/unec.edu.az\/ru\/radio-unec-de-imtahan-sessiyasinin-muzakireleri-baslayir\/\">\u0412 \u044d\u0444\u0438\u0440\u0435 Radio UNEC \u043d\u0430\u0447\u0438\u043d\u0430\u0435\u0442\u0441\u044f \u043e\u0431\u0441\u0443\u0436\u0434\u0435\u043d\u0438\u0435 \u044d\u043a\u0437\u0430\u043c\u0435\u043d\u0430\u0446\u0438\u043e\u043d\u043d\u043e\u0439 \u0441\u0435\u0441\u0441\u0438\u0438<\/a>\u00a0(26.05.2017)<\/p>\n<p><a style=\"color: #000000;\" href=\"https:\/\/unec.edu.az\/ru\/unec-de-yeni-qis-mektebi-teskil-edildi\/\">\u041d\u043e\u0432\u0430\u044f \u0417\u0438\u043c\u043d\u044f\u044f \u0448\u043a\u043e\u043b\u0430 \u0432 UNEC<\/a>\u00a0(12.02.2017)<br \/>\n<a style=\"color: #000000;\" href=\"https:\/\/unec.edu.az\/ru\/unec-imtahan-verilisinde-telebelerin-suallari-cavablandirilib\/\">\u041d\u0430 \u043f\u0435\u0440\u0435\u0434\u0430\u0447\u0435 \u201c\u042d\u043a\u0437\u0430\u043c\u0435\u043d UNEC\u201d \u043e\u0441\u0432\u0435\u0449\u0435\u043d\u044b \u0432\u043e\u043f\u0440\u043e\u0441\u044b \u0441\u0442\u0443\u0434\u0435\u043d\u0442\u043e\u0432 <\/a>(29.12.2016)<br \/>\n<a style=\"color: #000000;\" href=\"https:\/\/unec.edu.az\/ru\/unec-muelimlerinin-dissertasiyalari-siegen-universitetinin-doktorantlar-surasinda-muzakireye-cixarilib\/\">\u0414\u0438\u0441\u0441\u0435\u0440\u0442\u0430\u0446\u0438\u0438 \u043f\u0440\u0435\u043f\u043e\u0434\u0430\u0432\u0430\u0442\u0435\u043b\u0435\u0439 UNEC \u0432\u044b\u043d\u0435\u0441\u0435\u043d\u044b \u043d\u0430 \u043e\u0431\u0441\u0443\u0436\u0434\u0435\u043d\u0438\u0435 \u0441\u043e\u0432\u0435\u0442\u0430 \u0434\u043e\u043a\u0442\u043e\u0440\u0430\u043d\u0442\u043e\u0432 \u0417\u0438\u0433\u0435\u043d\u0441\u043a\u043e\u0433\u043e \u0443\u043d\u0438\u0432\u0435\u0440\u0441\u0438\u0442\u0435\u0442\u0430<\/a>\u00a0(15.12.2016)<br \/>\n<span style=\"color: #000000;\"><a style=\"color: #000000;\" href=\"https:\/\/unec.edu.az\/ru\/unec-regionun-iqtisadyonumlu-4-cu-universitetidir\/\">UNEC 4-\u0439 \u044d\u043a\u043e\u043d\u043e\u043c\u0438\u0447\u0435\u0441\u043a\u043e\u0433\u043e \u043f\u0440\u043e\u0444\u0438\u043b\u044f \u0443\u043d\u0438\u0432\u0435\u0440\u0441\u0438\u0442\u0435\u0442 \u0432 \u0440\u0435\u0433\u0438\u043e\u043d\u0435<\/a><\/span><em>\u00a0\u2013 V\u0130DEO (11.07.2016)<\/em><\/p>\n<p>*<br \/>\n<iframe src=\"https:\/\/www.youtube.com\/embed\/SULOtPCAW8c\" width=\"334\" height=\"188\" frameborder=\"0\" allowfullscreen=\"allowfullscreen\"><\/iframe><\/p>\n<p><span style=\"color: #000000;\"><em><a style=\"color: #000000;\" href=\"https:\/\/unec.edu.az\/ru\/unec-keyfiyyet-teminatinda-finlandiya-ve-estoniya-tecrubesinden-faydalanacaq\/\">UNEC \u0432 \u043e\u0431\u0435\u0441\u043f\u0435\u0447\u0435\u043d\u0438\u0438 \u043a\u0430\u0447\u0435\u0441\u0442\u0432\u0430 \u0432\u043e\u0441\u043f\u043e\u043b\u044c\u0437\u0443\u0435\u0442\u0441\u044f \u043e\u043f\u044b\u0442\u043e\u043c \u0424\u0438\u043d\u043b\u044f\u043d\u0434\u0438\u0438 \u0438 \u042d\u0441\u0442\u043e\u043d\u0438\u0438<\/a>\u00a0(13.06.2016)<\/em><\/span><\/p>\n<p><span style=\"color: #000000;\"><em><a style=\"color: #000000;\" href=\"https:\/\/unec.edu.az\/ru\/unec-milli-insan-resurslari-forumunda-temsil-olunub\/\">UNEC \u043f\u0440\u0435\u0434\u0441\u0442\u0430\u0432\u043b\u0435\u043d \u043d\u0430 \u0424\u043e\u0440\u0443\u043c\u0435 \u043d\u0430\u0446\u0438\u043e\u043d\u0430\u043b\u044c\u043d\u044b\u0445 \u0447\u0435\u043b\u043e\u0432\u0435\u0447\u0435\u0441\u043a\u0438\u0445 \u0440\u0435\u0441\u0443\u0440\u0441\u043e\u0432\u00a0<\/a>(21.12.2015)<\/em><\/span><\/p>\n<p><iframe title=\"Raqif Qasimov \/ M\u0130RF 2015\" width=\"500\" height=\"281\" src=\"https:\/\/www.youtube.com\/embed\/sFl1hWArPcY?feature=oembed\" frameborder=\"0\" allow=\"accelerometer; autoplay; clipboard-write; encrypted-media; gyroscope; picture-in-picture; web-share\" referrerpolicy=\"strict-origin-when-cross-origin\" allowfullscreen><\/iframe><\/p>\n<p><a class=\"fancybox-thumb\" href=\"https:\/\/unec.edu.az\/application\/uploads\/2015\/05\/raqif_9654.jpg\"><img loading=\"lazy\" decoding=\"async\" class=\"fancybox-margin alignnone wp-image-118840 \" title=\"Elmi \u015eurada F\u0259xri F\u0259rman\u0131n t\u0259qdim edilm\u0259si (24.11.2017)\" src=\"https:\/\/unec.edu.az\/application\/uploads\/2015\/05\/raqif_9654-150x150.jpg\" alt=\"raqif_9654\" width=\"125\" height=\"125\" \/><\/a><a class=\"fancybox-thumb\" href=\"https:\/\/unec.edu.az\/application\/uploads\/2015\/05\/raqif01797.jpg\"><img loading=\"lazy\" decoding=\"async\" class=\"fancybox-margin alignnone wp-image-90136 \" title=\"EHEA Tvinninq Layih\u0259sinin ekspertl\u0259ri Biznes v\u0259 menecment fak\u00fclt\u0259sind\u0259 olub (06.04.2017)\" src=\"https:\/\/unec.edu.az\/application\/uploads\/2015\/05\/raqif01797-150x150.jpg\" alt=\"???????????????????????????????\" width=\"129\" height=\"129\" \/><\/a><a class=\"fancybox-thumb\" href=\"https:\/\/unec.edu.az\/application\/uploads\/2015\/05\/raqifc263e655.jpg\"><img loading=\"lazy\" decoding=\"async\" class=\"fancybox-margin alignnone wp-image-167810 \" title=\"UNEC-in 90 illiyi m\u00fcnasib\u0259til\u0259 F\u0259xri F\u0259rmanla t\u0259ltif (2021)\" src=\"https:\/\/unec.edu.az\/application\/uploads\/2015\/05\/raqifc263e655-150x150.jpg\" alt=\"raqifc263e655\" width=\"128\" height=\"128\" \/><\/a><a class=\"fancybox-thumb\" href=\"https:\/\/unec.edu.az\/application\/uploads\/2015\/05\/DSC01828.jpg\"><img loading=\"lazy\" decoding=\"async\" class=\"fancybox-margin alignnone wp-image-90415 \" title=\"EHEA Tvinninq Layih\u0259sinin ekspertl\u0259ri Biznes v\u0259 menecment fak\u00fclt\u0259sind\u0259 olub (06.04.2017)\" src=\"https:\/\/unec.edu.az\/application\/uploads\/2015\/05\/DSC01828-150x150.jpg\" alt=\"???????????????????????????????\" width=\"129\" height=\"129\" \/><\/a><a class=\"fancybox-thumb\" href=\"https:\/\/unec.edu.az\/application\/uploads\/2018\/01\/unec-3.jpg\"><img loading=\"lazy\" decoding=\"async\" class=\"fancybox-margin alignnone wp-image-115611 \" title=\"Mill\u0259t v\u0259kili: \u201cYaz\u0131l\u0131 imtahanlar savadl\u0131 m\u00fct\u0259x\u0259ssisl\u0259rin haz\u0131rl\u0131\u011f\u0131nda m\u00fch\u00fcm rol oynayacaq\u201d (08.01.2017)\" src=\"https:\/\/unec.edu.az\/application\/uploads\/2018\/01\/unec-3-150x150.jpg\" alt=\"unec (3)\" width=\"128\" height=\"128\" \/><\/a><a class=\"fancybox-thumb\" href=\"https:\/\/unec.edu.az\/application\/uploads\/2015\/05\/raqif_0154.jpg\"><img loading=\"lazy\" decoding=\"async\" class=\"fancybox-margin alignnone wp-image-137137 \" title=\"UNEC-l\u0259 Hacettepe Universiteti aras\u0131nda \u0259m\u0259kda\u015fl\u0131q \u0259laq\u0259l\u0259ri geni\u015fl\u0259nir (11.02.2019)\" src=\"https:\/\/unec.edu.az\/application\/uploads\/2015\/05\/raqif_0154-150x150.jpg\" alt=\"raqif_0154\" width=\"128\" height=\"128\" \/><\/a><a class=\"fancybox-thumb\" href=\"https:\/\/unec.edu.az\/application\/uploads\/2015\/05\/raqifb5d73e74349080118af.jpg\"><img loading=\"lazy\" decoding=\"async\" class=\"fancybox-margin alignnone wp-image-157649 \" src=\"https:\/\/unec.edu.az\/application\/uploads\/2015\/05\/raqifb5d73e74349080118af-150x150.jpg\" alt=\"raqifb5d73e74349080118af\" width=\"127\" height=\"127\" \/><\/a><\/p>\n<p>&nbsp;<\/p>\n","protected":false},"excerpt":{"rendered":"<p>\u0414\u0438\u0440\u0435\u043a\u0442\u043e\u0440 \u0417\u0430\u0433\u0430\u0442\u0430\u043b\u044c\u0441\u043a\u043e\u0433\u043e \u0444\u0438\u043b\u0438\u0430\u043b\u0430 UNEC, \u041f\u0440\u043e\u0440\u0435\u043a\u0442\u043e\u0440 \u043f\u043e \u0446\u0438\u0444\u0440\u043e\u0432\u0438\u0437\u0430\u0446\u0438\u0438\u00a0UNEC\u00a0\u0434\u043e\u0446. \u0413\u0430\u0441\u044b\u043c\u043e\u0432 \u0420\u0430\u0433\u0438\u0444 \u0425\u0430\u043d\u0431\u0430\u043b\u0430 \u043e\u0433\u043b\u044b raqif.qasimov@unec.edu.az \u0420\u043e\u0434\u0438\u043b\u0441\u044f 11-\u0433\u043e \u0430\u0432\u0433\u0443\u0441\u0442\u0430 1983-\u0433\u043e \u0433\u043e\u0434\u0430 \u0432 \u0433.\u0411\u0430\u043a\u0443. \u0412 2000 \u0433\u043e\u0434\u0443 \u043e\u043a\u043e\u043d\u0447\u0438\u043b \u0448\u043a\u043e\u043b\u0443-\u043b\u0438\u0446\u0435\u0439\u00a0 \u2116 246\u00a0 \u0411\u0438\u043d\u0430\u0433\u0430\u0434\u0438\u043d\u0441\u043a\u043e\u0433\u043e\u00a0 \u0440\u0430\u0439\u043e\u043d\u0430,\u00a0 \u0438 \u0432 \u0442\u043e\u043c \u0436\u0435 \u0433\u043e\u0434\u0443 \u043f\u043e\u0441\u0442\u0443\u043f\u0438\u043b \u0432 \u0418\u043d\u0441\u0442\u0438\u0442\u0443\u0442 \u0443\u043f\u0440\u0430\u0432\u043b\u0435\u043d\u0438\u044f \u043d\u0430\u0440\u043e\u0434\u043d\u043e\u0433\u043e \u0445\u043e\u0437\u044f\u0439\u0441\u0442\u0432\u0430 \u043f\u0440\u0438 \u041a\u0430\u0431\u0438\u043d\u0435\u0442\u0435 \u043c\u0438\u043d\u0438\u0441\u0442\u0440\u043e\u0432 \u0410\u0420. \u0412 \u0441\u0432\u044f\u0437\u0438 \u0441 \u043f\u0440\u0438\u0441\u043e\u0435\u0434\u0438\u043d\u0435\u043d\u0438\u0435\u043c \u0432 2002 \u0433\u043e\u0434\u0443 \u043d\u0430\u0437\u0432\u0430\u043d\u043d\u043e\u0433\u043e \u0438\u043d\u0441\u0442\u0438\u0442\u0443\u0442\u0430 \u043a \u0410\u0413\u042d\u0423, \u0432 [&hellip;]<\/p>\n","protected":false},"author":10,"featured_media":0,"parent":0,"menu_order":0,"comment_status":"open","ping_status":"open","template":"","meta":{"footnotes":""},"class_list":["post-12118","page","type-page","status-publish","hentry"],"_links":{"self":[{"href":"http:\/\/unec.edu.az\/ru\/wp-json\/wp\/v2\/pages\/12118","targetHints":{"allow":["GET"]}}],"collection":[{"href":"http:\/\/unec.edu.az\/ru\/wp-json\/wp\/v2\/pages"}],"about":[{"href":"http:\/\/unec.edu.az\/ru\/wp-json\/wp\/v2\/types\/page"}],"author":[{"embeddable":true,"href":"http:\/\/unec.edu.az\/ru\/wp-json\/wp\/v2\/users\/10"}],"replies":[{"embeddable":true,"href":"http:\/\/unec.edu.az\/ru\/wp-json\/wp\/v2\/comments?post=12118"}],"version-history":[{"count":20,"href":"http:\/\/unec.edu.az\/ru\/wp-json\/wp\/v2\/pages\/12118\/revisions"}],"predecessor-version":[{"id":196888,"href":"http:\/\/unec.edu.az\/ru\/wp-json\/wp\/v2\/pages\/12118\/revisions\/196888"}],"wp:attachment":[{"href":"http:\/\/unec.edu.az\/ru\/wp-json\/wp\/v2\/media?parent=12118"}],"curies":[{"name":"wp","href":"https:\/\/api.w.org\/{rel}","templated":true}]}}