{"id":12206,"date":"2015-05-18T21:22:06","date_gmt":"2015-05-18T17:22:06","guid":{"rendered":"https:\/\/unec.edu.az\/dos-hesenova-zohre-bilal-qiizi-2\/"},"modified":"2020-10-22T21:19:04","modified_gmt":"2020-10-22T17:19:04","slug":"dos-hesenova-zohre-bilal-qiizi","status":"publish","type":"page","link":"http:\/\/unec.edu.az\/ru\/dos-hesenova-zohre-bilal-qiizi\/","title":{"rendered":"\u0434\u043e\u0446.\u0413\u0430\u0441\u0430\u043d\u043e\u0432\u0430 \u0417\u043e\u0445\u0440\u0430 \u0411\u0438\u043b\u0430\u043b \u043a\u044b\u0437\u044b"},"content":{"rendered":"<h4><a href=\"https:\/\/unec.edu.az\/application\/uploads\/2015\/01\/Zohre-x_.jpg\"><img fetchpriority=\"high\" decoding=\"async\" class=\"alignleft wp-image-1545\" title=\"left\" src=\"https:\/\/unec.edu.az\/application\/uploads\/2015\/01\/Zohre-x_-300x200.jpg\" alt=\"Zohre x_\" width=\"347\" height=\"231\" srcset=\"http:\/\/unec.edu.az\/application\/uploads\/2015\/01\/Zohre-x_-300x200.jpg 300w, http:\/\/unec.edu.az\/application\/uploads\/2015\/01\/Zohre-x_-1024x682.jpg 1024w, http:\/\/unec.edu.az\/application\/uploads\/2015\/01\/Zohre-x_.jpg 1600w\" sizes=\"(max-width: 347px) 100vw, 347px\" \/><\/a><\/h4>\n<h4>\u00a0<span style=\"color: #800000;\">\u0414\u0438\u0440\u0435\u043a\u0442\u043e\u0440 \u0426\u042d\u0423 \u0434\u043e\u0446.\u0413\u0430\u0441\u0430\u043d\u043e\u0432\u0430 \u0417\u043e\u0445\u0440\u0430 \u0411\u0438\u043b\u0430\u043b \u043a\u044b\u0437\u044b<\/span><\/h4>\n<h4><span style=\"color: #000000;\"><em>e-mail: z.hasanova@unec.edu.az<\/em><\/span><\/h4>\n<p style=\"text-align: justify;\">\u0420\u043e\u0434\u0438\u043b\u0430\u0441\u044c 20-\u0433\u043e \u043c\u0430\u044f 1947-\u0433\u043e \u0433\u043e\u0434\u0430 \u0432 \u0433. \u041d\u0430\u0445\u0438\u0447\u0435\u0432\u0430\u043d\u044c.<\/p>\n<p style=\"text-align: justify;\">\u0412 1966 \u0433\u043e\u0434\u0443 \u043e\u043a\u043e\u043d\u0447\u0438\u043b\u0430 \u0433\u043e\u0440\u043e\u0434\u0441\u043a\u0443\u044e \u0441\u0440\u0435\u0434\u043d\u044e\u044e \u0448\u043a\u043e\u043b\u0443 \u2116 2. \u0412 1966 \u0433\u043e\u0434\u0443 \u043f\u043e\u0441\u0442\u0443\u043f\u0438\u043b\u0430 \u0432 \u0410\u0437\u0435\u0440\u0431\u0430\u0439\u0434\u0436\u0430\u043d\u0441\u043a\u0438\u0439 \u0433\u043e\u0441\u0443\u0434\u0430\u0440\u0441\u0442\u0432\u0435\u043d\u043d\u044b\u0439 \u0443\u043d\u0438\u0432\u0435\u0440\u0441\u0438\u0442\u0435\u0442, \u043d\u0430 \u043c\u0435\u0445\u0430\u043d\u0438\u043a\u043e-\u043c\u0430\u0442\u0435\u043c\u0430\u0442\u0438\u0447\u0435\u0441\u043a\u0438\u0439 \u0444\u0430\u043a\u0443\u043b\u044c\u0442\u0435\u0442. \u0412 1971 \u0433\u043e\u0434\u0443 \u043e\u043a\u043e\u043d\u0447\u0438\u043b\u0430 \u0443\u043d\u0438\u0432\u0435\u0440\u0441\u0438\u0442\u0435\u0442.<\/p>\n<p style=\"text-align: justify;\">\u0414\u043e 1980 \u0433\u043e\u0434\u0430 \u043f\u0440\u0435\u043f\u043e\u0434\u0430\u0432\u0430\u043b\u0430 \u043f\u0440\u0435\u0434\u043c\u0435\u0442 \u00ab\u0418\u043d\u0444\u043e\u0440\u043c\u0430\u0442\u0438\u043a\u0430\u00bb \u0432 \u041d\u0430\u0445\u0438\u0447\u0435\u0432\u0430\u043d\u0441\u043a\u043e\u043c \u043f\u0435\u0434\u0430\u0433\u043e\u0433\u0438\u0447\u0435\u0441\u043a\u043e\u043c \u0438\u043d\u0441\u0442\u0438\u0442\u0443\u0442\u0435 \u0438 \u043c\u0430\u0442\u0435\u043c\u0430\u0442\u0438\u043a\u0443 \u0432 \u0441\u0440\u0435\u0434\u043d\u0435\u0439 \u0448\u043a\u043e\u043b\u0435 \u2116 2 \u0433. \u041d\u0430\u0445\u0438\u0447\u0435\u0432\u0430\u043d\u0438.<\/p>\n<p style=\"text-align: justify;\">\u0412 1980-1988 \u0433.\u0433. \u0440\u0430\u0431\u043e\u0442\u0430\u043b\u0430 \u0432 \u0410\u0437\u0418\u041d\u0425 \u0438\u043c.\u0414.\u0411\u0443\u043d\u0438\u0430\u0442\u0437\u0430\u0434\u0435 \u043d\u0430 \u0434\u043e\u043b\u0436\u043d\u043e\u0441\u0442\u0438 \u0438\u043d\u0436\u0435\u043d\u0435\u0440\u0430-\u043f\u0440\u043e\u0433\u0440\u0430\u043c\u043c\u0438\u0441\u0442\u0430 \u0418\u043d\u0444\u043e\u0440\u043c\u0430\u0446\u0438\u043e\u043d\u043d\u043e-\u0432\u044b\u0447\u0438\u0441\u043b\u0438\u0442\u0435\u043b\u044c\u043d\u043e\u0433\u043e \u0446\u0435\u043d\u0442\u0440\u0430, \u0437\u0430\u0442\u0435\u043c \u0440\u0430\u0431\u043e\u0442\u0430\u043b\u0430 \u0441\u0442\u0430\u0440\u0448\u0438\u043c \u0438\u043d\u0436\u0435\u043d\u0435\u0440\u043e\u043c-\u043f\u0440\u043e\u0433\u0440\u0430\u043c\u043c\u0438\u0441\u0442\u043e\u043c \u0432 \u0411\u0430\u043a\u0438\u043d\u0441\u043a\u043e\u043c \u0444\u0438\u043b\u0438\u0430\u043b\u0435 \u041b\u0424\u042d\u0418 \u0438\u043c. \u041d.\u0410.\u0412\u043e\u0437\u043d\u0435\u0441\u0435\u043d\u0441\u043a\u043e\u0433\u043e \u0438 \u043f\u043e\u0432\u044b\u0441\u0438\u043b\u0430\u0441\u044c \u0434\u043e \u0434\u043e\u043b\u0436\u043d\u043e\u0441\u0442\u0438 \u0432\u0435\u0434\u0443\u0449\u0435\u0433\u043e \u043f\u0440\u043e\u0433\u0440\u0430\u043c\u043c\u0438\u0441\u0442\u0430. \u0412 2001 \u0433\u043e\u0434\u0443 \u0431\u044b\u043b\u0430 \u043f\u0440\u0438\u043d\u044f\u0442\u0430 \u0432 \u0411\u0413\u0423, \u0434\u0438\u0441\u0441\u0435\u0440\u0442\u0430\u043d\u0442\u043e\u043c. \u0412 2002 \u0433\u043e\u0434\u0443 \u0431\u044b\u043b\u0430 \u043d\u0430\u0437\u043d\u0430\u0447\u0435\u043d\u0430 \u043d\u0430 \u0434\u043e\u043b\u0436\u043d\u043e\u0441\u0442\u044c \u0434\u0438\u0440\u0435\u043a\u0442\u043e\u0440\u0430 \u0418\u043d\u0444\u043e\u0440\u043c\u0430\u0446\u0438\u043e\u043d\u043d\u043e-\u0432\u044b\u0447\u0438\u0441\u043b\u0438\u0442\u0435\u043b\u044c\u043d\u043e\u0433\u043e \u0446\u0435\u043d\u0442\u0440\u0430 \u0410\u0413\u042d\u0423. \u0412 2003 \u0433\u043e\u0434\u0443 \u0437\u0430\u0449\u0438\u0442\u0438\u043b\u0430 \u043a\u0430\u043d\u0434\u0438\u0434\u0430\u0442\u0441\u043a\u0443\u044e \u0434\u0438\u0441\u0441\u0435\u0440\u0442\u0430\u0446\u0438\u044e \u043d\u0430 \u0442\u0435\u043c\u0443 \u00ab\u041e\u043f\u0442\u0438\u043c\u0430\u043b\u044c\u043d\u044b\u0435 \u0441\u043f\u043e\u0441\u043e\u0431\u044b \u0440\u0435\u0448\u0435\u043d\u0438\u044f \u0441\u0438\u043d\u0442\u0435\u0437\u043d\u043e\u0439 \u0437\u0430\u0434\u0430\u0447\u0438 \u0441 \u043e\u0434\u043d\u0438\u043c \u0432\u0445\u043e\u0434\u043e\u043c \u0438 \u043e\u0434\u043d\u0438\u043c \u0432\u044b\u0445\u043e\u0434\u043e\u043c\u00bb \u0438 \u043f\u043e\u043b\u0443\u0447\u0438\u043b\u0430 \u0443\u0447\u0435\u043d\u0443\u044e \u0441\u0442\u0435\u043f\u0435\u043d\u044c \u043a\u0430\u043d\u0434\u0438\u0434\u0430\u0442\u0430 \u0444\u0438\u0437\u0438\u043a\u043e-\u043c\u0430\u0442\u0435\u043c\u0430\u0442\u0438\u0447\u0435\u0441\u043a\u0438\u0445 \u043d\u0430\u0443\u043a.<\/p>\n<p style=\"text-align: justify;\">\u0412 \u043e\u043a\u0442\u044f\u0431\u0440\u0435 2010 \u0433\u043e\u0434\u0430 \u0418\u0412\u0426 \u0441\u0442\u0430\u043b \u043f\u043e\u0441\u043b\u0435 \u0440\u0435\u043e\u0440\u0433\u0430\u043d\u0438\u0437\u0430\u0446\u0438\u0438 \u0426\u0435\u043d\u0442\u0440\u043e\u043c \u0438\u043d\u0444\u043e\u0440\u043c\u0430\u0446\u0438\u043e\u043d\u043d\u043e-\u043a\u043e\u043c\u043c\u0443\u043d\u0438\u043a\u0430\u0446\u0438\u043e\u043d\u043d\u044b\u0445 \u0442\u0435\u0445\u043d\u043e\u043b\u043e\u0433\u0438\u0439\u00a0 (\u0426\u0418\u041a\u0422). \u0412 \u043d\u0430\u0441\u0442\u043e\u044f\u0449\u0435\u0435 \u0432\u0440\u0435\u043c\u044f \u0440\u0430\u0431\u043e\u0442\u0430\u0435\u0442 \u043d\u0430 \u0434\u043e\u043b\u0436\u043d\u043e\u0441\u0442\u0438 \u0434\u0438\u0440\u0435\u043a\u0442\u043e\u0440\u0430 \u0426\u0418\u041a\u0422 \u0438 \u0434\u043e\u0446\u0435\u043d\u0442\u0430\u00a0 \u043a\u0430\u0444\u0435\u0434\u0440\u044b \u00ab\u0418\u043d\u0444\u043e\u0440\u043c\u0430\u0446\u0438\u043e\u043d\u043d\u0430\u044f \u044d\u043a\u043e\u043d\u043e\u043c\u0438\u043a\u0430 \u0438 \u0442\u0435\u0445\u043d\u043e\u043b\u043e\u0433\u0438\u0438\u00bb (0,5 \u0448\u0442.)<\/p>\n<p style=\"text-align: justify;\">\u0421\u043e\u0433\u043b\u0430\u0441\u043d\u043e \u0440\u0430\u0441\u043f\u043e\u0440\u044f\u0436\u0435\u043d\u0438\u044e \u041f\u0440\u0435\u0437\u0438\u0434\u0435\u043d\u0442\u0430 \u0410\u0437\u0435\u0440\u0431\u0430\u0439\u0434\u0436\u0430\u043d\u0441\u043a\u043e\u0439 \u0420\u0435\u0441\u043f\u0443\u0431\u043b\u0438\u043a\u0438 \u043e\u0442 \u00a024 \u0441\u0435\u043d\u0442\u044f\u0431\u0440\u044f \u00a02020 \u0433\u043e\u0434\u0430 \u043f\u043e \u0441\u043b\u0443\u0447\u0430\u044e 90-\u043b\u0435\u0442\u0438\u044f \u0410\u0437\u0435\u0440\u0431\u0430\u0439\u0434\u0436\u0430\u043d\u0441\u043a\u043e\u0433\u043e \u0433\u043e\u0441\u0443\u0434\u0430\u0440\u0441\u0442\u0432\u0435\u043d\u043d\u043e\u0433\u043e \u044d\u043a\u043e\u043d\u043e\u043c\u0438\u0447\u0435\u0441\u043a\u043e\u0433\u043e \u0443\u043d\u0438\u0432\u0435\u0440\u0441\u0438\u0442\u0435\u0442\u0430 \u0438 \u0437\u0430 \u0437\u0430\u0441\u043b\u0443\u0433\u0438 \u0432 \u00a0\u0440\u0430\u0437\u0432\u0438\u0442\u0438\u0438 \u043e\u0431\u0440\u0430\u0437\u043e\u0432\u0430\u043d\u0438\u044f \u0432 \u0410\u0437\u0435\u0440\u0431\u0430\u0439\u0434\u0436\u0430\u043d\u0435 \u0443\u0434\u043e\u0441\u0442\u043e\u0435\u043d\u0430 \u043f\u043e\u0447\u0435\u0442\u043d\u043e\u0433\u043e \u0437\u0432\u0430\u043d\u0438\u044f \u00ab\u0417\u0430\u0441\u043b\u0443\u0436\u0435\u043d\u043d\u044b\u0439 \u0443\u0447\u0438\u0442\u0435\u043b\u044c\u00bb.<\/p>\n<p style=\"text-align: justify;\"><a class=\"fancybox-thumb\" href=\"https:\/\/unec.edu.az\/application\/uploads\/2017\/07\/DSC_3547..jpg\" rel=\"fancybox-thumb\"><img decoding=\"async\" class=\"fancybox-margin alignnone wp-image-102116 size-thumbnail\" title=\"\u201cUNEC ail\u0259sinin \u00fczv\u00fc olma\u011f\u0131mla q\u00fcrur duyuram\u201d (12.07.2017)\" src=\"https:\/\/unec.edu.az\/application\/uploads\/2017\/07\/DSC_3547.-150x150.jpg\" alt=\"DSC_3547.\" width=\"150\" height=\"150\" \/><\/a><a class=\"fancybox-thumb\" href=\"https:\/\/unec.edu.az\/application\/uploads\/2017\/07\/DSC_3552.jpg\" rel=\"fancybox-thumb\"><img decoding=\"async\" class=\"fancybox-margin alignnone wp-image-102117 size-thumbnail\" title=\"\u201cUNEC ail\u0259sinin \u00fczv\u00fc olma\u011f\u0131mla q\u00fcrur duyuram\u201d (12.07.2017)\" src=\"https:\/\/unec.edu.az\/application\/uploads\/2017\/07\/DSC_3552-150x150.jpg\" alt=\"DSC_3552\" width=\"150\" height=\"150\" \/><\/a><a class=\"fancybox-thumb\" href=\"https:\/\/unec.edu.az\/application\/uploads\/2015\/05\/iqtiadi_asiman-kopiya.jpg\" rel=\"fancybox-thumb\"><img loading=\"lazy\" decoding=\"async\" class=\"fancybox-margin alignnone wp-image-83910 size-thumbnail\" title=\"\u201cThomson Reuters\u201din n\u00fcmay\u0259nd\u0259si \u0130qtisadiyyat fak\u00fclt\u0259sind\u0259 (08.02.2017)\" src=\"https:\/\/unec.edu.az\/application\/uploads\/2015\/05\/iqtiadi_asiman-kopiya-150x150.jpg\" alt=\"iqtiadi_asiman - \u043a\u043e\u043f\u0438\u044f\" width=\"150\" height=\"150\" \/><\/a><a class=\"fancybox-thumb\" href=\"https:\/\/unec.edu.az\/application\/uploads\/2017\/02\/1-DSC_0001.jpg\" rel=\"fancybox-thumb\"><img loading=\"lazy\" decoding=\"async\" class=\"fancybox-margin alignnone wp-image-83491 size-thumbnail\" title=\"\u201cThomson Reuters\u201din n\u00fcmay\u0259nd\u0259si \u0130qtisadiyyat fak\u00fclt\u0259sind\u0259 (08.02.2017)\" src=\"https:\/\/unec.edu.az\/application\/uploads\/2017\/02\/1-DSC_0001-150x150.jpg\" alt=\"1-DSC_0001\" width=\"150\" height=\"150\" \/><\/a><a class=\"fancybox-thumb\" href=\"https:\/\/unec.edu.az\/application\/uploads\/2017\/03\/WhatsApp-Image-2017-03-15-at-12.49.47.jpg\" rel=\"fancybox-thumb\"><img loading=\"lazy\" decoding=\"async\" class=\"fancybox-margin alignnone wp-image-87623 size-thumbnail\" src=\"https:\/\/unec.edu.az\/application\/uploads\/2017\/03\/WhatsApp-Image-2017-03-15-at-12.49.47-150x150.jpg\" alt=\"WhatsApp Image 2017-03-15 at 12.49.47\" width=\"150\" height=\"150\" \/><\/a><a class=\"fancybox-thumb\" href=\"https:\/\/unec.edu.az\/application\/uploads\/2017\/03\/IMG-20170329-WA0013.jpg\" rel=\"fancybox-thumb\"><img loading=\"lazy\" decoding=\"async\" class=\"fancybox-margin alignnone wp-image-88778 size-thumbnail\" title=\"UNEC-in m\u00fc\u0259llim v\u0259 t\u0259l\u0259b\u0259l\u0259ri Praqada t\u0259liml\u0259rd\u0259 i\u015ftirak edib (30.03.2017)\" src=\"https:\/\/unec.edu.az\/application\/uploads\/2017\/03\/IMG-20170329-WA0013-150x150.jpg\" alt=\"IMG-20170329-WA0013\" width=\"150\" height=\"150\" \/><\/a><\/p>\n<p><span style=\"color: #000000;\"><a style=\"color: #000000;\" href=\"https:\/\/unec.edu.az\/ru\/unec-in-muellim-ve-telebeleri-praqada-telimlerde-istirak-edib\/\">\u041f\u0440\u0435\u043f\u043e\u0434\u0430\u0432\u0430\u0442\u0435\u043b\u0438 \u0438 \u0441\u0442\u0443\u0434\u0435\u043d\u0442\u044b UNEC \u043f\u0440\u0438\u043d\u044f\u043b\u0438 \u0443\u0447\u0430\u0441\u0442\u0438\u0435 \u0432 \u0442\u0440\u0435\u043d\u0438\u043d\u0433\u0430\u0445 \u0432 \u041f\u0440\u0430\u0433\u0435<\/a>\u00a0(30.03.2017)<\/span><\/p>\n<p><a style=\"color: #000000;\" href=\"https:\/\/unec.edu.az\/ru\/standartlasdirma-ve-sertifikasiya-kafedrasinda-seminar\/\">\u0421\u0435\u043c\u0438\u043d\u0430\u0440 \u043d\u0430 \u043a\u0430\u0444\u0435\u0434\u0440\u0435 \u00ab\u0421\u0442\u0430\u043d\u0434\u0430\u0440\u0442\u0438\u0437\u0430\u0446\u0438\u044f \u0438 \u0441\u0435\u0440\u0442\u0438\u0444\u0438\u043a\u0430\u0446\u0438\u044f\u00bb (16.03.2017)\u00a0<\/a><\/p>\n<p><span style=\"color: #000000;\"><a style=\"color: #000000;\" href=\"https:\/\/unec.edu.az\/ru\/thomson-reuters-in-numayendesi-iqtisadiyyat-fakultesinde\/\">\u041f\u0440\u0435\u0434\u0441\u0442\u0430\u0432\u0438\u0442\u0435\u043b\u044c \u201cThomson Reuters\u201d \u043d\u0430 \u0444\u0430\u043a\u0443\u043b\u044c\u0442\u0435\u0442\u0435 \u042d\u043a\u043e\u043d\u043e\u043c\u0438\u043a\u0438 <\/a>(08.02.2017)<\/span><\/p>\n<p><a class=\"fancybox-thumb\" href=\"https:\/\/unec.edu.az\/application\/uploads\/2015\/05\/zohra11_-16.jpg\" rel=\"fancybox-thumb\"><img loading=\"lazy\" decoding=\"async\" class=\"fancybox-margin alignnone wp-image-153938 size-image236x180\" src=\"https:\/\/unec.edu.az\/application\/uploads\/2015\/05\/zohra11_-16-236x180.jpg\" alt=\"zohra11_-16\" width=\"236\" height=\"180\" \/><\/a><\/p>\n","protected":false},"excerpt":{"rendered":"<p>\u00a0\u0414\u0438\u0440\u0435\u043a\u0442\u043e\u0440 \u0426\u042d\u0423 \u0434\u043e\u0446.\u0413\u0430\u0441\u0430\u043d\u043e\u0432\u0430 \u0417\u043e\u0445\u0440\u0430 \u0411\u0438\u043b\u0430\u043b \u043a\u044b\u0437\u044b e-mail: z.hasanova@unec.edu.az \u0420\u043e\u0434\u0438\u043b\u0430\u0441\u044c 20-\u0433\u043e \u043c\u0430\u044f 1947-\u0433\u043e \u0433\u043e\u0434\u0430 \u0432 \u0433. \u041d\u0430\u0445\u0438\u0447\u0435\u0432\u0430\u043d\u044c. \u0412 1966 \u0433\u043e\u0434\u0443 \u043e\u043a\u043e\u043d\u0447\u0438\u043b\u0430 \u0433\u043e\u0440\u043e\u0434\u0441\u043a\u0443\u044e \u0441\u0440\u0435\u0434\u043d\u044e\u044e \u0448\u043a\u043e\u043b\u0443 \u2116 2. \u0412 1966 \u0433\u043e\u0434\u0443 \u043f\u043e\u0441\u0442\u0443\u043f\u0438\u043b\u0430 \u0432 \u0410\u0437\u0435\u0440\u0431\u0430\u0439\u0434\u0436\u0430\u043d\u0441\u043a\u0438\u0439 \u0433\u043e\u0441\u0443\u0434\u0430\u0440\u0441\u0442\u0432\u0435\u043d\u043d\u044b\u0439 \u0443\u043d\u0438\u0432\u0435\u0440\u0441\u0438\u0442\u0435\u0442, \u043d\u0430 \u043c\u0435\u0445\u0430\u043d\u0438\u043a\u043e-\u043c\u0430\u0442\u0435\u043c\u0430\u0442\u0438\u0447\u0435\u0441\u043a\u0438\u0439 \u0444\u0430\u043a\u0443\u043b\u044c\u0442\u0435\u0442. \u0412 1971 \u0433\u043e\u0434\u0443 \u043e\u043a\u043e\u043d\u0447\u0438\u043b\u0430 \u0443\u043d\u0438\u0432\u0435\u0440\u0441\u0438\u0442\u0435\u0442. \u0414\u043e 1980 \u0433\u043e\u0434\u0430 \u043f\u0440\u0435\u043f\u043e\u0434\u0430\u0432\u0430\u043b\u0430 \u043f\u0440\u0435\u0434\u043c\u0435\u0442 \u00ab\u0418\u043d\u0444\u043e\u0440\u043c\u0430\u0442\u0438\u043a\u0430\u00bb \u0432 \u041d\u0430\u0445\u0438\u0447\u0435\u0432\u0430\u043d\u0441\u043a\u043e\u043c \u043f\u0435\u0434\u0430\u0433\u043e\u0433\u0438\u0447\u0435\u0441\u043a\u043e\u043c \u0438\u043d\u0441\u0442\u0438\u0442\u0443\u0442\u0435 \u0438 \u043c\u0430\u0442\u0435\u043c\u0430\u0442\u0438\u043a\u0443 \u0432 \u0441\u0440\u0435\u0434\u043d\u0435\u0439 [&hellip;]<\/p>\n","protected":false},"author":10,"featured_media":0,"parent":0,"menu_order":0,"comment_status":"open","ping_status":"open","template":"","meta":{"footnotes":""},"class_list":["post-12206","page","type-page","status-publish","hentry"],"_links":{"self":[{"href":"http:\/\/unec.edu.az\/ru\/wp-json\/wp\/v2\/pages\/12206","targetHints":{"allow":["GET"]}}],"collection":[{"href":"http:\/\/unec.edu.az\/ru\/wp-json\/wp\/v2\/pages"}],"about":[{"href":"http:\/\/unec.edu.az\/ru\/wp-json\/wp\/v2\/types\/page"}],"author":[{"embeddable":true,"href":"http:\/\/unec.edu.az\/ru\/wp-json\/wp\/v2\/users\/10"}],"replies":[{"embeddable":true,"href":"http:\/\/unec.edu.az\/ru\/wp-json\/wp\/v2\/comments?post=12206"}],"version-history":[{"count":11,"href":"http:\/\/unec.edu.az\/ru\/wp-json\/wp\/v2\/pages\/12206\/revisions"}],"predecessor-version":[{"id":156989,"href":"http:\/\/unec.edu.az\/ru\/wp-json\/wp\/v2\/pages\/12206\/revisions\/156989"}],"wp:attachment":[{"href":"http:\/\/unec.edu.az\/ru\/wp-json\/wp\/v2\/media?parent=12206"}],"curies":[{"name":"wp","href":"https:\/\/api.w.org\/{rel}","templated":true}]}}