{"id":12210,"date":"2015-05-18T21:23:53","date_gmt":"2015-05-18T17:23:53","guid":{"rendered":"https:\/\/unec.edu.az\/i-e-n-xalide-haci-qizi-yusifova-2\/"},"modified":"2024-11-28T12:41:49","modified_gmt":"2024-11-28T08:41:49","slug":"i-e-n-xalide-haci-qizi-yusifova","status":"publish","type":"page","link":"http:\/\/unec.edu.az\/ru\/i-e-n-xalide-haci-qizi-yusifova\/","title":{"rendered":"\u041a.\u044d.\u043d. \u042e\u0441\u0438\u0444\u043e\u0432\u0430 \u0425\u0430\u043b\u0438\u0434\u0430 \u0413\u0430\u0434\u0436\u0438 \u043a\u044b\u0437\u044b"},"content":{"rendered":"<h4><a href=\"http:\/\/unec.edu.az\/application\/uploads\/2015\/05\/Xalid-Yusifova.jpg\"><img fetchpriority=\"high\" decoding=\"async\" class=\"alignleft wp-image-194392 \" title=\"left\" src=\"http:\/\/unec.edu.az\/application\/uploads\/2015\/05\/Xalid-Yusifova-300x251.jpg\" sizes=\"(max-width: 252px) 100vw, 252px\" srcset=\"https:\/\/unec.edu.az\/application\/uploads\/2015\/05\/Xalid-Yusifova-300x251.jpg 300w, https:\/\/unec.edu.az\/application\/uploads\/2015\/05\/Xalid-Yusifova-1024x858.jpg 1024w\" alt=\"Xalid\u0259 Yusifova\" width=\"252\" height=\"211\" \/><\/a><\/h4>\n<h4><span style=\"color: #800000;\">\u0414\u0438\u0440\u0435\u043a\u0442\u043e\u0440 \u0426\u0435\u043d\u0442\u0440\u0430 \u043f\u043e \u0440\u0430\u0431\u043e\u0442\u0435 \u0441\u043e \u0441\u0442\u0443\u0434\u0435\u043d\u0442\u0430\u043c\u0438<br \/>\n\u0425\u0430\u043b\u0438\u0434\u0430 \u0413\u0430\u0434\u0436\u0438 \u0433\u044b\u0437\u044b \u042e\u0441\u0438\u0444\u043e\u0432\u0430<\/span><\/h4>\n<p>\u0412 1993 \u0433\u043e\u0434\u0443 \u043d\u0430\u0447\u0430\u043b\u0430 \u0440\u0430\u0431\u043e\u0442\u0430\u0442\u044c \u0432 \u0410\u0437\u0435\u0440\u0431\u0430\u0439\u0434\u0436\u0430\u043d\u0441\u043a\u043e\u043c \u0433\u043e\u0441\u0443\u0434\u0430\u0440\u0441\u0442\u0432\u0435\u043d\u043d\u043e\u043c \u044d\u043a\u043e\u043d\u043e\u043c\u0438\u0447\u0435\u0441\u043a\u043e\u043c \u0443\u043d\u0438\u0432\u0435\u0440\u0441\u0438\u0442\u0435\u0442\u0435.<\/p>\n<p>\u0412 1993 \u0433\u043e\u0434\u0443 \u0431\u044b\u043b\u0430 \u043d\u0430\u0437\u043d\u0430\u0447\u0435\u043d\u0430 \u043d\u0430 \u0434\u043e\u043b\u0436\u043d\u043e\u0441\u0442\u044c \u0437\u0430\u0432\u0435\u0434\u0443\u044e\u0449\u0435\u0439 \u041e\u0431\u0449\u0438\u043c \u043e\u0442\u0434\u0435\u043b\u043e\u043c \u0410\u0437\u0435\u0440\u0431\u0430\u0439\u0434\u0436\u0430\u043d\u0441\u043a\u043e\u0433\u043e \u0433\u043e\u0441\u0443\u0434\u0430\u0440\u0441\u0442\u0432\u0435\u043d\u043d\u043e\u0433\u043e \u044d\u043a\u043e\u043d\u043e\u043c\u0438\u0447\u0435\u0441\u043a\u043e\u0433\u043e \u0443\u043d\u0438\u0432\u0435\u0440\u0441\u0438\u0442\u0435\u0442\u0430 (\u043d\u044b\u043d\u0435 UNEC).<\/p>\n<p>\u0421 1996 \u0433\u043e\u0434\u0430 \u0440\u0430\u0431\u043e\u0442\u0430\u0435\u0442 \u043d\u0430 \u0434\u043e\u043b\u0436\u043d\u043e\u0441\u0442\u0438 \u0437\u0430\u0432\u0435\u0434\u0443\u044e\u0449\u0435\u0439 \u0421\u0442\u0443\u0434\u0435\u043d\u0447\u0435\u0441\u043a\u0438\u043c \u043e\u0442\u0434\u0435\u043b\u043e\u043c.<\/p>\n<p>\u0421 \u0430\u0432\u0433\u0443\u0441\u0442\u0430 2020 \u0433\u043e\u0434\u0430 \u044f\u0432\u043b\u044f\u0435\u0442\u0441\u044f \u0434\u0438\u0440\u0435\u043a\u0442\u043e\u0440\u043e\u043c \u0426\u0435\u043d\u0442\u0440\u0430 \u043f\u043e \u0440\u0430\u0431\u043e\u0442\u0435 \u0441\u043e \u0441\u0442\u0443\u0434\u0435\u043d\u0442\u0430\u043c\u0438.<\/p>\n<p>\u041f\u043e \u0440\u0430\u0441\u043f\u043e\u0440\u044f\u0436\u0435\u043d\u0438\u044e \u041f\u0440\u0435\u0437\u0438\u0434\u0435\u043d\u0442\u0430 \u0410\u0437\u0435\u0440\u0431\u0430\u0439\u0434\u0436\u0430\u043d\u0441\u043a\u043e\u0439 \u0420\u0435\u0441\u043f\u0443\u0431\u043b\u0438\u043a\u0438 \u043e\u0442 24 \u0441\u0435\u043d\u0442\u044f\u0431\u0440\u044f 2020 \u0433\u043e\u0434\u0430 \u043f\u043e \u0441\u043b\u0443\u0447\u0430\u044e 90-\u043b\u0435\u0442\u0438\u044f \u0410\u0437\u0435\u0440\u0431\u0430\u0439\u0434\u0436\u0430\u043d\u0441\u043a\u043e\u0433\u043e \u0433\u043e\u0441\u0443\u0434\u0430\u0440\u0441\u0442\u0432\u0435\u043d\u043d\u043e\u0433\u043e \u044d\u043a\u043e\u043d\u043e\u043c\u0438\u0447\u0435\u0441\u043a\u043e\u0433\u043e \u0443\u043d\u0438\u0432\u0435\u0440\u0441\u0438\u0442\u0435\u0442\u0430 \u0438 \u0437\u0430 \u0437\u0430\u0441\u043b\u0443\u0433\u0438 \u0432 \u0440\u0430\u0437\u0432\u0438\u0442\u0438\u0438 \u043e\u0431\u0440\u0430\u0437\u043e\u0432\u0430\u043d\u0438\u044f \u0432 \u0410\u0437\u0435\u0440\u0431\u0430\u0439\u0434\u0436\u0430\u043d\u0435 \u043d\u0430\u0433\u0440\u0430\u0436\u0434\u0435\u043d\u0430 \u043c\u0435\u0434\u0430\u043b\u044c\u044e \u00ab\u0422\u0435\u0440\u0435\u0433\u0433\u0438\u00bb.<\/p>\n<p style=\"text-align: justify;\"><a class=\"fancybox-thumb\" href=\"https:\/\/unec.edu.az\/application\/uploads\/2015\/05\/xalidafee8601dfe14e4.jpg\"><img decoding=\"async\" class=\"fancybox-margin alignnone wp-image-164503 size-thumbnail\" src=\"https:\/\/unec.edu.az\/application\/uploads\/2015\/05\/xalidafee8601dfe14e4-150x150.jpg\" alt=\"xalidafee8601dfe14e4\" width=\"150\" height=\"150\" \/><\/a><a class=\"fancybox-thumb\" href=\"https:\/\/unec.edu.az\/application\/uploads\/2017\/03\/Xalid__-Yusifova-UNEC-1-3.jpg\"><img decoding=\"async\" class=\"fancybox-margin alignnone wp-image-86676 size-thumbnail\" title=\"Emalatxanama da eyni il\u0259 auditoriyaya daxil oldu\u011fum h\u0259v\u0259sl\u0259 daxil oluram (07.03.2017)\" src=\"https:\/\/unec.edu.az\/application\/uploads\/2017\/03\/Xalid__-Yusifova-UNEC-1-3-150x150.jpg\" alt=\"Xalid__-Yusifova-UNEC-1-3\" width=\"150\" height=\"150\" \/><\/a><a class=\"fancybox-thumb\" href=\"http:\/\/unec.edu.az\/application\/uploads\/2024\/11\/xalida249343c94846600.jpeg\"><img loading=\"lazy\" decoding=\"async\" class=\"fancybox-margin alignnone wp-image-450564 size-thumbnail\" title=\"UNEC-in 3436 t\u0259l\u0259b\u0259si istehsalat t\u0259cr\u00fcb\u0259sind\u0259 olub (03.07.2024)\" src=\"http:\/\/unec.edu.az\/application\/uploads\/2024\/11\/xalida249343c94846600-150x150.jpeg\" alt=\"\" width=\"150\" height=\"150\" \/><\/a><a class=\"fancybox-thumb\" href=\"https:\/\/unec.edu.az\/application\/uploads\/2015\/06\/qadinlar96d2b0ba1.jpg\"><img loading=\"lazy\" decoding=\"async\" class=\"fancybox-margin alignnone wp-image-140925 size-thumbnail\" title=\"\u201cS\u0259ninl\u0259 f\u0259xr edirik, Az\u0259rbaycan \u0259sg\u0259ri!\u201d aksiyas\u0131 i\u015ftirak\u00e7\u0131lar\u0131ndan bir qrupu \u201c\u0130sg\u0259nd\u0259r qalas\u0131\u201dnda olub - V\u0130DEO (08.06.2019)\" src=\"https:\/\/unec.edu.az\/application\/uploads\/2015\/06\/qadinlar96d2b0ba1-150x150.jpg\" alt=\"qadinlar96d2b0ba\" width=\"150\" height=\"150\" \/><\/a><a class=\"fancybox-thumb\" href=\"https:\/\/unec.edu.az\/application\/uploads\/2015\/05\/xalida_lale160e1a0f59515a6.jpg\"><img loading=\"lazy\" decoding=\"async\" class=\"fancybox-margin alignnone wp-image-140929 size-thumbnail\" title=\"\u201cS\u0259ninl\u0259 f\u0259xr edirik, Az\u0259rbaycan \u0259sg\u0259ri!\u201d aksiyas\u0131 i\u015ftirak\u00e7\u0131lar\u0131ndan bir qrupu \u201c\u0130sg\u0259nd\u0259r qalas\u0131\u201dnda olub - V\u0130DEO (08.06.2019)\" src=\"https:\/\/unec.edu.az\/application\/uploads\/2015\/05\/xalida_lale160e1a0f59515a6-150x150.jpg\" alt=\"xalida_lale160e1a0f59515a6\" width=\"150\" height=\"150\" \/><\/a><a class=\"fancybox-thumb\" href=\"https:\/\/unec.edu.az\/application\/uploads\/2015\/05\/xalida_laleaa5abba68c781.jpg\"><img loading=\"lazy\" decoding=\"async\" class=\"fancybox-margin alignnone wp-image-140930 size-thumbnail\" title=\"\u201cS\u0259ninl\u0259 f\u0259xr edirik, Az\u0259rbaycan \u0259sg\u0259ri!\u201d aksiyas\u0131 i\u015ftirak\u00e7\u0131lar\u0131ndan bir qrupu \u201c\u0130sg\u0259nd\u0259r qalas\u0131\u201dnda olub - V\u0130DEO (08.06.2019)\" src=\"https:\/\/unec.edu.az\/application\/uploads\/2015\/05\/xalida_laleaa5abba68c781-150x150.jpg\" alt=\"xalida_laleaa5abba68c781\" width=\"150\" height=\"150\" \/><\/a><a class=\"fancybox-thumb\" href=\"https:\/\/unec.edu.az\/application\/uploads\/2015\/05\/xalidaaa-80e9-b4a83c43d41a_cleanup.jpg\"><img loading=\"lazy\" decoding=\"async\" class=\"fancybox-margin alignnone wp-image-178179 size-thumbnail\" src=\"https:\/\/unec.edu.az\/application\/uploads\/2015\/05\/xalidaaa-80e9-b4a83c43d41a_cleanup-150x150.jpg\" alt=\"xalidaaa-80e9-b4a83c43d41a_cleanup\" width=\"150\" height=\"150\" \/><\/a><a class=\"fancybox-thumb\" href=\"https:\/\/unec.edu.az\/application\/uploads\/2015\/05\/xalida_sevar_2fb10da5bda8e05.gif\"><img loading=\"lazy\" decoding=\"async\" class=\"fancybox-margin alignnone wp-image-178181 size-thumbnail\" src=\"https:\/\/unec.edu.az\/application\/uploads\/2015\/05\/xalida_sevar_2fb10da5bda8e05-150x150.gif\" alt=\"xalida_sevar_2fb10da5bda8e05\" width=\"150\" height=\"150\" \/><\/a><\/p>\n<p style=\"text-align: justify;\">\n","protected":false},"excerpt":{"rendered":"<p>\u0414\u0438\u0440\u0435\u043a\u0442\u043e\u0440 \u0426\u0435\u043d\u0442\u0440\u0430 \u043f\u043e \u0440\u0430\u0431\u043e\u0442\u0435 \u0441\u043e \u0441\u0442\u0443\u0434\u0435\u043d\u0442\u0430\u043c\u0438 \u0425\u0430\u043b\u0438\u0434\u0430 \u0413\u0430\u0434\u0436\u0438 \u0433\u044b\u0437\u044b \u042e\u0441\u0438\u0444\u043e\u0432\u0430 \u0412 1993 \u0433\u043e\u0434\u0443 \u043d\u0430\u0447\u0430\u043b\u0430 \u0440\u0430\u0431\u043e\u0442\u0430\u0442\u044c \u0432 \u0410\u0437\u0435\u0440\u0431\u0430\u0439\u0434\u0436\u0430\u043d\u0441\u043a\u043e\u043c \u0433\u043e\u0441\u0443\u0434\u0430\u0440\u0441\u0442\u0432\u0435\u043d\u043d\u043e\u043c \u044d\u043a\u043e\u043d\u043e\u043c\u0438\u0447\u0435\u0441\u043a\u043e\u043c \u0443\u043d\u0438\u0432\u0435\u0440\u0441\u0438\u0442\u0435\u0442\u0435. \u0412 1993 \u0433\u043e\u0434\u0443 \u0431\u044b\u043b\u0430 \u043d\u0430\u0437\u043d\u0430\u0447\u0435\u043d\u0430 \u043d\u0430 \u0434\u043e\u043b\u0436\u043d\u043e\u0441\u0442\u044c \u0437\u0430\u0432\u0435\u0434\u0443\u044e\u0449\u0435\u0439 \u041e\u0431\u0449\u0438\u043c \u043e\u0442\u0434\u0435\u043b\u043e\u043c \u0410\u0437\u0435\u0440\u0431\u0430\u0439\u0434\u0436\u0430\u043d\u0441\u043a\u043e\u0433\u043e \u0433\u043e\u0441\u0443\u0434\u0430\u0440\u0441\u0442\u0432\u0435\u043d\u043d\u043e\u0433\u043e \u044d\u043a\u043e\u043d\u043e\u043c\u0438\u0447\u0435\u0441\u043a\u043e\u0433\u043e \u0443\u043d\u0438\u0432\u0435\u0440\u0441\u0438\u0442\u0435\u0442\u0430 (\u043d\u044b\u043d\u0435 UNEC). \u0421 1996 \u0433\u043e\u0434\u0430 \u0440\u0430\u0431\u043e\u0442\u0430\u0435\u0442 \u043d\u0430 \u0434\u043e\u043b\u0436\u043d\u043e\u0441\u0442\u0438 \u0437\u0430\u0432\u0435\u0434\u0443\u044e\u0449\u0435\u0439 \u0421\u0442\u0443\u0434\u0435\u043d\u0447\u0435\u0441\u043a\u0438\u043c \u043e\u0442\u0434\u0435\u043b\u043e\u043c. \u0421 \u0430\u0432\u0433\u0443\u0441\u0442\u0430 2020 \u0433\u043e\u0434\u0430 \u044f\u0432\u043b\u044f\u0435\u0442\u0441\u044f \u0434\u0438\u0440\u0435\u043a\u0442\u043e\u0440\u043e\u043c \u0426\u0435\u043d\u0442\u0440\u0430 \u043f\u043e \u0440\u0430\u0431\u043e\u0442\u0435 \u0441\u043e [&hellip;]<\/p>\n","protected":false},"author":10,"featured_media":0,"parent":0,"menu_order":0,"comment_status":"open","ping_status":"open","template":"","meta":{"footnotes":""},"class_list":["post-12210","page","type-page","status-publish","hentry"],"_links":{"self":[{"href":"http:\/\/unec.edu.az\/ru\/wp-json\/wp\/v2\/pages\/12210","targetHints":{"allow":["GET"]}}],"collection":[{"href":"http:\/\/unec.edu.az\/ru\/wp-json\/wp\/v2\/pages"}],"about":[{"href":"http:\/\/unec.edu.az\/ru\/wp-json\/wp\/v2\/types\/page"}],"author":[{"embeddable":true,"href":"http:\/\/unec.edu.az\/ru\/wp-json\/wp\/v2\/users\/10"}],"replies":[{"embeddable":true,"href":"http:\/\/unec.edu.az\/ru\/wp-json\/wp\/v2\/comments?post=12210"}],"version-history":[{"count":8,"href":"http:\/\/unec.edu.az\/ru\/wp-json\/wp\/v2\/pages\/12210\/revisions"}],"predecessor-version":[{"id":451932,"href":"http:\/\/unec.edu.az\/ru\/wp-json\/wp\/v2\/pages\/12210\/revisions\/451932"}],"wp:attachment":[{"href":"http:\/\/unec.edu.az\/ru\/wp-json\/wp\/v2\/media?parent=12210"}],"curies":[{"name":"wp","href":"https:\/\/api.w.org\/{rel}","templated":true}]}}