{"id":12288,"date":"2015-05-18T21:48:38","date_gmt":"2015-05-18T17:48:38","guid":{"rendered":"https:\/\/unec.edu.az\/prof-huseynov-vekil-nemet-oglu-2\/"},"modified":"2021-08-15T21:13:27","modified_gmt":"2021-08-15T17:13:27","slug":"prof-huseynov-vekil-nemet-oglu","status":"publish","type":"page","link":"http:\/\/unec.edu.az\/ru\/prof-huseynov-vekil-nemet-oglu\/","title":{"rendered":"\u043f\u0440\u043e\u0444. \u0413\u0443\u0441\u0435\u0439\u043d\u043e\u0432 \u0412\u0435\u043a\u0438\u043b \u041d\u0435\u043c\u0430\u0442 \u043e\u0433\u043b\u044b"},"content":{"rendered":"<h4><a href=\"https:\/\/unec.edu.az\/application\/uploads\/2015\/05\/Huseynov-Vekil-1.jpg\"><img fetchpriority=\"high\" decoding=\"async\" class=\"alignleft wp-image-154093\" title=\"left\" src=\"https:\/\/unec.edu.az\/application\/uploads\/2015\/05\/Huseynov-Vekil-1-300x200.jpg\" alt=\"Huseynov Vekil (1)\" width=\"282\" height=\"188\" srcset=\"http:\/\/unec.edu.az\/application\/uploads\/2015\/05\/Huseynov-Vekil-1-300x200.jpg 300w, http:\/\/unec.edu.az\/application\/uploads\/2015\/05\/Huseynov-Vekil-1-1024x683.jpg 1024w, http:\/\/unec.edu.az\/application\/uploads\/2015\/05\/Huseynov-Vekil-1.jpg 1200w\" sizes=\"(max-width: 282px) 100vw, 282px\" \/><\/a><\/h4>\n<h4><span style=\"color: #800000;\">\u00a0\u0414\u0435\u043a\u0430\u043d \u0444\u0430\u043a\u0443\u043b\u044c\u0442\u0435\u0442\u0430 \u0422\u0435\u0445\u043d\u043e\u043b\u043e\u0433\u0438\u0438 \u0438 \u0414\u0438\u0437\u0430\u0439\u043d\u0430: \u043f\u0440\u043e\u0444. \u0413\u0443\u0441\u0435\u0439\u043d\u043e\u0432 \u0412\u0435\u043a\u0438\u043b \u041d\u0435\u043c\u0430\u0442 \u043e\u0433\u043b\u044b\u00a0\u00a0<\/span><\/h4>\n<p><span style=\"color: #800000;\"><em><span style=\"color: #000000;\">\u0422\u0435\u043b\u0435\u0444\u043e\u043d: + (994) 494-45-20 12<em><br \/>\n<\/em>E-mail:<strong>\u00a0<\/strong><em>vekil.huseynov@unec.edu.az<\/em><\/span><br \/>\n<\/em><\/span><\/p>\n<p><strong>\u041e\u0431\u0440\u0430\u0437\u043e\u0432\u0430\u043d\u0438\u0435, \u0443\u0447\u0435\u043d\u0430\u044f \u0441\u0442\u0435\u043f\u0435\u043d\u044c \u0438 \u0443\u0447\u0435\u043d\u043e\u0435 \u0437\u0432\u0430\u043d\u0438\u0435:<\/strong><\/p>\n<p style=\"text-align: justify;\">1952-1962 \u2013 \u0421\u0440\u0435\u0434\u043d\u044f\u044f \u0448\u043a\u043e\u043b\u0430;<br \/>\n1962-1969 \u2013 \u041f\u043e\u043b\u0438\u0442\u0435\u0445\u043d\u0438\u0447\u0435\u0441\u043a\u0438\u0439 \u0438\u043d\u0441\u0442\u0438\u0442\u0443\u0442 \u0438\u043c.\u0427.\u0418\u043b\u044c\u0434\u044b\u0440\u044b\u043c\u0430 (\u0432 \u043d\u0430\u0441\u0442\u043e\u044f\u0449\u0435\u0435 \u0432\u0440\u0435\u043c\u044f \u0410\u0437\u0435\u0440\u0431\u0430\u0439\u0434\u0436\u0430\u043d\u0441\u043a\u0438\u0439 \u0442\u0435\u0445\u043d\u0438\u0447\u0435\u0441\u043a\u0438\u0439 \u0443\u043d\u0438\u0432\u0435\u0440\u0441\u0438\u0442\u0435\u0442)<br \/>\n1969-1972 \u2013 \u0430\u0441\u043f\u0438\u0440\u0430\u043d\u0442\u0443\u0440\u0430; 1979 \u2013 \u0434\u043e\u0446\u0435\u043d\u0442; 1992 \u2013 \u043f\u0440\u043e\u0444\u0435\u0441\u0441\u043e\u0440.<\/p>\n<p style=\"text-align: justify;\"><strong>\u0422\u0440\u0443\u0434\u043e\u0432\u0430\u044f \u0434\u0435\u044f\u0442\u0435\u043b\u044c\u043d\u043e\u0441\u0442\u044c:<\/strong><\/p>\n<p style=\"text-align: justify;\">1973-1979 \u2013 \u041f\u043e\u043b\u0438\u0442\u0435\u0445\u043d\u0438\u0447\u0435\u0441\u043a\u0438\u0439 \u0438\u043d\u0441\u0442\u0438\u0442\u0443\u0442, \u0430\u0441\u0441\u0438\u0441\u0442\u0435\u043d\u0442<br \/>\n1979-1996 \u2013 \u0410\u0437\u0435\u0440\u0431\u0430\u0439\u0434\u0436\u0430\u043d\u0441\u043a\u0438\u0439\u00a0 \u0442\u0435\u0445\u043d\u043e\u043b\u043e\u0433\u0438\u0447\u0435\u0441\u043a\u0438\u0439 \u0438\u043d\u0441\u0442\u0438\u0442\u0443\u0442, \u0434\u0435\u043a\u0430\u043d \u0444\u0430\u043a\u0443\u043b\u044c\u0442\u0435\u0442\u0430<br \/>\n1996-2000 \u2013 \u0411\u0430\u043a\u0438\u043d\u0441\u043a\u0438\u0439 \u0433\u043e\u0441\u0443\u0434\u0430\u0440\u0441\u0442\u0432\u0435\u043d\u043d\u044b\u0439 \u0438\u043d\u0441\u0442\u0438\u0442\u0443\u0442 \u0442\u043e\u0432\u0430\u0440\u043e\u0432\u0435\u0434\u0435\u043d\u0438\u044f \u0438 \u0442\u043e\u0440\u0433\u043e\u0432\u043b\u0438, \u0434\u0435\u043a\u0430\u043d \u0444\u0430\u043a\u0443\u043b\u044c\u0442\u0435\u0442\u0430<br \/>\n2000 \u043f\u043e \u043d\u0430\u0441\u0442\u043e\u044f\u0449\u0435\u0435 \u0432\u0440\u0435\u043c\u044f \u2013 \u0410\u0437\u0435\u0440\u0431\u0430\u0439\u0434\u0436\u0430\u043d\u0441\u043a\u0438\u0439 \u0433\u043e\u0441\u0443\u0434\u0430\u0440\u0441\u0442\u0432\u0435\u043d\u043d\u044b\u0439 \u044d\u043a\u043e\u043d\u043e\u043c\u0438\u0447\u0435\u0441\u043a\u0438\u0439 \u0443\u043d\u0438\u0432\u0435\u0440\u0441\u0438\u0442\u0435\u0442, \u0434\u0435\u043a\u0430\u043d \u0444\u0430\u043a\u0443\u043b\u044c\u0442\u0435\u0442\u0430<\/p>\n<p style=\"text-align: justify;\"><strong>\u041d\u0430\u0443\u0447\u043d\u043e-\u043c\u0435\u0442\u043e\u0434\u0438\u0447\u0435\u0441\u043a\u0438\u0435 \u0442\u0440\u0443\u0434\u044b:<\/strong><\/p>\n<p style=\"text-align: justify;\">\u0411\u043e\u043b\u0435\u0435 130 \u043d\u0430\u0443\u0447\u043d\u044b\u0445 \u0440\u0430\u0431\u043e\u0442, 4 \u0443\u0447\u0435\u0431\u043d\u0438\u043a\u0430 \u0438 \u0443\u0447\u0435\u0431\u043d\u043e\u0435 \u043f\u043e\u0441\u043e\u0431\u0438\u0435, 3 \u0438\u0437\u043e\u0431\u0440\u0435\u0442\u0435\u043d\u0438\u044f.<\/p>\n<p style=\"text-align: justify;\">\u0421\u043e\u0433\u043b\u0430\u0441\u043d\u043e \u0440\u0430\u0441\u043f\u043e\u0440\u044f\u0436\u0435\u043d\u0438\u044e \u041f\u0440\u0435\u0437\u0438\u0434\u0435\u043d\u0442\u0430 \u0410\u0437\u0435\u0440\u0431\u0430\u0439\u0434\u0436\u0430\u043d\u0441\u043a\u043e\u0439 \u0420\u0435\u0441\u043f\u0443\u0431\u043b\u0438\u043a\u0438 \u043e\u0442 \u00a024 \u0441\u0435\u043d\u0442\u044f\u0431\u0440\u044f \u00a02020 \u0433\u043e\u0434\u0430 \u043f\u043e \u0441\u043b\u0443\u0447\u0430\u044e 90-\u043b\u0435\u0442\u0438\u044f \u0410\u0437\u0435\u0440\u0431\u0430\u0439\u0434\u0436\u0430\u043d\u0441\u043a\u043e\u0433\u043e \u0433\u043e\u0441\u0443\u0434\u0430\u0440\u0441\u0442\u0432\u0435\u043d\u043d\u043e\u0433\u043e \u044d\u043a\u043e\u043d\u043e\u043c\u0438\u0447\u0435\u0441\u043a\u043e\u0433\u043e \u0443\u043d\u0438\u0432\u0435\u0440\u0441\u0438\u0442\u0435\u0442\u0430 \u0438 \u0437\u0430 \u0437\u0430\u0441\u043b\u0443\u0433\u0438 \u0432 \u00a0\u0440\u0430\u0437\u0432\u0438\u0442\u0438\u0438 \u043e\u0431\u0440\u0430\u0437\u043e\u0432\u0430\u043d\u0438\u044f \u0432 \u0410\u0437\u0435\u0440\u0431\u0430\u0439\u0434\u0436\u0430\u043d\u0435 \u0443\u0434\u043e\u0441\u0442\u043e\u0435\u043d \u043f\u043e\u0447\u0435\u0442\u043d\u043e\u0433\u043e \u0437\u0432\u0430\u043d\u0438\u044f \u00ab\u0417\u0430\u0441\u043b\u0443\u0436\u0435\u043d\u043d\u044b\u0439 \u0443\u0447\u0438\u0442\u0435\u043b\u044c\u00bb.<\/p>\n<p><span style=\"color: #800000;\"><a class=\"fancybox-thumb\" href=\"https:\/\/unec.edu.az\/application\/uploads\/2015\/05\/vakildcbf0e60d89e01aaa340c.jpg\" rel=\"fancybox-thumb\"><img decoding=\"async\" class=\"fancybox-margin alignnone wp-image-164688 \" src=\"https:\/\/unec.edu.az\/application\/uploads\/2015\/05\/vakildcbf0e60d89e01aaa340c-236x180.jpg\" alt=\"vakildcbf0e60d89e01aaa340c\" width=\"145\" height=\"111\" \/><\/a><a class=\"fancybox-thumb\" href=\"https:\/\/unec.edu.az\/application\/uploads\/2015\/05\/emtee_2240.jpg\" rel=\"fancybox-thumb\"><img decoding=\"async\" class=\"fancybox-margin alignnone wp-image-41268 \" src=\"https:\/\/unec.edu.az\/application\/uploads\/2015\/05\/emtee_2240-236x180.jpg\" alt=\"emtee_2240\" width=\"145\" height=\"111\" \/><\/a><a class=\"fancybox-thumb\" href=\"https:\/\/unec.edu.az\/application\/uploads\/2015\/05\/1-Sakarya-Universitesi-Ziyaret_9488-2_resize-1.jpg\" rel=\"fancybox-thumb\"><img loading=\"lazy\" decoding=\"async\" class=\"fancybox-margin alignnone wp-image-85352 \" title=\"UNEC m\u00fc\u0259lliml\u0259rinin T\u00fcrkiy\u0259 universitetl\u0259rin\u0259 s\u0259f\u0259ri s\u0259m\u0259r\u0259li oldu (16.02.2017)\" src=\"https:\/\/unec.edu.az\/application\/uploads\/2015\/05\/1-Sakarya-Universitesi-Ziyaret_9488-2_resize-1-300x200.jpg\" alt=\"1-Sakarya Universitesi Ziyaret_9488 (2)_resize (1)\" width=\"167\" height=\"111\" srcset=\"http:\/\/unec.edu.az\/application\/uploads\/2015\/05\/1-Sakarya-Universitesi-Ziyaret_9488-2_resize-1-300x200.jpg 300w, http:\/\/unec.edu.az\/application\/uploads\/2015\/05\/1-Sakarya-Universitesi-Ziyaret_9488-2_resize-1.jpg 800w\" sizes=\"(max-width: 167px) 100vw, 167px\" \/><\/a><a class=\"fancybox-thumb\" href=\"https:\/\/unec.edu.az\/application\/uploads\/2016\/10\/DSC_0019.jpg\" rel=\"fancybox-thumb\"><img loading=\"lazy\" decoding=\"async\" class=\"fancybox-margin alignnone wp-image-67691\" src=\"https:\/\/unec.edu.az\/application\/uploads\/2016\/10\/DSC_0019-300x202.jpg\" alt=\"DSC_0019\" width=\"165\" height=\"111\" srcset=\"http:\/\/unec.edu.az\/application\/uploads\/2016\/10\/DSC_0019-300x200.jpg 300w, http:\/\/unec.edu.az\/application\/uploads\/2016\/10\/DSC_0019.jpg 1024w\" sizes=\"(max-width: 165px) 100vw, 165px\" \/><\/a><a class=\"fancybox-thumb\" href=\"https:\/\/unec.edu.az\/application\/uploads\/2015\/05\/vekiltttDSC_00302-1024x687.jpg\" rel=\"fancybox-thumb\"><img loading=\"lazy\" decoding=\"async\" class=\"fancybox-margin alignnone wp-image-41269 \" src=\"https:\/\/unec.edu.az\/application\/uploads\/2015\/05\/vekiltttDSC_00302-1024x687-236x180.jpg\" alt=\"vekiltttDSC_00302-1024x687\" width=\"146\" height=\"111\" \/><\/a><a class=\"fancybox-thumb\" href=\"https:\/\/unec.edu.az\/application\/uploads\/2016\/09\/DSC_7247.jpg\" rel=\"fancybox-thumb\"><img loading=\"lazy\" decoding=\"async\" class=\"fancybox-margin alignnone wp-image-65570 \" src=\"https:\/\/unec.edu.az\/application\/uploads\/2016\/09\/DSC_7247-236x180.jpg\" alt=\"DSC_7247\" width=\"144\" height=\"110\" \/><\/a><a class=\"fancybox-thumb\" href=\"https:\/\/unec.edu.az\/application\/uploads\/2015\/05\/vekiltttDSC_00302-1024x687.jpg\" rel=\"fancybox-thumb\"><br \/>\n<\/a><\/span><\/p>\n<p><span style=\"color: #000000;\"><em><a style=\"color: #333333;\" href=\"https:\/\/unec.edu.az\/ru\/unec-de-elmi-tedqiqat-ili-texnologiya-ve-dizayn-fakultesinde-elmi-seminarlar\/\">\u0412 UNEC \u00ab\u0413\u043e\u0434 \u043d\u0430\u0443\u0447\u043d\u044b\u0445 \u0438\u0441\u0441\u043b\u0435\u0434\u043e\u0432\u0430\u043d\u0438\u0439\u00bb \u2013 \u041d\u0430\u0443\u0447\u043d\u044b\u0439 \u0441\u0435\u043c\u0438\u043d\u0430\u0440 \u043d\u0430 \u0444\u0430\u043a\u0443\u043b\u044c\u0442\u0435\u0442\u0435 \u0422\u0435\u0445\u043d\u043e\u043b\u043e\u0433\u0438\u0438 \u0438 \u0434\u0438\u0437\u0430\u0439\u043d\u0430<\/a>\u00a0(05.03.2018)<\/em><\/span><em><br \/>\n\u0421\u0442\u0443\u0434\u0435\u043d\u0447\u0435\u0441\u043a\u0430\u044f \u043d\u0430\u0443\u0447\u043d\u0430\u044f \u043a\u043e\u043d\u0444\u0435\u0440\u0435\u043d\u0446\u0438\u044f: \u00ab\u0415\u0434\u0438\u043d\u0441\u0442\u0432\u043e \u043a\u0443\u043b\u044c\u0442\u0443\u0440\u043d\u044b\u0445 \u0438 \u0434\u0443\u0445\u043e\u0432\u043d\u044b\u0445 \u0446\u0435\u043d\u043d\u043e\u0441\u0442\u0435\u0439\u00bb\u00a0(01.06.2017)<\/em><br \/>\n<span style=\"color: #000000;\"> <em><a style=\"color: #000000;\" href=\"https:\/\/unec.edu.az\/ru\/unec-de-strateji-yol-xeritesi-muzakire-edilib\/\">\u0412 UNEC \u043e\u0431\u0441\u0443\u0436\u0434\u0430\u043b\u0430\u0441\u044c \u00ab\u0421\u0442\u0440\u0430\u0442\u0435\u0433\u0438\u0447\u0435\u0441\u043a\u0430\u044f \u0434\u043e\u0440\u043e\u0436\u043d\u0430\u044f \u043a\u0430\u0440\u0442\u0430\u00bb (01.27.2017)<br \/>\n<\/a><a style=\"color: #000000;\" href=\"https:\/\/unec.edu.az\/ru\/unec-telebeleri-qida-ve-tekstil-senayesinin-inkisafini-muzakire-edibler\/\">\u0421\u0442\u0443\u0434\u0435\u043d\u0442\u044b UNEC \u043e\u0431\u0441\u0443\u0434\u0438\u043b\u0438 \u0440\u0430\u0437\u0432\u0438\u0442\u0438\u0435 \u043f\u0438\u0449\u0435\u0432\u043e\u0439 \u0438 \u0442\u0435\u043a\u0441\u0442\u0438\u043b\u044c\u043d\u043e\u0439 \u043f\u0440\u043e\u043c\u044b\u0448\u043b\u0435\u043d\u043d\u043e\u0441\u0442\u0438<\/a><a class=\"fancybox-thumb\" style=\"color: #000000;\" href=\"https:\/\/unec.edu.az\/application\/uploads\/2016\/03\/DSC_6540.jpg\" rel=\"fancybox-thumb\">\u00a0<\/a>(17.11.2016)<\/em><\/span><\/p>\n<p>&nbsp;<\/p>\n<p><a class=\"fancybox-thumb\" href=\"https:\/\/unec.edu.az\/application\/uploads\/2017\/12\/DSC_5162.jpg\" rel=\"fancybox-thumb\"><img loading=\"lazy\" decoding=\"async\" class=\"fancybox-margin alignnone wp-image-114898 size-image236x180\" title=\"\u018fmt\u0259\u0259\u015f\u00fcnasl\u0131q m\u0259kt\u0259binin banisi \u018fli H\u0259s\u0259novun 80 illik yubileyi (28.12.2017)\" src=\"https:\/\/unec.edu.az\/application\/uploads\/2017\/12\/DSC_5162-236x180.jpg\" alt=\"DSC_5162\" width=\"236\" height=\"180\" \/><\/a><a class=\"fancybox-thumb\" href=\"https:\/\/unec.edu.az\/application\/uploads\/2015\/05\/mehriban_vekil.jpg\" rel=\"fancybox-thumb\"><img loading=\"lazy\" decoding=\"async\" class=\"fancybox-margin alignnone wp-image-137305 size-image236x180\" title=\"UNEC: apar\u0131c\u0131 universitetl\u0259rin t\u0259cr\u00fcb\u0259si h\u0259d\u0259fimizd\u0259 (12.02.2019)\" src=\"https:\/\/unec.edu.az\/application\/uploads\/2015\/05\/mehriban_vekil-236x180.jpg\" alt=\"mehriban_vekil\" width=\"236\" height=\"180\" \/><\/a><a class=\"fancybox-thumb\" href=\"https:\/\/unec.edu.az\/application\/uploads\/2016\/07\/mehriban_vekil11.jpg\" rel=\"fancybox-thumb\"><img loading=\"lazy\" decoding=\"async\" class=\"fancybox-margin alignnone wp-image-137303 size-image236x180\" title=\"UNEC: apar\u0131c\u0131 universitetl\u0259rin t\u0259cr\u00fcb\u0259si h\u0259d\u0259fimizd\u0259 (12.02.2019)\" src=\"https:\/\/unec.edu.az\/application\/uploads\/2016\/07\/mehriban_vekil11-236x180.jpg\" alt=\"mehriban_vekil11\" width=\"236\" height=\"180\" \/><\/a><\/p>\n","protected":false},"excerpt":{"rendered":"<p>\u00a0\u0414\u0435\u043a\u0430\u043d \u0444\u0430\u043a\u0443\u043b\u044c\u0442\u0435\u0442\u0430 \u0422\u0435\u0445\u043d\u043e\u043b\u043e\u0433\u0438\u0438 \u0438 \u0414\u0438\u0437\u0430\u0439\u043d\u0430: \u043f\u0440\u043e\u0444. \u0413\u0443\u0441\u0435\u0439\u043d\u043e\u0432 \u0412\u0435\u043a\u0438\u043b \u041d\u0435\u043c\u0430\u0442 \u043e\u0433\u043b\u044b\u00a0\u00a0 \u0422\u0435\u043b\u0435\u0444\u043e\u043d: + (994) 494-45-20 12 E-mail:\u00a0vekil.huseynov@unec.edu.az \u041e\u0431\u0440\u0430\u0437\u043e\u0432\u0430\u043d\u0438\u0435, \u0443\u0447\u0435\u043d\u0430\u044f \u0441\u0442\u0435\u043f\u0435\u043d\u044c \u0438 \u0443\u0447\u0435\u043d\u043e\u0435 \u0437\u0432\u0430\u043d\u0438\u0435: 1952-1962 \u2013 \u0421\u0440\u0435\u0434\u043d\u044f\u044f \u0448\u043a\u043e\u043b\u0430; 1962-1969 \u2013 \u041f\u043e\u043b\u0438\u0442\u0435\u0445\u043d\u0438\u0447\u0435\u0441\u043a\u0438\u0439 \u0438\u043d\u0441\u0442\u0438\u0442\u0443\u0442 \u0438\u043c.\u0427.\u0418\u043b\u044c\u0434\u044b\u0440\u044b\u043c\u0430 (\u0432 \u043d\u0430\u0441\u0442\u043e\u044f\u0449\u0435\u0435 \u0432\u0440\u0435\u043c\u044f \u0410\u0437\u0435\u0440\u0431\u0430\u0439\u0434\u0436\u0430\u043d\u0441\u043a\u0438\u0439 \u0442\u0435\u0445\u043d\u0438\u0447\u0435\u0441\u043a\u0438\u0439 \u0443\u043d\u0438\u0432\u0435\u0440\u0441\u0438\u0442\u0435\u0442) 1969-1972 \u2013 \u0430\u0441\u043f\u0438\u0440\u0430\u043d\u0442\u0443\u0440\u0430; 1979 \u2013 \u0434\u043e\u0446\u0435\u043d\u0442; 1992 \u2013 \u043f\u0440\u043e\u0444\u0435\u0441\u0441\u043e\u0440. \u0422\u0440\u0443\u0434\u043e\u0432\u0430\u044f \u0434\u0435\u044f\u0442\u0435\u043b\u044c\u043d\u043e\u0441\u0442\u044c: 1973-1979 \u2013 \u041f\u043e\u043b\u0438\u0442\u0435\u0445\u043d\u0438\u0447\u0435\u0441\u043a\u0438\u0439 \u0438\u043d\u0441\u0442\u0438\u0442\u0443\u0442, \u0430\u0441\u0441\u0438\u0441\u0442\u0435\u043d\u0442 1979-1996 \u2013 [&hellip;]<\/p>\n","protected":false},"author":10,"featured_media":0,"parent":0,"menu_order":0,"comment_status":"open","ping_status":"open","template":"","meta":{"footnotes":""},"class_list":["post-12288","page","type-page","status-publish","hentry"],"_links":{"self":[{"href":"http:\/\/unec.edu.az\/ru\/wp-json\/wp\/v2\/pages\/12288","targetHints":{"allow":["GET"]}}],"collection":[{"href":"http:\/\/unec.edu.az\/ru\/wp-json\/wp\/v2\/pages"}],"about":[{"href":"http:\/\/unec.edu.az\/ru\/wp-json\/wp\/v2\/types\/page"}],"author":[{"embeddable":true,"href":"http:\/\/unec.edu.az\/ru\/wp-json\/wp\/v2\/users\/10"}],"replies":[{"embeddable":true,"href":"http:\/\/unec.edu.az\/ru\/wp-json\/wp\/v2\/comments?post=12288"}],"version-history":[{"count":27,"href":"http:\/\/unec.edu.az\/ru\/wp-json\/wp\/v2\/pages\/12288\/revisions"}],"predecessor-version":[{"id":165302,"href":"http:\/\/unec.edu.az\/ru\/wp-json\/wp\/v2\/pages\/12288\/revisions\/165302"}],"wp:attachment":[{"href":"http:\/\/unec.edu.az\/ru\/wp-json\/wp\/v2\/media?parent=12288"}],"curies":[{"name":"wp","href":"https:\/\/api.w.org\/{rel}","templated":true}]}}