{"id":12291,"date":"2015-05-20T10:59:34","date_gmt":"2015-05-20T06:59:34","guid":{"rendered":"https:\/\/unec.edu.az\/dos-quliyev-asiman-aydin-oglu-2\/"},"modified":"2021-09-30T15:05:21","modified_gmt":"2021-09-30T11:05:21","slug":"dos-quliyev-asiman-aydin-oglu","status":"publish","type":"page","link":"http:\/\/unec.edu.az\/ru\/dos-quliyev-asiman-aydin-oglu\/","title":{"rendered":"\u0434\u043e\u0446. \u041a\u0443\u043b\u0438\u0435\u0432 \u0410\u0441\u0438\u043c\u0430\u043d \u0410\u0439\u0434\u044b\u043d \u043e\u0433\u043b\u044b"},"content":{"rendered":"<h4><a href=\"https:\/\/unec.edu.az\/application\/uploads\/2015\/02\/asiman1805.jpg\"><img fetchpriority=\"high\" decoding=\"async\" class=\"alignleft wp-image-9635\" title=\"left\" src=\"https:\/\/unec.edu.az\/application\/uploads\/2015\/02\/asiman1805-200x300.jpg\" alt=\"asiman1805\" width=\"232\" height=\"348\" srcset=\"http:\/\/unec.edu.az\/application\/uploads\/2015\/02\/asiman1805-200x300.jpg 200w, http:\/\/unec.edu.az\/application\/uploads\/2015\/02\/asiman1805.jpg 300w\" sizes=\"(max-width: 232px) 100vw, 232px\" \/><\/a><\/h4>\n<h4><span style=\"color: #800000;\"><em>\u043a.\u044d.\u043d.,\u0434\u043e\u0446\u0435\u043d\u0442 \u041a\u0443\u043b\u0438\u0435\u0432 \u0410\u0441\u0438\u043c\u0430\u043d \u0410\u0439\u0434\u044b\u043d \u043e\u0433\u043b\u044b<\/em><\/span><\/h4>\n<h4><span style=\"color: #800000;\"><em>E-mail: as.guliyev@unec.edu.az<\/em><\/span><\/h4>\n<p style=\"text-align: justify;\">\u0420\u043e\u0434\u0438\u043b\u0441\u044f\u00a0\u0432 1956 \u0433\u043e\u0434\u0443\u00a0\u0432 \u0433\u043e\u0440\u043e\u0434\u0435 \u0428\u0435\u043a\u0438.\u00a0\u00a0\u0412 1963-1973\u00a0\u0433\u043e\u0434\u0430\u0445 \u0443\u0447\u0438\u043b\u0441\u044f \u0432 \u0441\u0440\u0435\u0434\u043d\u0435\u0439 \u0448\u043a\u043e\u043b\u0435 \u0432 \u0433\u043e\u0440\u043e\u0434\u0435 \u0411\u0430\u043a\u0443.<\/p>\n<p style=\"text-align: justify;\">\u0412 1973-1978 \u0433\u043e\u0434\u0430\u0445 \u0443\u0447\u0438\u043b\u0441\u044f \u0432 \u0410\u0437\u0435\u0440\u0431\u0430\u0439\u0434\u0436\u0430\u043d\u0441\u043a\u043e\u043c \u0438\u043d\u0441\u0442\u0438\u0442\u0443\u0442\u0435 \u043d\u0430\u0440\u043e\u0434\u043d\u043e\u0433\u043e \u0445\u043e\u0437\u044f\u0439\u0441\u0442\u0432\u0430 \u0438\u043c.\u0414.\u0411\u0443\u043d\u0438\u0430\u0442\u0437\u0430\u0434\u0435 (\u043d\u044b\u043d\u0435 \u0410\u0437\u0435\u0440\u0431\u0430\u0439\u0434\u0436\u0430\u043d\u0441\u043a\u0438\u0439 \u0433\u043e\u0441\u0443\u0434\u0430\u0440\u0441\u0442\u0432\u0435\u043d\u043d\u044b\u0439 \u044d\u043a\u043e\u043d\u043e\u043c\u0438\u0447\u0435\u0441\u043a\u0438\u0439 \u0443\u043d\u0438\u0432\u0435\u0440\u0441\u0438\u0442\u0435\u0442).<\/p>\n<p style=\"text-align: justify;\">\u0412 1983-1985 \u0433\u043e\u0434\u0430\u0445 \u00a0\u0431\u044b\u043b \u0430\u0441\u043f\u0438\u0440\u0430\u043d\u0442\u043e\u043c \u0432 \u0443\u043a\u0430\u0437\u0430\u043d\u043d\u043e\u043c \u0438\u043d\u0441\u0442\u0438\u0442\u0443\u0442\u0435.\u00a0\u0412 1988 \u0433\u043e\u0434\u0443, \u00a0\u0437\u0430\u0449\u0438\u0442\u0438\u0432 \u0434\u0438\u0441\u0441\u0435\u0440\u0442\u0430\u0446\u0438\u043e\u043d\u043d\u0443\u044e \u0440\u0430\u0431\u043e\u0442\u0443 \u0432 \u0421\u0430\u043d\u043a\u0442-\u041f\u0435\u0442\u0435\u0440\u0431\u0443\u0440\u0433\u0441\u043a\u043e\u043c \u0443\u043d\u0438\u0432\u0435\u0440\u0441\u0438\u0442\u0435\u0442\u0435 \u044d\u043a\u043e\u043d\u043e\u043c\u0438\u043a\u0438 \u0438 \u0444\u0438\u043d\u0430\u043d\u0441\u043e\u0432 \u0438\u043c. \u0412\u043e\u0437\u043d\u0435\u0441\u0435\u043d\u0441\u043a\u043e\u0433\u043e,\u00a0 \u043f\u043e\u043b\u0443\u0447\u0438\u043b \u0443\u0447\u0435\u043d\u0443\u044e \u0441\u0442\u0435\u043f\u0435\u043d\u044c \u043a\u0430\u043d\u0434\u0438\u0434\u0430\u0442\u0430 \u044d\u043a\u043e\u043d\u043e\u043c\u0438\u0447\u0435\u0441\u043a\u0438\u0445 \u043d\u0430\u0443\u043a.<\/p>\n<p style=\"text-align: justify;\">\u0412\u00a01986-1992 \u0433\u043e\u0434\u0430\u0445 \u0440\u0430\u0431\u043e\u0442\u0430\u043b \u00a0\u0432 \u0410\u0413\u042d\u0423 \u043d\u0430 \u0434\u043e\u043b\u0436\u043d\u043e\u0441\u0442\u0438 \u043f\u0440\u0435\u043f\u043e\u0434\u0430\u0432\u0430\u0442\u0435\u043b\u044f, \u0430 \u0432\u00a01986-1989 \u0433\u043e\u0434\u0430\u0445 \u043f\u0440\u0435\u0434\u0441\u0435\u0434\u0430\u0442\u0435\u043b\u0435\u043c \u0421\u0442\u0443\u0434\u0435\u043d\u0447\u0435\u0441\u043a\u043e\u0433\u043e \u043f\u0440\u043e\u0444\u0441\u043e\u044e\u0437\u043d\u043e\u0433\u043e \u043a\u043e\u043c\u0438\u0442\u0435\u0442\u0430.<\/p>\n<p style=\"text-align: justify;\">\u0412 1992-1993 \u00a0\u0433\u043e\u0434\u0430\u0445 \u0440\u0430\u0431\u043e\u0442\u0430\u043b \u0432 \u043a\u0430\u0447\u0435\u0441\u0442\u0432\u0435 \u0433\u043b\u0430\u0432\u044b \u0438\u0441\u043f\u043e\u043b\u043d\u0438\u0442\u0435\u043b\u044c\u043d\u043e\u0439 \u0432\u043b\u0430\u0441\u0442\u0438 \u041b\u0435\u0440\u0438\u043a\u0441\u043a\u043e\u0433\u043e \u0440\u0430\u0439\u043e\u043d\u0430.<\/p>\n<p style=\"text-align: justify;\">\u0412 1994-1997 \u0433\u043e\u0434\u0430\u0445 \u0432 \u0411\u0430\u043a\u0438\u043d\u0441\u043a\u043e\u043c \u0443\u043d\u0438\u0432\u0435\u0440\u0441\u0438\u0442\u0435\u0442\u0435 \u0431\u0438\u0437\u043d\u0435\u0441\u0430 \u0440\u0430\u0431\u043e\u0442\u0430\u043b \u043d\u0430 \u0434\u043e\u043b\u0436\u043d\u043e\u0441\u0442\u0438 \u0434\u043e\u0446\u0435\u043d\u0442\u0430, \u0437\u0430\u0442\u0435\u043c \u0434\u0435\u043a\u0430\u043d\u0430. \u0421 1997 \u0433\u043e\u0434\u0430 \u00a0\u044f\u0432\u043b\u044f\u0435\u0442\u0441\u044f \u0434\u043e\u0446\u0435\u043d\u0442\u043e\u043c \u043a\u0430\u0444\u0435\u0434\u0440\u044b \u00ab\u042d\u043a\u043e\u043d\u043e\u043c\u0438\u0447\u0435\u0441\u043a\u0430\u044f \u0442\u0435\u043e\u0440\u0438\u044f\u00bb \u0410\u0413\u042d\u0423. \u0421\u00a02000 \u0433\u043e\u0434\u0430\u00a0\u2013\u00a0 \u043f\u0440\u0435\u0441\u0441-\u0441\u0435\u043a\u0440\u0435\u0442\u0430\u0440\u044c \u0436\u0443\u0440\u043d\u0430\u043b\u0430 \u00ab\u042d\u043a\u043e\u043d\u043e\u043c\u0438\u0447\u0435\u0441\u043a\u0438\u0435 \u043d\u0430\u0443\u043a\u0438: \u0442\u0435\u043e\u0440\u0438\u044f \u0438 \u043f\u0440\u0430\u043a\u0442\u0438\u043a\u0430\u00bb\u00a0 \u0410\u0413\u042d\u0423.<\/p>\n<p style=\"text-align: justify;\">\u0412 2006-2014 \u0433\u043e\u0434\u0430\u0445\u00a0\u00a0\u0440\u0430\u0431\u043e\u0442\u0430\u043b \u043d\u0430 \u0434\u043e\u043b\u0436\u043d\u043e\u0441\u0442\u0438 \u0437\u0430\u043c\u0435\u0441\u0442\u0438\u0442\u0435\u043b\u044f \u0434\u0435\u043a\u0430\u043d\u0430 \u0422\u0443\u0440\u0435\u0446\u043a\u043e\u0433\u043e \u0444\u0430\u043a\u0443\u043b\u044c\u0442\u0435\u0442\u0430 \u042d\u043a\u043e\u043d\u043e\u043c\u0438\u043a\u0438 \u0438 \u0443\u043f\u0440\u0430\u0432\u043b\u0435\u043d\u0438\u044f.\u00a0\u0421 2014 \u043f\u043e\u00a02021 \u0433\u043e\u0434\u0430\u00a0\u044f\u0432\u043b\u044f\u043b\u0441\u044f \u0434\u0435\u043a\u0430\u043d\u043e\u043c \u041e\u0431\u0449\u0435\u044d\u043a\u043e\u043d\u043e\u043c\u0438\u0447\u0435\u0441\u043a\u043e\u0433\u043e \u0444\u0430\u043a\u0443\u043b\u044c\u0442\u0435\u0442\u0430.<\/p>\n<p style=\"text-align: justify;\">\u041e\u043f\u0443\u0431\u043b\u0438\u043a\u043e\u0432\u0430\u043d\u044b \u0431\u043e\u043b\u0435\u0435\u00a060 \u043d\u0430\u0443\u0447\u043d\u044b\u0445 \u0440\u0430\u0431\u043e\u0442,\u00a0\u043c\u043e\u043d\u043e\u0433\u0440\u0430\u0444\u0438\u0439, \u0443\u0447\u0435\u0431\u043d\u0438\u043a\u043e\u0432 \u0438 \u043f\u0435\u0440\u0435\u0432\u043e\u0434\u044b \u0432 \u0410\u0437\u0435\u0440\u0431\u0430\u0439\u0434\u0436\u0430\u043d\u0435, \u0420\u043e\u0441\u0441\u0438\u0438, \u0427\u0435\u0445\u043e\u0441\u043b\u043e\u0432\u0430\u043a\u0438\u0438.\u00a0 \u0420\u0435\u0433\u0443\u043b\u044f\u0440\u043d\u043e \u0443\u0447\u0430\u0441\u0442\u0432\u0443\u0435\u0442 \u043d\u0430 \u043c\u0435\u0436\u0434\u0443\u043d\u0430\u0440\u043e\u0434\u043d\u044b\u0445 \u043a\u043e\u043d\u0444\u0435\u0440\u0435\u043d\u0446\u0438\u044f\u0445.<\/p>\n<p style=\"text-align: justify;\">\u0421\u043e\u0433\u043b\u0430\u0441\u043d\u043e \u0440\u0430\u0441\u043f\u043e\u0440\u044f\u0436\u0435\u043d\u0438\u044e \u041f\u0440\u0435\u0437\u0438\u0434\u0435\u043d\u0442\u0430 \u0410\u0437\u0435\u0440\u0431\u0430\u0439\u0434\u0436\u0430\u043d\u0441\u043a\u043e\u0439 \u0420\u0435\u0441\u043f\u0443\u0431\u043b\u0438\u043a\u0438 \u043e\u0442 \u00a024 \u0441\u0435\u043d\u0442\u044f\u0431\u0440\u044f \u00a02020 \u0433\u043e\u0434\u0430 \u043f\u043e \u0441\u043b\u0443\u0447\u0430\u044e 90-\u043b\u0435\u0442\u0438\u044f \u0410\u0437\u0435\u0440\u0431\u0430\u0439\u0434\u0436\u0430\u043d\u0441\u043a\u043e\u0433\u043e \u0433\u043e\u0441\u0443\u0434\u0430\u0440\u0441\u0442\u0432\u0435\u043d\u043d\u043e\u0433\u043e \u044d\u043a\u043e\u043d\u043e\u043c\u0438\u0447\u0435\u0441\u043a\u043e\u0433\u043e \u0443\u043d\u0438\u0432\u0435\u0440\u0441\u0438\u0442\u0435\u0442\u0430 \u0438 \u0437\u0430 \u0437\u0430\u0441\u043b\u0443\u0433\u0438 \u0432 \u00a0\u0440\u0430\u0437\u0432\u0438\u0442\u0438\u0438 \u043e\u0431\u0440\u0430\u0437\u043e\u0432\u0430\u043d\u0438\u044f \u0432 \u0410\u0437\u0435\u0440\u0431\u0430\u0439\u0434\u0436\u0430\u043d\u0435 \u0443\u0434\u043e\u0441\u0442\u043e\u0435\u043d \u043f\u043e\u0447\u0435\u0442\u043d\u043e\u0433\u043e \u0437\u0432\u0430\u043d\u0438\u044f \u00ab\u0417\u0430\u0441\u043b\u0443\u0436\u0435\u043d\u043d\u044b\u0439 \u0443\u0447\u0438\u0442\u0435\u043b\u044c\u00bb.<\/p>\n<h4 style=\"text-align: justify;\"><span style=\"color: #000080;\"><em><a style=\"color: #000080;\" href=\"https:\/\/unec.edu.az\/application\/uploads\/2015\/05\/eser_asia.pdf\">\u0421\u041f\u0418\u0421\u041e\u041a \u00a0\u041d\u0410\u0423\u0427\u041d\u042b\u0425 \u00a0\u0422\u0420\u0423\u0414\u041e\u0412\u00a0<\/a><\/em><\/span><\/h4>\n<p><a class=\"fancybox-thumb\" href=\"https:\/\/unec.edu.az\/application\/uploads\/2021\/06\/TAG_4161.jpg\" rel=\"fancybox-thumb\"><img decoding=\"async\" class=\"fancybox-margin alignnone wp-image-163930 size-thumbnail\" src=\"https:\/\/unec.edu.az\/application\/uploads\/2021\/06\/TAG_4161-150x150.jpg\" alt=\"TAG_4161\" width=\"150\" height=\"150\" \/><\/a><a class=\"fancybox-thumb\" href=\"https:\/\/unec.edu.az\/application\/uploads\/2015\/07\/DSC_2247.jpg\" rel=\"fancybox-thumb\"><img decoding=\"async\" class=\"fancybox-margin  alignnone wp-image-18227 size-thumbnail\" src=\"https:\/\/unec.edu.az\/application\/uploads\/2015\/07\/DSC_2247-150x150.jpg\" alt=\"DSC_2247\" width=\"150\" height=\"150\" \/><\/a><a class=\"fancybox-thumb\" href=\"https:\/\/unec.edu.az\/application\/uploads\/2016\/11\/IMG_2827.jpg\" rel=\"fancybox-thumb\"><img loading=\"lazy\" decoding=\"async\" class=\"fancybox-margin  alignnone wp-image-74062 size-thumbnail\" src=\"https:\/\/unec.edu.az\/application\/uploads\/2016\/11\/IMG_2827-150x150.jpg\" alt=\"IMG_2827\" width=\"150\" height=\"150\" \/><\/a><a class=\"fancybox-thumb\" href=\"https:\/\/unec.edu.az\/application\/uploads\/2016\/10\/DSC_0048.jpg\" rel=\"fancybox-thumb\"><img loading=\"lazy\" decoding=\"async\" class=\"fancybox-margin  alignnone wp-image-67640 size-thumbnail\" src=\"https:\/\/unec.edu.az\/application\/uploads\/2016\/10\/DSC_0048-150x150.jpg\" alt=\"DSC_0048\" width=\"150\" height=\"150\" \/><\/a><a class=\"fancybox-thumb\" href=\"https:\/\/unec.edu.az\/application\/uploads\/2016\/12\/asiman_2678.jpg\" rel=\"fancybox-thumb\"><img loading=\"lazy\" decoding=\"async\" class=\"fancybox-margin alignnone wp-image-75835 size-thumbnail\" title=\"UNEC-in professor-m\u00fc\u0259llim hey\u0259ti Sumqay\u0131t Kimya S\u0259naye Park\u0131nda olublar (07.12.2016)\" src=\"https:\/\/unec.edu.az\/application\/uploads\/2016\/12\/asiman_2678-150x150.jpg\" alt=\"asiman_2678\" width=\"150\" height=\"150\" \/><\/a><a class=\"fancybox-thumb\" href=\"https:\/\/unec.edu.az\/application\/uploads\/2017\/02\/turk_00021.jpg\" rel=\"fancybox-thumb\"><img loading=\"lazy\" decoding=\"async\" class=\"fancybox-margin alignnone wp-image-84258 size-thumbnail\" title=\"T\u00fcrkiye- Azerbaycan \u0130li\u015fkilerine Akademi Deste\u011fi (13.02.2017)\" src=\"https:\/\/unec.edu.az\/application\/uploads\/2017\/02\/turk_00021-150x150.jpg\" alt=\"turk_0002(1)\" width=\"150\" height=\"150\" \/><\/a><\/p>\n<p>&nbsp;<\/p>\n<p><span style=\"color: #000000;\"><em><a style=\"color: #333333;\" href=\"https:\/\/unec.edu.az\/ru\/accessbank-dan-unec-telebelerinin-elmi-tedqiqatina-destek\/\">\u041f\u043e\u0434\u0434\u0435\u0440\u0436\u043a\u0430 AccessBank-\u043e\u043c \u0441\u0442\u0443\u0434\u0435\u043d\u0442\u043e\u0432 UNEC<\/a>\u00a0(15.03.2018)<br \/>\n<\/em><\/span><em><a style=\"color: #333333;\" href=\"https:\/\/unec.edu.az\/ru\/unec-de-konfrans-huseyn-cavid-irsi-ve-muasir-dovr\/\">\u041a\u043e\u043d\u0444\u0435\u0440\u0435\u043d\u0446\u0438\u044f \u0432 UNEC: \u00ab\u041d\u0430\u0441\u043b\u0435\u0434\u0438\u0435 \u0413\u0443\u0441\u0435\u0439\u043d\u0430 \u0414\u0436\u0430\u0432\u0438\u0434\u0430 \u0438 \u0441\u043e\u0432\u0440\u0435\u043c\u0435\u043d\u043d\u044b\u0439 \u043f\u0435\u0440\u0438\u043e\u0434\u00bb<\/a>\u00a0(01.03.2018)<\/em><em><br \/>\n\u0421\u0442\u0443\u0434\u0435\u043d\u0442\u044b UNEC \u043e\u0431\u0441\u0443\u0436\u0434\u0430\u043b\u0438 \u043f\u0435\u0440\u0441\u043f\u0435\u043a\u0442\u0438\u0432\u044b \u0440\u0430\u0437\u0432\u0438\u0442\u0438\u044f \u043d\u0430\u0446\u0438\u043e\u043d\u0430\u043b\u044c\u043d\u043e\u0439 \u044d\u043a\u043e\u043d\u043e\u043c\u0438\u043a\u0438\u00a0(08.05.2017)<br \/>\n<a style=\"color: #000000;\" href=\"https:\/\/unec.edu.az\/ru\/unec-kollektivi-aprel-sehidi-mahir-mirzeyevin-mezari-basinda\/\">\u041a\u043e\u043b\u043b\u0435\u043a\u0442\u0438\u0432 UNEC \u043d\u0430 \u043c\u043e\u0433\u0438\u043b\u0435 \u0448\u0435\u0445\u0438\u0434\u0430 \u0430\u043f\u0440\u0435\u043b\u044c\u0441\u043a\u0438\u0445 \u0431\u043e\u0435\u0432 \u041c\u0430\u0445\u0438\u0440\u0430 \u041c\u0438\u0440\u0437\u043e\u0435\u0432\u0430<\/a>\u00a0(06.04.2017)<\/em><br \/>\n<span style=\"color: #000000;\"><em><a style=\"color: #000000;\" href=\"https:\/\/unec.edu.az\/ru\/iqtisadiyyat-fakultesinde-elmi-seminar-kecirilib\/\">\u041d\u0430 \u0444\u0430\u043a\u0443\u043b\u044c\u0442\u0435\u0442\u0435 \u042d\u043a\u043e\u043d\u043e\u043c\u0438\u043a\u0438 \u0441\u043e\u0441\u0442\u043e\u044f\u043b\u0441\u044f \u043d\u0430\u0443\u0447\u043d\u044b\u0439 \u0441\u0435\u043c\u0438\u043d\u0430\u0440<\/a>\u00a0(31.03.2017)<\/em><\/span><br \/>\n<span style=\"color: #000000;\"><em><a style=\"color: #000000;\" href=\"https:\/\/unec.edu.az\/ru\/unec-de-seminar-xerceng-olum-deyil\/\">\u0421\u0435\u043c\u0438\u043d\u0430\u0440 \u0432 UNEC: \u201c\u0420\u0430\u043a \u044d\u0442\u043e \u043d\u0435 \u0441\u043c\u0435\u0440\u0442\u044c!\u201d <\/a>(21.02.2017)<\/em><\/span><br \/>\n<span style=\"color: #000000;\"><em><a style=\"color: #000000;\" href=\"https:\/\/unec.edu.az\/ru\/turkiye-azerbaycan-iliskilerine-akademi-destegi\/\">\u0423\u043d\u0438\u0432\u0435\u0440\u0441\u0438\u0442\u0435\u0442 \u0421\u0443\u043b\u0435\u0439\u043c\u0430\u043d \u0414\u0435\u043c\u0438\u0440\u0435\u043b\u044f \u043e \u0432\u0438\u0437\u0438\u0442\u0435 \u043f\u0440\u0435\u043f\u043e\u0434\u0430\u0432\u0430\u0442\u0435\u043b\u0435\u0439 UNEC <\/a>(13.02.2017)<\/em><\/span><br \/>\n<span style=\"color: #000000;\"><em><a style=\"color: #000000;\" href=\"https:\/\/unec.edu.az\/ru\/unec-de-seminar-agir-senaye-ve-masinqayirmanin-inkisafina-dair-strateji-yol-xeritesi-nin-hedefleri\/\">\u0421\u0435\u043c\u0438\u043d\u0430\u0440 \u0432 UNEC: \u0426\u0435\u043b\u0438 \u00ab\u0421\u0442\u0440\u0430\u0442\u0435\u0433\u0438\u0447\u0435\u0441\u043a\u043e\u0439 \u0434\u043e\u0440\u043e\u0436\u043d\u043e\u0439 \u043a\u0430\u0440\u0442\u044b \u043e\u0442\u043d\u043e\u0441\u0438\u0442\u0435\u043b\u044c\u043d\u043e \u0440\u0430\u0437\u0432\u0438\u0442\u0438\u044f \u0442\u044f\u0436\u0435\u043b\u043e\u0439 \u043f\u0440\u043e\u043c\u044b\u0448\u043b\u0435\u043d\u043d\u043e\u0441\u0442\u0438 \u0438 \u043c\u0430\u0448\u0438\u043d\u043e\u0441\u0442\u0440\u043e\u0435\u043d\u0438\u044f\u00bb<\/a>\u00a0(01.27.2017)<\/em><\/span><br \/>\n<span style=\"color: #000000;\"><em><a style=\"color: #000000;\" href=\"https:\/\/unec.edu.az\/ru\/unec-de-strateji-yol-xeritesi-oyrenilir\/\">\u0412 UNEC \u0438\u0437\u0443\u0447\u0430\u0435\u0442\u0441\u044f \u00ab\u0421\u0442\u0440\u0430\u0442\u0435\u0433\u0438\u0447\u0435\u0441\u043a\u0430\u044f \u0434\u043e\u0440\u043e\u0436\u043d\u0430\u044f \u043a\u0430\u0440\u0442\u0430\u00bb <\/a>(01.19.2017)<\/em><\/span><br \/>\n<span style=\"color: #000000;\"><em><a style=\"color: #000000;\" href=\"https:\/\/unec.edu.az\/ru\/unec-de-i-kurslar-arasinda-iqtisadi-bilikler-yarisina-start-verilib\/\">\u0412 UNEC \u0434\u0430\u0435\u0442\u0441\u044f \u0441\u0442\u0430\u0440\u0442 \u0441\u043e\u0440\u0435\u0432\u043d\u043e\u0432\u0430\u043d\u0438\u044e \u00ab\u042d\u043a\u043e\u043d\u043e\u043c\u0438\u0447\u0435\u0441\u043a\u0438\u0435 \u0437\u043d\u0430\u043d\u0438\u044f\u00bb<\/a>\u00a0(22.12.2016)<\/em><\/span><br \/>\n<span style=\"color: #000000;\"><em><a style=\"color: #000000;\" href=\"https:\/\/unec.edu.az\/ru\/iqtisad-universitetinde-bu-sahede-ciddi-deyisiklikler-olacaq-musahibe\/\">\u00ab\u0412 \u042d\u043a\u043e\u043d\u043e\u043c\u0438\u0447\u0435\u0441\u043a\u043e\u043c \u0443\u043d\u0438\u0432\u0435\u0440\u0441\u0438\u0442\u0435\u0442\u0435 \u0432 \u044d\u0442\u043e\u0439 \u0441\u0444\u0435\u0440\u0435 \u0431\u0443\u0434\u0443\u0442 \u0441\u0435\u0440\u044c\u0435\u0437\u043d\u044b\u0435 \u0438\u0437\u043c\u0435\u043d\u0435\u043d\u0438\u044f\u00bb \u2013 \u0418\u041d\u0422\u0415\u0420\u0412\u042c\u042e<\/a>\u00a0(12.12.2016)<\/em><\/span><br \/>\n<span style=\"color: #000000;\"><em><a style=\"color: #000000;\" href=\"https:\/\/unec.edu.az\/ru\/unec-muellimlerinin-meqalesi-abs-nin-stenford-universitetinin-jurnalinda\/\">\u0421\u0442\u0430\u0442\u044c\u0438 \u043f\u0440\u0435\u043f\u043e\u0434\u0430\u0432\u0430\u0442\u0435\u043b\u0435\u0439 UNEC \u0432 \u0436\u0443\u0440\u043d\u0430\u043b\u0435 \u0421\u0442\u044d\u043d\u0444\u043e\u0440\u0434\u0441\u043a\u043e\u0433\u043e \u0443\u043d\u0438\u0432\u0435\u0440\u0441\u0438\u0442\u0435\u0442\u0430 \u0421\u0428\u0410<\/a>\u00a0(22.06.2016)<\/em><\/span><\/p>\n<p><a class=\"fancybox-thumb\" href=\"https:\/\/unec.edu.az\/application\/uploads\/2015\/05\/DSC_asiman.jpg\" rel=\"fancybox-thumb\"><img loading=\"lazy\" decoding=\"async\" class=\"fancybox-margin alignnone wp-image-136171 \" title=\"\u0130qtisadiyyat fak\u00fclt\u0259sinin dekan\u0131 dosent Asiman Quliyev &quot;UNEC \u0130mtahan&quot; verili\u015finin qona\u011f\u0131 olub (07.01.2019)\" src=\"https:\/\/unec.edu.az\/application\/uploads\/2015\/05\/DSC_asiman-236x180.jpg\" alt=\"DSC_asiman\" width=\"191\" height=\"146\" \/><\/a><a class=\"fancybox-thumb\" href=\"https:\/\/unec.edu.az\/application\/uploads\/2017\/07\/ulu07-3.jpg\" rel=\"fancybox-thumb\"><img loading=\"lazy\" decoding=\"async\" class=\"fancybox-margin alignnone wp-image-101851 \" title=\"UNEC-in n\u00fcmay\u0259nd\u0259 hey\u0259ti T\u00fcrkiy\u0259nin Uluda\u011f Universitetind\u0259 (11.07.2017)\" src=\"https:\/\/unec.edu.az\/application\/uploads\/2017\/07\/ulu07-3-236x180.jpg\" alt=\"ulu07-3\" width=\"190\" height=\"145\" \/><\/a><a class=\"fancybox-thumb\" href=\"https:\/\/unec.edu.az\/application\/uploads\/2017\/07\/ulu8807-2.jpg\" rel=\"fancybox-thumb\"><img loading=\"lazy\" decoding=\"async\" class=\"fancybox-margin alignnone wp-image-101850 \" title=\"UNEC-in n\u00fcmay\u0259nd\u0259 hey\u0259ti T\u00fcrkiy\u0259nin Uluda\u011f Universitetind\u0259 (11.07.2017)\" src=\"https:\/\/unec.edu.az\/application\/uploads\/2017\/07\/ulu8807-2-236x180.jpg\" alt=\"ulu8807-2\" width=\"187\" height=\"143\" \/><\/a><a class=\"fancybox-thumb\" href=\"https:\/\/unec.edu.az\/application\/uploads\/2017\/07\/ulu997-1.jpg\" rel=\"fancybox-thumb\"><img loading=\"lazy\" decoding=\"async\" class=\"fancybox-margin alignnone wp-image-101849 \" title=\"UNEC-in n\u00fcmay\u0259nd\u0259 hey\u0259ti T\u00fcrkiy\u0259nin Uluda\u011f Universitetind\u0259 (11.07.2017)\" src=\"https:\/\/unec.edu.az\/application\/uploads\/2017\/07\/ulu997-1-236x180.jpg\" alt=\"ulu997-1\" width=\"189\" height=\"144\" \/><\/a><a class=\"fancybox-thumb\" href=\"https:\/\/unec.edu.az\/application\/uploads\/2017\/05\/Azerbaidzano-delegacijos-vizitas-MRU-2952.jpg\" rel=\"fancybox-thumb\"><img loading=\"lazy\" decoding=\"async\" class=\"fancybox-margin alignnone wp-image-97254 \" title=\"UNEC Avropa t\u0259hsil m\u0259kan\u0131na inteqrasiyan\u0131 geni\u015fl\u0259ndirir (30.05.2017)\" src=\"https:\/\/unec.edu.az\/application\/uploads\/2017\/05\/Azerbaidzano-delegacijos-vizitas-MRU-2952-236x180.jpg\" alt=\"Azerbaidzano delegacijos vizitas MRU-2952\" width=\"189\" height=\"144\" \/><\/a><\/p>\n<p>&nbsp;<\/p>\n<p>&nbsp;<\/p>\n<p>&nbsp;<\/p>\n","protected":false},"excerpt":{"rendered":"<p>\u043a.\u044d.\u043d.,\u0434\u043e\u0446\u0435\u043d\u0442 \u041a\u0443\u043b\u0438\u0435\u0432 \u0410\u0441\u0438\u043c\u0430\u043d \u0410\u0439\u0434\u044b\u043d \u043e\u0433\u043b\u044b E-mail: as.guliyev@unec.edu.az \u0420\u043e\u0434\u0438\u043b\u0441\u044f\u00a0\u0432 1956 \u0433\u043e\u0434\u0443\u00a0\u0432 \u0433\u043e\u0440\u043e\u0434\u0435 \u0428\u0435\u043a\u0438.\u00a0\u00a0\u0412 1963-1973\u00a0\u0433\u043e\u0434\u0430\u0445 \u0443\u0447\u0438\u043b\u0441\u044f \u0432 \u0441\u0440\u0435\u0434\u043d\u0435\u0439 \u0448\u043a\u043e\u043b\u0435 \u0432 \u0433\u043e\u0440\u043e\u0434\u0435 \u0411\u0430\u043a\u0443. \u0412 1973-1978 \u0433\u043e\u0434\u0430\u0445 \u0443\u0447\u0438\u043b\u0441\u044f \u0432 \u0410\u0437\u0435\u0440\u0431\u0430\u0439\u0434\u0436\u0430\u043d\u0441\u043a\u043e\u043c \u0438\u043d\u0441\u0442\u0438\u0442\u0443\u0442\u0435 \u043d\u0430\u0440\u043e\u0434\u043d\u043e\u0433\u043e \u0445\u043e\u0437\u044f\u0439\u0441\u0442\u0432\u0430 \u0438\u043c.\u0414.\u0411\u0443\u043d\u0438\u0430\u0442\u0437\u0430\u0434\u0435 (\u043d\u044b\u043d\u0435 \u0410\u0437\u0435\u0440\u0431\u0430\u0439\u0434\u0436\u0430\u043d\u0441\u043a\u0438\u0439 \u0433\u043e\u0441\u0443\u0434\u0430\u0440\u0441\u0442\u0432\u0435\u043d\u043d\u044b\u0439 \u044d\u043a\u043e\u043d\u043e\u043c\u0438\u0447\u0435\u0441\u043a\u0438\u0439 \u0443\u043d\u0438\u0432\u0435\u0440\u0441\u0438\u0442\u0435\u0442). \u0412 1983-1985 \u0433\u043e\u0434\u0430\u0445 \u00a0\u0431\u044b\u043b \u0430\u0441\u043f\u0438\u0440\u0430\u043d\u0442\u043e\u043c \u0432 \u0443\u043a\u0430\u0437\u0430\u043d\u043d\u043e\u043c \u0438\u043d\u0441\u0442\u0438\u0442\u0443\u0442\u0435.\u00a0\u0412 1988 \u0433\u043e\u0434\u0443, \u00a0\u0437\u0430\u0449\u0438\u0442\u0438\u0432 \u0434\u0438\u0441\u0441\u0435\u0440\u0442\u0430\u0446\u0438\u043e\u043d\u043d\u0443\u044e \u0440\u0430\u0431\u043e\u0442\u0443 \u0432 \u0421\u0430\u043d\u043a\u0442-\u041f\u0435\u0442\u0435\u0440\u0431\u0443\u0440\u0433\u0441\u043a\u043e\u043c \u0443\u043d\u0438\u0432\u0435\u0440\u0441\u0438\u0442\u0435\u0442\u0435 \u044d\u043a\u043e\u043d\u043e\u043c\u0438\u043a\u0438 \u0438 \u0444\u0438\u043d\u0430\u043d\u0441\u043e\u0432 \u0438\u043c. [&hellip;]<\/p>\n","protected":false},"author":10,"featured_media":0,"parent":0,"menu_order":0,"comment_status":"open","ping_status":"open","template":"","meta":{"footnotes":""},"class_list":["post-12291","page","type-page","status-publish","hentry"],"_links":{"self":[{"href":"http:\/\/unec.edu.az\/ru\/wp-json\/wp\/v2\/pages\/12291","targetHints":{"allow":["GET"]}}],"collection":[{"href":"http:\/\/unec.edu.az\/ru\/wp-json\/wp\/v2\/pages"}],"about":[{"href":"http:\/\/unec.edu.az\/ru\/wp-json\/wp\/v2\/types\/page"}],"author":[{"embeddable":true,"href":"http:\/\/unec.edu.az\/ru\/wp-json\/wp\/v2\/users\/10"}],"replies":[{"embeddable":true,"href":"http:\/\/unec.edu.az\/ru\/wp-json\/wp\/v2\/comments?post=12291"}],"version-history":[{"count":34,"href":"http:\/\/unec.edu.az\/ru\/wp-json\/wp\/v2\/pages\/12291\/revisions"}],"predecessor-version":[{"id":166245,"href":"http:\/\/unec.edu.az\/ru\/wp-json\/wp\/v2\/pages\/12291\/revisions\/166245"}],"wp:attachment":[{"href":"http:\/\/unec.edu.az\/ru\/wp-json\/wp\/v2\/media?parent=12291"}],"curies":[{"name":"wp","href":"https:\/\/api.w.org\/{rel}","templated":true}]}}