{"id":12346,"date":"2015-05-20T11:35:54","date_gmt":"2015-05-20T07:35:54","guid":{"rendered":"https:\/\/unec.edu.az\/10236-2-2\/"},"modified":"2024-03-14T15:42:04","modified_gmt":"2024-03-14T11:42:04","slug":"10236-2","status":"publish","type":"page","link":"http:\/\/unec.edu.az\/ru\/10236-2\/","title":{"rendered":"\u043f\u0440\u043e\u0444. \u0413\u0430\u0441\u0430\u043d\u043e\u0432 \u0410\u043b\u0438 \u041f\u0430\u043d\u0430\u0445 \u043e\u0433\u043b\u044b"},"content":{"rendered":"<h4><a href=\"https:\/\/unec.edu.az\/application\/uploads\/2015\/05\/osmanov_ali.jpg\"><img fetchpriority=\"high\" decoding=\"async\" class=\"alignleft wp-image-154108\" title=\"left\" src=\"https:\/\/unec.edu.az\/application\/uploads\/2015\/05\/osmanov_ali-300x200.jpg\" alt=\"osmanov_ali\" width=\"281\" height=\"187\" srcset=\"http:\/\/unec.edu.az\/application\/uploads\/2015\/05\/osmanov_ali-300x200.jpg 300w, http:\/\/unec.edu.az\/application\/uploads\/2015\/05\/osmanov_ali-1024x683.jpg 1024w, http:\/\/unec.edu.az\/application\/uploads\/2015\/05\/osmanov_ali.jpg 1200w\" sizes=\"(max-width: 281px) 100vw, 281px\" \/><\/a><\/h4>\n<h4><span style=\"color: #800000;\">\u0417\u0430\u0432\u0435\u0434\u0443\u044e\u0449\u0438\u0439 \u043a\u0430\u0444\u0435\u0434\u0440\u043e\u0439 \u00ab\u042d\u043a\u0441\u043f\u0435\u0440\u0442\u0438\u0437\u0430 \u043f\u043e\u0442\u0440\u0435\u0431\u0438\u0442\u0435\u043b\u044c\u0441\u043a\u0438\u0445 \u0442\u043e\u0432\u0430\u0440\u043e\u0432\u00bb \u043f\u0440\u043e\u0444. \u0413\u0430\u0441\u0430\u043d\u043e\u0432 \u0410\u043b\u0438 \u041f\u0430\u043d\u0430\u0445 \u043e\u0433\u043b\u044b<\/span><\/h4>\n<p><span style=\"color: #000000;\"><em>e-mail: ali.hasanov@unec.edu.az<\/em><\/span><\/p>\n<p style=\"text-align: justify;\">\u0410.\u041f.\u0413\u0430\u0441\u0430\u043d\u043e\u0432 \u0440\u043e\u0434\u0438\u043b\u0441\u044f 31 \u0434\u0435\u043a\u0430\u0431\u0440\u044f 1937 \u0433\u043e\u0434\u0430 \u0432 \u0440\u0430\u0439\u043e\u043d\u0435 \u0411\u0435\u0439\u043b\u0430\u0433\u0430\u043d.<\/p>\n<p style=\"text-align: justify;\">\u0412 1957 \u0433\u043e\u0434\u0443, \u043e\u043a\u043e\u043d\u0447\u0438\u0432 \u0437\u043e\u043b\u043e\u0442\u043e\u0439 \u043c\u0435\u0434\u0430\u043b\u044c\u044e \u0441\u0440\u0435\u0434\u043d\u044e\u044e \u0448\u043a\u043e\u043b\u0443, \u043f\u043e\u0441\u0442\u0443\u043f\u0438\u043b \u0432 \u0418\u043d\u0441\u0442\u0438\u0442\u0443\u0442 \u043d\u0430\u0440\u043e\u0434\u043d\u043e\u0433\u043e \u0445\u043e\u0437\u044f\u0439\u0441\u0442\u0432\u0430 \u0438\u043c.\u041a.\u041c\u0430\u0440\u043a\u0441\u0430.<\/p>\n<p style=\"text-align: justify;\">\u0412 1958 \u0433\u043e\u0434\u0443 \u0432\u043e \u0432\u0440\u0435\u043c\u044f \u0443\u0447\u0435\u0431\u044b \u0432 \u0438\u043d\u0441\u0442\u0438\u0442\u0443\u0442\u0435 \u0431\u044b\u043b \u0438\u0437\u0431\u0440\u0430\u043d \u0441\u0435\u043a\u0440\u0435\u0442\u0430\u0440\u0435\u043c \u043a\u043e\u043c\u0441\u043e\u043c\u043e\u043b\u044c\u0441\u043a\u043e\u0433\u043e \u043a\u043e\u043c\u0438\u0442\u0435\u0442\u0430. \u0412 1962 \u0433\u043e\u0434\u0443 \u043e\u043a\u043e\u043d\u0447\u0438\u0432 \u0410\u0413\u0423 \u0441 \u0434\u0438\u043f\u043b\u043e\u043c\u043e\u043c \u043e\u0442\u043b\u0438\u0447\u0438\u044f \u0438 \u043d\u0430\u0447\u0430\u043b \u0440\u0430\u0431\u043e\u0442\u0430\u0442\u044c \u0432 \u0438\u043d\u0441\u0442\u0438\u0442\u0443\u0442\u0435 \u043f\u0440\u0435\u043f\u043e\u0434\u0430\u0432\u0430\u0442\u0435\u043b\u0435\u043c. \u0412 1962-1966 \u0433\u043e\u0434\u044b \u0431\u044b\u043b \u0438\u0437\u0431\u0440\u0430\u043d \u0437\u0430\u043c\u0435\u0441\u0442\u0438\u0442\u0435\u043b\u0435\u043c \u043f\u0440\u0435\u0434\u0441\u0435\u0434\u0430\u0442\u0435\u043b\u044f \u041e\u0431\u044a\u0435\u0434\u0438\u043d\u0435\u043d\u043d\u043e\u0433\u043e \u043f\u0440\u043e\u0444\u0441\u043e\u044e\u0437\u043d\u043e\u0433\u043e \u043a\u043e\u043c\u0438\u0442\u0435\u0442\u0430 \u0443\u043d\u0438\u0432\u0435\u0440\u0441\u0438\u0442\u0435\u0442\u0430. \u0412 \u00a01962-1964 \u0433\u043e\u0434\u044b \u0431\u044b\u043b \u0430\u0441\u0441\u0438\u0441\u0442\u0435\u043d\u0442\u043e\u043c \u043a\u0430\u0444\u0435\u0434\u0440\u044b \u00ab\u0422\u043e\u0432\u0430\u0440\u043e\u0432\u0435\u0434\u0435\u043d\u0438\u0435 \u043f\u0440\u043e\u043c\u044b\u0448\u043b\u0435\u043d\u043d\u044b\u0445 \u0442\u043e\u0432\u0430\u0440\u043e\u0432\u00bb \u0410\u0413\u0423 \u0438\u043c. \u0421.\u041c.\u041a\u0438\u0440\u043e\u0432\u0430.<\/p>\n<p style=\"text-align: justify;\">1966-1988 \u0433\u043e\u0434\u044b \u0434\u043e\u0446\u0435\u043d\u0442 \u043a\u0430\u0444\u0435\u0434\u0440\u044b \u00ab\u0422\u043e\u0432\u0430\u0440\u043e\u0432\u0435\u0434\u0435\u043d\u0438\u0435 \u043f\u0440\u043e\u043c\u044b\u0448\u043b\u0435\u043d\u043d\u044b\u0445 \u0442\u043e\u0432\u0430\u0440\u043e\u0432\u00bb \u0410\u0417\u0418\u041d\u0425;<br \/>\n1993-2000 \u0433\u043e\u0434\u044b \u0440\u0435\u043a\u0442\u043e\u0440 \u0411\u0430\u043a\u0438\u043d\u0441\u043a\u043e\u0433\u043e \u0442\u043e\u0432\u0430\u0440\u043e\u0432\u0435\u0434\u043d\u043e-\u043a\u043e\u043c\u043c\u0435\u0440\u0447\u0435\u0441\u043a\u043e\u0433\u043e \u0438\u043d\u0441\u0442\u0438\u0442\u0443\u0442\u0430;<br \/>\n2000-2004 \u0433\u043e\u0434\u044b \u043f\u0440\u043e\u0440\u0435\u043a\u0442\u043e\u0440 \u0410\u0437\u0435\u0440\u0431\u0430\u0439\u0434\u0436\u0430\u043d\u0441\u043a\u043e\u0433\u043e \u0433\u043e\u0441\u0443\u0434\u0430\u0440\u0441\u0442\u0432\u0435\u043d\u043d\u043e\u0433\u043e \u044d\u043a\u043e\u043d\u043e\u043c\u0438\u0447\u0435\u0441\u043a\u043e\u0433\u043e \u0443\u043d\u0438\u0432\u0435\u0440\u0441\u0438\u0442\u0435\u0442\u0430;<br \/>\n2004-2011 \u0433\u043e\u0434\u044b \u0440\u0430\u0431\u043e\u0442\u0430\u043b \u043d\u0430 \u0434\u043e\u043b\u0436\u043d\u043e\u0441\u0442\u0438 \u0434\u043e\u0446\u0435\u043d\u0442\u0430 \u0444\u0430\u043a\u0443\u043b\u044c\u0442\u0435\u0442\u0430 \u00ab\u0422\u043e\u0432\u0430\u0440\u043e\u0432\u0435\u0434\u0435\u043d\u0438\u0435\u00bb \u0410\u0437\u0435\u0440\u0431\u0430\u0439\u0434\u0436\u0430\u043d\u0441\u043a\u043e\u0433\u043e \u0433\u043e\u0441\u0443\u0434\u0430\u0440\u0441\u0442\u0432\u0435\u043d\u043d\u043e\u0433\u043e \u044d\u043a\u043e\u043d\u043e\u043c\u0438\u0447\u0435\u0441\u043a\u043e\u0433\u043e \u0443\u043d\u0438\u0432\u0435\u0440\u0441\u0438\u0442\u0435\u0442\u0430.<\/p>\n<p style=\"text-align: justify;\">\u0421 2011 \u0433\u043e\u0434\u0430 \u0437\u0430\u0432\u0435\u0434\u0443\u044e\u0449\u0438\u0439 \u043a\u0430\u0444\u0435\u0434\u0440\u043e\u0439 \u00ab\u0422\u043e\u0432\u0430\u0440\u043e\u0432\u0435\u0434\u0435\u043d\u0438\u0435 \u043d\u0435\u043f\u0440\u043e\u0434\u043e\u0432\u043e\u043b\u044c\u0441\u0442\u0432\u0435\u043d\u043d\u044b\u0445 \u0442\u043e\u0432\u0430\u0440\u043e\u0432\u00bb.<\/p>\n<p>\u0410\u0432\u0442\u043e\u0440 \u0431\u043e\u043b\u0435\u0435 150 \u043d\u0430\u0443\u0447\u043d\u044b\u0445 \u0441\u0442\u0430\u0442\u0435\u0439, \u0432 \u0442\u043e\u043c \u0447\u0438\u0441\u043b\u0435 27 \u0443\u0447\u0435\u0431\u043d\u0438\u043a\u043e\u0432, \u0443\u0447\u0435\u0431\u043d\u044b\u0445 \u043f\u043e\u0441\u043e\u0431\u0438\u0439 \u0438 \u043c\u043e\u043d\u043e\u0433\u0440\u0430\u0444\u0438\u0439.<\/p>\n<p>\u0414\u0435\u044f\u0442\u0435\u043b\u044c\u043d\u043e\u0441\u0442\u044c \u043f\u0440\u043e\u0444\u0435\u0441\u0441\u043e\u0440\u0430 \u0410.\u041f.\u0413\u0430\u0441\u0430\u043d\u043e\u0432\u0430 \u043e\u0446\u0435\u043d\u0435\u043d\u0430 \u043f\u043e\u0447\u0435\u0442\u043d\u044b\u043c\u0438 \u0433\u0440\u0430\u043c\u043e\u0442\u0430\u043c\u0438, \u043d\u0430\u0433\u0440\u0430\u0434\u0430\u043c\u0438. \u0412 2010 \u0433\u043e\u0434\u0443 \u043f\u043e \u043f\u0440\u0438\u043a\u0430\u0437\u0443 \u041f\u0440\u0435\u0437\u0438\u0434\u0435\u043d\u0442\u0430 \u0410\u0420 \u043d\u0430\u0433\u0440\u0430\u0436\u0434\u0435\u043d\u0430 \u043c\u0435\u0434\u0430\u043b\u044c\u044e \u00ab\u041f\u0440\u043e\u0433\u0440\u0435\u0441\u0441\u00bb.<\/p>\n<p style=\"text-align: justify;\">\u041f\u043e \u0420\u0430\u0441\u043f\u043e\u0440\u044f\u0436\u0435\u043d\u0438\u044e \u041f\u0440\u0435\u0437\u0438\u0434\u0435\u043d\u0442\u0430 \u0410\u0437\u0435\u0440\u0431\u0430\u0439\u0434\u0436\u0430\u043d\u0441\u043a\u043e\u0439 \u0420\u0435\u0441\u043f\u0443\u0431\u043b\u0438\u043a\u0438 \u043e\u0442 24 \u0441\u0435\u043d\u0442\u044f\u0431\u0440\u044f \u00a02020 \u0433\u043e\u0434\u0430 \u043f\u043e \u0441\u043b\u0443\u0447\u0430\u044e 90-\u043b\u0435\u0442\u0438\u044f \u0410\u0437\u0435\u0440\u0431\u0430\u0439\u0434\u0436\u0430\u043d\u0441\u043a\u043e\u0433\u043e \u0433\u043e\u0441\u0443\u0434\u0430\u0440\u0441\u0442\u0432\u0435\u043d\u043d\u043e\u0433\u043e \u044d\u043a\u043e\u043d\u043e\u043c\u0438\u0447\u0435\u0441\u043a\u043e\u0433\u043e \u0443\u043d\u0438\u0432\u0435\u0440\u0441\u0438\u0442\u0435\u0442\u0430 \u0438 \u0437\u0430 \u0437\u0430\u0441\u043b\u0443\u0433\u0438 \u0432 \u0440\u0430\u0437\u0432\u0438\u0442\u0438\u0438 \u043e\u0431\u0440\u0430\u0437\u043e\u0432\u0430\u043d\u0438\u044f \u0432 \u0410\u0437\u0435\u0440\u0431\u0430\u0439\u0434\u0436\u0430\u043d\u0435 \u0410\u043b\u0438 \u041f\u0430\u043d\u0430\u0445 \u043e\u0433\u043b\u044b \u0413\u0430\u0441\u0430\u043d\u043e\u0432\u0443 \u043f\u0440\u0438\u0441\u0443\u0436\u0434\u0435\u043d\u0430 \u043f\u0435\u0440\u0441\u043e\u043d\u0430\u043b\u044c\u043d\u0430\u044f \u041f\u0440\u0435\u0437\u0438\u0434\u0435\u043d\u0442\u0441\u043a\u0430\u044f \u043f\u0435\u043d\u0441\u0438\u044f.<\/p>\n<p>\u0421\u0435\u043c\u0435\u0439\u043d\u044b\u0439, \u0438\u043c\u0435\u0435\u0442 3 \u0434\u0435\u0442\u0435\u0439.<\/p>\n<p>\u0421\u043a\u043e\u043d\u0447\u0430\u043b\u0441\u044f\u00a013 \u043c\u0430\u0440\u0442\u0430 2024 \u0433\u043e\u0434\u0430.<\/p>\n<p><a class=\"fancybox-thumb\" href=\"https:\/\/unec.edu.az\/application\/uploads\/2017\/12\/11DSC_5016.jpg\" rel=\"fancybox-thumb\"><img decoding=\"async\" class=\"fancybox-margin alignnone wp-image-114869 size-thumbnail\" title=\"\u018fmt\u0259\u0259\u015f\u00fcnasl\u0131q m\u0259kt\u0259binin banisi \u018fli H\u0259s\u0259novun 80 illik yubileyi (28.12.2017)\" src=\"https:\/\/unec.edu.az\/application\/uploads\/2017\/12\/11DSC_5016-150x150.jpg\" alt=\"11DSC_5016\" width=\"150\" height=\"150\" \/><\/a><a class=\"fancybox-thumb\" href=\"https:\/\/unec.edu.az\/application\/uploads\/2017\/12\/DSC_5037.jpg\" rel=\"fancybox-thumb\"><img decoding=\"async\" class=\"fancybox-margin alignnone wp-image-114882 size-thumbnail\" title=\"\u018fmt\u0259\u0259\u015f\u00fcnasl\u0131q m\u0259kt\u0259binin banisi \u018fli H\u0259s\u0259novun 80 illik yubileyi (28.12.2017)\" src=\"https:\/\/unec.edu.az\/application\/uploads\/2017\/12\/DSC_5037-150x150.jpg\" alt=\"DSC_5037\" width=\"150\" height=\"150\" \/><\/a><a class=\"fancybox-thumb\" href=\"https:\/\/unec.edu.az\/application\/uploads\/2017\/12\/DSC_5049.jpg\" rel=\"fancybox-thumb\"><img loading=\"lazy\" decoding=\"async\" class=\"fancybox-margin alignnone wp-image-114883 size-thumbnail\" title=\"\u018fmt\u0259\u0259\u015f\u00fcnasl\u0131q m\u0259kt\u0259binin banisi \u018fli H\u0259s\u0259novun 80 illik yubileyi (28.12.2017)\" src=\"https:\/\/unec.edu.az\/application\/uploads\/2017\/12\/DSC_5049-150x150.jpg\" alt=\"DSC_5049\" width=\"150\" height=\"150\" \/><\/a><a class=\"fancybox-thumb\" href=\"https:\/\/unec.edu.az\/application\/uploads\/2017\/12\/DSC_5192.jpg\" rel=\"fancybox-thumb\"><img loading=\"lazy\" decoding=\"async\" class=\"fancybox-margin alignnone wp-image-114900 size-thumbnail\" title=\"\u018fmt\u0259\u0259\u015f\u00fcnasl\u0131q m\u0259kt\u0259binin banisi \u018fli H\u0259s\u0259novun 80 illik yubileyi (28.12.2017)\" src=\"https:\/\/unec.edu.az\/application\/uploads\/2017\/12\/DSC_5192-150x150.jpg\" alt=\"DSC_5192\" width=\"150\" height=\"150\" \/><\/a><a class=\"fancybox-thumb\" href=\"https:\/\/unec.edu.az\/application\/uploads\/2017\/12\/DSC_5245.jpg\" rel=\"fancybox-thumb\"><img loading=\"lazy\" decoding=\"async\" class=\"fancybox-margin alignnone wp-image-114907 size-thumbnail\" title=\"\u018fmt\u0259\u0259\u015f\u00fcnasl\u0131q m\u0259kt\u0259binin banisi \u018fli H\u0259s\u0259novun 80 illik yubileyi (28.12.2017)\" src=\"https:\/\/unec.edu.az\/application\/uploads\/2017\/12\/DSC_5245-150x150.jpg\" alt=\"DSC_5245\" width=\"150\" height=\"150\" \/><\/a><a class=\"fancybox-thumb\" href=\"https:\/\/unec.edu.az\/application\/uploads\/2017\/12\/DSC_5372.jpg\" rel=\"fancybox-thumb\"><img loading=\"lazy\" decoding=\"async\" class=\"fancybox-margin alignnone wp-image-114908 size-thumbnail\" title=\"\u018fmt\u0259\u0259\u015f\u00fcnasl\u0131q m\u0259kt\u0259binin banisi \u018fli H\u0259s\u0259novun 80 illik yubileyi (28.12.2017)\" src=\"https:\/\/unec.edu.az\/application\/uploads\/2017\/12\/DSC_5372-150x150.jpg\" alt=\"DSC_5372\" width=\"150\" height=\"150\" \/><\/a><\/p>\n<p><span style=\"color: #000000;\"><em><a style=\"color: #333333;\" href=\"https:\/\/unec.edu.az\/ru\/unec-de-konfrans-huseyn-cavid-irsi-ve-muasir-dovr\/\">\u041a\u043e\u043d\u0444\u0435\u0440\u0435\u043d\u0446\u0438\u044f \u0432 UNEC: \u00ab\u041d\u0430\u0441\u043b\u0435\u0434\u0438\u0435 \u0413\u0443\u0441\u0435\u0439\u043d\u0430 \u0414\u0436\u0430\u0432\u0438\u0434\u0430 \u0438 \u0441\u043e\u0432\u0440\u0435\u043c\u0435\u043d\u043d\u044b\u0439 \u043f\u0435\u0440\u0438\u043e\u0434\u00bb<\/a>\u00a0(01.03.2018)<\/em><\/span><em><br \/>\n\u041a\u043e\u043d\u0444\u0435\u0440\u0435\u043d\u0446\u0438\u0438, \u043f\u043e\u0441\u0432\u044f\u0449\u0435\u043d\u043d\u044b\u0435 \u0412\u0435\u043b\u0438\u043a\u043e\u043c\u0443 \u0432\u043e\u0436\u0434\u044e, \u0440\u0430\u0437\u0432\u0438\u0432\u0430\u044e\u0442 \u043d\u0430\u0443\u0447\u043d\u044b\u0439 \u043f\u043e\u0442\u0435\u043d\u0446\u0438\u0430\u043b \u0441\u0442\u0443\u0434\u0435\u043d\u0442\u043e\u0432\u00a0(05.05.2017)<\/em><br \/>\n<span style=\"color: #000000;\"><em> <a style=\"color: #000000;\" href=\"https:\/\/unec.edu.az\/ru\/unec-de-dovlet-bayragi-gunune-hesr-olunan-silsile-tedbir-kecirilib\/\">\u0412 UNEC \u043e\u0442\u043c\u0435\u0442\u0438\u043b\u0438 \u00ab\u0414\u0435\u043d\u044c \u0433\u043e\u0441\u0443\u0434\u0430\u0440\u0441\u0442\u0432\u0435\u043d\u043d\u043e\u0433\u043e \u0444\u043b\u0430\u0433\u0430\u00bb<\/a>(08.11.2016)<\/em><\/span><br \/>\n<span style=\"color: #000000;\"><em> <a style=\"color: #000000;\" href=\"https:\/\/unec.edu.az\/ru\/unec-de-saglamliq-ayi-cercivesinde-tedbir-kecirilib\/\">UNEC \u0432 \u0440\u0430\u043c\u043a\u0430\u0445 \u00ab\u041c\u0435\u0441\u044f\u0447\u043d\u0438\u043a\u0430 \u0437\u0434\u043e\u0440\u043e\u0432\u044c\u044f\u00bb \u0441\u043e\u0441\u0442\u043e\u044f\u043b\u043e\u0441\u044c \u043c\u0435\u0440\u043e\u043f\u0440\u0438\u044f\u0442\u0438\u0435<\/a>\u00a0(02.11.2016)<\/em><\/span><\/p>\n<p><a class=\"fancybox-thumb\" href=\"https:\/\/unec.edu.az\/application\/uploads\/2016\/06\/212.jpg\" rel=\"fancybox-thumb\"><img loading=\"lazy\" decoding=\"async\" class=\"fancybox-margin alignnone wp-image-59845 \" src=\"https:\/\/unec.edu.az\/application\/uploads\/2016\/06\/212-300x200.jpg\" alt=\"21\" width=\"264\" height=\"176\" srcset=\"http:\/\/unec.edu.az\/application\/uploads\/2016\/06\/212-300x200.jpg 300w, http:\/\/unec.edu.az\/application\/uploads\/2016\/06\/212.jpg 800w\" sizes=\"(max-width: 264px) 100vw, 264px\" \/><\/a><a class=\"fancybox-thumb\" href=\"https:\/\/unec.edu.az\/application\/uploads\/2015\/02\/osman_ali_00341.jpg\" rel=\"fancybox-thumb\"><img loading=\"lazy\" decoding=\"async\" class=\"fancybox-margin alignnone wp-image-71598\" src=\"https:\/\/unec.edu.az\/application\/uploads\/2015\/02\/osman_ali_00341-300x201.jpg\" alt=\"osman_ali_0034\" width=\"264\" height=\"177\" srcset=\"http:\/\/unec.edu.az\/application\/uploads\/2015\/02\/osman_ali_00341-300x200.jpg 300w, http:\/\/unec.edu.az\/application\/uploads\/2015\/02\/osman_ali_00341.jpg 800w\" sizes=\"(max-width: 264px) 100vw, 264px\" \/><\/a><a class=\"fancybox-thumb\" href=\"https:\/\/unec.edu.az\/application\/uploads\/2015\/02\/qida-20171026-WA0005.jpg\" rel=\"fancybox-thumb\"><img loading=\"lazy\" decoding=\"async\" class=\"fancybox-margin alignnone wp-image-108666 \" title=\"Sumqay\u0131t Texnologiyalar Park\u0131nda (26.10.2017)\" src=\"https:\/\/unec.edu.az\/application\/uploads\/2015\/02\/qida-20171026-WA0005-300x169.jpg\" alt=\"qida-20171026-WA0005\" width=\"312\" height=\"176\" srcset=\"http:\/\/unec.edu.az\/application\/uploads\/2015\/02\/qida-20171026-WA0005-300x169.jpg 300w, http:\/\/unec.edu.az\/application\/uploads\/2015\/02\/qida-20171026-WA0005.jpg 800w\" sizes=\"(max-width: 312px) 100vw, 312px\" \/><\/a><\/p>\n<p>&nbsp;<\/p>\n","protected":false},"excerpt":{"rendered":"<p>\u0417\u0430\u0432\u0435\u0434\u0443\u044e\u0449\u0438\u0439 \u043a\u0430\u0444\u0435\u0434\u0440\u043e\u0439 \u00ab\u042d\u043a\u0441\u043f\u0435\u0440\u0442\u0438\u0437\u0430 \u043f\u043e\u0442\u0440\u0435\u0431\u0438\u0442\u0435\u043b\u044c\u0441\u043a\u0438\u0445 \u0442\u043e\u0432\u0430\u0440\u043e\u0432\u00bb \u043f\u0440\u043e\u0444. \u0413\u0430\u0441\u0430\u043d\u043e\u0432 \u0410\u043b\u0438 \u041f\u0430\u043d\u0430\u0445 \u043e\u0433\u043b\u044b e-mail: ali.hasanov@unec.edu.az \u0410.\u041f.\u0413\u0430\u0441\u0430\u043d\u043e\u0432 \u0440\u043e\u0434\u0438\u043b\u0441\u044f 31 \u0434\u0435\u043a\u0430\u0431\u0440\u044f 1937 \u0433\u043e\u0434\u0430 \u0432 \u0440\u0430\u0439\u043e\u043d\u0435 \u0411\u0435\u0439\u043b\u0430\u0433\u0430\u043d. \u0412 1957 \u0433\u043e\u0434\u0443, \u043e\u043a\u043e\u043d\u0447\u0438\u0432 \u0437\u043e\u043b\u043e\u0442\u043e\u0439 \u043c\u0435\u0434\u0430\u043b\u044c\u044e \u0441\u0440\u0435\u0434\u043d\u044e\u044e \u0448\u043a\u043e\u043b\u0443, \u043f\u043e\u0441\u0442\u0443\u043f\u0438\u043b \u0432 \u0418\u043d\u0441\u0442\u0438\u0442\u0443\u0442 \u043d\u0430\u0440\u043e\u0434\u043d\u043e\u0433\u043e \u0445\u043e\u0437\u044f\u0439\u0441\u0442\u0432\u0430 \u0438\u043c.\u041a.\u041c\u0430\u0440\u043a\u0441\u0430. \u0412 1958 \u0433\u043e\u0434\u0443 \u0432\u043e \u0432\u0440\u0435\u043c\u044f \u0443\u0447\u0435\u0431\u044b \u0432 \u0438\u043d\u0441\u0442\u0438\u0442\u0443\u0442\u0435 \u0431\u044b\u043b \u0438\u0437\u0431\u0440\u0430\u043d \u0441\u0435\u043a\u0440\u0435\u0442\u0430\u0440\u0435\u043c \u043a\u043e\u043c\u0441\u043e\u043c\u043e\u043b\u044c\u0441\u043a\u043e\u0433\u043e \u043a\u043e\u043c\u0438\u0442\u0435\u0442\u0430. \u0412 1962 \u0433\u043e\u0434\u0443 \u043e\u043a\u043e\u043d\u0447\u0438\u0432 \u0410\u0413\u0423 \u0441 \u0434\u0438\u043f\u043b\u043e\u043c\u043e\u043c [&hellip;]<\/p>\n","protected":false},"author":10,"featured_media":0,"parent":0,"menu_order":0,"comment_status":"open","ping_status":"open","template":"","meta":{"footnotes":""},"class_list":["post-12346","page","type-page","status-publish","hentry"],"_links":{"self":[{"href":"http:\/\/unec.edu.az\/ru\/wp-json\/wp\/v2\/pages\/12346","targetHints":{"allow":["GET"]}}],"collection":[{"href":"http:\/\/unec.edu.az\/ru\/wp-json\/wp\/v2\/pages"}],"about":[{"href":"http:\/\/unec.edu.az\/ru\/wp-json\/wp\/v2\/types\/page"}],"author":[{"embeddable":true,"href":"http:\/\/unec.edu.az\/ru\/wp-json\/wp\/v2\/users\/10"}],"replies":[{"embeddable":true,"href":"http:\/\/unec.edu.az\/ru\/wp-json\/wp\/v2\/comments?post=12346"}],"version-history":[{"count":17,"href":"http:\/\/unec.edu.az\/ru\/wp-json\/wp\/v2\/pages\/12346\/revisions"}],"predecessor-version":[{"id":197197,"href":"http:\/\/unec.edu.az\/ru\/wp-json\/wp\/v2\/pages\/12346\/revisions\/197197"}],"wp:attachment":[{"href":"http:\/\/unec.edu.az\/ru\/wp-json\/wp\/v2\/media?parent=12346"}],"curies":[{"name":"wp","href":"https:\/\/api.w.org\/{rel}","templated":true}]}}