{"id":12374,"date":"2015-05-20T13:42:33","date_gmt":"2015-05-20T09:42:33","guid":{"rendered":"https:\/\/unec.edu.az\/prof-kazimli-xanhuseyn-huseynaga-oglu-2\/"},"modified":"2018-10-23T17:12:33","modified_gmt":"2018-10-23T13:12:33","slug":"prof-kazimli-xanhuseyn-huseynaga-oglu","status":"publish","type":"page","link":"http:\/\/unec.edu.az\/ru\/prof-kazimli-xanhuseyn-huseynaga-oglu\/","title":{"rendered":"\u043f\u0440\u043e\u0444. \u041a\u0430\u0437\u0438\u043c\u043b\u0438 \u0425\u0430\u043d\u0433\u0443\u0441\u0435\u0439\u043d \u0413\u0443\u0441\u0435\u0439\u043d\u0430\u0433\u0430 \u043e\u0433\u043b\u044b"},"content":{"rendered":"<h4 style=\"text-align: justify;\"><a href=\"https:\/\/unec.edu.az\/application\/uploads\/2015\/02\/xanhuseyn_kazimli1.jpg\"><img decoding=\"async\" class=\"left alignleft wp-image-4686\" src=\"https:\/\/unec.edu.az\/application\/uploads\/2015\/02\/xanhuseyn_kazimli1.jpg\" alt=\"xanhuseyn_kazimli1\" width=\"177\" height=\"266\" \/><\/a><\/h4>\n<h4 style=\"text-align: justify;\">\u00a0<span style=\"color: #800000;\"><em>\u043f\u0440\u043e\u0444. \u041a\u0430\u0437\u0438\u043c\u043b\u0438 \u0425\u0430\u043d\u0433\u0443\u0441\u0435\u0439\u043d \u0413\u0443\u0441\u0435\u0439\u043d\u0430\u0433\u0430 \u043e\u0433\u043b\u044b<\/em><\/span><\/h4>\n<h4><span style=\"color: #000000;\"><em>e-mail: x.kazimli@unec.edu.az<\/em><\/span><\/h4>\n<p style=\"text-align: justify;\">\u0420\u043e\u0434\u0438\u043b\u0441\u044f 1 \u043e\u043a\u0442\u044f\u0431\u0440\u044f 1942 \u0433\u043e\u0434\u0430 \u0432 \u0441\u0435\u043b\u0435 \u0410\u0433\u0430\u043c\u0430\u043c\u0435\u0434\u043b\u0438 \u0418\u043c\u0438\u0448\u043b\u0438\u043d\u0441\u043a\u043e\u0433\u043e \u0440\u0430\u0439\u043e\u043d\u0430. \u0412 1967 \u0433\u043e\u0434\u0443 \u043e\u043a\u043e\u043d\u0447\u0438\u043b \u0410\u0437\u0435\u0440\u0431\u0430\u0439\u0434\u0436\u0430\u043d\u0441\u043a\u0438\u0439 \u0438\u043d\u0441\u0442\u0438\u0442\u0443\u0442 \u043d\u0430\u0440\u043e\u0434\u043d\u043e\u0433\u043e \u0445\u043e\u0437\u044f\u0439\u0441\u0442\u0432\u0430 (\u0441\u0435\u0439\u0447\u0430\u0441 \u0410\u0413\u042d\u0423), \u0431\u044b\u043b \u043e\u0441\u0442\u0430\u0432\u043b\u0435\u043d \u0432 \u0438\u043d\u0441\u0442\u0438\u0442\u0443\u0442\u0435, \u043a\u0430\u043a \u043e\u0442\u043b\u0438\u0447\u043d\u0438\u043a \u0443\u0447\u0435\u0431\u044b \u0438 \u043e\u0431\u0449\u0435\u0441\u0442\u0432\u0435\u043d\u043d\u043e \u0430\u043a\u0442\u0438\u0432\u043d\u044b\u0439 \u0441\u0442\u0443\u0434\u0435\u043d\u0442.<\/p>\n<p style=\"text-align: justify;\">\u0412\u00a0 1971 \u0433\u043e\u0434\u0443 \u0441\u0442\u0430\u043b \u043a\u0430\u043d\u0434\u0438\u0434\u0430\u0442\u043e\u043c \u044d\u043a\u043e\u043d\u043e\u043c\u0438\u0447\u0435\u0441\u043a\u0438\u0445 \u043d\u0430\u0443\u043a, \u0430 \u0432 \u00a01989 \u0433\u043e\u0434\u0443 \u043f\u043e\u043b\u0443\u0447\u0438\u043b \u0443\u0447\u0435\u043d\u0443\u044e \u0441\u0442\u0435\u043f\u0435\u043d\u044c \u0434\u043e\u043a\u0442\u043e\u0440\u0430 \u044d\u043a\u043e\u043d\u043e\u043c\u0438\u0447\u0435\u0441\u043a\u0438\u0445 \u043d\u0430\u0443\u043a.<\/p>\n<p style=\"text-align: justify;\">\u0412 \u0440\u0430\u0437\u043d\u044b\u0435 \u0433\u043e\u0434\u044b \u0440\u0430\u0431\u043e\u0442\u0430\u043b \u0432 \u0410\u0413\u042d\u0423 \u043f\u0440\u0435\u0434\u0441\u0435\u0434\u0430\u0442\u0435\u043b\u0435\u043c \u043a\u043e\u043c\u0438\u0442\u0435\u0442\u0430 \u043a\u043e\u043c\u0441\u043e\u043c\u043e\u043b\u0430 \u0438 \u043f\u0440\u043e\u0444\u0441\u043e\u044e\u0437\u043e\u0432 \u0443\u043d\u0438\u0432\u0435\u0440\u0441\u0438\u0442\u0435\u0442\u0430, \u0437\u0430\u0432\u0435\u0434\u0443\u044e\u0449\u0438\u043c \u043a\u0430\u0444\u0435\u0434\u0440\u043e\u0439, \u043f\u0440\u043e\u0440\u0435\u043a\u0442\u043e\u0440\u043e\u043c \u0438 \u0434\u0440.\u00a0\u0421 <strong>27 \u0438\u044e\u043d\u044f<\/strong><strong> 1994 <\/strong><strong>\u0433\u043e\u0434\u0430 \u043f\u043e\u00a0 12 \u043c\u0430\u0440\u0442<\/strong><strong> 1998 <\/strong><strong>\u0433\u043e\u0434 \u0440\u0430\u0431\u043e\u0442\u0430\u043b \u043d\u0430 \u0434\u043e\u043b\u0436\u043d\u043e\u0441\u0442\u0438 \u043d\u0430\u0447\u0430\u043b\u044c\u043d\u0438\u043a\u043e\u043c \u0413\u043b\u0430\u0432\u043d\u043e\u0433\u043e \u0443\u043f\u0440\u0430\u0432\u043b\u0435\u043d\u0438\u044f \u0446\u0435\u043d \u0440\u0435\u0441\u043f\u0443\u0431\u043b\u0438\u043a\u0438, \u0441 12 \u043c\u0430\u0440\u0442\u0430 1998 \u0433\u043e\u0434\u0430 \u043f\u043e\u00a0 30 \u043c\u0430\u044f\u00a0 1999 \u0433\u043e\u0434 \u2013 \u0437\u0430\u0432\u0435\u0434\u0443\u044e\u0449\u0438\u043c \u043e\u0442\u0434\u0435\u043b\u043e\u043c \u044d\u043a\u043e\u043d\u043e\u043c\u0438\u0447\u0435\u0441\u043a\u043e\u0433\u043e \u0437\u0430\u043a\u043e\u043d\u043e\u0434\u0430\u0442\u0435\u043b\u044c\u0441\u0442\u0432\u0430 \u0410\u043f\u043f\u0430\u0440\u0430\u0442\u0430 \u041c\u0438\u043b\u043b\u0438 \u041c\u0435\u0434\u0436\u043b\u0438\u0441\u0430 \u0410\u0420.<\/strong><\/p>\n<p style=\"text-align: justify;\">\u0411\u044b\u043b \u0438\u0437\u0431\u0440\u0430\u043d \u0434\u0435\u043f\u0443\u0442\u0430\u0442\u043e\u043c \u041c\u0438\u043b\u043b\u0438 \u041c\u0435\u0434\u0436\u043b\u0438\u0441\u0430 \u0410\u0420 \u043f\u0435\u0440\u0432\u043e\u0433\u043e, \u0432\u0442\u043e\u0440\u043e\u0433\u043e \u0438 \u0442\u0440\u0435\u0442\u044c\u0435\u0433\u043e \u0441\u043e\u0437\u044b\u0432\u043e\u0432. \u041e\u043d \u044f\u0432\u043b\u044f\u0435\u0442\u0441\u044f \u043f\u0440\u0435\u0434\u0441\u0435\u0434\u0430\u0442\u0435\u043b\u0435\u043c \u041f\u0430\u0440\u0442\u0438\u0438 \u0441\u043e\u0446\u0438\u0430\u043b\u044c\u043d\u043e\u0433\u043e \u0431\u043b\u0430\u0433\u043e\u0441\u043e\u0441\u0442\u043e\u044f\u043d\u0438\u044f \u0410\u0437\u0435\u0440\u0431\u0430\u0439\u0434\u0436\u0430\u043d\u0430 (ASRP). \u0421 <strong>1998 <\/strong><strong>\u0433\u043e\u0434\u0430<\/strong> <strong>\u2013 \u043f\u043e\u0447\u0435\u0442\u043d\u044b\u0439 \u0447\u043b\u0435\u043d \u041e\u0431\u0449\u0435\u0441\u0442\u0432\u0430 \u043e\u0446\u0435\u043d\u0449\u0438\u043a\u043e\u0432 \u0410\u0437\u0435\u0440\u0431\u0430\u0439\u0434\u0436\u0430\u043d\u0430<\/strong><strong> (<\/strong>AQC)<strong>, \u0441 2002 <\/strong><strong>\u0433\u043e\u0434\u0430<\/strong><strong> \u2013 <\/strong><strong>\u0447\u043b\u0435\u043d \u0426\u0435\u043d\u0442\u0440\u0430\u043b\u044c\u043d\u043e\u0433\u043e \u0441\u043e\u0432\u0435\u0442\u0430 \u0410\u0441\u0441\u043e\u0446\u0438\u0430\u0446\u0438\u0438 \u043e\u0446\u0435\u043d\u0449\u0438\u043a\u043e\u0432 \u0421\u041d\u0413.<\/strong><\/p>\n<p style=\"text-align: justify;\">2003-2005 \u0433\u043e\u0434\u044b \u0440\u0443\u043a\u043e\u0432\u043e\u0434\u0438\u043b \u044d\u0442\u043e\u0439 \u043c\u0435\u0436\u0434\u0443\u043d\u0430\u0440\u043e\u0434\u043d\u043e\u0439 \u043e\u0440\u0433\u0430\u043d\u0438\u0437\u0430\u0446\u0438\u0435\u0439. \u041e\u043d \u044f\u0432\u043b\u044f\u0435\u0442\u0441\u044f \u0430\u0432\u0442\u043e\u0440\u043e\u043c 21 \u0443\u0447\u0435\u0431\u043d\u0438\u043a\u0430 \u0438 \u0443\u0447\u0435\u0431\u043d\u043e\u0433\u043e \u043f\u043e\u0441\u043e\u0431\u0438\u044f, \u043c\u043e\u043d\u043e\u0433\u0440\u0430\u0444\u0438\u0438 \u043f\u043e \u00ab\u0426\u0435\u043d\u043e\u043e\u0431\u0440\u0430\u0437\u043e\u0432\u0430\u043d\u0438\u044e\u00bb \u0438 \u00ab\u041e\u0446\u0435\u043d\u043a\u0435 \u0438\u043c\u0443\u0449\u0435\u0441\u0442\u0432\u0430\u00bb, \u0430 \u0442\u0430\u043a\u0436\u0435 \u0444\u0443\u043d\u0434\u0430\u043c\u0435\u043d\u0442\u0430\u043b\u044c\u043d\u044b\u0445 \u0442\u0440\u0443\u0434\u043e\u0432 \u043f\u043e\u043b\u0438\u0442\u043e\u043b\u043e\u0433\u0438\u0447\u0435\u0441\u043a\u043e\u0433\u043e \u043d\u0430\u043f\u0440\u0430\u0432\u043b\u0435\u043d\u0438\u044f, \u0431\u043e\u043b\u0435\u0435 350 \u0441\u0442\u0430\u0442\u0435\u0439.<\/p>\n<p style=\"text-align: justify;\">12 \u0438\u044e\u043d\u044f 2002 \u0433\u043e\u0434\u0430 \u0437\u0430 \u0443\u0441\u043f\u0435\u0445\u0438 \u0432 \u043d\u0430\u0443\u0447\u043d\u043e-\u043f\u0435\u0434\u0430\u0433\u043e\u0433\u0438\u0447\u0435\u0441\u043a\u043e\u0439 \u0438 \u043e\u0431\u0449\u0435\u0441\u0442\u0432\u0435\u043d\u043d\u043e-\u043f\u043e\u043b\u0438\u0442\u0438\u0447\u0435\u0441\u043a\u043e\u0439 \u0434\u0435\u044f\u0442\u0435\u043b\u044c\u043d\u043e\u0441\u0442\u0438 \u0431\u044b\u043b \u043d\u0430\u0433\u0440\u0430\u0436\u0434\u0435\u043d \u043e\u0440\u0434\u0435\u043d\u043e\u043c \u00ab\u0421\u043b\u0430\u0432\u044b\u00bb. \u0417\u0430 \u044d\u0444\u0444\u0435\u043a\u0442\u0438\u0432\u043d\u0443\u044e \u0434\u0435\u044f\u0442\u0435\u043b\u044c\u043d\u043e\u0441\u0442\u044c \u0432 \u043e\u0431\u0440\u0430\u0437\u043e\u0432\u0430\u043d\u0438\u0438, \u043d\u0430\u0443\u0447\u043d\u043e\u043c \u0442\u0432\u043e\u0440\u0447\u0435\u0441\u0442\u0432\u0435 \u0438 \u043e\u0431\u0449\u0435\u0441\u0442\u0432\u0435\u043d\u043d\u043e-\u043f\u043e\u043b\u0438\u0442\u0438\u0447\u0435\u0441\u043a\u043e\u0439 \u0436\u0438\u0437\u043d\u0438 \u0410\u0437\u0435\u0440\u0431\u0430\u0439\u0434\u0436\u0430\u043d\u0430, \u0431\u044b\u043b \u0443\u0434\u043e\u0441\u0442\u043e\u0435\u043d \u0434\u0438\u043f\u043b\u043e\u043c\u0430 \u043b\u0430\u0443\u0440\u0435\u0430\u0442\u0430 \u043f\u0440\u0435\u043c\u0438\u0438 \u0421\u041c\u0418 \u00ab\u0413\u0430\u0434\u0436\u0438 \u0417\u0435\u0439\u043d\u0430\u043b\u0430\u0431\u0434\u0438\u043d \u0422\u0430\u0433\u0438\u0435\u0432\u00bb \u0438 \u00ab\u0417\u043e\u043b\u043e\u0442\u043e\u0435 \u043f\u0435\u0440\u043e\u00bb.<\/p>\n<p style=\"text-align: justify;\">\u0421 2008 \u0433\u043e\u0434\u0430\u00a0\u0440\u0430\u0431\u043e\u0442\u0430\u043b\u00a0 \u2013 \u0437\u0430\u0432\u0435\u0434\u0443\u044e\u0449\u0438\u043c\u00a0\u043a\u0430\u0444\u0435\u0434\u0440\u043e\u0439 \u00ab\u0426\u0435\u043d\u0430 \u0438 \u0446\u0435\u043d\u043e\u043e\u0431\u0440\u0430\u0437\u043e\u0432\u0430\u043d\u0438\u0435\u00bb UNEC. C 2018\u00a0\u0433\u043e\u0434\u0430 \u0440\u0430\u0431\u043e\u0442\u0430\u0435\u0442 \u043a\u043e\u043d\u0441\u0443\u043b\u044c\u0442\u0430\u043d\u0442\u043e\u043c \u043d\u0430 \u043a\u0430\u0444\u0435\u0434\u0440\u0435 &#171;\u042d\u043a\u043e\u043d\u043e\u043c\u0438\u043a\u0430 \u0438 \u0443\u043f\u0440\u0430\u0432\u043b\u0435\u043d\u0438\u0435 \u0441\u043e\u0446\u0438\u0430\u043b\u044c\u043d\u043e\u0439 \u0441\u0444\u0435\u0440\u043e\u0439&#187;. \u00a0\u041e\u043d \u044f\u0432\u043b\u044f\u0435\u0442\u0441\u044f \u0447\u043b\u0435\u043d\u043e\u043c \u041d\u0430\u0443\u0447\u043d\u043e-\u043c\u0435\u0442\u043e\u0434\u0438\u0447\u0435\u0441\u043a\u043e\u0433\u043e \u0441\u043e\u0432\u0435\u0442\u0430 \u0438 \u0421\u043e\u0432\u0435\u0442\u0430 \u043f\u043e \u0437\u0430\u0449\u0438\u0442\u0435 \u0434\u0438\u0441\u0441\u0435\u0440\u0442\u0430\u0446\u0438\u0439, \u0433\u043b\u0430\u0432\u043d\u044b\u043c \u0440\u0435\u0434\u0430\u043a\u0442\u043e\u0440\u043e\u043c \u0436\u0443\u0440\u043d\u0430\u043b\u0430 \u00ab\u0418\u043c\u0443\u0449\u0435\u0441\u0442\u0432\u043e \u0438 \u044d\u043a\u043e\u043d\u043e\u043c\u0438\u043a\u0430\u00bb. \u041e\u043d \u2013 -\u0430\u0432\u0442\u043e\u0440 23 \u0443\u0447\u0435\u0431\u043d\u0438\u043a\u043e\u0432 \u0438 \u0443\u0447\u0435\u0431\u043d\u044b\u0445 \u043f\u043e\u0441\u043e\u0431\u0438\u0439 \u043c\u043e\u043d\u043e\u0433\u0440\u0430\u0444\u0438\u0439, \u0431\u043e\u043b\u0435\u0435 350 \u0441\u0442\u0430\u0442\u0435\u0439.<\/p>\n<p style=\"text-align: justify;\"><a class=\"fancybox-thumb\" href=\"https:\/\/unec.edu.az\/application\/uploads\/2016\/11\/DSC_0080.jpg\" rel=\"fancybox-thumb\"><img decoding=\"async\" class=\"fancybox-margin alignnone wp-image-71229\" title=\"UNEC t\u0259l\u0259b\u0259l\u0259ri \u00f6n c\u0259bh\u0259d\u0259 \u0259sg\u0259rl\u0259rl\u0259 birg\u0259 (08.11.2016)\" src=\"https:\/\/unec.edu.az\/application\/uploads\/2016\/11\/DSC_0080-300x200.jpg\" alt=\"DSC_0080\" width=\"195\" height=\"130\" srcset=\"http:\/\/unec.edu.az\/application\/uploads\/2016\/11\/DSC_0080-300x200.jpg 300w, http:\/\/unec.edu.az\/application\/uploads\/2016\/11\/DSC_0080.jpg 800w\" sizes=\"(max-width: 195px) 100vw, 195px\" \/><\/a><a class=\"fancybox-thumb\" href=\"https:\/\/unec.edu.az\/application\/uploads\/2015\/05\/xanhuseyn11.jpg\" rel=\"fancybox-thumb\"><img decoding=\"async\" class=\"fancybox-margin alignnone wp-image-49516 \" src=\"https:\/\/unec.edu.az\/application\/uploads\/2015\/05\/xanhuseyn11-300x200.jpg\" alt=\"xanhuseyn11\" width=\"195\" height=\"130\" srcset=\"http:\/\/unec.edu.az\/application\/uploads\/2015\/05\/xanhuseyn11-300x200.jpg 300w, http:\/\/unec.edu.az\/application\/uploads\/2015\/05\/xanhuseyn11.jpg 750w\" sizes=\"(max-width: 195px) 100vw, 195px\" \/><\/a><a class=\"fancybox-thumb\" href=\"https:\/\/unec.edu.az\/application\/uploads\/2015\/05\/xanhuseyn1122.jpg\" rel=\"fancybox-thumb\"><img loading=\"lazy\" decoding=\"async\" class=\"fancybox-margin  alignnone wp-image-49517\" src=\"https:\/\/unec.edu.az\/application\/uploads\/2015\/05\/xanhuseyn1122-300x200.jpg\" alt=\"xanhuseyn1122\" width=\"197\" height=\"131\" srcset=\"http:\/\/unec.edu.az\/application\/uploads\/2015\/05\/xanhuseyn1122-300x200.jpg 300w, http:\/\/unec.edu.az\/application\/uploads\/2015\/05\/xanhuseyn1122.jpg 750w\" sizes=\"(max-width: 197px) 100vw, 197px\" \/><\/a><a class=\"fancybox-thumb\" href=\"https:\/\/unec.edu.az\/application\/uploads\/2016\/07\/esas1.jpg\" rel=\"fancybox-thumb\"><img loading=\"lazy\" decoding=\"async\" class=\"fancybox-margin alignnone wp-image-60925 \" src=\"https:\/\/unec.edu.az\/application\/uploads\/2016\/07\/esas1-300x198.jpg\" alt=\"esas\" width=\"197\" height=\"130\" srcset=\"http:\/\/unec.edu.az\/application\/uploads\/2016\/07\/esas1-300x200.jpg 300w, http:\/\/unec.edu.az\/application\/uploads\/2016\/07\/esas1.jpg 800w\" sizes=\"(max-width: 197px) 100vw, 197px\" \/><\/a><a class=\"fancybox-thumb\" href=\"https:\/\/unec.edu.az\/application\/uploads\/2015\/05\/xanhuseyn-kazimli.jpg\" rel=\"fancybox-thumb\"><img loading=\"lazy\" decoding=\"async\" class=\"fancybox-margin alignnone wp-image-49518 \" src=\"https:\/\/unec.edu.az\/application\/uploads\/2015\/05\/xanhuseyn-kazimli-300x223.jpg\" alt=\"xanhuseyn-kazimli\" width=\"176\" height=\"131\" srcset=\"http:\/\/unec.edu.az\/application\/uploads\/2015\/05\/xanhuseyn-kazimli-300x223.jpg 300w, http:\/\/unec.edu.az\/application\/uploads\/2015\/05\/xanhuseyn-kazimli-430x320.jpg 430w, http:\/\/unec.edu.az\/application\/uploads\/2015\/05\/xanhuseyn-kazimli.jpg 570w\" sizes=\"(max-width: 176px) 100vw, 176px\" \/><\/a><\/p>\n<p>&nbsp;<\/p>\n<p><span style=\"color: #000000;\"><em><a style=\"color: #000000;\" href=\"https:\/\/unec.edu.az\/ru\/unec-kollektivi-leletepede\/\">\u041a\u043e\u043b\u043b\u0435\u043a\u0442\u0438\u0432 UNEC \u0432 \u041b\u0435\u043b\u0435\u0442\u0435\u043f\u0435 <\/a>(07.04.2017)<\/em><\/span><br \/>\n<span style=\"color: #000000;\"><em> <a style=\"color: #000000;\" href=\"https:\/\/unec.edu.az\/ru\/isci-qruplarinin-birge-iclasi-kecirilib\/\">\u0421\u043e\u0441\u0442\u043e\u044f\u043b\u043e\u0441\u044c \u0441\u043e\u0432\u043c\u0435\u0441\u0442\u043d\u043e\u0435 \u0437\u0430\u0441\u0435\u0434\u0430\u043d\u0438\u0435 \u0420\u0430\u0431\u043e\u0447\u0438\u0445 \u0433\u0440\u0443\u043f\u043f<\/a>\u00a0(21.11.2016)<\/em><\/span><br \/>\n<span style=\"color: #000000;\"><em> <a style=\"color: #000000;\" href=\"https:\/\/unec.edu.az\/ru\/unec-in-yaradiliq-merkezi-herbi-hissede-teltif-edilib\/\">\u0421\u0442\u0443\u0434\u0435\u043d\u0442\u044b UNEC \u0432\u043c\u0435\u0441\u0442\u0435 \u0441 \u0441\u043e\u043b\u0434\u0430\u0442\u0430\u043c\u0438 \u043d\u0430 \u043f\u0435\u0440\u0435\u0434\u043e\u0432\u043e\u0439<\/a>\u00a0(08.11.2016)<\/em><\/span><br \/>\n<span style=\"color: #000000;\"><em> <a style=\"color: #000000;\" href=\"https:\/\/unec.edu.az\/ru\/unec-emekdaslari-ramazan-bayramini-cebhe-bolgesinde-qeyd-edibler\/\">\u0421\u043e\u0442\u0440\u0443\u0434\u043d\u0438\u043a\u0438 UNEC \u043e\u0442\u043c\u0435\u0442\u0438\u043b\u0438 \u043f\u0440\u0430\u0437\u0434\u043d\u0438\u043a \u0420\u0430\u043c\u0430\u0437\u0430\u043d \u0432 \u043f\u0440\u0438\u0444\u0440\u043e\u043d\u0442\u043e\u0432\u043e\u043c \u0440\u0435\u0433\u0438\u043e\u043d\u0435 \u00a0<\/a>(11.07.2016)<\/em><\/span><\/p>\n<p><a class=\"fancybox-thumb\" href=\"https:\/\/unec.edu.az\/application\/uploads\/2015\/05\/xanhuseyn111.jpg\" rel=\"fancybox-thumb\"><img loading=\"lazy\" decoding=\"async\" class=\"fancybox-margin alignnone wp-image-78721 size-image236x180\" title=\"UNEC-d\u0259 \u201cAprel d\u00f6y\u00fc\u015fl\u0259ri bizim \u015fanl\u0131 q\u0259l\u0259b\u0259mizdir\u201d devizi alt\u0131nda v\u0259t\u0259np\u0259rv\u0259rlik t\u0259dbiri ke\u00e7irilib (28.12.2016)\" src=\"https:\/\/unec.edu.az\/application\/uploads\/2015\/05\/xanhuseyn111-236x180.jpg\" alt=\"xanhuseyn11\" width=\"236\" height=\"180\" \/><\/a><a class=\"fancybox-thumb\" href=\"https:\/\/unec.edu.az\/application\/uploads\/2016\/12\/1-DSC_5324.jpg\" rel=\"fancybox-thumb\"><img loading=\"lazy\" decoding=\"async\" class=\"fancybox-margin alignnone wp-image-78696 size-image236x180\" title=\"UNEC-d\u0259 \u201cAprel d\u00f6y\u00fc\u015fl\u0259ri bizim \u015fanl\u0131 q\u0259l\u0259b\u0259mizdir\u201d devizi alt\u0131nda v\u0259t\u0259np\u0259rv\u0259rlik t\u0259dbiri ke\u00e7irilib (28.12.2016)\" src=\"https:\/\/unec.edu.az\/application\/uploads\/2016\/12\/1-DSC_5324-236x180.jpg\" alt=\"1-DSC_5324\" width=\"236\" height=\"180\" \/><\/a><a class=\"fancybox-thumb\" href=\"https:\/\/unec.edu.az\/application\/uploads\/2015\/05\/xan_2281-1024x684.jpg\" rel=\"fancybox-thumb\"><img loading=\"lazy\" decoding=\"async\" class=\"fancybox-margin alignnone wp-image-90180 size-image236x180\" title=\"UNEC kollektivi L\u0259l\u0259t\u0259p\u0259d\u0259 (07.04.2017)\" src=\"https:\/\/unec.edu.az\/application\/uploads\/2015\/05\/xan_2281-1024x684-236x180.jpg\" alt=\"xan_2281-1024x684\" width=\"236\" height=\"180\" \/><\/a><a class=\"fancybox-thumb\" href=\"https:\/\/unec.edu.az\/application\/uploads\/2015\/05\/xan_3094-1024x683.jpg\" rel=\"fancybox-thumb\"><img loading=\"lazy\" decoding=\"async\" class=\"fancybox-margin alignnone wp-image-90179 size-image236x180\" title=\"UNEC kollektivi L\u0259l\u0259t\u0259p\u0259d\u0259 (07.04.2017)\" src=\"https:\/\/unec.edu.az\/application\/uploads\/2015\/05\/xan_3094-1024x683-236x180.jpg\" alt=\"xan_3094-1024x683\" width=\"236\" height=\"180\" \/><\/a><\/p>\n","protected":false},"excerpt":{"rendered":"<p>\u00a0\u043f\u0440\u043e\u0444. \u041a\u0430\u0437\u0438\u043c\u043b\u0438 \u0425\u0430\u043d\u0433\u0443\u0441\u0435\u0439\u043d \u0413\u0443\u0441\u0435\u0439\u043d\u0430\u0433\u0430 \u043e\u0433\u043b\u044b e-mail: x.kazimli@unec.edu.az \u0420\u043e\u0434\u0438\u043b\u0441\u044f 1 \u043e\u043a\u0442\u044f\u0431\u0440\u044f 1942 \u0433\u043e\u0434\u0430 \u0432 \u0441\u0435\u043b\u0435 \u0410\u0433\u0430\u043c\u0430\u043c\u0435\u0434\u043b\u0438 \u0418\u043c\u0438\u0448\u043b\u0438\u043d\u0441\u043a\u043e\u0433\u043e \u0440\u0430\u0439\u043e\u043d\u0430. \u0412 1967 \u0433\u043e\u0434\u0443 \u043e\u043a\u043e\u043d\u0447\u0438\u043b \u0410\u0437\u0435\u0440\u0431\u0430\u0439\u0434\u0436\u0430\u043d\u0441\u043a\u0438\u0439 \u0438\u043d\u0441\u0442\u0438\u0442\u0443\u0442 \u043d\u0430\u0440\u043e\u0434\u043d\u043e\u0433\u043e \u0445\u043e\u0437\u044f\u0439\u0441\u0442\u0432\u0430 (\u0441\u0435\u0439\u0447\u0430\u0441 \u0410\u0413\u042d\u0423), \u0431\u044b\u043b \u043e\u0441\u0442\u0430\u0432\u043b\u0435\u043d \u0432 \u0438\u043d\u0441\u0442\u0438\u0442\u0443\u0442\u0435, \u043a\u0430\u043a \u043e\u0442\u043b\u0438\u0447\u043d\u0438\u043a \u0443\u0447\u0435\u0431\u044b \u0438 \u043e\u0431\u0449\u0435\u0441\u0442\u0432\u0435\u043d\u043d\u043e \u0430\u043a\u0442\u0438\u0432\u043d\u044b\u0439 \u0441\u0442\u0443\u0434\u0435\u043d\u0442. \u0412\u00a0 1971 \u0433\u043e\u0434\u0443 \u0441\u0442\u0430\u043b \u043a\u0430\u043d\u0434\u0438\u0434\u0430\u0442\u043e\u043c \u044d\u043a\u043e\u043d\u043e\u043c\u0438\u0447\u0435\u0441\u043a\u0438\u0445 \u043d\u0430\u0443\u043a, \u0430 \u0432 \u00a01989 \u0433\u043e\u0434\u0443 \u043f\u043e\u043b\u0443\u0447\u0438\u043b \u0443\u0447\u0435\u043d\u0443\u044e \u0441\u0442\u0435\u043f\u0435\u043d\u044c \u0434\u043e\u043a\u0442\u043e\u0440\u0430 \u044d\u043a\u043e\u043d\u043e\u043c\u0438\u0447\u0435\u0441\u043a\u0438\u0445 \u043d\u0430\u0443\u043a. [&hellip;]<\/p>\n","protected":false},"author":10,"featured_media":0,"parent":0,"menu_order":0,"comment_status":"open","ping_status":"open","template":"","meta":{"footnotes":""},"class_list":["post-12374","page","type-page","status-publish","hentry"],"_links":{"self":[{"href":"http:\/\/unec.edu.az\/ru\/wp-json\/wp\/v2\/pages\/12374","targetHints":{"allow":["GET"]}}],"collection":[{"href":"http:\/\/unec.edu.az\/ru\/wp-json\/wp\/v2\/pages"}],"about":[{"href":"http:\/\/unec.edu.az\/ru\/wp-json\/wp\/v2\/types\/page"}],"author":[{"embeddable":true,"href":"http:\/\/unec.edu.az\/ru\/wp-json\/wp\/v2\/users\/10"}],"replies":[{"embeddable":true,"href":"http:\/\/unec.edu.az\/ru\/wp-json\/wp\/v2\/comments?post=12374"}],"version-history":[{"count":11,"href":"http:\/\/unec.edu.az\/ru\/wp-json\/wp\/v2\/pages\/12374\/revisions"}],"predecessor-version":[{"id":129623,"href":"http:\/\/unec.edu.az\/ru\/wp-json\/wp\/v2\/pages\/12374\/revisions\/129623"}],"wp:attachment":[{"href":"http:\/\/unec.edu.az\/ru\/wp-json\/wp\/v2\/media?parent=12374"}],"curies":[{"name":"wp","href":"https:\/\/api.w.org\/{rel}","templated":true}]}}