{"id":12415,"date":"2015-05-21T12:59:11","date_gmt":"2015-05-21T08:59:11","guid":{"rendered":"https:\/\/unec.edu.az\/dosent-imanov-telman-iman-oglu-2\/"},"modified":"2018-06-22T15:30:59","modified_gmt":"2018-06-22T11:30:59","slug":"dosent-imanov-telman-iman-oglu","status":"publish","type":"page","link":"http:\/\/unec.edu.az\/ru\/dosent-imanov-telman-iman-oglu\/","title":{"rendered":"\u043f\u0440\u043e\u0444. \u0418\u043c\u0430\u043d\u043e\u0432 \u0422\u0435\u043b\u044c\u043c\u0430\u043d \u0418\u043c\u0430\u043d \u043e\u0433\u043b\u044b"},"content":{"rendered":"<h4 style=\"text-align: justify;\"><span style=\"color: #800000;\"><a href=\"https:\/\/unec.edu.az\/application\/uploads\/2015\/05\/telman_market.jpg\"><img fetchpriority=\"high\" decoding=\"async\" class=\"left alignleft wp-image-13610 \" src=\"https:\/\/unec.edu.az\/application\/uploads\/2015\/05\/telman_market.jpg\" alt=\"telman_market\" width=\"362\" height=\"241\" srcset=\"http:\/\/unec.edu.az\/application\/uploads\/2015\/05\/telman_market.jpg 450w, http:\/\/unec.edu.az\/application\/uploads\/2015\/05\/telman_market-300x200.jpg 300w\" sizes=\"(max-width: 362px) 100vw, 362px\" \/><\/a><\/span><\/h4>\n<p><span style=\"color: #800000;\"><em>\u00a0\u0434.\u044d.\u043d., \u043f\u0440\u043e\u0444.\u0418\u043c\u0430\u043d\u043e\u0432 \u0422\u0435\u043b\u044c\u043c\u0430\u043d \u0418\u043c\u0430\u043d \u043e\u0433\u043b\u044b<\/em><strong><br \/>\n<\/strong><\/span><\/p>\n<p><span style=\"color: #000000;\"><em>e-mail: t.imanov@unec.edu.az<\/em><\/span><\/p>\n<p style=\"text-align: justify;\"><span style=\"font-size: 12pt;\">\u0420\u043e\u0434\u0438\u043b\u0441\u044f \u0432 1961 \u0433\u043e\u0434\u0443 \u0432 \u0411\u0438\u043b\u044f\u0441\u0443\u0432\u0430\u0440\u0441\u043a\u043e\u043c \u0440\u0430\u0439\u043e\u043d\u0435. \u0412 1982 \u0433\u043e\u0434\u0443 \u043e\u043a\u043e\u043d\u0447\u0438\u043b \u043f\u043e\u043b\u043d\u044b\u0439 \u043a\u0443\u0440\u0441 \u043f\u043e \u0441\u043f\u0435\u0446\u0438\u0430\u043b\u044c\u043d\u043e\u0441\u0442\u0438 \u00ab\u041c\u0435\u0445\u0430\u043d\u0438\u0437\u0438\u0440\u043e\u0432\u0430\u043d\u043d\u0430\u044f \u043e\u0431\u0440\u0430\u0431\u043e\u0442\u043a\u0430 \u044d\u043a\u043e\u043d\u043e\u043c\u0438\u0447\u0435\u0441\u043a\u043e\u0439 \u0438\u043d\u0444\u043e\u0440\u043c\u0430\u0446\u0438\u0438\u00bb \u041e\u0431\u0449\u0435\u044d\u043a\u043e\u043d\u043e\u043c\u0438\u0447\u0435\u0441\u043a\u043e\u0433\u043e \u0444\u0430\u043a\u0443\u043b\u044c\u0442\u0435\u0442\u0430 \u0410\u0437\u0435\u0440\u0431\u0430\u0439\u0434\u0436\u0430\u043d\u0441\u043a\u043e\u0433\u043e \u0438\u043d\u0441\u0442\u0438\u0442\u0443\u0442\u0430 \u043d\u0430\u0440\u043e\u0434\u043d\u043e\u0433\u043e \u0445\u043e\u0437\u044f\u0439\u0441\u0442\u0432\u0430 \u0438\u043c. \u0414.\u0411\u0443\u043d\u0438\u0430\u0442\u0437\u0430\u0434\u0435. \u0412 1982-85 \u0433\u043e\u0434\u044b \u0440\u0430\u0431\u043e\u0442\u0430\u043b \u043d\u0430 \u0440\u0430\u0437\u043b\u0438\u0447\u043d\u044b\u0445 \u0434\u043e\u043b\u0436\u043d\u043e\u0441\u0442\u044f\u0445 \u0432 \u0412\u044b\u0447\u0438\u0441\u043b\u0438\u0442\u0435\u043b\u044c\u043d\u043e\u043c \u0438 \u043a\u043e\u043c\u043c\u0435\u0440\u0447\u0435\u0441\u043a\u043e\u043c \u0446\u0435\u043d\u0442\u0440\u0435\u00a0 \u0431\u044b\u0432\u0448\u0435\u0433\u043e \u0413\u043e\u0441\u043a\u043e\u043c\u0438\u0442\u0435\u0442\u0430 \u043f\u043e \u043c\u0430\u0442\u0435\u0440\u0438\u0430\u043b\u044c\u043d\u043e-\u0442\u0435\u0445\u043d\u0438\u0447\u0435\u0441\u043a\u043e\u043c\u0443 \u0441\u043d\u0430\u0431\u0436\u0435\u043d\u0438\u044e.\u00a0 \u0412 1995 \u0433\u043e\u0434\u0443 \u043e\u043d \u0437\u0430\u0449\u0438\u0442\u0438\u043b \u0434\u0438\u0441\u0441\u0435\u0440\u0442\u0430\u0446\u0438\u044e \u0432 \u0410\u0413\u042d\u0423 \u0438 \u043f\u043e\u043b\u0443\u0447\u0438\u043b \u0443\u0447\u0435\u043d\u0443\u044e \u0441\u0442\u0435\u043f\u0435\u043d\u044c \u043a\u0430\u043d\u0434\u0438\u0434\u0430\u0442\u0430 \u044d\u043a\u043e\u043d\u043e\u043c\u0438\u0447\u0435\u0441\u043a\u0438\u0445 \u043d\u0430\u0443\u043a.<\/span><\/p>\n<p style=\"text-align: justify;\"><span style=\"font-size: 12pt;\">\u0412 1995-2000 \u0433\u043e\u0434\u044b \u0440\u0430\u0431\u043e\u0442\u0430\u043b \u0432 \u043a\u0430\u0447\u0435\u0441\u0442\u0432\u0435 \u0441\u0442\u0430\u0440\u0448\u0435\u0433\u043e \u043f\u0440\u0435\u043f\u043e\u0434\u0430\u0432\u0430\u0442\u0435\u043b\u044f \u043d\u0430 \u043a\u0430\u0444\u0435\u0434\u0440\u0435 \u00ab\u041c\u0430\u0440\u043a\u0435\u0442\u0438\u043d\u0433 \u0441\u0440\u0435\u0434\u0441\u0442\u0432 \u043f\u0440\u043e\u0438\u0437\u0432\u043e\u0434\u0441\u0442\u0432\u0430\u00bb \u0410\u0413\u042d\u0423. \u0412 2002-2005 \u0433\u043e\u0434\u044b \u0432\u043e\u0437\u0433\u043b\u0430\u0432\u0438\u043b \u043f\u0435\u0440\u0432\u044b\u0439 \u0432 \u0441\u0442\u0440\u0430\u043d\u0435 \u043a\u0430\u0444\u0435\u0434\u0440\u0443 \u00ab\u041b\u043e\u0433\u0438\u0441\u0442\u0438\u043a\u0430\u00bb.\u00a0 \u0421 2005 \u0433\u043e\u0434\u0430\u00a0 \u043f\u043e \u0438\u044e\u043d\u044c 2018 \u0433\u043e\u0434\u0430 \u0431\u044b\u043b\u00a0\u0437\u0430\u0432\u0435\u0434\u0443\u044e\u0449\u0438\u043c \u043a\u0430\u0444\u0435\u0434\u0440\u044b \u00ab\u041c\u0430\u0440\u043a\u0435\u0442\u0438\u043d\u0433\u00bb.<\/span><\/p>\n<p><span style=\"font-size: 12pt;\">\u041e\u043d \u044f\u0432\u043b\u044f\u0435\u0442\u0441\u044f \u0430\u0432\u0442\u043e\u0440\u043e\u043c \u043c\u043d\u043e\u0433\u043e\u0447\u0438\u0441\u043b\u0435\u043d\u043d\u044b\u0445 \u0441\u0442\u0430\u0442\u0435\u0439, \u0443\u0447\u0435\u0431\u043d\u0438\u043a\u043e\u0432 \u0438 \u0443\u0447\u0435\u0431\u043d\u044b\u0445 \u043f\u043e\u0441\u043e\u0431\u0438\u0439.<\/span><\/p>\n<p><span style=\"font-size: 12pt;\">\u041e\u043d \u0436\u0435\u043d\u0430\u0442 \u0438 \u0438\u043c\u0435\u0435\u0442 \u0434\u0432\u043e\u0438\u0445 \u0434\u0435\u0442\u0435\u0439.<\/span><\/p>\n<p>&nbsp;<\/p>\n<p><em><strong>\u0423\u0447\u0435\u0431\u043d\u043e-\u043c\u0435\u0442\u043e\u0434\u0438\u0447\u0435\u0441\u043a\u0438\u0435 \u043f\u043e\u0441\u043e\u0431\u0438\u044f:<\/strong><\/em><\/p>\n<p>1.\u201cB\u00f6l\u00fc\u015fd\u00fcr\u00fcc\u00fc logistika\u201d(magistr haz\u0131rl\u0131\u011f\u0131) AzD\u0130U, \u00ab\u0130qtisad Universiteti\u00bb n\u0259\u015friyyat\u0131, Bak\u0131, 2015 (dos.E.N.Quliyev)<br \/>\n2.\u201cTurizm marketinqi\u201d (magistr haz\u0131rl\u0131\u011f\u0131) AzD\u0130U, \u00ab\u0130qtisad Universiteti\u00bb n\u0259\u015friyyat\u0131, (dos. M.M.\u018fhm\u0259dov, dos. L.A.Hac\u0131yeva)<br \/>\n3.\u201c\u0130stehlak\u00e7\u0131 davran\u0131\u015f\u0131\u201d AzD\u0130U, \u00ab\u0130qtisad Universiteti\u00bb n\u0259\u015friyyat\u0131,<br \/>\n4.\u201cMarketinq logistika\u201d (magistr haz\u0131rl\u0131\u011f\u0131, dos.E.N.Quliyev)<\/p>\n<p><a class=\"fancybox-thumb\" href=\"https:\/\/unec.edu.az\/application\/uploads\/2016\/02\/DSC_4829.jpg\" rel=\"fancybox-thumb\"><img decoding=\"async\" class=\"fancybox-margin alignnone wp-image-40939 \" src=\"https:\/\/unec.edu.az\/application\/uploads\/2016\/02\/DSC_4829-236x180.jpg\" alt=\"DSC_4829\" width=\"178\" height=\"136\" \/><\/a><a class=\"fancybox-thumb\" href=\"https:\/\/unec.edu.az\/application\/uploads\/2015\/12\/DSC_0010.jpg\" rel=\"fancybox-thumb\"><img decoding=\"async\" class=\"fancybox-margin alignnone wp-image-30926 \" src=\"https:\/\/unec.edu.az\/application\/uploads\/2015\/12\/DSC_0010-236x180.jpg\" alt=\"DSC_0010\" width=\"178\" height=\"136\" \/><\/a>\u00a0<a class=\"fancybox-thumb\" href=\"https:\/\/unec.edu.az\/application\/uploads\/2017\/04\/DSC_4189.jpg\" rel=\"fancybox-thumb\"><img loading=\"lazy\" decoding=\"async\" class=\"fancybox-margin alignnone wp-image-91768\" title=\"\u201cUNEC professorlar\u0131 il\u0259 g\u00f6r\u00fc\u015f \u015fagirdl\u0259r \u00fc\u00e7\u00fcn faydal\u0131d\u0131r\u201d (24.04.2017)\" src=\"https:\/\/unec.edu.az\/application\/uploads\/2017\/04\/DSC_4189-300x200.jpg\" alt=\"DSC_4189\" width=\"204\" height=\"136\" srcset=\"http:\/\/unec.edu.az\/application\/uploads\/2017\/04\/DSC_4189-300x200.jpg 300w, http:\/\/unec.edu.az\/application\/uploads\/2017\/04\/DSC_4189.jpg 800w\" sizes=\"(max-width: 204px) 100vw, 204px\" \/><\/a><a class=\"fancybox-thumb\" href=\"https:\/\/unec.edu.az\/application\/uploads\/2015\/05\/1-telman_1363.jpg\" rel=\"fancybox-thumb\"><img loading=\"lazy\" decoding=\"async\" class=\"fancybox-margin alignnone wp-image-73728\" title=\"UNEC-d\u0259 konfrans: \u201cM\u00fcst\u0259qil Az\u0259rbaycan\u0131n inki\u015faf\u0131 r\u0259q\u0259ml\u0259rd\u0259\u201d (24.11.2016)\" src=\"https:\/\/unec.edu.az\/application\/uploads\/2015\/05\/1-telman_1363-300x201.jpg\" alt=\"1-telman_1363\" width=\"201\" height=\"135\" srcset=\"http:\/\/unec.edu.az\/application\/uploads\/2015\/05\/1-telman_1363-300x200.jpg 300w, http:\/\/unec.edu.az\/application\/uploads\/2015\/05\/1-telman_1363.jpg 800w\" sizes=\"(max-width: 201px) 100vw, 201px\" \/><\/a><a class=\"fancybox-thumb\" href=\"https:\/\/unec.edu.az\/application\/uploads\/2015\/02\/marIMG_4104.jpg\" rel=\"fancybox-thumb\"><img loading=\"lazy\" decoding=\"async\" class=\"fancybox-margin alignnone wp-image-26817 \" src=\"https:\/\/unec.edu.az\/application\/uploads\/2015\/02\/marIMG_4104-300x192.jpg\" alt=\"marIMG_4104\" width=\"211\" height=\"135\" srcset=\"http:\/\/unec.edu.az\/application\/uploads\/2015\/02\/marIMG_4104-300x192.jpg 300w, http:\/\/unec.edu.az\/application\/uploads\/2015\/02\/marIMG_4104-620x400.jpg 620w, http:\/\/unec.edu.az\/application\/uploads\/2015\/02\/marIMG_4104.jpg 800w\" sizes=\"(max-width: 211px) 100vw, 211px\" \/><\/a><\/p>\n<p><span style=\"color: #000000;\"><em><a style=\"color: #000000;\" href=\"https:\/\/unec.edu.az\/ru\/unec-alimi-ile-gorus-kecirilib\/\">\u0421\u043e\u0441\u0442\u043e\u044f\u043b\u0430\u0441\u044c \u0432\u0441\u0442\u0440\u0435\u0447\u0430 \u0441 \u0443\u0447\u0435\u043d\u044b\u043c UNEC<\/a>\u00a0(24.05.2017)<\/em><\/span><br \/>\n<span style=\"color: #000000;\"><em><a style=\"color: #000000;\" href=\"https:\/\/unec.edu.az\/ru\/unec-professorlari-ile-gorus-sagirdler-ucun-faydalidir\/\">\u00ab\u0412\u0441\u0442\u0440\u0435\u0447\u0430 \u0441 \u043f\u0440\u043e\u0444\u0435\u0441\u0441\u043e\u0440\u0430\u043c\u0438 UNEC \u0431\u0443\u0434\u0435\u0442 \u043f\u043e\u043b\u0435\u0437\u043d\u044b\u043c \u0434\u043b\u044f \u0443\u0447\u0430\u0449\u0438\u0445\u0441\u044f \u0448\u043a\u043e\u043b\u00bb\u00a0<\/a>\u00a0(25.04.2017)<\/em><\/span><br \/>\n<span style=\"color: #000000;\"><em><a style=\"color: #000000;\" href=\"https:\/\/unec.edu.az\/ru\/logistika-ve-ticaretin-inkisafina-dair-strateji-yol-xeritesi-ne-dair-muzakireler-kecirildi\/\">\u0412 UNEC \u0441\u043e\u0441\u0442\u043e\u044f\u043b\u0441\u044f \u0441\u0435\u043c\u0438\u043d\u0430\u0440 \u043d\u0430 \u0442\u0435\u043c\u0443 \u00ab\u0421\u0442\u0440\u0430\u0442\u0435\u0433\u0438\u0447\u0435\u0441\u043a\u0430\u044f \u0434\u043e\u0440\u043e\u0436\u043d\u0430\u044f \u043a\u0430\u0440\u0442\u0430 \u043e\u0442\u043d\u043e\u0441\u0438\u0442\u0435\u043b\u044c\u043d\u043e \u0440\u0430\u0437\u0432\u0438\u0442\u0438\u044f \u043b\u043e\u0433\u0438\u0441\u0442\u0438\u043a\u0438 \u0438 \u0442\u043e\u0440\u0433\u043e\u0432\u043b\u0438\u00bb <\/a>(01.24.2017)<\/em><\/span><br \/>\n<span style=\"color: #000000;\"><em><a style=\"color: #000000;\" href=\"https:\/\/unec.edu.az\/ru\/unec-de-konfrans-musteqil-azerbaycanin-inkisafi-reqemlerde\/\">\u041a\u043e\u043d\u0444\u0435\u0440\u0435\u043d\u0446\u0438\u044f \u0432 UNEC: \u201c\u0420\u0430\u0437\u0432\u0438\u0442\u0438\u0435 \u043d\u0435\u0437\u0430\u0432\u0438\u0441\u0438\u043c\u043e\u0433\u043e \u0410\u0437\u0435\u0440\u0431\u0430\u0439\u0434\u0436\u0430\u043d\u0430 \u0432 \u0446\u0438\u0444\u0440\u0430\u0445\u201d<\/a>\u00a0(24.11.2016)<\/em><\/span><br \/>\n<span style=\"color: #000000;\"><em><a style=\"color: #000000;\" href=\"https:\/\/unec.edu.az\/ru\/unec-de-kafedra-mudiri-aciq-ders-kecib\/\">\u041e\u0442\u043a\u0440\u044b\u0442\u044b\u0439 \u0443\u0440\u043e\u043a \u0437\u0430\u0432\u0435\u0434\u0443\u044e\u0449\u0435\u0433\u043e \u043a\u0430\u0444\u0435\u0434\u0440\u043e\u0439 UNEC\u00a0<\/a>\u00a0(11.12.2015)\u00a0 \u00a0\u00a0<\/em><\/span><\/p>\n<h4><em><a class=\"fancybox-thumb\" href=\"https:\/\/unec.edu.az\/application\/uploads\/2015\/02\/DSC01277.jpg\" rel=\"fancybox-thumb\"><img loading=\"lazy\" decoding=\"async\" class=\"fancybox-margin alignnone wp-image-82649 \" title=\"UNEC-d\u0259 \u201cLogistika v\u0259 ticar\u0259tin inki\u015faf\u0131na dair strateji yol x\u0259rit\u0259si\u201d m\u00f6vzusunda seminar ke\u00e7irildi (24.01.2017)\" src=\"https:\/\/unec.edu.az\/application\/uploads\/2015\/02\/DSC01277-236x180.jpg\" alt=\"???????????????????????????????\" width=\"192\" height=\"146\" \/><\/a><a class=\"fancybox-thumb\" href=\"https:\/\/unec.edu.az\/application\/uploads\/2015\/05\/DSC_8448.jpg\" rel=\"fancybox-thumb\"><img loading=\"lazy\" decoding=\"async\" class=\"fancybox-margin alignnone wp-image-85123 \" title=\"\u00c7ingiz Abdullayev: \u201cUNEC-d\u0259 a\u00e7\u0131q s\u00f6hb\u0259t, s\u0259mimi m\u00fcnasib\u0259t g\u00f6rd\u00fcm\u201d (14.02.2017)\" src=\"https:\/\/unec.edu.az\/application\/uploads\/2015\/05\/DSC_8448-236x180.jpg\" alt=\"DSC_8448\" width=\"192\" height=\"146\" \/><\/a>\u00a0<a class=\"fancybox-thumb\" href=\"https:\/\/unec.edu.az\/application\/uploads\/2015\/02\/DSC01267.jpg\" rel=\"fancybox-thumb\"><img loading=\"lazy\" decoding=\"async\" class=\"fancybox-margin alignnone wp-image-82648 \" title=\"UNEC-d\u0259 \u201cLogistika v\u0259 ticar\u0259tin inki\u015faf\u0131na dair strateji yol x\u0259rit\u0259si\u201d m\u00f6vzusunda seminar ke\u00e7irildi (24.01.2017)\" src=\"https:\/\/unec.edu.az\/application\/uploads\/2015\/02\/DSC01267-236x180.jpg\" alt=\"???????????????????????????????\" width=\"191\" height=\"146\" \/><\/a>\u00a0<a class=\"fancybox-thumb\" href=\"https:\/\/unec.edu.az\/application\/uploads\/2015\/02\/DSC01253.jpg\" rel=\"fancybox-thumb\"><img loading=\"lazy\" decoding=\"async\" class=\"fancybox-margin alignnone wp-image-82647 \" title=\"UNEC-d\u0259 \u201cLogistika v\u0259 ticar\u0259tin inki\u015faf\u0131na dair strateji yol x\u0259rit\u0259si\u201d m\u00f6vzusunda seminar ke\u00e7irildi (24.01.2017)\" src=\"https:\/\/unec.edu.az\/application\/uploads\/2015\/02\/DSC01253-236x180.jpg\" alt=\"???????????????????????????????\" width=\"193\" height=\"147\" \/><\/a>\u00a0<a class=\"fancybox-thumb\" href=\"https:\/\/unec.edu.az\/application\/uploads\/2015\/05\/DSC01275.jpg\" rel=\"fancybox-thumb\"><img loading=\"lazy\" decoding=\"async\" class=\"fancybox-margin alignnone wp-image-82658 \" title=\"UNEC-d\u0259 \u201cLogistika v\u0259 ticar\u0259tin inki\u015faf\u0131na dair strateji yol x\u0259rit\u0259si\u201d m\u00f6vzusunda seminar ke\u00e7irildi (24.01.2017)\" src=\"https:\/\/unec.edu.az\/application\/uploads\/2015\/05\/DSC01275-236x180.jpg\" alt=\"???????????????????????????????\" width=\"191\" height=\"146\" \/><\/a><\/em><\/h4>\n<p><em>\u00a0<\/em><\/p>\n","protected":false},"excerpt":{"rendered":"<p>\u00a0\u0434.\u044d.\u043d., \u043f\u0440\u043e\u0444.\u0418\u043c\u0430\u043d\u043e\u0432 \u0422\u0435\u043b\u044c\u043c\u0430\u043d \u0418\u043c\u0430\u043d \u043e\u0433\u043b\u044b e-mail: t.imanov@unec.edu.az \u0420\u043e\u0434\u0438\u043b\u0441\u044f \u0432 1961 \u0433\u043e\u0434\u0443 \u0432 \u0411\u0438\u043b\u044f\u0441\u0443\u0432\u0430\u0440\u0441\u043a\u043e\u043c \u0440\u0430\u0439\u043e\u043d\u0435. \u0412 1982 \u0433\u043e\u0434\u0443 \u043e\u043a\u043e\u043d\u0447\u0438\u043b \u043f\u043e\u043b\u043d\u044b\u0439 \u043a\u0443\u0440\u0441 \u043f\u043e \u0441\u043f\u0435\u0446\u0438\u0430\u043b\u044c\u043d\u043e\u0441\u0442\u0438 \u00ab\u041c\u0435\u0445\u0430\u043d\u0438\u0437\u0438\u0440\u043e\u0432\u0430\u043d\u043d\u0430\u044f \u043e\u0431\u0440\u0430\u0431\u043e\u0442\u043a\u0430 \u044d\u043a\u043e\u043d\u043e\u043c\u0438\u0447\u0435\u0441\u043a\u043e\u0439 \u0438\u043d\u0444\u043e\u0440\u043c\u0430\u0446\u0438\u0438\u00bb \u041e\u0431\u0449\u0435\u044d\u043a\u043e\u043d\u043e\u043c\u0438\u0447\u0435\u0441\u043a\u043e\u0433\u043e \u0444\u0430\u043a\u0443\u043b\u044c\u0442\u0435\u0442\u0430 \u0410\u0437\u0435\u0440\u0431\u0430\u0439\u0434\u0436\u0430\u043d\u0441\u043a\u043e\u0433\u043e \u0438\u043d\u0441\u0442\u0438\u0442\u0443\u0442\u0430 \u043d\u0430\u0440\u043e\u0434\u043d\u043e\u0433\u043e \u0445\u043e\u0437\u044f\u0439\u0441\u0442\u0432\u0430 \u0438\u043c. \u0414.\u0411\u0443\u043d\u0438\u0430\u0442\u0437\u0430\u0434\u0435. \u0412 1982-85 \u0433\u043e\u0434\u044b \u0440\u0430\u0431\u043e\u0442\u0430\u043b \u043d\u0430 \u0440\u0430\u0437\u043b\u0438\u0447\u043d\u044b\u0445 \u0434\u043e\u043b\u0436\u043d\u043e\u0441\u0442\u044f\u0445 \u0432 \u0412\u044b\u0447\u0438\u0441\u043b\u0438\u0442\u0435\u043b\u044c\u043d\u043e\u043c \u0438 \u043a\u043e\u043c\u043c\u0435\u0440\u0447\u0435\u0441\u043a\u043e\u043c \u0446\u0435\u043d\u0442\u0440\u0435\u00a0 \u0431\u044b\u0432\u0448\u0435\u0433\u043e \u0413\u043e\u0441\u043a\u043e\u043c\u0438\u0442\u0435\u0442\u0430 \u043f\u043e \u043c\u0430\u0442\u0435\u0440\u0438\u0430\u043b\u044c\u043d\u043e-\u0442\u0435\u0445\u043d\u0438\u0447\u0435\u0441\u043a\u043e\u043c\u0443 \u0441\u043d\u0430\u0431\u0436\u0435\u043d\u0438\u044e.\u00a0 \u0412 1995 \u0433\u043e\u0434\u0443 \u043e\u043d [&hellip;]<\/p>\n","protected":false},"author":10,"featured_media":0,"parent":0,"menu_order":0,"comment_status":"open","ping_status":"open","template":"","meta":{"footnotes":""},"class_list":["post-12415","page","type-page","status-publish","hentry"],"_links":{"self":[{"href":"http:\/\/unec.edu.az\/ru\/wp-json\/wp\/v2\/pages\/12415","targetHints":{"allow":["GET"]}}],"collection":[{"href":"http:\/\/unec.edu.az\/ru\/wp-json\/wp\/v2\/pages"}],"about":[{"href":"http:\/\/unec.edu.az\/ru\/wp-json\/wp\/v2\/types\/page"}],"author":[{"embeddable":true,"href":"http:\/\/unec.edu.az\/ru\/wp-json\/wp\/v2\/users\/10"}],"replies":[{"embeddable":true,"href":"http:\/\/unec.edu.az\/ru\/wp-json\/wp\/v2\/comments?post=12415"}],"version-history":[{"count":20,"href":"http:\/\/unec.edu.az\/ru\/wp-json\/wp\/v2\/pages\/12415\/revisions"}],"predecessor-version":[{"id":126701,"href":"http:\/\/unec.edu.az\/ru\/wp-json\/wp\/v2\/pages\/12415\/revisions\/126701"}],"wp:attachment":[{"href":"http:\/\/unec.edu.az\/ru\/wp-json\/wp\/v2\/media?parent=12415"}],"curies":[{"name":"wp","href":"https:\/\/api.w.org\/{rel}","templated":true}]}}