{"id":12478,"date":"2015-06-02T10:57:38","date_gmt":"2015-06-02T06:57:38","guid":{"rendered":"https:\/\/unec.edu.az\/prof-abbasova-afet-musa-qizi-2\/"},"modified":"2023-09-18T17:11:32","modified_gmt":"2023-09-18T13:11:32","slug":"prof-abbasova-afet-musa-qizi","status":"publish","type":"page","link":"http:\/\/unec.edu.az\/ru\/prof-abbasova-afet-musa-qizi\/","title":{"rendered":"\u041f\u0440\u043e\u0444. \u0410\u0431\u0431\u0430\u0441\u043e\u0432\u0430 \u0410\u0444\u0435\u0442 \u041c\u0443\u0441\u0430 \u043a\u044b\u0437\u044b"},"content":{"rendered":"<h4><a href=\"https:\/\/unec.edu.az\/application\/uploads\/2015\/06\/Abbasova-Afet.jpg\"><img fetchpriority=\"high\" decoding=\"async\" class=\"alignleft wp-image-148809\" title=\"left\" src=\"https:\/\/unec.edu.az\/application\/uploads\/2015\/06\/Abbasova-Afet-300x200.jpg\" alt=\"Abbasova Afet\" width=\"288\" height=\"191\" srcset=\"http:\/\/unec.edu.az\/application\/uploads\/2015\/06\/Abbasova-Afet-300x200.jpg 300w, http:\/\/unec.edu.az\/application\/uploads\/2015\/06\/Abbasova-Afet.jpg 800w\" sizes=\"(max-width: 288px) 100vw, 288px\" \/><\/a><\/h4>\n<h4>\u00a0<em><span style=\"color: #800000;\">\u043f\u0440\u043e\u0444. \u0410\u0431\u0431\u0430\u0441\u043e\u0432\u0430 \u0410\u0444\u0435\u0442 \u041c\u0443\u0441\u0430 \u043a\u044b\u0437\u044b<\/span><\/em><\/h4>\n<h4><em>e-mail: afetabbasova@unec.edu.az<\/em><\/h4>\n<p style=\"text-align: justify;\">\u0420\u043e\u0434\u0438\u043b\u0430\u0441\u044c 13 \u0430\u0432\u0433\u0443\u0441\u0442\u0430 1963 \u0433\u043e\u0434\u0430 \u0432 \u0433\u043e\u0440\u043e\u0434\u0435 \u0413\u044f\u043d\u0434\u0436\u0430 \u0410\u0437\u0435\u0440\u0431\u0430\u0439\u0434\u0436\u0430\u043d\u0430.\u00a0 \u0412 1985 \u0433\u043e\u0434\u0443 \u043f\u043e\u0441\u0442\u0443\u043f\u0438\u043b\u0430 \u0432 \u0410\u0437\u0435\u0440\u0431\u0430\u0439\u0434\u0436\u0430\u043d\u0441\u043a\u0438\u0439 \u043f\u0435\u0434\u0430\u0433\u043e\u0433\u0438\u0447\u0435\u0441\u043a\u0438\u0439 \u0438\u043d\u0441\u0442\u0438\u0442\u0443\u0442 \u0438\u043d\u043e\u0441\u0442\u0440\u0430\u043d\u043d\u044b\u0445 \u044f\u0437\u044b\u043a\u043e\u0432 (\u0432 \u043d\u0430\u0441\u0442\u043e\u044f\u0449\u0435\u0435 \u0432\u0440\u0435\u043c\u044f \u0410\u0437\u0435\u0440\u0431\u0430\u0439\u0434\u0436\u0430\u043d\u0441\u043a\u0438\u0439 \u0443\u043d\u0438\u0432\u0435\u0440\u0441\u0438\u0442\u0435\u0442 \u044f\u0437\u044b\u043a\u043e\u0432) \u0438 \u0437\u0430\u043a\u043e\u043d\u0447\u0438\u043b\u0430 \u0435\u0433\u043e \u0441 \u043e\u0442\u043b\u0438\u0447\u0438\u0435\u043c. \u0412 1990-1993 \u0433\u043e\u0434\u0430\u0445 \u0431\u044b\u043b\u0430 \u0430\u0441\u043f\u0438\u0440\u0430\u043d\u0442\u043e\u043c \u0410\u0437\u0435\u0440\u0431\u0430\u0439\u0434\u0436\u0430\u043d\u0441\u043a\u043e\u0433\u043e \u0443\u043d\u0438\u0432\u0435\u0440\u0441\u0438\u0442\u0435\u0442\u0430 \u044f\u0437\u044b\u043a\u043e\u0432.\u00a0 \u0412\u00a0 2002 \u0433\u043e\u0434\u0443 \u043e\u043d\u0430 \u0437\u0430\u0449\u0438\u0442\u0438\u043b\u0430 \u043a\u0430\u043d\u0434\u0438\u0434\u0430\u0442\u0441\u043a\u0443\u044e \u0434\u0438\u0441\u0441\u0435\u0440\u0442\u0430\u0446\u0438\u044e. \u0412 2002 \u0433\u043e\u0434\u0443\u00a0 \u043f\u043e\u043b\u0443\u0447\u0438\u043b\u0430 \u0443\u0447\u0435\u043d\u043e\u0435 \u0437\u0432\u0430\u043d\u0438\u0435 \u0434\u043e\u043a\u0442\u043e\u0440 \u0444\u0438\u043b\u043e\u043b\u043e\u0433\u0438\u0447\u0435\u0441\u043a\u0438\u0445 \u043d\u0430\u0443\u043a.<\/p>\n<p style=\"text-align: justify;\">\u0412 1993-2005 \u0433\u0433.\u00a0 \u043e\u043d\u0430 \u0440\u0430\u0431\u043e\u0442\u0430\u043b\u0430 \u043d\u0430 \u043a\u0430\u0444\u0435\u0434\u0440\u0435 \u0441\u0442\u0440\u0430\u043d\u043e\u0432\u0435\u0434\u0435\u043d\u0438\u044f \u0432\u00a0 \u0410\u0437\u0435\u0440\u0431\u0430\u0439\u0434\u0436\u0430\u043d\u0441\u043a\u043e\u043c \u0443\u043d\u0438\u0432\u0435\u0440\u0441\u0438\u0442\u0435\u0442\u0435 \u044f\u0437\u044b\u043a\u043e\u0432.\u00a0\u0414\u043e \u0430\u0432\u0433\u0443\u0441\u0442\u0430 2023\u00a0\u0433\u043e\u0434\u0430, \u0440\u0430\u0431\u043e\u0442\u0430\u043b\u0430 \u043d\u0430 \u0434\u043e\u043b\u0436\u043d\u043e\u0441\u0442\u0438 \u0437\u0430\u0432\u0435\u0434\u0443\u044e\u0449\u0435\u0439 \u043a\u0430\u0444\u0435\u0434\u0440\u043e\u0439 \u201c\u0418\u043d\u043e\u0441\u0442\u0440\u0430\u043d\u043d\u044b\u0435 \u044f\u0437\u044b\u043a\u0438 \u2013 2\u00bb\u00a0 UNEC.\u00a0\u041e\u0434\u043d\u043e\u0432\u0440\u0435\u043c\u0435\u043d\u043d\u043e \u043f\u0440\u0435\u043f\u043e\u0434\u0430\u0435\u0442, \u0432 \u0413\u041e\u041e \u0438 \u0441\u0442\u0443\u0434\u0435\u043d\u0442\u0430\u043c \u041c\u0412\u0410,\u00a0 \u0434\u0435\u043b\u043e\u0432\u043e\u0439 \u0430\u043d\u0433\u043b\u0438\u0439\u0441\u043a\u0438\u0439 \u044f\u0437\u044b\u043a.<\/p>\n<p style=\"text-align: justify;\">\u041d\u0430\u0447\u0438\u043d\u0430\u044f \u0441 1999 \u0433\u043e\u0434\u0430, \u044f\u0432\u043b\u044f\u043b\u0430\u0441\u044c \u0447\u043b\u0435\u043d\u043e\u043c \u0410\u0437\u0435\u0440\u0431\u0430\u0439\u0434\u0436\u0430\u043d\u0441\u043a\u043e\u0439 \u0410\u0441\u0441\u043e\u0446\u0438\u0430\u0446\u0438\u0438 \u0443\u0447\u0438\u0442\u0435\u043b\u0435\u0439 \u0430\u043d\u0433\u043b\u0438\u0439\u0441\u043a\u043e\u0433\u043e \u044f\u0437\u044b\u043a\u0430,\u00a0 \u0441 2002 \u0433\u043e\u0434\u0430 \u2013 \u0410\u0437\u0435\u0440\u0431\u0430\u0439\u0434\u0436\u0430\u043d\u0441\u043a\u043e\u0433\u043e \u0436\u0435\u043d\u0441\u043a\u043e\u0433\u043e \u043a\u043b\u0443\u0431\u0430,\u00a0 \u0441 2003 \u0433\u043e\u0434\u0430\u00a0 \u2013 \u0410\u043c\u0435\u0440\u0438\u043a\u0430\u043d\u0441\u043a\u043e\u0433\u043e \u043e\u0431\u0449\u0435\u0441\u0442\u0432\u0430 \u0438\u043c\u0435\u043d, \u0441 2009 \u0433\u043e\u0434\u0430 \u2013 \u041e\u0440\u0433\u0430\u043d\u0438\u0437\u0430\u0446\u0438\u0438 ESREA. \u0412 2003-2005 \u0433\u0433. \u0431\u044b\u043b\u0430 \u0447\u043b\u0435\u043d\u043e\u043c \u041c\u0435\u0436\u0434\u0443\u043d\u0430\u0440\u043e\u0434\u043d\u043e\u0439 \u0430\u0441\u0441\u043e\u0446\u0438\u0430\u0446\u0438\u0438 TOEFL.\u00a0 \u0412 2005-2007 \u0433\u0433. \u0431\u044b\u043b\u0430 \u0447\u043b\u0435\u043d\u043e\u043c\u00a0 \u041c\u0435\u0436\u0434\u0443\u043d\u0430\u0440\u043e\u0434\u043d\u043e\u0433\u043e \u043a\u043e\u043d\u0433\u0440\u0435\u0441\u0441\u0430 \u043f\u043e \u043e\u043d\u043e\u043c\u0430\u0441\u0442\u0438\u043a\u0435.<\/p>\n<p style=\"text-align: justify;\">\u0421\u043e\u0433\u043b\u0430\u0441\u043d\u043e \u0440\u0430\u0441\u043f\u043e\u0440\u044f\u0436\u0435\u043d\u0438\u044e \u041f\u0440\u0435\u0437\u0438\u0434\u0435\u043d\u0442\u0430 \u0410\u0437\u0435\u0440\u0431\u0430\u0439\u0434\u0436\u0430\u043d\u0441\u043a\u043e\u0439 \u0420\u0435\u0441\u043f\u0443\u0431\u043b\u0438\u043a\u0438 \u00a0\u043e\u0442 24 \u0441\u0435\u043d\u0442\u044f\u0431\u0440\u044f 2020 \u0433\u043e\u0434\u0430 \u043f\u043e \u0441\u043b\u0443\u0447\u0430\u044e 90-\u043b\u0435\u0442\u0438\u044f \u0410\u0437\u0435\u0440\u0431\u0430\u0439\u0434\u0436\u0430\u043d\u0441\u043a\u043e\u0433\u043e \u0433\u043e\u0441\u0443\u0434\u0430\u0440\u0441\u0442\u0432\u0435\u043d\u043d\u043e\u0433\u043e \u044d\u043a\u043e\u043d\u043e\u043c\u0438\u0447\u0435\u0441\u043a\u043e\u0433\u043e \u0443\u043d\u0438\u0432\u0435\u0440\u0441\u0438\u0442\u0435\u0442\u0430 \u0438 \u0437\u0430 \u0437\u0430\u0441\u043b\u0443\u0433\u0438 \u0432 \u0440\u0430\u0437\u0432\u0438\u0442\u0438\u0438 \u043e\u0431\u0440\u0430\u0437\u043e\u0432\u0430\u043d\u0438\u044f \u0432 \u0410\u0437\u0435\u0440\u0431\u0430\u0439\u0434\u0436\u0430\u043d\u0435 \u043d\u0430\u0433\u0440\u0430\u0436\u0434\u0435\u043d\u0430 \u043c\u0435\u0434\u0430\u043b\u044c\u044e \u00ab\u0422\u0435\u0440\u0435\u0433\u0433\u0438\u00bb.<\/p>\n<p>\u042f\u0432\u043b\u044f\u0435\u0442\u0441\u044f \u0430\u0432\u0442\u043e\u0440\u043e\u043c\u00a0 \u0431\u043e\u043b\u0435\u0435 \u0447\u0435\u043c 30 \u043d\u0430\u0443\u0447\u043d\u044b\u0445 \u0441\u0442\u0430\u0442\u0435\u0439 \u0438 1-\u0439 \u043a\u043d\u0438\u0433\u0438.<\/p>\n<p>\u0417\u0430\u043c\u0443\u0436\u0435\u043c, \u0438\u043c\u0435\u0435\u0442 2 \u0434\u0435\u0442\u0435\u0439.<\/p>\n<p><a class=\"fancybox-thumb\" href=\"https:\/\/unec.edu.az\/application\/uploads\/2015\/06\/afetaf61cbee85b886543.jpg\" rel=\"fancybox-thumb\"><img decoding=\"async\" class=\"fancybox-margin alignnone wp-image-163977 size-thumbnail\" src=\"https:\/\/unec.edu.az\/application\/uploads\/2015\/06\/afetaf61cbee85b886543-150x150.jpg\" alt=\"afetaf61cbee85b886543\" width=\"150\" height=\"150\" \/><\/a><a class=\"fancybox-thumb\" href=\"https:\/\/unec.edu.az\/application\/uploads\/2015\/06\/Turkiye.jpg\" rel=\"fancybox-thumb\"><img decoding=\"async\" class=\"fancybox-margin  alignnone wp-image-85330 size-thumbnail\" title=\"UNEC m\u00fc\u0259lliml\u0259rinin T\u00fcrkiy\u0259 universitetl\u0259rin\u0259 s\u0259f\u0259ri s\u0259m\u0259r\u0259li oldu (16.02.2017)\" src=\"https:\/\/unec.edu.az\/application\/uploads\/2015\/06\/Turkiye-150x150.jpg\" alt=\"Turkiye\" width=\"150\" height=\"150\" \/><\/a><a class=\"fancybox-thumb\" href=\"https:\/\/unec.edu.az\/application\/uploads\/2015\/06\/qida09158.jpg\" rel=\"fancybox-thumb\"><img loading=\"lazy\" decoding=\"async\" class=\"fancybox-margin  alignnone wp-image-85329 size-thumbnail\" title=\"UNEC m\u00fc\u0259lliml\u0259rinin T\u00fcrkiy\u0259 universitetl\u0259rin\u0259 s\u0259f\u0259ri s\u0259m\u0259r\u0259li oldu (16.02.2017)\" src=\"https:\/\/unec.edu.az\/application\/uploads\/2015\/06\/qida09158-150x150.jpg\" alt=\"qida09158\" width=\"150\" height=\"150\" \/><\/a><a class=\"fancybox-thumb\" href=\"https:\/\/unec.edu.az\/application\/uploads\/2017\/03\/WhatsApp-Image-2017-03-15-at-12.49.47.jpg\" rel=\"fancybox-thumb\"><img loading=\"lazy\" decoding=\"async\" class=\"fancybox-margin alignnone wp-image-87623 size-thumbnail\" title=\"\u201c\u018flilliyi olanlar \u00fc\u00e7\u00fcn \u015ea\u011fan m\u00fcalic\u0259 pansionat\u0131\u201dnda Novruz \u015f\u0259nliyi (15.03.2017)\" src=\"https:\/\/unec.edu.az\/application\/uploads\/2017\/03\/WhatsApp-Image-2017-03-15-at-12.49.47-150x150.jpg\" alt=\"WhatsApp Image 2017-03-15 at 12.49.47\" width=\"150\" height=\"150\" \/><\/a><a class=\"fancybox-thumb\" href=\"https:\/\/unec.edu.az\/application\/uploads\/2019\/04\/DSC_3403.jpg\" rel=\"fancybox-thumb\"><img loading=\"lazy\" decoding=\"async\" class=\"fancybox-margin alignnone wp-image-139179 size-thumbnail\" title=\"UNEC \u201cOnly in English\u201d adl\u0131 z\u0259ngin proqraml\u0131 t\u0259dbir ke\u00e7irilib (23.04.2019)\" src=\"https:\/\/unec.edu.az\/application\/uploads\/2019\/04\/DSC_3403-150x150.jpg\" alt=\"DSC_3403\" width=\"150\" height=\"150\" \/><\/a><a class=\"fancybox-thumb\" href=\"https:\/\/unec.edu.az\/application\/uploads\/2015\/06\/afet6a60f997755bc04d.jpeg\" rel=\"fancybox-thumb\"><img loading=\"lazy\" decoding=\"async\" class=\"fancybox-margin alignnone wp-image-139546 size-thumbnail\" title=\"Radio UNEC-in qona\u011f\u0131 &quot;Xarici dill\u0259r&quot; kafedras\u0131n\u0131n m\u00fcdir \u0259v\u0259zi, professor Af\u0259t Abbasova oldu (06.05.2019)\" src=\"https:\/\/unec.edu.az\/application\/uploads\/2015\/06\/afet6a60f997755bc04d-150x150.jpeg\" alt=\"afet6a60f997755bc04d\" width=\"150\" height=\"150\" \/><\/a><\/p>\n<p>&nbsp;<\/p>\n<p><span style=\"color: #000000;\"><em><a style=\"color: #000000;\" href=\"https:\/\/unec.edu.az\/ru\/unec-telebelerinden-elilliyi-olanlar-ucun-sagan-mualice-pansionati-nda-novruz-senliyi\/\">\u041d\u043e\u0432\u0440\u0443\u0437\u043e\u0432\u0441\u043a\u043e\u0435 \u043f\u0440\u0430\u0437\u0434\u043d\u0435\u0441\u0442\u0432\u043e \u0432 \u00ab\u041b\u0435\u0447\u0435\u0431\u043d\u043e\u043c \u043f\u0430\u043d\u0441\u0438\u043e\u043d\u0430\u0442\u0435 \u0434\u043b\u044f \u0438\u043d\u0432\u0430\u043b\u0438\u0434\u043e\u0432\u00bb \u0432 \u0428\u0430\u0433\u0430\u043d\u0435 <\/a>(15.03.2017)<br \/>\n<\/em><\/span><em><a style=\"color: #000000;\" href=\"https:\/\/unec.edu.az\/ru\/unec-xarici-universitetlerin-tecrubesini-oyrenmeye-davam-edir\/\">UNEC \u043e\u0431\u043c\u0435\u043d\u0438\u0432\u0430\u0435\u0442\u0441\u044f \u043e\u043f\u044b\u0442\u043e\u043c \u0441 \u0437\u0430\u0440\u0443\u0431\u0435\u0436\u043d\u044b\u043c\u0438 \u0443\u043d\u0438\u0432\u0435\u0440\u0441\u0438\u0442\u0435\u0442\u0430\u043c\u0438\u00a0<\/a>(16.02.2017)<br \/>\n<\/em><em><a style=\"color: #000000;\" href=\"https:\/\/unec.edu.az\/ru\/unec-xarici-universitetlerin-tecrubesini-oyrenmeye-davam-edir\/\">UNEC \u043e\u0431\u043c\u0435\u043d\u0438\u0432\u0430\u0435\u0442\u0441\u044f \u043e\u043f\u044b\u0442\u043e\u043c \u0441 \u0437\u0430\u0440\u0443\u0431\u0435\u0436\u043d\u044b\u043c\u0438 \u0443\u043d\u0438\u0432\u0435\u0440\u0441\u0438\u0442\u0435\u0442\u0430\u043c\u0438<\/a>\u00a0 (13.02.2017)<br \/>\n<\/em><em><a style=\"color: #000000;\" href=\"https:\/\/unec.edu.az\/ru\/unec-muellimleri-modern-azerbaycan-muelliminin-simasidir\/\">\u00ab\u041f\u0440\u0435\u043f\u043e\u0434\u0430\u0432\u0430\u0442\u0435\u043b\u0438 UNEC \u043b\u0438\u0446\u043e \u0441\u043e\u0432\u0440\u0435\u043c\u0435\u043d\u043d\u043e\u0433\u043e \u0443\u0447\u0438\u0442\u0435\u043b\u044f \u0410\u0437\u0435\u0440\u0431\u0430\u0439\u0434\u0436\u0430\u043d\u0430\u00bb<\/a>\u00a0(01.24.2017)<br \/>\n<\/em><em><a style=\"color: #000000;\" href=\"https:\/\/unec.edu.az\/ru\/unec-telebeleri-muasir-istehsal-texnologiyalari-ile-tanis-olublar\/\">UNEC Academic Thinking: \u201cHuman development\u201d <\/a>(23.11.2016)<\/em><\/p>\n<p><a class=\"fancybox-thumb\" href=\"https:\/\/unec.edu.az\/application\/uploads\/2015\/06\/qadinlar897932695ba16d9f.jpg\" rel=\"fancybox-thumb\"><img loading=\"lazy\" decoding=\"async\" class=\"fancybox-margin alignnone wp-image-140596 size-image236x180\" title=\"\u201cS\u0259ninl\u0259 f\u0259xr edirik, Az\u0259rbaycan \u0259sg\u0259ri!\u201d aksiyas\u0131 i\u015ftirak\u00e7\u0131lar\u0131ndan bir qrupu \u201c\u0130sg\u0259nd\u0259r qalas\u0131\u201dnda olub - V\u0130DEO (08.06.2019)\" src=\"https:\/\/unec.edu.az\/application\/uploads\/2015\/06\/qadinlar897932695ba16d9f-236x180.jpg\" alt=\"qadinlar897932695ba16d9f\" width=\"236\" height=\"180\" \/><\/a><a class=\"fancybox-thumb\" href=\"https:\/\/unec.edu.az\/application\/uploads\/2015\/06\/qadinlar96d2b0ba.jpg\" rel=\"fancybox-thumb\"><img loading=\"lazy\" decoding=\"async\" class=\"fancybox-margin alignnone wp-image-140595 size-image236x180\" title=\"\u201cS\u0259ninl\u0259 f\u0259xr edirik, Az\u0259rbaycan \u0259sg\u0259ri!\u201d aksiyas\u0131 i\u015ftirak\u00e7\u0131lar\u0131ndan bir qrupu \u201c\u0130sg\u0259nd\u0259r qalas\u0131\u201dnda olub - V\u0130DEO (08.06.2019)\" src=\"https:\/\/unec.edu.az\/application\/uploads\/2015\/06\/qadinlar96d2b0ba-236x180.jpg\" alt=\"qadinlar96d2b0ba\" width=\"236\" height=\"180\" \/><\/a><a class=\"fancybox-thumb\" href=\"https:\/\/unec.edu.az\/application\/uploads\/2015\/06\/afetc009f65724cb526e083.jpg\" rel=\"fancybox-thumb\"><img loading=\"lazy\" decoding=\"async\" class=\"fancybox-margin alignnone wp-image-141290 size-image236x180\" title=\"\u201cS\u0259ninl\u0259 f\u0259xr edirik, Az\u0259rbaycan \u0259sg\u0259ri!\u201d aksiyas\u0131na yekun vurulub (26.06.2019)\" src=\"https:\/\/unec.edu.az\/application\/uploads\/2015\/06\/afetc009f65724cb526e083-236x180.jpg\" alt=\"afetc009f65724cb526e083\" width=\"236\" height=\"180\" \/><\/a><a class=\"fancybox-thumb\" href=\"https:\/\/unec.edu.az\/application\/uploads\/2015\/06\/afetb51f60f0117f6155.jpg\" rel=\"fancybox-thumb\"><img loading=\"lazy\" decoding=\"async\" class=\"fancybox-margin alignnone wp-image-141289 size-image236x180\" title=\"\u201cS\u0259ninl\u0259 f\u0259xr edirik, Az\u0259rbaycan \u0259sg\u0259ri!\u201d aksiyas\u0131na yekun vurulub (26.06.2019)\" src=\"https:\/\/unec.edu.az\/application\/uploads\/2015\/06\/afetb51f60f0117f6155-236x180.jpg\" alt=\"afetb51f60f0117f6155\" width=\"236\" height=\"180\" \/><\/a><\/p>\n","protected":false},"excerpt":{"rendered":"<p>\u00a0\u043f\u0440\u043e\u0444. \u0410\u0431\u0431\u0430\u0441\u043e\u0432\u0430 \u0410\u0444\u0435\u0442 \u041c\u0443\u0441\u0430 \u043a\u044b\u0437\u044b e-mail: afetabbasova@unec.edu.az \u0420\u043e\u0434\u0438\u043b\u0430\u0441\u044c 13 \u0430\u0432\u0433\u0443\u0441\u0442\u0430 1963 \u0433\u043e\u0434\u0430 \u0432 \u0433\u043e\u0440\u043e\u0434\u0435 \u0413\u044f\u043d\u0434\u0436\u0430 \u0410\u0437\u0435\u0440\u0431\u0430\u0439\u0434\u0436\u0430\u043d\u0430.\u00a0 \u0412 1985 \u0433\u043e\u0434\u0443 \u043f\u043e\u0441\u0442\u0443\u043f\u0438\u043b\u0430 \u0432 \u0410\u0437\u0435\u0440\u0431\u0430\u0439\u0434\u0436\u0430\u043d\u0441\u043a\u0438\u0439 \u043f\u0435\u0434\u0430\u0433\u043e\u0433\u0438\u0447\u0435\u0441\u043a\u0438\u0439 \u0438\u043d\u0441\u0442\u0438\u0442\u0443\u0442 \u0438\u043d\u043e\u0441\u0442\u0440\u0430\u043d\u043d\u044b\u0445 \u044f\u0437\u044b\u043a\u043e\u0432 (\u0432 \u043d\u0430\u0441\u0442\u043e\u044f\u0449\u0435\u0435 \u0432\u0440\u0435\u043c\u044f \u0410\u0437\u0435\u0440\u0431\u0430\u0439\u0434\u0436\u0430\u043d\u0441\u043a\u0438\u0439 \u0443\u043d\u0438\u0432\u0435\u0440\u0441\u0438\u0442\u0435\u0442 \u044f\u0437\u044b\u043a\u043e\u0432) \u0438 \u0437\u0430\u043a\u043e\u043d\u0447\u0438\u043b\u0430 \u0435\u0433\u043e \u0441 \u043e\u0442\u043b\u0438\u0447\u0438\u0435\u043c. \u0412 1990-1993 \u0433\u043e\u0434\u0430\u0445 \u0431\u044b\u043b\u0430 \u0430\u0441\u043f\u0438\u0440\u0430\u043d\u0442\u043e\u043c \u0410\u0437\u0435\u0440\u0431\u0430\u0439\u0434\u0436\u0430\u043d\u0441\u043a\u043e\u0433\u043e \u0443\u043d\u0438\u0432\u0435\u0440\u0441\u0438\u0442\u0435\u0442\u0430 \u044f\u0437\u044b\u043a\u043e\u0432.\u00a0 \u0412\u00a0 2002 \u0433\u043e\u0434\u0443 \u043e\u043d\u0430 \u0437\u0430\u0449\u0438\u0442\u0438\u043b\u0430 \u043a\u0430\u043d\u0434\u0438\u0434\u0430\u0442\u0441\u043a\u0443\u044e \u0434\u0438\u0441\u0441\u0435\u0440\u0442\u0430\u0446\u0438\u044e. \u0412 2002 \u0433\u043e\u0434\u0443\u00a0 [&hellip;]<\/p>\n","protected":false},"author":10,"featured_media":0,"parent":0,"menu_order":0,"comment_status":"open","ping_status":"open","template":"","meta":{"footnotes":""},"class_list":["post-12478","page","type-page","status-publish","hentry"],"_links":{"self":[{"href":"http:\/\/unec.edu.az\/ru\/wp-json\/wp\/v2\/pages\/12478","targetHints":{"allow":["GET"]}}],"collection":[{"href":"http:\/\/unec.edu.az\/ru\/wp-json\/wp\/v2\/pages"}],"about":[{"href":"http:\/\/unec.edu.az\/ru\/wp-json\/wp\/v2\/types\/page"}],"author":[{"embeddable":true,"href":"http:\/\/unec.edu.az\/ru\/wp-json\/wp\/v2\/users\/10"}],"replies":[{"embeddable":true,"href":"http:\/\/unec.edu.az\/ru\/wp-json\/wp\/v2\/comments?post=12478"}],"version-history":[{"count":15,"href":"http:\/\/unec.edu.az\/ru\/wp-json\/wp\/v2\/pages\/12478\/revisions"}],"predecessor-version":[{"id":190036,"href":"http:\/\/unec.edu.az\/ru\/wp-json\/wp\/v2\/pages\/12478\/revisions\/190036"}],"wp:attachment":[{"href":"http:\/\/unec.edu.az\/ru\/wp-json\/wp\/v2\/media?parent=12478"}],"curies":[{"name":"wp","href":"https:\/\/api.w.org\/{rel}","templated":true}]}}