{"id":12520,"date":"2015-06-02T14:59:06","date_gmt":"2015-06-02T10:59:06","guid":{"rendered":"https:\/\/unec.edu.az\/prof-sebzeliyev-sifariz-mirzexan-oglu-2\/"},"modified":"2022-09-08T10:04:36","modified_gmt":"2022-09-08T06:04:36","slug":"prof-sebzeliyev-sifariz-mirzexan-oglu","status":"publish","type":"page","link":"http:\/\/unec.edu.az\/ru\/prof-sebzeliyev-sifariz-mirzexan-oglu\/","title":{"rendered":"\u041f\u0440\u043e\u0444.\u0421\u0430\u0431\u0437\u0430\u043b\u0438\u0435\u0432 \u0421\u0438\u0444\u0430\u0440\u0438\u0437 \u041c\u0438\u0440\u0437\u0430\u0445\u0430\u043d \u043e\u0433\u043b\u044b"},"content":{"rendered":"<h4><img fetchpriority=\"high\" decoding=\"async\" class=\"alignleft wp-image-154081\" title=\"left\" src=\"https:\/\/unec.edu.az\/application\/uploads\/2015\/06\/S__bz__liyev-Sifariz-3-300x200.jpg\" alt=\"S__bz__liyev Sifariz (3)\" width=\"279\" height=\"186\" srcset=\"http:\/\/unec.edu.az\/application\/uploads\/2015\/06\/S__bz__liyev-Sifariz-3-300x200.jpg 300w, http:\/\/unec.edu.az\/application\/uploads\/2015\/06\/S__bz__liyev-Sifariz-3-1024x684.jpg 1024w, http:\/\/unec.edu.az\/application\/uploads\/2015\/06\/S__bz__liyev-Sifariz-3.jpg 1200w\" sizes=\"(max-width: 279px) 100vw, 279px\" \/><span style=\"color: #800000;\"><em>\u043f\u0440\u043e\u0444.\u0421\u0430\u0431\u0437\u0430\u043b\u0438\u0435\u0432 \u0421\u0438\u0444\u0430\u0440\u0438\u0437 \u041c\u0438\u0440\u0437\u0430\u0445\u0430\u043d \u043e\u0433\u043b\u044b\u00a0<\/em><\/span><\/h4>\n<h4><span style=\"color: #000000;\"><em>e-mail: s.sabzaliyev@unec.edu.az<\/em><\/span><\/h4>\n<p style=\"text-align: justify;\">\u0420\u043e\u0434\u0438\u043b\u0441\u044f 8 \u043d\u043e\u044f\u0431\u0440\u044f 1945 \u0433\u043e\u0434\u0430. \u0412 1963-1964 \u0433\u043e\u0434\u0430\u0445 \u0443\u0447\u0438\u043b\u0441\u044f \u043d\u0430 \u0444\u0430\u043a\u0443\u043b\u044c\u0442\u0435\u0442\u0435 \u044d\u043a\u043e\u043d\u043e\u043c\u0438\u043a\u0438 \u0410\u0437\u0435\u0440\u0431\u0430\u0439\u0434\u0436\u0430\u043d\u0441\u043a\u043e\u0433\u043e \u0413\u043e\u0441\u0443\u0434\u0430\u0440\u0441\u0442\u0432\u0435\u043d\u043d\u043e\u0433\u043e \u0423\u043d\u0438\u0432\u0435\u0440\u0441\u0438\u0442\u0435\u0442\u0430 \u0438\u043c\u0435\u043d\u0438 \u0421.\u041c. \u041a\u0438\u0440\u043e\u0432\u0430. \u0412 1964-1967 \u0441\u043b\u0443\u0436\u0438\u043b \u0432 \u0421\u043e\u0432\u0435\u0442\u0441\u043a\u043e\u0439 \u0410\u0440\u043c\u0438\u0438. \u0412 1967-1970 \u0433\u043e\u0434\u0430\u0445 \u043e\u043a\u043e\u043d\u0447\u0438\u043b, \u0441 \u0434\u0438\u043f\u043b\u043e\u043c\u043e\u043c \u043e\u0442\u043b\u0438\u0447\u0438\u044f, \u0410\u0437\u0435\u0440\u0431\u0430\u0439\u0434\u0436\u0430\u043d\u0441\u043a\u0438\u0439 \u0438\u043d\u0441\u0442\u0438\u0442\u0443\u0442 \u043d\u0430\u0440\u043e\u0434\u043d\u043e\u0433\u043e \u0445\u043e\u0437\u044f\u0439\u0441\u0442\u0432\u0430 \u0438\u043c. \u0414.\u0411\u0443\u043d\u0438\u0430\u0442\u0437\u0430\u0434\u0435, \u043f\u043e \u0441\u043f\u0435\u0446\u0438\u0430\u043b\u044c\u043d\u043e\u0441\u0442\u0438 \u00ab\u0411\u0443\u0445\u0433\u0430\u043b\u0442\u0435\u0440\u0441\u043a\u0438\u0439 \u0443\u0447\u0435\u0442\u00bb.<\/p>\n<p style=\"text-align: justify;\">\u0412 1970-1972 \u0433\u043e\u0434\u0430\u0445 \u0440\u0430\u0431\u043e\u0442\u0430\u043b \u0432 \u043a\u0430\u0447\u0435\u0441\u0442\u0432\u0435 \u043c\u043b\u0430\u0434\u0448\u0435\u0433\u043e \u043d\u0430\u0443\u0447\u043d\u043e\u0433\u043e \u0441\u043e\u0442\u0440\u0443\u0434\u043d\u0438\u043a\u0430 \u0432 \u0410\u0437\u0435\u0440\u0431\u0430\u0439\u0434\u0436\u0430\u043d\u0441\u043a\u043e\u043c \u043d\u0430\u0443\u0447\u043d\u043e-\u0438\u0441\u0441\u043b\u0435\u0434\u043e\u0432\u0430\u0442\u0435\u043b\u044c\u0441\u043a\u043e\u043c \u0438\u043d\u0441\u0442\u0438\u0442\u0443\u0442\u0435 \u044d\u043a\u043e\u043d\u043e\u043c\u0438\u043a\u0438 \u0438 \u043e\u0440\u0433\u0430\u043d\u0438\u0437\u0430\u0446\u0438\u0438 \u0441\u0435\u043b\u044c\u0441\u043a\u043e\u0433\u043e \u0445\u043e\u0437\u044f\u0439\u0441\u0442\u0432\u0430 \u00a0\u0438 \u0432 1972-1975 \u0433\u043e\u0434\u0430\u0445 \u0431\u044b\u043b\u00a0 \u043e\u0447\u043d\u044b\u0439 \u0430\u0441\u043f\u0438\u0440\u0430\u043d\u0442 \u0442\u043e\u0433\u043e \u0436\u0435 \u0438\u043d\u0441\u0442\u0438\u0442\u0443\u0442\u0430 \u00a0(\u043f\u043e \u0441\u043f\u0435\u0446\u0438\u0430\u043b\u044c\u043d\u043e\u0441\u0442\u0438 \u201c\u0411\u0443\u0445\u0433\u0430\u043b\u0442\u0435\u0440\u0441\u043a\u0438\u0439 \u0443\u0447\u0435\u0442 \u0438 \u0430\u0443\u0434\u0438\u0442\u201d). \u00a0\u0412 1975-1977 \u0433\u043e\u0434\u0430\u0445 \u0431\u044b\u043b \u0441\u0442\u0430\u0440\u0448\u0438\u043c \u043d\u0430\u0443\u0447\u043d\u044b\u043c \u0441\u043e\u0442\u0440\u0443\u0434\u043d\u0438\u043a\u043e\u043c \u044d\u0442\u043e\u0433\u043e \u0436\u0435 \u0438\u043d\u0441\u0442\u0438\u0442\u0443\u0442\u0430, \u0430 \u0432 \u00a01977-1981 \u0433\u043e\u0434\u0430\u0445 \u2013 \u0443\u0447\u0435\u043d\u044b\u043c \u0441\u0435\u043a\u0440\u0435\u0442\u0430\u0440\u0435\u043c \u0438\u043d\u0441\u0442\u0438\u0442\u0443\u0442\u0430. \u0412 1981-1986 \u0433\u043e\u0434\u0430\u0445 \u0440\u0430\u0431\u043e\u0442\u0430\u043b \u043d\u0430 \u0434\u043e\u043b\u0436\u043d\u043e\u0441\u0442\u0438 \u0441\u0442\u0430\u0440\u0448\u0435\u0433\u043e \u043f\u0440\u0435\u043f\u043e\u0434\u0430\u0432\u0430\u0442\u0435\u043b\u044f \u0432\u00a0 \u0410\u0437\u0435\u0440\u0431\u0430\u0439\u0434\u0436\u0430\u043d\u0441\u043a\u043e\u043c \u0438\u043d\u0441\u0442\u0438\u0442\u0443\u0442\u0435 \u043d\u0430\u0440\u043e\u0434\u043d\u043e\u0433\u043e \u0445\u043e\u0437\u044f\u0439\u0441\u0442\u0432\u0430 \u0438\u043c. \u0414.\u0411\u0443\u043d\u0438\u0430\u0442\u0437\u0430\u0434\u0435, \u043d\u0430 \u043a\u0430\u0444\u0435\u0434\u0440\u0435 \u201c\u0411\u0443\u0445\u0433\u0430\u043b\u0442\u0435\u0440\u0441\u043a\u0438\u0439 \u0443\u0447\u0435\u0442\u201d. \u00a0\u0412 1980 \u0433\u043e\u0434\u0443 \u0437\u0430\u0449\u0438\u0442\u0438\u043b \u0432 \u041c\u0413\u0423 \u0438\u043c. \u041c.\u0412.\u041b\u043e\u043c\u043e\u043d\u043e\u0441\u043e\u0432\u0430 \u00a0\u043a\u0430\u043d\u0434\u0438\u0434\u0430\u0442\u0441\u043a\u0443\u044e \u0434\u0438\u0441\u0441\u0435\u0440\u0442\u0430\u0446\u0438\u044e,\u00a0 \u00a0\u0432 2005 \u0433\u043e\u0434\u0443 \u2013 \u00a0\u0434\u043e\u043a\u0442\u043e\u0440\u0441\u043a\u0443\u044e \u0434\u0438\u0441\u0441\u0435\u0440\u0442\u0430\u0446\u0438\u044e \u0432 \u0410\u0437\u0435\u0440\u0431\u0430\u0439\u0434\u0436\u0430\u043d\u0441\u043a\u043e\u043c \u0433\u043e\u0441\u0443\u0434\u0430\u0440\u0441\u0442\u0432\u0435\u043d\u043d\u043e\u043c \u044d\u043a\u043e\u043d\u043e\u043c\u0438\u0447\u0435\u0441\u043a\u043e\u043c \u0443\u043d\u0438\u0432\u0435\u0440\u0441\u0438\u0442\u0435\u0442\u0435. \u0421 \u044d\u0442\u043e\u0433\u043e \u0433\u043e\u0434\u0430 \u043e\u043d \u044f\u0432\u043b\u044f\u0435\u0442\u0441\u044f \u043f\u0440\u043e\u0444\u0435\u0441\u0441\u043e\u0440\u043e\u043c \u043a\u0430\u0444\u0435\u0434\u0440\u044b. \u041e\u043d \u044f\u0432\u043b\u044f\u0435\u0442\u0441\u044f \u0447\u043b\u0435\u043d\u043e\u043c \u041c\u0435\u0436\u0434\u0443\u043d\u0430\u0440\u043e\u0434\u043d\u043e\u0433\u043e \u0438\u043d\u0441\u0442\u0438\u0442\u0443\u0442\u0430 \u0430\u0443\u0434\u0438\u0442\u043e\u0440\u043e\u0432.<\/p>\n<p style=\"text-align: justify;\">\u0412 \u0442\u043e \u0436\u0435 \u0432\u0440\u0435\u043c\u044f \u043e\u043d \u044f\u0432\u043b\u044f\u0435\u0442\u0441\u044f \u0447\u043b\u0435\u043d\u043e\u043c \u044d\u043a\u0437\u0430\u043c\u0435\u043d\u0430\u0446\u0438\u043e\u043d\u043d\u043e\u0439 \u043a\u043e\u043c\u0438\u0441\u0441\u0438\u0438 \u043f\u043e \u043f\u043e\u0434\u0433\u043e\u0442\u043e\u0432\u043a\u0435 \u0438 \u0430\u0442\u0442\u0435\u0441\u0442\u0430\u0446\u0438\u0438 \u0430\u0443\u0434\u0438\u0442\u043e\u0440\u043e\u0432 \u0432 \u0420\u0435\u0441\u043f\u0443\u0431\u043b\u0438\u043a\u0430\u043d\u0441\u043a\u043e\u0439 \u043f\u0430\u043b\u0430\u0442\u0435 \u0430\u0443\u0434\u0438\u0442\u043e\u0440\u043e\u0432. \u0412 1986-1987 \u0433\u043e\u0434\u0430\u0445 \u0440\u0430\u0431\u043e\u0442\u0430\u043b \u043d\u0430 \u0434\u043e\u043b\u0436\u043d\u043e\u0441\u0442\u0438 \u0437\u0430\u043c\u0435\u0441\u0442\u0438\u0442\u0435\u043b\u044f \u0434\u0435\u043a\u0430\u043d\u0430 \u0423\u0447\u0435\u0442\u043d\u043e-\u044d\u043a\u043e\u043d\u043e\u043c\u0438\u0447\u0435\u0441\u043a\u043e\u0433\u043e \u0444\u0430\u043a\u0443\u043b\u044c\u0442\u0435\u0442\u0430 \u0410\u0413\u042d\u0423, \u0432 1987-1995 \u0433\u0433. \u2013 \u0437\u0430\u0432\u0435\u0434\u0443\u044e\u0449\u0435\u0433\u043e \u043a\u0430\u0444\u0435\u0434\u0440\u043e\u0439 \u201c\u0411\u0443\u0445\u0433\u0430\u043b\u0442\u0435\u0440\u0441\u043a\u0438\u0439 \u0443\u0447\u0435\u0442 \u0438 \u0430\u0443\u0434\u0438\u0442\u201d, \u0432 1995-2000 \u0433\u043e\u0434\u0430\u0445 \u2013 \u0434\u043e\u0446\u0435\u043d\u0442\u0430 \u044d\u0442\u043e\u0439 \u0436\u0435 \u043a\u0430\u0444\u0435\u0434\u0440\u044b.<\/p>\n<p id=\"tw-target-text\" class=\"tw-data-text tw-text-large tw-ta\" dir=\"ltr\" style=\"text-align: justify;\" data-placeholder=\"\u041f\u0435\u0440\u0435\u0432\u043e\u0434\"><span class=\"Y2IQFc\" lang=\"ru\">\u0421 1987 \u0433\u043e\u0434\u0430 \u043f\u043e \u0441\u0435\u043d\u0442\u044f\u0431\u0440\u044c 2022 \u0433\u043e\u0434\u0430 \u0440\u0430\u0431\u043e\u0442\u0430\u043b \u0437\u0430\u0432\u0435\u0434\u0443\u044e\u0449\u0438\u043c \u043a\u0430\u0444\u0435\u0434\u0440\u043e\u0439 \u00ab\u0411\u0443\u0445\u0433\u0430\u043b\u0442\u0435\u0440\u0441\u043a\u0438\u0439 \u0443\u0447\u0435\u0442 \u0438 \u0430\u0443\u0434\u0438\u0442\u00bb.\u00a0\u00a0<\/span>\u0417\u0430\u0441\u043b\u0443\u0436\u0435\u043d\u043d\u044b\u0439 \u0443\u0447\u0438\u0442\u0435\u043b\u044c \u0410\u0437\u0435\u0440\u0431\u0430\u0439\u0434\u0436\u0430\u043d\u0441\u043a\u043e\u0439 \u0420\u0435\u0441\u043f\u0443\u0431\u043b\u0438\u043a\u0438.<\/p>\n<p style=\"text-align: justify;\">\u041e\u043d \u044f\u0432\u043b\u044f\u0435\u0442\u0441\u044f \u0430\u0432\u0442\u043e\u0440\u043e\u043c 160 \u043d\u0430\u0443\u0447\u043d\u044b\u0445 \u0441\u0442\u0430\u0442\u0435\u0439, \u0442\u0435\u0437\u0438\u0441\u043e\u0432, \u043f\u0440\u043e\u0433\u0440\u0430\u043c\u043c, \u0440\u0430\u0437\u043b\u0438\u0447\u043d\u044b\u0445 \u0443\u0447\u0435\u0431\u043d\u043e-\u043c\u0435\u0442\u043e\u0434\u0438\u0447\u0435\u0441\u043a\u0438\u0445 \u043c\u0430\u0442\u0435\u0440\u0438\u0430\u043b\u043e\u0432, \u0432 \u0442\u043e\u043c \u0447\u0438\u0441\u043b\u0435 \u0443\u0447\u0435\u0431\u043d\u0438\u043a\u043e\u0432 \u0438 \u0443\u0447\u0435\u0431\u043d\u044b\u0445 \u043f\u043e\u0441\u043e\u0431\u0438\u0439: \u201c\u0411\u0443\u0445\u0433\u0430\u043b\u0442\u0435\u0440\u0441\u043a\u0438\u0439 (\u0444\u0438\u043d\u0430\u043d\u0441\u043e\u0432\u044b\u0439) \u0443\u0447\u0435\u0442\u00bb, \u00ab\u0411\u0443\u0445\u0433\u0430\u043b\u0442\u0435\u0440\u0441\u043a\u0438\u0439\u00a0 (\u0444\u0438\u043d\u0430\u043d\u0441\u043e\u0432\u044b\u0439) \u043e\u0442\u0447\u0435\u0442\u201d, \u201c\u041e\u0441\u043d\u043e\u0432\u044b \u0430\u0443\u0434\u0438\u0442\u0430\u201d, \u201c\u0421\u0431\u043e\u0440\u043d\u0438\u043a \u0437\u0430\u0434\u0430\u0447 \u043f\u043e \u0431\u0443\u0445\u0433\u0430\u043b\u0442\u0435\u0440\u0441\u043a\u043e\u043c\u0443 \u0443\u0447\u0435\u0442\u0443\u00bb, \u00a0\u201c\u0423\u043f\u0440\u0430\u0432\u043b\u0435\u043d\u0447\u0435\u0441\u043a\u0438\u0439 \u0443\u0447\u0435\u0442\u201d, \u201c\u0411\u0443\u0445\u0433\u0430\u043b\u0442\u0435\u0440\u0441\u043a\u0438\u0439 \u0443\u0447\u0435\u0442 \u0432 \u043f\u0440\u043e\u043c\u044b\u0448\u043b\u0435\u043d\u043d\u043e\u0441\u0442\u0438\u201d, \u201c\u0411\u0443\u0445\u0433\u0430\u043b\u0442\u0435\u0440\u0441\u043a\u0438\u0439 \u0443\u0447\u0435\u0442\u201d, \u201c\u0411\u0443\u0445\u0433\u0430\u043b\u0442\u0435\u0440\u0441\u043a\u0438\u0439 \u0443\u0447\u0435\u0442 \u0432 \u0441\u0444\u0435\u0440\u0435 \u0443\u0441\u043b\u0443\u0433\u201d, \u201c\u0411\u0443\u0445\u0433\u0430\u043b\u0442\u0435\u0440\u0441\u043a\u0438\u0439 \u0443\u0447\u0435\u0442 \u0432 \u0437\u0430\u0440\u0443\u0431\u0435\u0436\u043d\u044b\u0445 \u0441\u0442\u0440\u0430\u043d\u0430\u0445\u00bb, \u043c\u043e\u043d\u043e\u0433\u0440\u0430\u0444\u0438\u0439\u00a0\u00a0 \u201c\u0424\u0438\u043d\u0430\u043d\u0441\u043e\u0432\u044b\u0439 \u043e\u0442\u0447\u0435\u0442: \u043f\u0440\u043e\u0431\u043b\u0435\u043c\u044b \u0441\u0442\u0430\u043d\u043e\u0432\u043b\u0435\u043d\u0438\u044f \u0438 \u0440\u0430\u0437\u0432\u0438\u0442\u0438\u044f\u201d, \u201d \u0422\u043e\u043b\u043a\u043e\u0432\u044b\u0439 \u0441\u043b\u043e\u0432\u0430\u0440\u044c \u043c\u0435\u0436\u0434\u0443\u043d\u0430\u0440\u043e\u0434\u043d\u044b\u0445 \u0438 \u043d\u0430\u0446\u0438\u043e\u043d\u0430\u043b\u044c\u043d\u044b\u0445 \u0442\u0435\u0440\u043c\u0438\u043d\u043e\u0432 \u043f\u043e \u0443\u0447\u0435\u0442\u0443 \u201c.<\/p>\n<p style=\"text-align: justify;\">\u041e\u043d \u044f\u0432\u043b\u044f\u0435\u0442\u0441\u044f \u0447\u043b\u0435\u043d\u043e\u043c \u0423\u0447\u0435\u043d\u0433\u043e \u0441\u043e\u0432\u0435\u0442\u0430 \u0410\u0413\u042d\u0423, \u0423\u0447\u0435\u0431\u043d\u043e-\u043c\u0435\u0442\u043e\u0434\u0438\u0447\u0435\u0441\u043a\u043e\u0433\u043e \u0441\u043e\u0432\u0435\u0442\u0430 \u0410\u0413\u042d\u0423, \u0421\u043e\u0432\u0435\u0442\u0430 \u043f\u043e \u0437\u0430\u0449\u0438\u0442\u0435 \u0434\u043e\u043a\u0442\u043e\u0440\u0441\u043a\u0438\u0445 \u0434\u0438\u0441\u0441\u0435\u0440\u0442\u0430\u0446\u0438\u0439, \u041f\u0440\u0435\u0437\u0438\u0434\u0438\u0443\u043c\u0430 \u0430\u0443\u0434\u0438\u0442\u043e\u0440\u0441\u043a\u043e\u0439 \u043f\u0430\u043b\u0430\u0442\u044b \u0440\u0435\u0441\u043f\u0443\u0431\u043b\u0438\u043a\u0438, \u0440\u0435\u0434\u0430\u043a\u0446\u0438\u043e\u043d\u043d\u043e\u0433\u043e \u0441\u043e\u0432\u0435\u0442\u0430 \u0436\u0443\u0440\u043d\u0430\u043b\u043e\u0432 \u201c\u0424\u0438\u043d\u0430\u043d\u0441\u044b \u0438 \u0431\u0443\u0445\u0433\u0430\u043b\u0442\u0435\u0440\u0441\u043a\u0438\u0439 \u0443\u0447\u0435\u0442\u201d, \u201c\u042d\u043a\u043e\u043d\u043e\u043c\u0438\u043a\u0430 \u0438 \u0430\u0443\u0434\u0438\u0442\u201d, \u201c\u0410\u0443\u0434\u0438\u0442\u201d, \u201c\u042d\u043a\u043e\u043d\u043e\u043c\u0438\u0447\u0435\u0441\u043a\u0438\u0435 \u043d\u0430\u0443\u043a\u0438: \u0442\u0435\u043e\u0440\u0438\u044f \u0438 \u043f\u0440\u0430\u043a\u0442\u0438\u043a\u0430\u201d, \u0410\u0443\u0434\u0438\u0442\u043e\u0440\u0441\u043a\u043e\u0433\u043e \u0438\u043d\u0441\u0442\u0438\u0442\u0443\u0442\u0430 \u0421\u0428\u0410.<\/p>\n<p>\u0411\u044b\u043b \u0443\u0434\u043e\u0441\u0442\u043e\u0435\u043d \u00a0\u043f\u043e\u0447\u0435\u0442\u043d\u043e\u0439 \u0433\u0440\u0430\u043c\u043e\u0442\u043e\u0439 \u041c\u0438\u043d\u0438\u0441\u0442\u0435\u0440\u0441\u0442\u0432\u0430 \u043e\u0431\u0440\u0430\u0437\u043e\u0432\u0430\u043d\u0438\u044f.<\/p>\n<p style=\"text-align: justify;\">\u0421\u043e\u0433\u043b\u0430\u0441\u043d\u043e \u0420\u0430\u0441\u043f\u043e\u0440\u044f\u0436\u0435\u043d\u0438\u044e \u041f\u0440\u0435\u0437\u0438\u0434\u0435\u043d\u0442\u0430 \u0410\u0437\u0435\u0440\u0431\u0430\u0439\u0434\u0436\u0430\u043d\u0441\u043a\u043e\u0439 \u0420\u0435\u0441\u043f\u0443\u0431\u043b\u0438\u043a\u0438 \u043e\u0442 24 \u0441\u0435\u043d\u0442\u044f\u0431\u0440\u044f 2020 \u0433\u043e\u0434\u0430 \u043f\u043e \u0441\u043b\u0443\u0447\u0430\u044e 90-\u043b\u0435\u0442\u0438\u044f \u0410\u0437\u0435\u0440\u0431\u0430\u0439\u0434\u0436\u0430\u043d\u0441\u043a\u043e\u0433\u043e \u0433\u043e\u0441\u0443\u0434\u0430\u0440\u0441\u0442\u0432\u0435\u043d\u043d\u043e\u0433\u043e \u044d\u043a\u043e\u043d\u043e\u043c\u0438\u0447\u0435\u0441\u043a\u043e\u0433\u043e \u0443\u043d\u0438\u0432\u0435\u0440\u0441\u0438\u0442\u0435\u0442\u0430 \u0438 \u0437\u0430 \u0437\u0430\u0441\u043b\u0443\u0433\u0438 \u0432 \u0440\u0430\u0437\u0432\u0438\u0442\u0438\u0438 \u043e\u0431\u0440\u0430\u0437\u043e\u0432\u0430\u043d\u0438\u044f \u0432 \u0410\u0437\u0435\u0440\u0431\u0430\u0439\u0434\u0436\u0430\u043d\u0435 \u043d\u0430\u0433\u0440\u0430\u0436\u0434\u0435\u043d \u043e\u0440\u0434\u0435\u043d\u043e\u043c \u00ab\u0422\u0440\u0443\u0434\u00bb 3-\u0439 \u0441\u0442\u0435\u043f\u0435\u043d\u0438.<\/p>\n<p>\u0416\u0435\u043d\u0430\u0442, \u0438\u043c\u0435\u0435\u0442 \u0442\u0440\u043e\u0438\u0445 \u0434\u0435\u0442\u0435\u0439, \u0432\u043d\u0443\u043a\u043e\u0432.<\/p>\n<p><a class=\"fancybox-thumb\" href=\"https:\/\/unec.edu.az\/application\/uploads\/2015\/06\/sifariz_4831.jpg\" rel=\"fancybox-thumb\"><img decoding=\"async\" class=\"fancybox-margin  alignnone wp-image-41045 size-thumbnail\" src=\"https:\/\/unec.edu.az\/application\/uploads\/2015\/06\/sifariz_4831-150x150.jpg\" alt=\"sifariz_4831\" width=\"150\" height=\"150\" \/><\/a><a class=\"fancybox-thumb\" href=\"https:\/\/unec.edu.az\/application\/uploads\/2017\/03\/DSC_0457.jpg\" rel=\"fancybox-thumb\"><img decoding=\"async\" class=\"fancybox-margin alignnone wp-image-87093 size-thumbnail\" title=\"UNEC-d\u0259 elmi t\u0259dqiqat i\u015fl\u0259rinin perspektivl\u0259ri m\u00fczakir\u0259 edilib (10.03.2017)\" src=\"https:\/\/unec.edu.az\/application\/uploads\/2017\/03\/DSC_0457-150x150.jpg\" alt=\"DSC_0457\" width=\"150\" height=\"150\" \/><\/a><a class=\"fancybox-thumb\" href=\"https:\/\/unec.edu.az\/application\/uploads\/2015\/12\/UNEC-1-31.jpg\" rel=\"fancybox-thumb\"><img loading=\"lazy\" decoding=\"async\" class=\"fancybox-margin  alignnone wp-image-33310 size-thumbnail\" src=\"https:\/\/unec.edu.az\/application\/uploads\/2015\/12\/UNEC-1-31-150x150.jpg\" alt=\"UNEC 1 (3)\" width=\"150\" height=\"150\" \/><\/a><a class=\"fancybox-thumb\" href=\"https:\/\/unec.edu.az\/application\/uploads\/2016\/11\/PB220885.jpg\" rel=\"fancybox-thumb\"><img loading=\"lazy\" decoding=\"async\" class=\"fancybox-margin  alignnone wp-image-74313 size-thumbnail\" title=\"UNEC aliml\u0259ri beyn\u0259lxalq forumda \u00e7\u0131x\u0131\u015f edibl\u0259r (29.11.2016)\" src=\"https:\/\/unec.edu.az\/application\/uploads\/2016\/11\/PB220885-150x150.jpg\" alt=\"OLYMPUS DIGITAL CAMERA\" width=\"150\" height=\"150\" \/><\/a><a class=\"fancybox-thumb\" href=\"https:\/\/unec.edu.az\/application\/uploads\/2015\/06\/sifariz_6684.jpg\" rel=\"fancybox-thumb\"><img loading=\"lazy\" decoding=\"async\" class=\"fancybox-margin  alignnone wp-image-136820 size-thumbnail\" title=\"UNEC-d\u0259 yeni sillabus \u0259sas\u0131nda t\u0259liml\u0259r ke\u00e7mi\u015f m\u00fc\u0259llim hey\u0259tin\u0259 sertifikatlar\u0131n verilm\u0259si  (22.01.2019)\" src=\"https:\/\/unec.edu.az\/application\/uploads\/2015\/06\/sifariz_6684-150x150.jpg\" alt=\"sifariz_6684\" width=\"150\" height=\"150\" \/><\/a><a class=\"fancybox-thumb\" href=\"https:\/\/unec.edu.az\/application\/uploads\/2016\/11\/1-PB220855.jpg\" rel=\"fancybox-thumb\"><img loading=\"lazy\" decoding=\"async\" class=\"fancybox-margin  alignnone wp-image-74125 size-thumbnail\" title=\"UNEC aliml\u0259ri beyn\u0259lxalq forumda \u00e7\u0131x\u0131\u015f edibl\u0259r (29.11.2016)\" src=\"https:\/\/unec.edu.az\/application\/uploads\/2016\/11\/1-PB220855-150x150.jpg\" alt=\"OLYMPUS DIGITAL CAMERA\" width=\"150\" height=\"150\" \/><\/a><\/p>\n<p><span style=\"color: #000000;\"><em><span style=\"color: #333333;\"><a style=\"color: #333333;\" href=\"https:\/\/unec.edu.az\/ru\/unec-professorlarinin-yeni-platformasi-elm-ve-ictimaiyyet\/\">\u041d\u043e\u0432\u0430\u044f \u043f\u043b\u0430\u0442\u0444\u043e\u0440\u043c\u0430 \u043f\u0440\u043e\u0444\u0435\u0441\u0441\u043e\u0440\u043e\u0432 UNEC: \u00ab\u041d\u0430\u0443\u043a\u0430 \u0438 \u043e\u0431\u0449\u0435\u0441\u0442\u0432\u043e\u00bb<\/a>\u00a0(30.03.2018)<\/span><a style=\"color: #000000;\" href=\"https:\/\/unec.edu.az\/ru\/unec-professorlari-beynelxalq-elmi-tedbirde\/\"><br \/>\n\u041f\u0440\u043e\u0444\u0435\u0441\u0441\u043e\u0440\u0430 UNEC \u0432 \u043c\u0435\u0436\u0434\u0443\u043d\u0430\u0440\u043e\u0434\u043d\u043e\u043c \u043d\u0430\u0443\u0447\u043d\u043e\u043c \u043c\u0435\u0440\u043e\u043f\u0440\u0438\u044f\u0442\u0438\u0438 <\/a>(31.05.2017)<br \/>\n<a style=\"color: #000000;\" href=\"https:\/\/unec.edu.az\/ru\/tedqiqat-universitetine-kecid-unec-tecrubesi\/\">\u041f\u0435\u0440\u0435\u0445\u043e\u0434 \u0432 \u0438\u0441\u0441\u043b\u0435\u0434\u043e\u0432\u0430\u0442\u0435\u043b\u044c\u0441\u043a\u0438\u0439 \u0443\u043d\u0438\u0432\u0435\u0440\u0441\u0438\u0442\u0435\u0442: \u041e\u043f\u044b\u0442 UNEC <\/a>(02.05.2017)<\/em><\/span><br \/>\n<span style=\"color: #000000;\"><em><a style=\"color: #000000;\" href=\"https:\/\/unec.edu.az\/ru\/unec-alimleri-beynelxalq-forumda-cixis-edibler\/\">\u0423\u0447\u0435\u043d\u044b\u0435 UNEC \u0432\u044b\u0441\u0442\u0443\u043f\u0438\u043b\u0438 \u043d\u0430 \u043c\u0435\u0436\u0434\u0443\u043d\u0430\u0440\u043e\u0434\u043d\u043e\u043c \u0444\u043e\u0440\u0443\u043c\u0435 <\/a>(29.11.2016)<\/em><\/span><\/p>\n<p><a class=\"fancybox-thumb\" href=\"https:\/\/unec.edu.az\/application\/uploads\/2017\/11\/DSC_8492.jpg\" rel=\"fancybox-thumb\"><img loading=\"lazy\" decoding=\"async\" class=\"fancybox-margin alignnone wp-image-110309 \" title=\"UNEC-d\u0259 \u201cElm ayl\u0131\u011f\u0131\u201d  \u2013 elmi t\u0259dqiqata maraq art\u0131b (10.11.2017)\" src=\"https:\/\/unec.edu.az\/application\/uploads\/2017\/11\/DSC_8492-236x180.jpg\" alt=\"DSC_8492\" width=\"191\" height=\"146\" \/><\/a><a class=\"fancybox-thumb\" href=\"https:\/\/unec.edu.az\/application\/uploads\/2015\/06\/sifariz_4923-1024x684.jpg\" rel=\"fancybox-thumb\"><img loading=\"lazy\" decoding=\"async\" class=\"fancybox-margin alignnone wp-image-104667 \" src=\"https:\/\/unec.edu.az\/application\/uploads\/2015\/06\/sifariz_4923-1024x684-236x180.jpg\" alt=\"sifariz_4923-1024x684\" width=\"191\" height=\"146\" \/><\/a><a class=\"fancybox-thumb\" href=\"https:\/\/unec.edu.az\/application\/uploads\/2017\/05\/IMG_7901-1.jpg\" rel=\"fancybox-thumb\"><img loading=\"lazy\" decoding=\"async\" class=\"fancybox-margin alignnone wp-image-97539 \" title=\"UNEC professorlar\u0131 beyn\u0259lxalq elmi t\u0259dbird\u0259 (31.05.2017)\" src=\"https:\/\/unec.edu.az\/application\/uploads\/2017\/05\/IMG_7901-1-236x180.jpg\" alt=\"IMG_7901 (1)\" width=\"191\" height=\"146\" \/><\/a><a class=\"fancybox-thumb\" href=\"https:\/\/unec.edu.az\/application\/uploads\/2015\/06\/101.jpg\" rel=\"fancybox-thumb\"><img loading=\"lazy\" decoding=\"async\" class=\"fancybox-margin alignnone wp-image-115420 \" title=\"UNEC professorlar\u0131 elmin aktual probleml\u0259rind\u0259n dan\u0131\u015f\u0131blar (25.12.2017)\" src=\"https:\/\/unec.edu.az\/application\/uploads\/2015\/06\/101-236x180.jpg\" alt=\"10\" width=\"194\" height=\"148\" \/><\/a><a class=\"fancybox-thumb\" href=\"https:\/\/unec.edu.az\/application\/uploads\/2017\/10\/91.jpg\" rel=\"fancybox-thumb\"><img loading=\"lazy\" decoding=\"async\" class=\"fancybox-margin alignnone wp-image-108777 \" title=\"Elm v\u0259 t\u0259hsil sintezinin arxitekturas\u0131: UNEC t\u0259cr\u00fcb\u0259si\u201d (27.10.2017)\" src=\"https:\/\/unec.edu.az\/application\/uploads\/2017\/10\/91-236x180.jpg\" alt=\"9\" width=\"190\" height=\"145\" \/><\/a><\/p>\n","protected":false},"excerpt":{"rendered":"<p>\u043f\u0440\u043e\u0444.\u0421\u0430\u0431\u0437\u0430\u043b\u0438\u0435\u0432 \u0421\u0438\u0444\u0430\u0440\u0438\u0437 \u041c\u0438\u0440\u0437\u0430\u0445\u0430\u043d \u043e\u0433\u043b\u044b\u00a0 e-mail: s.sabzaliyev@unec.edu.az \u0420\u043e\u0434\u0438\u043b\u0441\u044f 8 \u043d\u043e\u044f\u0431\u0440\u044f 1945 \u0433\u043e\u0434\u0430. \u0412 1963-1964 \u0433\u043e\u0434\u0430\u0445 \u0443\u0447\u0438\u043b\u0441\u044f \u043d\u0430 \u0444\u0430\u043a\u0443\u043b\u044c\u0442\u0435\u0442\u0435 \u044d\u043a\u043e\u043d\u043e\u043c\u0438\u043a\u0438 \u0410\u0437\u0435\u0440\u0431\u0430\u0439\u0434\u0436\u0430\u043d\u0441\u043a\u043e\u0433\u043e \u0413\u043e\u0441\u0443\u0434\u0430\u0440\u0441\u0442\u0432\u0435\u043d\u043d\u043e\u0433\u043e \u0423\u043d\u0438\u0432\u0435\u0440\u0441\u0438\u0442\u0435\u0442\u0430 \u0438\u043c\u0435\u043d\u0438 \u0421.\u041c. \u041a\u0438\u0440\u043e\u0432\u0430. \u0412 1964-1967 \u0441\u043b\u0443\u0436\u0438\u043b \u0432 \u0421\u043e\u0432\u0435\u0442\u0441\u043a\u043e\u0439 \u0410\u0440\u043c\u0438\u0438. \u0412 1967-1970 \u0433\u043e\u0434\u0430\u0445 \u043e\u043a\u043e\u043d\u0447\u0438\u043b, \u0441 \u0434\u0438\u043f\u043b\u043e\u043c\u043e\u043c \u043e\u0442\u043b\u0438\u0447\u0438\u044f, \u0410\u0437\u0435\u0440\u0431\u0430\u0439\u0434\u0436\u0430\u043d\u0441\u043a\u0438\u0439 \u0438\u043d\u0441\u0442\u0438\u0442\u0443\u0442 \u043d\u0430\u0440\u043e\u0434\u043d\u043e\u0433\u043e \u0445\u043e\u0437\u044f\u0439\u0441\u0442\u0432\u0430 \u0438\u043c. \u0414.\u0411\u0443\u043d\u0438\u0430\u0442\u0437\u0430\u0434\u0435, \u043f\u043e \u0441\u043f\u0435\u0446\u0438\u0430\u043b\u044c\u043d\u043e\u0441\u0442\u0438 \u00ab\u0411\u0443\u0445\u0433\u0430\u043b\u0442\u0435\u0440\u0441\u043a\u0438\u0439 \u0443\u0447\u0435\u0442\u00bb. \u0412 1970-1972 \u0433\u043e\u0434\u0430\u0445 \u0440\u0430\u0431\u043e\u0442\u0430\u043b \u0432 \u043a\u0430\u0447\u0435\u0441\u0442\u0432\u0435 \u043c\u043b\u0430\u0434\u0448\u0435\u0433\u043e \u043d\u0430\u0443\u0447\u043d\u043e\u0433\u043e [&hellip;]<\/p>\n","protected":false},"author":10,"featured_media":0,"parent":0,"menu_order":0,"comment_status":"open","ping_status":"open","template":"","meta":{"footnotes":""},"class_list":["post-12520","page","type-page","status-publish","hentry"],"_links":{"self":[{"href":"http:\/\/unec.edu.az\/ru\/wp-json\/wp\/v2\/pages\/12520","targetHints":{"allow":["GET"]}}],"collection":[{"href":"http:\/\/unec.edu.az\/ru\/wp-json\/wp\/v2\/pages"}],"about":[{"href":"http:\/\/unec.edu.az\/ru\/wp-json\/wp\/v2\/types\/page"}],"author":[{"embeddable":true,"href":"http:\/\/unec.edu.az\/ru\/wp-json\/wp\/v2\/users\/10"}],"replies":[{"embeddable":true,"href":"http:\/\/unec.edu.az\/ru\/wp-json\/wp\/v2\/comments?post=12520"}],"version-history":[{"count":17,"href":"http:\/\/unec.edu.az\/ru\/wp-json\/wp\/v2\/pages\/12520\/revisions"}],"predecessor-version":[{"id":179741,"href":"http:\/\/unec.edu.az\/ru\/wp-json\/wp\/v2\/pages\/12520\/revisions\/179741"}],"wp:attachment":[{"href":"http:\/\/unec.edu.az\/ru\/wp-json\/wp\/v2\/media?parent=12520"}],"curies":[{"name":"wp","href":"https:\/\/api.w.org\/{rel}","templated":true}]}}