{"id":12536,"date":"2015-06-02T15:05:17","date_gmt":"2015-06-02T11:05:17","guid":{"rendered":"https:\/\/unec.edu.az\/dosent-ceferli-henife-alhuseyn-oglu-2\/"},"modified":"2024-06-24T10:05:34","modified_gmt":"2024-06-24T06:05:34","slug":"dosent-ceferli-henife-alhuseyn-oglu","status":"publish","type":"page","link":"http:\/\/unec.edu.az\/ru\/dosent-ceferli-henife-alhuseyn-oglu\/","title":{"rendered":"\u0434\u043e\u0446\u0435\u043d\u0442 \u0414\u0436\u0430\u0444\u0430\u0440\u043b\u0438 \u0413\u0430\u043d\u0438\u0444\u0430 \u0410\u043b\u0433\u0443\u0441\u0435\u0439\u043d \u043e\u0433\u043b\u044b"},"content":{"rendered":"<h4><a href=\"https:\/\/unec.edu.az\/application\/uploads\/2015\/02\/Henife-m1.jpg\"><img fetchpriority=\"high\" decoding=\"async\" class=\"left alignleft wp-image-4823\" src=\"https:\/\/unec.edu.az\/application\/uploads\/2015\/02\/Henife-m1-180x200.jpg\" alt=\"Henife m\" width=\"223\" height=\"248\" \/><\/a><\/h4>\n<h4><span style=\"background-color: #ffffff; color: #800000;\">\u0434\u043e\u0446\u0435\u043d\u0442 \u0414\u0436\u0430\u0444\u0430\u0440\u043b\u0438 \u0425\u0430\u043d\u0438\u0444\u0430 \u0410\u043b\u0433\u0443\u0441\u0435\u0439\u043d \u043e\u0433\u043b\u044b<\/span><\/h4>\n<p><span style=\"background-color: #ffffff; color: #000080;\"><i><a style=\"background-color: #ffffff; color: #000080;\" href=\"https:\/\/e.mail.ru\/compose\/?mailto=mailto%3ajafarlihanifa1967@gmail.\" target=\"_blank\" rel=\"noopener noreferrer\">e-mail:\u00a0jafarlihanifa1967@gmail.com<\/a><br \/>\n<\/i>\u0442\u0435\u043b<i>: (012) 539 94 38<\/i><\/span><\/p>\n<p>\u0413\u043e\u0434 \u0440\u043e\u0436\u0434\u0435\u043d\u0438\u044f: 01.08.1967.<\/p>\n<p><b>\u041e\u0431\u0449\u0430\u044f \u0438\u043d\u0444\u043e\u0440\u043c\u0430\u0446\u0438\u044f:<\/b><\/p>\n<p>\u0421\u043b\u0443\u0436\u0431\u0430 \u0432 \u0440\u044f\u0434\u0430\u0445 \u0430\u0440\u043c\u0438\u0438: 1985-1987 \u0433\u043e\u0434\u044b.<br \/>\n\u041f\u0430\u0440\u0442\u0438\u0439\u043d\u043e\u0441\u0442\u044c: \u043f\u0430\u0440\u0442\u0438\u044f \u00ab\u0415\u043d\u0438 \u0410\u0437\u0435\u0440\u0431\u0430\u0439\u0434\u0436\u0430\u043d\u00bb<br \/>\n\u0417\u043d\u0430\u043d\u0438\u044f \u0432 \u043e\u0431\u043b\u0430\u0441\u0442\u0438 \u043f\u0440\u043e\u0433\u0440\u0430\u043c\u043c\u0438\u0440\u043e\u0432\u0430\u043d\u0438\u044f:\u00a0<span lang=\"EN-US\">\u00a0Ms<\/span>\u00a0<span lang=\"EN-US\">Word<\/span>;\u00a0<span lang=\"EN-US\">Ms<\/span>\u00a0<span lang=\"EN-US\">Excel<\/span>;\u00a0<span lang=\"EN-US\">Ms<\/span>\u00a0<span lang=\"EN-US\">PowerPo<\/span>\u0131<span lang=\"EN-US\">nt<\/span>.<br \/>\n\u0416\u0435\u043d\u0430\u0442, \u0438\u043c\u0435\u0435\u0442 \u043f\u044f\u0442\u0435\u0440\u044b\u0445 \u0434\u0435\u0442\u0435\u0439.<\/p>\n<p><b>\u041e\u0431\u0440\u0430\u0437\u043e\u0432\u0430\u043d\u0438\u0435:\u00a0<\/b><b>\u00a0\u00a0\u00a0\u00a0\u00a0\u00a0\u00a0\u00a0\u00a0\u00a0\u00a0\u00a0\u00a0\u00a0\u00a0\u00a0\u00a0\u00a0\u00a0\u00a0\u00a0\u00a0\u00a0\u00a0\u00a0\u00a0\u00a0\u00a0\u00a0\u00a0\u00a0\u00a0\u00a0\u00a0\u00a0\u00a0\u00a0\u00a0\u00a0\u00a0\u00a0\u00a0\u00a0\u00a0\u00a0\u00a0\u00a0\u00a0\u00a0\u00a0\u00a0\u00a0\u00a0\u00a0\u00a0\u00a0\u00a0\u00a0\u00a0\u00a0\u00a0\u00a0\u00a0\u00a0\u00a0\u00a0\u00a0\u00a0\u00a0\u00a0\u00a0\u00a0\u00a0\u00a0\u00a0\u00a0\u00a0\u00a0\u00a0\u00a0\u00a0\u00a0\u00a0\u00a0\u00a0\u00a0\u00a0\u00a0\u00a0\u00a0\u00a0\u00a0\u00a0\u00a0\u00a0\u00a0\u00a0\u00a0\u00a0\u00a0\u00a0<\/b><b>\u00a0<\/b><b>\u00a0\u00a0\u00a0\u00a0\u00a0\u00a0\u00a0\u00a0\u00a0\u00a0<\/b><\/p>\n<p>1974-1984 \u0433\u043e\u0434\u044b \u2013 \u0441\u0440\u0435\u0434\u043d\u044f\u044f \u0448\u043a\u043e\u043b\u0430 \u0441\u0435\u043b\u0430 \u041a\u0430\u0440\u0440\u0430\u0440 \u041a\u044e\u0440\u0434\u0435\u043c\u0438\u0440\u0441\u043a\u043e\u0433\u043e \u0440\u0430\u0439\u043e\u043d\u0430.<\/p>\n<p>1994 \u0433\u043e\u0434 \u2013 \u0410\u0437\u0435\u0440\u0431\u0430\u0439\u0434\u0436\u0430\u043d\u0441\u043a\u0438\u0439 \u0433\u043e\u0441\u0443\u0434\u0430\u0440\u0441\u0442\u0432\u0435\u043d\u043d\u044b\u0439 \u044d\u043a\u043e\u043d\u043e\u043c\u0438\u0447\u0435\u0441\u043a\u0438\u0439 \u0438\u043d\u0441\u0442\u0438\u0442\u0443\u0442. \u0421\u043f\u0435\u0446\u0438\u0430\u043b\u044c\u043d\u043e\u0441\u0442\u044c<span lang=\"EN-US\">:\u00a0<\/span>\u0411\u0443\u0445\u0433\u0430\u043b\u0442\u0435\u0440\u0441\u043a\u0438\u0439\u00a0\u0443\u0447\u0435\u0442<span lang=\"EN-US\">,\u00a0<\/span>\u043a\u043e\u043d\u0442\u0440\u043e\u043b\u044c\u00a0\u0438\u00a0\u0430\u043d\u0430\u043b\u0438\u0437\u00a0\u0445\u043e\u0437\u044f\u0439\u0441\u0442\u0432\u0435\u043d\u043d\u043e\u0439\u00a0\u0434\u0435\u044f\u0442\u0435\u043b\u044c\u043d\u043e\u0441\u0442\u0438<span lang=\"EN-US\">.\u00a0 \u00a0<\/span><\/p>\n<p>2007 \u0433\u043e\u0434 \u2013 \u041a\u0438\u0435\u0432\u0441\u043a\u0438\u0439 \u043d\u0430\u0446\u0438\u043e\u043d\u0430\u043b\u044c\u043d\u044b\u0439 \u0443\u043d\u0438\u0432\u0435\u0440\u0441\u0438\u0442\u0435\u0442 \u043c\u0435\u0436\u0434\u0443\u043d\u0430\u0440\u043e\u0434\u043d\u044b\u0445 \u043e\u0442\u043d\u043e\u0448\u0435\u043d\u0438\u0439 \u0438\u043c\u0435\u043d\u0438 \u0422. \u0428\u0435\u0432\u0447\u0435\u043d\u043a\u043e. \u0421\u043f\u0435\u0446\u0438\u0430\u043b\u044c\u043d\u043e\u0441\u0442\u044c: \u041c\u0435\u0436\u0434\u0443\u043d\u0430\u0440\u043e\u0434\u043d\u043e\u0435 \u043f\u0440\u0430\u0432\u043e.<\/p>\n<p>\u0417\u043d\u0430\u043d\u0438\u0435 \u044f\u0437\u044b\u043a\u043e\u0432:\u00a0\u0430\u0437\u0435\u0440\u0431\u0430\u0439\u0434\u0436\u0430\u043d\u0441\u043a\u0438\u0439, \u0442\u0443\u0440\u0435\u0446\u043a\u0438\u0439, \u0440\u0443\u0441\u0441\u043a\u0438\u0439 \u0438 \u0430\u043d\u0433\u043b\u0438\u0439\u0441\u043a\u0438\u0439.<\/p>\n<p><b>\u0423\u0447\u0435\u043d\u0430\u044f \u0441\u0442\u0435\u043f\u0435\u043d\u044c \u0438 \u0443\u0447\u0435\u043d\u043e\u0435 \u0437\u0432\u0430\u043d\u0438\u0435:<\/b><\/p>\n<p>\u0412 2005 \u0433\u043e\u0434\u0443 \u0437\u0430\u0449\u0438\u0442\u0438\u043b \u043a\u0430\u043d\u0434\u0438\u0434\u0430\u0442\u0441\u043a\u0443\u044e \u0434\u0438\u0441\u0441\u0435\u0440\u0442\u0430\u0446\u0438\u044e \u043d\u0430 \u0442\u0435\u043c\u0443 \u00ab\u0421\u043e\u0432\u0435\u0440\u0448\u0435\u043d\u0441\u0442\u0432\u043e\u0432\u0430\u043d\u0438\u0435 \u0431\u0443\u0445\u0433\u0430\u043b\u0442\u0435\u0440\u0441\u043a\u043e\u0433\u043e \u0443\u0447\u0435\u0442\u0430 \u0438 \u0430\u043d\u0430\u043b\u0438\u0437\u0430 \u0440\u0430\u0441\u0447\u0435\u0442\u043e\u0432 \u0432 \u0443\u0441\u043b\u043e\u0432\u0438\u044f\u0445 \u0440\u044b\u043d\u043e\u0447\u043d\u043e\u0439 \u044d\u043a\u043e\u043d\u043e\u043c\u0438\u043a\u0438\u00bb \u043f\u043e \u0441\u043f\u0435\u0446\u0438\u0430\u043b\u044c\u043d\u043e\u0441\u0442\u0438 \u00ab\u0411\u0443\u0445\u0433\u0430\u043b\u0442\u0435\u0440\u0441\u043a\u0438\u0439 \u0443\u0447\u0435\u0442, \u0441\u0442\u0430\u0442\u0438\u0441\u0442\u0438\u043a\u0430\u00bb 08.00.12 \u0410\u0437\u0435\u0440\u0431\u0430\u0439\u0434\u0436\u0430\u043d\u0441\u043a\u043e\u0433\u043e \u0433\u043e\u0441\u0443\u0434\u0430\u0440\u0441\u0442\u0432\u0435\u043d\u043d\u043e\u0433\u043e \u044d\u043a\u043e\u043d\u043e\u043c\u0438\u0447\u0435\u0441\u043a\u043e\u0433\u043e \u0443\u043d\u0438\u0432\u0435\u0440\u0441\u0438\u0442\u0435\u0442\u0430 \u0438 \u043f\u043e\u043b\u0443\u0447\u0438\u043b \u0441\u0442\u0435\u043f\u0435\u043d\u044c \u043a\u0430\u043d\u0434\u0438\u0434\u0430\u0442\u0430 \u044d\u043a\u043e\u043d\u043e\u043c\u0438\u0447\u0435\u0441\u043a\u0438\u0445 \u043d\u0430\u0443\u043a. \u0412 2012 \u0433\u043e\u0434\u0443 \u0440\u0435\u0448\u0435\u043d\u0438\u0435\u043c \u0412\u044b\u0441\u0448\u0435\u0439 \u0430\u0442\u0442\u0435\u0441\u0442\u0430\u0446\u0438\u043e\u043d\u043d\u043e\u0439 \u043a\u043e\u043c\u0438\u0441\u0441\u0438\u0438 \u043f\u0440\u0438 \u041f\u0440\u0435\u0437\u0438\u0434\u0435\u043d\u0442\u0435 \u0410\u0437\u0435\u0440\u0431\u0430\u0439\u0434\u0436\u0430\u043d\u0441\u043a\u043e\u0439 \u0420\u0435\u0441\u043f\u0443\u0431\u043b\u0438\u043a\u0438 \u0431\u044b\u043b\u043e \u043f\u0440\u0438\u0441\u0432\u043e\u0435\u043d\u043e \u0443\u0447\u0435\u043d\u043e\u0435 \u0437\u0432\u0430\u043d\u0438\u0435 \u0434\u043e\u0446\u0435\u043d\u0442\u0430.<\/p>\n<p>\u0412 2022 \u0433\u043e\u0434\u0443 \u0437\u0430\u0449\u0438\u0442\u0438\u043b \u0434\u043e\u043a\u0442\u043e\u0440\u0441\u043a\u0443\u044e \u0434\u0438\u0441\u0441\u0435\u0440\u0442\u0430\u0446\u0438\u044e \u043d\u0430 \u0442\u0435\u043c\u0443 \u00ab\u041c\u0430\u043a\u0440\u043e\u044d\u043a\u043e\u043d\u043e\u043c\u0438\u0447\u0435\u0441\u043a\u0438\u0435 \u043f\u0440\u043e\u0431\u043b\u0435\u043c\u044b \u0443\u0441\u0442\u043e\u0439\u0447\u0438\u0432\u043e\u0433\u043e \u0440\u0430\u0437\u0432\u0438\u0442\u0438\u044f \u043d\u0430\u0446\u0438\u043e\u043d\u0430\u043b\u044c\u043d\u043e\u0439 \u044d\u043a\u043e\u043d\u043e\u043c\u0438\u043a\u0438\u00bb \u043f\u043e \u0441\u043f\u0435\u0446\u0438\u0430\u043b\u044c\u043d\u043e\u0441\u0442\u0438 5308.01- \u00ab\u041e\u0431\u0449\u0430\u044f \u044d\u043a\u043e\u043d\u043e\u043c\u0438\u043a\u0430\u00bb \u0410\u0437\u0435\u0440\u0431\u0430\u0439\u0434\u0436\u0430\u043d\u0441\u043a\u043e\u0433\u043e \u0433\u043e\u0441\u0443\u0434\u0430\u0440\u0441\u0442\u0432\u0435\u043d\u043d\u043e\u0433\u043e \u044d\u043a\u043e\u043d\u043e\u043c\u0438\u0447\u0435\u0441\u043a\u043e\u0433\u043e \u0443\u043d\u0438\u0432\u0435\u0440\u0441\u0438\u0442\u0435\u0442\u0430 \u0438 \u043f\u043e\u043b\u0443\u0447\u0438\u043b \u0443\u0447\u0435\u043d\u0443\u044e \u0441\u0442\u0435\u043f\u0435\u043d\u044c \u0434\u043e\u043a\u0442\u043e\u0440\u0430 \u044d\u043a\u043e\u043d\u043e\u043c\u0438\u0447\u0435\u0441\u043a\u0438\u0445 \u043d\u0430\u0443\u043a.<\/p>\n<p><b>\u041e\u043f\u044b\u0442 \u0440\u0430\u0431\u043e\u0442\u044b:<\/b><\/p>\n<p>\u0412 1984-2004 \u0433\u043e\u0434\u0430\u0445 \u0432 \u0441\u0438\u0441\u0442\u0435\u043c\u0435 \u201cAz\u0259renerjitikintiqura\u015fd\u0131rma\u201d \u0440\u0430\u0431\u043e\u0442\u0430\u043b \u0440\u0430\u0431\u043e\u0447\u0438\u043c, \u00a0\u00a0\u0431\u0443\u0445\u0433\u0430\u043b\u0442\u0435\u0440\u043e\u043c, \u0431\u0443\u0445\u0433\u0430\u043b\u0442\u0435\u0440\u043e\u043c \u043f\u0435\u0440\u0432\u043e\u0433\u043e \u043a\u043b\u0430\u0441\u0441\u0430, \u0437\u0430\u043c\u0435\u0441\u0442\u0438\u0442\u0435\u043b\u0435\u043c \u0433\u043b\u0430\u0432\u043d\u043e\u0433\u043e \u0431\u0443\u0445\u0433\u0430\u043b\u0442\u0435\u0440\u0430, \u0437\u0430\u043c\u0435\u0441\u0442\u0438\u0442\u0435\u043b\u0435\u043c \u043f\u0440\u0435\u0434\u0441\u0435\u0434\u0430\u0442\u0435\u043b\u044f, \u043f\u0435\u0440\u0432\u044b\u043c \u0437\u0430\u043c\u0435\u0441\u0442\u0438\u0442\u0435\u043b\u0435\u043c \u043f\u0440\u0435\u0434\u0441\u0435\u0434\u0430\u0442\u0435\u043b\u044f\u00a0 \u043f\u043e \u0444\u0438\u043d\u0430\u043d\u0441\u043e\u0432\u043e-\u044d\u043a\u043e\u043d\u043e\u043c\u0438\u0447\u0435\u0441\u043a\u0438\u043c \u0432\u043e\u043f\u0440\u043e\u0441\u0430\u043c, \u0432 2005-20010 \u0433\u043e\u0434\u0430\u0445 \u0434\u0438\u0440\u0435\u043a\u0442\u043e\u0440\u043e\u043c \u043f\u0440\u043e\u0438\u0437\u0432\u043e\u0434\u0441\u0442\u0432\u0435\u043d\u043d\u043e\u0433\u043e \u043a\u043e\u043c\u043c\u0435\u0440\u0447\u0435\u0441\u043a\u043e\u0433\u043e \u043f\u0440\u0435\u0434\u043f\u0440\u0438\u044f\u0442\u0438\u044f \u00ab<span lang=\"EN-US\">Az<\/span>\u0259<span lang=\"EN-US\">runiversal<\/span>\u00bb.<\/p>\n<p>\u0412 2005 -2011 \u0433\u043e\u0434\u0430\u0445 \u0440\u0430\u0431\u043e\u0442\u0430\u043b \u043d\u0430 \u0434\u043e\u043b\u0436\u043d\u043e\u0441\u0442\u0438 \u043f\u0440\u0435\u043f\u043e\u0434\u0430\u0432\u0430\u0442\u0435\u043b\u044f, \u0441\u0442\u0430\u0440\u0448\u0435\u0433\u043e \u043f\u0440\u0435\u043f\u043e\u0434\u0430\u0432\u0430\u0442\u0435\u043b\u044f, \u0434\u043e\u0446\u0435\u043d\u0442\u0430 \u0438 \u0437\u0430\u0432\u0435\u0434\u0443\u044e\u0449\u0435\u0433\u043e \u043a\u0430\u0444\u0435\u0434\u0440\u043e\u0439 \u00ab\u042d\u043a\u043e\u043d\u043e\u043c\u0438\u0447\u0435\u0441\u043a\u0438\u0439 \u0430\u043d\u0430\u043b\u0438\u0437 \u0438 \u0430\u0443\u0434\u0438\u0442\u00bb \u0410\u0437\u0435\u0440\u0431\u0430\u0439\u0434\u0436\u0430\u043d\u0441\u043a\u043e\u0433\u043e \u0433\u043e\u0441\u0443\u0434\u0430\u0440\u0441\u0442\u0432\u0435\u043d\u043d\u043e\u0433\u043e \u044d\u043a\u043e\u043d\u043e\u043c\u0438\u0447\u0435\u0441\u043a\u043e\u0433\u043e \u0443\u043d\u0438\u0432\u0435\u0440\u0441\u0438\u0442\u0435\u0442\u0430.<\/p>\n<p>\u0412 2016-2022 \u0433\u043e\u0434\u0430\u0445 \u0440\u0430\u0431\u043e\u0442\u0430\u043b \u0434\u043e\u0446\u0435\u043d\u0442\u043e\u043c \u043a\u0430\u0444\u0435\u0434\u0440\u044b \u00ab\u0411\u0443\u0445\u0433\u0430\u043b\u0442\u0435\u0440\u0441\u043a\u0438\u0439 \u0443\u0447\u0435\u0442 \u0438 \u0430\u0443\u0434\u0438\u0442\u00bb \u0410\u0437\u0435\u0440\u0431\u0430\u0439\u0434\u0436\u0430\u043d\u0441\u043a\u043e\u0433\u043e \u0433\u043e\u0441\u0443\u0434\u0430\u0440\u0441\u0442\u0432\u0435\u043d\u043d\u043e\u0433\u043e \u044d\u043a\u043e\u043d\u043e\u043c\u0438\u0447\u0435\u0441\u043a\u043e\u0433\u043e \u0443\u043d\u0438\u0432\u0435\u0440\u0441\u0438\u0442\u0435\u0442\u0430.\u00a0 \u0412 \u043d\u0430\u0441\u0442\u043e\u044f\u0449\u0435\u0435 \u0432\u0440\u0435\u043c\u044f \u0440\u0430\u0431\u043e\u0442\u0430\u0435\u0442 \u0434\u043e\u0446\u0435\u043d\u0442\u043e\u043c \u043a\u0430\u0444\u0435\u0434\u0440\u044b \u00ab\u0424\u0438\u043d\u0430\u043d\u0441\u044b \u0438 \u0430\u0443\u0434\u0438\u0442\u00bb.<\/p>\n<p><b>\u041d\u0430\u0433\u0440\u0430\u0434\u044b:<\/b><\/p>\n<p>\u0412 2020 \u0433\u043e\u0434\u0443 \u041f\u043e\u0447\u0435\u0442\u043d\u0430\u044f \u0433\u0440\u0430\u043c\u043e\u0442\u0430 \u041c\u0438\u043d\u0438\u0441\u0442\u0435\u0440\u0441\u0442\u0432\u0430 \u043e\u0431\u0440\u0430\u0437\u043e\u0432\u0430\u043d\u0438\u044f \u0410\u0437\u0435\u0440\u0431\u0430\u0439\u0434\u0436\u0430\u043d\u0441\u043a\u043e\u0439 \u0440\u0435\u0441\u043f\u0443\u0431\u043b\u0438\u043a\u0438.<\/p>\n<p><b>\u0410\u043a\u0430\u0434\u0435\u043c\u0438\u0447\u0435\u0441\u043a\u0438\u0435 \u043f\u0440\u043e\u0444\u0438\u043b\u0438:<\/b><\/p>\n<ul>\n<li><span style=\"color: #000080;\"><i><a style=\"color: #000080;\" href=\"https:\/\/scholar.google.com\/citations?hl=ru&amp;user=xjQLXTgAAAAJ\" target=\"_blank\" rel=\"noopener noreferrer\">Google Scholar<\/a>;<\/i><\/span><i><\/i><\/li>\n<li><span style=\"color: #000080;\"><i><a style=\"color: #000080;\" href=\"https:\/\/www.researchgate.net\/profile\/Hanifa-Jafarli\" target=\"_blank\" rel=\"noopener noreferrer\">Research Gate<\/a>;<\/i><\/span><\/li>\n<li><span style=\"color: #000080;\"><i><a style=\"color: #000080;\" href=\"https:\/\/orcid.org\/0000-0002-8104-2426\" target=\"_blank\" rel=\"noopener noreferrer\">ORCID<\/a><\/i><\/span><\/li>\n<li><span style=\"color: #000080;\"><i><a style=\"color: #000080;\" href=\"https:\/\/publons.com\/researcher\/5256719\/hanifa-jafarli\/\" target=\"_blank\" rel=\"noopener noreferrer\">Publons<\/a><\/i><\/span><\/li>\n<li><span style=\"color: #000080;\"><i>Web of Science<\/i><\/span><\/li>\n<\/ul>\n<p><a class=\"fancybox-thumb\" href=\"https:\/\/unec.edu.az\/application\/uploads\/2017\/11\/DSC_8446.jpg\"><img decoding=\"async\" class=\"fancybox-margin alignnone wp-image-110295 \" title=\"Elmi m\u0259qal\u0259 m\u00fcsabiq\u0259sinin qalibl\u0259rini tan\u0131y\u0131n (10.11.2017)\" src=\"https:\/\/unec.edu.az\/application\/uploads\/2017\/11\/DSC_8446-236x180.jpg\" alt=\"DSC_8446\" width=\"187\" height=\"143\" \/><\/a><a class=\"fancybox-thumb\" href=\"https:\/\/unec.edu.az\/application\/uploads\/2015\/06\/hanifae85da9.jpg\"><img decoding=\"async\" class=\"fancybox-margin alignnone wp-image-125682 \" title=\"Q\u0259z\u0259nf\u0259r Abbasov - 80 (29.05.2018)\" src=\"https:\/\/unec.edu.az\/application\/uploads\/2015\/06\/hanifae85da9-236x180.jpg\" alt=\"hanifae85da9\" width=\"190\" height=\"145\" \/><\/a><a class=\"fancybox-thumb\" href=\"https:\/\/unec.edu.az\/application\/uploads\/2015\/06\/hanifa_6687.jpg\"><img loading=\"lazy\" decoding=\"async\" class=\"fancybox-margin alignnone wp-image-136712 \" title=\"UNEC-d\u0259 yeni sillabus \u0259sas\u0131nda t\u0259liml\u0259r ke\u00e7mi\u015f m\u00fc\u0259llim hey\u0259tin\u0259 sertifikatlar\u0131n verilm\u0259si  (22.01.2019)\" src=\"https:\/\/unec.edu.az\/application\/uploads\/2015\/06\/hanifa_6687-236x180.jpg\" alt=\"hanifa_6687\" width=\"187\" height=\"143\" \/><\/a><a class=\"fancybox-thumb\" href=\"https:\/\/unec.edu.az\/application\/uploads\/2015\/06\/hanifacqak4-11.jpg\"><img loading=\"lazy\" decoding=\"async\" class=\"fancybox-margin alignnone wp-image-153910 \" src=\"https:\/\/unec.edu.az\/application\/uploads\/2015\/06\/hanifacqak4-11-236x180.jpg\" alt=\"hanifacqak4-11\" width=\"188\" height=\"144\" \/><\/a><a class=\"fancybox-thumb\" href=\"https:\/\/unec.edu.az\/application\/uploads\/2015\/06\/hanifacqak4-1122.jpg\"><img loading=\"lazy\" decoding=\"async\" class=\"fancybox-margin alignnone wp-image-153911 \" src=\"https:\/\/unec.edu.az\/application\/uploads\/2015\/06\/hanifacqak4-1122-236x180.jpg\" alt=\"hanifacqak4-1122\" width=\"186\" height=\"142\" \/><\/a><\/p>\n<p><i><u>\u0417\u043d\u0430\u0447\u0435\u043d\u0438\u0435 \u00ab\u041c\u0435\u0441\u044f\u0446\u0430 \u043d\u0430\u0443\u043a\u0438\u00bb \u0432 \u043f\u0440\u0435\u043e\u0431\u0440\u0430\u0437\u043e\u0432\u0430\u043d\u0438\u0438 UNEC \u0432 \u00a0\u0443\u043d\u0438\u0432\u0435\u0440\u0441\u0438\u0442\u0435\u0442 \u00a0\u043d\u0430\u0443\u0447\u043d\u043e-\u0438\u0441\u0441\u043b\u0435\u0434\u043e\u0432\u0430\u0442\u0435\u043b\u044c\u0441\u043a\u043e\u0433\u043e \u00a0\u043f\u0440\u043e\u0444\u0438\u043b\u044f \u043d\u0435\u043e\u0441\u043f\u043e\u0440\u0438\u043c\u043e\u00a0<\/u><\/i><i>\u00a0(16.11.2017)<br \/>\n<u>\u0417\u043d\u0430\u043a\u043e\u043c\u044c\u0442\u0435\u0441\u044c \u0441 \u043f\u043e\u0431\u0435\u0434\u0438\u0442\u0435\u043b\u044f\u043c\u0438 \u043a\u043e\u043d\u043a\u0443\u0440\u0441\u0430 \u043d\u0430\u0443\u0447\u043d\u044b\u0445 \u0441\u0442\u0430\u0442\u0435\u0439\u00a0<\/u>\u00a0(10.11.2017)<\/i><\/p>\n<p>*<br \/>\n<i><u>\u0421\u043f\u0438\u0441\u043e\u043a \u043d\u0430\u0443\u0447\u043d\u044b\u0445 \u0440\u0430\u0431\u043e\u0442\u00a0<a href=\"https:\/\/unec.edu.az\/application\/uploads\/2024\/06\/CEFERLI-HENIFE-hiperlink.pdf\" target=\"_blank\" rel=\"noopener noreferrer\"> \u0441 \u0433\u0438\u043f\u0435\u0440\u0441\u0441\u044b\u043b\u043a\u043e\u0439)<\/a><\/u><\/i><br \/>\n<i><u>\u0421\u043f\u0438\u0441\u043e\u043a \u043d\u0430\u0443\u0447\u043d\u044b\u0445 \u0440\u0430\u0431\u043e\u0442<\/u>\u00a0\u00a0<\/i><\/p>\n","protected":false},"excerpt":{"rendered":"<p>\u0434\u043e\u0446\u0435\u043d\u0442 \u0414\u0436\u0430\u0444\u0430\u0440\u043b\u0438 \u0425\u0430\u043d\u0438\u0444\u0430 \u0410\u043b\u0433\u0443\u0441\u0435\u0439\u043d \u043e\u0433\u043b\u044b e-mail:\u00a0jafarlihanifa1967@gmail.com \u0442\u0435\u043b: (012) 539 94 38 \u0413\u043e\u0434 \u0440\u043e\u0436\u0434\u0435\u043d\u0438\u044f: 01.08.1967. \u041e\u0431\u0449\u0430\u044f \u0438\u043d\u0444\u043e\u0440\u043c\u0430\u0446\u0438\u044f: \u0421\u043b\u0443\u0436\u0431\u0430 \u0432 \u0440\u044f\u0434\u0430\u0445 \u0430\u0440\u043c\u0438\u0438: 1985-1987 \u0433\u043e\u0434\u044b. \u041f\u0430\u0440\u0442\u0438\u0439\u043d\u043e\u0441\u0442\u044c: \u043f\u0430\u0440\u0442\u0438\u044f \u00ab\u0415\u043d\u0438 \u0410\u0437\u0435\u0440\u0431\u0430\u0439\u0434\u0436\u0430\u043d\u00bb \u0417\u043d\u0430\u043d\u0438\u044f \u0432 \u043e\u0431\u043b\u0430\u0441\u0442\u0438 \u043f\u0440\u043e\u0433\u0440\u0430\u043c\u043c\u0438\u0440\u043e\u0432\u0430\u043d\u0438\u044f:\u00a0\u00a0Ms\u00a0Word;\u00a0Ms\u00a0Excel;\u00a0Ms\u00a0PowerPo\u0131nt. \u0416\u0435\u043d\u0430\u0442, \u0438\u043c\u0435\u0435\u0442 \u043f\u044f\u0442\u0435\u0440\u044b\u0445 \u0434\u0435\u0442\u0435\u0439. \u041e\u0431\u0440\u0430\u0437\u043e\u0432\u0430\u043d\u0438\u0435:\u00a0\u00a0\u00a0\u00a0\u00a0\u00a0\u00a0\u00a0\u00a0\u00a0\u00a0\u00a0\u00a0\u00a0\u00a0\u00a0\u00a0\u00a0\u00a0\u00a0\u00a0\u00a0\u00a0\u00a0\u00a0\u00a0\u00a0\u00a0\u00a0\u00a0\u00a0\u00a0\u00a0\u00a0\u00a0\u00a0\u00a0\u00a0\u00a0\u00a0\u00a0\u00a0\u00a0\u00a0\u00a0\u00a0\u00a0\u00a0\u00a0\u00a0\u00a0\u00a0\u00a0\u00a0\u00a0\u00a0\u00a0\u00a0\u00a0\u00a0\u00a0\u00a0\u00a0\u00a0\u00a0\u00a0\u00a0\u00a0\u00a0\u00a0\u00a0\u00a0\u00a0\u00a0\u00a0\u00a0\u00a0\u00a0\u00a0\u00a0\u00a0\u00a0\u00a0\u00a0\u00a0\u00a0\u00a0\u00a0\u00a0\u00a0\u00a0\u00a0\u00a0\u00a0\u00a0\u00a0\u00a0\u00a0\u00a0\u00a0\u00a0\u00a0\u00a0\u00a0\u00a0\u00a0\u00a0\u00a0\u00a0\u00a0\u00a0\u00a0\u00a0 1974-1984 \u0433\u043e\u0434\u044b \u2013 \u0441\u0440\u0435\u0434\u043d\u044f\u044f \u0448\u043a\u043e\u043b\u0430 \u0441\u0435\u043b\u0430 \u041a\u0430\u0440\u0440\u0430\u0440 \u041a\u044e\u0440\u0434\u0435\u043c\u0438\u0440\u0441\u043a\u043e\u0433\u043e \u0440\u0430\u0439\u043e\u043d\u0430. 1994 \u0433\u043e\u0434 \u2013 \u0410\u0437\u0435\u0440\u0431\u0430\u0439\u0434\u0436\u0430\u043d\u0441\u043a\u0438\u0439 \u0433\u043e\u0441\u0443\u0434\u0430\u0440\u0441\u0442\u0432\u0435\u043d\u043d\u044b\u0439 \u044d\u043a\u043e\u043d\u043e\u043c\u0438\u0447\u0435\u0441\u043a\u0438\u0439 \u0438\u043d\u0441\u0442\u0438\u0442\u0443\u0442. \u0421\u043f\u0435\u0446\u0438\u0430\u043b\u044c\u043d\u043e\u0441\u0442\u044c:\u00a0\u0411\u0443\u0445\u0433\u0430\u043b\u0442\u0435\u0440\u0441\u043a\u0438\u0439\u00a0\u0443\u0447\u0435\u0442,\u00a0\u043a\u043e\u043d\u0442\u0440\u043e\u043b\u044c\u00a0\u0438\u00a0\u0430\u043d\u0430\u043b\u0438\u0437\u00a0\u0445\u043e\u0437\u044f\u0439\u0441\u0442\u0432\u0435\u043d\u043d\u043e\u0439\u00a0\u0434\u0435\u044f\u0442\u0435\u043b\u044c\u043d\u043e\u0441\u0442\u0438.\u00a0 \u00a0 2007 \u0433\u043e\u0434 [&hellip;]<\/p>\n","protected":false},"author":10,"featured_media":0,"parent":0,"menu_order":0,"comment_status":"open","ping_status":"open","template":"","meta":{"footnotes":""},"class_list":["post-12536","page","type-page","status-publish","hentry"],"_links":{"self":[{"href":"http:\/\/unec.edu.az\/ru\/wp-json\/wp\/v2\/pages\/12536","targetHints":{"allow":["GET"]}}],"collection":[{"href":"http:\/\/unec.edu.az\/ru\/wp-json\/wp\/v2\/pages"}],"about":[{"href":"http:\/\/unec.edu.az\/ru\/wp-json\/wp\/v2\/types\/page"}],"author":[{"embeddable":true,"href":"http:\/\/unec.edu.az\/ru\/wp-json\/wp\/v2\/users\/10"}],"replies":[{"embeddable":true,"href":"http:\/\/unec.edu.az\/ru\/wp-json\/wp\/v2\/comments?post=12536"}],"version-history":[{"count":5,"href":"http:\/\/unec.edu.az\/ru\/wp-json\/wp\/v2\/pages\/12536\/revisions"}],"predecessor-version":[{"id":439767,"href":"http:\/\/unec.edu.az\/ru\/wp-json\/wp\/v2\/pages\/12536\/revisions\/439767"}],"wp:attachment":[{"href":"http:\/\/unec.edu.az\/ru\/wp-json\/wp\/v2\/media?parent=12536"}],"curies":[{"name":"wp","href":"https:\/\/api.w.org\/{rel}","templated":true}]}}