{"id":12679,"date":"2015-06-02T15:13:50","date_gmt":"2015-06-02T11:13:50","guid":{"rendered":"https:\/\/unec.edu.az\/prof-sekereliyev-arif-sekereli-oglu-2\/"},"modified":"2022-09-08T09:54:31","modified_gmt":"2022-09-08T05:54:31","slug":"prof-sekereliyev-arif-sekereli-oglu","status":"publish","type":"page","link":"http:\/\/unec.edu.az\/ru\/prof-sekereliyev-arif-sekereli-oglu\/","title":{"rendered":"\u041f\u0440\u043e\u0444. \u0428\u0430\u043a\u0435\u0440\u0430\u043b\u0438\u0435\u0432 \u0410\u0440\u0438\u0444 \u0428\u0430\u043a\u0435\u0440\u0430\u043b\u0438 \u043e\u0433\u043b\u044b"},"content":{"rendered":"<h4><a href=\"https:\/\/unec.edu.az\/application\/uploads\/2015\/06\/shekeraliyev_arif.jpg\"><img fetchpriority=\"high\" decoding=\"async\" class=\"alignleft wp-image-125998 size-medium\" title=\"left\" src=\"https:\/\/unec.edu.az\/application\/uploads\/2015\/06\/shekeraliyev_arif-300x200.jpg\" alt=\"shekeraliyev_arif\" width=\"300\" height=\"200\" srcset=\"http:\/\/unec.edu.az\/application\/uploads\/2015\/06\/shekeraliyev_arif-300x200.jpg 300w, http:\/\/unec.edu.az\/application\/uploads\/2015\/06\/shekeraliyev_arif.jpg 800w\" sizes=\"(max-width: 300px) 100vw, 300px\" \/><\/a><\/h4>\n<h4><span style=\"color: #800000;\"><span style=\"font-family: Arial;\">\u043f\u0440\u043e\u0444. \u0428\u0430\u043a\u0430\u0440\u0430\u043b\u0438\u0435\u0432 \u0410\u0440\u0438\u0444 \u0428\u0430\u043a\u0430\u0440\u0430\u043b\u0438 \u043e\u0433\u043b\u044b<\/span><\/span><\/h4>\n<p style=\"line-height: 15.75pt; margin: 0cm 0cm 12.0pt 0cm;\"><em><span style=\"color: #000000;\">E-mail:\u00a0a.shakaraliyev@unec.edu.az<\/span><\/em><\/p>\n<p style=\"text-align: justify;\">\u0420\u043e\u0434\u0438\u043b\u0441\u044f 21 \u043e\u043a\u0442\u044f\u0431\u0440\u044f\u00a01949 \u0433\u043e\u0434\u0430 \u0432 \u0441\u0435\u043b\u0435 \u041a\u0430\u0444\u0430\u043d \u0410\u0440\u043c\u0435\u043d\u0438\u0438. \u0412 1955-1966 \u0433\u043e\u0434\u044b \u043f\u043e\u043b\u0443\u0447\u0438\u043b \u043e\u0431\u0440\u0430\u0437\u043e\u0432\u0430\u043d\u0438\u0435\u00a0 \u0432 \u0441\u0440\u0435\u0434\u043d\u0435\u0439 \u0448\u043a\u043e\u043b\u0435. \u0412 1970 \u0433\u043e\u0434\u0443 \u043e\u043a\u043e\u043d\u0447\u0438\u043b\u00a0 \u0410\u0437\u0435\u0440\u0431\u0430\u0439\u0434\u0436\u0430\u043d\u0441\u043a\u0438\u0439 \u0438\u043d\u0441\u0442\u0438\u0442\u0443\u0442 \u043d\u0430\u0440\u043e\u0434\u043d\u043e\u0433\u043e \u0445\u043e\u0437\u044f\u0439\u0441\u0442\u0432\u0430 \u0438\u043c. \u0414.\u0411\u0443\u043d\u0438\u0430\u0442\u0437\u0430\u0434\u0435 (\u043d\u044b\u043d\u0435 \u0410\u0437\u0435\u0440\u0431\u0430\u0439\u0434\u0436\u0430\u043d\u0441\u043a\u0438\u0439 \u0433\u043e\u0441\u0443\u0434\u0430\u0440\u0441\u0442\u0432\u0435\u043d\u043d\u044b\u0439 \u044d\u043a\u043e\u043d\u043e\u043c\u0438\u0447\u0435\u0441\u043a\u0438\u0439 \u0443\u043d\u0438\u0432\u0435\u0440\u0441\u0438\u0442\u0435\u0442) \u0441 \u0434\u0438\u043f\u043b\u043e\u043c\u043e\u043c \u043e\u0442\u043b\u0438\u0447\u0438\u044f. \u0412 1971-1973 \u0433\u0433. \u043e\u043a\u043e\u043d\u0447\u0438\u043b \u043e\u0447\u043d\u043e\u0435 \u043e\u0442\u0434\u0435\u043b\u0435\u043d\u0438\u0435 \u0430\u0441\u043f\u0438\u0440\u0430\u043d\u0442\u0443\u0440\u044b \u0411\u0430\u043a\u0438\u043d\u0441\u043a\u043e\u0433\u043e \u0433\u043e\u0441\u0443\u0434\u0430\u0440\u0441\u0442\u0432\u0435\u043d\u043d\u043e\u0433\u043e \u0443\u043d\u0438\u0432\u0435\u0440\u0441\u0438\u0442\u0435\u0442\u0430, \u0438 \u0432 1976 \u0433\u043e\u0434\u0443 \u0437\u0430\u0449\u0438\u0442\u0438\u043b \u043a\u0430\u043d\u0434\u0438\u0434\u0430\u0442\u0441\u043a\u0443\u044e \u0434\u0438\u0441\u0441\u0435\u0440\u0442\u0430\u0446\u0438\u044e. \u0412 1991 \u0433\u043e\u0434\u0443\u00a0 \u0437\u0430\u0449\u0438\u0442\u0438\u043b \u0434\u043e\u043a\u0442\u043e\u0440\u0441\u043a\u0443\u044e \u0434\u0438\u0441\u0441\u0435\u0440\u0442\u0430\u0446\u0438\u044e \u0432 \u041b\u0435\u043d\u0438\u043d\u0433\u0440\u0430\u0434\u0441\u043a\u043e\u043c \u0443\u043d\u0438\u0432\u0435\u0440\u0441\u0438\u0442\u0435\u0442\u0435 \u044d\u043a\u043e\u043d\u043e\u043c\u0438\u043a\u0438 \u0438 \u0444\u0438\u043d\u0430\u043d\u0441\u043e\u0432,\u00a0 \u0441 1992 \u0433\u043e\u0434\u0430 \u2013 \u043f\u0440\u043e\u0444\u0435\u0441\u0441\u043e\u0440.<\/p>\n<p style=\"text-align: justify;\">\u0412 1970-1971 \u0433\u043e\u0434\u044b \u0440\u0430\u0431\u043e\u0442\u0430\u043b \u0441\u0442\u0430\u0440\u0448\u0438\u043c \u043b\u0430\u0431\u043e\u0440\u0430\u043d\u0442\u043e\u043c, \u0432 1971-1974 \u2013 \u043f\u0440\u0435\u043f\u043e\u0434\u0430\u0432\u0430\u0442\u0435\u043b\u0435\u043c, \u0432 1974-1978 \u0433\u043e\u0434\u044b \u2013 \u0441\u0442\u0430\u0440\u0448\u0438\u043c \u043f\u0440\u0435\u043f\u043e\u0434\u0430\u0432\u0430\u0442\u0435\u043b\u0435\u043c, \u0437\u0430\u043c\u0435\u0441\u0442\u0438\u0442\u0435\u043b\u0435\u043c \u0434\u0435\u043a\u0430\u043d\u0430,\u00a0 \u0432 1978-1982 \u0433\u043e\u0434\u044b \u2013 \u0434\u043e\u0446\u0435\u043d\u0442\u043e\u043c, \u0437\u0430\u0432\u0435\u0434\u0443\u044e\u0449\u0438\u043c \u043a\u0430\u0444\u0435\u0434\u0440\u043e\u0439, \u0432 1987-1990 \u0433\u043e\u0434\u044b \u2013 \u0434\u0435\u043a\u0430\u043d\u043e\u043c \u0432 \u0410\u0437\u0413\u041c\u0422\u0418,\u00a0 \u0432 2000-2006 \u0433\u043e\u0434\u044b\u2013 \u043f\u0440\u043e\u0440\u0435\u043a\u0442\u043e\u0440\u043e\u043c \u043f\u043e \u043d\u0430\u0443\u0447\u043d\u043e\u0439 \u0440\u0430\u0431\u043e\u0442\u0435 \u0410\u0413\u042d\u0423. \u0421 2001 \u0433\u043e\u0434\u0430 \u043f\u043e 2022 \u0433. \u0440\u0430\u0431\u043e\u0442\u0430\u043b \u0437\u0430\u0432\u0435\u0434\u0443\u044e\u0449\u0438\u043c \u043a\u0430\u0444\u0435\u0434\u0440\u043e\u0439 \u00ab\u041c\u0435\u0436\u0434\u0443\u043d\u0430\u0440\u043e\u0434\u043d\u0430\u044f \u0442\u043e\u0440\u0433\u043e\u0432\u043b\u044f \u0438 \u0442\u0430\u043c\u043e\u0436\u0435\u043d\u043d\u043e\u0435 \u0434\u0435\u043b\u043e\u00bb \u0410\u0413\u042d\u0423.<\/p>\n<p style=\"text-align: justify;\">\u042f\u0432\u043b\u044f\u0435\u0442\u0441\u044f \u0430\u0432\u0442\u043e\u0440\u043e\u043c \u0431\u043e\u043b\u0435\u0435 260 \u043d\u0430\u0443\u0447\u043d\u044b\u0445 \u0441\u0442\u0430\u0442\u0435\u0439, 65 \u043a\u043d\u0438\u0433, \u0443\u0447\u0435\u0431\u043d\u0438\u043a\u043e\u0432, \u0443\u0447\u0435\u0431\u043d\u044b\u0445 \u043f\u043e\u0441\u043e\u0431\u0438\u0439 \u0438 \u0443\u0447\u0435\u0431\u043d\u044b\u0445 \u043f\u0440\u043e\u0433\u0440\u0430\u043c\u043c, \u0431\u043e\u043b\u0435\u0435 500 \u0433\u0430\u0437\u0435\u0442\u043d\u044b\u0445 \u0438 \u043d\u0430\u0443\u0447\u043d\u043e-\u043f\u0443\u0431\u043b\u0438\u0446\u0438\u0441\u0442\u0438\u0447\u0435\u0441\u043a\u0438\u0445 \u0441\u0442\u0430\u0442\u0435\u0439.<\/p>\n<p>\u0412 2002 \u0433\u043e\u0434\u0443 \u0437\u0430 \u043d\u0430\u0443\u0447\u043d\u0443\u044e \u0434\u0435\u044f\u0442\u0435\u043b\u044c\u043d\u043e\u0441\u0442\u044c \u0432 A. \u0428\u0430\u043a\u0430\u0440\u0430\u043b\u0438\u0435\u0432\u0443 \u043f\u0440\u0438\u0441\u0443\u0436\u0434\u0435\u043d\u043e \u043f\u043e\u0447\u0435\u0442\u043d\u043e\u0435 \u0437\u0432\u0430\u043d\u0438\u0435\u00a0 \u201c\u0417\u0430\u0441\u043b\u0443\u0436\u0435\u043d\u043d\u044b\u0439 \u0434\u0435\u044f\u0442\u0435\u043b\u044c \u043d\u0430\u0443\u043a\u0438\u201d. \u042f\u0432\u043b\u044f\u0435\u0442\u0441\u044f \u0447\u043b\u0435\u043d\u043e\u043c \u041c\u0435\u0436\u0434\u0443\u043d\u0430\u0440\u043e\u0434\u043d\u043e\u0439 \u0410\u043a\u0430\u0434\u0435\u043c\u0438\u0438 \u043c\u0435\u043d\u0435\u0434\u0436\u043c\u0435\u043d\u0442\u0430, \u0443\u0434\u043e\u0441\u0442\u043e\u0435\u043d \u043f\u0440\u0435\u043c\u0438\u0438 \u0421\u041c\u0418 \u00a0\u201c\u0417\u043e\u043b\u043e\u0442\u043e\u0435 \u043f\u0435\u0440\u043e\u201d.<\/p>\n<p style=\"text-align: justify;\"><span style=\"color: #000000;\">\u0421\u043e\u0433\u043b\u0430\u0441\u043d\u043e \u0420\u0430\u0441\u043f\u043e\u0440\u044f\u0436\u0435\u043d\u0438\u044e \u041f\u0440\u0435\u0437\u0438\u0434\u0435\u043d\u0442\u0430 \u0410\u0437\u0435\u0440\u0431\u0430\u0439\u0434\u0436\u0430\u043d\u0441\u043a\u043e\u0439 \u0420\u0435\u0441\u043f\u0443\u0431\u043b\u0438\u043a\u0438 \u00a0\u043e\u0442 24 \u0441\u0435\u043d\u0442\u044f\u0431\u0440\u044f 2020 \u0433\u043e\u0434\u0430 \u043f\u043e \u0441\u043b\u0443\u0447\u0430\u044e 90-\u043b\u0435\u0442\u0438\u044f \u0410\u0437\u0435\u0440\u0431\u0430\u0439\u0434\u0436\u0430\u043d\u0441\u043a\u043e\u0433\u043e \u0433\u043e\u0441\u0443\u0434\u0430\u0440\u0441\u0442\u0432\u0435\u043d\u043d\u043e\u0433\u043e \u044d\u043a\u043e\u043d\u043e\u043c\u0438\u0447\u0435\u0441\u043a\u043e\u0433\u043e \u0443\u043d\u0438\u0432\u0435\u0440\u0441\u0438\u0442\u0435\u0442\u0430 \u0438 \u0437\u0430 \u0437\u0430\u0441\u043b\u0443\u0433\u0438 \u0432 \u0440\u0430\u0437\u0432\u0438\u0442\u0438\u0438 \u043e\u0431\u0440\u0430\u0437\u043e\u0432\u0430\u043d\u0438\u044f \u0432 \u0410\u0437\u0435\u0440\u0431\u0430\u0439\u0434\u0436\u0430\u043d\u0435 \u043d\u0430\u0433\u0440\u0430\u0436\u0434\u0435\u043d \u043e\u0440\u0434\u0435\u043d\u043e\u043c \u0421\u043b\u0430\u0432\u044b.<\/span><\/p>\n<p>&nbsp;<\/p>\n<p><span style=\"color: #000080;\"><strong><em>\u00a0<a style=\"color: #000080;\" href=\"https:\/\/unec.edu.az\/application\/uploads\/2015\/06\/Arif_Shekeraliyev_elmi_eserler_1-8.pdf\">\u0421\u041f\u0418\u0421\u041e\u041a \u00a0\u041d\u0410\u0423\u0427\u041d\u042b\u0425 \u00a0\u0420\u0410\u0411\u041e\u0422<\/a><\/em><\/strong><\/span><\/p>\n<p><a class=\"fancybox-thumb\" href=\"https:\/\/unec.edu.az\/application\/uploads\/2021\/06\/TAG_4228.jpg\" rel=\"fancybox-thumb\"><img decoding=\"async\" class=\"fancybox-margin alignnone wp-image-163943 size-thumbnail\" src=\"https:\/\/unec.edu.az\/application\/uploads\/2021\/06\/TAG_4228-150x150.jpg\" alt=\"TAG_4228\" width=\"150\" height=\"150\" \/><\/a><a class=\"fancybox-thumb\" href=\"https:\/\/unec.edu.az\/application\/uploads\/2016\/02\/DSC_4821.jpg\" rel=\"fancybox-thumb\"><img decoding=\"async\" class=\"fancybox-margin  alignnone wp-image-40931 size-thumbnail\" src=\"https:\/\/unec.edu.az\/application\/uploads\/2016\/02\/DSC_4821-150x150.jpg\" alt=\"DSC_4821\" width=\"150\" height=\"150\" \/><\/a><a class=\"fancybox-thumb\" href=\"https:\/\/unec.edu.az\/application\/uploads\/2016\/10\/DSC00042.jpg\" rel=\"fancybox-thumb\"><img loading=\"lazy\" decoding=\"async\" class=\"fancybox-margin  alignnone wp-image-67320 size-thumbnail\" src=\"https:\/\/unec.edu.az\/application\/uploads\/2016\/10\/DSC00042-150x150.jpg\" alt=\"???????????????????????????????\" width=\"150\" height=\"150\" \/><\/a><a class=\"fancybox-thumb\" href=\"https:\/\/unec.edu.az\/application\/uploads\/2017\/10\/radio_7108.jpg\" rel=\"fancybox-thumb\"><img loading=\"lazy\" decoding=\"async\" class=\"fancybox-margin alignnone wp-image-106790 size-thumbnail\" title=\"\u0130xrac potensial\u0131n\u0131n art\u0131r\u0131lmas\u0131 d\u00f6vl\u0259t siyas\u0259tin\u0259 UNEC-d\u0259n d\u0259st\u0259k (18.10.2017)\" src=\"https:\/\/unec.edu.az\/application\/uploads\/2017\/10\/radio_7108-150x150.jpg\" alt=\"radio_7108\" width=\"150\" height=\"150\" \/><\/a><a class=\"fancybox-thumb\" href=\"https:\/\/unec.edu.az\/application\/uploads\/2016\/03\/DSC_6587.jpg\" rel=\"fancybox-thumb\"><img loading=\"lazy\" decoding=\"async\" class=\"fancybox-margin  alignnone wp-image-45684 size-thumbnail\" src=\"https:\/\/unec.edu.az\/application\/uploads\/2016\/03\/DSC_6587-150x150.jpg\" alt=\"DSC_6587\" width=\"150\" height=\"150\" \/><\/a><a class=\"fancybox-thumb\" href=\"https:\/\/unec.edu.az\/application\/uploads\/2015\/06\/arif33ok.jpg\" rel=\"fancybox-thumb\"><img loading=\"lazy\" decoding=\"async\" class=\"fancybox-margin  alignnone wp-image-99439 size-thumbnail\" title=\"\u015e\u0259rh: ixrac strukturunun \u015fax\u0259l\u0259ndirilm\u0259sinin \u0259sas istiqam\u0259tl\u0259ri v\u0259 perspektivl\u0259ri (AZ\u018fRTAC - 20.06.2017)\" src=\"https:\/\/unec.edu.az\/application\/uploads\/2015\/06\/arif33ok-150x150.jpg\" alt=\"arif33\u043e\u043a\" width=\"150\" height=\"150\" \/><\/a><\/p>\n<p>&nbsp;<\/p>\n<p><span style=\"color: #000000;\"><em>\u00a0<a style=\"color: #000000;\" href=\"https:\/\/unec.edu.az\/ru\/heyder-eliyevin-hakimiyyet-dovru-esre-beraber-10-il\/\">\u00ab\u041f\u0435\u0440\u0438\u043e\u0434 \u043f\u0440\u0430\u0432\u043b\u0435\u043d\u0438\u044f \u0413\u0435\u0439\u0434\u0430\u0440\u0430 \u0410\u043b\u0438\u0435\u0432\u0430: 10 \u043b\u0435\u0442 \u0440\u0430\u0432\u043d\u044b\u0435 \u0432\u0435\u043a\u0443\u00bb <\/a>(03.05.2017)<\/em><\/span><br \/>\n<span style=\"color: #000000;\"><em><a style=\"color: #000000;\" href=\"https:\/\/unec.edu.az\/ru\/ictimai-muzakirelerde-unec-ekspertleri-fealliq-numayis-etdirir\/\">\u0412 \u043e\u0431\u0449\u0435\u0441\u0442\u0432\u0435\u043d\u043d\u044b\u0445 \u043e\u0431\u0441\u0443\u0436\u0434\u0435\u043d\u0438\u044f\u0445 \u044d\u043a\u0441\u043f\u0435\u0440\u0442\u044b UNEC \u043f\u0440\u043e\u044f\u0432\u043b\u044f\u044e\u0442 \u0430\u043a\u0442\u0438\u0432\u043d\u043e\u0441\u0442\u044c<\/a>\u00a0(24.04.2017)<\/em><\/span><br \/>\n<span style=\"color: #000000;\"><em><a style=\"color: #000000;\" href=\"https:\/\/unec.edu.az\/ru\/unec-de-elmi-seminar-azerbaycan-iqtisadiyyati-son-bir-ilde\/\">\u041d\u0430\u0443\u0447\u043d\u044b\u0439 \u0441\u0435\u043c\u0438\u043d\u0430\u0440 \u0432 UNEC: \u201c\u042d\u043a\u043e\u043d\u043e\u043c\u0438\u043a\u0430 \u0410\u0437\u0435\u0440\u0431\u0430\u0439\u0434\u0436\u0430\u043d\u0430 \u0437\u0430 \u043f\u043e\u0441\u043b\u0435\u0434\u043d\u0438\u0439 \u0433\u043e\u0434\u00bb<\/a>\u00a0(01.27.2017)<\/em><\/span><br \/>\n<span style=\"color: #000000;\"><em><a style=\"color: #000000;\" href=\"https:\/\/unec.edu.az\/ru\/logistika-ve-ticaretin-inkisafina-dair-strateji-yol-xeritesi-ne-dair-muzakireler-kecirildi\/\">\u0412 UNEC \u0441\u043e\u0441\u0442\u043e\u044f\u043b\u0441\u044f \u0441\u0435\u043c\u0438\u043d\u0430\u0440 \u043d\u0430 \u0442\u0435\u043c\u0443 \u00ab\u0421\u0442\u0440\u0430\u0442\u0435\u0433\u0438\u0447\u0435\u0441\u043a\u0430\u044f \u0434\u043e\u0440\u043e\u0436\u043d\u0430\u044f \u043a\u0430\u0440\u0442\u0430 \u043e\u0442\u043d\u043e\u0441\u0438\u0442\u0435\u043b\u044c\u043d\u043e \u0440\u0430\u0437\u0432\u0438\u0442\u0438\u044f \u043b\u043e\u0433\u0438\u0441\u0442\u0438\u043a\u0438 \u0438 \u0442\u043e\u0440\u0433\u043e\u0432\u043b\u0438\u00bb <\/a>(01.24.2017)<\/em><\/span><br \/>\n<span style=\"color: #000000;\"><em><a style=\"color: #000000;\" href=\"https:\/\/unec.edu.az\/ru\/unec-de-gorkemli-alim-aqil-eliyevin-90-illik-yubileyi-qeyd-edilib\/\">\u0412 UNEC \u043e\u0442\u043c\u0435\u0442\u0438\u043b\u0438 90-\u043b\u0435\u0442\u0438\u0435 \u0432\u044b\u0434\u0430\u044e\u0449\u0435\u0433\u043e\u0441\u044f \u0443\u0447\u0435\u043d\u043e\u0433\u043e \u0410\u0433\u0438\u043b\u044f \u0410\u043b\u0438\u0435\u0432\u0430<\/a>\u00a0(27.12.2016)<\/em><\/span><\/p>\n<p>&nbsp;<\/p>\n<p><span style=\"color: #000000;\"><em><a style=\"color: #000000;\" href=\"https:\/\/unec.edu.az\/ru\/ictimai-muzakirelerde-unec-ekspertleri-fealliq-numayis-etdirir\/\">\u0412 \u043e\u0431\u0449\u0435\u0441\u0442\u0432\u0435\u043d\u043d\u044b\u0445 \u043e\u0431\u0441\u0443\u0436\u0434\u0435\u043d\u0438\u044f\u0445 \u044d\u043a\u0441\u043f\u0435\u0440\u0442\u044b UNEC \u043f\u0440\u043e\u044f\u0432\u043b\u044f\u044e\u0442 \u0430\u043a\u0442\u0438\u0432\u043d\u043e\u0441\u0442\u044c\u00a0<\/a>(24.04.2017 \u2013 V\u0130DEO)<\/em><\/span><\/p>\n<p><iframe src=\"https:\/\/www.youtube.com\/embed\/pIeo58F1Gnw\" width=\"425\" height=\"239\" frameborder=\"0\" allowfullscreen=\"allowfullscreen\"><\/iframe><\/p>\n","protected":false},"excerpt":{"rendered":"<p>\u043f\u0440\u043e\u0444. \u0428\u0430\u043a\u0430\u0440\u0430\u043b\u0438\u0435\u0432 \u0410\u0440\u0438\u0444 \u0428\u0430\u043a\u0430\u0440\u0430\u043b\u0438 \u043e\u0433\u043b\u044b E-mail:\u00a0a.shakaraliyev@unec.edu.az \u0420\u043e\u0434\u0438\u043b\u0441\u044f 21 \u043e\u043a\u0442\u044f\u0431\u0440\u044f\u00a01949 \u0433\u043e\u0434\u0430 \u0432 \u0441\u0435\u043b\u0435 \u041a\u0430\u0444\u0430\u043d \u0410\u0440\u043c\u0435\u043d\u0438\u0438. \u0412 1955-1966 \u0433\u043e\u0434\u044b \u043f\u043e\u043b\u0443\u0447\u0438\u043b \u043e\u0431\u0440\u0430\u0437\u043e\u0432\u0430\u043d\u0438\u0435\u00a0 \u0432 \u0441\u0440\u0435\u0434\u043d\u0435\u0439 \u0448\u043a\u043e\u043b\u0435. \u0412 1970 \u0433\u043e\u0434\u0443 \u043e\u043a\u043e\u043d\u0447\u0438\u043b\u00a0 \u0410\u0437\u0435\u0440\u0431\u0430\u0439\u0434\u0436\u0430\u043d\u0441\u043a\u0438\u0439 \u0438\u043d\u0441\u0442\u0438\u0442\u0443\u0442 \u043d\u0430\u0440\u043e\u0434\u043d\u043e\u0433\u043e \u0445\u043e\u0437\u044f\u0439\u0441\u0442\u0432\u0430 \u0438\u043c. \u0414.\u0411\u0443\u043d\u0438\u0430\u0442\u0437\u0430\u0434\u0435 (\u043d\u044b\u043d\u0435 \u0410\u0437\u0435\u0440\u0431\u0430\u0439\u0434\u0436\u0430\u043d\u0441\u043a\u0438\u0439 \u0433\u043e\u0441\u0443\u0434\u0430\u0440\u0441\u0442\u0432\u0435\u043d\u043d\u044b\u0439 \u044d\u043a\u043e\u043d\u043e\u043c\u0438\u0447\u0435\u0441\u043a\u0438\u0439 \u0443\u043d\u0438\u0432\u0435\u0440\u0441\u0438\u0442\u0435\u0442) \u0441 \u0434\u0438\u043f\u043b\u043e\u043c\u043e\u043c \u043e\u0442\u043b\u0438\u0447\u0438\u044f. \u0412 1971-1973 \u0433\u0433. \u043e\u043a\u043e\u043d\u0447\u0438\u043b \u043e\u0447\u043d\u043e\u0435 \u043e\u0442\u0434\u0435\u043b\u0435\u043d\u0438\u0435 \u0430\u0441\u043f\u0438\u0440\u0430\u043d\u0442\u0443\u0440\u044b \u0411\u0430\u043a\u0438\u043d\u0441\u043a\u043e\u0433\u043e \u0433\u043e\u0441\u0443\u0434\u0430\u0440\u0441\u0442\u0432\u0435\u043d\u043d\u043e\u0433\u043e \u0443\u043d\u0438\u0432\u0435\u0440\u0441\u0438\u0442\u0435\u0442\u0430, \u0438 \u0432 1976 \u0433\u043e\u0434\u0443 \u0437\u0430\u0449\u0438\u0442\u0438\u043b [&hellip;]<\/p>\n","protected":false},"author":10,"featured_media":0,"parent":0,"menu_order":0,"comment_status":"open","ping_status":"open","template":"","meta":{"footnotes":""},"class_list":["post-12679","page","type-page","status-publish","hentry"],"_links":{"self":[{"href":"http:\/\/unec.edu.az\/ru\/wp-json\/wp\/v2\/pages\/12679","targetHints":{"allow":["GET"]}}],"collection":[{"href":"http:\/\/unec.edu.az\/ru\/wp-json\/wp\/v2\/pages"}],"about":[{"href":"http:\/\/unec.edu.az\/ru\/wp-json\/wp\/v2\/types\/page"}],"author":[{"embeddable":true,"href":"http:\/\/unec.edu.az\/ru\/wp-json\/wp\/v2\/users\/10"}],"replies":[{"embeddable":true,"href":"http:\/\/unec.edu.az\/ru\/wp-json\/wp\/v2\/comments?post=12679"}],"version-history":[{"count":20,"href":"http:\/\/unec.edu.az\/ru\/wp-json\/wp\/v2\/pages\/12679\/revisions"}],"predecessor-version":[{"id":179737,"href":"http:\/\/unec.edu.az\/ru\/wp-json\/wp\/v2\/pages\/12679\/revisions\/179737"}],"wp:attachment":[{"href":"http:\/\/unec.edu.az\/ru\/wp-json\/wp\/v2\/media?parent=12679"}],"curies":[{"name":"wp","href":"https:\/\/api.w.org\/{rel}","templated":true}]}}