{"id":12834,"date":"2015-06-02T15:41:13","date_gmt":"2015-06-02T11:41:13","guid":{"rendered":"https:\/\/unec.edu.az\/dosent-eliyev-mehemmed-elekber-oglu-2\/"},"modified":"2024-09-04T15:00:47","modified_gmt":"2024-09-04T11:00:47","slug":"dosent-eliyev-mehemmed-elekber-oglu","status":"publish","type":"page","link":"http:\/\/unec.edu.az\/ru\/dosent-eliyev-mehemmed-elekber-oglu\/","title":{"rendered":"\u0434\u043e\u0446\u0435\u043d\u0442 \u0410\u043b\u0438\u0435\u0432 \u041c\u0430\u0433\u043e\u043c\u0435\u0434 \u0410\u043b\u0435\u043a\u043f\u0435\u0440 \u043e\u0433\u043b\u044b"},"content":{"rendered":"<h4><a href=\"https:\/\/unec.edu.az\/application\/uploads\/2015\/06\/mahammad6443418947961608149_n.jpg\"><img decoding=\"async\" class=\"alignleft wp-image-180251 \" title=\"left\" src=\"https:\/\/unec.edu.az\/application\/uploads\/2015\/06\/mahammad6443418947961608149_n-300x249.jpg\" alt=\"mahammad6443418947961608149_n\" width=\"239\" height=\"198\" srcset=\"http:\/\/unec.edu.az\/application\/uploads\/2015\/06\/mahammad6443418947961608149_n-300x249.jpg 300w, http:\/\/unec.edu.az\/application\/uploads\/2015\/06\/mahammad6443418947961608149_n.jpg 641w\" sizes=\"(max-width: 239px) 100vw, 239px\" \/><\/a><\/h4>\n<h4><span style=\"color: #800000;\"><em>\u0417\u0430\u0432\u0435\u0434\u0443\u044e\u0449\u0438\u0439 \u043a\u0430\u0444\u0435\u0434\u0440\u043e\u0439\u00a0&#171;\u0411\u0438\u0437\u043d\u0435\u0441 \u0438 \u043b\u043e\u0433\u0438\u0441\u0442\u0438\u043a\u0430&#187;<br \/>\n<\/em><em>\u0434\u043e\u0446\u0435\u043d\u0442 \u0410\u043b\u0438\u0435\u0432 \u041c\u0430\u0433\u0430\u043c\u0435\u0434 \u0410\u043b\u0435\u043a\u0431\u0435\u0440 \u043e\u0433\u043b\u044b<\/em><\/span><\/h4>\n<h4><span style=\"color: #000080;\"><em>e-mail: m.aliyev@unec.edu.az<\/em><\/span><\/h4>\n<p style=\"text-align: justify;\">\u0420\u043e\u0434\u0438\u043b\u0441\u044f 4 \u0441\u0435\u043d\u0442\u044f\u0431\u0440\u044f \u00a01955-\u0433\u043e \u0433\u043e\u0434\u0430 \u0432 \u0441\u0435\u043b\u0435 \u0413\u0438\u0432\u0440\u0430\u0433 \u0428\u0430\u0440\u0443\u0440\u0441\u043a\u043e\u0433\u043e \u0440\u0430\u0439\u043e\u043d\u0430 \u041d\u0430\u0445\u0438\u0447\u0435\u0432\u0430\u043d\u0441\u043a\u043e\u0439 \u0410\u0432\u0442\u043e\u043d\u043e\u043c\u043d\u043e\u0439 \u0420\u0435\u0441\u043f\u0443\u0431\u043b\u0438\u043a\u0438.<\/p>\n<p><strong>\u041e\u0431\u0440\u0430\u0437\u043e\u0432\u0430\u043d\u0438\u0435:<\/strong><\/p>\n<p>1962-1972 \u2013 \u041d\u0430\u0445\u0438\u0447\u0435\u0432\u0430\u043d\u0441\u043a\u0430\u044f \u0410\u0432\u0442\u043e\u043d\u043e\u043c\u043d\u0430\u044f \u0420\u0435\u0441\u043f\u0443\u0431\u043b\u0438\u043a\u0430, \u0441\u0440\u0435\u0434\u043d\u044f\u044f \u0448\u043a\u043e\u043b\u0430 \u0432 \u0441\u0435\u043b\u0435 \u0413\u0438\u0432\u0440\u0430\u0433;<br \/>\n1976-1980 \u2013\u0410\u0437\u0435\u0440\u0431\u0430\u0439\u0434\u0436\u0430\u043d\u0441\u043a\u0438\u0439 \u0438\u043d\u0441\u0442\u0438\u0442\u0443\u0442 \u043d\u0430\u0440\u043e\u0434\u043d\u043e\u0433\u043e \u0445\u043e\u0437\u044f\u0439\u0441\u0442\u0432\u0430 \u0438\u043c.\u0414.\u0411\u0443\u043d\u0438\u0430\u0442\u0437\u0430\u0434\u0435 (\u0441\u0435\u0439\u0447\u0430\u0441 UNEC);<br \/>\n2005 \u2013\u0414\u043e\u043a\u0442\u043e\u0440 \u0444\u0438\u043b\u043e\u0441\u043e\u0444\u0438\u0438 \u043f\u043e \u044d\u043a\u043e\u043d\u043e\u043c\u0438\u043a\u0435;<br \/>\n2008 \u2013\u0414\u043e\u0446\u0435\u043d\u0442.<\/p>\n<p><strong>\u0422\u0440\u0443\u0434\u043e\u0432\u0430\u044f \u0434\u0435\u044f\u0442\u0435\u043b\u044c\u043d\u043e\u0441\u0442\u044c:<\/strong><\/p>\n<p>1972-1973 \u2013\u00a0\u0428\u0430\u0440\u0443\u0440\u0441\u043a\u0438\u0439 \u0440\u0430\u0439\u043e\u043d, \u0441\u043e\u0432\u0445\u043e\u0437 \u0438\u043c.\u041d\u0430\u0440\u0438\u043c\u0430\u043d\u043e\u0432\u0430, \u0440\u0430\u0431\u043e\u0447\u0438\u0439;<br \/>\n1980-2001 \u2013\u00a0\u041d\u0430 \u043f\u0440\u0435\u0434\u043f\u0440\u0438\u044f\u0442\u0438\u044f\u0445 \u041c\u0438\u043d\u0438\u0441\u0442\u0435\u0440\u0441\u0442\u0432\u0430 \u043d\u0435\u0444\u0442\u0435\u043f\u0435\u0440\u0435\u0440\u0430\u0431\u0430\u0442\u044b\u0432\u0430\u044e\u0449\u0435\u0439 \u0438 \u043d\u0435\u0444\u0442\u0435\u0445\u0438\u043c\u0438\u0447\u0435\u0441\u043a\u043e\u0439 \u043f\u0440\u043e\u043c\u044b\u0448\u043b\u0435\u043d\u043d\u043e\u0441\u0442\u0438, \u044d\u043a\u043e\u043d\u043e\u043c\u0438\u0441\u0442, \u0433\u043b\u0430\u0432\u043d\u044b\u0439 \u044d\u043a\u043e\u043d\u043e\u043c\u0438\u0441\u0442, \u043d\u0430\u0447\u0430\u043b\u044c\u043d\u0438\u043a \u0446\u0435\u0445\u0430, \u0433\u043b\u0430\u0432\u043d\u044b\u0439 \u0438\u043d\u0436\u0435\u043d\u0435\u0440, \u0437\u0430\u043c\u0435\u0441\u0442\u0438\u0442\u0435\u043b\u044c \u0434\u0438\u0440\u0435\u043a\u0442\u043e\u0440\u0430, \u043f\u0440\u0435\u0434\u0441\u0435\u0434\u0430\u0442\u0435\u043b\u044c \u043a\u043e\u043c\u0438\u0442\u0435\u0442\u0430 \u043f\u0440\u043e\u0444\u0441\u043e\u044e\u0437\u043e\u0432 \u0438 \u0434\u0438\u0440\u0435\u043a\u0442\u043e\u0440;<br \/>\n2006-2011 \u2013 \u0417\u0430\u043c\u0435\u0441\u0442\u0438\u0442\u0435\u043b\u044c \u0434\u0435\u043a\u0430\u043d\u0430;<br \/>\n2011-2012 \u2013\u0437\u0430\u0432\u0435\u0434\u0443\u044e\u0449\u0438\u0439 \u043a\u0430\u0444\u0435\u0434\u0440\u043e\u0439.<\/p>\n<p id=\"tw-target-text\" class=\"tw-data-text tw-text-large tw-ta\" dir=\"ltr\" data-placeholder=\"\u041f\u0435\u0440\u0435\u0432\u043e\u0434\"><span class=\"Y2IQFc\" lang=\"ru\">\u0412 \u043d\u0430\u0441\u0442\u043e\u044f\u0449\u0435\u0435 \u0432\u0440\u0435\u043c\u044f \u043e\u043d \u044f\u0432\u043b\u044f\u0435\u0442\u0441\u044f\u00a0\u0437\u0430\u0432\u0435\u0434\u0443\u044e\u0449\u0438\u043c \u043a\u0430\u0444\u0435\u0434\u0440\u043e\u0439 \u00ab\u0411\u0438\u0437\u043d\u0435\u0441 \u0438 \u043b\u043e\u0433\u0438\u0441\u0442\u0438\u043a\u0430\u00bb UNEC (\u0440\u0430\u043d\u0435\u0435 \u00ab\u0423\u043f\u0440\u0430\u0432\u043b\u0435\u043d\u0438\u0435 \u0431\u0438\u0437\u043d\u0435\u0441\u043e\u043c\u00bb).<\/span><\/p>\n<p style=\"text-align: justify;\">\u041e\u043d \u044f\u0432\u043b\u044f\u0435\u0442\u0441\u044f \u0430\u0432\u0442\u043e\u0440\u043e\u043c 15 \u043d\u0430\u0443\u0447\u043d\u044b\u0445 \u0441\u0442\u0430\u0442\u0435\u0439 \u043f\u043e \u0441\u0442\u0440\u0430\u0442\u0435\u0433\u0438\u0447\u0435\u0441\u043a\u0438\u043c \u043f\u0440\u043e\u0431\u043b\u0435\u043c\u0430\u043c \u043f\u043e\u0441\u0442\u0430\u0432\u043a\u0438 \u0430\u0437\u0435\u0440\u0431\u0430\u0439\u0434\u0436\u0430\u043d\u0441\u043a\u043e\u0439 \u043d\u0435\u0444\u0442\u0438 \u043d\u0430 \u043c\u0438\u0440\u043e\u0432\u044b\u0435 \u0440\u044b\u043d\u043a\u0438, 1 \u043c\u043e\u043d\u043e\u0433\u0440\u0430\u0444\u0438\u0438, 1 \u0443\u0447\u0435\u0431\u043d\u0438\u043a\u0430, 1 \u0443\u0447\u0435\u0431\u043d\u043e\u0433\u043e \u043f\u043e\u0441\u043e\u0431\u0438\u044f.<\/p>\n<p>\u0416\u0435\u043d\u0430\u0442\u044b\u0439, \u0438\u043c\u0435\u0435\u0442 3 \u0434\u0435\u0442\u0435\u0439 \u0438 \u0434\u0432\u0443\u0445 \u0432\u043d\u0443\u043a\u043e\u0432.<\/p>\n<p style=\"text-align: justify;\">\u0421\u043e\u0433\u043b\u0430\u0441\u043d\u043e \u0440\u0430\u0441\u043f\u043e\u0440\u044f\u0436\u0435\u043d\u0438\u044e \u041f\u0440\u0435\u0437\u0438\u0434\u0435\u043d\u0442\u0430 \u0410\u0437\u0435\u0440\u0431\u0430\u0439\u0434\u0436\u0430\u043d\u0441\u043a\u043e\u0439 \u0420\u0435\u0441\u043f\u0443\u0431\u043b\u0438\u043a\u0438 \u043e\u0442 \u00a024 \u0441\u0435\u043d\u0442\u044f\u0431\u0440\u044f \u00a02020 \u0433\u043e\u0434\u0430 \u043f\u043e \u0441\u043b\u0443\u0447\u0430\u044e 90-\u043b\u0435\u0442\u0438\u044f \u0410\u0437\u0435\u0440\u0431\u0430\u0439\u0434\u0436\u0430\u043d\u0441\u043a\u043e\u0433\u043e \u0433\u043e\u0441\u0443\u0434\u0430\u0440\u0441\u0442\u0432\u0435\u043d\u043d\u043e\u0433\u043e \u044d\u043a\u043e\u043d\u043e\u043c\u0438\u0447\u0435\u0441\u043a\u043e\u0433\u043e \u0443\u043d\u0438\u0432\u0435\u0440\u0441\u0438\u0442\u0435\u0442\u0430 \u0438 \u0437\u0430 \u0437\u0430\u0441\u043b\u0443\u0433\u0438 \u0432 \u00a0\u0440\u0430\u0437\u0432\u0438\u0442\u0438\u0438 \u043e\u0431\u0440\u0430\u0437\u043e\u0432\u0430\u043d\u0438\u044f \u0432 \u0410\u0437\u0435\u0440\u0431\u0430\u0439\u0434\u0436\u0430\u043d\u0435 \u0443\u0434\u043e\u0441\u0442\u043e\u0435\u043d \u043f\u043e\u0447\u0435\u0442\u043d\u043e\u0433\u043e \u0437\u0432\u0430\u043d\u0438\u044f \u00ab\u0417\u0430\u0441\u043b\u0443\u0436\u0435\u043d\u043d\u044b\u0439 \u0443\u0447\u0438\u0442\u0435\u043b\u044c\u00bb.<\/p>\n<p style=\"text-align: justify;\"><em><a style=\"color: #000080;\" href=\"https:\/\/unec.edu.az\/application\/uploads\/2015\/06\/Mahammad-Aliyev.pdf\">\u0421\u041f\u0418\u0421\u041e\u041a \u041d\u0410\u0423\u0427\u041d\u042b\u0425 \u0422\u0420\u0423\u0414\u041e\u0412<\/a><\/em><\/p>\n<p><a class=\"fancybox-thumb\" href=\"https:\/\/unec.edu.az\/application\/uploads\/2015\/06\/mahammad_4927.jpg\" rel=\"fancybox-thumb\"><img decoding=\"async\" class=\"fancybox-margin alignnone wp-image-135205 size-thumbnail\" title=\"UNEC-d\u0259 Elmi \u015euran\u0131n n\u00f6vb\u0259ti iclas\u0131 ke\u00e7irilib (07.12.2018)\" src=\"https:\/\/unec.edu.az\/application\/uploads\/2015\/06\/mahammad_4927-150x150.jpg\" alt=\"mahammad_4927\" width=\"150\" height=\"150\" \/><\/a><a class=\"fancybox-thumb\" href=\"https:\/\/unec.edu.az\/application\/uploads\/2017\/02\/turk_00061.jpg\" rel=\"fancybox-thumb\"><img decoding=\"async\" class=\"fancybox-margin alignnone wp-image-84259 size-thumbnail\" title=\"T\u00fcrkiye- Azerbaycan \u0130li\u015fkilerine Akademi Deste\u011fi (13.02.2017)\" src=\"https:\/\/unec.edu.az\/application\/uploads\/2017\/02\/turk_00061-150x150.jpg\" alt=\"turk_0006(1)\" width=\"150\" height=\"150\" \/><\/a><a class=\"fancybox-thumb\" href=\"https:\/\/unec.edu.az\/application\/uploads\/2016\/10\/DSC00009.jpg\" rel=\"fancybox-thumb\"><img loading=\"lazy\" decoding=\"async\" class=\"fancybox-margin  alignnone wp-image-66517 size-thumbnail\" src=\"https:\/\/unec.edu.az\/application\/uploads\/2016\/10\/DSC00009-150x150.jpg\" alt=\"???????????????????????????????\" width=\"150\" height=\"150\" \/><\/a><a class=\"fancybox-thumb\" href=\"https:\/\/unec.edu.az\/application\/uploads\/2015\/06\/mahh85.jpg\" rel=\"fancybox-thumb\"><img loading=\"lazy\" decoding=\"async\" class=\"fancybox-margin alignnone wp-image-67458 size-thumbnail\" src=\"https:\/\/unec.edu.az\/application\/uploads\/2015\/06\/mahh85-150x150.jpg\" alt=\"???????????????????????????????\" width=\"150\" height=\"150\" \/><\/a><a class=\"fancybox-thumb\" href=\"https:\/\/unec.edu.az\/application\/uploads\/2015\/06\/mahh081.jpg\" rel=\"fancybox-thumb\"><img loading=\"lazy\" decoding=\"async\" class=\"fancybox-margin alignnone wp-image-67459 size-thumbnail\" src=\"https:\/\/unec.edu.az\/application\/uploads\/2015\/06\/mahh081-150x150.jpg\" alt=\"???????????????????????????????\" width=\"150\" height=\"150\" \/><\/a><a class=\"fancybox-thumb\" href=\"https:\/\/unec.edu.az\/application\/uploads\/2017\/12\/DSC_0911.jpg\" rel=\"fancybox-thumb\"><img loading=\"lazy\" decoding=\"async\" class=\"fancybox-margin alignnone wp-image-112911 size-thumbnail\" title=\"Pakistanl\u0131 t\u0259dqiqat\u00e7\u0131 UNEC-d\u0259 (08.12.2017)\" src=\"https:\/\/unec.edu.az\/application\/uploads\/2017\/12\/DSC_0911-150x150.jpg\" alt=\"DSC_0911\" width=\"150\" height=\"150\" \/><\/a><\/p>\n<p><span style=\"color: #000000;\"><em><a style=\"color: #000000;\" href=\"https:\/\/unec.edu.az\/ru\/turkiye-azerbaycan-iliskilerine-akademi-destegi\/\">\u0423\u043d\u0438\u0432\u0435\u0440\u0441\u0438\u0442\u0435\u0442 \u0421\u0443\u043b\u0435\u0439\u043c\u0430\u043d \u0414\u0435\u043c\u0438\u0440\u0435\u043b\u044f \u043e \u0432\u0438\u0437\u0438\u0442\u0435 \u043f\u0440\u0435\u043f\u043e\u0434\u0430\u0432\u0430\u0442\u0435\u043b\u0435\u0439 UNEC <\/a>(13.02.2017)<\/em><\/span><br \/>\n<span style=\"color: #000000;\"><em><a style=\"color: #000000;\" href=\"https:\/\/unec.edu.az\/ru\/kicik-ve-orta-sahibkarligin-inkisafi-vetendaslarin-sosial-rifahini-yaxsilasdiracaq\/\">\u0420\u0430\u0437\u0432\u0438\u0442\u0438\u0435 \u043c\u0430\u043b\u043e\u0433\u043e \u0438 \u0441\u0440\u0435\u0434\u043d\u0435\u0433\u043e \u043f\u0440\u0435\u0434\u043f\u0440\u0438\u043d\u0438\u043c\u0430\u0442\u0435\u043b\u044c\u0441\u0442\u0432\u0430 \u0443\u043b\u0443\u0447\u0448\u0438\u0442 \u0441\u043e\u0446\u0438\u0430\u043b\u044c\u043d\u043e\u0435 \u0431\u043b\u0430\u0433\u043e\u0441\u043e\u0441\u0442\u043e\u044f\u043d\u0438\u0435 \u0433\u0440\u0430\u0436\u0434\u0430\u043d<\/a>\u00a0(01.25.2017)<\/em><\/span><br \/>\n<span style=\"color: #000000;\"><em><a style=\"color: #000000;\" href=\"https:\/\/unec.edu.az\/ru\/logistika-ve-ticaretin-inkisafina-dair-strateji-yol-xeritesi-ne-dair-muzakireler-kecirildi\/\">\u0412 UNEC \u0441\u043e\u0441\u0442\u043e\u044f\u043b\u0441\u044f \u0441\u0435\u043c\u0438\u043d\u0430\u0440 \u043d\u0430 \u0442\u0435\u043c\u0443 \u00ab\u0421\u0442\u0440\u0430\u0442\u0435\u0433\u0438\u0447\u0435\u0441\u043a\u0430\u044f \u0434\u043e\u0440\u043e\u0436\u043d\u0430\u044f \u043a\u0430\u0440\u0442\u0430 \u043e\u0442\u043d\u043e\u0441\u0438\u0442\u0435\u043b\u044c\u043d\u043e \u0440\u0430\u0437\u0432\u0438\u0442\u0438\u044f \u043b\u043e\u0433\u0438\u0441\u0442\u0438\u043a\u0438 \u0438 \u0442\u043e\u0440\u0433\u043e\u0432\u043b\u0438\u00bb <\/a>(01.24.2017)<\/em><\/span><\/p>\n<p><a class=\"fancybox-thumb\" href=\"https:\/\/unec.edu.az\/application\/uploads\/2015\/06\/mahammad_6671.jpg\" rel=\"fancybox-thumb\"><img loading=\"lazy\" decoding=\"async\" class=\"fancybox-margin alignnone wp-image-136714 size-image236x180\" title=\"UNEC-d\u0259 yeni sillabus \u0259sas\u0131nda t\u0259liml\u0259r ke\u00e7mi\u015f m\u00fc\u0259llim hey\u0259tin\u0259 sertifikatlar\u0131n verilm\u0259si  (22.01.2019)\" src=\"https:\/\/unec.edu.az\/application\/uploads\/2015\/06\/mahammad_6671-236x180.jpg\" alt=\"mahammad_6671\" width=\"236\" height=\"180\" \/><\/a><a class=\"fancybox-thumb\" href=\"https:\/\/unec.edu.az\/application\/uploads\/2015\/06\/evrika2.jpg\" rel=\"fancybox-thumb\"><img loading=\"lazy\" decoding=\"async\" class=\"fancybox-margin alignnone wp-image-118708 size-image236x180\" title=\"\u201cEvrika\u201d liseyinin \u015fagirdl\u0259ri: \u201cUNEC t\u0259l\u0259b\u0259si olmaq ist\u0259yirik\u201d\" src=\"https:\/\/unec.edu.az\/application\/uploads\/2015\/06\/evrika2-236x180.jpg\" alt=\"???????????????????????????????\" width=\"236\" height=\"180\" \/><\/a><a class=\"fancybox-thumb\" href=\"https:\/\/unec.edu.az\/application\/uploads\/2015\/06\/evrika7.jpg\" rel=\"fancybox-thumb\"><img loading=\"lazy\" decoding=\"async\" class=\"fancybox-margin alignnone wp-image-118709 size-image236x180\" title=\"\u201cEvrika\u201d liseyinin \u015fagirdl\u0259ri: \u201cUNEC t\u0259l\u0259b\u0259si olmaq ist\u0259yirik\u201d (15.02.2018)\" src=\"https:\/\/unec.edu.az\/application\/uploads\/2015\/06\/evrika7-236x180.jpg\" alt=\"???????????????????????????????\" width=\"236\" height=\"180\" srcset=\"http:\/\/unec.edu.az\/application\/uploads\/2015\/06\/evrika7-236x180.jpg 236w, http:\/\/unec.edu.az\/application\/uploads\/2015\/06\/evrika7-300x228.jpg 300w, http:\/\/unec.edu.az\/application\/uploads\/2015\/06\/evrika7.jpg 790w\" sizes=\"(max-width: 236px) 100vw, 236px\" \/><\/a><a class=\"fancybox-thumb\" href=\"https:\/\/unec.edu.az\/application\/uploads\/2015\/06\/mahammadmok.jpg\" rel=\"fancybox-thumb\"><img loading=\"lazy\" decoding=\"async\" class=\"fancybox-margin alignnone wp-image-95044 size-image236x180\" src=\"https:\/\/unec.edu.az\/application\/uploads\/2015\/06\/mahammadmok-236x180.jpg\" alt=\"mahammad\u043c\u043e\u043a\" width=\"236\" height=\"180\" \/><\/a><\/p>\n","protected":false},"excerpt":{"rendered":"<p>\u0417\u0430\u0432\u0435\u0434\u0443\u044e\u0449\u0438\u0439 \u043a\u0430\u0444\u0435\u0434\u0440\u043e\u0439\u00a0&#171;\u0411\u0438\u0437\u043d\u0435\u0441 \u0438 \u043b\u043e\u0433\u0438\u0441\u0442\u0438\u043a\u0430&#187; \u0434\u043e\u0446\u0435\u043d\u0442 \u0410\u043b\u0438\u0435\u0432 \u041c\u0430\u0433\u0430\u043c\u0435\u0434 \u0410\u043b\u0435\u043a\u0431\u0435\u0440 \u043e\u0433\u043b\u044b e-mail: m.aliyev@unec.edu.az \u0420\u043e\u0434\u0438\u043b\u0441\u044f 4 \u0441\u0435\u043d\u0442\u044f\u0431\u0440\u044f \u00a01955-\u0433\u043e \u0433\u043e\u0434\u0430 \u0432 \u0441\u0435\u043b\u0435 \u0413\u0438\u0432\u0440\u0430\u0433 \u0428\u0430\u0440\u0443\u0440\u0441\u043a\u043e\u0433\u043e \u0440\u0430\u0439\u043e\u043d\u0430 \u041d\u0430\u0445\u0438\u0447\u0435\u0432\u0430\u043d\u0441\u043a\u043e\u0439 \u0410\u0432\u0442\u043e\u043d\u043e\u043c\u043d\u043e\u0439 \u0420\u0435\u0441\u043f\u0443\u0431\u043b\u0438\u043a\u0438. \u041e\u0431\u0440\u0430\u0437\u043e\u0432\u0430\u043d\u0438\u0435: 1962-1972 \u2013 \u041d\u0430\u0445\u0438\u0447\u0435\u0432\u0430\u043d\u0441\u043a\u0430\u044f \u0410\u0432\u0442\u043e\u043d\u043e\u043c\u043d\u0430\u044f \u0420\u0435\u0441\u043f\u0443\u0431\u043b\u0438\u043a\u0430, \u0441\u0440\u0435\u0434\u043d\u044f\u044f \u0448\u043a\u043e\u043b\u0430 \u0432 \u0441\u0435\u043b\u0435 \u0413\u0438\u0432\u0440\u0430\u0433; 1976-1980 \u2013\u0410\u0437\u0435\u0440\u0431\u0430\u0439\u0434\u0436\u0430\u043d\u0441\u043a\u0438\u0439 \u0438\u043d\u0441\u0442\u0438\u0442\u0443\u0442 \u043d\u0430\u0440\u043e\u0434\u043d\u043e\u0433\u043e \u0445\u043e\u0437\u044f\u0439\u0441\u0442\u0432\u0430 \u0438\u043c.\u0414.\u0411\u0443\u043d\u0438\u0430\u0442\u0437\u0430\u0434\u0435 (\u0441\u0435\u0439\u0447\u0430\u0441 UNEC); 2005 \u2013\u0414\u043e\u043a\u0442\u043e\u0440 \u0444\u0438\u043b\u043e\u0441\u043e\u0444\u0438\u0438 \u043f\u043e \u044d\u043a\u043e\u043d\u043e\u043c\u0438\u043a\u0435; 2008 \u2013\u0414\u043e\u0446\u0435\u043d\u0442. \u0422\u0440\u0443\u0434\u043e\u0432\u0430\u044f \u0434\u0435\u044f\u0442\u0435\u043b\u044c\u043d\u043e\u0441\u0442\u044c: 1972-1973 \u2013\u00a0\u0428\u0430\u0440\u0443\u0440\u0441\u043a\u0438\u0439 \u0440\u0430\u0439\u043e\u043d, [&hellip;]<\/p>\n","protected":false},"author":10,"featured_media":0,"parent":0,"menu_order":0,"comment_status":"open","ping_status":"open","template":"","meta":{"footnotes":""},"class_list":["post-12834","page","type-page","status-publish","hentry"],"_links":{"self":[{"href":"http:\/\/unec.edu.az\/ru\/wp-json\/wp\/v2\/pages\/12834","targetHints":{"allow":["GET"]}}],"collection":[{"href":"http:\/\/unec.edu.az\/ru\/wp-json\/wp\/v2\/pages"}],"about":[{"href":"http:\/\/unec.edu.az\/ru\/wp-json\/wp\/v2\/types\/page"}],"author":[{"embeddable":true,"href":"http:\/\/unec.edu.az\/ru\/wp-json\/wp\/v2\/users\/10"}],"replies":[{"embeddable":true,"href":"http:\/\/unec.edu.az\/ru\/wp-json\/wp\/v2\/comments?post=12834"}],"version-history":[{"count":22,"href":"http:\/\/unec.edu.az\/ru\/wp-json\/wp\/v2\/pages\/12834\/revisions"}],"predecessor-version":[{"id":442626,"href":"http:\/\/unec.edu.az\/ru\/wp-json\/wp\/v2\/pages\/12834\/revisions\/442626"}],"wp:attachment":[{"href":"http:\/\/unec.edu.az\/ru\/wp-json\/wp\/v2\/media?parent=12834"}],"curies":[{"name":"wp","href":"https:\/\/api.w.org\/{rel}","templated":true}]}}