{"id":13134,"date":"2015-05-27T14:04:32","date_gmt":"2015-05-27T10:04:32","guid":{"rendered":"https:\/\/unec.edu.az\/dosent-bayramov-hafiz-meherrem-oglu-2\/"},"modified":"2020-06-26T21:54:41","modified_gmt":"2020-06-26T17:54:41","slug":"dosent-bayramov-hafiz-meherrem-oglu","status":"publish","type":"page","link":"http:\/\/unec.edu.az\/ru\/dosent-bayramov-hafiz-meherrem-oglu\/","title":{"rendered":"\u0434\u043e\u0446\u0435\u043d\u0442 \u0411\u0430\u0439\u0440\u0430\u043c\u043e\u0432 \u0425\u0430\u0444\u0438\u0437 \u041c\u0430\u0433\u0435\u0440\u0440\u0430\u043c \u043e\u0433\u043b\u044b"},"content":{"rendered":"<h4 style=\"text-align: justify;\"><span style=\"color: #800000;\"><a href=\"https:\/\/unec.edu.az\/application\/uploads\/2015\/05\/hafiz_5554-kopiya.jpg\"><img decoding=\"async\" class=\"alignleft wp-image-48723 \" title=\"left\" src=\"https:\/\/unec.edu.az\/application\/uploads\/2015\/05\/hafiz_5554-kopiya.jpg\" alt=\"hafiz_5554 - \u043a\u043e\u043f\u0438\u044f\" width=\"167\" height=\"198\" \/><\/a><\/span><\/h4>\n<p><span style=\"color: #800000;\"><em>\u0411\u0430\u0439\u0440\u0430\u043c\u043e\u0432 \u0425\u0430\u0444\u0438\u0437 \u041c\u0430\u0433\u0435\u0440\u0440\u0430\u043c \u043e\u0433\u043b\u044b<\/em><\/span><\/p>\n<p><em><span style=\"color: #000000;\">e-mail: hafiz.bayramov@unec.edu.az<\/span> \u00a0\u00a0<\/em><\/p>\n<p>\u0420\u043e\u0434\u0438\u043b\u0441\u044f 21 \u0438\u044e\u043d\u044f 1947-\u0433\u043e \u0433\u043e\u0434\u0430 \u0432 \u0433. \u0428\u0435\u043c\u043a\u0438\u0440 \u0410\u0437\u0435\u0440\u0431\u0430\u0439\u0434\u0436\u0430\u043d\u0430.<\/p>\n<p style=\"text-align: justify;\">\u0412 1966 \u0433\u043e\u0434\u0443 \u043f\u043e\u0441\u0442\u0443\u043f\u0438\u043b \u0432 \u041c\u043e\u0441\u043a\u043e\u0432\u0441\u043a\u0438\u0439 \u0438\u043d\u0441\u0442\u0438\u0442\u0443\u0442 \u043d\u0435\u0444\u0442\u0435\u0445\u0438\u043c\u0438\u0438 \u0438 \u0433\u0430\u0437\u043e\u0432\u043e\u0439 \u043f\u0440\u043e\u043c\u044b\u0448\u043b\u0435\u043d\u043d\u043e\u0441\u0442\u0438 \u0438\u043c. \u0413\u0443\u0431\u043a\u0438\u043d\u0430, \u043d\u0430 \u0424\u0430\u043a\u0443\u043b\u044c\u0442\u0435\u0442 \u0430\u0432\u0442\u043e\u043c\u0430\u0442\u0438\u043a\u0438 \u0438 \u0442\u0435\u043b\u0435\u043c\u0435\u0445\u0430\u043d\u0438\u043a\u0438 \u0438 \u0437\u0430\u043a\u043e\u043d\u0447\u0438\u043b \u0435\u0433\u043e \u0441 \u0434\u0438\u043f\u043b\u043e\u043c\u043e\u043c \u043e\u0442\u043b\u0438\u0447\u0438\u044f \u0432 1971 \u0433\u043e\u0434\u0443.<\/p>\n<p style=\"text-align: justify;\">\u0412 1973 \u0433\u043e\u0434\u0443 \u043f\u043e\u0441\u0442\u0443\u043f\u0438\u043b \u043d\u0430 \u041c\u0435\u0445\u0430\u043d\u0438\u043a\u043e-\u043c\u0430\u0442\u0435\u043c\u0430\u0442\u0438\u0447\u0435\u0441\u043a\u0438\u0439 \u0444\u0430\u043a\u0443\u043b\u044c\u0442\u0435\u0442 \u0410\u0437\u0435\u0440\u0431\u0430\u0439\u0434\u0436\u0430\u043d\u0441\u043a\u043e\u0433\u043e \u0433\u043e\u0441\u0443\u0434\u0430\u0440\u0441\u0442\u0432\u0435\u043d\u043d\u043e\u0433\u043e \u0443\u043d\u0438\u0432\u0435\u0440\u0441\u0438\u0442\u0435\u0442\u0430 \u0438 \u0432 1978 \u0433\u043e\u0434\u0443 \u0435\u0433\u043e \u0437\u0430\u043a\u043e\u043d\u0447\u0438\u043b.<\/p>\n<p style=\"text-align: justify;\">\u0412 1981 \u0433\u043e\u0434\u0443 \u0437\u0430\u0449\u0438\u0442\u0438\u043b \u043d\u0430 \u0421\u043f\u0435\u0446\u0438\u0430\u043b\u0438\u0437\u0438\u0440\u043e\u0432\u0430\u043d\u043d\u043e\u043c \u0423\u0447\u0435\u043d\u043e\u043c \u0441\u043e\u0432\u0435\u0442\u0435 \u0410\u0437\u0435\u0440\u0431\u0430\u0439\u0434\u0436\u0430\u043d\u0441\u043a\u043e\u0433\u043e \u0438\u043d\u0441\u0442\u0438\u0442\u0443\u0442\u0430 \u043d\u0435\u0444\u0442\u0438 \u0438 \u0445\u0438\u043c\u0438\u0438 \u043a\u0430\u043d\u0434\u0438\u0434\u0430\u0442\u0441\u043a\u0443\u044e \u0434\u0438\u0441\u0441\u0435\u0440\u0442\u0430\u0446\u0438\u044e \u0438 \u043f\u043e\u043b\u0443\u0447\u0438\u043b \u0443\u0447\u0435\u043d\u0443\u044e \u0441\u0442\u0435\u043f\u0435\u043d\u044c \u043a\u0430\u043d\u0434\u0438\u0434\u0430\u0442 \u0442\u0435\u0445\u043d\u0438\u0447\u0435\u0441\u043a\u0438\u0445 \u043d\u0430\u0443\u043a.<\/p>\n<p style=\"text-align: justify;\">\u0412 1972-1980 \u0433.\u0433. \u0440\u0430\u0431\u043e\u0442\u0430\u043b \u0432 \u041d\u0430\u0443\u0447\u043d\u043e-\u0438\u0441\u0441\u043b\u0435\u0434\u043e\u0432\u0430\u0442\u0435\u043b\u044c\u0441\u043a\u043e\u043c \u0438 \u043f\u0440\u043e\u0435\u043a\u0442\u043d\u043e\u043c \u0438\u043d\u0441\u0442\u0438\u0442\u0443\u0442\u0435 \u201cNeftkimyaavtomat\u201d \u043d\u0430 \u0434\u043e\u043b\u0436\u043d\u043e\u0441\u0442\u0438 \u0438\u043d\u0436\u0435\u043d\u0435\u0440\u0430, \u043c\u043b\u0430\u0434\u0448\u0435\u0433\u043e \u043d\u0430\u0443\u0447\u043d\u043e\u0433\u043e \u0441\u043e\u0442\u0440\u0443\u0434\u043d\u0438\u043a\u0430, \u0441\u0442\u0430\u0440\u0448\u0435\u0433\u043e \u043d\u0430\u0443\u0447\u043d\u043e\u0433\u043e \u0441\u043e\u0442\u0440\u0443\u0434\u043d\u0438\u043a\u0430, \u0437\u0430\u0442\u0435\u043c \u2013 \u043d\u0430 \u0434\u043e\u043b\u0436\u043d\u043e\u0441\u0442\u0438 \u043d\u0430\u0447\u0430\u043b\u044c\u043d\u0438\u043a\u0430 \u0412\u044b\u0447\u0438\u0441\u043b\u0438\u0442\u0435\u043b\u044c\u043d\u043e\u0433\u043e \u0446\u0435\u043d\u0442\u0440\u0430 \u0410\u0437\u043a\u043e\u043d\u0442\u043e\u0440\u044b \u0421\u0442\u0440\u043e\u0438\u0442\u0435\u043b\u044c\u043d\u043e\u0433\u043e \u0431\u0430\u043d\u043a\u0430 \u0421\u0421\u0421\u0420.<\/p>\n<p style=\"text-align: justify;\">\u0421 1989 \u0433\u043e\u0434\u0430 \u0440\u0430\u0431\u043e\u0442\u0430\u0435\u0442 \u0432 \u0410\u0437\u0435\u0440\u0431\u0430\u0439\u0434\u0436\u0430\u043d\u0441\u043a\u043e\u043c \u0433\u043e\u0441\u0443\u0434\u0430\u0440\u0441\u0442\u0432\u0435\u043d\u043d\u043e\u043c \u044d\u043a\u043e\u043d\u043e\u043c\u0438\u0447\u0435\u0441\u043a\u043e\u043c \u0443\u043d\u0438\u0432\u0435\u0440\u0441\u0438\u0442\u0435\u0442\u0435, \u0441\u043d\u0430\u0447\u0430\u043b\u0430 \u043d\u0430 \u0434\u043e\u043b\u0436\u043d\u043e\u0441\u0442\u0438 \u0441\u0442\u0430\u0440\u0448\u0435\u0433\u043e \u043f\u0440\u0435\u043f\u043e\u0434\u0430\u0432\u0430\u0442\u0435\u043b\u044f, \u0430 \u0437\u0430\u0442\u0435\u043c \u2013 \u0434\u043e\u0446\u0435\u043d\u0442\u0430.<\/p>\n<p style=\"text-align: justify;\">\u0421 2013 \u043f\u043e 2018 \u0433.\u0433.\u00a0\u0440\u0430\u0431\u043e\u0442\u0430\u043b \u0437\u0430\u0432\u0435\u0434\u0443\u044e\u0449\u0438\u043c \u043a\u0430\u0444\u0435\u0434\u0440\u043e\u0439 \u00ab\u0418\u043d\u0444\u043e\u0440\u043c\u0430\u0442\u0438\u043a\u0430\u00bb.<\/p>\n<p style=\"text-align: justify;\">\u042f\u0432\u043b\u044f\u0435\u0442\u0441\u044f \u0430\u0432\u0442\u043e\u0440\u043e\u043c \u0431\u043e\u043b\u0435\u0435 23 \u043d\u0430\u0443\u0447\u043d\u044b\u0445 \u0441\u0442\u0430\u0442\u0435\u0439, \u0443\u0447\u0435\u0431\u043d\u0438\u043a\u043e\u0432, \u0443\u0447\u0435\u0431\u043d\u044b\u0445 \u043f\u043e\u0441\u043e\u0431\u0438\u0439.<\/p>\n<p style=\"text-align: justify;\"><a class=\"fancybox-thumb\" href=\"https:\/\/unec.edu.az\/application\/uploads\/2017\/11\/IMG_7281.jpg\" rel=\"fancybox-thumb\"><img decoding=\"async\" class=\"fancybox-margin alignnone wp-image-111447 size-thumbnail\" title=\"UNEC-in \u201cTexnoloji T\u0259hsil Qrupu\u201dndan t\u0259l\u0259b\u0259l\u0259r \u00fc\u00e7\u00fcn disput (21.11.2017)\" src=\"https:\/\/unec.edu.az\/application\/uploads\/2017\/11\/IMG_7281-150x150.jpg\" alt=\"IMG_7281\" width=\"150\" height=\"150\" \/><\/a><a class=\"fancybox-thumb\" href=\"https:\/\/unec.edu.az\/application\/uploads\/2017\/11\/20171102_152018.jpg\" rel=\"fancybox-thumb\"><img decoding=\"async\" class=\"fancybox-margin alignnone wp-image-109467 size-thumbnail\" title=\"UNEC-d\u0259 elmi seminar: \u201cBlok\u00e7eyn v\u0259 kriptovalyuta texnologiyalar\u0131n\u0131n Az\u0259rbaycanda t\u0259tbiq imkanlar\u0131\u201d (03.11.2017)\" src=\"https:\/\/unec.edu.az\/application\/uploads\/2017\/11\/20171102_152018-150x150.jpg\" alt=\"20171102_152018\" width=\"150\" height=\"150\" \/><\/a><a class=\"fancybox-thumb\" href=\"https:\/\/unec.edu.az\/application\/uploads\/2015\/05\/sardar_123102.jpg\" rel=\"fancybox-thumb\"><img loading=\"lazy\" decoding=\"async\" class=\"fancybox-margin alignnone wp-image-69397 size-thumbnail\" src=\"https:\/\/unec.edu.az\/application\/uploads\/2015\/05\/sardar_123102-150x150.jpg\" alt=\"sardar_123102\" width=\"150\" height=\"150\" \/><\/a><a class=\"fancybox-thumb\" href=\"https:\/\/unec.edu.az\/application\/uploads\/2015\/02\/qida-20171026-WA0005.jpg\" rel=\"fancybox-thumb\"><img loading=\"lazy\" decoding=\"async\" class=\"fancybox-margin alignnone wp-image-108666 size-thumbnail\" title=\"Sumqay\u0131t Texnologiyalar Park\u0131 (27.10.2017)\" src=\"https:\/\/unec.edu.az\/application\/uploads\/2015\/02\/qida-20171026-WA0005-150x150.jpg\" alt=\"qida-20171026-WA0005\" width=\"150\" height=\"150\" \/><\/a><a class=\"fancybox-thumb\" href=\"https:\/\/unec.edu.az\/application\/uploads\/2017\/11\/20171106_120635.jpg\" rel=\"fancybox-thumb\"><img loading=\"lazy\" decoding=\"async\" class=\"fancybox-margin alignnone wp-image-109846 size-thumbnail\" title=\"UNEC-in pedaqoji hey\u0259ti \u00fc\u00e7\u00fcn t\u0259lim: \u201c\u0130nformasiya t\u0259hl\u00fck\u0259sizliyi\u201d (07.11.2017)\" src=\"https:\/\/unec.edu.az\/application\/uploads\/2017\/11\/20171106_120635-150x150.jpg\" alt=\"20171106_120635\" width=\"150\" height=\"150\" \/><\/a><a class=\"fancybox-thumb\" href=\"https:\/\/unec.edu.az\/application\/uploads\/2017\/12\/20171225_112505.jpg\" rel=\"fancybox-thumb\"><img loading=\"lazy\" decoding=\"async\" class=\"fancybox-margin alignnone wp-image-114720 size-thumbnail\" title=\"UNEC-d\u0259 elmi seminar: \u201cM\u00fc\u0259ssis\u0259l\u0259rd\u0259 informasiya texnologiyalar\u0131n\u0131n auditi\u201d (27.12.2017)\" src=\"https:\/\/unec.edu.az\/application\/uploads\/2017\/12\/20171225_112505-150x150.jpg\" alt=\"20171225_112505\" width=\"150\" height=\"150\" \/><\/a><\/p>\n<p><em><span style=\"color: #333333;\"><a style=\"color: #333333;\" href=\"https:\/\/unec.edu.az\/ru\/unec-magistrleri-muzakire-edir-informasiya-sistemlerinin-ve-texnologiyalarinin-muasir-problemleri\/\">\u041e\u0431\u0441\u0443\u0436\u0434\u0435\u043d\u0438\u044f \u043c\u0430\u0433\u0438\u0441\u0442\u0440\u043e\u0432 UNEC: \u00ab\u0421\u043e\u0432\u0440\u0435\u043c\u0435\u043d\u043d\u044b\u0435 \u043f\u0440\u043e\u0431\u043b\u0435\u043c\u044b \u0438\u043d\u0444\u043e\u0440\u043c\u0430\u0446\u0438\u043e\u043d\u043d\u044b\u0445 \u0441\u0438\u0441\u0442\u0435\u043c \u0438 \u0442\u0435\u0445\u043d\u043e\u043b\u043e\u0433\u0438\u0439\u00bb<\/a><a style=\"color: #333333;\" href=\"https:\/\/unec.edu.az\/ru\/unec-de-elmi-tedqiqat-ili-texnologiya-ve-dizayn-fakultesinde-elmi-seminarlar\/\">\u00a0(13.04.2018)<br \/>\n\u0412 UNEC \u00ab\u0413\u043e\u0434 \u043d\u0430\u0443\u0447\u043d\u044b\u0445 \u0438\u0441\u0441\u043b\u0435\u0434\u043e\u0432\u0430\u043d\u0438\u0439\u00bb \u2013 \u041d\u0430\u0443\u0447\u043d\u044b\u0439 \u0441\u0435\u043c\u0438\u043d\u0430\u0440 \u043d\u0430 \u0444\u0430\u043a\u0443\u043b\u044c\u0442\u0435\u0442\u0435 \u0422\u0435\u0445\u043d\u043e\u043b\u043e\u0433\u0438\u0438 \u0438 \u0434\u0438\u0437\u0430\u0439\u043d\u0430<\/a>\u00a0(05.03.2018)<\/span><\/em><\/p>\n<p><a class=\"fancybox-thumb\" href=\"https:\/\/unec.edu.az\/application\/uploads\/2015\/05\/hafizdf475a98d-14.jpg\" rel=\"fancybox-thumb\"><img loading=\"lazy\" decoding=\"async\" class=\"fancybox-margin alignnone wp-image-153909 size-medium\" src=\"https:\/\/unec.edu.az\/application\/uploads\/2015\/05\/hafizdf475a98d-14-300x169.jpg\" alt=\"hafizdf475a98d-14\" width=\"300\" height=\"169\" srcset=\"http:\/\/unec.edu.az\/application\/uploads\/2015\/05\/hafizdf475a98d-14-300x169.jpg 300w, http:\/\/unec.edu.az\/application\/uploads\/2015\/05\/hafizdf475a98d-14-1024x576.jpg 1024w\" sizes=\"(max-width: 300px) 100vw, 300px\" \/><\/a><\/p>\n<p>&nbsp;<\/p>\n","protected":false},"excerpt":{"rendered":"<p>\u0411\u0430\u0439\u0440\u0430\u043c\u043e\u0432 \u0425\u0430\u0444\u0438\u0437 \u041c\u0430\u0433\u0435\u0440\u0440\u0430\u043c \u043e\u0433\u043b\u044b e-mail: hafiz.bayramov@unec.edu.az \u00a0\u00a0 \u0420\u043e\u0434\u0438\u043b\u0441\u044f 21 \u0438\u044e\u043d\u044f 1947-\u0433\u043e \u0433\u043e\u0434\u0430 \u0432 \u0433. \u0428\u0435\u043c\u043a\u0438\u0440 \u0410\u0437\u0435\u0440\u0431\u0430\u0439\u0434\u0436\u0430\u043d\u0430. \u0412 1966 \u0433\u043e\u0434\u0443 \u043f\u043e\u0441\u0442\u0443\u043f\u0438\u043b \u0432 \u041c\u043e\u0441\u043a\u043e\u0432\u0441\u043a\u0438\u0439 \u0438\u043d\u0441\u0442\u0438\u0442\u0443\u0442 \u043d\u0435\u0444\u0442\u0435\u0445\u0438\u043c\u0438\u0438 \u0438 \u0433\u0430\u0437\u043e\u0432\u043e\u0439 \u043f\u0440\u043e\u043c\u044b\u0448\u043b\u0435\u043d\u043d\u043e\u0441\u0442\u0438 \u0438\u043c. \u0413\u0443\u0431\u043a\u0438\u043d\u0430, \u043d\u0430 \u0424\u0430\u043a\u0443\u043b\u044c\u0442\u0435\u0442 \u0430\u0432\u0442\u043e\u043c\u0430\u0442\u0438\u043a\u0438 \u0438 \u0442\u0435\u043b\u0435\u043c\u0435\u0445\u0430\u043d\u0438\u043a\u0438 \u0438 \u0437\u0430\u043a\u043e\u043d\u0447\u0438\u043b \u0435\u0433\u043e \u0441 \u0434\u0438\u043f\u043b\u043e\u043c\u043e\u043c \u043e\u0442\u043b\u0438\u0447\u0438\u044f \u0432 1971 \u0433\u043e\u0434\u0443. \u0412 1973 \u0433\u043e\u0434\u0443 \u043f\u043e\u0441\u0442\u0443\u043f\u0438\u043b \u043d\u0430 \u041c\u0435\u0445\u0430\u043d\u0438\u043a\u043e-\u043c\u0430\u0442\u0435\u043c\u0430\u0442\u0438\u0447\u0435\u0441\u043a\u0438\u0439 \u0444\u0430\u043a\u0443\u043b\u044c\u0442\u0435\u0442 \u0410\u0437\u0435\u0440\u0431\u0430\u0439\u0434\u0436\u0430\u043d\u0441\u043a\u043e\u0433\u043e \u0433\u043e\u0441\u0443\u0434\u0430\u0440\u0441\u0442\u0432\u0435\u043d\u043d\u043e\u0433\u043e \u0443\u043d\u0438\u0432\u0435\u0440\u0441\u0438\u0442\u0435\u0442\u0430 \u0438 \u0432 [&hellip;]<\/p>\n","protected":false},"author":10,"featured_media":0,"parent":0,"menu_order":0,"comment_status":"open","ping_status":"open","template":"","meta":{"footnotes":""},"class_list":["post-13134","page","type-page","status-publish","hentry"],"_links":{"self":[{"href":"http:\/\/unec.edu.az\/ru\/wp-json\/wp\/v2\/pages\/13134","targetHints":{"allow":["GET"]}}],"collection":[{"href":"http:\/\/unec.edu.az\/ru\/wp-json\/wp\/v2\/pages"}],"about":[{"href":"http:\/\/unec.edu.az\/ru\/wp-json\/wp\/v2\/types\/page"}],"author":[{"embeddable":true,"href":"http:\/\/unec.edu.az\/ru\/wp-json\/wp\/v2\/users\/10"}],"replies":[{"embeddable":true,"href":"http:\/\/unec.edu.az\/ru\/wp-json\/wp\/v2\/comments?post=13134"}],"version-history":[{"count":12,"href":"http:\/\/unec.edu.az\/ru\/wp-json\/wp\/v2\/pages\/13134\/revisions"}],"predecessor-version":[{"id":153963,"href":"http:\/\/unec.edu.az\/ru\/wp-json\/wp\/v2\/pages\/13134\/revisions\/153963"}],"wp:attachment":[{"href":"http:\/\/unec.edu.az\/ru\/wp-json\/wp\/v2\/media?parent=13134"}],"curies":[{"name":"wp","href":"https:\/\/api.w.org\/{rel}","templated":true}]}}