{"id":13145,"date":"2015-06-03T16:28:18","date_gmt":"2015-06-03T12:28:18","guid":{"rendered":"https:\/\/unec.edu.az\/prof-ferhad-penah-oglu-rehmanov-2\/"},"modified":"2022-05-16T16:12:39","modified_gmt":"2022-05-16T12:12:39","slug":"prof-ferhad-penah-oglu-rehmanov","status":"publish","type":"page","link":"http:\/\/unec.edu.az\/ru\/prof-ferhad-penah-oglu-rehmanov\/","title":{"rendered":"\u041f\u0440\u043e\u0444. \u0424\u0430\u0440\u0445\u0430\u0434 \u041f\u0430\u043d\u0430\u0445 \u043e\u0433\u043b\u044b \u0420\u0430\u0445\u043c\u0430\u043d\u043e\u0432"},"content":{"rendered":"<p class=\"itemTitle\"><span style=\"color: #800000;\"><a href=\"https:\/\/unec.edu.az\/application\/uploads\/2015\/06\/huquq_farhad_foto.jpg\"><img decoding=\"async\" class=\"alignleft wp-image-38234\" title=\"left\" src=\"https:\/\/unec.edu.az\/application\/uploads\/2015\/06\/huquq_farhad_foto.jpg\" alt=\"huquq_farhad_foto\" width=\"195\" height=\"215\" \/><\/a><\/span><\/p>\n<h4 class=\"itemTitle\"><span style=\"color: #800000;\">\u0417\u0430\u0432\u0435\u0434\u0443\u044e\u0449\u0438\u0439 \u043a\u0430\u0444\u0435\u0434\u0440\u043e\u0439 &#171;\u042d\u043a\u043e\u043d\u043e\u043c\u0438\u0447\u0435\u0441\u043a\u043e\u0435 \u043f\u0440\u0430\u0432\u043e&#187; \u0434.\u044d.\u043d., \u043f\u0440\u043e\u0444. \u0424\u0430\u0440\u0445\u0430\u0434 \u041f\u0430\u043d\u0430\u0445 \u043e\u0433\u043b\u044b \u0420\u0430\u0445\u043c\u0430\u043d\u043e\u0432<\/span><\/h4>\n<p>\u0420\u043e\u0434\u0438\u043b\u0441\u044f \u0432 1952\u00a0\u00a0\u0433\u043e\u0434\u0443 \u0432 \u0433\u043e\u0440\u043e\u0434\u0435 \u0411\u0430\u043a\u0443.<\/p>\n<p><strong>\u041e\u0431\u0440\u0430\u0437\u043e\u0432\u0430\u043d\u0438\u0435:<\/strong><\/p>\n<p>\u0411\u0430\u043a\u0438\u043d\u0441\u043a\u0438\u0439 \u0433\u043e\u0441\u0443\u0434\u0430\u0440\u0441\u0442\u0432\u0435\u043d\u043d\u044b\u0439 \u0443\u043d\u0438\u0432\u0435\u0440\u0441\u0438\u0442\u0435\u0442, \u041c\u0435\u0445\u0430\u043d\u0438\u043a\u043e-\u043c\u0430\u0442\u0435\u043c\u0430\u0442\u0438\u0447\u0435\u0441\u043a\u0438\u0439 \u0444\u0430\u043a\u0443\u043b\u044c\u0442\u0435\u0442 (1969-1974)<\/p>\n<p><strong>1984 \u0433\u043e\u0434 \u2013\u00a0\u00a0<\/strong>\u0426\u0435\u043d\u0442\u0440\u0430\u043b\u044c\u043d\u044b\u0439 \u044d\u043a\u043e\u043d\u043e\u043c\u0438\u043a\u043e-\u043c\u0430\u0442\u0435\u043c\u0430\u0442\u0438\u0447\u0435\u0441\u043a\u0438\u0439 \u0438\u043d\u0441\u0442\u0438\u0442\u0443\u0442 \u0410\u041d \u0421\u0421\u0421\u0420, \u041c\u043e\u0441\u043a\u0432\u0430, \u043a\u0430\u043d\u0434\u0438\u0434\u0430\u0442 \u044d\u043a\u043e\u043d\u043e\u043c\u0438\u0447\u0435\u0441\u043a\u0438\u0445 \u043d\u0430\u0443\u043a, \u0441\u043f\u0435\u0446\u0438\u0430\u043b\u044c\u043d\u043e\u0441\u0442\u044c: 08.00.05 \u2013 \u042d\u043a\u043e\u043d\u043e\u043c\u0438\u043a\u0430 \u0438 \u0443\u043f\u0440\u0430\u0432\u043b\u0435\u043d\u0438\u0435 \u043d\u0430\u0440\u043e\u0434\u043d\u043e\u0433\u043e \u0445\u043e\u0437\u044f\u0439\u0441\u0442\u0432\u0430 (\u043c\u0430\u043a\u0440\u043e\u044d\u043a\u043e\u043d\u043e\u043c\u0438\u043a\u0430), \u0442\u0435\u043c\u0430 \u0434\u0438\u0441\u0441\u0435\u0440\u0442\u0430\u0446\u0438\u043e\u043d\u043d\u043e\u0439 \u0440\u0430\u0431\u043e\u0442\u044b \u00ab\u041f\u0440\u043e\u0433\u043d\u043e\u0437\u0438\u0440\u043e\u0432\u0430\u043d\u0438\u0435 \u0438\u043d\u0442\u0435\u0433\u0440\u0430\u043b\u044c\u043d\u044b\u0445 \u0445\u0430\u0440\u0430\u043a\u0442\u0435\u0440\u0438\u0441\u0442\u0438\u043a\u00a0\u00a0\u0443\u0440\u043e\u0432\u043d\u044f \u0436\u0438\u0437\u043d\u0438 \u043d\u0430\u0441\u0435\u043b\u0435\u043d\u0438\u044f \u0440\u0435\u0441\u043f\u0443\u0431\u043b\u0438\u043a\u0438\u00bb.<\/p>\n<p><strong>2007 \u0433\u043e\u0434\u00a0<\/strong>\u00a0\u2013 \u0410\u0437\u0435\u0440\u0431\u0430\u0439\u0434\u0436\u0430\u043d\u0441\u043a\u0438\u0439 \u0433\u043e\u0441\u0443\u0434\u0430\u0440\u0441\u0442\u0432\u0435\u043d\u043d\u044b\u0439 \u044d\u043a\u043e\u043d\u043e\u043c\u0438\u0447\u0435\u0441\u043a\u0438\u0439 \u0443\u043d\u0438\u0432\u0435\u0440\u0441\u0438\u0442\u0435\u0442,\u00a0 \u0434\u0438\u043f\u043b\u043e\u043c \u0434\u043e\u043a\u0442\u043e\u0440\u0430 \u044d\u043a\u043e\u043d\u043e\u043c\u0438\u0447\u0435\u0441\u043a\u0438\u0445 \u043d\u0430\u0443\u043a, \u0441\u043f\u0435\u0446\u0438\u0430\u043b\u044c\u043d\u043e\u0441\u0442\u044c: 08.00.05 \u2013 \u042d\u043a\u043e\u043d\u043e\u043c\u0438\u043a\u0430 \u0438 \u0443\u043f\u0440\u0430\u0432\u043b\u0435\u043d\u0438\u0435 \u043d\u0430\u0440\u043e\u0434\u043d\u043e\u0433\u043e \u0445\u043e\u0437\u044f\u0439\u0441\u0442\u0432\u0430 (\u043c\u0430\u043a\u0440\u043e\u044d\u043a\u043e\u043d\u043e\u043c\u0438\u043a\u0430), \u0442\u0435\u043c\u0430 \u0434\u0438\u0441\u0441\u0435\u0440\u0442\u0430\u0446\u0438\u043e\u043d\u043d\u043e\u0439 \u0440\u0430\u0431\u043e\u0442\u044b: \u00ab\u041f\u0440\u043e\u0431\u043b\u0435\u043c\u044b \u0440\u0435\u0433\u0443\u043b\u0438\u0440\u043e\u0432\u0430\u043d\u0438\u044f \u0441\u043e\u0446\u0438\u0430\u043b\u044c\u043d\u043e\u0439 \u0438\u043d\u0444\u0440\u0430\u0441\u0442\u0440\u0443\u043a\u0442\u0443\u0440\u044b \u0432 \u0410\u0437\u0435\u0440\u0431\u0430\u0439\u0434\u0436\u0430\u043d\u0435 \u0432 \u0441\u043e\u0432\u0440\u0435\u043c\u0435\u043d\u043d\u044b\u0445 \u0443\u0441\u043b\u043e\u0432\u0438\u044f\u0445\u00bb<\/p>\n<p><strong>\u00a0\u041d\u0430\u043f\u0440\u0430\u0432\u043b\u0435\u043d\u0438\u044f \u043d\u0430\u0443\u0447\u043d\u043e\u0439 \u0434\u0435\u044f\u0442\u0435\u043b\u044c\u043d\u043e\u0441\u0442\u0438:<\/strong><\/p>\n<p>\u2013 35-\u043b\u0435\u0442\u043d\u0438\u0439 \u043e\u043f\u044b\u0442 \u0440\u0430\u0431\u043e\u0442\u044b \u0432 \u0438\u0437\u0443\u0447\u0435\u043d\u0438\u0438, \u0438\u0441\u0441\u043b\u0435\u0434\u043e\u0432\u0430\u043d\u0438\u0438, \u043e\u0431\u0440\u0430\u0431\u043e\u0442\u043a\u0438 \u0438 \u044d\u043a\u0441\u043f\u0435\u0440\u0442\u0438\u0437\u0435 \u0440\u0430\u0437\u043b\u0438\u0447\u043d\u044b\u0445 \u0441\u043e\u0446\u0438\u0430\u043b\u044c\u043d\u044b\u0445 \u0438 \u044d\u043a\u043e\u043d\u043e\u043c\u0438\u0447\u0435\u0441\u043a\u0438\u0445 \u043f\u0440\u043e\u0431\u043b\u0435\u043c \u0432 \u0410\u0437\u0435\u0440\u0431\u0430\u0439\u0434\u0436\u0430\u043d\u0435 \u0438 \u0434\u0440\u0443\u0433\u0438\u0445 \u0440\u0435\u0433\u0438\u043e\u043d\u0430\u0445 \u0431\u044b\u0432\u0448\u0435\u0433\u043e \u0421\u0421\u0421\u0420.<br \/>\n<strong>&#8212;\u00a0<\/strong><strong>1993-1994<\/strong>\u00a0\u0433\u0433. \u2013 \u0447\u043b\u0435\u043d \u042d\u043a\u0441\u043f\u0435\u0440\u0442\u043d\u043e\u0439 \u043a\u043e\u043c\u0438\u0441\u0441\u0438\u0438 \u041c\u0438\u043d\u0438\u0441\u0442\u0435\u0440\u0441\u0442\u0432\u0430 \u043e\u0431\u0440\u0430\u0437\u043e\u0432\u0430\u043d\u0438\u044f.<\/p>\n<p>&#8212;\u00a0<strong>2001 \u0433\u043e\u0434 \u2013 \u044d\u043a\u0441\u043f\u0435\u0440\u0442-\u044d\u043a\u043e\u043d\u043e\u043c\u0438\u0441\u0442 \u0432 \u00ab\u0413\u043e\u0441\u0443\u0434\u0430\u0440\u0441\u0442\u0432\u0435\u043d\u043d\u043e\u0439 \u043f\u0440\u043e\u0433\u0440\u0430\u043c\u043c\u0435 \u043f\u043e \u0441\u043e\u043a\u0440\u0430\u0449\u0435\u043d\u0438\u044e \u0431\u0435\u0434\u043d\u043e\u0441\u0442\u0438 \u0432 \u0410\u0437\u0435\u0440\u0431\u0430\u0439\u0434\u0436\u0430\u043d\u0435\u00bb.<\/strong><strong><br \/>\n<\/strong>\u042f\u0432\u043b\u044f\u0435\u0442\u0441\u044f \u0430\u0432\u0442\u043e\u0440\u043e\u043c \u0440\u044f\u0434\u0430 \u0438\u0437\u0434\u0430\u043d\u0438\u0439 \u043f\u043e \u0441\u043e\u0446\u0438\u0430\u043b\u044c\u043d\u044b\u043c \u0438 \u044d\u043a\u043e\u043d\u043e\u043c\u0438\u0447\u0435\u0441\u043a\u0438\u043c \u043f\u0440\u043e\u0431\u043b\u0435\u043c\u0430\u043c, \u0432 \u0442\u043e\u043c \u0447\u0438\u0441\u043b\u0435\u00a0 \u2013 \u0447\u0435\u0442\u044b\u0440\u0435\u0445 \u043e\u0442\u0447\u0435\u0442\u043e\u0432, \u043f\u043e \u043f\u0440\u043e\u0431\u043b\u0435\u043c\u0430\u043c \u0443\u0440\u043e\u0432\u043d\u044f \u0436\u0438\u0437\u043d\u0438, \u00a0\u0426\u0435\u043d\u0442\u0440\u0430\u043b\u044c\u043d\u043e\u0433\u043e \u044d\u043a\u043e\u043d\u043e\u043c\u0438\u043a\u043e-\u043c\u0430\u0442\u0435\u043c\u0430\u0442\u0438\u0447\u0435\u0441\u043a\u043e\u0433\u043e \u0438\u043d\u0441\u0442\u0438\u0442\u0443\u0442\u0430 \u0410\u041d \u0421\u0421\u0421\u0420.<\/p>\n<p>\u0412 \u0441\u043e\u043e\u0442\u0432\u0435\u0442\u0441\u0442\u0432\u0438\u0438 \u0441 \u0440\u0430\u0441\u043f\u043e\u0440\u044f\u0436\u0435\u043d\u0438\u0435\u043c \u041f\u0440\u0435\u0437\u0438\u0434\u0435\u043d\u0442\u0430 \u0410\u0420 \u043e\u0442 26 \u0441\u0435\u043d\u0442\u044f\u0431\u0440\u044f 2011 \u0433\u043e\u0434\u0430 \u0437\u0430 \u0437\u0430\u0441\u043b\u0443\u0433\u0438 \u0432 \u0440\u0430\u0437\u0432\u0438\u0442\u0438\u0438 \u043e\u0431\u0440\u0430\u0437\u043e\u0432\u0430\u043d\u0438\u044f \u0431\u044b\u043b \u0443\u0434\u043e\u0441\u0442\u043e\u0435\u043d \u0437\u0432\u0430\u043d\u0438\u044f \u00ab\u0417\u0430\u0441\u043b\u0443\u0436\u0435\u043d\u043d\u044b\u0439 \u0443\u0447\u0438\u0442\u0435\u043b\u044c\u00bb.<\/p>\n<p>\u0414\u043e 2017 \u0433\u043e\u0434\u0430 \u0431\u044b\u043b \u0437\u0430\u0432\u0435\u0434\u0443\u044e\u0449\u0438\u043c \u043a\u0430\u0444\u0435\u0434\u0440\u043e\u0439 \u00ab\u042d\u043a\u043e\u043d\u043e\u043c\u0438\u0447\u0435\u0441\u043a\u043e\u0435 \u043f\u0440\u0430\u0432\u043e\u00bb\u00a0UNEC.<\/p>\n<p>\u0412 \u043d\u0430\u0441\u0442\u043e\u044f\u0449\u0435\u0435 \u0432\u0440\u0435\u043c\u044f \u044f\u0432\u043b\u044f\u0435\u0442\u0441\u044f \u043f\u0440\u043e\u0444\u0435\u0441\u0441\u043e\u0440\u043e\u043c \u043a\u0430\u0444\u0435\u0434\u0440\u044b \u00ab\u042d\u043a\u043e\u043d\u043e\u043c\u0438\u043a\u0430\u00bb (\u0440\u0443\u0441\u0441\u043a\u0438\u0439 \u044f\u0437\u044b\u043a)\u00a0UNEC.<\/p>\n<p>&nbsp;<\/p>\n<p><span style=\"color: #000080;\"><em><a style=\"color: #000080;\" href=\"https:\/\/unec.edu.az\/application\/uploads\/2015\/06\/R-hmanov-F-rhad-2022.pdf\">\u0421\u041f\u0418\u0421\u041e\u041a \u041d\u0410\u0423\u0427\u041d\u042b\u0425 \u0422\u0420\u0423\u0414\u041e\u0412<\/a><\/em><\/span><\/p>\n<p style=\"text-align: justify;\"><a class=\"fancybox-thumb\" href=\"https:\/\/unec.edu.az\/application\/uploads\/2016\/02\/DSC_4833.jpg\" rel=\"fancybox-thumb\"><img decoding=\"async\" class=\"fancybox-margin alignnone wp-image-40943 \" src=\"https:\/\/unec.edu.az\/application\/uploads\/2016\/02\/DSC_4833-236x180.jpg\" alt=\"DSC_4833\" width=\"168\" height=\"128\" \/><\/a><a class=\"fancybox-thumb\" href=\"https:\/\/unec.edu.az\/application\/uploads\/2016\/09\/20160921_123635.jpg\" rel=\"fancybox-thumb\"><img decoding=\"async\" class=\"fancybox-margin alignnone wp-image-65362\" src=\"https:\/\/unec.edu.az\/application\/uploads\/2016\/09\/20160921_123635-300x200.jpg\" alt=\"20160921_123635\" width=\"194\" height=\"129\" srcset=\"http:\/\/unec.edu.az\/application\/uploads\/2016\/09\/20160921_123635-300x200.jpg 300w, http:\/\/unec.edu.az\/application\/uploads\/2016\/09\/20160921_123635.jpg 800w\" sizes=\"(max-width: 194px) 100vw, 194px\" \/><\/a><a class=\"fancybox-thumb\" href=\"https:\/\/unec.edu.az\/application\/uploads\/2015\/06\/1-farhad_1376.jpg\" rel=\"fancybox-thumb\"><img loading=\"lazy\" decoding=\"async\" class=\"fancybox-margin  alignnone wp-image-73730\" title=\"UNEC-d\u0259 konfrans: \u201cM\u00fcst\u0259qil Az\u0259rbaycan\u0131n inki\u015faf\u0131 r\u0259q\u0259ml\u0259rd\u0259\u201d (24.11.2016)\" src=\"https:\/\/unec.edu.az\/application\/uploads\/2015\/06\/1-farhad_1376-300x200.jpg\" alt=\"1-farhad_1376\" width=\"191\" height=\"127\" srcset=\"http:\/\/unec.edu.az\/application\/uploads\/2015\/06\/1-farhad_1376-300x200.jpg 300w, http:\/\/unec.edu.az\/application\/uploads\/2015\/06\/1-farhad_1376.jpg 800w\" sizes=\"(max-width: 191px) 100vw, 191px\" \/><\/a><a class=\"fancybox-thumb\" href=\"https:\/\/unec.edu.az\/application\/uploads\/2016\/04\/Untitled.jpg\" rel=\"fancybox-thumb\"><img loading=\"lazy\" decoding=\"async\" class=\"fancybox-margin alignnone wp-image-48320\" src=\"https:\/\/unec.edu.az\/application\/uploads\/2016\/04\/Untitled-300x162.jpg\" alt=\"Untitled\" width=\"237\" height=\"128\" srcset=\"http:\/\/unec.edu.az\/application\/uploads\/2016\/04\/Untitled-300x162.jpg 300w, http:\/\/unec.edu.az\/application\/uploads\/2016\/04\/Untitled.jpg 1021w\" sizes=\"(max-width: 237px) 100vw, 237px\" \/><\/a><a class=\"fancybox-thumb\" href=\"https:\/\/unec.edu.az\/application\/uploads\/2016\/04\/20160411_181319.jpg\" rel=\"fancybox-thumb\"><img loading=\"lazy\" decoding=\"async\" class=\"fancybox-margin alignnone wp-image-48319\" src=\"https:\/\/unec.edu.az\/application\/uploads\/2016\/04\/20160411_181319-300x225.jpg\" alt=\"20160411_181319\" width=\"171\" height=\"128\" srcset=\"http:\/\/unec.edu.az\/application\/uploads\/2016\/04\/20160411_181319-300x225.jpg 300w, http:\/\/unec.edu.az\/application\/uploads\/2016\/04\/20160411_181319.jpg 1024w, http:\/\/unec.edu.az\/application\/uploads\/2016\/04\/20160411_181319-430x320.jpg 430w, http:\/\/unec.edu.az\/application\/uploads\/2016\/04\/20160411_181319-630x470.jpg 630w\" sizes=\"(max-width: 171px) 100vw, 171px\" \/><\/a><\/p>\n<p><a style=\"color: #000000;\" href=\"https:\/\/unec.edu.az\/ru\/unec-professorlari-beynelxalq-elmi-seminara-qatiliblar\/\">\u041f\u0440\u043e\u0444\u0435\u0441\u0441\u043e\u0440\u0430 UNEC \u043f\u0440\u0438\u043d\u044f\u043b\u0438 \u0443\u0447\u0430\u0441\u0442\u0438\u0435 \u0432 \u043c\u0435\u0436\u0434\u0443\u043d\u0430\u0440\u043e\u0434\u043d\u043e\u043c \u043d\u0430\u0443\u0447\u043d\u043e\u043c \u0441\u0435\u043c\u0438\u043d\u0430\u0440\u0435<\/a>\u00a0\u00a0<em>(27.09.2016)<br \/>\n<\/em><a style=\"color: #000000;\" href=\"https:\/\/unec.edu.az\/ru\/unec-professoru-beynelxalq-konfransda-cixis-edib\/\">\u041f\u0440\u043e\u0444\u0435\u0441\u0441\u043e\u0440 UNEC \u0432\u044b\u0441\u0442\u0443\u043f\u0438\u043b \u043d\u0430 \u043c\u0435\u0436\u0434\u0443\u043d\u0430\u0440\u043e\u0434\u043d\u043e\u0439 \u043a\u043e\u043d\u0444\u0435\u0440\u0435\u043d\u0446\u0438\u0438<\/a>\u00a0(18.04.2016)<\/p>\n","protected":false},"excerpt":{"rendered":"<p>\u0417\u0430\u0432\u0435\u0434\u0443\u044e\u0449\u0438\u0439 \u043a\u0430\u0444\u0435\u0434\u0440\u043e\u0439 &#171;\u042d\u043a\u043e\u043d\u043e\u043c\u0438\u0447\u0435\u0441\u043a\u043e\u0435 \u043f\u0440\u0430\u0432\u043e&#187; \u0434.\u044d.\u043d., \u043f\u0440\u043e\u0444. \u0424\u0430\u0440\u0445\u0430\u0434 \u041f\u0430\u043d\u0430\u0445 \u043e\u0433\u043b\u044b \u0420\u0430\u0445\u043c\u0430\u043d\u043e\u0432 \u0420\u043e\u0434\u0438\u043b\u0441\u044f \u0432 1952\u00a0\u00a0\u0433\u043e\u0434\u0443 \u0432 \u0433\u043e\u0440\u043e\u0434\u0435 \u0411\u0430\u043a\u0443. \u041e\u0431\u0440\u0430\u0437\u043e\u0432\u0430\u043d\u0438\u0435: \u0411\u0430\u043a\u0438\u043d\u0441\u043a\u0438\u0439 \u0433\u043e\u0441\u0443\u0434\u0430\u0440\u0441\u0442\u0432\u0435\u043d\u043d\u044b\u0439 \u0443\u043d\u0438\u0432\u0435\u0440\u0441\u0438\u0442\u0435\u0442, \u041c\u0435\u0445\u0430\u043d\u0438\u043a\u043e-\u043c\u0430\u0442\u0435\u043c\u0430\u0442\u0438\u0447\u0435\u0441\u043a\u0438\u0439 \u0444\u0430\u043a\u0443\u043b\u044c\u0442\u0435\u0442 (1969-1974) 1984 \u0433\u043e\u0434 \u2013\u00a0\u00a0\u0426\u0435\u043d\u0442\u0440\u0430\u043b\u044c\u043d\u044b\u0439 \u044d\u043a\u043e\u043d\u043e\u043c\u0438\u043a\u043e-\u043c\u0430\u0442\u0435\u043c\u0430\u0442\u0438\u0447\u0435\u0441\u043a\u0438\u0439 \u0438\u043d\u0441\u0442\u0438\u0442\u0443\u0442 \u0410\u041d \u0421\u0421\u0421\u0420, \u041c\u043e\u0441\u043a\u0432\u0430, \u043a\u0430\u043d\u0434\u0438\u0434\u0430\u0442 \u044d\u043a\u043e\u043d\u043e\u043c\u0438\u0447\u0435\u0441\u043a\u0438\u0445 \u043d\u0430\u0443\u043a, \u0441\u043f\u0435\u0446\u0438\u0430\u043b\u044c\u043d\u043e\u0441\u0442\u044c: 08.00.05 \u2013 \u042d\u043a\u043e\u043d\u043e\u043c\u0438\u043a\u0430 \u0438 \u0443\u043f\u0440\u0430\u0432\u043b\u0435\u043d\u0438\u0435 \u043d\u0430\u0440\u043e\u0434\u043d\u043e\u0433\u043e \u0445\u043e\u0437\u044f\u0439\u0441\u0442\u0432\u0430 (\u043c\u0430\u043a\u0440\u043e\u044d\u043a\u043e\u043d\u043e\u043c\u0438\u043a\u0430), \u0442\u0435\u043c\u0430 \u0434\u0438\u0441\u0441\u0435\u0440\u0442\u0430\u0446\u0438\u043e\u043d\u043d\u043e\u0439 \u0440\u0430\u0431\u043e\u0442\u044b \u00ab\u041f\u0440\u043e\u0433\u043d\u043e\u0437\u0438\u0440\u043e\u0432\u0430\u043d\u0438\u0435 \u0438\u043d\u0442\u0435\u0433\u0440\u0430\u043b\u044c\u043d\u044b\u0445 \u0445\u0430\u0440\u0430\u043a\u0442\u0435\u0440\u0438\u0441\u0442\u0438\u043a\u00a0\u00a0\u0443\u0440\u043e\u0432\u043d\u044f \u0436\u0438\u0437\u043d\u0438 \u043d\u0430\u0441\u0435\u043b\u0435\u043d\u0438\u044f \u0440\u0435\u0441\u043f\u0443\u0431\u043b\u0438\u043a\u0438\u00bb. 2007 \u0433\u043e\u0434\u00a0\u00a0\u2013 \u0410\u0437\u0435\u0440\u0431\u0430\u0439\u0434\u0436\u0430\u043d\u0441\u043a\u0438\u0439 [&hellip;]<\/p>\n","protected":false},"author":10,"featured_media":0,"parent":0,"menu_order":0,"comment_status":"open","ping_status":"open","template":"","meta":{"footnotes":""},"class_list":["post-13145","page","type-page","status-publish","hentry"],"_links":{"self":[{"href":"http:\/\/unec.edu.az\/ru\/wp-json\/wp\/v2\/pages\/13145","targetHints":{"allow":["GET"]}}],"collection":[{"href":"http:\/\/unec.edu.az\/ru\/wp-json\/wp\/v2\/pages"}],"about":[{"href":"http:\/\/unec.edu.az\/ru\/wp-json\/wp\/v2\/types\/page"}],"author":[{"embeddable":true,"href":"http:\/\/unec.edu.az\/ru\/wp-json\/wp\/v2\/users\/10"}],"replies":[{"embeddable":true,"href":"http:\/\/unec.edu.az\/ru\/wp-json\/wp\/v2\/comments?post=13145"}],"version-history":[{"count":9,"href":"http:\/\/unec.edu.az\/ru\/wp-json\/wp\/v2\/pages\/13145\/revisions"}],"predecessor-version":[{"id":177139,"href":"http:\/\/unec.edu.az\/ru\/wp-json\/wp\/v2\/pages\/13145\/revisions\/177139"}],"wp:attachment":[{"href":"http:\/\/unec.edu.az\/ru\/wp-json\/wp\/v2\/media?parent=13145"}],"curies":[{"name":"wp","href":"https:\/\/api.w.org\/{rel}","templated":true}]}}