{"id":13169,"date":"2015-06-04T14:48:06","date_gmt":"2015-06-04T10:48:06","guid":{"rendered":"https:\/\/unec.edu.az\/memmedova-lale-hamlet-qizi-2\/"},"modified":"2025-09-23T11:20:22","modified_gmt":"2025-09-23T07:20:22","slug":"memmedova-lale-hamlet-qizi","status":"publish","type":"page","link":"http:\/\/unec.edu.az\/ru\/memmedova-lale-hamlet-qizi\/","title":{"rendered":"\u0414\u0438\u0440\u0435\u043a\u0442\u043e\u0440 \u0428\u043a\u043e\u043b\u044b \u0434\u0438\u0437\u0430\u0439\u043d\u0430 UNEC  \u0434.\u0444.\u043f.\u0438.\u041c\u0430\u043c\u0435\u0434\u043e\u0432\u0430 \u041b\u0430\u043b\u0430 \u0413\u0430\u043c\u043b\u0435\u0442 \u043a\u044b\u0437\u044b"},"content":{"rendered":"<h4 style=\"text-align: justify;\"><\/h4>\n<h4><strong><a href=\"http:\/\/unec.edu.az\/application\/uploads\/2024\/09\/lala-23.jpg\"><img decoding=\"async\" class=\"alignleft wp-image-444207 \" title=\"left\" src=\"http:\/\/unec.edu.az\/application\/uploads\/2024\/09\/lala-23-237x300.jpg\" sizes=\"(max-width: 190px) 100vw, 190px\" srcset=\"https:\/\/unec.edu.az\/application\/uploads\/2024\/09\/lala-23-237x300.jpg 237w, https:\/\/unec.edu.az\/application\/uploads\/2024\/09\/lala-23-810x1024.jpg 810w, https:\/\/unec.edu.az\/application\/uploads\/2024\/09\/lala-23-768x971.jpg 768w, https:\/\/unec.edu.az\/application\/uploads\/2024\/09\/lala-23.jpg 1103w\" alt=\"\" width=\"190\" height=\"241\" \/><\/a><\/strong><\/h4>\n<h4 class=\"tw-data-text tw-text-large XcVN5d tw-ta\" dir=\"ltr\" data-placeholder=\"\u041f\u0435\u0440\u0435\u0432\u043e\u0434\"><span style=\"color: #800000;\"><span lang=\"ru\">\u0414\u0438\u0440\u0435\u043a\u0442\u043e\u0440 \u0428\u043a\u043e\u043b\u044b \u0434\u0438\u0437\u0430\u0439\u043d\u0430 UNEC <\/span>\u0434.\u0444.\u043f.\u0438., \u0434\u043e\u0446.\u00a0\u041c\u0430\u043c\u0435\u0434\u043e\u0432\u0430 \u041b\u0430\u043b\u0430 \u0413\u0430\u043c\u043b\u0435\u0442\u00a0<\/span><\/h4>\n<p><span style=\"color: #000080;\"><em>e-mail: lala.mammadova@unec.edu.az<br \/>\n<\/em><i>\u041a\u043e\u043d\u0442\u0430\u043a\u0442\u043d\u044b\u0439 \u0442\u0435\u043b\u0435\u0444\u043e\u043d: +(994) 012 492 59 03 (13-21)<br \/>\n<\/i><i>\u0410\u0434\u0440\u0435\u0441: \u0411\u0430\u043a\u0443, \u041c\u0443\u0440\u0442\u0443\u0437\u0430 \u041c\u0443\u0445\u0442\u0430\u0440\u043e\u0432, 194 (<\/i><i><span lang=\"EN-US\">III<\/span><\/i><i>\u00a0<\/i><i>\u0443\u0447\u0435\u0431\u043d\u044b\u0439 \u043a\u043e\u0440\u043f\u0443\u0441\u00a0<\/i><i><span lang=\"EN-US\">UNEC<\/span><\/i><i>)<\/i><\/span><\/p>\n<p>\u0420\u043e\u0434\u0438\u043b\u0430\u0441\u044c 10 \u043e\u043a\u0442\u044f\u0431\u0440\u044f 1972 \u0433\u043e\u0434\u0430 \u0432\u00a0\u0433\u043e\u0440\u043e\u0434\u0435 \u0421\u0430\u043d\u043a\u0442-\u041f\u0435\u0442\u0435\u0440\u0431\u0443\u0440\u0433\u0435 \u0420\u043e\u0441\u0441\u0438\u0439\u0441\u043a\u043e\u0439 \u0424\u0435\u0434\u0435\u0440\u0430\u0446\u0438\u0438.<\/p>\n<p>1989 \u0433\u043e\u0434\u0443 \u043e\u043a\u043e\u043d\u0447\u0438\u043b\u0430 \u0441\u0440\u0435\u0434\u043d\u044e\u044e \u0448\u043a\u043e\u043b\u0443 \u2116 174 \u041d\u0430\u0441\u0438\u043c\u0438\u043d\u0441\u043a\u043e\u0433\u043e \u0440\u0430\u0439\u043e\u043d\u0430 \u0433\u043e\u0440\u043e\u0434\u0430 \u0411\u0430\u043a\u0443.<\/p>\n<p>\u0412 1989-1994 \u0433\u043e\u0434\u0430\u0445 \u0443\u0447\u0438\u043b\u0430\u0441\u044c \u043d\u0430 \u0444\u0430\u043a\u0443\u043b\u044c\u0442\u0435\u0442\u0435 \u00ab\u0425\u0443\u0434\u043e\u0436\u0435\u0441\u0442\u0432\u0435\u043d\u043d\u0430\u044f \u0433\u0440\u0430\u0444\u0438\u043a\u0430\u00bb \u0410\u0437\u0435\u0440\u0431\u0430\u0439\u0434\u0436\u0430\u043d\u0441\u043a\u043e\u0433\u043e \u0433\u043e\u0441\u0443\u0434\u0430\u0440\u0441\u0442\u0432\u0435\u043d\u043d\u043e\u0433\u043e \u043f\u0435\u0434\u0430\u0433\u043e\u0433\u0438\u0447\u0435\u0441\u043a\u043e\u0433\u043e \u0443\u043d\u0438\u0432\u0435\u0440\u0441\u0438\u0442\u0435\u0442\u0430 \u0438\u043c. \u041d.\u0422\u0443\u0441\u0438.<\/p>\n<p>\u0412 1994-1999 \u0433\u0433. \u0440\u0430\u0431\u043e\u0442\u0430\u043b\u0430 \u0432 \u0441\u0440\u0435\u0434\u043d\u0435\u0439 \u0448\u043a\u043e\u043b\u0435 \u2116 175 \u0438\u043c.\u0410\u0441\u043b\u0430\u043d\u043e\u0432\u0430, \u043d\u0430 \u0434\u043e\u043b\u0436\u043d\u043e\u0441\u0442\u0438 \u043f\u0440\u0435\u043f\u043e\u0434\u0430\u0432\u0430\u0442\u0435\u043b\u044f \u043f\u043e \u0434\u0438\u0441\u0446\u0438\u043f\u043b\u0438\u043d\u0435 \u00ab\u0418\u0437\u043e\u0431\u0440\u0430\u0437\u0438\u0442\u0435\u043b\u044c\u043d\u043e\u0435 \u0438\u0441\u043a\u0443\u0441\u0441\u0442\u0432\u043e\u00bb.<\/p>\n<p>1999-2000 \u0433\u0433. \u0440\u0430\u0431\u043e\u0442\u0430\u043b\u0430 \u0430\u0441\u0441\u0438\u0441\u0442\u0435\u043d\u0442\u043e\u043c \u043a\u0430\u0444\u0435\u0434\u0440\u044b \u00ab\u0414\u0438\u0437\u0430\u0439\u043d\u00bb \u0432 \u0411\u0430\u043a\u0438\u043d\u0441\u043a\u043e\u043c \u0442\u043e\u0432\u0430\u0440\u043e\u0432\u0435\u0434\u043d\u043e-\u043a\u043e\u043c\u043c\u0435\u0440\u0447\u0435\u0441\u043a\u043e\u043c \u0438\u043d\u0441\u0442\u0438\u0442\u0443\u0442\u0435, 2000-2014 \u0433\u0433. \u00a0\u0441\u0442\u0430\u0440\u0448\u0438\u043c \u043f\u0440\u0435\u043f\u043e\u0434\u0430\u0432\u0430\u0442\u0435\u043b\u0435\u043c \u043a\u0430\u0444\u0435\u0434\u0440\u044b \u00ab\u0414\u0438\u0437\u0430\u0439\u043d\u00bb \u0410\u0437\u0435\u0440\u0431\u0430\u0439\u0434\u0436\u0430\u043d\u0441\u043a\u043e\u0433\u043e \u0433\u043e\u0441\u0443\u0434\u0430\u0440\u0441\u0442\u0432\u0435\u043d\u043d\u043e\u0433\u043e \u044d\u043a\u043e\u043d\u043e\u043c\u0438\u0447\u0435\u0441\u043a\u043e\u0433\u043e \u0443\u043d\u0438\u0432\u0435\u0440\u0441\u0438\u0442\u0435\u0442\u0430.<\/p>\n<p>\u0421 15.09.2014 \u0433\u043e\u0434\u0430 \u0440\u0430\u0431\u043e\u0442\u0430\u043b\u0430 \u0438\u0441\u043f\u043e\u043b\u043d\u044f\u044e\u0449\u0438\u043c \u043e\u0431\u044f\u0437\u0430\u043d\u043d\u043e\u0441\u0442\u0438 \u0443\u043a\u0430\u0437\u0430\u043d\u043d\u043e\u0439 \u043a\u0430\u0444\u0435\u0434\u0440\u044b, \u0441 21.04.2016 \u0433\u043e\u0434\u0430 \u043d\u0430 \u0434\u043e\u043b\u0436\u043d\u043e\u0441\u0442\u0438 \u0437\u0430\u0432\u0435\u0434\u0443\u044e\u0449\u0435\u0439 \u043a\u0430\u0444\u0435\u0434\u0440\u043e\u0439.<\/p>\n<p>\u0412 \u0446\u0435\u043b\u044f\u0445 \u043e\u0431\u0435\u0441\u043f\u0435\u0447\u0435\u043d\u0438\u044f \u0440\u0435\u0430\u043b\u0438\u0437\u0430\u0446\u0438\u0438 \u0440\u0435\u0448\u0435\u043d\u0438\u0439 \u043e\u043d\u043b\u0430\u0439\u043d-\u0437\u0430\u0441\u0435\u0434\u0430\u043d\u0438\u044f \u0423\u0447\u0435\u043d\u043e\u0433\u043e \u0441\u043e\u0432\u0435\u0442\u0430 UNEC \u2116 172 \u043e\u0442 31 \u043c\u0430\u044f 2020 \u0433\u043e\u0434\u0430 \u0438 \u2116 173 \u043e\u043d\u043b\u0430\u0439\u043d-\u0437\u0430\u0441\u0435\u0434\u0430\u043d\u0438\u044f \u043e\u0442 14 \u0441\u0435\u043d\u0442\u044f\u0431\u0440\u044f 2020 \u0433\u043e\u0434\u0430 \u0441 19.10.2020 \u0433\u043e\u0434\u0430 \u0440\u0430\u0431\u043e\u0442\u0430\u0435\u0442 \u0434\u0438\u0440\u0435\u043a\u0442\u043e\u0440\u043e\u043c \u0428\u043a\u043e\u043b\u044b \u0434\u0438\u0437\u0430\u0439\u043d\u0430 UNEC, \u0441\u043e\u0437\u0434\u0430\u043d\u043d\u043e\u0439 \u043d\u0430 \u0431\u0430\u0437\u0435 \u043b\u0438\u043a\u0432\u0438\u0434\u0438\u0440\u043e\u0432\u0430\u043d\u043d\u043e\u0439 \u043a\u0430\u0444\u0435\u0434\u0440\u044b \u00ab\u0414\u0438\u0437\u0430\u0439\u043d\u00bb.<\/p>\n<p>\u0412 2013 \u0433\u043e\u0434\u0443 \u0437\u0430\u0449\u0438\u0442\u0438\u043b\u0430 \u043a\u0430\u043d\u0434\u0438\u0434\u0430\u0442\u0441\u043a\u0443\u044e \u0434\u0438\u0441\u0441\u0435\u0440\u0442\u0430\u0446\u0438\u044e \u043d\u0430 \u0442\u0435\u043c\u0443 \u00ab\u0416\u0438\u0432\u043e\u043f\u0438\u0441\u044c \u0432 \u0442\u0432\u043e\u0440\u0447\u0435\u0441\u0442\u0432\u0435 \u0441\u0440\u0435\u0434\u043d\u0435\u0432\u0435\u043a\u043e\u0432\u044b\u0445 \u0430\u0437\u0435\u0440\u0431\u0430\u0439\u0434\u0436\u0430\u043d\u0441\u043a\u0438\u0445 \u0445\u0443\u0434\u043e\u0436\u043d\u0438\u043a\u043e\u0432-\u043c\u0438\u043d\u0438\u0430\u0442\u044e\u0440\u0438\u0441\u0442\u043e\u0432\u00bb \u0438 03.03.2014 \u0433\u043e\u0434\u0430 \u0412\u044b\u0441\u0448\u0435\u0439 \u0410\u0442\u0442\u0435\u0441\u0442\u0430\u0446\u0438\u043e\u043d\u043d\u043e\u0439 \u041a\u043e\u043c\u0438\u0441\u0441\u0438\u0435\u0439 \u043f\u0440\u0438 \u041f\u0440\u0435\u0437\u0438\u0434\u0435\u043d\u0442\u0435 \u0410\u0437\u0435\u0440\u0431\u0430\u0439\u0434\u0436\u0430\u043d\u0441\u043a\u043e\u0439 \u0420\u0435\u0441\u043f\u0443\u0431\u043b\u0438\u043a\u0438 \u0435\u0439 \u0431\u044b\u043b\u0430 \u043f\u0440\u0438\u0441\u0432\u043e\u0435\u043d\u0430 \u0443\u0447\u0435\u043d\u0430\u044f \u0441\u0442\u0435\u043f\u0435\u043d\u044c \u0434\u043e\u043a\u0442\u043e\u0440\u0430 \u0444\u0438\u043b\u043e\u0441\u043e\u0444\u0438\u0438 \u043f\u043e \u0438\u0441\u043a\u0443\u0441\u0441\u0442\u0432\u043e\u0432\u0435\u0434\u0435\u043d\u0438\u044e. (\u0434\u0438\u043f\u043b\u043e\u043c \u0424\u0414 \u211608684 \u043e\u0442 03.03.2014 \u0433., \u043f\u0440\u043e\u0442\u043e\u043a\u043e\u043b \u211606-\u043a).<\/p>\n<p>22 \u0438\u044e\u043b\u044f 2019 \u0433\u043e\u0434\u0430 \u0412\u044b\u0441\u0448\u0435\u0439 \u0430\u0442\u0442\u0435\u0441\u0442\u0430\u0446\u0438\u043e\u043d\u043d\u043e\u0439 \u043a\u043e\u043c\u0438\u0441\u0441\u0438\u0435\u0439 \u043f\u0440\u0438 \u041f\u0440\u0435\u0437\u0438\u0434\u0435\u043d\u0442\u0435 \u0410\u0437\u0435\u0440\u0431\u0430\u0439\u0434\u0436\u0430\u043d\u0441\u043a\u043e\u0439 \u0420\u0435\u0441\u043f\u0443\u0431\u043b\u0438\u043a\u0438 (\u043f\u0440\u043e\u0442\u043e\u043a\u043e\u043b \u2116 14-\u043a) \u0431\u044b\u043b\u043e \u043f\u0440\u0438\u0441\u0432\u043e\u0435\u043d\u043e \u0443\u0447\u0435\u043d\u043e\u0435 \u0437\u0432\u0430\u043d\u0438\u0435 \u0434\u043e\u0446\u0435\u043d\u0442\u0430 \u043f\u043e \u043a\u0430\u0444\u0435\u0434\u0440\u0435 \u0414\u0438\u0437\u0430\u0439\u043d\u0430. \u0414\u0438\u043f\u043b\u043e\u043c \u2013 DS \u211606888, (050321) \u2013 \u0414\u0438\u0437\u0430\u0439\u043d.<\/p>\n<p>\u0412 2020 \u0433\u043e\u0434\u0443 \u043f\u043e \u0441\u043b\u0443\u0447\u0430\u044e 90-\u043b\u0435\u0442\u0438\u044f \u0410\u0437\u0435\u0440\u0431\u0430\u0439\u0434\u0436\u0430\u043d\u0441\u043a\u043e\u0433\u043e \u0433\u043e\u0441\u0443\u0434\u0430\u0440\u0441\u0442\u0432\u0435\u043d\u043d\u043e\u0433\u043e \u044d\u043a\u043e\u043d\u043e\u043c\u0438\u0447\u0435\u0441\u043a\u043e\u0433\u043e \u0443\u043d\u0438\u0432\u0435\u0440\u0441\u0438\u0442\u0435\u0442\u0430 \u0438 \u0437\u0430 \u0437\u0430\u0441\u043b\u0443\u0433\u0438 \u0432 \u0440\u0430\u0437\u0432\u0438\u0442\u0438\u0438 \u043e\u0431\u0440\u0430\u0437\u043e\u0432\u0430\u043d\u0438\u044f \u0432 \u0410\u0437\u0435\u0440\u0431\u0430\u0439\u0434\u0436\u0430\u043d\u0435 \u0431\u044b\u043b\u0430 \u043d\u0430\u0433\u0440\u0430\u0436\u0434\u0435\u043d\u0430 \u043d\u0430\u0433\u0440\u0443\u0434\u043d\u044b\u043c \u0437\u043d\u0430\u043a\u043e\u043c \u00ab\u041f\u0435\u0440\u0435\u0434\u043e\u0432\u043e\u0439 \u0440\u0430\u0431\u043e\u0442\u043d\u0438\u043a \u043e\u0431\u0440\u0430\u0437\u043e\u0432\u0430\u043d\u0438\u044f\u00bb \u041c\u0438\u043d\u0438\u0441\u0442\u0435\u0440\u0441\u0442\u0432\u043e\u043c \u043e\u0431\u0440\u0430\u0437\u043e\u0432\u0430\u043d\u0438\u044f \u0410\u0437\u0435\u0440\u0431\u0430\u0439\u0434\u0436\u0430\u043d\u0441\u043a\u043e\u0439 \u0420\u0435\u0441\u043f\u0443\u0431\u043b\u0438\u043a\u0438.<\/p>\n<p>08.07.2025 \u0433\u043e\u0434\u0430 \u0437\u0430 \u043f\u043b\u043e\u0434\u043e\u0442\u0432\u043e\u0440\u043d\u0443\u044e \u043d\u0430\u0443\u0447\u043d\u043e-\u043f\u0435\u0434\u0430\u0433\u043e\u0433\u0438\u0447\u0435\u0441\u043a\u0443\u044e \u0434\u0435\u044f\u0442\u0435\u043b\u044c\u043d\u043e\u0441\u0442\u044c \u0432 \u043f\u043e\u0434\u0433\u043e\u0442\u043e\u0432\u043a\u0435 \u0432\u044b\u0441\u043e\u043a\u043e\u043a\u0432\u0430\u043b\u0438\u0444\u0438\u0446\u0438\u0440\u043e\u0432\u0430\u043d\u043d\u044b\u0445 \u043a\u0430\u0434\u0440\u043e\u0432-\u044d\u043a\u043e\u043d\u043e\u043c\u0438\u0441\u0442\u043e\u0432 \u0438 \u0432 \u0441\u0432\u044f\u0437\u0438 \u0441 95-\u043b\u0435\u0442\u043d\u0438\u043c \u044e\u0431\u0438\u043b\u0435\u0435\u043c \u0410\u0437\u0435\u0440\u0431\u0430\u0439\u0434\u0436\u0430\u043d\u0441\u043a\u043e\u0433\u043e \u0433\u043e\u0441\u0443\u0434\u0430\u0440\u0441\u0442\u0432\u0435\u043d\u043d\u043e\u0433\u043e \u044d\u043a\u043e\u043d\u043e\u043c\u0438\u0447\u0435\u0441\u043a\u043e\u0433\u043e \u0443\u043d\u0438\u0432\u0435\u0440\u0441\u0438\u0442\u0435\u0442\u0430 \u043d\u0430\u0433\u0440\u0430\u0436\u0434\u0435\u043d\u0430 \u00ab\u041f\u043e\u0447\u0435\u0442\u043d\u043e\u0439 \u0433\u0440\u0430\u043c\u043e\u0442\u043e\u0439 \u041c\u0438\u043d\u0438\u0441\u0442\u0435\u0440\u0441\u0442\u0432\u0430 \u043d\u0430\u0443\u043a\u0438 \u0438 \u043e\u0431\u0440\u0430\u0437\u043e\u0432\u0430\u043d\u0438\u044f \u0410\u0437\u0435\u0440\u0431\u0430\u0439\u0434\u0436\u0430\u043d\u0441\u043a\u043e\u0439 \u0420\u0435\u0441\u043f\u0443\u0431\u043b\u0438\u043a\u0438.<\/p>\n<p>\u0418\u043c\u0435\u0435\u0442 26-\u043b\u0435\u0442\u043d\u0438\u0439 \u043d\u0430\u0443\u0447\u043d\u043e-\u043f\u0435\u0434\u0430\u0433\u043e\u0433\u0438\u0447\u0435\u0441\u043a\u0438\u0439 \u0441\u0442\u0430\u0436, \u044f\u0432\u043b\u044f\u0435\u0442\u0441\u044f \u0430\u0432\u0442\u043e\u0440\u043e\u043c \u0431\u043e\u043b\u0435\u0435 100 \u043d\u0430\u0443\u0447\u043d\u044b\u0445 \u043f\u0440\u043e\u0438\u0437\u0432\u0435\u0434\u0435\u043d\u0438\u0439, \u0432 \u0442\u043e\u043c \u0447\u0438\u0441\u043b\u0435 2 \u0443\u0447\u0435\u0431\u043d\u0438\u043a\u043e\u0432, 11 \u0443\u0447\u0435\u0431\u043d\u044b\u0445 \u043f\u0440\u043e\u0433\u0440\u0430\u043c\u043c.<\/p>\n<p>\u042f\u0432\u043b\u044f\u0435\u0442\u0441\u044f \u0447\u043b\u0435\u043d\u043e\u043c \u0421\u043e\u044e\u0437\u0430 \u0445\u0443\u0434\u043e\u0436\u043d\u0438\u043a\u043e\u0432 \u0410\u0437\u0435\u0440\u0431\u0430\u0439\u0434\u0436\u0430\u043d\u0430.<\/p>\n<p><a class=\"fancybox-thumb\" href=\"https:\/\/unec.edu.az\/application\/uploads\/2016\/12\/kollektiv_5643.jpg\"><img decoding=\"async\" class=\"fancybox-margin  alignnone wp-image-79014 size-thumbnail\" title=\"UNEC m\u00fc\u0259lliml\u0259ri m\u00fckafatland\u0131rld\u0131 (30.12.2016)\" src=\"https:\/\/unec.edu.az\/application\/uploads\/2016\/12\/kollektiv_5643-150x150.jpg\" alt=\"kollektiv_5643\" width=\"150\" height=\"150\" \/><\/a><a class=\"fancybox-thumb\" href=\"https:\/\/unec.edu.az\/application\/uploads\/2015\/06\/Turkiye.jpg\"><img decoding=\"async\" class=\"fancybox-margin alignnone wp-image-85330 size-thumbnail\" title=\"UNEC m\u00fc\u0259lliml\u0259rinin T\u00fcrkiy\u0259 universitetl\u0259rin\u0259 s\u0259f\u0259ri s\u0259m\u0259r\u0259li oldu (16.02.2017)\" src=\"https:\/\/unec.edu.az\/application\/uploads\/2015\/06\/Turkiye-150x150.jpg\" alt=\"Turkiye\" width=\"150\" height=\"150\" \/><\/a><a class=\"fancybox-thumb\" href=\"https:\/\/unec.edu.az\/application\/uploads\/2015\/06\/qida09158.jpg\"><img loading=\"lazy\" decoding=\"async\" class=\"fancybox-margin alignnone wp-image-85329 size-thumbnail\" title=\"UNEC m\u00fc\u0259lliml\u0259rinin T\u00fcrkiy\u0259 universitetl\u0259rin\u0259 s\u0259f\u0259ri s\u0259m\u0259r\u0259li oldu (16.02.2017)\" src=\"https:\/\/unec.edu.az\/application\/uploads\/2015\/06\/qida09158-150x150.jpg\" alt=\"qida09158\" width=\"150\" height=\"150\" \/><\/a><a class=\"fancybox-thumb\" href=\"https:\/\/unec.edu.az\/application\/uploads\/2016\/03\/DSC_7219.jpg\"><img loading=\"lazy\" decoding=\"async\" class=\"fancybox-margin alignnone wp-image-46439 size-thumbnail\" src=\"https:\/\/unec.edu.az\/application\/uploads\/2016\/03\/DSC_7219-150x150.jpg\" alt=\"DSC_7219\" width=\"150\" height=\"150\" \/><\/a><a class=\"fancybox-thumb\" href=\"https:\/\/unec.edu.az\/application\/uploads\/2015\/06\/27-05-2016-Resim-sergisi-tile.jpg\"><img loading=\"lazy\" decoding=\"async\" class=\"fancybox-margin alignnone wp-image-70097 size-thumbnail\" src=\"https:\/\/unec.edu.az\/application\/uploads\/2015\/06\/27-05-2016-Resim-sergisi-tile-150x150.jpg\" alt=\"27 05 2016 Resim sergisi-tile\" width=\"150\" height=\"150\" \/><\/a><a class=\"fancybox-thumb\" href=\"https:\/\/unec.edu.az\/application\/uploads\/2015\/02\/qida-20171026-WA0005.jpg\"><img loading=\"lazy\" decoding=\"async\" class=\"fancybox-margin alignnone wp-image-108666 size-thumbnail\" src=\"https:\/\/unec.edu.az\/application\/uploads\/2015\/02\/qida-20171026-WA0005-150x150.jpg\" alt=\"qida-20171026-WA0005\" width=\"150\" height=\"150\" \/><\/a><\/p>\n<p><span style=\"color: #000080;\"><em><a style=\"color: #000080;\" href=\"https:\/\/unec.edu.az\/application\/uploads\/2015\/06\/dos.-M-mm-dova.pdf\" target=\"_blank\" rel=\"noopener noreferrer\">\u0421\u041f\u0418\u0421\u041e\u041a \u041d\u0410\u0423\u0427\u041d\u042b\u0425 \u0422\u0420\u0423\u0414\u041e\u0412<\/a><\/em><\/span><\/p>\n<p><span style=\"color: #000080;\"><em><a style=\"color: #000080;\" href=\"https:\/\/unec.edu.az\/ru\/unec-in-professor-muellim-heyeti-turkiye-universitetlerinin-tecrubesinden-danisdi\/\" target=\"_blank\" rel=\"noopener noreferrer\">\u041f\u0440\u043e\u0444\u0435\u0441\u0441\u043e\u0440\u0441\u043a\u043e-\u043f\u0440\u0435\u043f\u043e\u0434\u0430\u0432\u0430\u0442\u0435\u043b\u044c\u0441\u043a\u0438\u0439 \u0441\u043e\u0441\u0442\u0430\u0432 UNEC \u0440\u0430\u0441\u0441\u043a\u0430\u0437\u0430\u043b \u043e\u0431 \u043e\u043f\u044b\u0442\u0435 \u0443\u043d\u0438\u0432\u0435\u0440\u0441\u0438\u0442\u0435\u0442\u043e\u0432 \u0422\u0443\u0440\u0446\u0438\u0438<\/a>\u00a0(16.02.2017)<\/em><\/span><br \/>\n<span style=\"color: #000080;\"><em><a style=\"color: #000080;\" href=\"https:\/\/unec.edu.az\/ru\/unec-xarici-universitetlerin-tecrubesini-oyrenmeye-davam-edir\/\" target=\"_blank\" rel=\"noopener noreferrer\">UNEC \u043e\u0431\u043c\u0435\u043d\u0438\u0432\u0430\u0435\u0442\u0441\u044f \u043e\u043f\u044b\u0442\u043e\u043c \u0441 \u0437\u0430\u0440\u0443\u0431\u0435\u0436\u043d\u044b\u043c\u0438 \u0443\u043d\u0438\u0432\u0435\u0440\u0441\u0438\u0442\u0435\u0442\u0430\u043c\u0438<\/a>\u00a0(13.02.2017)<\/em><\/span><\/p>\n<p><a class=\"fancybox-thumb\" href=\"https:\/\/unec.edu.az\/application\/uploads\/2015\/06\/lalab3dc37dd1c.jpg\"><img loading=\"lazy\" decoding=\"async\" class=\"fancybox-margin alignnone wp-image-167723 size-image236x180\" title=\"\u201cAz\u0259rbaycan Respublikas\u0131n\u0131n qabaqc\u0131l t\u0259hsil i\u015f\u00e7isi\u201d d\u00f6\u015f ni\u015fan\u0131 il\u0259 t\u0259ltif olunma\" src=\"https:\/\/unec.edu.az\/application\/uploads\/2015\/06\/lalab3dc37dd1c-236x180.jpg\" alt=\"lalab3dc37dd1c\" width=\"236\" height=\"180\" \/><\/a><a class=\"fancybox-thumb\" href=\"https:\/\/unec.edu.az\/application\/uploads\/2015\/09\/otduuu2d110e36d4466.jpg\"><img loading=\"lazy\" decoding=\"async\" class=\"fancybox-margin alignnone wp-image-178184 size-image236x180\" src=\"https:\/\/unec.edu.az\/application\/uploads\/2015\/09\/otduuu2d110e36d4466-236x180.jpg\" alt=\"otduuu2d110e36d4466\" width=\"236\" height=\"180\" \/><\/a><a class=\"fancybox-thumb\" href=\"https:\/\/unec.edu.az\/application\/uploads\/2015\/05\/xalida_lale160e1a0f59515a6.jpg\"><img loading=\"lazy\" decoding=\"async\" class=\"fancybox-margin alignnone wp-image-140929 size-image236x180\" title=\"\u201cS\u0259ninl\u0259 f\u0259xr edirik, Az\u0259rbaycan \u0259sg\u0259ri!\u201d aksiyas\u0131 i\u015ftirak\u00e7\u0131lar\u0131ndan bir qrupu \u201c\u0130sg\u0259nd\u0259r qalas\u0131\u201dnda olub - V\u0130DEO (08.06.2019)\" src=\"https:\/\/unec.edu.az\/application\/uploads\/2015\/05\/xalida_lale160e1a0f59515a6-236x180.jpg\" alt=\"xalida_lale160e1a0f59515a6\" width=\"236\" height=\"180\" \/><\/a><a class=\"fancybox-thumb\" href=\"https:\/\/unec.edu.az\/application\/uploads\/2015\/06\/qadinlar96d2b0ba1.jpg\"><img loading=\"lazy\" decoding=\"async\" class=\"fancybox-margin alignnone wp-image-140925 size-image236x180\" title=\"\u201cS\u0259ninl\u0259 f\u0259xr edirik, Az\u0259rbaycan \u0259sg\u0259ri!\u201d aksiyas\u0131 i\u015ftirak\u00e7\u0131lar\u0131ndan bir qrupu \u201c\u0130sg\u0259nd\u0259r qalas\u0131\u201dnda olub - V\u0130DEO (08.06.2019)\" src=\"https:\/\/unec.edu.az\/application\/uploads\/2015\/06\/qadinlar96d2b0ba1-236x180.jpg\" alt=\"qadinlar96d2b0ba\" width=\"236\" height=\"180\" \/><\/a><\/p>\n<p><em><b>\u0421\u0424\u0415\u0420\u042b \u0418\u0421\u0421\u041b\u0415\u0414\u041e\u0412\u0410\u041d\u0418\u042f<\/b><\/em><\/p>\n<p>\u0414\u0438\u0437\u0430\u0439\u043d (\u043f\u043e \u043e\u0442\u0440\u0430\u0441\u043b\u044f\u043c)<br \/>\n\u0418\u043d\u0434\u0443\u0441\u0442\u0440\u0438\u044f \u043c\u043e\u0434\u044b<br \/>\n\u0418\u0437\u043e\u0431\u0440\u0430\u0437\u0438\u0442\u0435\u043b\u044c\u043d\u043e\u0435 \u0438\u0441\u043a\u0443\u0441\u0441\u0442\u0432\u043e<br \/>\n\u0414\u0435\u043a\u043e\u0440\u0430\u0442\u0438\u0432\u043d\u043e-\u043f\u0440\u0438\u043a\u043b\u0430\u0434\u043d\u043e\u0435 \u0438\u0441\u043a\u0443\u0441\u0441\u0442\u0432\u043e<\/p>\n<p><em><b>\u0417\u041d\u0410\u041d\u0418\u0415 \u042f\u0417\u042b\u041a\u041e\u0412<\/b><\/em><\/p>\n<p>\u0410\u0437\u0435\u0440\u0431\u0430\u0439\u0434\u0436\u0430\u043d\u0441\u043a\u0438\u0439\/ \u0440\u0443\u0441\u0441\u043a\u0438\u0439<\/p>\n<p><em>\u0410\u041a\u0410\u0414\u0415\u041c\u0418\u0427\u0415\u0421\u041a\u0418\u0415 \u041f\u0420\u041e\u0424\u0418\u041b\u0418<\/em><\/p>\n<ul>\n<li><span style=\"color: #000080;\"><i><a style=\"color: #000080;\" href=\"https:\/\/scholar.google.ru\/citations?user=pQGumisAAAAJ\" target=\"_blank\" rel=\"noopener noreferrer\">Google Scholar<\/a><\/i><\/span><\/li>\n<li><span style=\"color: #000080;\"><i><a style=\"color: #000080;\" href=\"https:\/\/www.researchgate.net\/profile\/Lala-Mammadova-3\" target=\"_blank\" rel=\"noopener noreferrer\">Research Gate<\/a><\/i><\/span><\/li>\n<li><span style=\"color: #000080;\"><i><a style=\"color: #000080;\" href=\"https:\/\/orcid.org\/0000-0002-7081-0645\" target=\"_blank\" rel=\"noopener noreferrer\">ORCID<\/a><\/i><\/span><\/li>\n<li><span style=\"color: #000080;\"><a style=\"color: #000080;\" href=\"https:\/\/publons.com\/wos-op\/researcher\/5092473\/lala-mammadova\/\" target=\"_blank\" rel=\"noopener noreferrer\"><i>Publons<\/i><\/a><\/span><\/li>\n<\/ul>\n","protected":false},"excerpt":{"rendered":"<p>\u0414\u0438\u0440\u0435\u043a\u0442\u043e\u0440 \u0428\u043a\u043e\u043b\u044b \u0434\u0438\u0437\u0430\u0439\u043d\u0430 UNEC \u0434.\u0444.\u043f.\u0438., \u0434\u043e\u0446.\u00a0\u041c\u0430\u043c\u0435\u0434\u043e\u0432\u0430 \u041b\u0430\u043b\u0430 \u0413\u0430\u043c\u043b\u0435\u0442\u00a0 e-mail: lala.mammadova@unec.edu.az \u041a\u043e\u043d\u0442\u0430\u043a\u0442\u043d\u044b\u0439 \u0442\u0435\u043b\u0435\u0444\u043e\u043d: +(994) 012 492 59 03 (13-21) \u0410\u0434\u0440\u0435\u0441: \u0411\u0430\u043a\u0443, \u041c\u0443\u0440\u0442\u0443\u0437\u0430 \u041c\u0443\u0445\u0442\u0430\u0440\u043e\u0432, 194 (III\u00a0\u0443\u0447\u0435\u0431\u043d\u044b\u0439 \u043a\u043e\u0440\u043f\u0443\u0441\u00a0UNEC) \u0420\u043e\u0434\u0438\u043b\u0430\u0441\u044c 10 \u043e\u043a\u0442\u044f\u0431\u0440\u044f 1972 \u0433\u043e\u0434\u0430 \u0432\u00a0\u0433\u043e\u0440\u043e\u0434\u0435 \u0421\u0430\u043d\u043a\u0442-\u041f\u0435\u0442\u0435\u0440\u0431\u0443\u0440\u0433\u0435 \u0420\u043e\u0441\u0441\u0438\u0439\u0441\u043a\u043e\u0439 \u0424\u0435\u0434\u0435\u0440\u0430\u0446\u0438\u0438. 1989 \u0433\u043e\u0434\u0443 \u043e\u043a\u043e\u043d\u0447\u0438\u043b\u0430 \u0441\u0440\u0435\u0434\u043d\u044e\u044e \u0448\u043a\u043e\u043b\u0443 \u2116 174 \u041d\u0430\u0441\u0438\u043c\u0438\u043d\u0441\u043a\u043e\u0433\u043e \u0440\u0430\u0439\u043e\u043d\u0430 \u0433\u043e\u0440\u043e\u0434\u0430 \u0411\u0430\u043a\u0443. \u0412 1989-1994 \u0433\u043e\u0434\u0430\u0445 \u0443\u0447\u0438\u043b\u0430\u0441\u044c \u043d\u0430 \u0444\u0430\u043a\u0443\u043b\u044c\u0442\u0435\u0442\u0435 \u00ab\u0425\u0443\u0434\u043e\u0436\u0435\u0441\u0442\u0432\u0435\u043d\u043d\u0430\u044f \u0433\u0440\u0430\u0444\u0438\u043a\u0430\u00bb \u0410\u0437\u0435\u0440\u0431\u0430\u0439\u0434\u0436\u0430\u043d\u0441\u043a\u043e\u0433\u043e \u0433\u043e\u0441\u0443\u0434\u0430\u0440\u0441\u0442\u0432\u0435\u043d\u043d\u043e\u0433\u043e [&hellip;]<\/p>\n","protected":false},"author":10,"featured_media":0,"parent":0,"menu_order":0,"comment_status":"open","ping_status":"open","template":"","meta":{"footnotes":""},"class_list":["post-13169","page","type-page","status-publish","hentry"],"_links":{"self":[{"href":"http:\/\/unec.edu.az\/ru\/wp-json\/wp\/v2\/pages\/13169","targetHints":{"allow":["GET"]}}],"collection":[{"href":"http:\/\/unec.edu.az\/ru\/wp-json\/wp\/v2\/pages"}],"about":[{"href":"http:\/\/unec.edu.az\/ru\/wp-json\/wp\/v2\/types\/page"}],"author":[{"embeddable":true,"href":"http:\/\/unec.edu.az\/ru\/wp-json\/wp\/v2\/users\/10"}],"replies":[{"embeddable":true,"href":"http:\/\/unec.edu.az\/ru\/wp-json\/wp\/v2\/comments?post=13169"}],"version-history":[{"count":14,"href":"http:\/\/unec.edu.az\/ru\/wp-json\/wp\/v2\/pages\/13169\/revisions"}],"predecessor-version":[{"id":473395,"href":"http:\/\/unec.edu.az\/ru\/wp-json\/wp\/v2\/pages\/13169\/revisions\/473395"}],"wp:attachment":[{"href":"http:\/\/unec.edu.az\/ru\/wp-json\/wp\/v2\/media?parent=13169"}],"curies":[{"name":"wp","href":"https:\/\/api.w.org\/{rel}","templated":true}]}}