{"id":16570,"date":"2015-06-12T10:18:09","date_gmt":"2015-06-12T06:18:09","guid":{"rendered":"https:\/\/unec.edu.az\/muradov-resad-huseyn-oglu-2\/"},"modified":"2024-12-19T10:08:00","modified_gmt":"2024-12-19T06:08:00","slug":"muradov-resad-huseyn-oglu","status":"publish","type":"page","link":"http:\/\/unec.edu.az\/ru\/muradov-resad-huseyn-oglu\/","title":{"rendered":"\u0434.\u0444.\u044d.\u041c\u0443\u0440\u0430\u0434\u043e\u0432 \u0420\u0430\u0448\u0430\u0434 \u0413\u0443\u0441\u0435\u0439\u043d \u043e\u0433\u043b\u044b"},"content":{"rendered":"<h4><em><a href=\"https:\/\/unec.edu.az\/application\/uploads\/2015\/06\/rashad7_140934.jpg\"><img fetchpriority=\"high\" decoding=\"async\" class=\"alignleft wp-image-181398 \" title=\"left\" src=\"https:\/\/unec.edu.az\/application\/uploads\/2015\/06\/rashad7_140934-300x300.jpg\" alt=\"rashad7_140934\" width=\"241\" height=\"241\" srcset=\"http:\/\/unec.edu.az\/application\/uploads\/2015\/06\/rashad7_140934-300x300.jpg 300w, http:\/\/unec.edu.az\/application\/uploads\/2015\/06\/rashad7_140934-150x150.jpg 150w, http:\/\/unec.edu.az\/application\/uploads\/2015\/06\/rashad7_140934.jpg 715w\" sizes=\"(max-width: 241px) 100vw, 241px\" \/><\/a><\/em><\/h4>\n<h4><span style=\"color: #800000;\">\u0417\u0430\u0432\u0435\u0434\u0443\u044e\u0449\u0438\u0439 \u043e\u0431\u0449\u0438\u043c \u043e\u0442\u0434\u0435\u043b\u043e\u043c \u0434.\u0444.\u044d.\u041c\u0443\u0440\u0430\u0434\u043e\u0432 \u0420\u0430\u0448\u0430\u0434 \u0413\u0443\u0441\u0435\u0439\u043d<\/span><\/h4>\n<p><span style=\"color: #000000;\"><em>e-mail:<span style=\"color: #000080;\"> r.muradov@unec.edu.az<\/span><\/em><\/span><\/p>\n<p style=\"text-align: justify;\">\u0420\u043e\u0434\u0438\u043b\u0441\u044f 29 \u0430\u043f\u0440\u0435\u043b\u044f 1977 \u0433\u043e\u0434\u0430. \u0412 1984 \u0433\u043e\u0434\u0443 \u043f\u043e\u0441\u0442\u0443\u043f\u0438\u043b \u0432 \u0411\u0430\u043a\u0438\u043d\u0441\u043a\u0443\u044e \u0441\u0440\u0435\u0434\u043d\u044e\u044e \u0448\u043a\u043e\u043b\u0443 \u2116 100 \u0438 \u0432 1994 \u0433\u043e\u0434\u0443 \u043e\u043a\u043e\u043d\u0447\u0438\u043b \u0435\u0435. \u0412 1994-1999 \u0433\u0433. \u0443\u0447\u0438\u043b\u0441\u044f \u0432 \u0423\u043d\u0438\u0432\u0435\u0440\u0441\u0438\u0442\u0435\u0442\u0435 \u00ab\u041d\u0430\u0445\u0447\u044b\u0432\u0430\u043d\u00bb \u043f\u043e \u0441\u043f\u0435\u0446\u0438\u0430\u043b\u044c\u043d\u043e\u0441\u0442\u0438 \u00ab\u041f\u0440\u0430\u0432\u043e\u0432\u043e\u0435 \u0440\u0435\u0433\u0443\u043b\u0438\u0440\u043e\u0432\u0430\u043d\u0438\u0435 \u044d\u043a\u043e\u043d\u043e\u043c\u0438\u043a\u0438\u00bb.<\/p>\n<p style=\"text-align: justify;\">\u0421 2000 \u0433\u043e\u0434\u0430 \u043d\u0430\u0447\u0430\u043b \u0441\u0432\u043e\u044e \u0442\u0440\u0443\u0434\u043e\u0432\u0443\u044e \u0434\u0435\u044f\u0442\u0435\u043b\u044c\u043d\u043e\u0441\u0442\u044c \u0441 \u0434\u043e\u043b\u0436\u043d\u043e\u0441\u0442\u0438 \u0438\u043d\u0441\u043f\u0435\u043a\u0442\u043e\u0440\u0430 \u043f\u043e \u0442\u0440\u0443\u0434\u0443 \u0432 \u0413\u043e\u0441\u0443\u0434\u0430\u0440\u0441\u0442\u0432\u0435\u043d\u043d\u043e\u0439 \u0438\u043d\u0441\u043f\u0435\u043a\u0446\u0438\u0438 \u0442\u0440\u0443\u0434\u0430 \u041c\u0438\u043d\u0438\u0441\u0442\u0435\u0440\u0441\u0442\u0432\u0430 \u0442\u0440\u0443\u0434\u0430 \u0438 \u0441\u043e\u0446\u0438\u0430\u043b\u044c\u043d\u043e\u0439 \u0437\u0430\u0449\u0438\u0442\u044b \u043d\u0430\u0441\u0435\u043b\u0435\u043d\u0438\u044f.<\/p>\n<p style=\"text-align: justify;\">\u0412 2002-2004 \u0433\u0433. \u043e\u043a\u043e\u043d\u0447\u0438\u043b \u0413\u043e\u0441\u0443\u0434\u0430\u0440\u0441\u0442\u0432\u0435\u043d\u043d\u0443\u044e \u0430\u043a\u0430\u0434\u0435\u043c\u0438\u044e \u0443\u043f\u0440\u0430\u0432\u043b\u0435\u043d\u0438\u044f \u043f\u0440\u0438 \u041f\u0440\u0435\u0437\u0438\u0434\u0435\u043d\u0442\u0435 \u0410\u0420, \u043f\u043e \u0441\u043f\u0435\u0446\u0438\u0430\u043b\u044c\u043d\u043e\u0441\u0442\u0438 \u00ab\u0413\u043e\u0441\u0443\u0434\u0430\u0440\u0441\u0442\u0432\u0435\u043d\u043d\u043e\u0435 \u0438 \u043c\u0443\u043d\u0438\u0446\u0438\u043f\u0430\u043b\u044c\u043d\u043e\u0435 \u0443\u043f\u0440\u0430\u0432\u043b\u0435\u043d\u0438\u0435\u00bb.\u00a0 \u0412 2004-2007 \u0433\u0433. \u0440\u0430\u0431\u043e\u0442\u0430\u043b \u0432 \u0413\u043e\u0441\u0443\u0434\u0430\u0440\u0441\u0442\u0432\u0435\u043d\u043d\u043e\u0439 \u0438\u043d\u0441\u043f\u0435\u043a\u0446\u0438\u0438 \u0442\u0440\u0443\u0434\u0430 \u041c\u0438\u043d\u0438\u0441\u0442\u0435\u0440\u0441\u0442\u0432\u0430 \u0442\u0440\u0443\u0434\u0430 \u0438 \u0441\u043e\u0446\u0438\u0430\u043b\u044c\u043d\u043e\u0439 \u0437\u0430\u0449\u0438\u0442\u044b \u043d\u0430\u0441\u0435\u043b\u0435\u043d\u0438\u044f, \u043d\u0430 \u0434\u043e\u043b\u0436\u043d\u043e\u0441\u0442\u0438 \u0441\u0442\u0430\u0440\u0448\u0435\u0433\u043e \u0438\u043d\u0441\u043f\u0435\u043a\u0442\u043e\u0440\u0430 \u0442\u0440\u0443\u0434\u0430 (\u0433\u043e\u0441\u0441\u043b\u0443\u0436\u0430\u0449\u0438\u0439 3-\u0439 \u0441\u0442\u0435\u043f\u0435\u043d\u0438). \u0412 2007-2014 \u0433\u0433. \u0440\u0430\u0431\u043e\u0442\u0430\u043b \u043f\u0440\u0435\u043f\u043e\u0434\u0430\u0432\u0430\u0442\u0435\u043b\u0435\u043c \u043a\u0430\u0444\u0435\u0434\u0440\u044b \u00ab\u0413\u043e\u0441\u0443\u0434\u0430\u0440\u0441\u0442\u0432\u0435\u043d\u043d\u043e\u0435 \u0443\u043f\u0440\u0430\u0432\u043b\u0435\u043d\u0438\u0435 \u0438 \u043c\u0435\u043d\u0435\u0434\u0436\u043c\u0435\u043d\u0442\u00bb, \u0440\u0443\u043a\u043e\u0432\u043e\u0434\u0438\u0442\u0435\u043b\u0435\u043c \u043f\u0440\u043e\u0438\u0437\u0432\u043e\u0434\u0441\u0442\u0432\u0435\u043d\u043d\u043e\u0439 \u043f\u0440\u0430\u043a\u0442\u0438\u043a\u0438 \u043d\u0430 \u0444\u0430\u043a\u0443\u043b\u044c\u0442\u0435\u0442\u0435 \u00ab\u041f\u043e\u0432\u044b\u0448\u0435\u043d\u0438\u0435 \u043a\u0432\u0430\u043b\u0438\u0444\u0438\u043a\u0430\u0446\u0438\u0438 \u0440\u0443\u043a\u043e\u0432\u043e\u0434\u044f\u0449\u0438\u0445 \u043a\u0430\u0434\u0440\u043e\u0432\u00bb \u0413\u043e\u0441\u0443\u0434\u0430\u0440\u0441\u0442\u0432\u0435\u043d\u043d\u043e\u0439 \u0430\u043a\u0430\u0434\u0435\u043c\u0438\u0438 \u0443\u043f\u0440\u0430\u0432\u043b\u0435\u043d\u0438\u044f.<\/p>\n<p style=\"text-align: justify;\">\u0421 2014 \u043f\u043e \u0444\u0435\u0432\u0440\u0430\u043b\u044c 2015 \u0433\u043e\u0434\u0430 \u0440\u0430\u0431\u043e\u0442\u0430\u043b \u043f\u043e\u043c\u043e\u0449\u043d\u0438\u043a\u043e\u043c \u0440\u0435\u043a\u0442\u043e\u0440\u0430 \u0410\u0413\u042d\u0423, \u0441 \u0444\u0435\u0432\u0440\u0430\u043b\u044f 2015 \u0433\u043e\u0434\u0430 \u2013 \u043d\u0430\u0437\u043d\u0430\u0447\u0435\u043d \u0437\u0430\u0432\u0435\u0434\u0443\u044e\u0449\u0438\u043c \u043e\u0431\u0449\u0438\u043c \u043e\u0442\u0434\u0435\u043b\u043e\u043c.<\/p>\n<p id=\"tw-target-text\" class=\"tw-data-text tw-text-large tw-ta\" dir=\"ltr\" data-placeholder=\"\u041f\u0435\u0440\u0435\u0432\u043e\u0434\" data-ved=\"2ahUKEwirquSQxfKBAxUWRPEDHbFKAtwQ3ewLegQIBhAQ\"><span class=\"Y2IQFc\" lang=\"ru\">\u0421 \u043e\u043a\u0442\u044f\u0431\u0440\u044f 2023 \u0433\u043e\u0434\u0430 \u044f\u0432\u043b\u044f\u0435\u0442\u0441\u044f \u043d\u0430\u0447\u0430\u043b\u044c\u043d\u0438\u043a\u043e\u043c \u0443\u043f\u0440\u0430\u0432\u043b\u0435\u043d\u0438\u044f \u0432\u043d\u0443\u0442\u0440\u0435\u043d\u043d\u0435\u0433\u043e \u0430\u0443\u0434\u0438\u0442\u0430 UNEC.<\/span><\/p>\n<p style=\"text-align: justify;\">29 \u0430\u043f\u0440\u0435\u043b\u044f \u00a02016-\u0433\u043e \u0433\u043e\u0434\u0430 \u0437\u0430\u0449\u0438\u0442\u0438\u043b \u0434\u0438\u0441\u0441\u0435\u0440\u0442\u0430\u0446\u0438\u044e \u043d\u0430 \u0442\u0435\u043c\u0443 \u00ab\u0422\u0435\u043e\u0440\u0435\u0442\u0438\u043a\u043e-\u043c\u0435\u0442\u043e\u0434\u043e\u043b\u043e\u0433\u0438\u0447\u0435\u0441\u043a\u0438\u0435 \u043e\u0441\u043d\u043e\u0432\u044b \u0443\u0441\u043e\u0432\u0435\u0440\u0448\u0435\u043d\u0441\u0442\u0432\u043e\u0432\u0430\u043d\u0438\u044f \u0431\u044e\u0434\u0436\u0435\u0442\u043d\u043e\u0433\u043e \u043f\u0440\u043e\u0446\u0435\u0441\u0441\u0430\u00bb \u0438 \u043f\u043e \u0440\u0435\u0448\u0435\u043d\u0438\u044e \u0412\u0410\u041a-\u0430 \u043e\u0442 13 \u0441\u0435\u043d\u0442\u044f\u0431\u0440\u044f 2017-\u0433\u043e \u0433\u043e\u0434\u0430 \u0431\u044b\u043b \u0443\u0434\u043e\u0441\u0442\u043e\u0435\u043d \u0443\u0447\u0435\u043d\u043e\u0439 \u0441\u0442\u0435\u043f\u0435\u043d\u0438 \u0434\u043e\u043a\u0442\u043e\u0440\u0430 \u0444\u0438\u043b\u043e\u0441\u043e\u0444\u0438\u0438 \u043f\u043e \u044d\u043a\u043e\u043d\u043e\u043c\u0438\u043a\u0435.<\/p>\n<p style=\"text-align: justify;\">\u0416\u0435\u043d\u0430\u0442\u044b\u0439, \u0438\u043c\u0435\u0435\u0442 \u0434\u0432\u043e\u0438\u0445 \u0434\u0435\u0442\u0435\u0439.<\/p>\n<p style=\"text-align: justify;\"><a class=\"fancybox-thumb\" href=\"https:\/\/unec.edu.az\/application\/uploads\/2015\/06\/DSC_9596.jpg\"><img decoding=\"async\" class=\"fancybox-margin alignnone wp-image-112079 size-thumbnail\" title=\"Elmi \u015eurada f\u0259ls\u0259f\u0259 doktoru elmi d\u0259r\u0259c\u0259si diplomunun t\u0259qdim edilm\u0259si (24.11.2017))\" src=\"https:\/\/unec.edu.az\/application\/uploads\/2015\/06\/DSC_9596-150x150.jpg\" alt=\"DSC_9596\" width=\"150\" height=\"150\" \/><\/a><a class=\"fancybox-thumb\" href=\"https:\/\/unec.edu.az\/application\/uploads\/2016\/09\/DSC_6338.jpg\"><img decoding=\"async\" class=\"fancybox-margin alignnone wp-image-64230 size-thumbnail\" src=\"https:\/\/unec.edu.az\/application\/uploads\/2016\/09\/DSC_6338-150x150.jpg\" alt=\"DSC_6338\" width=\"150\" height=\"150\" \/><\/a><a class=\"fancybox-thumb\" href=\"https:\/\/unec.edu.az\/application\/uploads\/2017\/05\/DSC_6583.jpg\"><img loading=\"lazy\" decoding=\"async\" class=\"fancybox-margin alignnone wp-image-94655 size-thumbnail\" title=\"\u201cH\u0259r ka\u011f\u0131z\u0131 bir yarpa\u011fa d\u0259yi\u015f\u0259k\u201d layih\u0259sin\u0259 UNEC-d\u0259n d\u0259st\u0259k (10.05.2017)\" src=\"https:\/\/unec.edu.az\/application\/uploads\/2017\/05\/DSC_6583-150x150.jpg\" alt=\"DSC_6583\" width=\"150\" height=\"150\" \/><\/a><a class=\"fancybox-thumb\" href=\"https:\/\/unec.edu.az\/application\/uploads\/2015\/06\/rasade773fa757881.jpg\"><img loading=\"lazy\" decoding=\"async\" class=\"fancybox-margin alignnone wp-image-167814 size-thumbnail\" title=\"UNEC-in 90 illiyi m\u00fcnasib\u0259til\u0259 F\u0259xri F\u0259rmanla t\u0259ltif (2021)\" src=\"https:\/\/unec.edu.az\/application\/uploads\/2015\/06\/rasade773fa757881-150x150.jpg\" alt=\"rasade773fa757881\" width=\"150\" height=\"150\" \/><\/a><a class=\"fancybox-thumb\" href=\"https:\/\/unec.edu.az\/application\/uploads\/2017\/11\/DSC_8724.jpg\"><img loading=\"lazy\" decoding=\"async\" class=\"fancybox-margin alignnone wp-image-110915 size-thumbnail\" title=\"UNEC kollektivi Heyd\u0259r \u018fliyev M\u0259rk\u0259zind\u0259 (15.11.2017)\" src=\"https:\/\/unec.edu.az\/application\/uploads\/2017\/11\/DSC_8724-150x150.jpg\" alt=\"DSC_8724\" width=\"150\" height=\"150\" \/><\/a><a class=\"fancybox-thumb\" href=\"https:\/\/unec.edu.az\/application\/uploads\/2018\/09\/DSC_0287.jpg\"><img loading=\"lazy\" decoding=\"async\" class=\"fancybox-margin alignnone wp-image-128220 size-thumbnail\" title=\"UNEC \u0259m\u0259kda\u015flar\u0131 K\u0130S \u00fczr\u0259 beyn\u0259lxalq auditor sertifikat\u0131 qazan\u0131b (18.09.2018)\" src=\"https:\/\/unec.edu.az\/application\/uploads\/2018\/09\/DSC_0287-150x150.jpg\" alt=\"DSC_0287\" width=\"150\" height=\"150\" \/><\/a><\/p>\n<p style=\"text-align: justify;\"><span style=\"color: #000080;\"><a style=\"color: #000080;\" href=\"https:\/\/unec.edu.az\/ru\/unec-in-docnet-istifadecileri-ucun-treninqler\/\">\u00a0\u00a0UNEC \u0441\u043e\u0432\u0435\u0440\u0448\u0435\u043d\u0441\u0442\u0432\u0443\u0435\u0442\u0441\u044f \u044d\u043b\u0435\u043a\u0442\u0440\u043e\u043d\u043d\u043e\u0435 \u0434\u0435\u043b\u043e\u043f\u0440\u043e\u0438\u0437\u0432\u043e\u0434\u0441\u0442\u0432\u043e<\/a>\u00a0 (18.05.2017)<\/span><\/p>\n<p style=\"text-align: justify;\"><a class=\"fancybox-thumb\" href=\"https:\/\/unec.edu.az\/application\/uploads\/2015\/06\/rashadd31140275783168720_n.jpg\"><img loading=\"lazy\" decoding=\"async\" class=\"alignnone wp-image-182047 size-thumbnail\" title=\"UNEC-d\u0259 Yeni Az\u0259rbaycan Partiyas\u0131n\u0131n yarad\u0131lmas\u0131n\u0131n 30 illiyi qeyd olunub (17.11.2022)\" src=\"http:\/\/unec.edu.az\/application\/uploads\/2015\/06\/rashadd31140275783168720_n-150x150.jpg\" alt=\"rashadd31140275783168720_n\" width=\"150\" height=\"150\" \/><\/a><a class=\"fancybox-thumb\" href=\"https:\/\/unec.edu.az\/application\/uploads\/2015\/06\/rasad420136_4932107536955293413_n.jpg\"><img loading=\"lazy\" decoding=\"async\" class=\"alignnone wp-image-183042 size-thumbnail\" src=\"http:\/\/unec.edu.az\/application\/uploads\/2015\/06\/rasad420136_4932107536955293413_n-150x150.jpg\" alt=\"rasad420136_4932107536955293413_n\" width=\"150\" height=\"150\" \/><\/a><a class=\"fancybox-thumb\" href=\"https:\/\/unec.edu.az\/application\/uploads\/2015\/06\/rasad_6288376724948811284_n.jpg\"><img loading=\"lazy\" decoding=\"async\" class=\"alignnone wp-image-183043 size-thumbnail\" src=\"http:\/\/unec.edu.az\/application\/uploads\/2015\/06\/rasad_6288376724948811284_n-150x150.jpg\" alt=\"rasad_6288376724948811284_n\" width=\"150\" height=\"150\" \/><\/a>\u2013<a class=\"fancybox-thumb\" href=\"http:\/\/unec.edu.az\/application\/uploads\/2024\/12\/rasadf151fab2e4b.jpg\"><img loading=\"lazy\" decoding=\"async\" class=\"alignnone wp-image-455206 size-thumbnail\" title=\"UNEC il\u0259 Almaniya universiteti aras\u0131nda t\u0259dqiqatla ba\u011fl\u0131 memorandum imzalan\u0131b (17.12.2024)\" src=\"http:\/\/unec.edu.az\/application\/uploads\/2024\/12\/rasadf151fab2e4b-150x150.jpg\" alt=\"\" width=\"150\" height=\"150\" \/><\/a>\u00a0<a class=\"fancybox-thumb\" href=\"http:\/\/unec.edu.az\/application\/uploads\/2024\/12\/rasada8e3a38.jpg\"><img loading=\"lazy\" decoding=\"async\" class=\"alignnone wp-image-455209 size-thumbnail\" title=\"UNEC il\u0259 Almaniya universiteti aras\u0131nda t\u0259dqiqatla ba\u011fl\u0131 memorandum imzalan\u0131b (17.12.2024)\" src=\"http:\/\/unec.edu.az\/application\/uploads\/2024\/12\/rasada8e3a38-150x150.jpg\" alt=\"\" width=\"150\" height=\"150\" \/><\/a>\u00a0<a class=\"fancybox-thumb\" href=\"http:\/\/unec.edu.az\/application\/uploads\/2024\/12\/rasadf824f56625b8366754ae.jpg\"><img loading=\"lazy\" decoding=\"async\" class=\"alignnone wp-image-455212 size-thumbnail\" title=\"UNEC il\u0259 Almaniya universiteti aras\u0131nda t\u0259dqiqatla ba\u011fl\u0131 memorandum imzalan\u0131b (17.12.2024)\" src=\"http:\/\/unec.edu.az\/application\/uploads\/2024\/12\/rasadf824f56625b8366754ae-150x150.jpg\" alt=\"\" width=\"150\" height=\"150\" \/><\/a><\/p>\n","protected":false},"excerpt":{"rendered":"<p>\u0417\u0430\u0432\u0435\u0434\u0443\u044e\u0449\u0438\u0439 \u043e\u0431\u0449\u0438\u043c \u043e\u0442\u0434\u0435\u043b\u043e\u043c \u0434.\u0444.\u044d.\u041c\u0443\u0440\u0430\u0434\u043e\u0432 \u0420\u0430\u0448\u0430\u0434 \u0413\u0443\u0441\u0435\u0439\u043d e-mail: r.muradov@unec.edu.az \u0420\u043e\u0434\u0438\u043b\u0441\u044f 29 \u0430\u043f\u0440\u0435\u043b\u044f 1977 \u0433\u043e\u0434\u0430. \u0412 1984 \u0433\u043e\u0434\u0443 \u043f\u043e\u0441\u0442\u0443\u043f\u0438\u043b \u0432 \u0411\u0430\u043a\u0438\u043d\u0441\u043a\u0443\u044e \u0441\u0440\u0435\u0434\u043d\u044e\u044e \u0448\u043a\u043e\u043b\u0443 \u2116 100 \u0438 \u0432 1994 \u0433\u043e\u0434\u0443 \u043e\u043a\u043e\u043d\u0447\u0438\u043b \u0435\u0435. \u0412 1994-1999 \u0433\u0433. \u0443\u0447\u0438\u043b\u0441\u044f \u0432 \u0423\u043d\u0438\u0432\u0435\u0440\u0441\u0438\u0442\u0435\u0442\u0435 \u00ab\u041d\u0430\u0445\u0447\u044b\u0432\u0430\u043d\u00bb \u043f\u043e \u0441\u043f\u0435\u0446\u0438\u0430\u043b\u044c\u043d\u043e\u0441\u0442\u0438 \u00ab\u041f\u0440\u0430\u0432\u043e\u0432\u043e\u0435 \u0440\u0435\u0433\u0443\u043b\u0438\u0440\u043e\u0432\u0430\u043d\u0438\u0435 \u044d\u043a\u043e\u043d\u043e\u043c\u0438\u043a\u0438\u00bb. \u0421 2000 \u0433\u043e\u0434\u0430 \u043d\u0430\u0447\u0430\u043b \u0441\u0432\u043e\u044e \u0442\u0440\u0443\u0434\u043e\u0432\u0443\u044e \u0434\u0435\u044f\u0442\u0435\u043b\u044c\u043d\u043e\u0441\u0442\u044c \u0441 \u0434\u043e\u043b\u0436\u043d\u043e\u0441\u0442\u0438 \u0438\u043d\u0441\u043f\u0435\u043a\u0442\u043e\u0440\u0430 \u043f\u043e \u0442\u0440\u0443\u0434\u0443 \u0432 \u0413\u043e\u0441\u0443\u0434\u0430\u0440\u0441\u0442\u0432\u0435\u043d\u043d\u043e\u0439 [&hellip;]<\/p>\n","protected":false},"author":10,"featured_media":0,"parent":0,"menu_order":0,"comment_status":"open","ping_status":"open","template":"","meta":{"footnotes":""},"class_list":["post-16570","page","type-page","status-publish","hentry"],"_links":{"self":[{"href":"http:\/\/unec.edu.az\/ru\/wp-json\/wp\/v2\/pages\/16570","targetHints":{"allow":["GET"]}}],"collection":[{"href":"http:\/\/unec.edu.az\/ru\/wp-json\/wp\/v2\/pages"}],"about":[{"href":"http:\/\/unec.edu.az\/ru\/wp-json\/wp\/v2\/types\/page"}],"author":[{"embeddable":true,"href":"http:\/\/unec.edu.az\/ru\/wp-json\/wp\/v2\/users\/10"}],"replies":[{"embeddable":true,"href":"http:\/\/unec.edu.az\/ru\/wp-json\/wp\/v2\/comments?post=16570"}],"version-history":[{"count":17,"href":"http:\/\/unec.edu.az\/ru\/wp-json\/wp\/v2\/pages\/16570\/revisions"}],"predecessor-version":[{"id":455312,"href":"http:\/\/unec.edu.az\/ru\/wp-json\/wp\/v2\/pages\/16570\/revisions\/455312"}],"wp:attachment":[{"href":"http:\/\/unec.edu.az\/ru\/wp-json\/wp\/v2\/media?parent=16570"}],"curies":[{"name":"wp","href":"https:\/\/api.w.org\/{rel}","templated":true}]}}