{"id":16682,"date":"2015-06-04T15:46:20","date_gmt":"2015-06-04T11:46:20","guid":{"rendered":"https:\/\/unec.edu.az\/dos-kerimova-terane-isa-qizi-2\/"},"modified":"2022-04-11T14:31:49","modified_gmt":"2022-04-11T10:31:49","slug":"dos-kerimova-terane-isa-qizi","status":"publish","type":"page","link":"http:\/\/unec.edu.az\/ru\/dos-kerimova-terane-isa-qizi\/","title":{"rendered":"\u041a.\u044d.\u043d., \u0434\u043e\u0446\u0435\u043d\u0442 \u041a\u0435\u0440\u0438\u043c\u043e\u0432\u0430 \u0422\u0430\u0440\u0430\u043d\u0430 \u0418\u0441\u0430 \u043a\u044b\u0437\u044b"},"content":{"rendered":"<h4><a href=\"https:\/\/unec.edu.az\/application\/uploads\/2015\/06\/tarana_yap1251072_n.jpg\"><img decoding=\"async\" class=\"alignleft wp-image-126174\" title=\"left\" src=\"https:\/\/unec.edu.az\/application\/uploads\/2015\/06\/tarana_yap1251072_n-300x200.jpg\" alt=\"tarana_yap1251072_n\" width=\"273\" height=\"182\" srcset=\"http:\/\/unec.edu.az\/application\/uploads\/2015\/06\/tarana_yap1251072_n-300x200.jpg 300w, http:\/\/unec.edu.az\/application\/uploads\/2015\/06\/tarana_yap1251072_n.jpg 960w\" sizes=\"(max-width: 273px) 100vw, 273px\" \/><\/a><\/h4>\n<h4 style=\"text-align: justify;\"><span style=\"color: #800000;\">\u041a.\u044d.\u043d., \u0434\u043e\u0446\u0435\u043d\u0442 \u041a\u0435\u0440\u0438\u043c\u043e\u0432\u0430 \u0422\u0430\u0440\u0430\u043d\u0430 \u0418\u0441\u0430 \u043a\u044b\u0437\u044b<\/span><\/h4>\n<p style=\"text-align: justify;\">\u041e\u043a\u043e\u043d\u0447\u0438\u043b\u0430 \u0444\u0430\u043a\u0443\u043b\u044c\u0442\u0435\u0442 \u042d\u043a\u043e\u043d\u043e\u043c\u0438\u043a\u0438 \u0410\u0437\u0435\u0440\u0431\u0430\u0439\u0434\u0436\u0430\u043d\u0441\u043a\u043e\u0433\u043e \u0430\u0440\u0445\u0438\u0442\u0435\u043a\u0442\u0443\u0440\u043d\u043e-\u0441\u0442\u0440\u043e\u0438\u0442\u0435\u043b\u044c\u043d\u043e\u0433\u043e \u0443\u043d\u0438\u0432\u0435\u0440\u0441\u0438\u0442\u0435\u0442\u0430. \u041f\u043e\u0441\u043b\u0435 \u043e\u043a\u043e\u043d\u0447\u0430\u043d\u0438\u044f \u0443\u043d\u0438\u0432\u0435\u0440\u0441\u0438\u0442\u0435\u0442\u0430 \u043f\u043e\u0441\u0442\u0443\u043f\u0438\u043b\u0430 \u043d\u0430 \u043e\u0447\u043d\u043e\u0435 \u043e\u0442\u0434\u0435\u043b\u0435\u043d\u0438\u0435 \u0430\u0441\u043f\u0438\u0440\u0430\u043d\u0442\u0443\u0440\u044b \u0418\u043d\u0441\u0442\u0438\u0442\u0443\u0442\u0430 \u042d\u043a\u043e\u043d\u043e\u043c\u0438\u043a\u0438 \u041d\u0430\u0446\u0438\u043e\u043d\u0430\u043b\u044c\u043d\u043e\u0439 \u0430\u043a\u0430\u0434\u0435\u043c\u0438\u0438 \u043d\u0430\u0443\u043a \u0410\u0420.<\/p>\n<p style=\"text-align: justify;\">\u0412 1994 \u0433\u043e\u0434\u0443\u00a0 \u0443\u0441\u043f\u0435\u0448\u043d\u043e \u0437\u0430\u0449\u0438\u0442\u0438\u0432 \u0434\u0438\u0441\u0441\u0435\u0440\u0442\u0430\u0446\u0438\u044e, \u043f\u043e\u043b\u0443\u0447\u0438\u043b\u0430 \u0443\u0447\u0435\u043d\u0443\u044e \u0441\u0442\u0435\u043f\u0435\u043d\u044c \u043a\u0430\u043d\u0434\u0438\u0434\u0430\u0442\u0430 \u044d\u043a\u043e\u043d\u043e\u043c\u0438\u0447\u0435\u0441\u043a\u0438\u0445 \u043d\u0430\u0443\u043a. \u0421 \u0443\u043a\u0430\u0437\u0430\u043d\u043d\u043e\u0433\u043e \u0433\u043e\u0434\u0430 \u0431\u044b\u043b\u0430 \u043d\u0430\u0437\u043d\u0430\u0447\u0435\u043d\u0430 \u043d\u0430 \u0434\u043e\u043b\u0436\u043d\u043e\u0441\u0442\u044c \u0441\u0442\u0430\u0440\u0448\u0435\u0433\u043e \u043f\u0440\u0435\u043f\u043e\u0434\u0430\u0432\u0430\u0442\u0435\u043b\u044f, \u0430 \u0437\u0430\u0442\u0435\u043c \u0434\u043e\u0446\u0435\u043d\u0442\u0430 \u043a\u0430\u0444\u0435\u0434\u0440\u044b \u00ab\u0426\u0435\u043d\u0430\u00bb \u0410\u0437\u0435\u0440\u0431\u0430\u0439\u0434\u0436\u0430\u043d\u0441\u043a\u043e\u0433\u043e \u0433\u043e\u0441\u0443\u0434\u0430\u0440\u0441\u0442\u0432\u0435\u043d\u043d\u043e\u0433\u043e \u044d\u043a\u043e\u043d\u043e\u043c\u0438\u0447\u0435\u0441\u043a\u043e\u0433\u043e \u0443\u043d\u0438\u0432\u0435\u0440\u0441\u0438\u0442\u0435\u0442\u0430.<\/p>\n<p style=\"text-align: justify;\">\u042f\u0432\u043b\u044f\u0435\u0442\u0441\u044f \u0430\u0432\u0442\u043e\u0440\u043e\u043c 9 \u0443\u0447\u0435\u0431\u043d\u0438\u043a\u043e\u0432, 5 \u0443\u0447\u0435\u0431\u043d\u044b\u0445 \u043f\u043e\u0441\u043e\u0431\u0438\u0439, 2 \u043c\u043e\u043d\u043e\u0433\u0440\u0430\u0444\u0438\u0438, \u043c\u0435\u0442\u043e\u0434\u0438\u0447\u0435\u0441\u043a\u0438\u0445 \u043f\u043e\u0441\u043e\u0431\u0438\u0439, \u0441\u0432\u044b\u0448\u0435 20 \u0443\u0447\u0435\u0431\u043d\u044b\u0445 \u043f\u0440\u043e\u0433\u0440\u0430\u043c\u043c, \u0431\u043e\u043b\u0435\u0435 100 \u043d\u0430\u0443\u0447\u043d\u044b\u0445 \u0441\u0442\u0430\u0442\u0435\u0439.<\/p>\n<p style=\"text-align: justify;\">\u0414\u043e\u0446\u0435\u043d\u0442 \u043a\u0430\u0444\u0435\u0434\u0440\u044b \u00ab\u0426\u0435\u043d\u0430 \u0438 \u043e\u0446\u0435\u043d\u043a\u0430\u00bb UNEC, \u0441 2018 \u0433\u043e\u0434\u0430 \u0440\u0430\u0431\u043e\u0442\u0430\u043b\u0430 \u043d\u0430 \u0434\u043e\u043b\u0436\u043d\u043e\u0441\u0442\u0438 \u0434\u043e\u0446\u0435\u043d\u0442\u0430 \u043a\u0430\u0444\u0435\u0434\u0440\u044b \u00ab\u042d\u043a\u043e\u043d\u043e\u043c\u0438\u043a\u0430 \u0438 \u0443\u043f\u0440\u0430\u0432\u043b\u0435\u043d\u0438\u0435 \u0441\u043e\u0446\u0438\u0430\u043b\u044c\u043d\u043e\u0439 \u0441\u0444\u0435\u0440\u043e\u0439\u00bb.<\/p>\n<p style=\"text-align: justify;\">\u0412 \u043d\u0430\u0441\u0442\u043e\u044f\u0449\u0435\u0435 \u0432\u0440\u0435\u043c\u044f \u044f\u0432\u043b\u044f\u0435\u0442\u0441\u044f \u0434\u043e\u0446\u0435\u043d\u0442\u043e\u043c \u043a\u0430\u0444\u0435\u0434\u0440\u044b \u00ab\u042d\u043a\u043e\u043d\u043e\u043c\u0438\u043a\u0430 \u0438 \u0443\u043f\u0440\u0430\u0432\u043b\u0435\u043d\u0438\u0435 \u0441\u043e\u0446\u0438\u0430\u043b\u044c\u043d\u043e\u0439 \u0441\u0444\u0435\u0440\u043e\u0439\u00bb UNEC.<\/p>\n<p style=\"text-align: justify;\">\u0412 \u043d\u0430\u0441\u0442\u043e\u044f\u0449\u0435\u0435 \u0432\u0440\u0435\u043c\u044f \u0440\u0430\u0431\u043e\u0442\u0430\u0435\u0442 \u043d\u0430 \u0434\u043e\u043b\u0436\u043d\u043e\u0441\u0442\u0438 \u0437\u0430\u043c\u0435\u0441\u0442\u0438\u0442\u0435\u043b\u044f \u0434\u0438\u0440\u0435\u043a\u0442\u043e\u0440\u0430 \u0426\u0435\u043d\u0442\u0440\u0430 \u0434\u0438\u0441\u0442\u0430\u043d\u0446\u0438\u043e\u043d\u043d\u043e\u0433\u043e, \u0437\u0430\u043e\u0447\u043d\u043e\u0433\u043e \u0438 \u0434\u043e\u043f\u043e\u043b\u043d\u0438\u0442\u0435\u043b\u044c\u043d\u043e\u0433\u043e \u043e\u0431\u0440\u0430\u0437\u043e\u0432\u0430\u043d\u0438\u044f \u042d\u043a\u043e\u043d\u043e\u043c\u0438\u0447\u0435\u0441\u043a\u043e\u0433\u043e \u0443\u043d\u0438\u0432\u0435\u0440\u0441\u0438\u0442\u0435\u0442\u0430.<\/p>\n<p style=\"text-align: justify;\">\u042f\u0432\u043b\u044f\u0435\u0442\u0441\u044f \u0437\u0430\u043c\u0435\u0441\u0442\u0438\u0442\u0435\u043b\u0435\u043c \u043f\u0440\u0435\u0434\u0441\u0435\u0434\u0430\u0442\u0435\u043b\u044f \u0416\u0435\u043d\u0441\u043a\u043e\u0433\u043e \u043c\u0435\u0434\u0436\u043b\u0438\u0441\u0430 \u041f\u0430\u0440\u0442\u0438\u0438 \u0415\u043d\u0438 \u0410\u0437\u0435\u0440\u0431\u0430\u0439\u0434\u0436\u0430\u043d \u043f\u043e \u0421\u0430\u0431\u0430\u0438\u043b\u044c\u0441\u043a\u043e\u043c\u0443 \u0440\u0430\u0439\u043e\u043d\u0443, \u0441 2000 \u0433\u043e\u0434\u044f \u043f\u0440\u0435\u0434\u0441\u0435\u0434\u0430\u0442\u0435\u043b\u0435\u043c \u0416\u0435\u043d\u0441\u043a\u043e\u0433\u043e \u0441\u043e\u0432\u0435\u0442\u0430 UNEC.<\/p>\n<p style=\"text-align: justify;\">\u0412\u00a0 2007 \u0433\u043e\u0434\u0443 \u0437\u0430 \u0431\u043b\u0430\u0433\u043e\u0442\u0432\u043e\u0440\u0438\u0442\u0435\u043b\u044c\u043d\u043e\u0441\u0442\u044c \u0438 \u043c\u0438\u0440\u043e\u0442\u0432\u043e\u0440\u0447\u0435\u0441\u0442\u0432\u043e \u0431\u044b\u043b\u0430 \u043d\u0430\u0433\u0440\u0430\u0436\u0434\u0435\u043d\u0430 \u0417\u043e\u043b\u043e\u0442\u043e\u0439 \u043c\u0435\u0434\u0430\u043b\u044c\u044e \u0420\u043e\u0441\u0441\u0438\u0439\u0441\u043a\u043e\u0433\u043e \u041c\u0435\u0436\u0434\u0443\u043d\u0430\u0440\u043e\u0434\u043d\u043e\u0433\u043e \u0444\u043e\u043d\u0434\u0430 \u043c\u0438\u0440\u0430.<\/p>\n<p style=\"text-align: justify;\">\u0417\u0430\u043c\u0443\u0436\u0435\u043c, \u0438\u043c\u0435\u0435\u0442 \u0442\u0440\u043e\u0438\u0445 \u0434\u0435\u0442\u0435\u0439.<\/p>\n<p style=\"text-align: justify;\">\n<p style=\"text-align: justify;\">\n<p><em><span style=\"color: #000000;\"><a style=\"color: #000000;\" href=\"https:\/\/unec.edu.az\/ru\/tedqiqat-universitetine-kecid-unec-tecrubesi\/\">\u041f\u0435\u0440\u0435\u0445\u043e\u0434 \u0432 \u0438\u0441\u0441\u043b\u0435\u0434\u043e\u0432\u0430\u0442\u0435\u043b\u044c\u0441\u043a\u0438\u0439 \u0443\u043d\u0438\u0432\u0435\u0440\u0441\u0438\u0442\u0435\u0442: \u041e\u043f\u044b\u0442 UNEC <\/a>(02.05.2017)<br \/>\n<\/span><a style=\"color: #000000;\" href=\"https:\/\/unec.edu.az\/ru\/unec-de-ulu-onderin-94-cu-ildonumune-hesr-olunan-meqale-musabiqesi-kecirilir\/\">\u0412 UNEC \u0441\u043e\u0441\u0442\u043e\u0438\u0442\u0441\u044f \u043a\u043e\u043d\u043a\u0443\u0440\u0441 \u0441\u0442\u0430\u0442\u044c\u0438, \u043f\u043e\u0441\u0432\u044f\u0449\u0435\u043d\u043d\u044b\u0439 94-\u0439 \u0433\u043e\u0434\u043e\u0432\u0449\u0438\u043d\u0435 \u0412\u0435\u043b\u0438\u043a\u043e\u0433\u043e \u0432\u043e\u0436\u0434\u044f<\/a>\u00a0(11.04.2017)<\/em><br \/>\n<em><a style=\"color: #000000;\" href=\"https:\/\/unec.edu.az\/ru\/unec-de-yap-uzvlerinin-siralari-genislenir\/\">\u0412 UNEC \u0440\u0430\u0441\u0448\u0438\u0440\u044f\u044e\u0442\u0441\u044f \u0440\u044f\u0434\u044b \u0447\u043b\u0435\u043d\u043e\u0432 YAP<\/a>\u00a0(29.03.2017)<\/em><br \/>\n<em><a style=\"color: #000000;\" href=\"https:\/\/unec.edu.az\/ru\/unec-de-yap-in-24-illiyine-hesr-olunan-tedbir-kecirilib\/\">\u0412 UNEC \u0441\u043e\u0441\u0442\u043e\u044f\u043b\u043e\u0441\u044c \u043c\u0435\u0440\u043e\u043f\u0440\u0438\u044f\u0442\u0438\u0435, \u043f\u043e\u0441\u0432\u044f\u0449\u0435\u043d\u043d\u043e\u0435 24-\u043e\u0439 \u0433\u043e\u0434\u043e\u0432\u0449\u0438\u043d\u0435 \u00a0\u041f\u0415\u0410 <\/a>\u00a0(21.11.2016)<\/em><br \/>\n<em><a style=\"color: #000000;\" href=\"https:\/\/unec.edu.az\/ru\/unec-qadinlar-surasi-baki-sos-usaq-kendi-ni-ziyaret-edib\/\">\u0416\u0435\u043d\u0441\u043e\u0432\u0435\u0442 UNEC \u043f\u043e\u0441\u0435\u0442\u0438\u043b \u0411\u0430\u043a\u0438\u043d\u0441\u043a\u0443\u044e \u00ab\u0414\u0435\u0442\u0441\u043a\u0443\u044e \u0434\u0435\u0440\u0435\u0432\u043d\u044e SOS\u00bb <\/a>(14.09.2016)<\/em><\/p>\n<p><a class=\"fancybox-thumb\" href=\"https:\/\/unec.edu.az\/application\/uploads\/2015\/06\/tarana_kerim9569a90c70.jpg\"><img decoding=\"async\" class=\"fancybox-margin alignnone wp-image-167861 size-thumbnail\" title=\"UNEC-in 90 illiyi m\u00fcnasib\u0259til\u0259 F\u0259xri F\u0259rmanla t\u0259ltif olunma (2021)\" src=\"https:\/\/unec.edu.az\/application\/uploads\/2015\/06\/tarana_kerim9569a90c70-150x150.jpg\" alt=\"tarana_kerim9569a90c70\" width=\"150\" height=\"150\" \/><\/a><a class=\"fancybox-thumb\" href=\"https:\/\/unec.edu.az\/application\/uploads\/2017\/03\/WhatsApp-Image-2017-03-15-at-12.49.47.jpg\"><img decoding=\"async\" class=\"fancybox-margin alignnone wp-image-87623 size-thumbnail\" src=\"https:\/\/unec.edu.az\/application\/uploads\/2017\/03\/WhatsApp-Image-2017-03-15-at-12.49.47-150x150.jpg\" alt=\"WhatsApp Image 2017-03-15 at 12.49.47\" width=\"150\" height=\"150\" \/><\/a><a class=\"fancybox-thumb\" href=\"https:\/\/unec.edu.az\/application\/uploads\/2015\/06\/taranaaa.jpg\"><img loading=\"lazy\" decoding=\"async\" class=\"fancybox-margin alignnone wp-image-94189 size-thumbnail\" title=\"\u00dcmummilli lider Heyd\u0259r \u018fliyevin irsi UNEC-d\u0259 t\u0259bli\u011f olunur (05.05.2017)\" src=\"https:\/\/unec.edu.az\/application\/uploads\/2015\/06\/taranaaa-150x150.jpg\" alt=\"taranaaa\" width=\"150\" height=\"150\" \/><\/a><a class=\"fancybox-thumb\" href=\"https:\/\/unec.edu.az\/application\/uploads\/2016\/09\/IMG-20160913-WA0004.jpg\"><img loading=\"lazy\" decoding=\"async\" class=\"fancybox-margin  alignnone wp-image-64168 size-thumbnail\" src=\"https:\/\/unec.edu.az\/application\/uploads\/2016\/09\/IMG-20160913-WA0004-150x150.jpg\" alt=\"IMG-20160913-WA0004\" width=\"150\" height=\"150\" \/><\/a><a class=\"fancybox-thumb\" href=\"https:\/\/unec.edu.az\/application\/uploads\/2015\/06\/tarana32.jpg\"><img loading=\"lazy\" decoding=\"async\" class=\"fancybox-margin  alignnone wp-image-70155 size-thumbnail\" src=\"https:\/\/unec.edu.az\/application\/uploads\/2015\/06\/tarana32-150x150.jpg\" alt=\"tarana32\" width=\"150\" height=\"150\" \/><\/a><a class=\"fancybox-thumb\" href=\"https:\/\/unec.edu.az\/application\/uploads\/2016\/11\/1-DSC_1156.jpg\"><img loading=\"lazy\" decoding=\"async\" class=\"fancybox-margin alignnone wp-image-73020 size-thumbnail\" title=\"UNEC-d\u0259 YAP-\u0131n 24 illiyin\u0259 h\u0259sr olunan t\u0259dbir ke\u00e7irilib (21.11.2016)\" src=\"https:\/\/unec.edu.az\/application\/uploads\/2016\/11\/1-DSC_1156-150x150.jpg\" alt=\"1-DSC_1156\" width=\"150\" height=\"150\" \/><\/a><a class=\"fancybox-thumb\" href=\"https:\/\/unec.edu.az\/application\/uploads\/2015\/06\/tarana3442.jpg\"><img loading=\"lazy\" decoding=\"async\" class=\"fancybox-margin alignnone wp-image-87345 size-thumbnail\" title=\"AD\u0130U \u0259m\u0259kda\u015flar\u0131 \u201c\u00dcmid yeri\u201d u\u015faq s\u0131\u011f\u0131naca\u011f\u0131nda olublar (19.02.2015)\" src=\"https:\/\/unec.edu.az\/application\/uploads\/2015\/06\/tarana3442-150x150.jpg\" alt=\"tarana3442\" width=\"150\" height=\"150\" \/><\/a><a class=\"fancybox-thumb\" href=\"https:\/\/unec.edu.az\/application\/uploads\/2017\/06\/WhatsApp-Image-2017-06-19-at-14.22.11.jpg\"><img loading=\"lazy\" decoding=\"async\" class=\"fancybox-margin alignnone wp-image-99414 size-thumbnail\" title=\"UNEC kollektivi Cocuq M\u0259rcanl\u0131da (23.06.2017)\" src=\"https:\/\/unec.edu.az\/application\/uploads\/2017\/06\/WhatsApp-Image-2017-06-19-at-14.22.11-150x150.jpg\" alt=\"WhatsApp Image 2017-06-19 at 14.22.11\" width=\"150\" height=\"150\" \/><\/a><a class=\"fancybox-thumb\" href=\"https:\/\/unec.edu.az\/application\/uploads\/2017\/06\/WhatsApp-Image-2017-06-19-at-14.21.39.jpg\"><img loading=\"lazy\" decoding=\"async\" class=\"fancybox-margin alignnone wp-image-99413 size-thumbnail\" title=\"UNEC kollektivi Cocuq M\u0259rcanl\u0131da (23.06.2017)\" src=\"https:\/\/unec.edu.az\/application\/uploads\/2017\/06\/WhatsApp-Image-2017-06-19-at-14.21.39-150x150.jpg\" alt=\"WhatsApp Image 2017-06-19 at 14.21.39\" width=\"150\" height=\"150\" \/><\/a><a class=\"fancybox-thumb\" href=\"https:\/\/unec.edu.az\/application\/uploads\/2017\/11\/DSC_8719.jpg\"><img loading=\"lazy\" decoding=\"async\" class=\"fancybox-margin alignnone wp-image-110914 size-thumbnail\" title=\"UNEC kollektivi Heyd\u0259r \u018fliyev M\u0259rk\u0259zind\u0259 (15.11.2017)\" src=\"https:\/\/unec.edu.az\/application\/uploads\/2017\/11\/DSC_8719-150x150.jpg\" alt=\"DSC_8719\" width=\"150\" height=\"150\" \/><\/a><a class=\"fancybox-thumb\" href=\"https:\/\/unec.edu.az\/application\/uploads\/2015\/06\/tarana_cavahir8962f3d291b8f4ffe.jpg\"><img loading=\"lazy\" decoding=\"async\" class=\"fancybox-margin alignnone wp-image-140598 size-thumbnail\" title=\"\u201cS\u0259ninl\u0259 f\u0259xr edirik, Az\u0259rbaycan \u0259sg\u0259ri!\u201d aksiyas\u0131 i\u015ftirak\u00e7\u0131lar\u0131ndan bir qrupu \u201c\u0130sg\u0259nd\u0259r qalas\u0131\u201dnda olub - V\u0130DEO (08.06.2019)\" src=\"https:\/\/unec.edu.az\/application\/uploads\/2015\/06\/tarana_cavahir8962f3d291b8f4ffe-150x150.jpg\" alt=\"tarana_cavahir8962f3d291b8f4ffe\" width=\"150\" height=\"150\" \/><\/a><a class=\"fancybox-thumb\" href=\"https:\/\/unec.edu.az\/application\/uploads\/2015\/06\/tarana_lale96c6ac36fef.jpg\"><img loading=\"lazy\" decoding=\"async\" class=\"fancybox-margin alignnone wp-image-140599 size-thumbnail\" title=\"\u201cS\u0259ninl\u0259 f\u0259xr edirik, Az\u0259rbaycan \u0259sg\u0259ri!\u201d aksiyas\u0131 i\u015ftirak\u00e7\u0131lar\u0131ndan bir qrupu \u201c\u0130sg\u0259nd\u0259r qalas\u0131\u201dnda olub - V\u0130DEO (08.06.2019)\" src=\"https:\/\/unec.edu.az\/application\/uploads\/2015\/06\/tarana_lale96c6ac36fef-150x150.jpg\" alt=\"tarana_lale96c6ac36fef\" width=\"150\" height=\"150\" \/><\/a><\/p>\n<p>&nbsp;<\/p>\n<p><em><span style=\"color: #000080;\"><a style=\"color: #000080;\" href=\"https:\/\/unec.edu.az\/application\/uploads\/2015\/06\/dos.Tarana-Karimova-Elmi-eserlerin-siyahisi.pdf\">\u0421\u041f\u0418\u0421\u041e\u041a \u041d\u0410\u0423\u0427\u041d\u042b\u0419 \u0422\u0420\u0423\u0414\u041e\u0412<\/a><\/span><\/em><\/p>\n","protected":false},"excerpt":{"rendered":"<p>\u041a.\u044d.\u043d., \u0434\u043e\u0446\u0435\u043d\u0442 \u041a\u0435\u0440\u0438\u043c\u043e\u0432\u0430 \u0422\u0430\u0440\u0430\u043d\u0430 \u0418\u0441\u0430 \u043a\u044b\u0437\u044b \u041e\u043a\u043e\u043d\u0447\u0438\u043b\u0430 \u0444\u0430\u043a\u0443\u043b\u044c\u0442\u0435\u0442 \u042d\u043a\u043e\u043d\u043e\u043c\u0438\u043a\u0438 \u0410\u0437\u0435\u0440\u0431\u0430\u0439\u0434\u0436\u0430\u043d\u0441\u043a\u043e\u0433\u043e \u0430\u0440\u0445\u0438\u0442\u0435\u043a\u0442\u0443\u0440\u043d\u043e-\u0441\u0442\u0440\u043e\u0438\u0442\u0435\u043b\u044c\u043d\u043e\u0433\u043e \u0443\u043d\u0438\u0432\u0435\u0440\u0441\u0438\u0442\u0435\u0442\u0430. \u041f\u043e\u0441\u043b\u0435 \u043e\u043a\u043e\u043d\u0447\u0430\u043d\u0438\u044f \u0443\u043d\u0438\u0432\u0435\u0440\u0441\u0438\u0442\u0435\u0442\u0430 \u043f\u043e\u0441\u0442\u0443\u043f\u0438\u043b\u0430 \u043d\u0430 \u043e\u0447\u043d\u043e\u0435 \u043e\u0442\u0434\u0435\u043b\u0435\u043d\u0438\u0435 \u0430\u0441\u043f\u0438\u0440\u0430\u043d\u0442\u0443\u0440\u044b \u0418\u043d\u0441\u0442\u0438\u0442\u0443\u0442\u0430 \u042d\u043a\u043e\u043d\u043e\u043c\u0438\u043a\u0438 \u041d\u0430\u0446\u0438\u043e\u043d\u0430\u043b\u044c\u043d\u043e\u0439 \u0430\u043a\u0430\u0434\u0435\u043c\u0438\u0438 \u043d\u0430\u0443\u043a \u0410\u0420. \u0412 1994 \u0433\u043e\u0434\u0443\u00a0 \u0443\u0441\u043f\u0435\u0448\u043d\u043e \u0437\u0430\u0449\u0438\u0442\u0438\u0432 \u0434\u0438\u0441\u0441\u0435\u0440\u0442\u0430\u0446\u0438\u044e, \u043f\u043e\u043b\u0443\u0447\u0438\u043b\u0430 \u0443\u0447\u0435\u043d\u0443\u044e \u0441\u0442\u0435\u043f\u0435\u043d\u044c \u043a\u0430\u043d\u0434\u0438\u0434\u0430\u0442\u0430 \u044d\u043a\u043e\u043d\u043e\u043c\u0438\u0447\u0435\u0441\u043a\u0438\u0445 \u043d\u0430\u0443\u043a. \u0421 \u0443\u043a\u0430\u0437\u0430\u043d\u043d\u043e\u0433\u043e \u0433\u043e\u0434\u0430 \u0431\u044b\u043b\u0430 \u043d\u0430\u0437\u043d\u0430\u0447\u0435\u043d\u0430 \u043d\u0430 \u0434\u043e\u043b\u0436\u043d\u043e\u0441\u0442\u044c \u0441\u0442\u0430\u0440\u0448\u0435\u0433\u043e \u043f\u0440\u0435\u043f\u043e\u0434\u0430\u0432\u0430\u0442\u0435\u043b\u044f, \u0430 \u0437\u0430\u0442\u0435\u043c \u0434\u043e\u0446\u0435\u043d\u0442\u0430 \u043a\u0430\u0444\u0435\u0434\u0440\u044b \u00ab\u0426\u0435\u043d\u0430\u00bb \u0410\u0437\u0435\u0440\u0431\u0430\u0439\u0434\u0436\u0430\u043d\u0441\u043a\u043e\u0433\u043e \u0433\u043e\u0441\u0443\u0434\u0430\u0440\u0441\u0442\u0432\u0435\u043d\u043d\u043e\u0433\u043e \u044d\u043a\u043e\u043d\u043e\u043c\u0438\u0447\u0435\u0441\u043a\u043e\u0433\u043e [&hellip;]<\/p>\n","protected":false},"author":10,"featured_media":0,"parent":0,"menu_order":0,"comment_status":"open","ping_status":"open","template":"","meta":{"footnotes":""},"class_list":["post-16682","page","type-page","status-publish","hentry"],"_links":{"self":[{"href":"http:\/\/unec.edu.az\/ru\/wp-json\/wp\/v2\/pages\/16682","targetHints":{"allow":["GET"]}}],"collection":[{"href":"http:\/\/unec.edu.az\/ru\/wp-json\/wp\/v2\/pages"}],"about":[{"href":"http:\/\/unec.edu.az\/ru\/wp-json\/wp\/v2\/types\/page"}],"author":[{"embeddable":true,"href":"http:\/\/unec.edu.az\/ru\/wp-json\/wp\/v2\/users\/10"}],"replies":[{"embeddable":true,"href":"http:\/\/unec.edu.az\/ru\/wp-json\/wp\/v2\/comments?post=16682"}],"version-history":[{"count":17,"href":"http:\/\/unec.edu.az\/ru\/wp-json\/wp\/v2\/pages\/16682\/revisions"}],"predecessor-version":[{"id":173280,"href":"http:\/\/unec.edu.az\/ru\/wp-json\/wp\/v2\/pages\/16682\/revisions\/173280"}],"wp:attachment":[{"href":"http:\/\/unec.edu.az\/ru\/wp-json\/wp\/v2\/media?parent=16682"}],"curies":[{"name":"wp","href":"https:\/\/api.w.org\/{rel}","templated":true}]}}