{"id":23456,"date":"2015-10-15T15:42:06","date_gmt":"2015-10-15T11:42:06","guid":{"rendered":"https:\/\/unec.edu.az\/ferrux-tuzcuoglu-2\/"},"modified":"2018-09-26T17:12:39","modified_gmt":"2018-09-26T13:12:39","slug":"ferrux-tuzcuoglu","status":"publish","type":"page","link":"http:\/\/unec.edu.az\/ru\/ferrux-tuzcuoglu\/","title":{"rendered":"\u0424\u0430\u0440\u0440\u0443\u0445 \u0422\u0443\u0437\u0434\u0436\u0443\u043e\u0433\u043b\u0443"},"content":{"rendered":"<h4 style=\"text-align: justify;\"><span style=\"color: #800000;\"><a href=\"https:\/\/unec.edu.az\/application\/uploads\/2015\/10\/turk_ferrux06_n.jpg\"><img fetchpriority=\"high\" decoding=\"async\" class=\"alignleft wp-image-23389\" title=\"left\" src=\"https:\/\/unec.edu.az\/application\/uploads\/2015\/10\/turk_ferrux06_n.jpg\" alt=\"turk_ferrux06_n\" width=\"230\" height=\"228\" srcset=\"http:\/\/unec.edu.az\/application\/uploads\/2015\/10\/turk_ferrux06_n.jpg 589w, http:\/\/unec.edu.az\/application\/uploads\/2015\/10\/turk_ferrux06_n-150x150.jpg 150w, http:\/\/unec.edu.az\/application\/uploads\/2015\/10\/turk_ferrux06_n-300x296.jpg 300w\" sizes=\"(max-width: 230px) 100vw, 230px\" \/><\/a><em>\u0424\u0430\u0440\u0440\u0443\u0445 \u0422\u0443\u0437\u0434\u0436\u0443\u043e\u0433\u043b\u0443<\/em><\/span><\/h4>\n<p style=\"text-align: justify;\">\u0424\u0430\u0440\u0440\u0443\u0445 \u0422\u0443\u0437\u0434\u0436\u0443\u043e\u0433\u043b\u0443 \u0440\u043e\u0434\u0438\u043b\u0441\u044f 1 \u044f\u043d\u0432\u0430\u0440\u044f 1969 \u0433\u043e\u0434\u0430, \u0432 \u0433\u043e\u0440\u043e\u0434\u0435 \u0410\u0434\u0430\u043f\u0430\u0437\u0430\u0440\u044b (\u0422\u0443\u0440\u0435\u0446\u043a\u0430\u044f \u0420\u0435\u0441\u043f\u0443\u0431\u043b\u0438\u043a\u0430), \u0432 \u0441\u0435\u043c\u044c\u0435 \u0438\u043d\u0442\u0435\u043b\u043b\u0438\u0433\u0435\u043d\u0442\u043e\u0432.<\/p>\n<p style=\"text-align: justify;\"><span style=\"font-size: 12pt;\">\u0424\u0430\u0440\u0440\u0443\u0445 \u0422\u0443\u0437\u0434\u0436\u0443\u043e\u0433\u043b\u0443 \u0432 1992 \u0433\u043e\u0434\u0443 \u043f\u043e\u043b\u0443\u0447\u0438\u043b \u0441\u0432\u043e\u0435 \u043e\u0431\u0440\u0430\u0437\u043e\u0432\u0430\u043d\u0438\u0435 \u0432 \u0431\u0430\u043a\u0430\u043b\u0430\u0432\u0440\u0438\u0430\u0442\u0435 \u0423\u043d\u0438\u0432\u0435\u0440\u0441\u0438\u0442\u0435\u0442\u0430 \u0410\u043d\u043a\u0430\u0440\u044b, \u043d\u0430 \u0444\u0430\u043a\u0443\u043b\u044c\u0442\u0435\u0442\u0435 \u00a0&#171;\u0413\u043e\u0441\u0443\u0434\u0430\u0440\u0441\u0442\u0432\u0435\u043d\u043d\u043e\u0435 \u0443\u043f\u0440\u0430\u0432\u043b\u0435\u043d\u0438\u0435&#187;, \u0437\u0430\u0432\u0435\u0440\u0448\u0438\u0432\u00a0 \u0432 1995 \u0433\u043e\u0434\u0443 \u0441\u0432\u043e\u0435 \u043e\u0431\u0440\u0430\u0437\u043e\u0432\u0430\u043d\u0438\u0435 \u0432 \u043c\u0430\u0433\u0438\u0441\u0442\u0440\u0430\u0442\u0443\u0440\u0435, \u043f\u043e \u0442\u043e\u0439 \u0436\u0435 \u0441\u043f\u0435\u0446\u0438\u0430\u043b\u044c\u043d\u043e\u0441\u0442\u0438, \u0432 \u0423\u043d\u0438\u0432\u0435\u0440\u0441\u0438\u0442\u0435\u0442\u0435 \u0421\u0443\u043b\u0435\u0439\u043c\u0430\u043d\u0430 \u0414\u0430\u043c\u0438\u0440\u0430\u043b\u044f, \u0432 2002 \u0433\u043e\u0434\u0443 \u0437\u0430\u0449\u0438\u0442\u0438\u043b \u0434\u043e\u043a\u0442\u043e\u0440\u0441\u043a\u0443\u044e \u0434\u0438\u0441\u0441\u0435\u0440\u0442\u0430\u0446\u0438\u044e \u043d\u0430 \u0442\u0435\u043c\u0443 \u00ab\u041f\u043e\u043d\u044f\u0442\u0438\u0435 \u043c\u0435\u0433\u0430\u043f\u043e\u043b\u0438\u0441 \u0438 \u0443\u043f\u0440\u0430\u0432\u043b\u0435\u043d\u0438\u0435 \u043c\u0435\u0433\u043e\u043f\u043e\u043b\u0438\u0441\u043e\u043c \u0432 \u043c\u0438\u0440\u0435 \u0438 \u0422\u0443\u0440\u0446\u0438\u0438\u00bb. \u0412 2014 \u0433\u043e\u0434\u0443 \u043f\u043e\u043b\u0443\u0447\u0438\u043b \u0437\u0432\u0430\u043d\u0438\u0435 \u0434\u043e\u0446\u0435\u043d\u0442. \u041e\u043d &#8212; \u0430\u0432\u0442\u043e\u0440 \u043e\u043a\u043e\u043b\u043e 30 \u043d\u0430\u0443\u0447\u043d\u044b\u0445 \u0440\u0430\u0431\u043e\u0442, \u043c\u043e\u043d\u043e\u0433\u0440\u0430\u0444\u0438\u0438, \u0438\u0437 \u0434\u0432\u0443\u0445 \u0443\u0447\u0435\u0431\u043d\u0438\u043a\u043e\u0432.\u00a0\u00a0 \u0412 2012-2013 \u0433\u0433. \u043f\u0440\u043e\u0432\u043e\u0434\u0438\u043b \u0438\u0441\u0441\u043b\u0435\u0434\u043e\u0432\u0430\u043d\u0438\u044f \u0432 \u0443\u043d\u0438\u0432\u0435\u0440\u0441\u0438\u0442\u0435\u0442\u0435 \u041f\u0435\u043d\u0441\u0438\u043b\u044c\u0432\u0430\u043d\u0438\u0438, \u0432 \u0421\u043e\u0435\u0434\u0438\u043d\u0435\u043d\u043d\u044b\u0445 \u0428\u0442\u0430\u0442\u0430\u0445 \u0410\u043c\u0435\u0440\u0438\u043a\u0438. \u0418\u0441\u043f\u043e\u043b\u043d\u044f\u043b \u0440\u0430\u0431\u043e\u0442\u0443 \u043a\u043e\u043e\u0440\u0434\u0438\u043d\u0430\u0442\u043e\u0440\u0430 \u043c\u043d\u043e\u0433\u0438\u0445 \u043c\u0435\u0436\u0434\u0443\u043d\u0430\u0440\u043e\u0434\u043d\u044b\u0445 \u043f\u0440\u043e\u0435\u043a\u0442\u043e\u0432.<\/span><\/p>\n<p style=\"text-align: justify;\"><span style=\"font-size: 12pt;\"><strong>AMEPPA<\/strong>: \u041e\u043d \u044f\u0432\u043b\u044f\u0435\u0442\u0441\u044f \u0447\u043b\u0435\u043d\u043e\u043c \u043f\u0440\u0435\u0441\u0442\u0438\u0436\u043d\u044b\u0445 \u043d\u0430\u0443\u0447\u043d\u044b\u0445 \u043e\u0431\u0449\u0435\u0441\u0442\u0432, \u0442\u0430\u043a\u0438\u0445 \u043a\u0430\u043a \u0421\u0440\u0435\u0434\u043d\u0435\u0430\u0437\u0438\u0430\u0442\u0441\u043a\u0438\u0439 \u0426\u0435\u043d\u0442\u0440 \u0433\u043e\u0441\u0443\u0434\u0430\u0440\u0441\u0442\u0432\u0435\u043d\u043d\u043e\u0439 \u043f\u043e\u043b\u0438\u0442\u0438\u043a\u0438 \u0438 \u0443\u043f\u0440\u0430\u0432\u043b\u0435\u043d\u0438\u044f,<\/span><\/p>\n<p style=\"text-align: justify;\"><span style=\"font-size: 12pt;\">\u0415\u0432\u0440\u043e\u043f\u0435\u0439\u0441\u043a\u0430\u044f \u0430\u0441\u0441\u043e\u0446\u0438\u0430\u0446\u0438\u044f \u043f\u043e \u0438\u0441\u0441\u043b\u0435\u0434\u043e\u0432\u0430\u043d\u0438\u044e \u043f\u0440\u043e\u0431\u043b\u0435\u043c \u043c\u0438\u0440\u0430<strong> (<\/strong><strong>EuPRA<\/strong><strong>)<\/strong>, \u041c\u0435\u0436\u0434\u0443\u043d\u0430\u0440\u043e\u0434\u043d\u0430\u044f \u0430\u0441\u0441\u043e\u0446\u0438\u0430\u0446\u0438\u044f \u043f\u043e \u0438\u0441\u0441\u043b\u0435\u0434\u043e\u0432\u0430\u043d\u0438\u044e \u043f\u0440\u043e\u0431\u043b\u0435\u043c \u043c\u0438\u0440\u0430 (IPRA). \u0424\u0430\u0440\u0440\u0443\u0445 \u0422\u0443\u0437\u0434\u0436\u0443\u043e\u0433\u043b\u0443 \u043d\u0430\u0447\u0430\u043b \u0441\u0432\u043e\u044e \u043a\u0430\u0440\u044c\u0435\u0440\u0443 \u0432 1996 \u0433\u043e\u0434\u0443 \u0432 \u0423\u043d\u0438\u0432\u0435\u0440\u0441\u0438\u0442\u0435\u0442\u0435 \u0421\u0430\u043a\u0430\u0440\u044c\u044f. \u00a0\u041e\u043d \u0431\u044b\u043b \u0440\u0443\u043a\u043e\u0432\u043e\u0434\u0438\u0442\u0435\u043b\u0435\u043c \u043f\u0440\u043e\u0433\u0440\u0430\u043c\u043c\u044b \u0432 \u043a\u043e\u043b\u043b\u0435\u0434\u0436\u0435 \u0410\u043a\u044c\u044f\u0437\u0438 (1996-1997), \u0437\u0430\u0432\u0435\u0434\u0443\u044e\u0449\u0438\u043c \u043a\u0430\u0444\u0435\u0434\u0440\u043e\u0439 \u043a\u043e\u043b\u043b\u0435\u0434\u0436\u0430 \u0414\u0436\u0435\u0439\u0432\u0435 (2004-2005) \u0438 \u0434\u0438\u0440\u0435\u043a\u0442\u043e\u0440\u043e\u043c \u044d\u0442\u043e\u0433\u043e \u043a\u043e\u043b\u043b\u0435\u0434\u0436\u0430 (2005-2011), \u0437\u0430\u043c\u0435\u0441\u0442\u0438\u0442\u0435\u043b\u0435\u043c \u0434\u0435\u043a\u0430\u043d\u0430 \u0423\u043d\u0438\u0432\u0435\u0440\u0441\u0438\u0442\u0435\u0442\u0430 \u0421\u0430\u043a\u0430\u0440\u044c\u044f (2014- 2015) \u0438 \u0437\u0430\u0432\u0435\u0434\u0443\u044e\u0449\u0438\u043c \u043a\u0430\u0444\u0435\u0434\u0440\u043e\u0439.\u00a0\u0414\u043e \u0438\u044e\u043b\u044f 2018 \u0433\u043e\u0434\u0430\u00a0 \u0440\u0430\u0431\u043e\u0442\u0430\u043b \u0434\u0435\u043a\u0430\u043d\u043e\u043c \u0422\u0443\u0440\u0435\u0446\u043a\u043e\u0433\u043e \u0444\u0430\u043a\u0443\u043b\u044c\u0442\u0435\u0442\u0430 \u042d\u043a\u043e\u043d\u043e\u043c\u0438\u043a\u0438 \u0438 \u0443\u043f\u0440\u0430\u0432\u043b\u0435\u043d\u0438\u044f\u00a0 \u0432 \u0410\u0437\u0435\u0440\u0431\u0430\u0439\u0434\u0436\u0430\u043d\u0441\u043a\u043e\u043c \u0433\u043e\u0441\u0443\u0434\u0430\u0440\u0441\u0442\u0432\u0435\u043d\u043d\u043e\u043c \u044d\u043a\u043e\u043d\u043e\u043c\u0438\u0447\u0435\u0441\u043a\u043e\u043c \u0443\u043d\u0438\u0432\u0435\u0440\u0441\u0438\u0442\u0435\u0442\u0435.<\/span><\/p>\n<p style=\"text-align: justify;\"><span style=\"font-size: 12pt;\">\u0416\u0435\u043d\u0430\u0442, \u0438\u043c\u0435\u0435\u0442 \u043e\u0434\u043d\u043e\u0433\u043e \u0440\u0435\u0431\u0435\u043d\u043a\u0430.<\/span><\/p>\n<p><a class=\"fancybox-thumb\" href=\"https:\/\/unec.edu.az\/application\/uploads\/2016\/02\/DSC_4834.jpg\" rel=\"fancybox-thumb\"><img decoding=\"async\" class=\"fancybox-margin alignnone wp-image-40944 \" src=\"https:\/\/unec.edu.az\/application\/uploads\/2016\/02\/DSC_4834-236x180.jpg\" alt=\"DSC_4834\" width=\"156\" height=\"119\" \/><\/a><a class=\"fancybox-thumb\" href=\"https:\/\/unec.edu.az\/application\/uploads\/2016\/12\/1-IMG_7362.jpg\" rel=\"fancybox-thumb\"><img decoding=\"async\" class=\"fancybox-margin alignnone wp-image-75118\" title=\"UNEC aliml\u0259ri Beyn\u0259lxalq S\u00fclh T\u0259dqiqatlar\u0131 Assosiasiyas\u0131na \u00fczv se\u00e7ilibl\u0259r (06.12.2016)\" src=\"https:\/\/unec.edu.az\/application\/uploads\/2016\/12\/1-IMG_7362-300x201.jpg\" alt=\"1-IMG_7362\" width=\"176\" height=\"118\" srcset=\"http:\/\/unec.edu.az\/application\/uploads\/2016\/12\/1-IMG_7362-300x200.jpg 300w, http:\/\/unec.edu.az\/application\/uploads\/2016\/12\/1-IMG_7362.jpg 800w\" sizes=\"(max-width: 176px) 100vw, 176px\" \/><\/a><a class=\"fancybox-thumb\" href=\"https:\/\/unec.edu.az\/application\/uploads\/2016\/11\/DSC_9564.jpg\" rel=\"fancybox-thumb\"><img loading=\"lazy\" decoding=\"async\" class=\"fancybox-margin alignnone wp-image-73642 \" title=\"Ferrux Tuzcuo\u011flu: UNEC modern g\u0259ncin x\u0259yallar\u0131ndak\u0131 universitet\u0259 \u00e7evrilm\u0259k istiqam\u0259tind\u0259 u\u011furla ir\u0259lil\u0259yir (25.11.2016)\" src=\"https:\/\/unec.edu.az\/application\/uploads\/2016\/11\/DSC_9564-236x180.jpg\" alt=\"DSC_9564\" width=\"155\" height=\"118\" \/><\/a><a class=\"fancybox-thumb\" href=\"https:\/\/unec.edu.az\/application\/uploads\/2016\/11\/DSC_9571.jpg\" rel=\"fancybox-thumb\"><img loading=\"lazy\" decoding=\"async\" class=\"fancybox-margin alignnone wp-image-73643 \" title=\"Ferrux Tuzcuo\u011flu: UNEC modern g\u0259ncin x\u0259yallar\u0131ndak\u0131 universitet\u0259 \u00e7evrilm\u0259k istiqam\u0259tind\u0259 u\u011furla ir\u0259lil\u0259yir (25.11.2016)\" src=\"https:\/\/unec.edu.az\/application\/uploads\/2016\/11\/DSC_9571-236x180.jpg\" alt=\"DSC_9571\" width=\"157\" height=\"120\" \/><\/a><a class=\"fancybox-thumb\" href=\"https:\/\/unec.edu.az\/application\/uploads\/2016\/11\/DSC_9573.jpg\" rel=\"fancybox-thumb\"><img loading=\"lazy\" decoding=\"async\" class=\"fancybox-margin alignnone wp-image-73644 \" title=\"Ferrux Tuzcuo\u011flu: UNEC modern g\u0259ncin x\u0259yallar\u0131ndak\u0131 universitet\u0259 \u00e7evrilm\u0259k istiqam\u0259tind\u0259 u\u011furla ir\u0259lil\u0259yir (25.11.2016)\" src=\"https:\/\/unec.edu.az\/application\/uploads\/2016\/11\/DSC_9573-236x180.jpg\" alt=\"DSC_9573\" width=\"156\" height=\"119\" \/><\/a><a class=\"fancybox-thumb\" href=\"https:\/\/unec.edu.az\/application\/uploads\/2016\/02\/DSC_8808.jpg\" rel=\"fancybox-thumb\"><img loading=\"lazy\" decoding=\"async\" class=\"fancybox-margin alignnone wp-image-48627 \" title=\"Ferrux Tuzcuo\u011flu: UNEC modern g\u0259ncin x\u0259yallar\u0131ndak\u0131 universitet\u0259 \u00e7evrilm\u0259k istiqam\u0259tind\u0259 u\u011furla ir\u0259lil\u0259yir (25.11.2016)\" src=\"https:\/\/unec.edu.az\/application\/uploads\/2016\/02\/DSC_8808-236x180.jpg\" alt=\"DSC_8808\" width=\"155\" height=\"118\" \/><\/a><\/p>\n<p><span style=\"color: #000000;\"><em><a style=\"color: #000000;\" href=\"https:\/\/unec.edu.az\/ru\/heyder-eliyevin-hakimiyyet-dovru-esre-beraber-10-il\/\">\u00ab\u041f\u0435\u0440\u0438\u043e\u0434 \u043f\u0440\u0430\u0432\u043b\u0435\u043d\u0438\u044f \u0413\u0435\u0439\u0434\u0430\u0440\u0430 \u0410\u043b\u0438\u0435\u0432\u0430: 10 \u043b\u0435\u0442 \u0440\u0430\u0432\u043d\u044b\u0435 \u0432\u0435\u043a\u0443\u00bb <\/a>(03.05.2017)<\/em><\/span><br \/>\n<span style=\"color: #000000;\"><em><a style=\"color: #000000;\" href=\"https:\/\/unec.edu.az\/ru\/ferrux-tuzcuoglu-turkiyenin-nufuzlu-universitetleri-unec-le-emekdasliqda-maraqlidir\/\">\u0424\u0430\u0440\u0440\u0443\u0445 \u0422\u0443\u0437\u0434\u0436\u0443\u043e\u0433\u043b\u044b: \u00ab\u041f\u0440\u0435\u0441\u0442\u0438\u0436\u043d\u044b\u0435 \u0443\u043d\u0438\u0432\u0435\u0440\u0441\u0438\u0442\u0435\u0442\u044b \u0422\u0443\u0440\u0446\u0438\u0438 \u0437\u0430\u0438\u043d\u0442\u0435\u0440\u0435\u0441\u043e\u0432\u0430\u043d\u044b \u0432 \u0441\u043e\u0442\u0440\u0443\u0434\u043d\u0438\u0447\u0435\u0441\u0442\u0432\u0435 \u0441 UNEC\u00bb <\/a>(26.04.2017)<\/em><\/span><br \/>\n<span style=\"color: #000000;\"><em><a style=\"color: #000000;\" href=\"https:\/\/unec.edu.az\/ru\/unec-de-novruz-senlikleri-basladi\/\">\u0412 UNEC \u043d\u0430\u0447\u0430\u043b\u0438\u0441\u044c \u041d\u043e\u0432\u0440\u0443\u0437\u043e\u0432\u0441\u043a\u0438\u0435 \u043f\u0440\u0430\u0437\u0434\u043d\u0435\u0441\u0442\u0432\u0430<\/a>\u00a0(14.03.2017)<\/em><\/span><br \/>\n<span style=\"color: #000000;\"><em><a style=\"color: #000000;\" href=\"https:\/\/unec.edu.az\/ru\/unec-le-suleyman-demirel-universiteti-arasinda-gelecek-emekdasliq-imkanlari-muzakire-edilib\/\">\u0421\u043e\u0441\u0442\u043e\u044f\u043b\u043e\u0441\u044c \u043e\u0431\u0441\u0443\u0436\u0434\u0435\u043d\u0438\u0435 \u0432\u043e\u0437\u043c\u043e\u0436\u043d\u043e\u0441\u0442\u0435\u0439 \u0431\u0443\u0434\u0443\u0449\u0435\u0433\u043e \u0441\u043e\u0442\u0440\u0443\u0434\u043d\u0438\u0447\u0435\u0441\u0442\u0432\u0430 \u043c\u0435\u0436\u0434\u0443 UNEC \u0438 \u0443\u043d\u0438\u0432\u0435\u0440\u0441\u0438\u0442\u0435\u0442\u043e\u043c \u0421\u0443\u043b\u0435\u0439\u043c\u0430\u043d\u0430 \u0414\u0435\u043c\u0438\u0440\u0435\u043b\u044f<\/a>\u00a0(06.03.2017)<\/em><\/span><br \/>\n<span style=\"color: #000000;\"><em><a style=\"color: #000000;\" href=\"https:\/\/unec.edu.az\/ru\/qanla-yazilan-tarix-unudulmur\/\">\u00ab\u0418\u0441\u0442\u043e\u0440\u0438\u044f, \u043d\u0430\u043f\u0438\u0441\u0430\u043d\u043d\u0430\u044f \u043a\u0440\u043e\u0432\u044c\u044e, \u043d\u0435 \u0437\u0430\u0431\u044b\u0432\u0430\u0435\u0442\u0441\u044f\u00bb<\/a>\u00a0(23.02.2017)<\/em><\/span><br \/>\n<span style=\"color: #000000;\"><em><a style=\"color: #000000;\" href=\"https:\/\/unec.edu.az\/ru\/unec-genclerin-xeyallarindaki-universitete-cevrilmek-istiqametinde-ugurla-irelileyir\/\">UNEC \u0443\u0441\u043f\u0435\u0448\u043d\u043e \u043f\u0440\u043e\u0434\u0432\u0438\u0433\u0430\u0435\u0442\u0441\u044f \u0432\u043f\u0435\u0440\u0435\u0434 \u0432 \u043d\u0430\u043f\u0440\u0430\u0432\u043b\u0435\u043d\u0438\u0438 \u043f\u0440\u0435\u0432\u0440\u0430\u0449\u0435\u043d\u0438\u044f \u0432 \u0443\u043d\u0438\u0432\u0435\u0440\u0441\u0438\u0442\u0435\u0442\u0430 \u0432 \u043c\u0435\u0447\u0442\u0430\u0445 \u043c\u043e\u043b\u043e\u0434\u0435\u0436\u0438 <\/a>(01.26.2017)<\/em><\/span><br \/>\n<span style=\"color: #000000;\"><em><a style=\"color: #000000;\" href=\"https:\/\/unec.edu.az\/ru\/unec-alimleri-beynelxalq-sulh-tedqiqatlari-assosiasiyasina-uzv-secilibler\/\">\u0423\u0447\u0435\u043d\u044b\u0435 UNEC \u0438\u0437\u0431\u0440\u0430\u043d\u044b \u0447\u043b\u0435\u043d\u0430\u043c\u0438 \u041c\u0435\u0436\u0434\u0443\u043d\u0430\u0440\u043e\u0434\u043d\u043e\u0439 \u0430\u0441\u0441\u043e\u0446\u0438\u0430\u0446\u0438\u0438 \u043c\u0438\u0440\u043d\u044b\u0445 \u0438\u0441\u0441\u043b\u0435\u0434\u043e\u0432\u0430\u043d\u0438\u0439 <\/a>(06.12.2016)<br \/>\n<a style=\"color: #000000;\" href=\"https:\/\/unec.edu.az\/ru\/yalcin-topcu-turkiye-ali-tehsil-muessiseleri-ile-unec-in-birlikde-emekdasligi-yeni-inkisaf-trendi-yaradacaq\/\">\u042f\u043b\u0447\u0438\u043d \u0422\u043e\u043f\u0447\u0443: \u0421\u043e\u0442\u0440\u0443\u0434\u043d\u0438\u0447\u0435\u0441\u0442\u0432\u043e \u0443\u0447\u0440\u0435\u0436\u0434\u0435\u043d\u0438\u0439 \u0432\u044b\u0441\u0448\u0435\u0433\u043e \u043e\u0431\u0440\u0430\u0437\u043e\u0432\u0430\u043d\u0438\u044f \u0422\u0443\u0440\u0446\u0438\u0438 \u0441 UNEC \u0441\u043e\u0437\u0434\u0430\u0441\u0442 \u043d\u043e\u0432\u044b\u0439 \u0442\u0440\u0435\u043d\u0434 \u0440\u0430\u0437\u0432\u0438\u0442\u0438\u044f<\/a>\u00a0(22.11.2016)<\/em><\/span><\/p>\n<p><a class=\"fancybox-thumb\" href=\"https:\/\/unec.edu.az\/application\/uploads\/2017\/04\/ferrux4-20-at-12.37.39.jpg\" rel=\"fancybox-thumb\"><img loading=\"lazy\" decoding=\"async\" class=\"fancybox-margin alignnone wp-image-92151 size-image236x180\" title=\"Ferrux Tuzcuo\u011flu: \u201d T\u00fcrkiy\u0259nin n\u00fcfuzlu universitetl\u0259ri UNEC-l\u0259 \u0259m\u0259kda\u015fl\u0131qda maraql\u0131d\u0131r\u201d (26.04.2017)\" src=\"https:\/\/unec.edu.az\/application\/uploads\/2017\/04\/ferrux4-20-at-12.37.39-236x180.jpg\" alt=\"ferrux4-20 at 12.37.39\" width=\"236\" height=\"180\" \/><\/a><a class=\"fancybox-thumb\" href=\"https:\/\/unec.edu.az\/application\/uploads\/2017\/05\/DSC02158.jpg\" rel=\"fancybox-thumb\"><img loading=\"lazy\" decoding=\"async\" class=\"fancybox-margin alignnone wp-image-93471 size-image236x180\" title=\"\u201cHeyd\u0259r \u018fliyevin hakimiyy\u0259t d\u00f6vr\u00fc: \u018fsr\u0259 b\u0259rab\u0259r 10 il\u201d (03.05.2017)\" src=\"https:\/\/unec.edu.az\/application\/uploads\/2017\/05\/DSC02158-236x180.jpg\" alt=\"???????????????????????????????\" width=\"236\" height=\"180\" \/><\/a><\/p>\n","protected":false},"excerpt":{"rendered":"<p>\u0424\u0430\u0440\u0440\u0443\u0445 \u0422\u0443\u0437\u0434\u0436\u0443\u043e\u0433\u043b\u0443 \u0424\u0430\u0440\u0440\u0443\u0445 \u0422\u0443\u0437\u0434\u0436\u0443\u043e\u0433\u043b\u0443 \u0440\u043e\u0434\u0438\u043b\u0441\u044f 1 \u044f\u043d\u0432\u0430\u0440\u044f 1969 \u0433\u043e\u0434\u0430, \u0432 \u0433\u043e\u0440\u043e\u0434\u0435 \u0410\u0434\u0430\u043f\u0430\u0437\u0430\u0440\u044b (\u0422\u0443\u0440\u0435\u0446\u043a\u0430\u044f \u0420\u0435\u0441\u043f\u0443\u0431\u043b\u0438\u043a\u0430), \u0432 \u0441\u0435\u043c\u044c\u0435 \u0438\u043d\u0442\u0435\u043b\u043b\u0438\u0433\u0435\u043d\u0442\u043e\u0432. \u0424\u0430\u0440\u0440\u0443\u0445 \u0422\u0443\u0437\u0434\u0436\u0443\u043e\u0433\u043b\u0443 \u0432 1992 \u0433\u043e\u0434\u0443 \u043f\u043e\u043b\u0443\u0447\u0438\u043b \u0441\u0432\u043e\u0435 \u043e\u0431\u0440\u0430\u0437\u043e\u0432\u0430\u043d\u0438\u0435 \u0432 \u0431\u0430\u043a\u0430\u043b\u0430\u0432\u0440\u0438\u0430\u0442\u0435 \u0423\u043d\u0438\u0432\u0435\u0440\u0441\u0438\u0442\u0435\u0442\u0430 \u0410\u043d\u043a\u0430\u0440\u044b, \u043d\u0430 \u0444\u0430\u043a\u0443\u043b\u044c\u0442\u0435\u0442\u0435 \u00a0&#171;\u0413\u043e\u0441\u0443\u0434\u0430\u0440\u0441\u0442\u0432\u0435\u043d\u043d\u043e\u0435 \u0443\u043f\u0440\u0430\u0432\u043b\u0435\u043d\u0438\u0435&#187;, \u0437\u0430\u0432\u0435\u0440\u0448\u0438\u0432\u00a0 \u0432 1995 \u0433\u043e\u0434\u0443 \u0441\u0432\u043e\u0435 \u043e\u0431\u0440\u0430\u0437\u043e\u0432\u0430\u043d\u0438\u0435 \u0432 \u043c\u0430\u0433\u0438\u0441\u0442\u0440\u0430\u0442\u0443\u0440\u0435, \u043f\u043e \u0442\u043e\u0439 \u0436\u0435 \u0441\u043f\u0435\u0446\u0438\u0430\u043b\u044c\u043d\u043e\u0441\u0442\u0438, \u0432 \u0423\u043d\u0438\u0432\u0435\u0440\u0441\u0438\u0442\u0435\u0442\u0435 \u0421\u0443\u043b\u0435\u0439\u043c\u0430\u043d\u0430 \u0414\u0430\u043c\u0438\u0440\u0430\u043b\u044f, \u0432 2002 \u0433\u043e\u0434\u0443 \u0437\u0430\u0449\u0438\u0442\u0438\u043b \u0434\u043e\u043a\u0442\u043e\u0440\u0441\u043a\u0443\u044e \u0434\u0438\u0441\u0441\u0435\u0440\u0442\u0430\u0446\u0438\u044e [&hellip;]<\/p>\n","protected":false},"author":10,"featured_media":0,"parent":0,"menu_order":0,"comment_status":"open","ping_status":"open","template":"","meta":{"footnotes":""},"class_list":["post-23456","page","type-page","status-publish","hentry"],"_links":{"self":[{"href":"http:\/\/unec.edu.az\/ru\/wp-json\/wp\/v2\/pages\/23456","targetHints":{"allow":["GET"]}}],"collection":[{"href":"http:\/\/unec.edu.az\/ru\/wp-json\/wp\/v2\/pages"}],"about":[{"href":"http:\/\/unec.edu.az\/ru\/wp-json\/wp\/v2\/types\/page"}],"author":[{"embeddable":true,"href":"http:\/\/unec.edu.az\/ru\/wp-json\/wp\/v2\/users\/10"}],"replies":[{"embeddable":true,"href":"http:\/\/unec.edu.az\/ru\/wp-json\/wp\/v2\/comments?post=23456"}],"version-history":[{"count":20,"href":"http:\/\/unec.edu.az\/ru\/wp-json\/wp\/v2\/pages\/23456\/revisions"}],"predecessor-version":[{"id":128715,"href":"http:\/\/unec.edu.az\/ru\/wp-json\/wp\/v2\/pages\/23456\/revisions\/128715"}],"wp:attachment":[{"href":"http:\/\/unec.edu.az\/ru\/wp-json\/wp\/v2\/media?parent=23456"}],"curies":[{"name":"wp","href":"https:\/\/api.w.org\/{rel}","templated":true}]}}