{"id":28356,"date":"2015-07-09T14:13:37","date_gmt":"2015-07-09T10:13:37","guid":{"rendered":"https:\/\/unec.edu.az\/sebuhi-mileddin-oglu-tanriverdiyev-2\/"},"modified":"2022-04-19T14:56:32","modified_gmt":"2022-04-19T10:56:32","slug":"sebuhi-mileddin-oglu-tanriverdiyev","status":"publish","type":"page","link":"http:\/\/unec.edu.az\/ru\/sebuhi-mileddin-oglu-tanriverdiyev\/","title":{"rendered":"\u0441\u0442\/\u043f\u0440. \u0422\u0430\u043d\u0440\u044b\u0432\u0435\u0440\u0434\u0438\u0435\u0432 \u0421\u0430\u0431\u0443\u0445\u0438 \u041c\u0438\u043b\u0430\u0434\u0434\u0438\u043d \u043e\u0433\u043b\u044b"},"content":{"rendered":"<h4><a href=\"https:\/\/unec.edu.az\/application\/uploads\/2015\/07\/sabuhi22.jpg\"><img fetchpriority=\"high\" decoding=\"async\" class=\"alignleft wp-image-53230 size-medium\" title=\"left\" src=\"https:\/\/unec.edu.az\/application\/uploads\/2015\/07\/sabuhi22-300x200.jpg\" alt=\"sabuhi22\" width=\"300\" height=\"200\" srcset=\"http:\/\/unec.edu.az\/application\/uploads\/2015\/07\/sabuhi22-300x200.jpg 300w, http:\/\/unec.edu.az\/application\/uploads\/2015\/07\/sabuhi22.jpg 800w\" sizes=\"(max-width: 300px) 100vw, 300px\" \/><\/a><\/h4>\n<h4><span style=\"color: #800000;\">\u0414\u0438\u0440\u0435\u043a\u0442\u043e\u0440 \u0426\u0435\u043d\u0442\u0440\u0430\u00a0 \u0437\u0430\u043e\u0447\u043d\u043e\u0433\u043e \u0438 \u0434\u043e\u043f\u043e\u043b\u043d\u0438\u0442\u0435\u043b\u044c\u043d\u043e\u0433\u043e \u043e\u0431\u0440\u0430\u0437\u043e\u0432\u0430\u043d\u0438\u044f, \u0441\u0442.\u043f\u0440\u0435\u043f. \u0422\u0430\u043d\u0440\u044b\u0432\u0435\u0440\u0434\u0438\u0435\u0432 \u0421\u0430\u0431\u0443\u0445\u0438 \u041c\u0438\u043b\u0430\u0434\u0434\u0438\u043d \u043e\u0433\u043b\u044b<em>\u00a0<\/em><\/span><\/h4>\n<h4><span style=\"color: #000080;\"><em>e-mail:<\/em><em>sabuhi.tanriverdiyev@unec.edu.az;<br \/>\n<\/em><em>sabuhitanriverdiyev@gmail.com<\/em><\/span><\/h4>\n<p>&nbsp;<\/p>\n<p style=\"text-align: left;\">\u0420\u043e\u0434\u0438\u043b\u0441\u044f 4 \u0438\u044e\u043d\u044f 1979 \u0433\u043e\u0434\u0430 \u0432 \u0440\u0430\u0439\u043e\u043d\u0435 \u041c\u0430\u0441\u0438\u0441 \u0410\u0440\u043c\u044f\u043d\u0441\u043a\u043e\u0439 \u0421\u0421\u0420.<\/p>\n<p style=\"text-align: justify;\">\u0412 2001-2004 \u0433\u043e\u0434\u0430\u0445 \u0431\u044b\u043b \u043e\u0447\u043d\u044b\u043c \u0430\u0441\u043f\u0438\u0440\u0430\u043d\u0442\u043e\u043c\u00a0 \u043a\u0430\u0444\u0435\u0434\u0440\u044b \u00ab\u0413\u043e\u0441\u0443\u0434\u0430\u0440\u0441\u0442\u0432\u0435\u043d\u043d\u043e\u0435 \u0440\u0435\u0433\u0443\u043b\u0438\u0440\u043e\u0432\u0430\u043d\u0438\u0435 \u044d\u043a\u043e\u043d\u043e\u043c\u0438\u043a\u0438\u00bb \u0410\u0437\u0435\u0440\u0431\u0430\u0439\u0434\u0436\u0430\u043d\u0441\u043a\u043e\u0433\u043e \u0433\u043e\u0441\u0443\u0434\u0430\u0440\u0441\u0442\u0432\u0435\u043d\u043d\u043e\u0433\u043e \u044d\u043a\u043e\u043d\u043e\u043c\u0438\u0447\u0435\u0441\u043a\u043e\u0433\u043e \u0443\u043d\u0438\u0432\u0435\u0440\u0441\u0438\u0442\u0435\u0442\u0430.<\/p>\n<p style=\"text-align: justify;\">\u0410\u0432\u0442\u043e\u0440 \u0431\u043e\u043b\u0435\u0435 15 \u043d\u0430\u0443\u0447\u043d\u044b\u0445 \u0441\u0442\u0430\u0442\u0435\u0439, \u043f\u043e\u0441\u0432\u044f\u0449\u0435\u043d\u043d\u044b\u0445 \u0432\u043e\u043f\u0440\u043e\u0441\u0430\u043c \u043f\u0440\u0430\u0432\u043e\u0432\u043e\u0433\u043e \u0440\u0435\u0433\u0443\u043b\u0438\u0440\u043e\u0432\u0430\u043d\u0438\u044f \u043c\u0435\u0436\u0434\u0443\u043d\u0430\u0440\u043e\u0434\u043d\u044b\u0445 \u044d\u043a\u043e\u043d\u043e\u043c\u0438\u0447\u0435\u0441\u043a\u0438\u0445 \u043e\u0442\u043d\u043e\u0448\u0435\u043d\u0438\u0439 \u0438 \u0432 \u0446\u0435\u043b\u043e\u043c \u0440\u0435\u0433\u0443\u043b\u0438\u0440\u043e\u0432\u0430\u043d\u0438\u044f \u044d\u043a\u043e\u043d\u043e\u043c\u0438\u043a\u0438, 3 \u043f\u0440\u043e\u0433\u0440\u0430\u043c\u043c \u043f\u043e \u0434\u0438\u0441\u0446\u0438\u043f\u043b\u0438\u043d\u0435 \u0438 \u0443\u0447\u0435\u0431\u043d\u043e\u0433\u043e \u043f\u043e\u0441\u043e\u0431\u0438\u044f \u00ab\u042d\u043a\u043e\u043d\u043e\u043c\u0438\u0447\u0435\u0441\u043a\u043e\u0435 \u043f\u0440\u0430\u0432\u043e\u00bb.<\/p>\n<p style=\"text-align: justify;\">\u0412 2003-2006 \u0433\u043e\u0434\u0430\u0445 \u0440\u0430\u0431\u043e\u0442\u0430\u043b \u043d\u0430 \u0434\u043e\u043b\u0436\u043d\u043e\u0441\u0442\u0438 \u043f\u0440\u0435\u043f\u043e\u0434\u0430\u0432\u0430\u0442\u0435\u043b\u044f \u043a\u0430\u0444\u0435\u0434\u0440\u044b \u00ab\u0413\u043e\u0441\u0443\u0434\u0430\u0440\u0441\u0442\u0432\u0435\u043d\u043d\u043e\u0435 \u0440\u0435\u0433\u0443\u043b\u0438\u0440\u043e\u0432\u0430\u043d\u0438\u0435 \u044d\u043a\u043e\u043d\u043e\u043c\u0438\u043a\u0438\u00bb \u0410\u0437\u0435\u0440\u0431\u0430\u0439\u0434\u0436\u0430\u043d\u0441\u043a\u043e\u0433\u043e \u0433\u043e\u0441\u0443\u0434\u0430\u0440\u0441\u0442\u0432\u0435\u043d\u043d\u043e\u0433\u043e \u044d\u043a\u043e\u043d\u043e\u043c\u0438\u0447\u0435\u0441\u043a\u043e\u0433\u043e \u0443\u043d\u0438\u0432\u0435\u0440\u0441\u0438\u0442\u0435\u0442\u0430.<\/p>\n<p style=\"text-align: justify;\">\u0421 2006 \u0433\u043e\u0434\u0430 \u0440\u0430\u0431\u043e\u0442\u0430\u0435\u0442 \u043d\u0430 \u0434\u043e\u043b\u0436\u043d\u043e\u0441\u0442\u0438 \u0441\u0442\u0430\u0440\u0448\u0435\u0433\u043e \u043f\u0440\u0435\u043f\u043e\u0434\u0430\u0432\u0430\u0442\u0435\u043b\u044f \u043a\u0430\u0444\u0435\u0434\u0440\u044b \u00ab\u042d\u043a\u043e\u043d\u043e\u043c\u0438\u0447\u0435\u0441\u043a\u043e\u0435 \u043f\u0440\u0430\u0432\u043e\u00bb.<\/p>\n<p style=\"text-align: justify;\">\u0412 2010-2014 \u0433\u043e\u0434\u0430\u0445 \u0440\u0430\u0431\u043e\u0442\u0430\u043b \u043d\u0430 \u0434\u043e\u043b\u0436\u043d\u043e\u0441\u0442\u0438 \u043d\u0430\u0443\u0447\u043d\u043e\u0433\u043e \u0441\u043e\u0442\u0440\u0443\u0434\u043d\u0438\u043a\u0430 \u043e\u0442\u0434\u0435\u043b\u0430 \u00ab\u0421\u043e\u0446\u0438\u0430\u043b\u044c\u043d\u043e-\u044d\u043a\u043e\u043d\u043e\u043c\u0438\u0447\u0435\u0441\u043a\u0438\u0435 \u043f\u0440\u043e\u0431\u043b\u0435\u043c\u044b \u0440\u0435\u0433\u0438\u043e\u043d\u043e\u0432\u00bb \u041d\u0430\u0443\u0447\u043d\u043e-\u0438\u0441\u0441\u043b\u0435\u0434\u043e\u0432\u0430\u0442\u0435\u043b\u044c\u0441\u043a\u043e\u0433\u043e \u0438\u043d\u0441\u0442\u0438\u0442\u0443\u0442\u0430 \u044d\u043a\u043e\u043d\u043e\u043c\u0438\u0447\u0435\u0441\u043a\u0438\u0445 \u0438\u0437\u044b\u0441\u043a\u0430\u043d\u0438\u0439 \u043f\u0440\u0438 \u0410\u0437\u0435\u0440\u0431\u0430\u0439\u0434\u0436\u0430\u043d\u0441\u043a\u043e\u043c \u0433\u043e\u0441\u0443\u0434\u0430\u0440\u0441\u0442\u0432\u0435\u043d\u043d\u043e\u043c \u044d\u043a\u043e\u043d\u043e\u043c\u0438\u0447\u0435\u0441\u043a\u043e\u043c \u0443\u043d\u0438\u0432\u0435\u0440\u0441\u0438\u0442\u0435\u0442\u0435.<\/p>\n<p style=\"text-align: justify;\">\u0421 \u043e\u043a\u0442\u044f\u0431\u0440\u044f 2014 \u0433\u043e\u0434\u0430 \u043f\u043e \u0430\u043f\u0440\u0435\u043b\u044c 2016 \u0433\u043e\u0434 \u0440\u0430\u0431\u043e\u0442\u0430\u043b \u043d\u0430 \u0434\u043e\u043b\u0436\u043d\u043e\u0441\u0442\u0438 \u0437\u0430\u043c\u0435\u0441\u0442\u0438\u0442\u0435\u043b\u044f \u0434\u0435\u043a\u0430\u043d\u0430 \u0444\u0430\u043a\u0443\u043b\u044c\u0442\u0435\u0442\u0430 \u042d\u043a\u043e\u043d\u043e\u043c\u0438\u043a\u0438 \u0438 \u043f\u0440\u043e\u043c\u044b\u0448\u043b\u0435\u043d\u043d\u043e\u0441\u0442\u0438.<\/p>\n<p style=\"text-align: justify;\">\u0421 \u0430\u043f\u0440\u0435\u043b\u044f 2016 \u0433\u043e\u0434\u0430 \u043d\u0430\u0437\u043d\u0430\u0447\u0435\u043d \u0434\u0438\u0440\u0435\u043a\u0442\u043e\u0440\u043e\u043c \u0426\u0435\u043d\u0442\u0440\u0430 \u0434\u0438\u0441\u0442\u0430\u043d\u0446\u0438\u043e\u043d\u043d\u043e\u0433\u043e, \u0437\u0430\u043e\u0447\u043d\u043e\u0433\u043e \u0438 \u0434\u043e\u043f\u043e\u043b\u043d\u0438\u0442\u0435\u043b\u044c\u043d\u043e\u0433\u043e \u043e\u0431\u0440\u0430\u0437\u043e\u0432\u0430\u043d\u0438\u044f.<\/p>\n<p style=\"text-align: justify;\">\n<p style=\"text-align: justify;\"><span style=\"color: #000080;\"><em><a style=\"color: #000080;\" href=\"https:\/\/unec.edu.az\/application\/uploads\/2015\/07\/Sebuhi-Tanr-verdiyev.pdf\">\u00a0\u0421\u041f\u0418\u0421\u041e\u041a \u041d\u0410\u0423\u0427\u041d\u042b\u0425 \u0422\u0420\u0423\u0414\u041e\u0412<\/a><\/em><\/span><\/p>\n<p>\u00a0<a class=\"fancybox-thumb\" href=\"https:\/\/unec.edu.az\/application\/uploads\/2015\/07\/qiyabi2bd7af433.jpg\"><img decoding=\"async\" class=\"fancybox-margin alignnone wp-image-167808 size-thumbnail\" src=\"https:\/\/unec.edu.az\/application\/uploads\/2015\/07\/qiyabi2bd7af433-150x150.jpg\" alt=\"qiyabi2bd7af433\" width=\"150\" height=\"150\" \/><\/a><a class=\"fancybox-thumb\" href=\"https:\/\/unec.edu.az\/application\/uploads\/2018\/02\/distant1_280218.jpg\"><img decoding=\"async\" class=\"fancybox-margin alignnone wp-image-119598 size-thumbnail\" title=\"UNEC \u0259lav\u0259 t\u0259hsil sah\u0259sind\u0259 \u0130ZU t\u0259cr\u00fcb\u0259sind\u0259n yararlanacaq (28.02.2018)\" src=\"https:\/\/unec.edu.az\/application\/uploads\/2018\/02\/distant1_280218-150x150.jpg\" alt=\"distant1_280218\" width=\"150\" height=\"150\" \/><\/a>\u00a0\u00a0<a class=\"fancybox-thumb\" href=\"https:\/\/unec.edu.az\/application\/uploads\/2016\/11\/1-DSC_1094.jpg\"><img loading=\"lazy\" decoding=\"async\" class=\"fancybox-margin alignnone wp-image-73066 size-thumbnail\" title=\"DGKA-n\u0131n t\u0259l\u0259b\u0259l\u0259ri UNEC-d\u0259 olub (22.11.2016)\" src=\"https:\/\/unec.edu.az\/application\/uploads\/2016\/11\/1-DSC_1094-150x150.jpg\" alt=\"1-DSC_1094\" width=\"150\" height=\"150\" \/><\/a>\u00a0<a class=\"fancybox-thumb\" href=\"https:\/\/unec.edu.az\/application\/uploads\/2016\/11\/1-DSC_1099.jpg\"><img loading=\"lazy\" decoding=\"async\" class=\"fancybox-margin alignnone wp-image-73067 size-thumbnail\" title=\"DGKA-n\u0131n t\u0259l\u0259b\u0259l\u0259ri UNEC-d\u0259 olub (22.11.2016)\" src=\"https:\/\/unec.edu.az\/application\/uploads\/2016\/11\/1-DSC_1099-150x150.jpg\" alt=\"1-DSC_1099\" width=\"150\" height=\"150\" \/><\/a>\u00a0<a class=\"fancybox-thumb\" href=\"https:\/\/unec.edu.az\/application\/uploads\/2016\/11\/1-DSC_1142.jpg\"><img loading=\"lazy\" decoding=\"async\" class=\"fancybox-margin alignnone wp-image-73072 size-thumbnail\" title=\"DGKA-n\u0131n t\u0259l\u0259b\u0259l\u0259ri UNEC-d\u0259 olub (22.11.2016)\" src=\"https:\/\/unec.edu.az\/application\/uploads\/2016\/11\/1-DSC_1142-150x150.jpg\" alt=\"1-DSC_1142\" width=\"150\" height=\"150\" \/><\/a>\u00a0<a class=\"fancybox-thumb\" href=\"https:\/\/unec.edu.az\/application\/uploads\/2018\/04\/WhatsApp-Image-2018-04-17-at-12.34.44.jpg\"><img loading=\"lazy\" decoding=\"async\" class=\"fancybox-margin alignnone wp-image-123644 size-thumbnail\" title=\"UNEC-in g\u0259nc m\u00fc\u0259lliml\u0259ri Anadolu Universitetind\u0259 (19.04.2018)\" src=\"https:\/\/unec.edu.az\/application\/uploads\/2018\/04\/WhatsApp-Image-2018-04-17-at-12.34.44-150x150.jpg\" alt=\"WhatsApp Image 2018-04-17 at 12.34.44\" width=\"150\" height=\"150\" \/><\/a><\/p>\n<p><em><span style=\"color: #000000;\"><a style=\"color: #000000;\" href=\"https:\/\/unec.edu.az\/ru\/unec-in-genc-muellimleri-anadolu-universitetinde\/\">\u041c\u043e\u043b\u043e\u0434\u044b\u0435 \u043f\u0440\u0435\u043f\u043e\u0434\u0430\u0432\u0430\u0442\u0435\u043b\u0438 UNEC \u0432 \u0410\u043d\u0430\u0442\u043e\u043b\u0438\u0439\u0441\u043a\u043e\u043c \u0443\u043d\u0438\u0432\u0435\u0440\u0441\u0438\u0442\u0435\u0442\u0435<\/a>\u00a0(19.04.2018)<a style=\"color: #000000;\" href=\"https:\/\/unec.edu.az\/ru\/unec-telebelerinin-missiyasi-paytaxtin-beynelxalq-imicinin-formalasdirilmasi\/\"><br \/>\n\u041c\u0438\u0441\u0441\u0438\u044f \u0441\u0442\u0443\u0434\u0435\u043d\u0442\u043e\u0432 UNEC \u2013 \u0444\u043e\u0440\u043c\u0438\u0440\u043e\u0432\u0430\u043d\u0438\u0435 \u043c\u0435\u0436\u0434\u0443\u043d\u0430\u0440\u043e\u0434\u043d\u043e\u0433\u043e \u0438\u043c\u0438\u0434\u0436\u0430 \u0441\u0442\u043e\u043b\u0438\u0446\u044b<\/a>\u00a0(13.03.2018)<a style=\"color: #000000;\" href=\"https:\/\/unec.edu.az\/ru\/unec-genc-muellimler-surasinin-ilk-elmi-seminari\/\"><br \/>\n\u041f\u0435\u0440\u0432\u044b\u0439 \u043d\u0430\u0443\u0447\u043d\u044b\u0439 \u0441\u0435\u043c\u0438\u043d\u0430\u0440 \u0421\u043e\u0432\u0435\u0442\u0430 \u043c\u043e\u043b\u043e\u0434\u044b\u0445 \u043f\u0440\u0435\u043f\u043e\u0434\u0430\u0432\u0430\u0442\u0435\u043b\u0435\u0439 UNEC<\/a><a style=\"color: #000000;\" href=\"https:\/\/unec.edu.az\/ru\/unec-telebelerinin-missiyasi-paytaxtin-beynelxalq-imicinin-formalasdirilmasi\/\">\u00a0(12.03.2018)<br \/>\n\u041c\u0438\u0441\u0441\u0438\u044f \u0441\u0442\u0443\u0434\u0435\u043d\u0442\u043e\u0432 UNEC \u2013 \u0444\u043e\u0440\u043c\u0438\u0440\u043e\u0432\u0430\u043d\u0438\u0435 \u043c\u0435\u0436\u0434\u0443\u043d\u0430\u0440\u043e\u0434\u043d\u043e\u0433\u043e \u0438\u043c\u0438\u0434\u0436\u0430 \u0441\u0442\u043e\u043b\u0438\u0446\u044b<\/a>\u00a0(13.03.2018)<br \/>\n<a style=\"color: #000000;\" href=\"https:\/\/unec.edu.az\/ru\/unec-elave-tehsil-sahesinde-izu-tecrubesinden-yararlanacaq\/\">UNEC \u0432 \u0441\u0444\u0435\u0440\u0435 \u0434\u043e\u043f\u043e\u043b\u043d\u0438\u0442\u0435\u043b\u044c\u043d\u043e\u0433\u043e \u043e\u0431\u0440\u0430\u0437\u043e\u0432\u0430\u043d\u0438\u044f \u0432\u043e\u0441\u043f\u043e\u043b\u044c\u0437\u0443\u0435\u0442\u0441\u044f \u043e\u043f\u044b\u0442\u043e\u043c \u0130ZU<\/a>\u00a0(28.02.2018)<br \/>\n<a style=\"color: #000000;\" href=\"https:\/\/unec.edu.az\/ru\/unec-de-konstitusiya-gunu\/\">\u0414\u0435\u043d\u044c \u043a\u043e\u043d\u0441\u0442\u0438\u0442\u0443\u0446\u0438\u0438 \u0432 UNEC<\/a>\u00a0(10.11.2017)<\/span><\/em><br \/>\n<em><span style=\"color: #000000;\"> <a style=\"color: #000000;\" href=\"https:\/\/unec.edu.az\/ru\/merkez-direktoru-qebul-qaydalarindan-danisdi\/\">\u0414\u0438\u0440\u0435\u043a\u0442\u043e\u0440 \u0426\u0435\u043d\u0442\u0440\u0430 \u0440\u0430\u0441\u0441\u043a\u0430\u0437\u0430\u043b \u043e \u043f\u0440\u0430\u0432\u0438\u043b\u0430\u0445 \u043f\u0440\u0438\u0435\u043c\u0430<\/a>\u00a0(23.06.2017)<\/span><\/em><br \/>\n<em><span style=\"color: #000000;\"> <a style=\"color: #000000;\" href=\"https:\/\/unec.edu.az\/ru\/unec-le-suleyman-demirel-universiteti-arasinda-gelecek-emekdasliq-imkanlari-muzakire-edilib\/\">\u0421\u043e\u0441\u0442\u043e\u044f\u043b\u043e\u0441\u044c \u043e\u0431\u0441\u0443\u0436\u0434\u0435\u043d\u0438\u0435 \u0432\u043e\u0437\u043c\u043e\u0436\u043d\u043e\u0441\u0442\u0435\u0439 \u0431\u0443\u0434\u0443\u0449\u0435\u0433\u043e \u0441\u043e\u0442\u0440\u0443\u0434\u043d\u0438\u0447\u0435\u0441\u0442\u0432\u0430 \u043c\u0435\u0436\u0434\u0443 UNEC \u0438 \u0443\u043d\u0438\u0432\u0435\u0440\u0441\u0438\u0442\u0435\u0442\u043e\u043c \u0421\u0443\u043b\u0435\u0439\u043c\u0430\u043d\u0430 \u0414\u0435\u043c\u0438\u0440\u0435\u043b\u044f<\/a>\u00a0(06.03.2017)<\/span><\/em><br \/>\n<em><span style=\"color: #000000;\"> <a style=\"color: #000000;\" href=\"https:\/\/unec.edu.az\/ru\/unec-in-qiyabi-tehsil-alan-telebelerinin-derse-davamiyyeti-yuksekdir\/\">\u041f\u043e\u0441\u0435\u0449\u0430\u0435\u043c\u043e\u0441\u0442\u044c \u0437\u0430\u043d\u044f\u0442\u0438\u0439 \u0441\u0442\u0443\u0434\u0435\u043d\u0442\u0430\u043c\u0438 UNEC, \u043e\u0431\u0443\u0447\u0430\u044e\u0449\u0438\u043c\u0438\u0441\u044f \u0437\u0430\u043e\u0447\u043d\u043e, \u0432\u044b\u0441\u043e\u043a\u0430\u044f <\/a>(01.25.2017)<br \/>\n<\/span><\/em><em><span style=\"color: #000000;\"><a style=\"color: #000000;\" href=\"https:\/\/unec.edu.az\/ru\/xarici-diller-kafedrasinda-elmi-metodoloji-seminarlara-start-verilib\/\">\u041d\u0430 \u043a\u0430\u0444\u0435\u0434\u0440\u0435 \u00ab\u0418\u043d\u043e\u0441\u0442\u0440\u0430\u043d\u043d\u044b\u0435 \u044f\u0437\u044b\u043a\u0438\u00bb \u0434\u0430\u043d \u0441\u0442\u0430\u0440\u0442 \u043d\u0430\u0443\u0447\u043d\u043e-\u043c\u0435\u0442\u043e\u0434\u0438\u0447\u0435\u0441\u043a\u0438\u043c \u0441\u0435\u043c\u0438\u043d\u0430\u0440\u0430\u043c<\/a>\u00a0(17.01.2017)<br \/>\n<\/span><\/em><em><span style=\"color: #000000;\"><a style=\"color: #000000;\" href=\"https:\/\/unec.edu.az\/ru\/unec-telebeleri-dovlet-gomruk-komitesi-akademiyasinda-dersde\/\">\u0421\u0442\u0443\u0434\u0435\u043d\u0442\u044b UNEC \u043d\u0430 \u0443\u0440\u043e\u043a\u0435 \u0432 \u0410\u043a\u0430\u0434\u0435\u043c\u0438\u0438 \u0433\u043e\u0441\u0443\u0434\u0430\u0440\u0441\u0442\u0432\u0435\u043d\u043d\u043e\u0433\u043e \u0442\u0430\u043c\u043e\u0436\u0435\u043d\u043d\u043e\u0433\u043e \u043a\u043e\u043c\u0438\u0442\u0435\u0442\u0430<\/a>\u00a0(16.12.2016)<br \/>\n<\/span><\/em><em><span style=\"color: #000000;\"><a style=\"color: #000000;\" href=\"https:\/\/unec.edu.az\/ru\/dgka-nin-bir-qrup-telebesi-unec-de-olub\/\">\u0421\u0442\u0443\u0434\u0435\u043d\u0442\u044b \u0410\u0413\u0422\u041a \u043f\u043e\u0431\u044b\u0432\u0430\u043b\u0438 \u0432 UNEC<\/a>\u00a0(22.11.2016)<br \/>\n<\/span><\/em><em><span style=\"color: #000000;\"><a style=\"color: #000000;\" href=\"https:\/\/unec.edu.az\/ru\/yaxsi-muellim-nece-olmalidir\/\">\u041a\u0430\u043a\u0438\u043c \u0434\u043e\u043b\u0436\u0435\u043d \u0431\u044b\u0442\u044c \u0445\u043e\u0440\u043e\u0448\u0438\u0439 \u043f\u0440\u0435\u043f\u043e\u0434\u0430\u0432\u0430\u0442\u0435\u043b\u044c?!<\/a>\u00a0(23.02.2016)<br \/>\n<\/span><\/em><em><span style=\"color: #000000;\"><a style=\"color: #000000;\" href=\"https:\/\/unec.edu.az\/ru\/unec-de-merkeze-yeni-direktor-teyin-edilib\/\">\u0412 UNEC \u043d\u0430\u0437\u043d\u0430\u0447\u0435\u043d \u043d\u043e\u0432\u044b\u0439 \u0434\u0438\u0440\u0435\u043a\u0442\u043e\u0440 \u0446\u0435\u043d\u0442\u0440\u0430 <\/a>(21.04.2016)<\/span><\/em><\/p>\n<p><em><span style=\"color: #000000;\"><a class=\"fancybox-thumb\" style=\"color: #000000;\" href=\"https:\/\/unec.edu.az\/application\/uploads\/2015\/07\/sabuhi_1196-1024x684.jpg\"><img loading=\"lazy\" decoding=\"async\" class=\"fancybox-margin alignnone wp-image-89269 size-thumbnail\" title=\"UNEC-d\u0259 YAP \u00fczvl\u0259rinin s\u0131ralar\u0131 geni\u015fl\u0259nir (29\/03\/2017)\" src=\"https:\/\/unec.edu.az\/application\/uploads\/2015\/07\/sabuhi_1196-1024x684-150x150.jpg\" alt=\"sabuhi_1196-1024x684\" width=\"150\" height=\"150\" \/><\/a><a class=\"fancybox-thumb\" style=\"color: #000000;\" href=\"https:\/\/unec.edu.az\/application\/uploads\/2015\/12\/DSC_0445.jpg\"><img loading=\"lazy\" decoding=\"async\" class=\"fancybox-margin  alignnone wp-image-33553 size-thumbnail\" src=\"https:\/\/unec.edu.az\/application\/uploads\/2015\/12\/DSC_0445-150x150.jpg\" alt=\"DSC_0445\" width=\"150\" height=\"150\" \/><\/a><a class=\"fancybox-thumb\" style=\"color: #000000;\" href=\"https:\/\/unec.edu.az\/application\/uploads\/2015\/12\/sertifikat11.jpg\"><img loading=\"lazy\" decoding=\"async\" class=\"fancybox-margin  alignnone wp-image-31821 size-thumbnail\" src=\"https:\/\/unec.edu.az\/application\/uploads\/2015\/12\/sertifikat11-150x150.jpg\" alt=\"sertifikat11\" width=\"150\" height=\"150\" \/><\/a><\/span><\/em><a class=\"fancybox-thumb\" href=\"https:\/\/unec.edu.az\/application\/uploads\/2015\/11\/DSC_0066.jpg\"><img loading=\"lazy\" decoding=\"async\" class=\"fancybox-margin alignnone wp-image-28895 size-thumbnail\" src=\"https:\/\/unec.edu.az\/application\/uploads\/2015\/11\/DSC_0066-150x150.jpg\" alt=\"DSC_0066\" width=\"150\" height=\"150\" \/><\/a><a class=\"fancybox-thumb\" href=\"https:\/\/unec.edu.az\/application\/uploads\/2018\/02\/unec-51.jpg\"><img loading=\"lazy\" decoding=\"async\" class=\"fancybox-margin alignnone wp-image-119116 size-thumbnail\" title=\"UNEC-in g\u0259nc m\u00fc\u0259lliml\u0259ri T\u00fcrkiy\u0259d\u0259 Xocal\u0131 soyq\u0131r\u0131m\u0131ndan b\u0259hs edibl\u0259r (22.02.2018)\" src=\"https:\/\/unec.edu.az\/application\/uploads\/2018\/02\/unec-51-150x150.jpg\" alt=\"unec (5)\" width=\"150\" height=\"150\" \/><\/a><a class=\"fancybox-thumb\" href=\"https:\/\/unec.edu.az\/application\/uploads\/2018\/03\/DSC_0183.jpg\"><img loading=\"lazy\" decoding=\"async\" class=\"fancybox-margin alignnone wp-image-121210 size-thumbnail\" title=\"UNEC-d\u0259 Novruz \u015f\u0259nliyi \u2013 m\u00fc\u0259lliml\u0259rl\u0259 t\u0259l\u0259b\u0259l\u0259r yar\u0131\u015fd\u0131 (16.03.2018)\" src=\"https:\/\/unec.edu.az\/application\/uploads\/2018\/03\/DSC_0183-150x150.jpg\" alt=\"DSC_0183\" width=\"150\" height=\"150\" \/><\/a><\/p>\n<p>&nbsp;<\/p>\n<p><span style=\"color: #000000;\"><em><a style=\"color: #000000;\" href=\"https:\/\/unec.edu.az\/ru\/lider-muellim-lider-universitet-radio-unec-de-muzakire-edilib\/\">\u041f\u043e \u0420\u0430\u0434\u0438\u043e UNEC \u043e\u0431\u0441\u0443\u0436\u0434\u0430\u043b\u0441\u044f \u043f\u0440\u043e\u0435\u043a\u0442 \u00ab\u041b\u0438\u0434\u0435\u0440 \u043f\u0440\u0435\u043f\u043e\u0434\u0430\u0432\u0430\u0442\u0435\u043b\u044c \u2013 \u043b\u0438\u0434\u0435\u0440 \u0443\u043d\u0438\u0432\u0435\u0440\u0441\u0438\u0442\u0435\u0442\u00bb<\/a>\u00a0(23.09.2016)<\/em><\/span><\/p>\n<p><iframe src=\"https:\/\/www.youtube.com\/embed\/SDYRCslX5Ig\" width=\"475\" height=\"267\" frameborder=\"0\" allowfullscreen=\"allowfullscreen\"><\/iframe><\/p>\n","protected":false},"excerpt":{"rendered":"<p>\u0414\u0438\u0440\u0435\u043a\u0442\u043e\u0440 \u0426\u0435\u043d\u0442\u0440\u0430\u00a0 \u0437\u0430\u043e\u0447\u043d\u043e\u0433\u043e \u0438 \u0434\u043e\u043f\u043e\u043b\u043d\u0438\u0442\u0435\u043b\u044c\u043d\u043e\u0433\u043e \u043e\u0431\u0440\u0430\u0437\u043e\u0432\u0430\u043d\u0438\u044f, \u0441\u0442.\u043f\u0440\u0435\u043f. \u0422\u0430\u043d\u0440\u044b\u0432\u0435\u0440\u0434\u0438\u0435\u0432 \u0421\u0430\u0431\u0443\u0445\u0438 \u041c\u0438\u043b\u0430\u0434\u0434\u0438\u043d \u043e\u0433\u043b\u044b\u00a0 e-mail:sabuhi.tanriverdiyev@unec.edu.az; sabuhitanriverdiyev@gmail.com &nbsp; \u0420\u043e\u0434\u0438\u043b\u0441\u044f 4 \u0438\u044e\u043d\u044f 1979 \u0433\u043e\u0434\u0430 \u0432 \u0440\u0430\u0439\u043e\u043d\u0435 \u041c\u0430\u0441\u0438\u0441 \u0410\u0440\u043c\u044f\u043d\u0441\u043a\u043e\u0439 \u0421\u0421\u0420. \u0412 2001-2004 \u0433\u043e\u0434\u0430\u0445 \u0431\u044b\u043b \u043e\u0447\u043d\u044b\u043c \u0430\u0441\u043f\u0438\u0440\u0430\u043d\u0442\u043e\u043c\u00a0 \u043a\u0430\u0444\u0435\u0434\u0440\u044b \u00ab\u0413\u043e\u0441\u0443\u0434\u0430\u0440\u0441\u0442\u0432\u0435\u043d\u043d\u043e\u0435 \u0440\u0435\u0433\u0443\u043b\u0438\u0440\u043e\u0432\u0430\u043d\u0438\u0435 \u044d\u043a\u043e\u043d\u043e\u043c\u0438\u043a\u0438\u00bb \u0410\u0437\u0435\u0440\u0431\u0430\u0439\u0434\u0436\u0430\u043d\u0441\u043a\u043e\u0433\u043e \u0433\u043e\u0441\u0443\u0434\u0430\u0440\u0441\u0442\u0432\u0435\u043d\u043d\u043e\u0433\u043e \u044d\u043a\u043e\u043d\u043e\u043c\u0438\u0447\u0435\u0441\u043a\u043e\u0433\u043e \u0443\u043d\u0438\u0432\u0435\u0440\u0441\u0438\u0442\u0435\u0442\u0430. \u0410\u0432\u0442\u043e\u0440 \u0431\u043e\u043b\u0435\u0435 15 \u043d\u0430\u0443\u0447\u043d\u044b\u0445 \u0441\u0442\u0430\u0442\u0435\u0439, \u043f\u043e\u0441\u0432\u044f\u0449\u0435\u043d\u043d\u044b\u0445 \u0432\u043e\u043f\u0440\u043e\u0441\u0430\u043c \u043f\u0440\u0430\u0432\u043e\u0432\u043e\u0433\u043e \u0440\u0435\u0433\u0443\u043b\u0438\u0440\u043e\u0432\u0430\u043d\u0438\u044f \u043c\u0435\u0436\u0434\u0443\u043d\u0430\u0440\u043e\u0434\u043d\u044b\u0445 \u044d\u043a\u043e\u043d\u043e\u043c\u0438\u0447\u0435\u0441\u043a\u0438\u0445 \u043e\u0442\u043d\u043e\u0448\u0435\u043d\u0438\u0439 \u0438 \u0432 \u0446\u0435\u043b\u043e\u043c \u0440\u0435\u0433\u0443\u043b\u0438\u0440\u043e\u0432\u0430\u043d\u0438\u044f \u044d\u043a\u043e\u043d\u043e\u043c\u0438\u043a\u0438, [&hellip;]<\/p>\n","protected":false},"author":10,"featured_media":0,"parent":0,"menu_order":0,"comment_status":"open","ping_status":"open","template":"","meta":{"footnotes":""},"class_list":["post-28356","page","type-page","status-publish","hentry"],"_links":{"self":[{"href":"http:\/\/unec.edu.az\/ru\/wp-json\/wp\/v2\/pages\/28356","targetHints":{"allow":["GET"]}}],"collection":[{"href":"http:\/\/unec.edu.az\/ru\/wp-json\/wp\/v2\/pages"}],"about":[{"href":"http:\/\/unec.edu.az\/ru\/wp-json\/wp\/v2\/types\/page"}],"author":[{"embeddable":true,"href":"http:\/\/unec.edu.az\/ru\/wp-json\/wp\/v2\/users\/10"}],"replies":[{"embeddable":true,"href":"http:\/\/unec.edu.az\/ru\/wp-json\/wp\/v2\/comments?post=28356"}],"version-history":[{"count":35,"href":"http:\/\/unec.edu.az\/ru\/wp-json\/wp\/v2\/pages\/28356\/revisions"}],"predecessor-version":[{"id":174527,"href":"http:\/\/unec.edu.az\/ru\/wp-json\/wp\/v2\/pages\/28356\/revisions\/174527"}],"wp:attachment":[{"href":"http:\/\/unec.edu.az\/ru\/wp-json\/wp\/v2\/media?parent=28356"}],"curies":[{"name":"wp","href":"https:\/\/api.w.org\/{rel}","templated":true}]}}