{"id":29727,"date":"2015-12-01T12:35:23","date_gmt":"2015-12-01T08:35:23","guid":{"rendered":"https:\/\/unec.edu.az\/issledovanie\/kafedralar\/beynelxalq-iqtisadiyyat-ingilisdilli\/"},"modified":"2025-01-14T13:26:02","modified_gmt":"2025-01-14T09:26:02","slug":"beynelxalq-iqtisadiyyat-ingilisdilli","status":"publish","type":"page","link":"http:\/\/unec.edu.az\/ru\/issledovanie\/kafedralar\/beynelxalq-iqtisadiyyat-ingilisdilli\/","title":{"rendered":"\u041c\u0415\u0416\u0414\u0423\u041d\u0410\u0420\u041e\u0414\u041d\u0410\u042f \u042d\u041a\u041e\u041d\u041e\u041c\u0418\u041a\u0410 \u0418 \u0411\u0418\u0417\u041d\u0415\u0421"},"content":{"rendered":"<p><span style=\"color: #ffffff;\">\u00a0\u0130QT\u0130SAD\u0130YAT<\/span><\/p>\n<table style=\"height: 115px; width: 100%;\" width=\"543\">\n<tbody>\n<tr style=\"height: 115px;\">\n<td style=\"height: 115px;\">\n<h4><span style=\"color: #ffffff;\">\u0417\u0430\u0432.\u043a\u0430\u0444\u0435\u0434\u0440\u0430:<\/span><\/h4>\n<p><em><span style=\"color: #000000;\"><span style=\"color: #000000;\"><span style=\"font-size: 12pt;\">\u0410\u0434\u0440\u0435\u0441: \u0411\u0430\u043a\u0443, \u0418\u0441\u0442\u0438\u0433\u043b\u0430\u043b\u0438\u044f\u0442, 6 (I \u043a\u043e\u0440\u043f\u0443\u0441)<br \/>\n<\/span><\/span><\/span><span style=\"color: #000000;\"><span style=\"color: #000000;\"><span style=\"font-size: 12pt;\">\u0422\u0435\u043b\u0435\u0444\u043e\u043d:\u00a0<\/span><\/span>+(994)12\u00a0492-98-62;\u00a0\u00a0+(994)12\u00a0492-598-03 (11-43)<\/span><\/em><\/td>\n<\/tr>\n<\/tbody>\n<\/table>\n<p><span style=\"color: #ffffff;\">\u00a0\u0130QT\u0130SAD\u0130YYAT<\/span><br \/>\n<a class=\"fancybox-thumb\" href=\"https:\/\/unec.edu.az\/application\/uploads\/2016\/12\/1-20161216_101959.jpg\" rel=\"fancybox-thumb\"><img decoding=\"async\" class=\"fancybox-margin alignnone wp-image-76496 \" title=\"\u201cPraktik m\u0259sl\u0259h\u0259tl\u0259r \u00fc\u00e7\u00fcn regional sessiya\u201d m\u00f6vzusunda seminar UNEC-d\u0259 davam edib (16.12.2016)\" src=\"https:\/\/unec.edu.az\/application\/uploads\/2016\/12\/1-20161216_101959-300x200.jpg\" alt=\"1-20161216_101959\" width=\"194\" height=\"129\" srcset=\"http:\/\/unec.edu.az\/application\/uploads\/2016\/12\/1-20161216_101959-300x200.jpg 300w, http:\/\/unec.edu.az\/application\/uploads\/2016\/12\/1-20161216_101959.jpg 800w\" sizes=\"(max-width: 194px) 100vw, 194px\" \/><\/a><a class=\"fancybox-thumb\" href=\"https:\/\/unec.edu.az\/application\/uploads\/2015\/12\/iqtisadiyyat16520577_n.jpg\" rel=\"fancybox-thumb\"><img decoding=\"async\" class=\"fancybox-margin alignnone wp-image-35133 \" src=\"https:\/\/unec.edu.az\/application\/uploads\/2015\/12\/iqtisadiyyat16520577_n-300x178.jpg\" alt=\"iqtisadiyyat16520577_n\" width=\"217\" height=\"129\" srcset=\"http:\/\/unec.edu.az\/application\/uploads\/2015\/12\/iqtisadiyyat16520577_n-300x178.jpg 300w, http:\/\/unec.edu.az\/application\/uploads\/2015\/12\/iqtisadiyyat16520577_n.jpg 800w\" sizes=\"(max-width: 217px) 100vw, 217px\" \/><\/a> <a class=\"fancybox-thumb\" href=\"https:\/\/unec.edu.az\/application\/uploads\/2015\/12\/iqtisadiyyatIMG_1352.jpg\" rel=\"fancybox-thumb\"><img decoding=\"async\" class=\"fancybox-margin alignnone wp-image-35134 \" src=\"https:\/\/unec.edu.az\/application\/uploads\/2015\/12\/iqtisadiyyatIMG_1352-300x225.jpg\" alt=\"iqtisadiyyatIMG_1352\" width=\"171\" height=\"128\" srcset=\"http:\/\/unec.edu.az\/application\/uploads\/2015\/12\/iqtisadiyyatIMG_1352-300x225.jpg 300w, http:\/\/unec.edu.az\/application\/uploads\/2015\/12\/iqtisadiyyatIMG_1352-430x320.jpg 430w, http:\/\/unec.edu.az\/application\/uploads\/2015\/12\/iqtisadiyyatIMG_1352-630x470.jpg 630w, http:\/\/unec.edu.az\/application\/uploads\/2015\/12\/iqtisadiyyatIMG_1352.jpg 800w\" sizes=\"(max-width: 171px) 100vw, 171px\" \/><\/a> <a class=\"fancybox-thumb\" href=\"https:\/\/unec.edu.az\/application\/uploads\/2015\/12\/iqtisadiyyatIMG_1378.jpg\" rel=\"fancybox-thumb\"><img loading=\"lazy\" decoding=\"async\" class=\"fancybox-margin  alignnone wp-image-35135\" src=\"https:\/\/unec.edu.az\/application\/uploads\/2015\/12\/iqtisadiyyatIMG_1378-300x225.jpg\" alt=\"iqtisadiyyatIMG_1378\" width=\"173\" height=\"130\" srcset=\"http:\/\/unec.edu.az\/application\/uploads\/2015\/12\/iqtisadiyyatIMG_1378-300x225.jpg 300w, http:\/\/unec.edu.az\/application\/uploads\/2015\/12\/iqtisadiyyatIMG_1378-430x320.jpg 430w, http:\/\/unec.edu.az\/application\/uploads\/2015\/12\/iqtisadiyyatIMG_1378-630x470.jpg 630w, http:\/\/unec.edu.az\/application\/uploads\/2015\/12\/iqtisadiyyatIMG_1378.jpg 800w\" sizes=\"(max-width: 173px) 100vw, 173px\" \/><\/a><a class=\"fancybox-thumb\" href=\"https:\/\/unec.edu.az\/application\/uploads\/2016\/11\/IMG_0590.jpg\" rel=\"fancybox-thumb\"><img loading=\"lazy\" decoding=\"async\" class=\"fancybox-margin alignnone wp-image-71428\" title=\"UNEC m\u00fc\u0259llimi Siegen Universitetind\u0259 m\u00fchazir\u0259 ke\u00e7ib (10.11.2016)\" src=\"https:\/\/unec.edu.az\/application\/uploads\/2016\/11\/IMG_0590-300x200.jpg\" alt=\"IMG_0590\" width=\"195\" height=\"130\" srcset=\"http:\/\/unec.edu.az\/application\/uploads\/2016\/11\/IMG_0590-300x200.jpg 300w, http:\/\/unec.edu.az\/application\/uploads\/2016\/11\/IMG_0590.jpg 800w\" sizes=\"(max-width: 195px) 100vw, 195px\" \/><\/a><\/p>\n","protected":false},"excerpt":{"rendered":"<p>\u00a0\u0130QT\u0130SAD\u0130YAT \u0417\u0430\u0432.\u043a\u0430\u0444\u0435\u0434\u0440\u0430: \u0410\u0434\u0440\u0435\u0441: \u0411\u0430\u043a\u0443, \u0418\u0441\u0442\u0438\u0433\u043b\u0430\u043b\u0438\u044f\u0442, 6 (I \u043a\u043e\u0440\u043f\u0443\u0441) \u0422\u0435\u043b\u0435\u0444\u043e\u043d:\u00a0+(994)12\u00a0492-98-62;\u00a0\u00a0+(994)12\u00a0492-598-03 (11-43) \u00a0\u0130QT\u0130SAD\u0130YYAT<\/p>\n","protected":false},"author":10,"featured_media":0,"parent":3468,"menu_order":0,"comment_status":"open","ping_status":"open","template":"page-templates\/3columncontent.php","meta":{"footnotes":""},"class_list":["post-29727","page","type-page","status-publish","hentry"],"_links":{"self":[{"href":"http:\/\/unec.edu.az\/ru\/wp-json\/wp\/v2\/pages\/29727","targetHints":{"allow":["GET"]}}],"collection":[{"href":"http:\/\/unec.edu.az\/ru\/wp-json\/wp\/v2\/pages"}],"about":[{"href":"http:\/\/unec.edu.az\/ru\/wp-json\/wp\/v2\/types\/page"}],"author":[{"embeddable":true,"href":"http:\/\/unec.edu.az\/ru\/wp-json\/wp\/v2\/users\/10"}],"replies":[{"embeddable":true,"href":"http:\/\/unec.edu.az\/ru\/wp-json\/wp\/v2\/comments?post=29727"}],"version-history":[{"count":69,"href":"http:\/\/unec.edu.az\/ru\/wp-json\/wp\/v2\/pages\/29727\/revisions"}],"predecessor-version":[{"id":442846,"href":"http:\/\/unec.edu.az\/ru\/wp-json\/wp\/v2\/pages\/29727\/revisions\/442846"}],"up":[{"embeddable":true,"href":"http:\/\/unec.edu.az\/ru\/wp-json\/wp\/v2\/pages\/3468"}],"wp:attachment":[{"href":"http:\/\/unec.edu.az\/ru\/wp-json\/wp\/v2\/media?parent=29727"}],"curies":[{"name":"wp","href":"https:\/\/api.w.org\/{rel}","templated":true}]}}